{"id":726,"date":"2024-05-17T06:24:06","date_gmt":"2024-05-17T06:24:06","guid":{"rendered":"https:\/\/demo.shrinkwaterindia.com\/?post_type=product&#038;p=726"},"modified":"2025-06-18T09:48:32","modified_gmt":"2025-06-18T09:48:32","slug":"kart-pro","status":"publish","type":"product","link":"https:\/\/daltec.ch\/de\/product\/kart-pro","title":{"rendered":"Daltec Kart PRO, 3600x1520x1900 mm, 2000 Kg"},"content":{"rendered":"<p><em><strong>Preis: Siehe Preisliste auf Startseite<\/strong><\/em><\/p>\n<p>Mit diesem Anh\u00e4nger habt ihr das Gef\u00fchl jedes Rennen gewinnen zu k\u00f6nnen. Professionell ausgestattet. Hinten befinden sich 3 Ebene f\u00fcr die Fahrzeuge mit einer Traglast von 500 Kg und vorne ist genug Platz f\u00fcr Reifen, Werkzeuge, usw. Einen elektrischer Ladelift dient zum heben der Go-Karts. Die Aussenbeschriftung kann nach ihren W\u00fcnschen dirtekt bei uns bestellt werden. Um bis zu 3 Karts zu transportieren.-<\/p>\n<h4>Serienausstattung:<\/h4>\n<p>Fahrgestell: Grundrahmen feuerverzinkt, verschweisst und verschraubt Fixe Aluschienen f\u00fcr obere Etage 2x V-Anh\u00e4ngervorrichtung Abreissleine Kugelkupplung St\u00fctzrad vorne Kotschutz aus Blech Achse: 2x Achse Al-Ko\/Knott Handbremse und R\u00fcckfahrautomatik Aufbau: Kunststoffplatte weiss mit Alurahmen Am heck, Elektromechanischer Fahrzeuglift mit Kasten und Batterie Mehrfach verstellbares und abklappbares Gestell zum verladen von 3 Go-Karts \u00fcbereinander 3 Ebenen &#8211; Tragkraft 500 Kg Innenbeleuchtung 12\/240V Dachlucke 1 Personent\u00fcre rechts Im Frontraum Gestell f\u00fcr Reifen, Motoren und Werkzeug Bodenplatte: Siebdruckplatte 15 mm Beleuchtungsanlage: Nach Normen der StVO 12 V, 13 Pol-Stecker<\/p>\n","protected":false},"excerpt":{"rendered":"<h5><span style=\"color: #ff6600;\"><em>Preis: Siehe Preisliste auf Startseite<\/em><\/span><\/h5>\n<p>Bringen Sie Ihr Hobby auf professionelle Ebene!<\/p>\n<h4>Technische Daten:<\/h4>\n<table class=\"table\">\n<tbody>\n<tr>\n<th>L\u00e4nge<\/th>\n<td>3800 <small>mm<\/small><\/td>\n<\/tr>\n<tr>\n<th>Breite<\/th>\n<td>1520<small>mm<\/small><\/td>\n<\/tr>\n<tr>\n<th>H\u00f6he<\/th>\n<td>1900 <small>mm<\/small><\/td>\n<\/tr>\n<tr>\n<th>Achsen<\/th>\n<td>2<small><\/small><\/td>\n<\/tr>\n<tr>\n<th>Gesamtgewicht<\/th>\n<td>2000 <small>kg<\/small><\/td>\n<\/tr>\n<tr>\n<th>Nutzlast<\/th>\n<td>1100 <small>kg<\/small><\/td>\n<\/tr>\n<tr>\n<th>R\u00e4der<\/th>\n<td>195\/50 R 13 C<\/td>\n<\/tr>\n<\/tbody>\n<\/table>\n<h6>Optionen<\/h6>\n<table>\n<tbody>\n<tr>\n<td>Seite aufklappbar<\/td>\n<td>1960 CHF<\/td>\n<\/tr>\n<tr>\n<td>Werbedekoration, Daltec Grafik<\/td>\n<td>1640 CHF<\/td>\n<\/tr>\n<\/tbody>\n<\/table>\n","protected":false},"featured_media":728,"comment_status":"open","ping_status":"closed","template":"","meta":{"_acf_changed":false},"product_brand":[],"product_cat":[230,22],"product_tag":[],"class_list":{"0":"post-726","1":"product","2":"type-product","3":"status-publish","4":"has-post-thumbnail","6":"product_cat-karttransportanhaenger","7":"product_cat-sportgeraete-transportanhaenger","9":"first","10":"instock","11":"featured","12":"shipping-taxable","13":"purchasable","14":"product-type-simple"},"acf":[],"yoast_head":"<!-- This site is optimized with the Yoast SEO plugin v27.2 - https:\/\/yoast.com\/product\/yoast-seo-wordpress\/ -->\n<title>Daltec Kart PRO, 3600x1520x1900 mm, 2000 Kg - Daltec<\/title>\n<meta name=\"robots\" content=\"index, follow, max-snippet:-1, max-image-preview:large, max-video-preview:-1\" \/>\n<link rel=\"canonical\" href=\"https:\/\/daltec.ch\/de\/product\/kart-pro\/\" \/>\n<meta property=\"og:locale\" content=\"de_DE\" \/>\n<meta property=\"og:type\" content=\"article\" \/>\n<meta property=\"og:title\" content=\"Daltec Kart PRO, 3600x1520x1900 mm, 2000 Kg - Daltec\" \/>\n<meta property=\"og:description\" content=\"Preis: Siehe Preisliste auf Startseite Bringen Sie Ihr Hobby auf professionelle Ebene! Technische Daten:    L\u00e4nge 3800 mm   Breite 1520mm   H\u00f6he 1900 mm   Achsen 2   Gesamtgewicht 2000 kg   Nutzlast 1100 kg   R\u00e4der 195\/50 R 13 C    Optionen    Seite aufklappbar 1960 CHF   Werbedekoration, Daltec Grafik 1640 CHF\" \/>\n<meta property=\"og:url\" content=\"https:\/\/daltec.ch\/de\/product\/kart-pro\/\" \/>\n<meta property=\"og:site_name\" content=\"Daltec\" \/>\n<meta property=\"article:publisher\" content=\"https:\/\/www.facebook.com\/DaltecAG\" \/>\n<meta property=\"article:modified_time\" content=\"2025-06-18T09:48:32+00:00\" \/>\n<meta property=\"og:image\" content=\"https:\/\/daltec.ch\/wp-content\/uploads\/2024\/05\/Kart-Pro.png\" \/>\n\t<meta property=\"og:image:width\" content=\"679\" \/>\n\t<meta property=\"og:image:height\" content=\"679\" \/>\n\t<meta property=\"og:image:type\" content=\"image\/png\" \/>\n<meta name=\"twitter:card\" content=\"summary_large_image\" \/>\n<meta name=\"twitter:label1\" content=\"Gesch\u00e4tzte Lesezeit\" \/>\n\t<meta name=\"twitter:data1\" content=\"1\u00a0Minute\" \/>\n<script type=\"application\/ld+json\" class=\"yoast-schema-graph\">{\"@context\":\"https:\/\/schema.org\",\"@graph\":[{\"@type\":\"WebPage\",\"@id\":\"https:\/\/daltec.ch\/product\/kart-pro\",\"url\":\"https:\/\/daltec.ch\/product\/kart-pro\",\"name\":\"Daltec Kart PRO, 3600x1520x1900 mm, 2000 Kg - Daltec\",\"isPartOf\":{\"@id\":\"https:\/\/daltec.ch\/fr\/#website\"},\"primaryImageOfPage\":{\"@id\":\"https:\/\/daltec.ch\/product\/kart-pro#primaryimage\"},\"image\":{\"@id\":\"https:\/\/daltec.ch\/product\/kart-pro#primaryimage\"},\"thumbnailUrl\":\"https:\/\/daltec.ch\/wp-content\/uploads\/2024\/05\/Kart-Pro.png\",\"datePublished\":\"2024-05-17T06:24:06+00:00\",\"dateModified\":\"2025-06-18T09:48:32+00:00\",\"breadcrumb\":{\"@id\":\"https:\/\/daltec.ch\/product\/kart-pro#breadcrumb\"},\"inLanguage\":\"de-CH\",\"potentialAction\":[{\"@type\":\"ReadAction\",\"target\":[\"https:\/\/daltec.ch\/product\/kart-pro\"]}]},{\"@type\":\"ImageObject\",\"inLanguage\":\"de-CH\",\"@id\":\"https:\/\/daltec.ch\/product\/kart-pro#primaryimage\",\"url\":\"https:\/\/daltec.ch\/wp-content\/uploads\/2024\/05\/Kart-Pro.png\",\"contentUrl\":\"https:\/\/daltec.ch\/wp-content\/uploads\/2024\/05\/Kart-Pro.png\",\"width\":679,\"height\":679},{\"@type\":\"BreadcrumbList\",\"@id\":\"https:\/\/daltec.ch\/product\/kart-pro#breadcrumb\",\"itemListElement\":[{\"@type\":\"ListItem\",\"position\":1,\"name\":\"Startseite\",\"item\":\"https:\/\/daltec.ch\/\"},{\"@type\":\"ListItem\",\"position\":2,\"name\":\"anhaenger\",\"item\":\"https:\/\/daltec.ch\/anhaenger\"},{\"@type\":\"ListItem\",\"position\":3,\"name\":\"Daltec Kart PRO, 3600x1520x1900 mm, 2000 Kg\"}]},{\"@type\":\"WebSite\",\"@id\":\"https:\/\/daltec.ch\/fr\/#website\",\"url\":\"https:\/\/daltec.ch\/fr\/\",\"name\":\"Daltec Trailers\",\"description\":\"\",\"publisher\":{\"@id\":\"https:\/\/daltec.ch\/fr\/#organization\"},\"potentialAction\":[{\"@type\":\"SearchAction\",\"target\":{\"@type\":\"EntryPoint\",\"urlTemplate\":\"https:\/\/daltec.ch\/fr\/?s={search_term_string}\"},\"query-input\":{\"@type\":\"PropertyValueSpecification\",\"valueRequired\":true,\"valueName\":\"search_term_string\"}}],\"inLanguage\":\"de-CH\"},{\"@type\":\"Organization\",\"@id\":\"https:\/\/daltec.ch\/fr\/#organization\",\"name\":\"Daltec AG\",\"url\":\"https:\/\/daltec.ch\/fr\/\",\"logo\":{\"@type\":\"ImageObject\",\"inLanguage\":\"de-CH\",\"@id\":\"https:\/\/daltec.ch\/fr\/#\/schema\/logo\/image\/\",\"url\":\"https:\/\/daltec.ch\/wp-content\/uploads\/2025\/08\/dlteclogo.webp\",\"contentUrl\":\"https:\/\/daltec.ch\/wp-content\/uploads\/2025\/08\/dlteclogo.webp\",\"width\":500,\"height\":195,\"caption\":\"Daltec AG\"},\"image\":{\"@id\":\"https:\/\/daltec.ch\/fr\/#\/schema\/logo\/image\/\"},\"sameAs\":[\"https:\/\/www.facebook.com\/DaltecAG\"]}]}<\/script>\n<!-- \/ Yoast SEO plugin. -->","yoast_head_json":{"title":"Daltec Kart PRO, 3600x1520x1900 mm, 2000 Kg - Daltec","robots":{"index":"index","follow":"follow","max-snippet":"max-snippet:-1","max-image-preview":"max-image-preview:large","max-video-preview":"max-video-preview:-1"},"canonical":"https:\/\/daltec.ch\/de\/product\/kart-pro\/","og_locale":"de_DE","og_type":"article","og_title":"Daltec Kart PRO, 3600x1520x1900 mm, 2000 Kg - Daltec","og_description":"Preis: Siehe Preisliste auf Startseite Bringen Sie Ihr Hobby auf professionelle Ebene! Technische Daten:    L\u00e4nge 3800 mm   Breite 1520mm   H\u00f6he 1900 mm   Achsen 2   Gesamtgewicht 2000 kg   Nutzlast 1100 kg   R\u00e4der 195\/50 R 13 C    Optionen    Seite aufklappbar 1960 CHF   Werbedekoration, Daltec Grafik 1640 CHF","og_url":"https:\/\/daltec.ch\/de\/product\/kart-pro\/","og_site_name":"Daltec","article_publisher":"https:\/\/www.facebook.com\/DaltecAG","article_modified_time":"2025-06-18T09:48:32+00:00","og_image":[{"width":679,"height":679,"url":"https:\/\/daltec.ch\/wp-content\/uploads\/2024\/05\/Kart-Pro.png","type":"image\/png"}],"twitter_card":"summary_large_image","twitter_misc":{"Gesch\u00e4tzte Lesezeit":"1\u00a0Minute"},"schema":{"@context":"https:\/\/schema.org","@graph":[{"@type":"WebPage","@id":"https:\/\/daltec.ch\/product\/kart-pro","url":"https:\/\/daltec.ch\/product\/kart-pro","name":"Daltec Kart PRO, 3600x1520x1900 mm, 2000 Kg - Daltec","isPartOf":{"@id":"https:\/\/daltec.ch\/fr\/#website"},"primaryImageOfPage":{"@id":"https:\/\/daltec.ch\/product\/kart-pro#primaryimage"},"image":{"@id":"https:\/\/daltec.ch\/product\/kart-pro#primaryimage"},"thumbnailUrl":"https:\/\/daltec.ch\/wp-content\/uploads\/2024\/05\/Kart-Pro.png","datePublished":"2024-05-17T06:24:06+00:00","dateModified":"2025-06-18T09:48:32+00:00","breadcrumb":{"@id":"https:\/\/daltec.ch\/product\/kart-pro#breadcrumb"},"inLanguage":"de-CH","potentialAction":[{"@type":"ReadAction","target":["https:\/\/daltec.ch\/product\/kart-pro"]}]},{"@type":"ImageObject","inLanguage":"de-CH","@id":"https:\/\/daltec.ch\/product\/kart-pro#primaryimage","url":"https:\/\/daltec.ch\/wp-content\/uploads\/2024\/05\/Kart-Pro.png","contentUrl":"https:\/\/daltec.ch\/wp-content\/uploads\/2024\/05\/Kart-Pro.png","width":679,"height":679},{"@type":"BreadcrumbList","@id":"https:\/\/daltec.ch\/product\/kart-pro#breadcrumb","itemListElement":[{"@type":"ListItem","position":1,"name":"Startseite","item":"https:\/\/daltec.ch\/"},{"@type":"ListItem","position":2,"name":"anhaenger","item":"https:\/\/daltec.ch\/anhaenger"},{"@type":"ListItem","position":3,"name":"Daltec Kart PRO, 3600x1520x1900 mm, 2000 Kg"}]},{"@type":"WebSite","@id":"https:\/\/daltec.ch\/fr\/#website","url":"https:\/\/daltec.ch\/fr\/","name":"Daltec Trailers","description":"","publisher":{"@id":"https:\/\/daltec.ch\/fr\/#organization"},"potentialAction":[{"@type":"SearchAction","target":{"@type":"EntryPoint","urlTemplate":"https:\/\/daltec.ch\/fr\/?s={search_term_string}"},"query-input":{"@type":"PropertyValueSpecification","valueRequired":true,"valueName":"search_term_string"}}],"inLanguage":"de-CH"},{"@type":"Organization","@id":"https:\/\/daltec.ch\/fr\/#organization","name":"Daltec AG","url":"https:\/\/daltec.ch\/fr\/","logo":{"@type":"ImageObject","inLanguage":"de-CH","@id":"https:\/\/daltec.ch\/fr\/#\/schema\/logo\/image\/","url":"https:\/\/daltec.ch\/wp-content\/uploads\/2025\/08\/dlteclogo.webp","contentUrl":"https:\/\/daltec.ch\/wp-content\/uploads\/2025\/08\/dlteclogo.webp","width":500,"height":195,"caption":"Daltec AG"},"image":{"@id":"https:\/\/daltec.ch\/fr\/#\/schema\/logo\/image\/"},"sameAs":["https:\/\/www.facebook.com\/DaltecAG"]}]}},"_links":{"self":[{"href":"https:\/\/daltec.ch\/de\/wp-json\/wp\/v2\/product\/726","targetHints":{"allow":["GET"]}}],"collection":[{"href":"https:\/\/daltec.ch\/de\/wp-json\/wp\/v2\/product"}],"about":[{"href":"https:\/\/daltec.ch\/de\/wp-json\/wp\/v2\/types\/product"}],"replies":[{"embeddable":true,"href":"https:\/\/daltec.ch\/de\/wp-json\/wp\/v2\/comments?post=726"}],"wp:featuredmedia":[{"embeddable":true,"href":"https:\/\/daltec.ch\/de\/wp-json\/wp\/v2\/media\/728"}],"wp:attachment":[{"href":"https:\/\/daltec.ch\/de\/wp-json\/wp\/v2\/media?parent=726"}],"wp:term":[{"taxonomy":"product_brand","embeddable":true,"href":"https:\/\/daltec.ch\/de\/wp-json\/wp\/v2\/product_brand?post=726"},{"taxonomy":"product_cat","embeddable":true,"href":"https:\/\/daltec.ch\/de\/wp-json\/wp\/v2\/product_cat?post=726"},{"taxonomy":"product_tag","embeddable":true,"href":"https:\/\/daltec.ch\/de\/wp-json\/wp\/v2\/product_tag?post=726"}],"curies":[{"name":"wp","href":"https:\/\/api.w.org\/{rel}","templated":true}]}}