{"id":849,"date":"2024-06-12T09:27:22","date_gmt":"2024-06-12T09:27:22","guid":{"rendered":"https:\/\/demo.shrinkwaterindia.com\/?post_type=product&#038;p=849"},"modified":"2025-06-18T09:45:08","modified_gmt":"2025-06-18T09:45:08","slug":"vz-moto-2-b","status":"publish","type":"product","link":"https:\/\/daltec.ch\/de\/product\/vz-moto-2-b","title":{"rendered":"Daltec VZ Moto 2, 2060&#215;1095 mm, 750 Kg"},"content":{"rendered":"<p><em><strong>Preis: Siehe Preisliste auf Startseite<\/strong><\/em><\/p>\n<p>Ungebremster Freizeitanh\u00e4nger &#8211; Bis zu zwei Maschinen k\u00f6nnen damit g\u00fcnstig und einfach verladen und transportiert werden!\u00a0Jede F\u00fchrungsrampe hat eine eigene Halterung f\u00fcr das Vorderrad des Motorrades mit vielen Einstellungen.\u00a0Auf dem Anh\u00e4ngerrahmen befinden sich Verankerungs\u00f6sen, um das transportierte Motorrad zu sichern.<\/p>\n<p><strong>Serienausstattung:<\/strong><br \/>\nFahrgestell: Grundrahmen feuerverzinkt, verschweisst und verschraubt, Zentrale Rundrohrdeichsel verzinkt, Kugelkupplung, Sicherheitskette, St\u00fctzfuss, Kotschutz aus Kunststoff Achsen: Achse AL-KO\/Knott Br\u00fcckenaufbau verzinkt: Rad-Schiene mit verstellbarem B\u00fcgel, Verladerampe, 4 Binderinge Beleuchtungsanlage: Nach Normen der StVO; 12 V, 13 Pol-Stecker<\/p>\n","protected":false},"excerpt":{"rendered":"<h5>Preis: Siehe Preisliste auf Startseite<\/h5>\n<p>Sicheren Transport f\u00fcr Ihre Motorr\u00e4der!<\/p>\n<h4>Technische Daten:<\/h4>\n<table class=\"table\">\n<tbody>\n<tr>\n<th>L\u00e4nge<\/th>\n<td>2060 <small>mm<\/small><\/td>\n<\/tr>\n<tr>\n<th>Breite<\/th>\n<td>1095 <small>mm<\/small><\/td>\n<\/tr>\n<tr>\n<th>H\u00f6he<\/th>\n<td>0 <small>mm<\/small><\/td>\n<\/tr>\n<tr>\n<th>Achsen<\/th>\n<td>1<small><\/small><\/td>\n<\/tr>\n<tr>\n<th>Gesamtgewicht<\/th>\n<td>750 <small>kg<\/small><\/td>\n<\/tr>\n<tr>\n<th>Nutzlast<\/th>\n<td>590 <small>kg<\/small><\/td>\n<\/tr>\n<tr>\n<th>R\u00e4der<\/th>\n<td>165\/70 R 13\u00a0<small><\/small><\/td>\n<\/tr>\n<\/tbody>\n<\/table>\n<h4>Optionen:<\/h4>\n<table>\n<tbody>\n<tr>\n<td>Klemmst\u00fctzfuss, Paar<\/td>\n<td>100 CHF<\/td>\n<\/tr>\n<tr>\n<td>Radwippe f\u00fcr Motorr\u00e4der<\/td>\n<td>110 CHF<\/td>\n<\/tr>\n<\/tbody>\n<\/table>\n","protected":false},"featured_media":2883,"comment_status":"open","ping_status":"closed","template":"","meta":{"_acf_changed":false},"product_brand":[],"product_cat":[228,22],"product_tag":[],"class_list":{"0":"post-849","1":"product","2":"type-product","3":"status-publish","4":"has-post-thumbnail","6":"product_cat-motorratransportanhaenger-offen","7":"product_cat-sportgeraete-transportanhaenger","9":"first","10":"instock","11":"shipping-taxable","12":"purchasable","13":"product-type-simple"},"acf":[],"yoast_head":"<!-- This site is optimized with the Yoast SEO plugin v27.2 - https:\/\/yoast.com\/product\/yoast-seo-wordpress\/ -->\n<title>Daltec VZ Moto 2, 2060x1095 mm, 750 Kg - Daltec<\/title>\n<meta name=\"robots\" content=\"index, follow, max-snippet:-1, max-image-preview:large, max-video-preview:-1\" \/>\n<link rel=\"canonical\" href=\"https:\/\/daltec.ch\/de\/product\/vz-moto-2-b\/\" \/>\n<meta property=\"og:locale\" content=\"de_DE\" \/>\n<meta property=\"og:type\" content=\"article\" \/>\n<meta property=\"og:title\" content=\"Daltec VZ Moto 2, 2060x1095 mm, 750 Kg - Daltec\" \/>\n<meta property=\"og:description\" content=\"Preis: Siehe Preisliste auf Startseite Sicheren Transport f\u00fcr Ihre Motorr\u00e4der! Technische Daten:    L\u00e4nge 2060 mm   Breite 1095 mm   H\u00f6he 0 mm   Achsen 1   Gesamtgewicht 750 kg   Nutzlast 590 kg   R\u00e4der 165\/70 R 13\u00a0    Optionen:    Klemmst\u00fctzfuss, Paar 100 CHF   Radwippe f\u00fcr Motorr\u00e4der 110 CHF\" \/>\n<meta property=\"og:url\" content=\"https:\/\/daltec.ch\/de\/product\/vz-moto-2-b\/\" \/>\n<meta property=\"og:site_name\" content=\"Daltec\" \/>\n<meta property=\"article:publisher\" content=\"https:\/\/www.facebook.com\/DaltecAG\" \/>\n<meta property=\"article:modified_time\" content=\"2025-06-18T09:45:08+00:00\" \/>\n<meta property=\"og:image\" content=\"https:\/\/daltec.ch\/wp-content\/uploads\/2024\/06\/vz_moto_2_1-scaled.png\" \/>\n\t<meta property=\"og:image:width\" content=\"2560\" \/>\n\t<meta property=\"og:image:height\" content=\"1596\" \/>\n\t<meta property=\"og:image:type\" content=\"image\/png\" \/>\n<meta name=\"twitter:card\" content=\"summary_large_image\" \/>\n<script type=\"application\/ld+json\" class=\"yoast-schema-graph\">{\"@context\":\"https:\/\/schema.org\",\"@graph\":[{\"@type\":\"WebPage\",\"@id\":\"https:\/\/daltec.ch\/product\/vz-moto-2-b\",\"url\":\"https:\/\/daltec.ch\/product\/vz-moto-2-b\",\"name\":\"Daltec VZ Moto 2, 2060x1095 mm, 750 Kg - Daltec\",\"isPartOf\":{\"@id\":\"https:\/\/daltec.ch\/fr\/#website\"},\"primaryImageOfPage\":{\"@id\":\"https:\/\/daltec.ch\/product\/vz-moto-2-b#primaryimage\"},\"image\":{\"@id\":\"https:\/\/daltec.ch\/product\/vz-moto-2-b#primaryimage\"},\"thumbnailUrl\":\"https:\/\/daltec.ch\/wp-content\/uploads\/2024\/06\/vz_moto_2_1-scaled.png\",\"datePublished\":\"2024-06-12T09:27:22+00:00\",\"dateModified\":\"2025-06-18T09:45:08+00:00\",\"breadcrumb\":{\"@id\":\"https:\/\/daltec.ch\/product\/vz-moto-2-b#breadcrumb\"},\"inLanguage\":\"de-CH\",\"potentialAction\":[{\"@type\":\"ReadAction\",\"target\":[\"https:\/\/daltec.ch\/product\/vz-moto-2-b\"]}]},{\"@type\":\"ImageObject\",\"inLanguage\":\"de-CH\",\"@id\":\"https:\/\/daltec.ch\/product\/vz-moto-2-b#primaryimage\",\"url\":\"https:\/\/daltec.ch\/wp-content\/uploads\/2024\/06\/vz_moto_2_1-scaled.png\",\"contentUrl\":\"https:\/\/daltec.ch\/wp-content\/uploads\/2024\/06\/vz_moto_2_1-scaled.png\",\"width\":2560,\"height\":1596},{\"@type\":\"BreadcrumbList\",\"@id\":\"https:\/\/daltec.ch\/product\/vz-moto-2-b#breadcrumb\",\"itemListElement\":[{\"@type\":\"ListItem\",\"position\":1,\"name\":\"Startseite\",\"item\":\"https:\/\/daltec.ch\/\"},{\"@type\":\"ListItem\",\"position\":2,\"name\":\"anhaenger\",\"item\":\"https:\/\/daltec.ch\/anhaenger\"},{\"@type\":\"ListItem\",\"position\":3,\"name\":\"Daltec VZ Moto 2, 2060&#215;1095 mm, 750 Kg\"}]},{\"@type\":\"WebSite\",\"@id\":\"https:\/\/daltec.ch\/fr\/#website\",\"url\":\"https:\/\/daltec.ch\/fr\/\",\"name\":\"Daltec Trailers\",\"description\":\"\",\"publisher\":{\"@id\":\"https:\/\/daltec.ch\/fr\/#organization\"},\"potentialAction\":[{\"@type\":\"SearchAction\",\"target\":{\"@type\":\"EntryPoint\",\"urlTemplate\":\"https:\/\/daltec.ch\/fr\/?s={search_term_string}\"},\"query-input\":{\"@type\":\"PropertyValueSpecification\",\"valueRequired\":true,\"valueName\":\"search_term_string\"}}],\"inLanguage\":\"de-CH\"},{\"@type\":\"Organization\",\"@id\":\"https:\/\/daltec.ch\/fr\/#organization\",\"name\":\"Daltec AG\",\"url\":\"https:\/\/daltec.ch\/fr\/\",\"logo\":{\"@type\":\"ImageObject\",\"inLanguage\":\"de-CH\",\"@id\":\"https:\/\/daltec.ch\/fr\/#\/schema\/logo\/image\/\",\"url\":\"https:\/\/daltec.ch\/wp-content\/uploads\/2025\/08\/dlteclogo.webp\",\"contentUrl\":\"https:\/\/daltec.ch\/wp-content\/uploads\/2025\/08\/dlteclogo.webp\",\"width\":500,\"height\":195,\"caption\":\"Daltec AG\"},\"image\":{\"@id\":\"https:\/\/daltec.ch\/fr\/#\/schema\/logo\/image\/\"},\"sameAs\":[\"https:\/\/www.facebook.com\/DaltecAG\"]}]}<\/script>\n<!-- \/ Yoast SEO plugin. -->","yoast_head_json":{"title":"Daltec VZ Moto 2, 2060x1095 mm, 750 Kg - Daltec","robots":{"index":"index","follow":"follow","max-snippet":"max-snippet:-1","max-image-preview":"max-image-preview:large","max-video-preview":"max-video-preview:-1"},"canonical":"https:\/\/daltec.ch\/de\/product\/vz-moto-2-b\/","og_locale":"de_DE","og_type":"article","og_title":"Daltec VZ Moto 2, 2060x1095 mm, 750 Kg - Daltec","og_description":"Preis: Siehe Preisliste auf Startseite Sicheren Transport f\u00fcr Ihre Motorr\u00e4der! Technische Daten:    L\u00e4nge 2060 mm   Breite 1095 mm   H\u00f6he 0 mm   Achsen 1   Gesamtgewicht 750 kg   Nutzlast 590 kg   R\u00e4der 165\/70 R 13\u00a0    Optionen:    Klemmst\u00fctzfuss, Paar 100 CHF   Radwippe f\u00fcr Motorr\u00e4der 110 CHF","og_url":"https:\/\/daltec.ch\/de\/product\/vz-moto-2-b\/","og_site_name":"Daltec","article_publisher":"https:\/\/www.facebook.com\/DaltecAG","article_modified_time":"2025-06-18T09:45:08+00:00","og_image":[{"width":2560,"height":1596,"url":"https:\/\/daltec.ch\/wp-content\/uploads\/2024\/06\/vz_moto_2_1-scaled.png","type":"image\/png"}],"twitter_card":"summary_large_image","schema":{"@context":"https:\/\/schema.org","@graph":[{"@type":"WebPage","@id":"https:\/\/daltec.ch\/product\/vz-moto-2-b","url":"https:\/\/daltec.ch\/product\/vz-moto-2-b","name":"Daltec VZ Moto 2, 2060x1095 mm, 750 Kg - Daltec","isPartOf":{"@id":"https:\/\/daltec.ch\/fr\/#website"},"primaryImageOfPage":{"@id":"https:\/\/daltec.ch\/product\/vz-moto-2-b#primaryimage"},"image":{"@id":"https:\/\/daltec.ch\/product\/vz-moto-2-b#primaryimage"},"thumbnailUrl":"https:\/\/daltec.ch\/wp-content\/uploads\/2024\/06\/vz_moto_2_1-scaled.png","datePublished":"2024-06-12T09:27:22+00:00","dateModified":"2025-06-18T09:45:08+00:00","breadcrumb":{"@id":"https:\/\/daltec.ch\/product\/vz-moto-2-b#breadcrumb"},"inLanguage":"de-CH","potentialAction":[{"@type":"ReadAction","target":["https:\/\/daltec.ch\/product\/vz-moto-2-b"]}]},{"@type":"ImageObject","inLanguage":"de-CH","@id":"https:\/\/daltec.ch\/product\/vz-moto-2-b#primaryimage","url":"https:\/\/daltec.ch\/wp-content\/uploads\/2024\/06\/vz_moto_2_1-scaled.png","contentUrl":"https:\/\/daltec.ch\/wp-content\/uploads\/2024\/06\/vz_moto_2_1-scaled.png","width":2560,"height":1596},{"@type":"BreadcrumbList","@id":"https:\/\/daltec.ch\/product\/vz-moto-2-b#breadcrumb","itemListElement":[{"@type":"ListItem","position":1,"name":"Startseite","item":"https:\/\/daltec.ch\/"},{"@type":"ListItem","position":2,"name":"anhaenger","item":"https:\/\/daltec.ch\/anhaenger"},{"@type":"ListItem","position":3,"name":"Daltec VZ Moto 2, 2060&#215;1095 mm, 750 Kg"}]},{"@type":"WebSite","@id":"https:\/\/daltec.ch\/fr\/#website","url":"https:\/\/daltec.ch\/fr\/","name":"Daltec Trailers","description":"","publisher":{"@id":"https:\/\/daltec.ch\/fr\/#organization"},"potentialAction":[{"@type":"SearchAction","target":{"@type":"EntryPoint","urlTemplate":"https:\/\/daltec.ch\/fr\/?s={search_term_string}"},"query-input":{"@type":"PropertyValueSpecification","valueRequired":true,"valueName":"search_term_string"}}],"inLanguage":"de-CH"},{"@type":"Organization","@id":"https:\/\/daltec.ch\/fr\/#organization","name":"Daltec AG","url":"https:\/\/daltec.ch\/fr\/","logo":{"@type":"ImageObject","inLanguage":"de-CH","@id":"https:\/\/daltec.ch\/fr\/#\/schema\/logo\/image\/","url":"https:\/\/daltec.ch\/wp-content\/uploads\/2025\/08\/dlteclogo.webp","contentUrl":"https:\/\/daltec.ch\/wp-content\/uploads\/2025\/08\/dlteclogo.webp","width":500,"height":195,"caption":"Daltec AG"},"image":{"@id":"https:\/\/daltec.ch\/fr\/#\/schema\/logo\/image\/"},"sameAs":["https:\/\/www.facebook.com\/DaltecAG"]}]}},"_links":{"self":[{"href":"https:\/\/daltec.ch\/de\/wp-json\/wp\/v2\/product\/849","targetHints":{"allow":["GET"]}}],"collection":[{"href":"https:\/\/daltec.ch\/de\/wp-json\/wp\/v2\/product"}],"about":[{"href":"https:\/\/daltec.ch\/de\/wp-json\/wp\/v2\/types\/product"}],"replies":[{"embeddable":true,"href":"https:\/\/daltec.ch\/de\/wp-json\/wp\/v2\/comments?post=849"}],"wp:featuredmedia":[{"embeddable":true,"href":"https:\/\/daltec.ch\/de\/wp-json\/wp\/v2\/media\/2883"}],"wp:attachment":[{"href":"https:\/\/daltec.ch\/de\/wp-json\/wp\/v2\/media?parent=849"}],"wp:term":[{"taxonomy":"product_brand","embeddable":true,"href":"https:\/\/daltec.ch\/de\/wp-json\/wp\/v2\/product_brand?post=849"},{"taxonomy":"product_cat","embeddable":true,"href":"https:\/\/daltec.ch\/de\/wp-json\/wp\/v2\/product_cat?post=849"},{"taxonomy":"product_tag","embeddable":true,"href":"https:\/\/daltec.ch\/de\/wp-json\/wp\/v2\/product_tag?post=849"}],"curies":[{"name":"wp","href":"https:\/\/api.w.org\/{rel}","templated":true}]}}