{"id":914,"date":"2024-06-19T07:19:17","date_gmt":"2024-06-19T07:19:17","guid":{"rendered":"https:\/\/demo.shrinkwaterindia.com\/?post_type=product&#038;p=914"},"modified":"2025-06-18T09:35:58","modified_gmt":"2025-06-18T09:35:58","slug":"cargo-35-l-city-trailer","status":"publish","type":"product","link":"https:\/\/daltec.ch\/de\/product\/cargo-35-l-city-trailer","title":{"rendered":"Daltec Cargo 35 L City Trailer Kasten, 4150x2100x2300 mm, 3500 Kg"},"content":{"rendered":"<p><em><strong>Preis: Siehe Preisliste auf Startseite<\/strong><\/em><\/p>\n<p>Die Cargo TP Reihe wurde speziell f\u00fcr den professionellen Einsatz in Transportfirmen entwickelt &#8211; Robuste Bauweise f\u00fcr eine lange Lebensdauer. Der Cargo City Trailer ist als Hochlader gebaut und schon mit Plane und hydraulische Hebeb\u00fchne ausgestattet. Das Auf- und Abladen auch von schwerere Last geht damit ganz einfach &#8211; Um den Alltag zu erleichtern!<\/p>\n<p><strong>Serienausstattung:<\/strong><\/p>\n<p>Fahrgestell: Grundrahmen verschweisst, verzinkt und verschraubt V-Anh\u00e4ngevorrichtung Kugelkupplung Abreissleine Kotschutz aus Kunststoff Verst\u00e4rktes automatisches St\u00fctzrad Achse: Al-Ko\/Knott Auflaufbremse mit Handbremse R\u00fcckfahrautomatik Br\u00fcckenaufbau verzinkt: Rahmen feuerverzinkt Hohe Plane mit solidem Gestell Hydraulische Hebeb\u00fchne 750 kg Bodenplatte: Boden aus Siebdruckplatte Beleuchtungsanlage: Nach Normen der StVO 12 V, 13 Pol-Stecker<\/p>\n","protected":false},"excerpt":{"rendered":"<h5>Preis: Siehe Preisliste auf Startseite<\/h5>\n<p>Mit Plane und Hebeb\u00fchne &#8211; Der ultimativer Cargo- Anh\u00e4nger<\/p>\n<h4>Technische Daten<\/h4>\n<table class=\"table\">\n<tbody>\n<tr>\n<th>L\u00e4nge<\/th>\n<td><small>4150 mm<\/small><\/td>\n<\/tr>\n<tr>\n<th>Breite<\/th>\n<td><small>2100 mm<\/small><\/td>\n<\/tr>\n<tr>\n<th>H\u00f6he<\/th>\n<td>2300 <small>mm<\/small><\/td>\n<\/tr>\n<tr>\n<th>Achsen<\/th>\n<td>2<small><\/small><\/td>\n<\/tr>\n<tr>\n<th>Gesamtgewicht<\/th>\n<td>3500 <small>kg<\/small><\/td>\n<\/tr>\n<tr>\n<th>Nutzlast<\/th>\n<td><small>2160 kg<\/small><\/td>\n<\/tr>\n<tr>\n<th>R\u00e4der<\/th>\n<td>195 R 14 C<\/td>\n<\/tr>\n<\/tbody>\n<\/table>\n<h6>Optionen<\/h6>\n<table>\n<tbody>\n<tr>\n<td>H\u00f6henverstellbare Deichsel ab 2 T<\/td>\n<td>2 800 CHF<\/td>\n<\/tr>\n<tr>\n<td>Boden mit Riffelblech belegt \/ m2<br \/>\n<strong>Preis 130.00 CHF \/ m2<\/strong><\/td>\n<td>130 CHF<\/td>\n<\/tr>\n<tr>\n<td>Durchladesystem Alu 1800 mm<\/td>\n<td>1 690 CHF<\/td>\n<\/tr>\n<tr>\n<td>Leitergestell<\/td>\n<td>400 CHF<\/td>\n<\/tr>\n<tr>\n<td>Durchladesystem Inox 600 mm<\/td>\n<td>960 CHF<\/td>\n<\/tr>\n<tr>\n<td>Simol St\u00fctzfuss 500 Kg, Paar<br \/>\n<strong>mit Halter<\/strong><\/td>\n<td>380 CHF<\/td>\n<\/tr>\n<tr>\n<td>Plane abgeschr\u00e4gt vorne<\/td>\n<td>450 CHF<\/td>\n<\/tr>\n<tr>\n<td>Rad 195\/50 R 13 C<\/td>\n<td>90 CHF<\/td>\n<\/tr>\n<tr>\n<td>Rad 195\/55 R 10<\/td>\n<td>70 CHF<\/td>\n<\/tr>\n<tr>\n<td>Schiebeplane<\/td>\n<td>0 CHF<\/td>\n<\/tr>\n<tr>\n<td>Batteriekasten inkl. Batterie<\/td>\n<td>530 CHF<\/td>\n<\/tr>\n<tr>\n<td>Hydraulische St\u00fctzen<\/td>\n<td>1 450 CHF<\/td>\n<\/tr>\n<\/tbody>\n<\/table>\n","protected":false},"featured_media":2811,"comment_status":"open","ping_status":"closed","template":"","meta":{"_acf_changed":false},"product_brand":[],"product_cat":[21],"product_tag":[],"class_list":{"0":"post-914","1":"product","2":"type-product","3":"status-publish","4":"has-post-thumbnail","6":"product_cat-hochlader-anhaenger","8":"first","9":"instock","10":"shipping-taxable","11":"purchasable","12":"product-type-simple"},"acf":[],"yoast_head":"<!-- This site is optimized with the Yoast SEO plugin v27.2 - https:\/\/yoast.com\/product\/yoast-seo-wordpress\/ -->\n<title>Daltec Cargo 35 L City Trailer Kasten, 4150x2100x2300 mm, 3500 Kg - Daltec<\/title>\n<meta name=\"robots\" content=\"index, follow, max-snippet:-1, max-image-preview:large, max-video-preview:-1\" \/>\n<link rel=\"canonical\" href=\"https:\/\/daltec.ch\/de\/product\/cargo-35-l-city-trailer\/\" \/>\n<meta property=\"og:locale\" content=\"de_DE\" \/>\n<meta property=\"og:type\" content=\"article\" \/>\n<meta property=\"og:title\" content=\"Daltec Cargo 35 L City Trailer Kasten, 4150x2100x2300 mm, 3500 Kg - Daltec\" \/>\n<meta property=\"og:description\" content=\"Preis: Siehe Preisliste auf Startseite Mit Plane und Hebeb\u00fchne - Der ultimativer Cargo- Anh\u00e4nger Technische Daten    L\u00e4nge 4150 mm   Breite 2100 mm   H\u00f6he 2300 mm   Achsen 2   Gesamtgewicht 3500 kg   Nutzlast 2160 kg   R\u00e4der 195 R 14 C    Optionen    H\u00f6henverstellbare Deichsel ab 2 T 2 800 CHF   Boden mit Riffelblech belegt \/ m2 Preis 130.00 CHF \/ m2 130 CHF   Durchladesystem Alu 1800 mm 1 690 CHF   Leitergestell 400 CHF   Durchladesystem Inox 600 mm 960 CHF   Simol St\u00fctzfuss 500 Kg, Paar mit Halter 380 CHF   Plane abgeschr\u00e4gt vorne 450 CHF   Rad 195\/50 R 13 C 90 CHF   Rad 195\/55 R 10 70 CHF   Schiebeplane 0 CHF   Batteriekasten inkl. Batterie 530 CHF   Hydraulische St\u00fctzen 1 450 CHF\" \/>\n<meta property=\"og:url\" content=\"https:\/\/daltec.ch\/de\/product\/cargo-35-l-city-trailer\/\" \/>\n<meta property=\"og:site_name\" content=\"Daltec\" \/>\n<meta property=\"article:publisher\" content=\"https:\/\/www.facebook.com\/DaltecAG\" \/>\n<meta property=\"article:modified_time\" content=\"2025-06-18T09:35:58+00:00\" \/>\n<meta property=\"og:image\" content=\"https:\/\/daltec.ch\/wp-content\/uploads\/2024\/06\/cargo-35-Kasten.png\" \/>\n\t<meta property=\"og:image:width\" content=\"642\" \/>\n\t<meta property=\"og:image:height\" content=\"600\" \/>\n\t<meta property=\"og:image:type\" content=\"image\/png\" \/>\n<meta name=\"twitter:card\" content=\"summary_large_image\" \/>\n<meta name=\"twitter:label1\" content=\"Gesch\u00e4tzte Lesezeit\" \/>\n\t<meta name=\"twitter:data1\" content=\"1\u00a0Minute\" \/>\n<script type=\"application\/ld+json\" class=\"yoast-schema-graph\">{\"@context\":\"https:\/\/schema.org\",\"@graph\":[{\"@type\":\"WebPage\",\"@id\":\"https:\/\/daltec.ch\/product\/cargo-35-l-city-trailer\",\"url\":\"https:\/\/daltec.ch\/product\/cargo-35-l-city-trailer\",\"name\":\"Daltec Cargo 35 L City Trailer Kasten, 4150x2100x2300 mm, 3500 Kg - Daltec\",\"isPartOf\":{\"@id\":\"https:\/\/daltec.ch\/fr\/#website\"},\"primaryImageOfPage\":{\"@id\":\"https:\/\/daltec.ch\/product\/cargo-35-l-city-trailer#primaryimage\"},\"image\":{\"@id\":\"https:\/\/daltec.ch\/product\/cargo-35-l-city-trailer#primaryimage\"},\"thumbnailUrl\":\"https:\/\/daltec.ch\/wp-content\/uploads\/2024\/06\/cargo-35-Kasten.png\",\"datePublished\":\"2024-06-19T07:19:17+00:00\",\"dateModified\":\"2025-06-18T09:35:58+00:00\",\"breadcrumb\":{\"@id\":\"https:\/\/daltec.ch\/product\/cargo-35-l-city-trailer#breadcrumb\"},\"inLanguage\":\"de-CH\",\"potentialAction\":[{\"@type\":\"ReadAction\",\"target\":[\"https:\/\/daltec.ch\/product\/cargo-35-l-city-trailer\"]}]},{\"@type\":\"ImageObject\",\"inLanguage\":\"de-CH\",\"@id\":\"https:\/\/daltec.ch\/product\/cargo-35-l-city-trailer#primaryimage\",\"url\":\"https:\/\/daltec.ch\/wp-content\/uploads\/2024\/06\/cargo-35-Kasten.png\",\"contentUrl\":\"https:\/\/daltec.ch\/wp-content\/uploads\/2024\/06\/cargo-35-Kasten.png\",\"width\":642,\"height\":600},{\"@type\":\"BreadcrumbList\",\"@id\":\"https:\/\/daltec.ch\/product\/cargo-35-l-city-trailer#breadcrumb\",\"itemListElement\":[{\"@type\":\"ListItem\",\"position\":1,\"name\":\"Startseite\",\"item\":\"https:\/\/daltec.ch\/\"},{\"@type\":\"ListItem\",\"position\":2,\"name\":\"anhaenger\",\"item\":\"https:\/\/daltec.ch\/anhaenger\"},{\"@type\":\"ListItem\",\"position\":3,\"name\":\"Daltec Cargo 35 L City Trailer Kasten, 4150x2100x2300 mm, 3500 Kg\"}]},{\"@type\":\"WebSite\",\"@id\":\"https:\/\/daltec.ch\/fr\/#website\",\"url\":\"https:\/\/daltec.ch\/fr\/\",\"name\":\"Daltec Trailers\",\"description\":\"\",\"publisher\":{\"@id\":\"https:\/\/daltec.ch\/fr\/#organization\"},\"potentialAction\":[{\"@type\":\"SearchAction\",\"target\":{\"@type\":\"EntryPoint\",\"urlTemplate\":\"https:\/\/daltec.ch\/fr\/?s={search_term_string}\"},\"query-input\":{\"@type\":\"PropertyValueSpecification\",\"valueRequired\":true,\"valueName\":\"search_term_string\"}}],\"inLanguage\":\"de-CH\"},{\"@type\":\"Organization\",\"@id\":\"https:\/\/daltec.ch\/fr\/#organization\",\"name\":\"Daltec AG\",\"url\":\"https:\/\/daltec.ch\/fr\/\",\"logo\":{\"@type\":\"ImageObject\",\"inLanguage\":\"de-CH\",\"@id\":\"https:\/\/daltec.ch\/fr\/#\/schema\/logo\/image\/\",\"url\":\"https:\/\/daltec.ch\/wp-content\/uploads\/2025\/08\/dlteclogo.webp\",\"contentUrl\":\"https:\/\/daltec.ch\/wp-content\/uploads\/2025\/08\/dlteclogo.webp\",\"width\":500,\"height\":195,\"caption\":\"Daltec AG\"},\"image\":{\"@id\":\"https:\/\/daltec.ch\/fr\/#\/schema\/logo\/image\/\"},\"sameAs\":[\"https:\/\/www.facebook.com\/DaltecAG\"]}]}<\/script>\n<!-- \/ Yoast SEO plugin. -->","yoast_head_json":{"title":"Daltec Cargo 35 L City Trailer Kasten, 4150x2100x2300 mm, 3500 Kg - Daltec","robots":{"index":"index","follow":"follow","max-snippet":"max-snippet:-1","max-image-preview":"max-image-preview:large","max-video-preview":"max-video-preview:-1"},"canonical":"https:\/\/daltec.ch\/de\/product\/cargo-35-l-city-trailer\/","og_locale":"de_DE","og_type":"article","og_title":"Daltec Cargo 35 L City Trailer Kasten, 4150x2100x2300 mm, 3500 Kg - Daltec","og_description":"Preis: Siehe Preisliste auf Startseite Mit Plane und Hebeb\u00fchne - Der ultimativer Cargo- Anh\u00e4nger Technische Daten    L\u00e4nge 4150 mm   Breite 2100 mm   H\u00f6he 2300 mm   Achsen 2   Gesamtgewicht 3500 kg   Nutzlast 2160 kg   R\u00e4der 195 R 14 C    Optionen    H\u00f6henverstellbare Deichsel ab 2 T 2 800 CHF   Boden mit Riffelblech belegt \/ m2 Preis 130.00 CHF \/ m2 130 CHF   Durchladesystem Alu 1800 mm 1 690 CHF   Leitergestell 400 CHF   Durchladesystem Inox 600 mm 960 CHF   Simol St\u00fctzfuss 500 Kg, Paar mit Halter 380 CHF   Plane abgeschr\u00e4gt vorne 450 CHF   Rad 195\/50 R 13 C 90 CHF   Rad 195\/55 R 10 70 CHF   Schiebeplane 0 CHF   Batteriekasten inkl. Batterie 530 CHF   Hydraulische St\u00fctzen 1 450 CHF","og_url":"https:\/\/daltec.ch\/de\/product\/cargo-35-l-city-trailer\/","og_site_name":"Daltec","article_publisher":"https:\/\/www.facebook.com\/DaltecAG","article_modified_time":"2025-06-18T09:35:58+00:00","og_image":[{"width":642,"height":600,"url":"https:\/\/daltec.ch\/wp-content\/uploads\/2024\/06\/cargo-35-Kasten.png","type":"image\/png"}],"twitter_card":"summary_large_image","twitter_misc":{"Gesch\u00e4tzte Lesezeit":"1\u00a0Minute"},"schema":{"@context":"https:\/\/schema.org","@graph":[{"@type":"WebPage","@id":"https:\/\/daltec.ch\/product\/cargo-35-l-city-trailer","url":"https:\/\/daltec.ch\/product\/cargo-35-l-city-trailer","name":"Daltec Cargo 35 L City Trailer Kasten, 4150x2100x2300 mm, 3500 Kg - Daltec","isPartOf":{"@id":"https:\/\/daltec.ch\/fr\/#website"},"primaryImageOfPage":{"@id":"https:\/\/daltec.ch\/product\/cargo-35-l-city-trailer#primaryimage"},"image":{"@id":"https:\/\/daltec.ch\/product\/cargo-35-l-city-trailer#primaryimage"},"thumbnailUrl":"https:\/\/daltec.ch\/wp-content\/uploads\/2024\/06\/cargo-35-Kasten.png","datePublished":"2024-06-19T07:19:17+00:00","dateModified":"2025-06-18T09:35:58+00:00","breadcrumb":{"@id":"https:\/\/daltec.ch\/product\/cargo-35-l-city-trailer#breadcrumb"},"inLanguage":"de-CH","potentialAction":[{"@type":"ReadAction","target":["https:\/\/daltec.ch\/product\/cargo-35-l-city-trailer"]}]},{"@type":"ImageObject","inLanguage":"de-CH","@id":"https:\/\/daltec.ch\/product\/cargo-35-l-city-trailer#primaryimage","url":"https:\/\/daltec.ch\/wp-content\/uploads\/2024\/06\/cargo-35-Kasten.png","contentUrl":"https:\/\/daltec.ch\/wp-content\/uploads\/2024\/06\/cargo-35-Kasten.png","width":642,"height":600},{"@type":"BreadcrumbList","@id":"https:\/\/daltec.ch\/product\/cargo-35-l-city-trailer#breadcrumb","itemListElement":[{"@type":"ListItem","position":1,"name":"Startseite","item":"https:\/\/daltec.ch\/"},{"@type":"ListItem","position":2,"name":"anhaenger","item":"https:\/\/daltec.ch\/anhaenger"},{"@type":"ListItem","position":3,"name":"Daltec Cargo 35 L City Trailer Kasten, 4150x2100x2300 mm, 3500 Kg"}]},{"@type":"WebSite","@id":"https:\/\/daltec.ch\/fr\/#website","url":"https:\/\/daltec.ch\/fr\/","name":"Daltec Trailers","description":"","publisher":{"@id":"https:\/\/daltec.ch\/fr\/#organization"},"potentialAction":[{"@type":"SearchAction","target":{"@type":"EntryPoint","urlTemplate":"https:\/\/daltec.ch\/fr\/?s={search_term_string}"},"query-input":{"@type":"PropertyValueSpecification","valueRequired":true,"valueName":"search_term_string"}}],"inLanguage":"de-CH"},{"@type":"Organization","@id":"https:\/\/daltec.ch\/fr\/#organization","name":"Daltec AG","url":"https:\/\/daltec.ch\/fr\/","logo":{"@type":"ImageObject","inLanguage":"de-CH","@id":"https:\/\/daltec.ch\/fr\/#\/schema\/logo\/image\/","url":"https:\/\/daltec.ch\/wp-content\/uploads\/2025\/08\/dlteclogo.webp","contentUrl":"https:\/\/daltec.ch\/wp-content\/uploads\/2025\/08\/dlteclogo.webp","width":500,"height":195,"caption":"Daltec AG"},"image":{"@id":"https:\/\/daltec.ch\/fr\/#\/schema\/logo\/image\/"},"sameAs":["https:\/\/www.facebook.com\/DaltecAG"]}]}},"_links":{"self":[{"href":"https:\/\/daltec.ch\/de\/wp-json\/wp\/v2\/product\/914","targetHints":{"allow":["GET"]}}],"collection":[{"href":"https:\/\/daltec.ch\/de\/wp-json\/wp\/v2\/product"}],"about":[{"href":"https:\/\/daltec.ch\/de\/wp-json\/wp\/v2\/types\/product"}],"replies":[{"embeddable":true,"href":"https:\/\/daltec.ch\/de\/wp-json\/wp\/v2\/comments?post=914"}],"wp:featuredmedia":[{"embeddable":true,"href":"https:\/\/daltec.ch\/de\/wp-json\/wp\/v2\/media\/2811"}],"wp:attachment":[{"href":"https:\/\/daltec.ch\/de\/wp-json\/wp\/v2\/media?parent=914"}],"wp:term":[{"taxonomy":"product_brand","embeddable":true,"href":"https:\/\/daltec.ch\/de\/wp-json\/wp\/v2\/product_brand?post=914"},{"taxonomy":"product_cat","embeddable":true,"href":"https:\/\/daltec.ch\/de\/wp-json\/wp\/v2\/product_cat?post=914"},{"taxonomy":"product_tag","embeddable":true,"href":"https:\/\/daltec.ch\/de\/wp-json\/wp\/v2\/product_tag?post=914"}],"curies":[{"name":"wp","href":"https:\/\/api.w.org\/{rel}","templated":true}]}}