{"id":920,"date":"2024-06-19T07:39:57","date_gmt":"2024-06-19T07:39:57","guid":{"rendered":"https:\/\/demo.shrinkwaterindia.com\/?post_type=product&#038;p=920"},"modified":"2025-07-17T22:58:06","modified_gmt":"2025-07-17T22:58:06","slug":"cargo-35-ls","status":"publish","type":"product","link":"https:\/\/daltec.ch\/de\/product\/cargo-35-ls","title":{"rendered":"Daltec Cargo 35 LS, 4170x2100x350 mm, 3500 Kg"},"content":{"rendered":"<p><em><strong>Preis: Siehe Preisliste auf Startseite<\/strong><\/em><\/p>\n<p>Die Cargo TP Reihe wurde speziell f\u00fcr den professionellen Einsatz in Transportfirmen entwickelt &#8211; Die R\u00e4der unter der Ladefl\u00e4che und die abklappbare Seitenw\u00e4nde erm\u00f6glichen ein problemlose Be- und Entladen auch von der Seite. Die eloxierten Seitenwandprofile verleihen dem Anh\u00e4nger ein elegantes Aussehen. Die Eckpfosten sind aussteckbar, womit der Anh\u00e4nger einfach zur Plattform umgebaut werden kann. Um eine tiefe Ladeh\u00f6he zu erreichen, k\u00f6nnen diese Anh\u00e4nger mit kleinen R\u00e4dern ausger\u00fcstet werden. Um ihre Ladung zu sch\u00fctzen k\u00f6nnen robuste Planenaufbauten montiert werden. Technisch ausgereift f\u00fcr eine lange Lebensdauer!<\/p>\n<p>*Die Bilder k\u00f6nnen Optionen enthalten die nicht in der Standartversion vorkommen.<\/p>\n<p><strong>Serienausstattung:<\/strong><\/p>\n<p>Fahrgestell: Grundrahmen verschweisst, verzinkt und verschraubt V-Anh\u00e4ngevorrichtung Kugelkupplung Abreissleine Kotschutz aus Kunststoff Verst\u00e4rktes automatisches St\u00fctzrad Achse: Al-Ko\/Knott Auflaufbremse mit Handbremse R\u00fcckfahrautomatik Br\u00fcckenaufbau: Rahmen feuerverzinkt Seitenw\u00e4nde Aluprofil H 350 mm St\u00e4rke 25 mm V-Leiste mit Bindeb\u00fcgel Bodenplatte: Boden aus Siebdruckplatte Beleuchtungsanlage: Nach Normen der StVO 12 V, 13 Pol-Stecker<\/p>\n","protected":false},"excerpt":{"rendered":"<h5>Preis: Siehe Preisliste auf Startseite<\/h5>\n<p>Meistverkauft! F\u00fcr professionellen Einsatz in Transportfirmen<\/p>\n<h4>Technische Daten<\/h4>\n<table class=\"table\">\n<tbody>\n<tr>\n<th>L\u00e4nge<\/th>\n<td><small>4170 mm<\/small><\/td>\n<\/tr>\n<tr>\n<th>Breite<\/th>\n<td><small>2100 mm<\/small><\/td>\n<\/tr>\n<tr>\n<th>H\u00f6he<\/th>\n<td>350 <small>mm<\/small><\/td>\n<\/tr>\n<tr>\n<th>Achsen<\/th>\n<td>2<small><\/small><\/td>\n<\/tr>\n<tr>\n<th>Gesamtgewicht<\/th>\n<td>3500 <small>kg<\/small><\/td>\n<\/tr>\n<tr>\n<th>Nutzlast<\/th>\n<td><small>2719 kg<\/small><\/td>\n<\/tr>\n<tr>\n<th>R\u00e4der<\/th>\n<td>195 R 14 C<\/td>\n<\/tr>\n<\/tbody>\n<\/table>\n<h6>Optionen<\/h6>\n<table>\n<tbody>\n<tr>\n<td>Plane mit Gestelll 415\/210\/200 cm<\/td>\n<td>2 380 CHF<\/td>\n<\/tr>\n<tr>\n<td>H\u00f6henverstellbare Deichsel ab 2 T<\/td>\n<td>2 800 CHF<\/td>\n<\/tr>\n<tr>\n<td>Stirnwand abklappbar<\/td>\n<td>130 CHF<\/td>\n<\/tr>\n<tr>\n<td>Boden mit Riffelblech belegt \/ m2<br \/>\n<strong>Preis 130.00 CHF \/ m2<\/strong><\/td>\n<td>130 CHF<\/td>\n<\/tr>\n<tr>\n<td>Durchladesystem Alu 1800 mm<\/td>\n<td>1 690 CHF<\/td>\n<\/tr>\n<tr>\n<td>Leitergestell<\/td>\n<td>400 CHF<\/td>\n<\/tr>\n<tr>\n<td>Durchladesystem Inox 600 mm<\/td>\n<td>960 CHF<\/td>\n<\/tr>\n<tr>\n<td>Gitteraufsatz 1000 mm \/ lm<br \/>\n<strong>Preis f\u00fcr lm 150.00 CHF<\/strong><\/td>\n<td>150 CHF<\/td>\n<\/tr>\n<tr>\n<td>Rad 195\/50 R 13 C<\/td>\n<td>90 CHF<\/td>\n<\/tr>\n<tr>\n<td>Rad 195\/55 R 10<\/td>\n<td>70 CHF<\/td>\n<\/tr>\n<tr>\n<td>Simol St\u00fctzfuss 500 Kg, Paar<br \/>\n<strong>mit Halter<\/strong><\/td>\n<td>380 CHF<\/td>\n<\/tr>\n<tr>\n<td>Plane abgeschr\u00e4gt vorne<\/td>\n<td>450 CHF<\/td>\n<\/tr>\n<tr>\n<td>Schiebeplane<\/td>\n<td>0 CHF<\/td>\n<\/tr>\n<tr>\n<td>Batteriekasten inkl. Batterie<\/td>\n<td>530 CHF<\/td>\n<\/tr>\n<tr>\n<td>Hydr. Hebeh\u00fchne Hollandia 750 kg (ab.)<br \/>\n<strong>Preis ab: 9&#8217;800.- CHF<\/strong><\/td>\n<td>9 800 CHF<\/td>\n<\/tr>\n<tr>\n<td>Hydraulische St\u00fctzen<\/td>\n<td>1 450 CHF<\/td>\n<\/tr>\n<\/tbody>\n<\/table>\n","protected":false},"featured_media":3174,"comment_status":"open","ping_status":"closed","template":"","meta":{"_acf_changed":false},"product_brand":[],"product_cat":[21],"product_tag":[],"class_list":{"0":"post-920","1":"product","2":"type-product","3":"status-publish","4":"has-post-thumbnail","6":"product_cat-hochlader-anhaenger","8":"first","9":"instock","10":"shipping-taxable","11":"purchasable","12":"product-type-simple"},"acf":[],"yoast_head":"<!-- This site is optimized with the Yoast SEO plugin v27.2 - https:\/\/yoast.com\/product\/yoast-seo-wordpress\/ -->\n<title>Daltec Cargo 35 LS, 4170x2100x350 mm, 3500 Kg - Daltec<\/title>\n<meta name=\"robots\" content=\"index, follow, max-snippet:-1, max-image-preview:large, max-video-preview:-1\" \/>\n<link rel=\"canonical\" href=\"https:\/\/daltec.ch\/de\/product\/cargo-35-ls\/\" \/>\n<meta property=\"og:locale\" content=\"de_DE\" \/>\n<meta property=\"og:type\" content=\"article\" \/>\n<meta property=\"og:title\" content=\"Daltec Cargo 35 LS, 4170x2100x350 mm, 3500 Kg - Daltec\" \/>\n<meta property=\"og:description\" content=\"Preis: Siehe Preisliste auf Startseite Meistverkauft! F\u00fcr professionellen Einsatz in Transportfirmen Technische Daten    L\u00e4nge 4170 mm   Breite 2100 mm   H\u00f6he 350 mm   Achsen 2   Gesamtgewicht 3500 kg   Nutzlast 2719 kg   R\u00e4der 195 R 14 C    Optionen    Plane mit Gestelll 415\/210\/200 cm 2 380 CHF   H\u00f6henverstellbare Deichsel ab 2 T 2 800 CHF   Stirnwand abklappbar 130 CHF   Boden mit Riffelblech belegt \/ m2 Preis 130.00 CHF \/ m2 130 CHF   Durchladesystem Alu 1800 mm 1 690 CHF   Leitergestell 400 CHF   Durchladesystem Inox 600 mm 960 CHF   Gitteraufsatz 1000 mm \/ lm Preis f\u00fcr lm 150.00 CHF 150 CHF   Rad 195\/50 R 13 C 90 CHF   Rad 195\/55 R 10 70 CHF   Simol St\u00fctzfuss 500 Kg, Paar mit Halter 380 CHF   Plane abgeschr\u00e4gt vorne 450 CHF   Schiebeplane 0 CHF   Batteriekasten inkl. Batterie 530 CHF   Hydr. Hebeh\u00fchne Hollandia 750 kg (ab.) Preis ab: 9&#039;800.- CHF 9 800 CHF   Hydraulische St\u00fctzen 1 450 CHF\" \/>\n<meta property=\"og:url\" content=\"https:\/\/daltec.ch\/de\/product\/cargo-35-ls\/\" \/>\n<meta property=\"og:site_name\" content=\"Daltec\" \/>\n<meta property=\"article:publisher\" content=\"https:\/\/www.facebook.com\/DaltecAG\" \/>\n<meta property=\"article:modified_time\" content=\"2025-07-17T22:58:06+00:00\" \/>\n<meta property=\"og:image\" content=\"https:\/\/daltec.ch\/wp-content\/uploads\/2024\/06\/adagos3.png\" \/>\n\t<meta property=\"og:image:width\" content=\"1000\" \/>\n\t<meta property=\"og:image:height\" content=\"650\" \/>\n\t<meta property=\"og:image:type\" content=\"image\/png\" \/>\n<meta name=\"twitter:card\" content=\"summary_large_image\" \/>\n<meta name=\"twitter:label1\" content=\"Gesch\u00e4tzte Lesezeit\" \/>\n\t<meta name=\"twitter:data1\" content=\"1\u00a0Minute\" \/>\n<script type=\"application\/ld+json\" class=\"yoast-schema-graph\">{\"@context\":\"https:\/\/schema.org\",\"@graph\":[{\"@type\":\"WebPage\",\"@id\":\"https:\/\/daltec.ch\/product\/cargo-35-ls\",\"url\":\"https:\/\/daltec.ch\/product\/cargo-35-ls\",\"name\":\"Daltec Cargo 35 LS, 4170x2100x350 mm, 3500 Kg - Daltec\",\"isPartOf\":{\"@id\":\"https:\/\/daltec.ch\/fr\/#website\"},\"primaryImageOfPage\":{\"@id\":\"https:\/\/daltec.ch\/product\/cargo-35-ls#primaryimage\"},\"image\":{\"@id\":\"https:\/\/daltec.ch\/product\/cargo-35-ls#primaryimage\"},\"thumbnailUrl\":\"https:\/\/daltec.ch\/wp-content\/uploads\/2024\/06\/adagos3.png\",\"datePublished\":\"2024-06-19T07:39:57+00:00\",\"dateModified\":\"2025-07-17T22:58:06+00:00\",\"breadcrumb\":{\"@id\":\"https:\/\/daltec.ch\/product\/cargo-35-ls#breadcrumb\"},\"inLanguage\":\"de-CH\",\"potentialAction\":[{\"@type\":\"ReadAction\",\"target\":[\"https:\/\/daltec.ch\/product\/cargo-35-ls\"]}]},{\"@type\":\"ImageObject\",\"inLanguage\":\"de-CH\",\"@id\":\"https:\/\/daltec.ch\/product\/cargo-35-ls#primaryimage\",\"url\":\"https:\/\/daltec.ch\/wp-content\/uploads\/2024\/06\/adagos3.png\",\"contentUrl\":\"https:\/\/daltec.ch\/wp-content\/uploads\/2024\/06\/adagos3.png\",\"width\":1000,\"height\":650},{\"@type\":\"BreadcrumbList\",\"@id\":\"https:\/\/daltec.ch\/product\/cargo-35-ls#breadcrumb\",\"itemListElement\":[{\"@type\":\"ListItem\",\"position\":1,\"name\":\"Startseite\",\"item\":\"https:\/\/daltec.ch\/\"},{\"@type\":\"ListItem\",\"position\":2,\"name\":\"anhaenger\",\"item\":\"https:\/\/daltec.ch\/anhaenger\"},{\"@type\":\"ListItem\",\"position\":3,\"name\":\"Daltec Cargo 35 LS, 4170x2100x350 mm, 3500 Kg\"}]},{\"@type\":\"WebSite\",\"@id\":\"https:\/\/daltec.ch\/fr\/#website\",\"url\":\"https:\/\/daltec.ch\/fr\/\",\"name\":\"Daltec Trailers\",\"description\":\"\",\"publisher\":{\"@id\":\"https:\/\/daltec.ch\/fr\/#organization\"},\"potentialAction\":[{\"@type\":\"SearchAction\",\"target\":{\"@type\":\"EntryPoint\",\"urlTemplate\":\"https:\/\/daltec.ch\/fr\/?s={search_term_string}\"},\"query-input\":{\"@type\":\"PropertyValueSpecification\",\"valueRequired\":true,\"valueName\":\"search_term_string\"}}],\"inLanguage\":\"de-CH\"},{\"@type\":\"Organization\",\"@id\":\"https:\/\/daltec.ch\/fr\/#organization\",\"name\":\"Daltec AG\",\"url\":\"https:\/\/daltec.ch\/fr\/\",\"logo\":{\"@type\":\"ImageObject\",\"inLanguage\":\"de-CH\",\"@id\":\"https:\/\/daltec.ch\/fr\/#\/schema\/logo\/image\/\",\"url\":\"https:\/\/daltec.ch\/wp-content\/uploads\/2025\/08\/dlteclogo.webp\",\"contentUrl\":\"https:\/\/daltec.ch\/wp-content\/uploads\/2025\/08\/dlteclogo.webp\",\"width\":500,\"height\":195,\"caption\":\"Daltec AG\"},\"image\":{\"@id\":\"https:\/\/daltec.ch\/fr\/#\/schema\/logo\/image\/\"},\"sameAs\":[\"https:\/\/www.facebook.com\/DaltecAG\"]}]}<\/script>\n<!-- \/ Yoast SEO plugin. -->","yoast_head_json":{"title":"Daltec Cargo 35 LS, 4170x2100x350 mm, 3500 Kg - Daltec","robots":{"index":"index","follow":"follow","max-snippet":"max-snippet:-1","max-image-preview":"max-image-preview:large","max-video-preview":"max-video-preview:-1"},"canonical":"https:\/\/daltec.ch\/de\/product\/cargo-35-ls\/","og_locale":"de_DE","og_type":"article","og_title":"Daltec Cargo 35 LS, 4170x2100x350 mm, 3500 Kg - Daltec","og_description":"Preis: Siehe Preisliste auf Startseite Meistverkauft! F\u00fcr professionellen Einsatz in Transportfirmen Technische Daten    L\u00e4nge 4170 mm   Breite 2100 mm   H\u00f6he 350 mm   Achsen 2   Gesamtgewicht 3500 kg   Nutzlast 2719 kg   R\u00e4der 195 R 14 C    Optionen    Plane mit Gestelll 415\/210\/200 cm 2 380 CHF   H\u00f6henverstellbare Deichsel ab 2 T 2 800 CHF   Stirnwand abklappbar 130 CHF   Boden mit Riffelblech belegt \/ m2 Preis 130.00 CHF \/ m2 130 CHF   Durchladesystem Alu 1800 mm 1 690 CHF   Leitergestell 400 CHF   Durchladesystem Inox 600 mm 960 CHF   Gitteraufsatz 1000 mm \/ lm Preis f\u00fcr lm 150.00 CHF 150 CHF   Rad 195\/50 R 13 C 90 CHF   Rad 195\/55 R 10 70 CHF   Simol St\u00fctzfuss 500 Kg, Paar mit Halter 380 CHF   Plane abgeschr\u00e4gt vorne 450 CHF   Schiebeplane 0 CHF   Batteriekasten inkl. Batterie 530 CHF   Hydr. Hebeh\u00fchne Hollandia 750 kg (ab.) Preis ab: 9'800.- CHF 9 800 CHF   Hydraulische St\u00fctzen 1 450 CHF","og_url":"https:\/\/daltec.ch\/de\/product\/cargo-35-ls\/","og_site_name":"Daltec","article_publisher":"https:\/\/www.facebook.com\/DaltecAG","article_modified_time":"2025-07-17T22:58:06+00:00","og_image":[{"width":1000,"height":650,"url":"https:\/\/daltec.ch\/wp-content\/uploads\/2024\/06\/adagos3.png","type":"image\/png"}],"twitter_card":"summary_large_image","twitter_misc":{"Gesch\u00e4tzte Lesezeit":"1\u00a0Minute"},"schema":{"@context":"https:\/\/schema.org","@graph":[{"@type":"WebPage","@id":"https:\/\/daltec.ch\/product\/cargo-35-ls","url":"https:\/\/daltec.ch\/product\/cargo-35-ls","name":"Daltec Cargo 35 LS, 4170x2100x350 mm, 3500 Kg - Daltec","isPartOf":{"@id":"https:\/\/daltec.ch\/fr\/#website"},"primaryImageOfPage":{"@id":"https:\/\/daltec.ch\/product\/cargo-35-ls#primaryimage"},"image":{"@id":"https:\/\/daltec.ch\/product\/cargo-35-ls#primaryimage"},"thumbnailUrl":"https:\/\/daltec.ch\/wp-content\/uploads\/2024\/06\/adagos3.png","datePublished":"2024-06-19T07:39:57+00:00","dateModified":"2025-07-17T22:58:06+00:00","breadcrumb":{"@id":"https:\/\/daltec.ch\/product\/cargo-35-ls#breadcrumb"},"inLanguage":"de-CH","potentialAction":[{"@type":"ReadAction","target":["https:\/\/daltec.ch\/product\/cargo-35-ls"]}]},{"@type":"ImageObject","inLanguage":"de-CH","@id":"https:\/\/daltec.ch\/product\/cargo-35-ls#primaryimage","url":"https:\/\/daltec.ch\/wp-content\/uploads\/2024\/06\/adagos3.png","contentUrl":"https:\/\/daltec.ch\/wp-content\/uploads\/2024\/06\/adagos3.png","width":1000,"height":650},{"@type":"BreadcrumbList","@id":"https:\/\/daltec.ch\/product\/cargo-35-ls#breadcrumb","itemListElement":[{"@type":"ListItem","position":1,"name":"Startseite","item":"https:\/\/daltec.ch\/"},{"@type":"ListItem","position":2,"name":"anhaenger","item":"https:\/\/daltec.ch\/anhaenger"},{"@type":"ListItem","position":3,"name":"Daltec Cargo 35 LS, 4170x2100x350 mm, 3500 Kg"}]},{"@type":"WebSite","@id":"https:\/\/daltec.ch\/fr\/#website","url":"https:\/\/daltec.ch\/fr\/","name":"Daltec Trailers","description":"","publisher":{"@id":"https:\/\/daltec.ch\/fr\/#organization"},"potentialAction":[{"@type":"SearchAction","target":{"@type":"EntryPoint","urlTemplate":"https:\/\/daltec.ch\/fr\/?s={search_term_string}"},"query-input":{"@type":"PropertyValueSpecification","valueRequired":true,"valueName":"search_term_string"}}],"inLanguage":"de-CH"},{"@type":"Organization","@id":"https:\/\/daltec.ch\/fr\/#organization","name":"Daltec AG","url":"https:\/\/daltec.ch\/fr\/","logo":{"@type":"ImageObject","inLanguage":"de-CH","@id":"https:\/\/daltec.ch\/fr\/#\/schema\/logo\/image\/","url":"https:\/\/daltec.ch\/wp-content\/uploads\/2025\/08\/dlteclogo.webp","contentUrl":"https:\/\/daltec.ch\/wp-content\/uploads\/2025\/08\/dlteclogo.webp","width":500,"height":195,"caption":"Daltec AG"},"image":{"@id":"https:\/\/daltec.ch\/fr\/#\/schema\/logo\/image\/"},"sameAs":["https:\/\/www.facebook.com\/DaltecAG"]}]}},"_links":{"self":[{"href":"https:\/\/daltec.ch\/de\/wp-json\/wp\/v2\/product\/920","targetHints":{"allow":["GET"]}}],"collection":[{"href":"https:\/\/daltec.ch\/de\/wp-json\/wp\/v2\/product"}],"about":[{"href":"https:\/\/daltec.ch\/de\/wp-json\/wp\/v2\/types\/product"}],"replies":[{"embeddable":true,"href":"https:\/\/daltec.ch\/de\/wp-json\/wp\/v2\/comments?post=920"}],"wp:featuredmedia":[{"embeddable":true,"href":"https:\/\/daltec.ch\/de\/wp-json\/wp\/v2\/media\/3174"}],"wp:attachment":[{"href":"https:\/\/daltec.ch\/de\/wp-json\/wp\/v2\/media?parent=920"}],"wp:term":[{"taxonomy":"product_brand","embeddable":true,"href":"https:\/\/daltec.ch\/de\/wp-json\/wp\/v2\/product_brand?post=920"},{"taxonomy":"product_cat","embeddable":true,"href":"https:\/\/daltec.ch\/de\/wp-json\/wp\/v2\/product_cat?post=920"},{"taxonomy":"product_tag","embeddable":true,"href":"https:\/\/daltec.ch\/de\/wp-json\/wp\/v2\/product_tag?post=920"}],"curies":[{"name":"wp","href":"https:\/\/api.w.org\/{rel}","templated":true}]}}