{"id":945,"date":"2024-06-19T10:54:04","date_gmt":"2024-06-19T10:54:04","guid":{"rendered":"https:\/\/demo.shrinkwaterindia.com\/?post_type=product&#038;p=945"},"modified":"2025-09-25T19:54:07","modified_gmt":"2025-09-25T19:54:07","slug":"ka-1500-lux","status":"publish","type":"product","link":"https:\/\/daltec.ch\/de\/product\/ka-1500-lux","title":{"rendered":"Daltec KA 3500 LUX, 3600x1800x350 mm, 3500 Kg"},"content":{"rendered":"<p>Hochwertiger R\u00fcckw\u00e4rtskipper zum transportieren von Schuttgut alle Art. Die elektrische Pumpe erm\u00f6glicht eine praktische N\u00fctzung im Alltag. Robuste Bauweise garantiert eine lange Lebensdauer. Die Eckpfosten und Seitenw\u00e4nde sind abnehmbar um den Anh\u00e4nger in eine Plattform zu verwandeln. Damit Arbeiten Freude macht!<br \/>\n<strong>Serienausstattung:<\/strong><br \/>\nFahrgestell: Grundrahmen feuerverzinkt, verschweisst und verschraubt, Solide V-Anh\u00e4ngervorrichtung, Abreissleine, Kugelkupplung, Verst\u00e4rktes automatisches St\u00fctzrad, Elektrische Pumpe mit Batterie Achse: Robuste Achse Knott, Auflaufbremse mit Handbremse und R\u00fcckfahrautomatik Aufbau: Rahmen verzinkt, Alu-Bordw\u00e4nde 300 mm und Eckpfosten entnehmbar, 3 Seiten abklappbar &#8211; Vorne fix Multiplex Boden verst\u00e4rkt mit Stahlblech belegt H-Gestell und Zurr\u00f6sen Beleuchtungsanlage: Beleuchtung gesch\u00fctzt vorne und hinten, 12 V, Nach Normen der StVO, 13 Pol-Stecker<\/p>\n","protected":false},"excerpt":{"rendered":"<h5>Preis: Siehe Preisliste auf Startseite<\/h5>\n<p>Hochwertiger R\u00fcckw\u00e4rtskipper &#8211; Lange Lebensdauer!<\/p>\n<h4>Technische Daten:<\/h4>\n<table class=\"table\">\n<tbody>\n<tr>\n<th>L\u00e4nge<\/th>\n<td>3600 <small>mm<\/small><\/td>\n<\/tr>\n<tr>\n<th>Breite<\/th>\n<td>1800 <small>mm<\/small><\/td>\n<\/tr>\n<tr>\n<th>H\u00f6h<\/th>\n<td>350 <small>mm<\/small><\/td>\n<\/tr>\n<tr>\n<th>Achsen<\/th>\n<td>1 <small><\/small><\/td>\n<\/tr>\n<tr>\n<th>Gesamtgewich<\/th>\n<td>3500 <small>kg<\/small><\/td>\n<\/tr>\n<tr>\n<th>Nutzlast<\/th>\n<td>2700 <small>kg<\/small><\/td>\n<\/tr>\n<tr>\n<th>R\u00e4der<\/th>\n<td>195\/70 R 13 C<\/td>\n<\/tr>\n<\/tbody>\n<\/table>\n<h4><strong>Optionen:<\/strong><\/h4>\n<table>\n<tbody>\n<tr>\n<td>Bordwanderh\u00f6hung<\/td>\n<td>750 CHF<\/td>\n<\/tr>\n<tr>\n<td>Flachplane<\/td>\n<td>170 CHF<\/td>\n<\/tr>\n<tr>\n<td>Gitteraufsatz 600 mm<\/td>\n<td>750 CHF<\/td>\n<\/tr>\n<tr>\n<td>St\u00fctzf\u00fcsse (Paar)<\/td>\n<td>220 CHF<\/td>\n<\/tr>\n<\/tbody>\n<\/table>\n","protected":false},"featured_media":3663,"comment_status":"open","ping_status":"closed","template":"","meta":{"_acf_changed":false},"product_brand":[],"product_cat":[245,29],"product_tag":[],"class_list":{"0":"post-945","1":"product","2":"type-product","3":"status-publish","4":"has-post-thumbnail","6":"product_cat-dreiseitenkipper","7":"product_cat-kipper-anhaenger","9":"first","10":"instock","11":"featured","12":"shipping-taxable","13":"purchasable","14":"product-type-simple"},"acf":[],"yoast_head":"<!-- This site is optimized with the Yoast SEO plugin v27.4 - https:\/\/yoast.com\/product\/yoast-seo-wordpress\/ -->\n<title>Daltec KA 3500 LUX, 3600x1800x350 mm, 3500 Kg - Daltec<\/title>\n<meta name=\"robots\" content=\"index, follow, max-snippet:-1, max-image-preview:large, max-video-preview:-1\" \/>\n<link rel=\"canonical\" href=\"https:\/\/daltec.ch\/de\/product\/ka-1500-lux\/\" \/>\n<meta property=\"og:locale\" content=\"de_DE\" \/>\n<meta property=\"og:type\" content=\"article\" \/>\n<meta property=\"og:title\" content=\"Daltec KA 3500 LUX, 3600x1800x350 mm, 3500 Kg - Daltec\" \/>\n<meta property=\"og:description\" content=\"Preis: Siehe Preisliste auf Startseite Hochwertiger R\u00fcckw\u00e4rtskipper - Lange Lebensdauer! Technische Daten:    L\u00e4nge 3600 mm   Breite 1800 mm   H\u00f6h 350 mm   Achsen 1    Gesamtgewich 3500 kg   Nutzlast 2700 kg   R\u00e4der 195\/70 R 13 C    Optionen:    Bordwanderh\u00f6hung 750 CHF   Flachplane 170 CHF   Gitteraufsatz 600 mm 750 CHF   St\u00fctzf\u00fcsse (Paar) 220 CHF\" \/>\n<meta property=\"og:url\" content=\"https:\/\/daltec.ch\/de\/product\/ka-1500-lux\/\" \/>\n<meta property=\"og:site_name\" content=\"Daltec\" \/>\n<meta property=\"article:publisher\" content=\"https:\/\/www.facebook.com\/DaltecAG\" \/>\n<meta property=\"article:modified_time\" content=\"2025-09-25T19:54:07+00:00\" \/>\n<meta property=\"og:image\" content=\"https:\/\/daltec.ch\/wp-content\/uploads\/2024\/06\/20220617092249-ac6b0f5a-xx-e1758830030649.jpg\" \/>\n\t<meta property=\"og:image:width\" content=\"600\" \/>\n\t<meta property=\"og:image:height\" content=\"282\" \/>\n\t<meta property=\"og:image:type\" content=\"image\/jpeg\" \/>\n<meta name=\"twitter:card\" content=\"summary_large_image\" \/>\n<meta name=\"twitter:label1\" content=\"Gesch\u00e4tzte Lesezeit\" \/>\n\t<meta name=\"twitter:data1\" content=\"1\u00a0Minute\" \/>\n<script type=\"application\/ld+json\" class=\"yoast-schema-graph\">{\"@context\":\"https:\\\/\\\/schema.org\",\"@graph\":[{\"@type\":\"WebPage\",\"@id\":\"https:\\\/\\\/daltec.ch\\\/product\\\/ka-1500-lux\",\"url\":\"https:\\\/\\\/daltec.ch\\\/product\\\/ka-1500-lux\",\"name\":\"Daltec KA 3500 LUX, 3600x1800x350 mm, 3500 Kg - Daltec\",\"isPartOf\":{\"@id\":\"https:\\\/\\\/daltec.ch\\\/fr\\\/#website\"},\"primaryImageOfPage\":{\"@id\":\"https:\\\/\\\/daltec.ch\\\/product\\\/ka-1500-lux#primaryimage\"},\"image\":{\"@id\":\"https:\\\/\\\/daltec.ch\\\/product\\\/ka-1500-lux#primaryimage\"},\"thumbnailUrl\":\"https:\\\/\\\/daltec.ch\\\/wp-content\\\/uploads\\\/2024\\\/06\\\/20220617092249-ac6b0f5a-xx-e1758830030649.jpg\",\"datePublished\":\"2024-06-19T10:54:04+00:00\",\"dateModified\":\"2025-09-25T19:54:07+00:00\",\"breadcrumb\":{\"@id\":\"https:\\\/\\\/daltec.ch\\\/product\\\/ka-1500-lux#breadcrumb\"},\"inLanguage\":\"de-CH\",\"potentialAction\":[{\"@type\":\"ReadAction\",\"target\":[\"https:\\\/\\\/daltec.ch\\\/product\\\/ka-1500-lux\"]}]},{\"@type\":\"ImageObject\",\"inLanguage\":\"de-CH\",\"@id\":\"https:\\\/\\\/daltec.ch\\\/product\\\/ka-1500-lux#primaryimage\",\"url\":\"https:\\\/\\\/daltec.ch\\\/wp-content\\\/uploads\\\/2024\\\/06\\\/20220617092249-ac6b0f5a-xx-e1758830030649.jpg\",\"contentUrl\":\"https:\\\/\\\/daltec.ch\\\/wp-content\\\/uploads\\\/2024\\\/06\\\/20220617092249-ac6b0f5a-xx-e1758830030649.jpg\",\"width\":600,\"height\":282},{\"@type\":\"BreadcrumbList\",\"@id\":\"https:\\\/\\\/daltec.ch\\\/product\\\/ka-1500-lux#breadcrumb\",\"itemListElement\":[{\"@type\":\"ListItem\",\"position\":1,\"name\":\"Startseite\",\"item\":\"https:\\\/\\\/daltec.ch\\\/\"},{\"@type\":\"ListItem\",\"position\":2,\"name\":\"anhaenger\",\"item\":\"https:\\\/\\\/daltec.ch\\\/anhaenger\"},{\"@type\":\"ListItem\",\"position\":3,\"name\":\"Daltec KA 3500 LUX, 3600x1800x350 mm, 3500 Kg\"}]},{\"@type\":\"WebSite\",\"@id\":\"https:\\\/\\\/daltec.ch\\\/fr\\\/#website\",\"url\":\"https:\\\/\\\/daltec.ch\\\/fr\\\/\",\"name\":\"Daltec Trailers\",\"description\":\"\",\"publisher\":{\"@id\":\"https:\\\/\\\/daltec.ch\\\/fr\\\/#organization\"},\"potentialAction\":[{\"@type\":\"SearchAction\",\"target\":{\"@type\":\"EntryPoint\",\"urlTemplate\":\"https:\\\/\\\/daltec.ch\\\/fr\\\/?s={search_term_string}\"},\"query-input\":{\"@type\":\"PropertyValueSpecification\",\"valueRequired\":true,\"valueName\":\"search_term_string\"}}],\"inLanguage\":\"de-CH\"},{\"@type\":\"Organization\",\"@id\":\"https:\\\/\\\/daltec.ch\\\/fr\\\/#organization\",\"name\":\"Daltec AG\",\"url\":\"https:\\\/\\\/daltec.ch\\\/fr\\\/\",\"logo\":{\"@type\":\"ImageObject\",\"inLanguage\":\"de-CH\",\"@id\":\"https:\\\/\\\/daltec.ch\\\/fr\\\/#\\\/schema\\\/logo\\\/image\\\/\",\"url\":\"https:\\\/\\\/daltec.ch\\\/wp-content\\\/uploads\\\/2025\\\/08\\\/dlteclogo.webp\",\"contentUrl\":\"https:\\\/\\\/daltec.ch\\\/wp-content\\\/uploads\\\/2025\\\/08\\\/dlteclogo.webp\",\"width\":500,\"height\":195,\"caption\":\"Daltec AG\"},\"image\":{\"@id\":\"https:\\\/\\\/daltec.ch\\\/fr\\\/#\\\/schema\\\/logo\\\/image\\\/\"},\"sameAs\":[\"https:\\\/\\\/www.facebook.com\\\/DaltecAG\"]}]}<\/script>\n<!-- \/ Yoast SEO plugin. -->","yoast_head_json":{"title":"Daltec KA 3500 LUX, 3600x1800x350 mm, 3500 Kg - Daltec","robots":{"index":"index","follow":"follow","max-snippet":"max-snippet:-1","max-image-preview":"max-image-preview:large","max-video-preview":"max-video-preview:-1"},"canonical":"https:\/\/daltec.ch\/de\/product\/ka-1500-lux\/","og_locale":"de_DE","og_type":"article","og_title":"Daltec KA 3500 LUX, 3600x1800x350 mm, 3500 Kg - Daltec","og_description":"Preis: Siehe Preisliste auf Startseite Hochwertiger R\u00fcckw\u00e4rtskipper - Lange Lebensdauer! Technische Daten:    L\u00e4nge 3600 mm   Breite 1800 mm   H\u00f6h 350 mm   Achsen 1    Gesamtgewich 3500 kg   Nutzlast 2700 kg   R\u00e4der 195\/70 R 13 C    Optionen:    Bordwanderh\u00f6hung 750 CHF   Flachplane 170 CHF   Gitteraufsatz 600 mm 750 CHF   St\u00fctzf\u00fcsse (Paar) 220 CHF","og_url":"https:\/\/daltec.ch\/de\/product\/ka-1500-lux\/","og_site_name":"Daltec","article_publisher":"https:\/\/www.facebook.com\/DaltecAG","article_modified_time":"2025-09-25T19:54:07+00:00","og_image":[{"width":600,"height":282,"url":"https:\/\/daltec.ch\/wp-content\/uploads\/2024\/06\/20220617092249-ac6b0f5a-xx-e1758830030649.jpg","type":"image\/jpeg"}],"twitter_card":"summary_large_image","twitter_misc":{"Gesch\u00e4tzte Lesezeit":"1\u00a0Minute"},"schema":{"@context":"https:\/\/schema.org","@graph":[{"@type":"WebPage","@id":"https:\/\/daltec.ch\/product\/ka-1500-lux","url":"https:\/\/daltec.ch\/product\/ka-1500-lux","name":"Daltec KA 3500 LUX, 3600x1800x350 mm, 3500 Kg - Daltec","isPartOf":{"@id":"https:\/\/daltec.ch\/fr\/#website"},"primaryImageOfPage":{"@id":"https:\/\/daltec.ch\/product\/ka-1500-lux#primaryimage"},"image":{"@id":"https:\/\/daltec.ch\/product\/ka-1500-lux#primaryimage"},"thumbnailUrl":"https:\/\/daltec.ch\/wp-content\/uploads\/2024\/06\/20220617092249-ac6b0f5a-xx-e1758830030649.jpg","datePublished":"2024-06-19T10:54:04+00:00","dateModified":"2025-09-25T19:54:07+00:00","breadcrumb":{"@id":"https:\/\/daltec.ch\/product\/ka-1500-lux#breadcrumb"},"inLanguage":"de-CH","potentialAction":[{"@type":"ReadAction","target":["https:\/\/daltec.ch\/product\/ka-1500-lux"]}]},{"@type":"ImageObject","inLanguage":"de-CH","@id":"https:\/\/daltec.ch\/product\/ka-1500-lux#primaryimage","url":"https:\/\/daltec.ch\/wp-content\/uploads\/2024\/06\/20220617092249-ac6b0f5a-xx-e1758830030649.jpg","contentUrl":"https:\/\/daltec.ch\/wp-content\/uploads\/2024\/06\/20220617092249-ac6b0f5a-xx-e1758830030649.jpg","width":600,"height":282},{"@type":"BreadcrumbList","@id":"https:\/\/daltec.ch\/product\/ka-1500-lux#breadcrumb","itemListElement":[{"@type":"ListItem","position":1,"name":"Startseite","item":"https:\/\/daltec.ch\/"},{"@type":"ListItem","position":2,"name":"anhaenger","item":"https:\/\/daltec.ch\/anhaenger"},{"@type":"ListItem","position":3,"name":"Daltec KA 3500 LUX, 3600x1800x350 mm, 3500 Kg"}]},{"@type":"WebSite","@id":"https:\/\/daltec.ch\/fr\/#website","url":"https:\/\/daltec.ch\/fr\/","name":"Daltec Trailers","description":"","publisher":{"@id":"https:\/\/daltec.ch\/fr\/#organization"},"potentialAction":[{"@type":"SearchAction","target":{"@type":"EntryPoint","urlTemplate":"https:\/\/daltec.ch\/fr\/?s={search_term_string}"},"query-input":{"@type":"PropertyValueSpecification","valueRequired":true,"valueName":"search_term_string"}}],"inLanguage":"de-CH"},{"@type":"Organization","@id":"https:\/\/daltec.ch\/fr\/#organization","name":"Daltec AG","url":"https:\/\/daltec.ch\/fr\/","logo":{"@type":"ImageObject","inLanguage":"de-CH","@id":"https:\/\/daltec.ch\/fr\/#\/schema\/logo\/image\/","url":"https:\/\/daltec.ch\/wp-content\/uploads\/2025\/08\/dlteclogo.webp","contentUrl":"https:\/\/daltec.ch\/wp-content\/uploads\/2025\/08\/dlteclogo.webp","width":500,"height":195,"caption":"Daltec AG"},"image":{"@id":"https:\/\/daltec.ch\/fr\/#\/schema\/logo\/image\/"},"sameAs":["https:\/\/www.facebook.com\/DaltecAG"]}]}},"_links":{"self":[{"href":"https:\/\/daltec.ch\/de\/wp-json\/wp\/v2\/product\/945","targetHints":{"allow":["GET"]}}],"collection":[{"href":"https:\/\/daltec.ch\/de\/wp-json\/wp\/v2\/product"}],"about":[{"href":"https:\/\/daltec.ch\/de\/wp-json\/wp\/v2\/types\/product"}],"replies":[{"embeddable":true,"href":"https:\/\/daltec.ch\/de\/wp-json\/wp\/v2\/comments?post=945"}],"wp:featuredmedia":[{"embeddable":true,"href":"https:\/\/daltec.ch\/de\/wp-json\/wp\/v2\/media\/3663"}],"wp:attachment":[{"href":"https:\/\/daltec.ch\/de\/wp-json\/wp\/v2\/media?parent=945"}],"wp:term":[{"taxonomy":"product_brand","embeddable":true,"href":"https:\/\/daltec.ch\/de\/wp-json\/wp\/v2\/product_brand?post=945"},{"taxonomy":"product_cat","embeddable":true,"href":"https:\/\/daltec.ch\/de\/wp-json\/wp\/v2\/product_cat?post=945"},{"taxonomy":"product_tag","embeddable":true,"href":"https:\/\/daltec.ch\/de\/wp-json\/wp\/v2\/product_tag?post=945"}],"curies":[{"name":"wp","href":"https:\/\/api.w.org\/{rel}","templated":true}]}}