{"id":956,"date":"2024-06-19T11:19:48","date_gmt":"2024-06-19T11:19:48","guid":{"rendered":"https:\/\/demo.shrinkwaterindia.com\/?post_type=product&#038;p=956"},"modified":"2025-07-18T20:31:13","modified_gmt":"2025-07-18T20:31:13","slug":"ka-2500-lux","status":"publish","type":"product","link":"https:\/\/daltec.ch\/de\/product\/ka-2500-lux","title":{"rendered":"Daltec KA 2600 LUX, 3000x1800x350 mm, 2500 Kg"},"content":{"rendered":"<p>Hochwertiger Dreiseitenkipper zum transportieren von Schuttgut alle Art. Die elektrische Pumpe und den eingebauten Rampenschacht erm\u00f6glichen eine praktische N\u00fctzung im Alltag. Robuste Bauweise garantiert eine lange Lebensdauer. Die Eckpfosten und Seitenw\u00e4nde sind abnehmbar um den Anh\u00e4nger in eine Plattform zu verwandeln. Die Bordwand vorne ist mit H-Gestell ausgestattet und fix, kann jedoch mitsamt Eckpfosten abgenommen werden. Der Boden ist mit eine verzinkte Stahlplatte montiert um die Stabilit\u00e4t noch zu verbessern. Damit Arbeiten Freude macht!<br \/>\n<strong>Serienausstattung:<\/strong><br \/>\nFahrgestell: Grundrahmen feuerverzinkt, verschweisst und verschraubt, Solide V-Anh\u00e4ngervorrichtung, Abreissleine, Kugelkupplung, Verst\u00e4rktes automatisches St\u00fctzrad, Elektrische Pumpe mit Batterie Achse: 2x Robuste Achse Knott, Auflaufbremse mit Handbremse und R\u00fcckfahrautomatik Aufbau: Rahmen verzinkt, Alu-Bordw\u00e4nde 300 mm und Eckpfosten entnehmbar, 3 Seiten abklappbar &#8211; Vorne fix Multiplex Boden verst\u00e4rkt mit verzinkte Stahlplatte montiert, Rampenschacht vorbereitet, H-Gestell Stahl verzinkt abnehmbar Beleuchtungsanlage: Beleuchtung gesch\u00fctzt vorne und hinten, 12 V, Nach Normen der StVO, 13 Pol-Stecker<\/p>\n","protected":false},"excerpt":{"rendered":"<h5>Preis: Siehe Preisliste auf Startseite<\/h5>\n<p>Hochwertiger Dreiseitenkipper &#8211; Sorgt f\u00fcr Komfort und Sicherheit<\/p>\n<h4>Technische Daten:<\/h4>\n<table class=\"table\">\n<tbody>\n<tr>\n<th>L\u00e4nge<\/th>\n<td>3000 <small>mm<\/small><\/td>\n<\/tr>\n<tr>\n<th>Breite<\/th>\n<td>1800 <small>mm<\/small><\/td>\n<\/tr>\n<tr>\n<th>H\u00f6he<\/th>\n<td>350 <small>mm<\/small><\/td>\n<\/tr>\n<tr>\n<th>Achsen<\/th>\n<td>2 <small><\/small><\/td>\n<\/tr>\n<tr>\n<th>Gesamtgewich<\/th>\n<td>2500 <small>kg<\/small><\/td>\n<\/tr>\n<tr>\n<th>Nutzlast<\/th>\n<td>1800 <small>kg<\/small><\/td>\n<\/tr>\n<tr>\n<th>R\u00e4der<\/th>\n<td>165 R 13<\/td>\n<\/tr>\n<\/tbody>\n<\/table>\n<h3>Optionen:<\/h3>\n<table>\n<tbody>\n<tr>\n<td>Flachplane<\/td>\n<td>250 CHF<\/td>\n<\/tr>\n<tr>\n<td>St\u00fctzf\u00fcsse (Paar)<\/td>\n<td>220 CHF<\/td>\n<\/tr>\n<tr>\n<td>Gittteraufsatz 600 mm<\/td>\n<td>950 CHF<\/td>\n<\/tr>\n<tr>\n<td>Bordwanderh\u00f6hung Alu<\/td>\n<td>850 CHF<\/td>\n<\/tr>\n<tr>\n<td>Laderampe Alu Paar 2T (250 x 30 x 8 cm)<\/td>\n<td>750 CHF<\/td>\n<\/tr>\n<\/tbody>\n<\/table>\n","protected":false},"featured_media":1394,"comment_status":"open","ping_status":"closed","template":"","meta":{"_acf_changed":false},"product_brand":[],"product_cat":[245,29],"product_tag":[],"class_list":{"0":"post-956","1":"product","2":"type-product","3":"status-publish","4":"has-post-thumbnail","6":"product_cat-dreiseitenkipper","7":"product_cat-kipper-anhaenger","9":"first","10":"instock","11":"featured","12":"shipping-taxable","13":"purchasable","14":"product-type-simple"},"acf":[],"yoast_head":"<!-- This site is optimized with the Yoast SEO plugin v27.2 - https:\/\/yoast.com\/product\/yoast-seo-wordpress\/ -->\n<title>Daltec KA 2600 LUX, 3000x1800x350 mm, 2500 Kg - Daltec<\/title>\n<meta name=\"robots\" content=\"index, follow, max-snippet:-1, max-image-preview:large, max-video-preview:-1\" \/>\n<link rel=\"canonical\" href=\"https:\/\/daltec.ch\/de\/product\/ka-2500-lux\/\" \/>\n<meta property=\"og:locale\" content=\"de_DE\" \/>\n<meta property=\"og:type\" content=\"article\" \/>\n<meta property=\"og:title\" content=\"Daltec KA 2600 LUX, 3000x1800x350 mm, 2500 Kg - Daltec\" \/>\n<meta property=\"og:description\" content=\"Preis: Siehe Preisliste auf Startseite Hochwertiger Dreiseitenkipper - Sorgt f\u00fcr Komfort und Sicherheit Technische Daten:    L\u00e4nge 3000 mm   Breite 1800 mm   H\u00f6he 350 mm   Achsen 2    Gesamtgewich 2500 kg   Nutzlast 1800 kg   R\u00e4der 165 R 13    Optionen:    Flachplane 250 CHF   St\u00fctzf\u00fcsse (Paar) 220 CHF   Gittteraufsatz 600 mm 950 CHF   Bordwanderh\u00f6hung Alu 850 CHF   Laderampe Alu Paar 2T (250 x 30 x 8 cm) 750 CHF\" \/>\n<meta property=\"og:url\" content=\"https:\/\/daltec.ch\/de\/product\/ka-2500-lux\/\" \/>\n<meta property=\"og:site_name\" content=\"Daltec\" \/>\n<meta property=\"article:publisher\" content=\"https:\/\/www.facebook.com\/DaltecAG\" \/>\n<meta property=\"article:modified_time\" content=\"2025-07-18T20:31:13+00:00\" \/>\n<meta property=\"og:image\" content=\"https:\/\/daltec.ch\/wp-content\/uploads\/2024\/06\/2779_9-1.jpg\" \/>\n\t<meta property=\"og:image:width\" content=\"700\" \/>\n\t<meta property=\"og:image:height\" content=\"700\" \/>\n\t<meta property=\"og:image:type\" content=\"image\/jpeg\" \/>\n<meta name=\"twitter:card\" content=\"summary_large_image\" \/>\n<meta name=\"twitter:label1\" content=\"Gesch\u00e4tzte Lesezeit\" \/>\n\t<meta name=\"twitter:data1\" content=\"1\u00a0Minute\" \/>\n<script type=\"application\/ld+json\" class=\"yoast-schema-graph\">{\"@context\":\"https:\/\/schema.org\",\"@graph\":[{\"@type\":\"WebPage\",\"@id\":\"https:\/\/daltec.ch\/product\/ka-2500-lux\",\"url\":\"https:\/\/daltec.ch\/product\/ka-2500-lux\",\"name\":\"Daltec KA 2600 LUX, 3000x1800x350 mm, 2500 Kg - Daltec\",\"isPartOf\":{\"@id\":\"https:\/\/daltec.ch\/fr\/#website\"},\"primaryImageOfPage\":{\"@id\":\"https:\/\/daltec.ch\/product\/ka-2500-lux#primaryimage\"},\"image\":{\"@id\":\"https:\/\/daltec.ch\/product\/ka-2500-lux#primaryimage\"},\"thumbnailUrl\":\"https:\/\/daltec.ch\/wp-content\/uploads\/2024\/06\/2779_9-1.jpg\",\"datePublished\":\"2024-06-19T11:19:48+00:00\",\"dateModified\":\"2025-07-18T20:31:13+00:00\",\"breadcrumb\":{\"@id\":\"https:\/\/daltec.ch\/product\/ka-2500-lux#breadcrumb\"},\"inLanguage\":\"de-CH\",\"potentialAction\":[{\"@type\":\"ReadAction\",\"target\":[\"https:\/\/daltec.ch\/product\/ka-2500-lux\"]}]},{\"@type\":\"ImageObject\",\"inLanguage\":\"de-CH\",\"@id\":\"https:\/\/daltec.ch\/product\/ka-2500-lux#primaryimage\",\"url\":\"https:\/\/daltec.ch\/wp-content\/uploads\/2024\/06\/2779_9-1.jpg\",\"contentUrl\":\"https:\/\/daltec.ch\/wp-content\/uploads\/2024\/06\/2779_9-1.jpg\",\"width\":700,\"height\":700},{\"@type\":\"BreadcrumbList\",\"@id\":\"https:\/\/daltec.ch\/product\/ka-2500-lux#breadcrumb\",\"itemListElement\":[{\"@type\":\"ListItem\",\"position\":1,\"name\":\"Startseite\",\"item\":\"https:\/\/daltec.ch\/\"},{\"@type\":\"ListItem\",\"position\":2,\"name\":\"anhaenger\",\"item\":\"https:\/\/daltec.ch\/anhaenger\"},{\"@type\":\"ListItem\",\"position\":3,\"name\":\"Daltec KA 2600 LUX, 3000x1800x350 mm, 2500 Kg\"}]},{\"@type\":\"WebSite\",\"@id\":\"https:\/\/daltec.ch\/fr\/#website\",\"url\":\"https:\/\/daltec.ch\/fr\/\",\"name\":\"Daltec Trailers\",\"description\":\"\",\"publisher\":{\"@id\":\"https:\/\/daltec.ch\/fr\/#organization\"},\"potentialAction\":[{\"@type\":\"SearchAction\",\"target\":{\"@type\":\"EntryPoint\",\"urlTemplate\":\"https:\/\/daltec.ch\/fr\/?s={search_term_string}\"},\"query-input\":{\"@type\":\"PropertyValueSpecification\",\"valueRequired\":true,\"valueName\":\"search_term_string\"}}],\"inLanguage\":\"de-CH\"},{\"@type\":\"Organization\",\"@id\":\"https:\/\/daltec.ch\/fr\/#organization\",\"name\":\"Daltec AG\",\"url\":\"https:\/\/daltec.ch\/fr\/\",\"logo\":{\"@type\":\"ImageObject\",\"inLanguage\":\"de-CH\",\"@id\":\"https:\/\/daltec.ch\/fr\/#\/schema\/logo\/image\/\",\"url\":\"https:\/\/daltec.ch\/wp-content\/uploads\/2025\/08\/dlteclogo.webp\",\"contentUrl\":\"https:\/\/daltec.ch\/wp-content\/uploads\/2025\/08\/dlteclogo.webp\",\"width\":500,\"height\":195,\"caption\":\"Daltec AG\"},\"image\":{\"@id\":\"https:\/\/daltec.ch\/fr\/#\/schema\/logo\/image\/\"},\"sameAs\":[\"https:\/\/www.facebook.com\/DaltecAG\"]}]}<\/script>\n<!-- \/ Yoast SEO plugin. -->","yoast_head_json":{"title":"Daltec KA 2600 LUX, 3000x1800x350 mm, 2500 Kg - Daltec","robots":{"index":"index","follow":"follow","max-snippet":"max-snippet:-1","max-image-preview":"max-image-preview:large","max-video-preview":"max-video-preview:-1"},"canonical":"https:\/\/daltec.ch\/de\/product\/ka-2500-lux\/","og_locale":"de_DE","og_type":"article","og_title":"Daltec KA 2600 LUX, 3000x1800x350 mm, 2500 Kg - Daltec","og_description":"Preis: Siehe Preisliste auf Startseite Hochwertiger Dreiseitenkipper - Sorgt f\u00fcr Komfort und Sicherheit Technische Daten:    L\u00e4nge 3000 mm   Breite 1800 mm   H\u00f6he 350 mm   Achsen 2    Gesamtgewich 2500 kg   Nutzlast 1800 kg   R\u00e4der 165 R 13    Optionen:    Flachplane 250 CHF   St\u00fctzf\u00fcsse (Paar) 220 CHF   Gittteraufsatz 600 mm 950 CHF   Bordwanderh\u00f6hung Alu 850 CHF   Laderampe Alu Paar 2T (250 x 30 x 8 cm) 750 CHF","og_url":"https:\/\/daltec.ch\/de\/product\/ka-2500-lux\/","og_site_name":"Daltec","article_publisher":"https:\/\/www.facebook.com\/DaltecAG","article_modified_time":"2025-07-18T20:31:13+00:00","og_image":[{"width":700,"height":700,"url":"https:\/\/daltec.ch\/wp-content\/uploads\/2024\/06\/2779_9-1.jpg","type":"image\/jpeg"}],"twitter_card":"summary_large_image","twitter_misc":{"Gesch\u00e4tzte Lesezeit":"1\u00a0Minute"},"schema":{"@context":"https:\/\/schema.org","@graph":[{"@type":"WebPage","@id":"https:\/\/daltec.ch\/product\/ka-2500-lux","url":"https:\/\/daltec.ch\/product\/ka-2500-lux","name":"Daltec KA 2600 LUX, 3000x1800x350 mm, 2500 Kg - Daltec","isPartOf":{"@id":"https:\/\/daltec.ch\/fr\/#website"},"primaryImageOfPage":{"@id":"https:\/\/daltec.ch\/product\/ka-2500-lux#primaryimage"},"image":{"@id":"https:\/\/daltec.ch\/product\/ka-2500-lux#primaryimage"},"thumbnailUrl":"https:\/\/daltec.ch\/wp-content\/uploads\/2024\/06\/2779_9-1.jpg","datePublished":"2024-06-19T11:19:48+00:00","dateModified":"2025-07-18T20:31:13+00:00","breadcrumb":{"@id":"https:\/\/daltec.ch\/product\/ka-2500-lux#breadcrumb"},"inLanguage":"de-CH","potentialAction":[{"@type":"ReadAction","target":["https:\/\/daltec.ch\/product\/ka-2500-lux"]}]},{"@type":"ImageObject","inLanguage":"de-CH","@id":"https:\/\/daltec.ch\/product\/ka-2500-lux#primaryimage","url":"https:\/\/daltec.ch\/wp-content\/uploads\/2024\/06\/2779_9-1.jpg","contentUrl":"https:\/\/daltec.ch\/wp-content\/uploads\/2024\/06\/2779_9-1.jpg","width":700,"height":700},{"@type":"BreadcrumbList","@id":"https:\/\/daltec.ch\/product\/ka-2500-lux#breadcrumb","itemListElement":[{"@type":"ListItem","position":1,"name":"Startseite","item":"https:\/\/daltec.ch\/"},{"@type":"ListItem","position":2,"name":"anhaenger","item":"https:\/\/daltec.ch\/anhaenger"},{"@type":"ListItem","position":3,"name":"Daltec KA 2600 LUX, 3000x1800x350 mm, 2500 Kg"}]},{"@type":"WebSite","@id":"https:\/\/daltec.ch\/fr\/#website","url":"https:\/\/daltec.ch\/fr\/","name":"Daltec Trailers","description":"","publisher":{"@id":"https:\/\/daltec.ch\/fr\/#organization"},"potentialAction":[{"@type":"SearchAction","target":{"@type":"EntryPoint","urlTemplate":"https:\/\/daltec.ch\/fr\/?s={search_term_string}"},"query-input":{"@type":"PropertyValueSpecification","valueRequired":true,"valueName":"search_term_string"}}],"inLanguage":"de-CH"},{"@type":"Organization","@id":"https:\/\/daltec.ch\/fr\/#organization","name":"Daltec AG","url":"https:\/\/daltec.ch\/fr\/","logo":{"@type":"ImageObject","inLanguage":"de-CH","@id":"https:\/\/daltec.ch\/fr\/#\/schema\/logo\/image\/","url":"https:\/\/daltec.ch\/wp-content\/uploads\/2025\/08\/dlteclogo.webp","contentUrl":"https:\/\/daltec.ch\/wp-content\/uploads\/2025\/08\/dlteclogo.webp","width":500,"height":195,"caption":"Daltec AG"},"image":{"@id":"https:\/\/daltec.ch\/fr\/#\/schema\/logo\/image\/"},"sameAs":["https:\/\/www.facebook.com\/DaltecAG"]}]}},"_links":{"self":[{"href":"https:\/\/daltec.ch\/de\/wp-json\/wp\/v2\/product\/956","targetHints":{"allow":["GET"]}}],"collection":[{"href":"https:\/\/daltec.ch\/de\/wp-json\/wp\/v2\/product"}],"about":[{"href":"https:\/\/daltec.ch\/de\/wp-json\/wp\/v2\/types\/product"}],"replies":[{"embeddable":true,"href":"https:\/\/daltec.ch\/de\/wp-json\/wp\/v2\/comments?post=956"}],"wp:featuredmedia":[{"embeddable":true,"href":"https:\/\/daltec.ch\/de\/wp-json\/wp\/v2\/media\/1394"}],"wp:attachment":[{"href":"https:\/\/daltec.ch\/de\/wp-json\/wp\/v2\/media?parent=956"}],"wp:term":[{"taxonomy":"product_brand","embeddable":true,"href":"https:\/\/daltec.ch\/de\/wp-json\/wp\/v2\/product_brand?post=956"},{"taxonomy":"product_cat","embeddable":true,"href":"https:\/\/daltec.ch\/de\/wp-json\/wp\/v2\/product_cat?post=956"},{"taxonomy":"product_tag","embeddable":true,"href":"https:\/\/daltec.ch\/de\/wp-json\/wp\/v2\/product_tag?post=956"}],"curies":[{"name":"wp","href":"https:\/\/api.w.org\/{rel}","templated":true}]}}