{"id":1569,"date":"2024-06-27T12:14:08","date_gmt":"2024-06-27T12:14:08","guid":{"rendered":"https:\/\/demo.shrinkwaterindia.com\/?page_id=1569"},"modified":"2025-07-17T06:27:24","modified_gmt":"2025-07-17T06:27:24","slug":"reparaturenmfk","status":"publish","type":"page","link":"https:\/\/daltec.ch\/fr\/reparaturenmfk","title":{"rendered":"R\u00e9parations &amp; Expertises"},"content":{"rendered":"<div class=\"wpb-content-wrapper\"><div class=\"vc_row wpb_row row top-row\"><div class=\"vc_column_container col-md-12\"><div class=\"wpb_wrapper vc_column-inner\">\n\t<div class=\"wpb_text_column wpb_content_element center\" >\n\t\t<div class=\"wpb_wrapper\">\n\t\t\t<h2>MFK &amp; Reparaturen<\/h2>\n\n\t\t<\/div>\n\t<\/div>\n<\/div><\/div><\/div><div class=\"vc_row wpb_row row top-row vc_row-o-equal-height vc_row-o-content-middle vc_row-flex\"><div class=\"vc_column_container col-md-6\"><div class=\"wpb_wrapper vc_column-inner\">\n\t<div class=\"wpb_single_image wpb_content_element vc_align_center\">\n\t\t<div class=\"wpb_wrapper\">\n\t\t\t\n\t\t\t<div class=\"vc_single_image-wrapper   vc_box_border_grey\"><img loading=\"lazy\" decoding=\"async\" width=\"1600\" height=\"1200\" src=\"https:\/\/daltec.ch\/wp-content\/uploads\/2025\/07\/Werkstatt-Bild-Web.jpg\" class=\"vc_single_image-img attachment-full\" alt=\"\" title=\"Werkstatt Bild Web\" srcset=\"https:\/\/daltec.ch\/wp-content\/uploads\/2025\/07\/Werkstatt-Bild-Web.jpg 1600w, https:\/\/daltec.ch\/wp-content\/uploads\/2025\/07\/Werkstatt-Bild-Web-1024x768.jpg 1024w, https:\/\/daltec.ch\/wp-content\/uploads\/2025\/07\/Werkstatt-Bild-Web-768x576.jpg 768w, https:\/\/daltec.ch\/wp-content\/uploads\/2025\/07\/Werkstatt-Bild-Web-1536x1152.jpg 1536w, https:\/\/daltec.ch\/wp-content\/uploads\/2025\/07\/Werkstatt-Bild-Web-463x348.jpg 463w, https:\/\/daltec.ch\/wp-content\/uploads\/2025\/07\/Werkstatt-Bild-Web-640x480.jpg 640w, https:\/\/daltec.ch\/wp-content\/uploads\/2025\/07\/Werkstatt-Bild-Web-400x300.jpg 400w, https:\/\/daltec.ch\/wp-content\/uploads\/2025\/07\/Werkstatt-Bild-Web-600x450.jpg 600w\" sizes=\"auto, (max-width: 1600px) 100vw, 1600px\" \/><\/div>\n\t\t<\/div>\n\t<\/div>\n<\/div><\/div><div class=\"vc_column_container col-md-6\"><div class=\"wpb_wrapper vc_column-inner\">\n\t<div class=\"wpb_text_column wpb_content_element\" >\n\t\t<div class=\"wpb_wrapper\">\n\t\t\t<h4>Sie haben ein Pr\u00fcfaufgebot f\u00fcr Ihren Anh\u00e4nger bekommen?<\/h4>\n<p>F\u00fcr Pauschal sFr. 250,-\u00a0 k\u00f6nnen Sie uns Ihren Anh\u00e4nger zur Pr\u00fcfung und MFK Abnahme \u00fcberlassen.<\/p>\n<p>F\u00fcr diesen Tarif bekommen Sie folgende Leistungen:<\/p>\n<ul>\n<li>Reinigung und Sichtpr\u00fcfung des ganzen Anh\u00e4ngers inkl. Aufbau, Elektroanlage, Reifen und alle bewegliche Teile<\/li>\n<li>Technische Pr\u00fcfung \u2013 Bremsen und Dichtigkeit, Bremskontrolle inkl. Einstellung<\/li>\n<li>Fahrt zum Strassenverkehrsamt und Durchf\u00fchrung den Pr\u00fcfung OCN mit unseren Zugfahrzeug und unserem Personal Pr\u00fcfgeb\u00fchr<\/li>\n<\/ul>\n<p>Werden Reparaturen oder Ersatz n\u00f6tig, k\u00f6nnen wir diese zu g\u00fcnstigen Tarifen durchf\u00fchren.<\/p>\n\n\t\t<\/div>\n\t<\/div>\n<\/div><\/div><\/div><div class=\"vc_row wpb_row row top-row\"><div class=\"vc_column_container col-md-12\"><div class=\"wpb_wrapper vc_column-inner\">\n\t<div class=\"wpb_text_column wpb_content_element\" >\n\t\t<div class=\"wpb_wrapper\">\n\t\t\t<style type=\"text\/css\" scoped>.rbs_gallery_6a04effedd0f1Spinner{\r\n\t\t\t\tmargin: 50px auto;\r\n\t\t\t\twidth: 50px;\r\n\t\t\t\theight: 40px;\r\n\t\t\t\ttext-align: center;\r\n\t\t\t\tfont-size: 10px;\r\n\t\t\t}\r\n\t\t\t.rbs_gallery_6a04effedd0f1Spinner > div{\r\n\t\t\t  background-color: #333;\r\n\t\t\t  height: 100%;\r\n\t\t\t  width: 6px;\r\n\t\t\t  display: inline-block;\r\n\t\t\t  -webkit-animation: rbs_gallery_6a04effedd0f1-stretchdelay 1.2s infinite ease-in-out;\r\n\t\t\t  animation: rbs_gallery_6a04effedd0f1-stretchdelay 1.2s infinite ease-in-out;\r\n\t\t\t}\r\n\t\t\t.rbs_gallery_6a04effedd0f1Spinner .rbs_gallery_6a04effedd0f1Rect2 {\r\n\t\t\t  -webkit-animation-delay: -1.1s;\r\n\t\t\t  animation-delay: -1.1s;\r\n\t\t\t}\r\n\t\t\t.rbs_gallery_6a04effedd0f1Spinner .rbs_gallery_6a04effedd0f1Rect3 {\r\n\t\t\t  -webkit-animation-delay: -1.0s;\r\n\t\t\t  animation-delay: -1.0s;\r\n\t\t\t}\r\n\t\t\t.rbs_gallery_6a04effedd0f1Spinner .rbs_gallery_6a04effedd0f1Rect4 {\r\n\t\t\t  -webkit-animation-delay: -0.9s;\r\n\t\t\t  animation-delay: -0.9s;\r\n\t\t\t}\r\n\t\t\t.rbs_gallery_6a04effedd0f1Spinner .rbs_gallery_6a04effedd0f1Rect5 {\r\n\t\t\t  -webkit-animation-delay: -0.8s;\r\n\t\t\t  animation-delay: -0.8s;\r\n\t\t\t}\r\n\t\t\t@-webkit-keyframes rbs_gallery_6a04effedd0f1-stretchdelay {\r\n\t\t\t  0%, 40%, 100% { -webkit-transform: scaleY(0.4) }  \r\n\t\t\t  20% { -webkit-transform: scaleY(1.0) }\r\n\t\t\t}\r\n\t\t\t@keyframes rbs_gallery_6a04effedd0f1-stretchdelay {\r\n\t\t\t  0%, 40%, 100% { \r\n\t\t\t    transform: scaleY(0.4);\r\n\t\t\t    -webkit-transform: scaleY(0.4);\r\n\t\t\t  }  20% { \r\n\t\t\t    transform: scaleY(1.0);\r\n\t\t\t    -webkit-transform: scaleY(1.0);\r\n\t\t\t  }\r\n\t\t\t}\r\n\t\t<\/style><div class=\"robo-gallery-wrap robo-gallery-wrap-id1581 robo-gallery-polaroid\" ><div id=\"rbs_gallery_6a04effedd0f1-block-loader\" class=\"rbs_gallery_6a04effedd0f1Spinner\"><div class=\"rbs_gallery_6a04effedd0f1Rect1\"><\/div> <div class=\"rbs_gallery_6a04effedd0f1Rect2\"><\/div> <div class=\"rbs_gallery_6a04effedd0f1Rect3\"><\/div> <div class=\"rbs_gallery_6a04effedd0f1Rect4\"><\/div> <div class=\"rbs_gallery_6a04effedd0f1Rect5\"><\/div><\/div><div id=\"robo_gallery_main_block_rbs_gallery_6a04effedd0f1\" class=\"robogallery-gallery-1581\" style=\"width:100%;  display: none;\"><div id=\"rbs_gallery_6a04effedd0f1\" data-options=\"rbs_gallery_6a04effedd0f1\" style=\"width:100%;\" class=\"robo_gallery  \"><div class=\"rbs-img  category1581 \" ><div class=\"rbs-img-image   rbs-lightbox \" ><div class=\"rbs-img-thumbs\"  data-thumbnail=\"https:\/\/daltec.ch\/wp-content\/uploads\/2024\/06\/IMG_4258-300x225.jpg\"  title=\"IMG_4258\"  data-width=\"300\"  data-height=\"225\" ><\/div><div class=\"rbs-img-data-popup\"  data-popup=\"https:\/\/daltec.ch\/wp-content\/uploads\/2024\/06\/IMG_4258.jpg\"  title=\"IMG_4258\" ><\/div><div class=\"thumbnail-overlay\"><div class=\"rbsIcons\"><i class=\"fa fa-th rbsZoomIcon \" ><\/i><\/div><\/div><\/div><div class=\"rbs-img-content\">IMG_4258<\/div><\/div><div class=\"rbs-img  category1581 \" ><div class=\"rbs-img-image   rbs-lightbox \" ><div class=\"rbs-img-thumbs\"  data-thumbnail=\"https:\/\/daltec.ch\/wp-content\/uploads\/2024\/06\/IMG_4595-300x225.jpg\"  title=\"IMG_4595\"  data-width=\"300\"  data-height=\"225\" ><\/div><div class=\"rbs-img-data-popup\"  data-popup=\"https:\/\/daltec.ch\/wp-content\/uploads\/2024\/06\/IMG_4595.jpg\"  title=\"IMG_4595\" ><\/div><div class=\"thumbnail-overlay\"><div class=\"rbsIcons\"><i class=\"fa fa-th rbsZoomIcon \" ><\/i><\/div><\/div><\/div><div class=\"rbs-img-content\">IMG_4595<\/div><\/div><div class=\"rbs-img  category1581 \" ><div class=\"rbs-img-image   rbs-lightbox \" ><div class=\"rbs-img-thumbs\"  data-thumbnail=\"https:\/\/daltec.ch\/wp-content\/uploads\/2024\/06\/IMG_4588-300x225.jpg\"  title=\"IMG_4588\"  data-width=\"300\"  data-height=\"225\" ><\/div><div class=\"rbs-img-data-popup\"  data-popup=\"https:\/\/daltec.ch\/wp-content\/uploads\/2024\/06\/IMG_4588.jpg\"  title=\"IMG_4588\" ><\/div><div class=\"thumbnail-overlay\"><div class=\"rbsIcons\"><i class=\"fa fa-th rbsZoomIcon \" ><\/i><\/div><\/div><\/div><div class=\"rbs-img-content\">IMG_4588<\/div><\/div><div class=\"rbs-img  category1581 \" ><div class=\"rbs-img-image   rbs-lightbox \" ><div class=\"rbs-img-thumbs\"  data-thumbnail=\"https:\/\/daltec.ch\/wp-content\/uploads\/2024\/06\/IMG_4585-300x225.jpg\"  title=\"IMG_4585\"  data-width=\"300\"  data-height=\"225\" ><\/div><div class=\"rbs-img-data-popup\"  data-popup=\"https:\/\/daltec.ch\/wp-content\/uploads\/2024\/06\/IMG_4585.jpg\"  title=\"IMG_4585\" ><\/div><div class=\"thumbnail-overlay\"><div class=\"rbsIcons\"><i class=\"fa fa-th rbsZoomIcon \" ><\/i><\/div><\/div><\/div><div class=\"rbs-img-content\">IMG_4585<\/div><\/div><div class=\"rbs-img  category1581 \" ><div class=\"rbs-img-image   rbs-lightbox \" ><div class=\"rbs-img-thumbs\"  data-thumbnail=\"https:\/\/daltec.ch\/wp-content\/uploads\/2024\/06\/IMG_4560-300x225.jpg\"  title=\"IMG_4560\"  data-width=\"300\"  data-height=\"225\" ><\/div><div class=\"rbs-img-data-popup\"  data-popup=\"https:\/\/daltec.ch\/wp-content\/uploads\/2024\/06\/IMG_4560.jpg\"  title=\"IMG_4560\" ><\/div><div class=\"thumbnail-overlay\"><div class=\"rbsIcons\"><i class=\"fa fa-th rbsZoomIcon \" ><\/i><\/div><\/div><\/div><div class=\"rbs-img-content\">IMG_4560<\/div><\/div><div class=\"rbs-img  category1581 \" ><div class=\"rbs-img-image   rbs-lightbox \" ><div class=\"rbs-img-thumbs\"  data-thumbnail=\"https:\/\/daltec.ch\/wp-content\/uploads\/2024\/06\/IMG_4556-300x225.jpg\"  title=\"IMG_4556\"  data-width=\"300\"  data-height=\"225\" ><\/div><div class=\"rbs-img-data-popup\"  data-popup=\"https:\/\/daltec.ch\/wp-content\/uploads\/2024\/06\/IMG_4556.jpg\"  title=\"IMG_4556\" ><\/div><div class=\"thumbnail-overlay\"><div class=\"rbsIcons\"><i class=\"fa fa-th rbsZoomIcon \" ><\/i><\/div><\/div><\/div><div class=\"rbs-img-content\">IMG_4556<\/div><\/div><div class=\"rbs-img  category1581 \" ><div class=\"rbs-img-image   rbs-lightbox \" ><div class=\"rbs-img-thumbs\"  data-thumbnail=\"https:\/\/daltec.ch\/wp-content\/uploads\/2024\/06\/IMG_4554-300x225.jpg\"  title=\"IMG_4554\"  data-width=\"300\"  data-height=\"225\" ><\/div><div class=\"rbs-img-data-popup\"  data-popup=\"https:\/\/daltec.ch\/wp-content\/uploads\/2024\/06\/IMG_4554.jpg\"  title=\"IMG_4554\" ><\/div><div class=\"thumbnail-overlay\"><div class=\"rbsIcons\"><i class=\"fa fa-th rbsZoomIcon \" ><\/i><\/div><\/div><\/div><div class=\"rbs-img-content\">IMG_4554<\/div><\/div><div class=\"rbs-img  category1581 \" ><div class=\"rbs-img-image   rbs-lightbox \" ><div class=\"rbs-img-thumbs\"  data-thumbnail=\"https:\/\/daltec.ch\/wp-content\/uploads\/2024\/06\/IMG_4260-300x225.jpg\"  title=\"IMG_4260\"  data-width=\"300\"  data-height=\"225\" ><\/div><div class=\"rbs-img-data-popup\"  data-popup=\"https:\/\/daltec.ch\/wp-content\/uploads\/2024\/06\/IMG_4260.jpg\"  title=\"IMG_4260\" ><\/div><div class=\"thumbnail-overlay\"><div class=\"rbsIcons\"><i class=\"fa fa-th rbsZoomIcon \" ><\/i><\/div><\/div><\/div><div class=\"rbs-img-content\">IMG_4260<\/div><\/div><\/div><\/div><\/div><script>var rbs_gallery_6a04effedd0f1 = {\"version\":\"5.1.4\",\"id\":1581,\"class\":\"id1581\",\"roboGalleryDelay\":1000,\"mainContainer\":\"#robo_gallery_main_block_rbs_gallery_6a04effedd0f1\",\"loadingContainer\":\"#rbs_gallery_6a04effedd0f1-block-loader\",\"loadingContainerObj\":\"rbs_gallery_6a04effedd0f1-block-loader\",\"columnWidth\":\"auto\",\"columns\":3,\"resolutions\":[{\"columnWidth\":\"auto\",\"columns\":3,\"maxWidth\":960},{\"columnWidth\":\"auto\",\"columns\":2,\"maxWidth\":650},{\"columnWidth\":\"auto\",\"columns\":1,\"maxWidth\":450}],\"hideTitle\":true,\"lightboxOptions\":{\"gallery\":{\"enabled\":true,\"tCounter\":\"%curr% of %total%\"}},\"borderSize\":5,\"overlayEffect\":\"direction-aware-fade\",\"boxesToLoadStart\":12,\"boxesToLoad\":8,\"waitUntilThumbLoads\":1,\"LoadingWord\":\"Loading...\",\"loadMoreWord\":\"Load More\",\"noMoreEntriesWord\":\"No More Entries\",\"horizontalSpaceBetweenBoxes\":15,\"verticalSpaceBetweenBoxes\":15,\"lazyLoad\":1,\"wrapContainer\":\"#robo-gallery-wrap-rbs_gallery_6a04effedd0f1\"};<\/script>\n\n\t\t<\/div>\n\t<\/div>\n<\/div><\/div><\/div>\n<\/div>","protected":false},"excerpt":{"rendered":"MFK &amp; Reparaturen Sie haben ein Pr\u00fcfaufgebot f\u00fcr Ihren Anh\u00e4nger bekommen? F\u00fcr Pauschal sFr. 250,-\u00a0 k\u00f6nnen Sie uns Ihren Anh\u00e4nger zur Pr\u00fcfung und MFK Abnahme \u00fcberlassen. F\u00fcr diesen Tarif bekommen Sie folgende Leistungen: Reinigung und Sichtpr\u00fcfung des ganzen Anh\u00e4ngers inkl. Aufbau, Elektroanlage, Reifen und alle bewegliche Teile Technische Pr\u00fcfung \u2013 Bremsen und Dichtigkeit, Bremskontrolle inkl. [...]","protected":false},"author":1,"featured_media":0,"parent":0,"menu_order":0,"comment_status":"closed","ping_status":"closed","template":"","meta":{"_acf_changed":false,"footnotes":""},"class_list":["post-1569","page","type-page","status-publish","hentry"],"acf":[],"yoast_head":"<!-- This site is optimized with the Yoast SEO plugin v27.4 - https:\/\/yoast.com\/product\/yoast-seo-wordpress\/ -->\n<title>Reparaturen+MFK - Daltec<\/title>\n<meta name=\"robots\" content=\"index, follow, max-snippet:-1, max-image-preview:large, max-video-preview:-1\" \/>\n<link rel=\"canonical\" href=\"https:\/\/daltec.ch\/fr\/reparaturenmfk\/\" \/>\n<meta property=\"og:locale\" content=\"fr_FR\" \/>\n<meta property=\"og:type\" content=\"article\" \/>\n<meta property=\"og:title\" content=\"Reparaturen+MFK - Daltec\" \/>\n<meta property=\"og:url\" content=\"https:\/\/daltec.ch\/fr\/reparaturenmfk\/\" \/>\n<meta property=\"og:site_name\" content=\"Daltec\" \/>\n<meta property=\"article:publisher\" content=\"https:\/\/www.facebook.com\/DaltecAG\" \/>\n<meta property=\"article:modified_time\" content=\"2025-07-17T06:27:24+00:00\" \/>\n<meta name=\"twitter:card\" content=\"summary_large_image\" \/>\n<meta name=\"twitter:label1\" content=\"Dur\u00e9e de lecture estim\u00e9e\" \/>\n\t<meta name=\"twitter:data1\" content=\"1 minute\" \/>\n<script type=\"application\/ld+json\" class=\"yoast-schema-graph\">{\"@context\":\"https:\\\/\\\/schema.org\",\"@graph\":[{\"@type\":\"WebPage\",\"@id\":\"https:\\\/\\\/daltec.ch\\\/reparaturenmfk\",\"url\":\"https:\\\/\\\/daltec.ch\\\/reparaturenmfk\",\"name\":\"Reparaturen+MFK - Daltec\",\"isPartOf\":{\"@id\":\"https:\\\/\\\/daltec.ch\\\/fr\\\/#website\"},\"datePublished\":\"2024-06-27T12:14:08+00:00\",\"dateModified\":\"2025-07-17T06:27:24+00:00\",\"breadcrumb\":{\"@id\":\"https:\\\/\\\/daltec.ch\\\/reparaturenmfk#breadcrumb\"},\"inLanguage\":\"fr-FR\",\"potentialAction\":[{\"@type\":\"ReadAction\",\"target\":[\"https:\\\/\\\/daltec.ch\\\/reparaturenmfk\"]}]},{\"@type\":\"BreadcrumbList\",\"@id\":\"https:\\\/\\\/daltec.ch\\\/reparaturenmfk#breadcrumb\",\"itemListElement\":[{\"@type\":\"ListItem\",\"position\":1,\"name\":\"Startseite\",\"item\":\"https:\\\/\\\/daltec.ch\\\/\"},{\"@type\":\"ListItem\",\"position\":2,\"name\":\"Reparaturen+MFK\"}]},{\"@type\":\"WebSite\",\"@id\":\"https:\\\/\\\/daltec.ch\\\/fr\\\/#website\",\"url\":\"https:\\\/\\\/daltec.ch\\\/fr\\\/\",\"name\":\"Daltec Trailers\",\"description\":\"\",\"publisher\":{\"@id\":\"https:\\\/\\\/daltec.ch\\\/fr\\\/#organization\"},\"potentialAction\":[{\"@type\":\"SearchAction\",\"target\":{\"@type\":\"EntryPoint\",\"urlTemplate\":\"https:\\\/\\\/daltec.ch\\\/fr\\\/?s={search_term_string}\"},\"query-input\":{\"@type\":\"PropertyValueSpecification\",\"valueRequired\":true,\"valueName\":\"search_term_string\"}}],\"inLanguage\":\"fr-FR\"},{\"@type\":\"Organization\",\"@id\":\"https:\\\/\\\/daltec.ch\\\/fr\\\/#organization\",\"name\":\"Daltec AG\",\"url\":\"https:\\\/\\\/daltec.ch\\\/fr\\\/\",\"logo\":{\"@type\":\"ImageObject\",\"inLanguage\":\"fr-FR\",\"@id\":\"https:\\\/\\\/daltec.ch\\\/fr\\\/#\\\/schema\\\/logo\\\/image\\\/\",\"url\":\"https:\\\/\\\/daltec.ch\\\/wp-content\\\/uploads\\\/2025\\\/08\\\/dlteclogo.webp\",\"contentUrl\":\"https:\\\/\\\/daltec.ch\\\/wp-content\\\/uploads\\\/2025\\\/08\\\/dlteclogo.webp\",\"width\":500,\"height\":195,\"caption\":\"Daltec AG\"},\"image\":{\"@id\":\"https:\\\/\\\/daltec.ch\\\/fr\\\/#\\\/schema\\\/logo\\\/image\\\/\"},\"sameAs\":[\"https:\\\/\\\/www.facebook.com\\\/DaltecAG\"]}]}<\/script>\n<!-- \/ Yoast SEO plugin. -->","yoast_head_json":{"title":"Reparaturen+MFK - Daltec","robots":{"index":"index","follow":"follow","max-snippet":"max-snippet:-1","max-image-preview":"max-image-preview:large","max-video-preview":"max-video-preview:-1"},"canonical":"https:\/\/daltec.ch\/fr\/reparaturenmfk\/","og_locale":"fr_FR","og_type":"article","og_title":"Reparaturen+MFK - Daltec","og_url":"https:\/\/daltec.ch\/fr\/reparaturenmfk\/","og_site_name":"Daltec","article_publisher":"https:\/\/www.facebook.com\/DaltecAG","article_modified_time":"2025-07-17T06:27:24+00:00","twitter_card":"summary_large_image","twitter_misc":{"Dur\u00e9e de lecture estim\u00e9e":"1 minute"},"schema":{"@context":"https:\/\/schema.org","@graph":[{"@type":"WebPage","@id":"https:\/\/daltec.ch\/reparaturenmfk","url":"https:\/\/daltec.ch\/reparaturenmfk","name":"Reparaturen+MFK - Daltec","isPartOf":{"@id":"https:\/\/daltec.ch\/fr\/#website"},"datePublished":"2024-06-27T12:14:08+00:00","dateModified":"2025-07-17T06:27:24+00:00","breadcrumb":{"@id":"https:\/\/daltec.ch\/reparaturenmfk#breadcrumb"},"inLanguage":"fr-FR","potentialAction":[{"@type":"ReadAction","target":["https:\/\/daltec.ch\/reparaturenmfk"]}]},{"@type":"BreadcrumbList","@id":"https:\/\/daltec.ch\/reparaturenmfk#breadcrumb","itemListElement":[{"@type":"ListItem","position":1,"name":"Startseite","item":"https:\/\/daltec.ch\/"},{"@type":"ListItem","position":2,"name":"Reparaturen+MFK"}]},{"@type":"WebSite","@id":"https:\/\/daltec.ch\/fr\/#website","url":"https:\/\/daltec.ch\/fr\/","name":"Daltec Trailers","description":"","publisher":{"@id":"https:\/\/daltec.ch\/fr\/#organization"},"potentialAction":[{"@type":"SearchAction","target":{"@type":"EntryPoint","urlTemplate":"https:\/\/daltec.ch\/fr\/?s={search_term_string}"},"query-input":{"@type":"PropertyValueSpecification","valueRequired":true,"valueName":"search_term_string"}}],"inLanguage":"fr-FR"},{"@type":"Organization","@id":"https:\/\/daltec.ch\/fr\/#organization","name":"Daltec AG","url":"https:\/\/daltec.ch\/fr\/","logo":{"@type":"ImageObject","inLanguage":"fr-FR","@id":"https:\/\/daltec.ch\/fr\/#\/schema\/logo\/image\/","url":"https:\/\/daltec.ch\/wp-content\/uploads\/2025\/08\/dlteclogo.webp","contentUrl":"https:\/\/daltec.ch\/wp-content\/uploads\/2025\/08\/dlteclogo.webp","width":500,"height":195,"caption":"Daltec AG"},"image":{"@id":"https:\/\/daltec.ch\/fr\/#\/schema\/logo\/image\/"},"sameAs":["https:\/\/www.facebook.com\/DaltecAG"]}]}},"_links":{"self":[{"href":"https:\/\/daltec.ch\/fr\/wp-json\/wp\/v2\/pages\/1569","targetHints":{"allow":["GET"]}}],"collection":[{"href":"https:\/\/daltec.ch\/fr\/wp-json\/wp\/v2\/pages"}],"about":[{"href":"https:\/\/daltec.ch\/fr\/wp-json\/wp\/v2\/types\/page"}],"author":[{"embeddable":true,"href":"https:\/\/daltec.ch\/fr\/wp-json\/wp\/v2\/users\/1"}],"replies":[{"embeddable":true,"href":"https:\/\/daltec.ch\/fr\/wp-json\/wp\/v2\/comments?post=1569"}],"version-history":[{"count":6,"href":"https:\/\/daltec.ch\/fr\/wp-json\/wp\/v2\/pages\/1569\/revisions"}],"predecessor-version":[{"id":3125,"href":"https:\/\/daltec.ch\/fr\/wp-json\/wp\/v2\/pages\/1569\/revisions\/3125"}],"wp:attachment":[{"href":"https:\/\/daltec.ch\/fr\/wp-json\/wp\/v2\/media?parent=1569"}],"curies":[{"name":"wp","href":"https:\/\/api.w.org\/{rel}","templated":true}]}}