{"id":198,"date":"2024-03-05T11:22:14","date_gmt":"2024-03-05T11:22:14","guid":{"rendered":"https:\/\/demo.shrinkwaterindia.com\/?page_id=198"},"modified":"2024-12-14T14:19:29","modified_gmt":"2024-12-14T14:19:29","slug":"ueber-uns","status":"publish","type":"page","link":"https:\/\/daltec.ch\/fr\/ueber-uns","title":{"rendered":"\u00e0 propos de nous"},"content":{"rendered":"<div class=\"wpb-content-wrapper\"><div class=\"vc_row wpb_row row top-row about-row\"><div class=\"vc_column_container col-md-6\"><div class=\"wpb_wrapper vc_column-inner\">\n\t<div class=\"wpb_text_column wpb_content_element\" >\n\t\t<div class=\"wpb_wrapper\">\n\t\t\t<h2>\u00e0 propos de nous<\/h2>\n<h5>DALTEC TRAILERS<\/h5>\n<ul>\n<li>34 ans d\u2019exp\u00e9riences et plus de 34'000 v\u00e9hicules Daltec sur les routes Suisses! Des constructions et des remorques individuelles. La plus grande gamme de remorques en Suisse.<\/li>\n<li>Un choix vari\u00e9 de mod\u00e8les standards et individualis\u00e9 dans plus de 20 cat\u00e9gories de produits des meilleurs producteurs de l\u2019Europe. Trouvez un large choix de mod\u00e8les de diff\u00e9rents constructeurs dans notre Outlet-Shop!<\/li>\n<li>Constructions sur mesures et individuels font parties des comp\u00e9tences principales de notre entreprise. Remorques de vente, Food Truck et diff\u00e9rents montages sont construits individuellement et am\u00e9nag\u00e9s par notre \u00e9quipe.<\/li>\n<li>Repr\u00e9sentant exclusif de remorques AGADOS et TOMPLAN pour la Suisse. Remorques et pi\u00e8ces d\u00e9tach\u00e9es de haute qualit\u00e9!<\/li>\n<li>Atelier de r\u00e9paration efficace et grand stock de pi\u00e8ces d\u00e9tach\u00e9es pour le maintien de votre remorques. Une \u00e9quipe exp\u00e9riment\u00e9e se charge au mieux de votre v\u00e9hicule.<\/li>\n<li>R\u00e9seau de partenaires et revendeurs dans toute la Suisse! Demandez-nous une adresse.<\/li>\n<\/ul>\n<p>Venez visiter notre exposition permanente \u00e0 Avenches (30 mn en voiture depuis Berne, 10 mn \u00e0 pied de la gare). Vous pourrez vous convaincre de la haute qualit\u00e9 de nos remorques. De nombreuses remorques sont expertis\u00e9es du jour et disponibles de suite.<\/p>\n<p><strong>Nous nous r\u00e9jouissons de vous accueillir.<\/strong><\/p>\n\n\t\t<\/div>\n\t<\/div>\n<\/div><\/div><div class=\"vc_column_container col-md-6\"><div class=\"wpb_wrapper vc_column-inner\"><div class=\"vc_row wpb_row vc_inner row\"><div class=\"vc_column_container col-md-5\"><div class=\"wpb_wrapper vc_column-inner\">\n\t<div class=\"wpb_single_image wpb_content_element vc_align_center\">\n\t\t<div class=\"wpb_wrapper\">\n\t\t\t\n\t\t\t<div class=\"vc_single_image-wrapper   vc_box_border_grey\"><img loading=\"lazy\" decoding=\"async\" width=\"716\" height=\"772\" src=\"https:\/\/daltec.ch\/wp-content\/uploads\/2024\/03\/3.webp\" class=\"vc_single_image-img attachment-full\" alt=\"\" title=\"3\" srcset=\"https:\/\/daltec.ch\/wp-content\/uploads\/2024\/03\/3.webp 716w, https:\/\/daltec.ch\/wp-content\/uploads\/2024\/03\/3-600x647.webp 600w, https:\/\/daltec.ch\/wp-content\/uploads\/2024\/03\/3-640x690.webp 640w, https:\/\/daltec.ch\/wp-content\/uploads\/2024\/03\/3-400x431.webp 400w\" sizes=\"auto, (max-width: 716px) 100vw, 716px\" \/><\/div>\n\t\t<\/div>\n\t<\/div>\n<\/div><\/div><div class=\"vc_column_container col-md-7\"><div class=\"wpb_wrapper vc_column-inner\">\n\t<div class=\"wpb_single_image wpb_content_element vc_align_center\">\n\t\t<div class=\"wpb_wrapper\">\n\t\t\t\n\t\t\t<div class=\"vc_single_image-wrapper   vc_box_border_grey\"><img loading=\"lazy\" decoding=\"async\" width=\"762\" height=\"575\" src=\"https:\/\/daltec.ch\/wp-content\/uploads\/2024\/03\/uber-uns-2.webp\" class=\"vc_single_image-img attachment-full\" alt=\"\" title=\"uber-uns-2\" srcset=\"https:\/\/daltec.ch\/wp-content\/uploads\/2024\/03\/uber-uns-2.webp 762w, https:\/\/daltec.ch\/wp-content\/uploads\/2024\/03\/uber-uns-2-600x453.webp 600w, https:\/\/daltec.ch\/wp-content\/uploads\/2024\/03\/uber-uns-2-463x348.webp 463w, https:\/\/daltec.ch\/wp-content\/uploads\/2024\/03\/uber-uns-2-640x483.webp 640w, https:\/\/daltec.ch\/wp-content\/uploads\/2024\/03\/uber-uns-2-400x302.webp 400w\" sizes=\"auto, (max-width: 762px) 100vw, 762px\" \/><\/div>\n\t\t<\/div>\n\t<\/div>\n<\/div><\/div><\/div><div class=\"vc_row wpb_row vc_inner row\"><div class=\"vc_column_container col-md-12\"><div class=\"wpb_wrapper vc_column-inner\">\n\t<div class=\"wpb_single_image wpb_content_element vc_align_center\">\n\t\t<div class=\"wpb_wrapper\">\n\t\t\t\n\t\t\t<div class=\"vc_single_image-wrapper   vc_box_border_grey\"><img loading=\"lazy\" decoding=\"async\" width=\"951\" height=\"492\" src=\"https:\/\/daltec.ch\/wp-content\/uploads\/2024\/03\/uber-uns-3.webp\" class=\"vc_single_image-img attachment-full\" alt=\"\" title=\"uber-uns-3\" srcset=\"https:\/\/daltec.ch\/wp-content\/uploads\/2024\/03\/uber-uns-3.webp 951w, https:\/\/daltec.ch\/wp-content\/uploads\/2024\/03\/uber-uns-3-600x310.webp 600w, https:\/\/daltec.ch\/wp-content\/uploads\/2024\/03\/uber-uns-3-768x397.webp 768w, https:\/\/daltec.ch\/wp-content\/uploads\/2024\/03\/uber-uns-3-640x331.webp 640w, https:\/\/daltec.ch\/wp-content\/uploads\/2024\/03\/uber-uns-3-400x207.webp 400w\" sizes=\"auto, (max-width: 951px) 100vw, 951px\" \/><\/div>\n\t\t<\/div>\n\t<\/div>\n<\/div><\/div><\/div><\/div><\/div><\/div><div class=\"vc_row wpb_row row top-row members-grid\"><div class=\"vc_column_container col-md-12\"><div class=\"wpb_wrapper vc_column-inner\">\n\t<div class=\"wpb_text_column wpb_content_element center\" >\n\t\t<div class=\"wpb_wrapper\">\n\t\t\t<h2>NOS EMPLOY\u00c9S<\/h2>\n\n\t\t<\/div>\n\t<\/div>\n<div class=\"porto-feature-box wpb_content_element\"><div class=\"feature-box feature-box-primary feature-box-style-1\"><div class=\"feature-box-info p-none\"><div class=\"porto-sicon-box  wpb_custom_6bd3ea43243bb56571d580d187f8d1d7 style_1 top-icon\"><div class=\"porto-sicon-top\"><div id=\"porto-icon-11131228566a04ef3bde35d\" class=\"porto-just-icon-wrapper porto-sicon-img\" style=\"\"><img loading=\"lazy\" decoding=\"async\" class=\"img-icon\" alt=\"\" src=\"https:\/\/daltec.ch\/wp-content\/uploads\/2024\/04\/Pedro_Lopes.webp\" width=\"450\" height=\"630\" \/><\/div><\/div><div class=\"porto-sicon-header\"><h3 class=\"porto-sicon-title\" style=\"\">Pedro Lopes<\/h3><p>Commercial<\/p><\/div> <!-- header --><\/div><!-- porto-sicon-box -->\n\t<div class=\"wpb_raw_code wpb_raw_html wpb_content_element\" >\n\t\t<div class=\"wpb_wrapper\">\n\t\t\t<div class=\"link-icons\">\n<a href=\"tel:0266753040\"><i class=\"fas fa-phone\"><\/i><\/a>\n<a href=\"tel:0783150210\"><i class=\"fas fa-mobile-alt\"><\/i><\/a>\n<a href=\"mailto:verkauf@daltec.ch\"><i class=\"fas fa-envelope\"><\/i><\/a>\n<\/div>\n\t\t<\/div>\n\t<\/div>\n<\/div><\/div><\/div><div class=\"porto-feature-box wpb_content_element\"><div class=\"feature-box feature-box-primary feature-box-style-1\"><div class=\"feature-box-info p-none\"><div class=\"porto-sicon-box  wpb_custom_6bd3ea43243bb56571d580d187f8d1d7 style_1 top-icon\"><div class=\"porto-sicon-top\"><div id=\"porto-icon-9042037676a04ef3bdeb17\" class=\"porto-just-icon-wrapper porto-sicon-img\" style=\"\"><img loading=\"lazy\" decoding=\"async\" class=\"img-icon\" alt=\"\" src=\"https:\/\/daltec.ch\/wp-content\/uploads\/2024\/04\/Christof_Von_Gruenigen.webp\" width=\"450\" height=\"630\" \/><\/div><\/div><div class=\"porto-sicon-header\"><h3 class=\"porto-sicon-title\" style=\"\">Christof von Gr\u00fcnigen<\/h3><p>Commercial<\/p><\/div> <!-- header --><\/div><!-- porto-sicon-box -->\n\t<div class=\"wpb_raw_code wpb_raw_html wpb_content_element\" >\n\t\t<div class=\"wpb_wrapper\">\n\t\t\t<div class=\"link-icons\">\n<a href=\"tel:0266753040\"><i class=\"fas fa-phone\"><\/i><\/a>\n<a href=\"mailto:vente@daltec.ch\"><i class=\"fas fa-envelope\"><\/i><\/a>\n<\/div>\n\t\t<\/div>\n\t<\/div>\n<\/div><\/div><\/div><div class=\"porto-feature-box wpb_content_element\"><div class=\"feature-box feature-box-primary feature-box-style-1\"><div class=\"feature-box-info p-none\"><div class=\"porto-sicon-box  wpb_custom_6bd3ea43243bb56571d580d187f8d1d7 style_1 top-icon\"><div class=\"porto-sicon-top\"><div id=\"porto-icon-8881975946a04ef3bdf23e\" class=\"porto-just-icon-wrapper porto-sicon-img\" style=\"\"><img loading=\"lazy\" decoding=\"async\" class=\"img-icon\" alt=\"\" src=\"https:\/\/daltec.ch\/wp-content\/uploads\/2024\/04\/Nathalie_Montag.webp\" width=\"450\" height=\"630\" \/><\/div><\/div><div class=\"porto-sicon-header\"><h3 class=\"porto-sicon-title\" style=\"\">Nathalie Montag<\/h3><p>Achats &amp; Expertises v\u00e9hicules<\/p><\/div> <!-- header --><\/div><!-- porto-sicon-box -->\n\t<div class=\"wpb_raw_code wpb_raw_html wpb_content_element\" >\n\t\t<div class=\"wpb_wrapper\">\n\t\t\t<div class=\"link-icons\">\n<a href=\"tel:0266753039\"><i class=\"fas fa-phone\"><\/i><\/a>\n<a href=\"mailto:pc@daltec.ch\"><i class=\"fas fa-envelope\"><\/i><\/a>\n<\/div>\n\t\t<\/div>\n\t<\/div>\n<\/div><\/div><\/div><div class=\"porto-feature-box wpb_content_element\"><div class=\"feature-box feature-box-primary feature-box-style-1\"><div class=\"feature-box-info p-none\"><div class=\"porto-sicon-box  wpb_custom_6bd3ea43243bb56571d580d187f8d1d7 style_1 top-icon\"><div class=\"porto-sicon-top\"><div id=\"porto-icon-10799575756a04ef3bdf926\" class=\"porto-just-icon-wrapper porto-sicon-img\" style=\"\"><img loading=\"lazy\" decoding=\"async\" class=\"img-icon\" alt=\"\" src=\"https:\/\/daltec.ch\/wp-content\/uploads\/2024\/04\/Jordan_Montag.webp\" width=\"450\" height=\"630\" \/><\/div><\/div><div class=\"porto-sicon-header\"><h3 class=\"porto-sicon-title\" style=\"\">Jordan Montag<\/h3><p>Responsable atelier<\/p><\/div> <!-- header --><\/div><!-- porto-sicon-box -->\n\t<div class=\"wpb_raw_code wpb_raw_html wpb_content_element\" >\n\t\t<div class=\"wpb_wrapper\">\n\t\t\t<div class=\"link-icons\">\n<a href=\"tel:0265500147\"><i class=\"fas fa-phone\"><\/i><\/a>\n<a href=\"tel:0783195439\"><i class=\"fas fa-mobile-alt\"><\/i><\/a>\n<a href=\"mailto:at@daltec.ch\"><i class=\"fas fa-envelope\"><\/i><\/a>\n<\/div>\n\t\t<\/div>\n\t<\/div>\n<\/div><\/div><\/div><div class=\"porto-feature-box wpb_content_element\"><div class=\"feature-box feature-box-primary feature-box-style-1\"><div class=\"feature-box-info p-none\"><div class=\"porto-sicon-box  wpb_custom_6bd3ea43243bb56571d580d187f8d1d7 style_1 top-icon\"><div class=\"porto-sicon-top\"><div id=\"porto-icon-6286194706a04ef3bdffee\" class=\"porto-just-icon-wrapper porto-sicon-img\" style=\"\"><img loading=\"lazy\" decoding=\"async\" class=\"img-icon\" alt=\"\" src=\"https:\/\/daltec.ch\/wp-content\/uploads\/2024\/04\/Patrik_Messeli.webp\" width=\"450\" height=\"630\" \/><\/div><\/div><div class=\"porto-sicon-header\"><h3 class=\"porto-sicon-title\" style=\"\">Patrik Messeli<\/h3><p>Pi\u00e8ces d\u00e9tach\u00e9es<\/p><\/div> <!-- header --><\/div><!-- porto-sicon-box -->\n\t<div class=\"wpb_raw_code wpb_raw_html wpb_content_element\" >\n\t\t<div class=\"wpb_wrapper\">\n\t\t\t<div class=\"link-icons\">\n<a href=\"tel:0265500145\"><i class=\"fas fa-phone\"><\/i><\/a>\n<a href=\"mailto:parts@daltec.ch\"><i class=\"fas fa-envelope\"><\/i><\/a>\n<\/div>\n\t\t<\/div>\n\t<\/div>\n<\/div><\/div><\/div><div class=\"porto-feature-box wpb_content_element\"><div class=\"feature-box feature-box-primary feature-box-style-1\"><div class=\"feature-box-info p-none\"><div class=\"porto-sicon-box  wpb_custom_6bd3ea43243bb56571d580d187f8d1d7 style_1 top-icon\"><div class=\"porto-sicon-top\"><div id=\"porto-icon-5335616466a04ef3be06fa\" class=\"porto-just-icon-wrapper porto-sicon-img\" style=\"\"><img loading=\"lazy\" decoding=\"async\" class=\"img-icon\" alt=\"\" src=\"https:\/\/daltec.ch\/wp-content\/uploads\/2024\/09\/Marta_Pozorska.webp\" width=\"450\" height=\"630\" \/><\/div><\/div><div class=\"porto-sicon-header\"><h3 class=\"porto-sicon-title\" style=\"\">Marta Pozorska<\/h3><p>Finances &amp; RH<\/p><\/div> <!-- header --><\/div><!-- porto-sicon-box -->\n\t<div class=\"wpb_raw_code wpb_raw_html wpb_content_element\" >\n\t\t<div class=\"wpb_wrapper\">\n\t\t\t<div class=\"link-icons\">\n<a href=\"tel:0265500144\"><i class=\"fas fa-phone\"><\/i><\/a>\n<a href=\"mailto:co@daltec.ch\"><i class=\"fas fa-envelope\"><\/i><\/a>\n<\/div>\n\t\t<\/div>\n\t<\/div>\n<\/div><\/div><\/div><div class=\"porto-feature-box wpb_content_element\"><div class=\"feature-box feature-box-primary feature-box-style-1\"><div class=\"feature-box-info p-none\"><div class=\"porto-sicon-box  wpb_custom_6bd3ea43243bb56571d580d187f8d1d7 style_1 top-icon\"><div class=\"porto-sicon-top\"><div id=\"porto-icon-1179743466a04ef3be0dde\" class=\"porto-just-icon-wrapper porto-sicon-img\" style=\"\"><img loading=\"lazy\" decoding=\"async\" class=\"img-icon\" alt=\"\" src=\"https:\/\/daltec.ch\/wp-content\/uploads\/2024\/04\/image.webp\" width=\"450\" height=\"630\" \/><\/div><\/div><div class=\"porto-sicon-header\"><h3 class=\"porto-sicon-title\" style=\"\">Daniela<\/h3><p>Marketing<\/p><\/div> <!-- header --><\/div><!-- porto-sicon-box -->\n\t<div class=\"wpb_raw_code wpb_raw_html wpb_content_element\" >\n\t\t<div class=\"wpb_wrapper\">\n\t\t\t<div class=\"link-icons\">\n<a href=\"tel:0266753040\"><i class=\"fas fa-phone\"><\/i><\/a>\n<a href=\"tel:0788909006\"><i class=\"fas fa-mobile-alt\"><\/i><\/a>\n<a href=\"mailto:marketing@daltec.ch\"><i class=\"fas fa-envelope\"><\/i><\/a>\n<\/div>\n\t\t<\/div>\n\t<\/div>\n<\/div><\/div><\/div><div class=\"porto-feature-box wpb_content_element\"><div class=\"feature-box feature-box-primary feature-box-style-1\"><div class=\"feature-box-info p-none\"><div class=\"porto-sicon-box  wpb_custom_6bd3ea43243bb56571d580d187f8d1d7 style_1 top-icon\"><div class=\"porto-sicon-top\"><div id=\"porto-icon-3345310526a04ef3be113f\" class=\"porto-just-icon-wrapper porto-sicon-img\" style=\"\"><img loading=\"lazy\" decoding=\"async\" class=\"img-icon\" alt=\"\" src=\"https:\/\/daltec.ch\/wp-content\/uploads\/2024\/04\/image.webp\" width=\"450\" height=\"630\" \/><\/div><\/div><div class=\"porto-sicon-header\"><h3 class=\"porto-sicon-title\" style=\"\">Ruth von Gr\u00fcnigen<\/h3><p>Broyeur<\/p><\/div> <!-- header --><\/div><!-- porto-sicon-box -->\n\t<div class=\"wpb_raw_code wpb_raw_html wpb_content_element\" >\n\t\t<div class=\"wpb_wrapper\">\n\t\t\t<div class=\"link-icons\">\n<a href=\"tel:0266753040\"><i class=\"fas fa-phone\"><\/i><\/a>\n<a href=\"tel:0792326488\"><i class=\"fas fa-mobile-alt\"><\/i><\/a>\n<a href=\"mailto:daltec@daltec.ch\"><i class=\"fas fa-envelope\"><\/i><\/a>\n<\/div>\n\t\t<\/div>\n\t<\/div>\n<\/div><\/div><\/div><div class=\"porto-feature-box wpb_content_element\"><div class=\"feature-box feature-box-primary feature-box-style-1\"><div class=\"feature-box-info p-none\"><div class=\"porto-sicon-box  wpb_custom_6bd3ea43243bb56571d580d187f8d1d7 style_1 top-icon\"><div class=\"porto-sicon-top\"><div id=\"porto-icon-21340117546a04ef3be1807\" class=\"porto-just-icon-wrapper porto-sicon-img\" style=\"\"><img loading=\"lazy\" decoding=\"async\" class=\"img-icon\" alt=\"\" src=\"https:\/\/daltec.ch\/wp-content\/uploads\/2024\/05\/Daniel.webp\" width=\"450\" height=\"630\" \/><\/div><\/div><div class=\"porto-sicon-header\"><h3 class=\"porto-sicon-title\" style=\"\">Daniel von Gr\u00fcnigen<\/h3><p>Propri\u00e9taire - Commercial<\/p><\/div> <!-- header --><\/div><!-- porto-sicon-box -->\n\t<div class=\"wpb_raw_code wpb_raw_html wpb_content_element\" >\n\t\t<div class=\"wpb_wrapper\">\n\t\t\t<div class=\"link-icons\">\n<a href=\"tel:0266753040\"><i class=\"fas fa-phone\"><\/i><\/a>\n<a href=\"tel:0796061040\"><i class=\"fas fa-mobile-alt\"><\/i><\/a>\n<a href=\"mailto:daniel@daltec.ch\"><i class=\"fas fa-envelope\"><\/i><\/a>\n<\/div>\n\t\t<\/div>\n\t<\/div>\n<\/div><\/div><\/div><div class=\"porto-feature-box wpb_content_element\"><div class=\"feature-box feature-box-primary feature-box-style-1\"><div class=\"feature-box-info p-none\"><div class=\"porto-sicon-box  wpb_custom_6bd3ea43243bb56571d580d187f8d1d7 style_1 top-icon\"><div class=\"porto-sicon-top\"><div id=\"porto-icon-10444434946a04ef3be1eed\" class=\"porto-just-icon-wrapper porto-sicon-img\" style=\"\"><img loading=\"lazy\" decoding=\"async\" class=\"img-icon\" alt=\"\" src=\"https:\/\/daltec.ch\/wp-content\/uploads\/2024\/04\/Fisnik_Zekolli.webp\" width=\"450\" height=\"630\" \/><\/div><\/div><div class=\"porto-sicon-header\"><h3 class=\"porto-sicon-title\" style=\"\">Fisnik Zekolli<\/h3><p>Apprenti administration<\/p><\/div> <!-- header --><\/div><!-- porto-sicon-box -->\n\t<div class=\"wpb_raw_code wpb_raw_html wpb_content_element\" >\n\t\t<div class=\"wpb_wrapper\">\n\t\t\t<div class=\"link-icons\">\n<a href=\"tel:0266753040\"><i class=\"fas fa-phone\"><\/i><\/a>\n<a href=\"mailto:daltec@daltec.ch\"><i class=\"fas fa-envelope\"><\/i><\/a>\n<\/div>\n\t\t<\/div>\n\t<\/div>\n<\/div><\/div><\/div><div class=\"porto-feature-box wpb_content_element\"><div class=\"feature-box feature-box-primary feature-box-style-1\"><div class=\"feature-box-info p-none\"><div class=\"porto-sicon-box  wpb_custom_6bd3ea43243bb56571d580d187f8d1d7 style_1 top-icon\"><div class=\"porto-sicon-top\"><div id=\"porto-icon-12232756186a04ef3be25b0\" class=\"porto-just-icon-wrapper porto-sicon-img\" style=\"\"><img loading=\"lazy\" decoding=\"async\" class=\"img-icon\" alt=\"\" src=\"https:\/\/daltec.ch\/wp-content\/uploads\/2024\/04\/Carlos_Corucho.webp\" width=\"450\" height=\"630\" \/><\/div><\/div><div class=\"porto-sicon-header\"><h3 class=\"porto-sicon-title\" style=\"\">Carlos Corucho<\/h3><p>Atelier - m\u00e9canicien<\/p><\/div> <!-- header --><\/div><!-- porto-sicon-box -->\n\t<div class=\"wpb_raw_code wpb_raw_html wpb_content_element\" >\n\t\t<div class=\"wpb_wrapper\">\n\t\t\t<div class=\"link-icons\">\n<a href=\"tel:0266753040\"><i class=\"fas fa-phone\"><\/i><\/a>\n<a href=\"mailto:daltec@daltec.ch\"><i class=\"fas fa-envelope\"><\/i><\/a>\n<\/div>\n\t\t<\/div>\n\t<\/div>\n<\/div><\/div><\/div><div class=\"porto-feature-box wpb_content_element\"><div class=\"feature-box feature-box-primary feature-box-style-1\"><div class=\"feature-box-info p-none\"><div class=\"porto-sicon-box  wpb_custom_6bd3ea43243bb56571d580d187f8d1d7 style_1 top-icon\"><div class=\"porto-sicon-top\"><div id=\"porto-icon-12814559026a04ef3be2c8c\" class=\"porto-just-icon-wrapper porto-sicon-img\" style=\"\"><img loading=\"lazy\" decoding=\"async\" class=\"img-icon\" alt=\"\" src=\"https:\/\/daltec.ch\/wp-content\/uploads\/2024\/04\/Antonio_Ribeiro.webp\" width=\"450\" height=\"630\" \/><\/div><\/div><div class=\"porto-sicon-header\"><h3 class=\"porto-sicon-title\" style=\"\">Antonio Ribeiro<\/h3><p>Atelier - m\u00e9canicien<\/p><\/div> <!-- header --><\/div><!-- porto-sicon-box -->\n\t<div class=\"wpb_raw_code wpb_raw_html wpb_content_element\" >\n\t\t<div class=\"wpb_wrapper\">\n\t\t\t<div class=\"link-icons\">\n<a href=\"tel:0266753040\"><i class=\"fas fa-phone\"><\/i><\/a>\n<a href=\"mailto:daltec@daltec.ch\"><i class=\"fas fa-envelope\"><\/i><\/a>\n<\/div>\n\t\t<\/div>\n\t<\/div>\n<\/div><\/div><\/div><\/div><\/div><\/div>\n<\/div>","protected":false},"excerpt":{"rendered":"\u00dcber uns DALTEC TRAILERS 34 Jahre Branchenerfahrung und \u00fcber 34'000 Daltec-Anh\u00e4nger auf Schweizer Strassen! Individuelle Anh\u00e4nger und Aufbauten von Daltec. Die Gr\u00f6sste Auswahl an Anh\u00e4nger und Fahrzeuge der Schweiz! Vielf\u00e4ltige Auswahl von Standard- und Sondermodelle in \u00fcber 20 verschiedenen Produktgruppen von den besten Produzenten Europaweit. Findet viele Modelle verschiedener Hersteller im Outlet-Shop! Sonderanfertigungen bei Anh\u00e4ngern [...]","protected":false},"author":1,"featured_media":0,"parent":0,"menu_order":0,"comment_status":"closed","ping_status":"closed","template":"","meta":{"_acf_changed":false,"footnotes":""},"class_list":["post-198","page","type-page","status-publish","hentry"],"acf":[],"yoast_head":"<!-- This site is optimized with the Yoast SEO plugin v27.4 - https:\/\/yoast.com\/product\/yoast-seo-wordpress\/ -->\n<title>\u00dcber uns - Daltec<\/title>\n<meta name=\"robots\" content=\"index, follow, max-snippet:-1, max-image-preview:large, max-video-preview:-1\" \/>\n<link rel=\"canonical\" href=\"https:\/\/daltec.ch\/fr\/ueber-uns\/\" \/>\n<meta property=\"og:locale\" content=\"fr_FR\" \/>\n<meta property=\"og:type\" content=\"article\" \/>\n<meta property=\"og:title\" content=\"\u00dcber uns - Daltec\" \/>\n<meta property=\"og:url\" content=\"https:\/\/daltec.ch\/fr\/ueber-uns\/\" \/>\n<meta property=\"og:site_name\" content=\"Daltec\" \/>\n<meta property=\"article:publisher\" content=\"https:\/\/www.facebook.com\/DaltecAG\" \/>\n<meta property=\"article:modified_time\" content=\"2024-12-14T14:19:29+00:00\" \/>\n<meta name=\"twitter:card\" content=\"summary_large_image\" \/>\n<meta name=\"twitter:label1\" content=\"Dur\u00e9e de lecture estim\u00e9e\" \/>\n\t<meta name=\"twitter:data1\" content=\"6 minutes\" \/>\n<script type=\"application\/ld+json\" class=\"yoast-schema-graph\">{\"@context\":\"https:\\\/\\\/schema.org\",\"@graph\":[{\"@type\":\"WebPage\",\"@id\":\"https:\\\/\\\/daltec.ch\\\/ueber-uns\",\"url\":\"https:\\\/\\\/daltec.ch\\\/ueber-uns\",\"name\":\"\u00dcber uns - Daltec\",\"isPartOf\":{\"@id\":\"https:\\\/\\\/daltec.ch\\\/fr\\\/#website\"},\"datePublished\":\"2024-03-05T11:22:14+00:00\",\"dateModified\":\"2024-12-14T14:19:29+00:00\",\"breadcrumb\":{\"@id\":\"https:\\\/\\\/daltec.ch\\\/ueber-uns#breadcrumb\"},\"inLanguage\":\"fr-FR\",\"potentialAction\":[{\"@type\":\"ReadAction\",\"target\":[\"https:\\\/\\\/daltec.ch\\\/ueber-uns\"]}]},{\"@type\":\"BreadcrumbList\",\"@id\":\"https:\\\/\\\/daltec.ch\\\/ueber-uns#breadcrumb\",\"itemListElement\":[{\"@type\":\"ListItem\",\"position\":1,\"name\":\"Startseite\",\"item\":\"https:\\\/\\\/daltec.ch\\\/\"},{\"@type\":\"ListItem\",\"position\":2,\"name\":\"\u00dcber uns\"}]},{\"@type\":\"WebSite\",\"@id\":\"https:\\\/\\\/daltec.ch\\\/fr\\\/#website\",\"url\":\"https:\\\/\\\/daltec.ch\\\/fr\\\/\",\"name\":\"Daltec Trailers\",\"description\":\"\",\"publisher\":{\"@id\":\"https:\\\/\\\/daltec.ch\\\/fr\\\/#organization\"},\"potentialAction\":[{\"@type\":\"SearchAction\",\"target\":{\"@type\":\"EntryPoint\",\"urlTemplate\":\"https:\\\/\\\/daltec.ch\\\/fr\\\/?s={search_term_string}\"},\"query-input\":{\"@type\":\"PropertyValueSpecification\",\"valueRequired\":true,\"valueName\":\"search_term_string\"}}],\"inLanguage\":\"fr-FR\"},{\"@type\":\"Organization\",\"@id\":\"https:\\\/\\\/daltec.ch\\\/fr\\\/#organization\",\"name\":\"Daltec AG\",\"url\":\"https:\\\/\\\/daltec.ch\\\/fr\\\/\",\"logo\":{\"@type\":\"ImageObject\",\"inLanguage\":\"fr-FR\",\"@id\":\"https:\\\/\\\/daltec.ch\\\/fr\\\/#\\\/schema\\\/logo\\\/image\\\/\",\"url\":\"https:\\\/\\\/daltec.ch\\\/wp-content\\\/uploads\\\/2025\\\/08\\\/dlteclogo.webp\",\"contentUrl\":\"https:\\\/\\\/daltec.ch\\\/wp-content\\\/uploads\\\/2025\\\/08\\\/dlteclogo.webp\",\"width\":500,\"height\":195,\"caption\":\"Daltec AG\"},\"image\":{\"@id\":\"https:\\\/\\\/daltec.ch\\\/fr\\\/#\\\/schema\\\/logo\\\/image\\\/\"},\"sameAs\":[\"https:\\\/\\\/www.facebook.com\\\/DaltecAG\"]}]}<\/script>\n<!-- \/ Yoast SEO plugin. -->","yoast_head_json":{"title":"\u00dcber uns - Daltec","robots":{"index":"index","follow":"follow","max-snippet":"max-snippet:-1","max-image-preview":"max-image-preview:large","max-video-preview":"max-video-preview:-1"},"canonical":"https:\/\/daltec.ch\/fr\/ueber-uns\/","og_locale":"fr_FR","og_type":"article","og_title":"\u00dcber uns - Daltec","og_url":"https:\/\/daltec.ch\/fr\/ueber-uns\/","og_site_name":"Daltec","article_publisher":"https:\/\/www.facebook.com\/DaltecAG","article_modified_time":"2024-12-14T14:19:29+00:00","twitter_card":"summary_large_image","twitter_misc":{"Dur\u00e9e de lecture estim\u00e9e":"6 minutes"},"schema":{"@context":"https:\/\/schema.org","@graph":[{"@type":"WebPage","@id":"https:\/\/daltec.ch\/ueber-uns","url":"https:\/\/daltec.ch\/ueber-uns","name":"\u00dcber uns - Daltec","isPartOf":{"@id":"https:\/\/daltec.ch\/fr\/#website"},"datePublished":"2024-03-05T11:22:14+00:00","dateModified":"2024-12-14T14:19:29+00:00","breadcrumb":{"@id":"https:\/\/daltec.ch\/ueber-uns#breadcrumb"},"inLanguage":"fr-FR","potentialAction":[{"@type":"ReadAction","target":["https:\/\/daltec.ch\/ueber-uns"]}]},{"@type":"BreadcrumbList","@id":"https:\/\/daltec.ch\/ueber-uns#breadcrumb","itemListElement":[{"@type":"ListItem","position":1,"name":"Startseite","item":"https:\/\/daltec.ch\/"},{"@type":"ListItem","position":2,"name":"\u00dcber uns"}]},{"@type":"WebSite","@id":"https:\/\/daltec.ch\/fr\/#website","url":"https:\/\/daltec.ch\/fr\/","name":"Daltec Trailers","description":"","publisher":{"@id":"https:\/\/daltec.ch\/fr\/#organization"},"potentialAction":[{"@type":"SearchAction","target":{"@type":"EntryPoint","urlTemplate":"https:\/\/daltec.ch\/fr\/?s={search_term_string}"},"query-input":{"@type":"PropertyValueSpecification","valueRequired":true,"valueName":"search_term_string"}}],"inLanguage":"fr-FR"},{"@type":"Organization","@id":"https:\/\/daltec.ch\/fr\/#organization","name":"Daltec AG","url":"https:\/\/daltec.ch\/fr\/","logo":{"@type":"ImageObject","inLanguage":"fr-FR","@id":"https:\/\/daltec.ch\/fr\/#\/schema\/logo\/image\/","url":"https:\/\/daltec.ch\/wp-content\/uploads\/2025\/08\/dlteclogo.webp","contentUrl":"https:\/\/daltec.ch\/wp-content\/uploads\/2025\/08\/dlteclogo.webp","width":500,"height":195,"caption":"Daltec AG"},"image":{"@id":"https:\/\/daltec.ch\/fr\/#\/schema\/logo\/image\/"},"sameAs":["https:\/\/www.facebook.com\/DaltecAG"]}]}},"_links":{"self":[{"href":"https:\/\/daltec.ch\/fr\/wp-json\/wp\/v2\/pages\/198","targetHints":{"allow":["GET"]}}],"collection":[{"href":"https:\/\/daltec.ch\/fr\/wp-json\/wp\/v2\/pages"}],"about":[{"href":"https:\/\/daltec.ch\/fr\/wp-json\/wp\/v2\/types\/page"}],"author":[{"embeddable":true,"href":"https:\/\/daltec.ch\/fr\/wp-json\/wp\/v2\/users\/1"}],"replies":[{"embeddable":true,"href":"https:\/\/daltec.ch\/fr\/wp-json\/wp\/v2\/comments?post=198"}],"version-history":[{"count":39,"href":"https:\/\/daltec.ch\/fr\/wp-json\/wp\/v2\/pages\/198\/revisions"}],"predecessor-version":[{"id":2068,"href":"https:\/\/daltec.ch\/fr\/wp-json\/wp\/v2\/pages\/198\/revisions\/2068"}],"wp:attachment":[{"href":"https:\/\/daltec.ch\/fr\/wp-json\/wp\/v2\/media?parent=198"}],"curies":[{"name":"wp","href":"https:\/\/api.w.org\/{rel}","templated":true}]}}