{"id":1011,"date":"2024-06-21T06:09:06","date_gmt":"2024-06-21T06:09:06","guid":{"rendered":"https:\/\/demo.shrinkwaterindia.com\/?post_type=product&#038;p=1011"},"modified":"2025-07-16T09:54:59","modified_gmt":"2025-07-16T09:54:59","slug":"vt-2700-d-pt","status":"publish","type":"product","link":"https:\/\/daltec.ch\/fr\/product\/vt-2700-d-pt","title":{"rendered":"Daltec VT 2700 PT 3050x1700x2100 mm, 2700 Kg"},"content":{"rendered":"<p>D\u00e9velopp\u00e9 depuis plus de 20 ans, ce mod\u00e8le est conforme \u00e0 toutes les r\u00e9glementations en vigueur. La bonne solution pour les transports d'animaux conformes \u00e0 la protection des animaux. Il peut \u00eatre \u00e9quip\u00e9 sur demande d'une porte de service, d'une cloison, etc. Ainsi, vos animaux voyageront en toute s\u00e9curit\u00e9 et agr\u00e9ablement.<\/p>\n<p><em>*Les images peuvent contenir des options qui ne sont pas pr\u00e9sentes dans la version standard.<\/em><\/p>\n<p><strong>Equipement:<\/strong><\/p>\n<p><strong>Ch\u00e2ssis:<\/strong> Ch\u00e2ssis soud\u00e9 et galvanis\u00e9 \u00e0 chaud, timon en V, t\u00eate d\u2019attelage \u00e0 boule, c\u00e2ble de s\u00e9curit\u00e9, roue jockey renforc\u00e9e automatique, cale de roue avec support (2 pi\u00e8ces). Dispositif d'attelage AL-KO \/ KNOTT avec frein \u00e0 main, syst\u00e8me de recul automatique. 2 essieux AL-KO \/ KNOTT.<\/p>\n<p><strong>Montage et \u00e9quipement:<\/strong> Rahmen feuerverzinkt, Bordw\u00e4nde aus robusten Aluminiumhohlprofile 25mm, eloxiert, glatt. Laderampe links vorne mit Gummi belegt, mit Hebehilfe.Klappe mit Fenster \u00fcber Seitenrampe. Kombit\u00fcre \/Heckrampe federentlastet mit Gummi belegt, aussgestattet mit Seitengel\u00e4nder 1m hoch. \u00dcbergangsgummi bei Heckrampe und Seitenrampe. Kotfl\u00fcgel aus Aluriffelblech. Servicet\u00fcre rechts. L\u00fcftungsschieber vorne. Bindestange Innen. Dach aus Alu-Blech. Vorne Spoiler aerodynamisch aus Polyester. Heckplane selbstaufrollend. Innenbeleuchtung LED. Schlagschutz links und rechts. Trennwand schwenkbar und herausnehmbar mit PVC Schlagschutz und Brust-Heckstangen.<\/p>\n<p><strong>Sol:<\/strong> Aluminiumprofile rutschfest, mit Bodenbelag aus Gummi.<\/p>\n<p><strong>Eclairage:<\/strong> Selon les normes en vigueur, 12V, prise 13 p\u00f4les<\/p>","protected":false},"excerpt":{"rendered":"<h4>1 Anh\u00e4nger \u2013 2 L\u00f6sungen! Viehtransporter &amp; Pferdeanh\u00e4nger kombiniert<\/h4>\n<h6>Sp\u00e9cifications<\/h6>\n<table class=\"table\">\n<tbody>\n<tr>\n<th>Longueur int\u00e9rieure<\/th>\n<td>3050 <small>mm<\/small><\/td>\n<\/tr>\n<tr>\n<th>Largeur int\u00e9rieure<\/th>\n<td>1700 <small>mm<\/small><\/td>\n<\/tr>\n<tr>\n<th>Hauteur int\u00e9rieure<\/th>\n<td>2100 <small>mm<\/small><\/td>\n<\/tr>\n<tr>\n<th>Essieux<\/th>\n<td>2<small><\/small><\/td>\n<\/tr>\n<tr>\n<th>Poids total<\/th>\n<td>2700 <small>kg<\/small><\/td>\n<\/tr>\n<tr>\n<th>Charge utile<\/th>\n<td>1750 <small>kg<\/small><\/td>\n<\/tr>\n<tr>\n<th>Roues<\/th>\n<td>185 R 14 C<\/td>\n<\/tr>\n<tr>\n<th>Dimensions ext\u00e9rieures<\/th>\n<td>4615 x 2175 x 2750 <small>mm<\/small><\/td>\n<\/tr>\n<\/tbody>\n<\/table>\n<h6>Options<\/h6>\n<table>\n<tbody>\n<tr>\n<td>Aufpreis f\u00fcr Innenh\u00f6he 2300 mm (+ 20 cm)<\/td>\n<td>+ 450 CHF<\/td>\n<\/tr>\n<tr>\n<td>Ventilation suppl\u00e9mentaire dans profil aluminium<\/td>\n<td>+ 120 CHF \/ Stk.<\/td>\n<\/tr>\n<tr>\n<td>Barri\u00e8res de chargement sur rampe lat\u00e9rale<\/td>\n<td>+ 790 CHF<\/td>\n<\/tr>\n<tr>\n<td>S\u00e9paration int\u00e9rieure amovible<\/td>\n<td>+ 1&#8217;250 CHF<\/td>\n<\/tr>\n<tr>\n<td>Toit en t\u00f4le aluminium<\/td>\n<td>+ 710 CHF<\/td>\n<\/tr>\n<tr>\n<td>Antivol carr\u00e9 en acier pour t\u00eate d'attelage<\/td>\n<td>+ 30 CHF<\/td>\n<\/tr>\n<tr>\n<td>Roue de secours avec support<\/td>\n<td>+ 210 CHF<\/td>\n<\/tr>\n<tr>\n<td>\u0152illet DIN \u00e0 l'avant au lieu de la t\u00eate d'attelage \u00e0 boule<\/td>\n<td>+ 220 CHF<\/td>\n<\/tr>\n<tr>\n<td>Diverse Optionen f\u00fcr Pferdetransport (Binde\u00f6sen, Bruststangen, Fenster, usw.)<\/td>\n<td>Auf Anfrage erh\u00e4ltich<\/td>\n<\/tr>\n<\/tbody>\n<\/table>\n<p><em>Les prix ne s'appliquent qu'aux remorques command\u00e9es directement avec des options. Pour les remorques en stock, les prix peuvent varier si des options doivent \u00eatre ajout\u00e9es ult\u00e9rieurement.<\/em><\/p>","protected":false},"featured_media":2937,"comment_status":"open","ping_status":"closed","template":"","meta":{"_acf_changed":false},"product_brand":[],"product_cat":[239,237],"product_tag":[],"class_list":{"0":"post-1011","1":"product","2":"type-product","3":"status-publish","4":"has-post-thumbnail","6":"product_cat-grosstiertransportanhaenger","7":"product_cat-tiertransportanhaenger","9":"first","10":"instock","11":"featured","12":"shipping-taxable","13":"purchasable","14":"product-type-simple"},"acf":[],"yoast_head":"<!-- This site is optimized with the Yoast SEO plugin v27.4 - https:\/\/yoast.com\/product\/yoast-seo-wordpress\/ -->\n<title>Daltec VT 2700 PT 3050x1700x2100 mm, 2700 Kg - Daltec<\/title>\n<meta name=\"robots\" content=\"index, follow, max-snippet:-1, max-image-preview:large, max-video-preview:-1\" \/>\n<link rel=\"canonical\" href=\"https:\/\/daltec.ch\/fr\/product\/vt-2700-d-pt\/\" \/>\n<meta property=\"og:locale\" content=\"fr_FR\" \/>\n<meta property=\"og:type\" content=\"article\" \/>\n<meta property=\"og:title\" content=\"Daltec VT 2700 PT 3050x1700x2100 mm, 2700 Kg - Daltec\" \/>\n<meta property=\"og:description\" content=\"1 Anh\u00e4nger \u2013 2 L\u00f6sungen! Viehtransporter &amp; Pferdeanh\u00e4nger kombiniert Technische Daten    Innenl\u00e4nge 3050 mm   Innenbreite 1700 mm   Innenh\u00f6he 2100 mm   Achsen 2   Gesamtgewicht 2700 kg   Nutzlast 1750 kg   R\u00e4der 185 R 14 C   Aussenmassen 4615 x 2175 x 2750 mm    Optionen    Aufpreis f\u00fcr Innenh\u00f6he 2300 mm (+ 20 cm) + 450 CHF   Zus\u00e4tzliche Ventilation im Aluprofil + 120 CHF \/ Stk.   Seitengel\u00e4nder vorne auf Seitenrampe + 790 CHF   Trennwand innen verstellbar montiert + 1&#039;250 CHF   Dach aus Alu-Blech + 710 CHF   Diebstahlschloss Kasten f\u00fcr Kugelkupplung + 30 CHF   Reserverad mit Halter + 210 CHF   Zug\u00f6se DIN vorne an Stelle von Kugelkupplung + 220 CHF   Diverse Optionen f\u00fcr Pferdetransport (Binde\u00f6sen, Bruststangen, Fenster, usw.) Auf Anfrage erh\u00e4ltich    * Preise gilten nur f\u00fcr Anh\u00e4nger direkt bestellt mit Optionen. Bei Lageranh\u00e4nger k\u00f6nnen die Preise variieren wenn Optionen nachtr\u00e4glich hinzugef\u00fcgt werden m\u00fcssen.\" \/>\n<meta property=\"og:url\" content=\"https:\/\/daltec.ch\/fr\/product\/vt-2700-d-pt\/\" \/>\n<meta property=\"og:site_name\" content=\"Daltec\" \/>\n<meta property=\"article:publisher\" content=\"https:\/\/www.facebook.com\/DaltecAG\" \/>\n<meta property=\"article:modified_time\" content=\"2025-07-16T09:54:59+00:00\" \/>\n<meta property=\"og:image\" content=\"https:\/\/daltec.ch\/wp-content\/uploads\/2024\/06\/vt-d-pt_2-1.webp\" \/>\n\t<meta property=\"og:image:width\" content=\"2000\" \/>\n\t<meta property=\"og:image:height\" content=\"2000\" \/>\n\t<meta property=\"og:image:type\" content=\"image\/webp\" \/>\n<meta name=\"twitter:card\" content=\"summary_large_image\" \/>\n<meta name=\"twitter:label1\" content=\"Dur\u00e9e de lecture estim\u00e9e\" \/>\n\t<meta name=\"twitter:data1\" content=\"1 minute\" \/>\n<script type=\"application\/ld+json\" class=\"yoast-schema-graph\">{\"@context\":\"https:\\\/\\\/schema.org\",\"@graph\":[{\"@type\":\"WebPage\",\"@id\":\"https:\\\/\\\/daltec.ch\\\/product\\\/vt-2700-d-pt\",\"url\":\"https:\\\/\\\/daltec.ch\\\/product\\\/vt-2700-d-pt\",\"name\":\"Daltec VT 2700 PT 3050x1700x2100 mm, 2700 Kg - Daltec\",\"isPartOf\":{\"@id\":\"https:\\\/\\\/daltec.ch\\\/fr\\\/#website\"},\"primaryImageOfPage\":{\"@id\":\"https:\\\/\\\/daltec.ch\\\/product\\\/vt-2700-d-pt#primaryimage\"},\"image\":{\"@id\":\"https:\\\/\\\/daltec.ch\\\/product\\\/vt-2700-d-pt#primaryimage\"},\"thumbnailUrl\":\"https:\\\/\\\/daltec.ch\\\/wp-content\\\/uploads\\\/2024\\\/06\\\/vt-d-pt_2-1.webp\",\"datePublished\":\"2024-06-21T06:09:06+00:00\",\"dateModified\":\"2025-07-16T09:54:59+00:00\",\"breadcrumb\":{\"@id\":\"https:\\\/\\\/daltec.ch\\\/product\\\/vt-2700-d-pt#breadcrumb\"},\"inLanguage\":\"fr-FR\",\"potentialAction\":[{\"@type\":\"ReadAction\",\"target\":[\"https:\\\/\\\/daltec.ch\\\/product\\\/vt-2700-d-pt\"]}]},{\"@type\":\"ImageObject\",\"inLanguage\":\"fr-FR\",\"@id\":\"https:\\\/\\\/daltec.ch\\\/product\\\/vt-2700-d-pt#primaryimage\",\"url\":\"https:\\\/\\\/daltec.ch\\\/wp-content\\\/uploads\\\/2024\\\/06\\\/vt-d-pt_2-1.webp\",\"contentUrl\":\"https:\\\/\\\/daltec.ch\\\/wp-content\\\/uploads\\\/2024\\\/06\\\/vt-d-pt_2-1.webp\",\"width\":2000,\"height\":2000},{\"@type\":\"BreadcrumbList\",\"@id\":\"https:\\\/\\\/daltec.ch\\\/product\\\/vt-2700-d-pt#breadcrumb\",\"itemListElement\":[{\"@type\":\"ListItem\",\"position\":1,\"name\":\"Startseite\",\"item\":\"https:\\\/\\\/daltec.ch\\\/\"},{\"@type\":\"ListItem\",\"position\":2,\"name\":\"anhaenger\",\"item\":\"https:\\\/\\\/daltec.ch\\\/anhaenger\"},{\"@type\":\"ListItem\",\"position\":3,\"name\":\"Daltec VT 2700 PT 3050x1700x2100 mm, 2700 Kg\"}]},{\"@type\":\"WebSite\",\"@id\":\"https:\\\/\\\/daltec.ch\\\/fr\\\/#website\",\"url\":\"https:\\\/\\\/daltec.ch\\\/fr\\\/\",\"name\":\"Daltec Trailers\",\"description\":\"\",\"publisher\":{\"@id\":\"https:\\\/\\\/daltec.ch\\\/fr\\\/#organization\"},\"potentialAction\":[{\"@type\":\"SearchAction\",\"target\":{\"@type\":\"EntryPoint\",\"urlTemplate\":\"https:\\\/\\\/daltec.ch\\\/fr\\\/?s={search_term_string}\"},\"query-input\":{\"@type\":\"PropertyValueSpecification\",\"valueRequired\":true,\"valueName\":\"search_term_string\"}}],\"inLanguage\":\"fr-FR\"},{\"@type\":\"Organization\",\"@id\":\"https:\\\/\\\/daltec.ch\\\/fr\\\/#organization\",\"name\":\"Daltec AG\",\"url\":\"https:\\\/\\\/daltec.ch\\\/fr\\\/\",\"logo\":{\"@type\":\"ImageObject\",\"inLanguage\":\"fr-FR\",\"@id\":\"https:\\\/\\\/daltec.ch\\\/fr\\\/#\\\/schema\\\/logo\\\/image\\\/\",\"url\":\"https:\\\/\\\/daltec.ch\\\/wp-content\\\/uploads\\\/2025\\\/08\\\/dlteclogo.webp\",\"contentUrl\":\"https:\\\/\\\/daltec.ch\\\/wp-content\\\/uploads\\\/2025\\\/08\\\/dlteclogo.webp\",\"width\":500,\"height\":195,\"caption\":\"Daltec AG\"},\"image\":{\"@id\":\"https:\\\/\\\/daltec.ch\\\/fr\\\/#\\\/schema\\\/logo\\\/image\\\/\"},\"sameAs\":[\"https:\\\/\\\/www.facebook.com\\\/DaltecAG\"]}]}<\/script>\n<!-- \/ Yoast SEO plugin. -->","yoast_head_json":{"title":"Daltec VT 2700 PT 3050x1700x2100 mm, 2700 Kg - Daltec","robots":{"index":"index","follow":"follow","max-snippet":"max-snippet:-1","max-image-preview":"max-image-preview:large","max-video-preview":"max-video-preview:-1"},"canonical":"https:\/\/daltec.ch\/fr\/product\/vt-2700-d-pt\/","og_locale":"fr_FR","og_type":"article","og_title":"Daltec VT 2700 PT 3050x1700x2100 mm, 2700 Kg - Daltec","og_description":"1 Anh\u00e4nger \u2013 2 L\u00f6sungen! Viehtransporter &amp; Pferdeanh\u00e4nger kombiniert Technische Daten    Innenl\u00e4nge 3050 mm   Innenbreite 1700 mm   Innenh\u00f6he 2100 mm   Achsen 2   Gesamtgewicht 2700 kg   Nutzlast 1750 kg   R\u00e4der 185 R 14 C   Aussenmassen 4615 x 2175 x 2750 mm    Optionen    Aufpreis f\u00fcr Innenh\u00f6he 2300 mm (+ 20 cm) + 450 CHF   Zus\u00e4tzliche Ventilation im Aluprofil + 120 CHF \/ Stk.   Seitengel\u00e4nder vorne auf Seitenrampe + 790 CHF   Trennwand innen verstellbar montiert + 1'250 CHF   Dach aus Alu-Blech + 710 CHF   Diebstahlschloss Kasten f\u00fcr Kugelkupplung + 30 CHF   Reserverad mit Halter + 210 CHF   Zug\u00f6se DIN vorne an Stelle von Kugelkupplung + 220 CHF   Diverse Optionen f\u00fcr Pferdetransport (Binde\u00f6sen, Bruststangen, Fenster, usw.) Auf Anfrage erh\u00e4ltich    * Preise gilten nur f\u00fcr Anh\u00e4nger direkt bestellt mit Optionen. Bei Lageranh\u00e4nger k\u00f6nnen die Preise variieren wenn Optionen nachtr\u00e4glich hinzugef\u00fcgt werden m\u00fcssen.","og_url":"https:\/\/daltec.ch\/fr\/product\/vt-2700-d-pt\/","og_site_name":"Daltec","article_publisher":"https:\/\/www.facebook.com\/DaltecAG","article_modified_time":"2025-07-16T09:54:59+00:00","og_image":[{"width":2000,"height":2000,"url":"https:\/\/daltec.ch\/wp-content\/uploads\/2024\/06\/vt-d-pt_2-1.webp","type":"image\/webp"}],"twitter_card":"summary_large_image","twitter_misc":{"Dur\u00e9e de lecture estim\u00e9e":"1 minute"},"schema":{"@context":"https:\/\/schema.org","@graph":[{"@type":"WebPage","@id":"https:\/\/daltec.ch\/product\/vt-2700-d-pt","url":"https:\/\/daltec.ch\/product\/vt-2700-d-pt","name":"Daltec VT 2700 PT 3050x1700x2100 mm, 2700 Kg - Daltec","isPartOf":{"@id":"https:\/\/daltec.ch\/fr\/#website"},"primaryImageOfPage":{"@id":"https:\/\/daltec.ch\/product\/vt-2700-d-pt#primaryimage"},"image":{"@id":"https:\/\/daltec.ch\/product\/vt-2700-d-pt#primaryimage"},"thumbnailUrl":"https:\/\/daltec.ch\/wp-content\/uploads\/2024\/06\/vt-d-pt_2-1.webp","datePublished":"2024-06-21T06:09:06+00:00","dateModified":"2025-07-16T09:54:59+00:00","breadcrumb":{"@id":"https:\/\/daltec.ch\/product\/vt-2700-d-pt#breadcrumb"},"inLanguage":"fr-FR","potentialAction":[{"@type":"ReadAction","target":["https:\/\/daltec.ch\/product\/vt-2700-d-pt"]}]},{"@type":"ImageObject","inLanguage":"fr-FR","@id":"https:\/\/daltec.ch\/product\/vt-2700-d-pt#primaryimage","url":"https:\/\/daltec.ch\/wp-content\/uploads\/2024\/06\/vt-d-pt_2-1.webp","contentUrl":"https:\/\/daltec.ch\/wp-content\/uploads\/2024\/06\/vt-d-pt_2-1.webp","width":2000,"height":2000},{"@type":"BreadcrumbList","@id":"https:\/\/daltec.ch\/product\/vt-2700-d-pt#breadcrumb","itemListElement":[{"@type":"ListItem","position":1,"name":"Startseite","item":"https:\/\/daltec.ch\/"},{"@type":"ListItem","position":2,"name":"anhaenger","item":"https:\/\/daltec.ch\/anhaenger"},{"@type":"ListItem","position":3,"name":"Daltec VT 2700 PT 3050x1700x2100 mm, 2700 Kg"}]},{"@type":"WebSite","@id":"https:\/\/daltec.ch\/fr\/#website","url":"https:\/\/daltec.ch\/fr\/","name":"Daltec Trailers","description":"","publisher":{"@id":"https:\/\/daltec.ch\/fr\/#organization"},"potentialAction":[{"@type":"SearchAction","target":{"@type":"EntryPoint","urlTemplate":"https:\/\/daltec.ch\/fr\/?s={search_term_string}"},"query-input":{"@type":"PropertyValueSpecification","valueRequired":true,"valueName":"search_term_string"}}],"inLanguage":"fr-FR"},{"@type":"Organization","@id":"https:\/\/daltec.ch\/fr\/#organization","name":"Daltec AG","url":"https:\/\/daltec.ch\/fr\/","logo":{"@type":"ImageObject","inLanguage":"fr-FR","@id":"https:\/\/daltec.ch\/fr\/#\/schema\/logo\/image\/","url":"https:\/\/daltec.ch\/wp-content\/uploads\/2025\/08\/dlteclogo.webp","contentUrl":"https:\/\/daltec.ch\/wp-content\/uploads\/2025\/08\/dlteclogo.webp","width":500,"height":195,"caption":"Daltec AG"},"image":{"@id":"https:\/\/daltec.ch\/fr\/#\/schema\/logo\/image\/"},"sameAs":["https:\/\/www.facebook.com\/DaltecAG"]}]}},"_links":{"self":[{"href":"https:\/\/daltec.ch\/fr\/wp-json\/wp\/v2\/product\/1011","targetHints":{"allow":["GET"]}}],"collection":[{"href":"https:\/\/daltec.ch\/fr\/wp-json\/wp\/v2\/product"}],"about":[{"href":"https:\/\/daltec.ch\/fr\/wp-json\/wp\/v2\/types\/product"}],"replies":[{"embeddable":true,"href":"https:\/\/daltec.ch\/fr\/wp-json\/wp\/v2\/comments?post=1011"}],"wp:featuredmedia":[{"embeddable":true,"href":"https:\/\/daltec.ch\/fr\/wp-json\/wp\/v2\/media\/2937"}],"wp:attachment":[{"href":"https:\/\/daltec.ch\/fr\/wp-json\/wp\/v2\/media?parent=1011"}],"wp:term":[{"taxonomy":"product_brand","embeddable":true,"href":"https:\/\/daltec.ch\/fr\/wp-json\/wp\/v2\/product_brand?post=1011"},{"taxonomy":"product_cat","embeddable":true,"href":"https:\/\/daltec.ch\/fr\/wp-json\/wp\/v2\/product_cat?post=1011"},{"taxonomy":"product_tag","embeddable":true,"href":"https:\/\/daltec.ch\/fr\/wp-json\/wp\/v2\/product_tag?post=1011"}],"curies":[{"name":"wp","href":"https:\/\/api.w.org\/{rel}","templated":true}]}}