{"id":1030,"date":"2024-06-24T06:15:04","date_gmt":"2024-06-24T06:15:04","guid":{"rendered":"https:\/\/demo.shrinkwaterindia.com\/?post_type=product&#038;p=1030"},"modified":"2025-08-29T07:59:58","modified_gmt":"2025-08-29T07:59:58","slug":"hawai","status":"publish","type":"product","link":"https:\/\/daltec.ch\/fr\/product\/hawai","title":{"rendered":"Daltec Hawai Basic, 4200x2000x2300 mm, 2000 Kg"},"content":{"rendered":"<p><em><strong>Prix: voir liste de prix sur page d'accueil<\/strong><\/em><\/p>\n<p>La remorque de vente est bas\u00e9e sur les panneaux sandwich modernes. Les parois ext\u00e9rieures et int\u00e9rieures sont en polyester stratifi\u00e9 et l'isolation thermique en XPS-Styrodur, qui offre une tr\u00e8s bonne isolation thermique. En outre, il est plus durable et plus r\u00e9sistant \u00e0 l'humidit\u00e9 et \u00e0 la diffusion de vapeur d'eau. La remorque de la soci\u00e9t\u00e9 TOMPLAN a \u00e9t\u00e9 fabriqu\u00e9e avec des mat\u00e9riaux de la plus haute qualit\u00e9, ce qui permet une \u00e9tanch\u00e9it\u00e9 parfaite et une utilisation sans probl\u00e8me de la remorque.<br \/>\nPorte de service + 2 parois relevables et verrouillables, plans de travail, \u00e9lectricit\u00e9, petit tableau et 2 prises de courant 240V (type Euro)<\/p>\n<h4>Equipement:<\/h4>\n<p>Ch\u00e2ssis robuste et enti\u00e8rement galvanis\u00e9 avec timon en V Construction en panneaux sandwich - tr\u00e8s solide Isolation thermique - mousse Styrodur XPS Couche int\u00e9rieure et ext\u00e9rieure en stratifi\u00e9 polyester couleur blanche Bords, parois et toit renforc\u00e9s par des profil\u00e9s en aluminium, isolation thermique Rev\u00eatement de sol en PVC avec r\u00e9sistance accrue \u00e0 l'usure 2 grandes trappes de vente : 1 grande trappe de vente avec v\u00e9rins \u00e0 gaz dans la paroi lat\u00e9rale \u00e0 droite ou \u00e0 gauche + 1 trappe de vente \u00e0 l'arri\u00e8re Roue jockey ATK 60 4 b\u00e9quilles r\u00e9glables + manivelle pour un chargement en toute s\u00e9curit\u00e9 T\u00f4le de marche sur timon Porte d'entr\u00e9e dans la paroi avant, verrouillable + cl\u00e9 Prise 13 p\u00f4les<\/p>","protected":false},"excerpt":{"rendered":"<h5>Prix: voir liste de prix sur page d'accueil<\/h5>\n<p>Une remorque \u00e0 deux essieux avec 2 volets de vente.<\/p>\n<h4>Sp\u00e9cifications<\/h4>\n<table class=\"table\">\n<tbody>\n<tr>\n<th>Longueur int\u00e9rieure<\/th>\n<td>4200 <small>mm<\/small><\/td>\n<\/tr>\n<tr>\n<th>Largeur int\u00e9rieure<\/th>\n<td>2000 <small>mm<\/small><\/td>\n<\/tr>\n<tr>\n<th>Hauteur int\u00e9rieure<\/th>\n<td>2300 <small>mm<\/small><\/td>\n<\/tr>\n<tr>\n<th>Essieux<\/th>\n<td>2<small><\/small><\/td>\n<\/tr>\n<tr>\n<th>Poids total<\/th>\n<td>2000 <small>kg<\/small><\/td>\n<\/tr>\n<tr>\n<th>Charge utile<\/th>\n<td>945 <small>kg<\/small><\/td>\n<\/tr>\n<tr>\n<th>Roues<\/th>\n<td>165 R13C<\/td>\n<\/tr>\n<\/tbody>\n<\/table>","protected":false},"featured_media":817,"comment_status":"open","ping_status":"closed","template":"","meta":{"_acf_changed":false},"product_brand":[],"product_cat":[31],"product_tag":[],"class_list":{"0":"post-1030","1":"product","2":"type-product","3":"status-publish","4":"has-post-thumbnail","6":"product_cat-verkaufsfanhaenger","8":"first","9":"instock","10":"featured","11":"shipping-taxable","12":"purchasable","13":"product-type-simple"},"acf":[],"yoast_head":"<!-- This site is optimized with the Yoast SEO plugin v27.2 - https:\/\/yoast.com\/product\/yoast-seo-wordpress\/ -->\n<title>Daltec Hawai Basic, 4200x2000x2300 mm, 2000 Kg - Daltec<\/title>\n<meta name=\"robots\" content=\"index, follow, max-snippet:-1, max-image-preview:large, max-video-preview:-1\" \/>\n<link rel=\"canonical\" href=\"https:\/\/daltec.ch\/fr\/product\/hawai\/\" \/>\n<meta property=\"og:locale\" content=\"fr_FR\" \/>\n<meta property=\"og:type\" content=\"article\" \/>\n<meta property=\"og:title\" content=\"Daltec Hawai Basic, 4200x2000x2300 mm, 2000 Kg - Daltec\" \/>\n<meta property=\"og:description\" content=\"Preis: Siehe Preisliste auf Startseite Ein zweiachsiger Anh\u00e4nger mit 2 Verkaufsklappen. Technical data    L\u00e4nge 4200 mm   Breite 2000 mm   H\u00f6he 2300 mm   Achsen 2   Gesamtgewicht 2000 kg   Nutzlast 945 kg   R\u00e4der 165 R13C\" \/>\n<meta property=\"og:url\" content=\"https:\/\/daltec.ch\/fr\/product\/hawai\/\" \/>\n<meta property=\"og:site_name\" content=\"Daltec\" \/>\n<meta property=\"article:publisher\" content=\"https:\/\/www.facebook.com\/DaltecAG\" \/>\n<meta property=\"article:modified_time\" content=\"2025-08-29T07:59:58+00:00\" \/>\n<meta property=\"og:image\" content=\"https:\/\/daltec.ch\/wp-content\/uploads\/2024\/05\/iceland-2_9_1548078590.webp\" \/>\n\t<meta property=\"og:image:width\" content=\"800\" \/>\n\t<meta property=\"og:image:height\" content=\"580\" \/>\n\t<meta property=\"og:image:type\" content=\"image\/webp\" \/>\n<meta name=\"twitter:card\" content=\"summary_large_image\" \/>\n<meta name=\"twitter:label1\" content=\"Dur\u00e9e de lecture estim\u00e9e\" \/>\n\t<meta name=\"twitter:data1\" content=\"1 minute\" \/>\n<script type=\"application\/ld+json\" class=\"yoast-schema-graph\">{\"@context\":\"https:\/\/schema.org\",\"@graph\":[{\"@type\":\"WebPage\",\"@id\":\"https:\/\/daltec.ch\/product\/hawai\",\"url\":\"https:\/\/daltec.ch\/product\/hawai\",\"name\":\"Daltec Hawai Basic, 4200x2000x2300 mm, 2000 Kg - Daltec\",\"isPartOf\":{\"@id\":\"https:\/\/daltec.ch\/fr\/#website\"},\"primaryImageOfPage\":{\"@id\":\"https:\/\/daltec.ch\/product\/hawai#primaryimage\"},\"image\":{\"@id\":\"https:\/\/daltec.ch\/product\/hawai#primaryimage\"},\"thumbnailUrl\":\"https:\/\/daltec.ch\/wp-content\/uploads\/2024\/05\/iceland-2_9_1548078590.webp\",\"datePublished\":\"2024-06-24T06:15:04+00:00\",\"dateModified\":\"2025-08-29T07:59:58+00:00\",\"breadcrumb\":{\"@id\":\"https:\/\/daltec.ch\/product\/hawai#breadcrumb\"},\"inLanguage\":\"fr-FR\",\"potentialAction\":[{\"@type\":\"ReadAction\",\"target\":[\"https:\/\/daltec.ch\/product\/hawai\"]}]},{\"@type\":\"ImageObject\",\"inLanguage\":\"fr-FR\",\"@id\":\"https:\/\/daltec.ch\/product\/hawai#primaryimage\",\"url\":\"https:\/\/daltec.ch\/wp-content\/uploads\/2024\/05\/iceland-2_9_1548078590.webp\",\"contentUrl\":\"https:\/\/daltec.ch\/wp-content\/uploads\/2024\/05\/iceland-2_9_1548078590.webp\",\"width\":800,\"height\":580},{\"@type\":\"BreadcrumbList\",\"@id\":\"https:\/\/daltec.ch\/product\/hawai#breadcrumb\",\"itemListElement\":[{\"@type\":\"ListItem\",\"position\":1,\"name\":\"Startseite\",\"item\":\"https:\/\/daltec.ch\/\"},{\"@type\":\"ListItem\",\"position\":2,\"name\":\"anhaenger\",\"item\":\"https:\/\/daltec.ch\/anhaenger\"},{\"@type\":\"ListItem\",\"position\":3,\"name\":\"Daltec Hawai Basic, 4200x2000x2300 mm, 2000 Kg\"}]},{\"@type\":\"WebSite\",\"@id\":\"https:\/\/daltec.ch\/fr\/#website\",\"url\":\"https:\/\/daltec.ch\/fr\/\",\"name\":\"Daltec Trailers\",\"description\":\"\",\"publisher\":{\"@id\":\"https:\/\/daltec.ch\/fr\/#organization\"},\"potentialAction\":[{\"@type\":\"SearchAction\",\"target\":{\"@type\":\"EntryPoint\",\"urlTemplate\":\"https:\/\/daltec.ch\/fr\/?s={search_term_string}\"},\"query-input\":{\"@type\":\"PropertyValueSpecification\",\"valueRequired\":true,\"valueName\":\"search_term_string\"}}],\"inLanguage\":\"fr-FR\"},{\"@type\":\"Organization\",\"@id\":\"https:\/\/daltec.ch\/fr\/#organization\",\"name\":\"Daltec AG\",\"url\":\"https:\/\/daltec.ch\/fr\/\",\"logo\":{\"@type\":\"ImageObject\",\"inLanguage\":\"fr-FR\",\"@id\":\"https:\/\/daltec.ch\/fr\/#\/schema\/logo\/image\/\",\"url\":\"https:\/\/daltec.ch\/wp-content\/uploads\/2025\/08\/dlteclogo.webp\",\"contentUrl\":\"https:\/\/daltec.ch\/wp-content\/uploads\/2025\/08\/dlteclogo.webp\",\"width\":500,\"height\":195,\"caption\":\"Daltec AG\"},\"image\":{\"@id\":\"https:\/\/daltec.ch\/fr\/#\/schema\/logo\/image\/\"},\"sameAs\":[\"https:\/\/www.facebook.com\/DaltecAG\"]}]}<\/script>\n<!-- \/ Yoast SEO plugin. -->","yoast_head_json":{"title":"Daltec Hawai Basic, 4200x2000x2300 mm, 2000 Kg - Daltec","robots":{"index":"index","follow":"follow","max-snippet":"max-snippet:-1","max-image-preview":"max-image-preview:large","max-video-preview":"max-video-preview:-1"},"canonical":"https:\/\/daltec.ch\/fr\/product\/hawai\/","og_locale":"fr_FR","og_type":"article","og_title":"Daltec Hawai Basic, 4200x2000x2300 mm, 2000 Kg - Daltec","og_description":"Preis: Siehe Preisliste auf Startseite Ein zweiachsiger Anh\u00e4nger mit 2 Verkaufsklappen. Technical data    L\u00e4nge 4200 mm   Breite 2000 mm   H\u00f6he 2300 mm   Achsen 2   Gesamtgewicht 2000 kg   Nutzlast 945 kg   R\u00e4der 165 R13C","og_url":"https:\/\/daltec.ch\/fr\/product\/hawai\/","og_site_name":"Daltec","article_publisher":"https:\/\/www.facebook.com\/DaltecAG","article_modified_time":"2025-08-29T07:59:58+00:00","og_image":[{"width":800,"height":580,"url":"https:\/\/daltec.ch\/wp-content\/uploads\/2024\/05\/iceland-2_9_1548078590.webp","type":"image\/webp"}],"twitter_card":"summary_large_image","twitter_misc":{"Dur\u00e9e de lecture estim\u00e9e":"1 minute"},"schema":{"@context":"https:\/\/schema.org","@graph":[{"@type":"WebPage","@id":"https:\/\/daltec.ch\/product\/hawai","url":"https:\/\/daltec.ch\/product\/hawai","name":"Daltec Hawai Basic, 4200x2000x2300 mm, 2000 Kg - Daltec","isPartOf":{"@id":"https:\/\/daltec.ch\/fr\/#website"},"primaryImageOfPage":{"@id":"https:\/\/daltec.ch\/product\/hawai#primaryimage"},"image":{"@id":"https:\/\/daltec.ch\/product\/hawai#primaryimage"},"thumbnailUrl":"https:\/\/daltec.ch\/wp-content\/uploads\/2024\/05\/iceland-2_9_1548078590.webp","datePublished":"2024-06-24T06:15:04+00:00","dateModified":"2025-08-29T07:59:58+00:00","breadcrumb":{"@id":"https:\/\/daltec.ch\/product\/hawai#breadcrumb"},"inLanguage":"fr-FR","potentialAction":[{"@type":"ReadAction","target":["https:\/\/daltec.ch\/product\/hawai"]}]},{"@type":"ImageObject","inLanguage":"fr-FR","@id":"https:\/\/daltec.ch\/product\/hawai#primaryimage","url":"https:\/\/daltec.ch\/wp-content\/uploads\/2024\/05\/iceland-2_9_1548078590.webp","contentUrl":"https:\/\/daltec.ch\/wp-content\/uploads\/2024\/05\/iceland-2_9_1548078590.webp","width":800,"height":580},{"@type":"BreadcrumbList","@id":"https:\/\/daltec.ch\/product\/hawai#breadcrumb","itemListElement":[{"@type":"ListItem","position":1,"name":"Startseite","item":"https:\/\/daltec.ch\/"},{"@type":"ListItem","position":2,"name":"anhaenger","item":"https:\/\/daltec.ch\/anhaenger"},{"@type":"ListItem","position":3,"name":"Daltec Hawai Basic, 4200x2000x2300 mm, 2000 Kg"}]},{"@type":"WebSite","@id":"https:\/\/daltec.ch\/fr\/#website","url":"https:\/\/daltec.ch\/fr\/","name":"Daltec Trailers","description":"","publisher":{"@id":"https:\/\/daltec.ch\/fr\/#organization"},"potentialAction":[{"@type":"SearchAction","target":{"@type":"EntryPoint","urlTemplate":"https:\/\/daltec.ch\/fr\/?s={search_term_string}"},"query-input":{"@type":"PropertyValueSpecification","valueRequired":true,"valueName":"search_term_string"}}],"inLanguage":"fr-FR"},{"@type":"Organization","@id":"https:\/\/daltec.ch\/fr\/#organization","name":"Daltec AG","url":"https:\/\/daltec.ch\/fr\/","logo":{"@type":"ImageObject","inLanguage":"fr-FR","@id":"https:\/\/daltec.ch\/fr\/#\/schema\/logo\/image\/","url":"https:\/\/daltec.ch\/wp-content\/uploads\/2025\/08\/dlteclogo.webp","contentUrl":"https:\/\/daltec.ch\/wp-content\/uploads\/2025\/08\/dlteclogo.webp","width":500,"height":195,"caption":"Daltec AG"},"image":{"@id":"https:\/\/daltec.ch\/fr\/#\/schema\/logo\/image\/"},"sameAs":["https:\/\/www.facebook.com\/DaltecAG"]}]}},"_links":{"self":[{"href":"https:\/\/daltec.ch\/fr\/wp-json\/wp\/v2\/product\/1030","targetHints":{"allow":["GET"]}}],"collection":[{"href":"https:\/\/daltec.ch\/fr\/wp-json\/wp\/v2\/product"}],"about":[{"href":"https:\/\/daltec.ch\/fr\/wp-json\/wp\/v2\/types\/product"}],"replies":[{"embeddable":true,"href":"https:\/\/daltec.ch\/fr\/wp-json\/wp\/v2\/comments?post=1030"}],"wp:featuredmedia":[{"embeddable":true,"href":"https:\/\/daltec.ch\/fr\/wp-json\/wp\/v2\/media\/817"}],"wp:attachment":[{"href":"https:\/\/daltec.ch\/fr\/wp-json\/wp\/v2\/media?parent=1030"}],"wp:term":[{"taxonomy":"product_brand","embeddable":true,"href":"https:\/\/daltec.ch\/fr\/wp-json\/wp\/v2\/product_brand?post=1030"},{"taxonomy":"product_cat","embeddable":true,"href":"https:\/\/daltec.ch\/fr\/wp-json\/wp\/v2\/product_cat?post=1030"},{"taxonomy":"product_tag","embeddable":true,"href":"https:\/\/daltec.ch\/fr\/wp-json\/wp\/v2\/product_tag?post=1030"}],"curies":[{"name":"wp","href":"https:\/\/api.w.org\/{rel}","templated":true}]}}