{"id":1040,"date":"2024-06-24T08:54:16","date_gmt":"2024-06-24T08:54:16","guid":{"rendered":"https:\/\/demo.shrinkwaterindia.com\/?post_type=product&#038;p=1040"},"modified":"2025-06-17T19:24:18","modified_gmt":"2025-06-17T19:24:18","slug":"bt-1500-alu","status":"publish","type":"product","link":"https:\/\/daltec.ch\/fr\/product\/bt-1500-alu","title":{"rendered":"Daltec BT 1500 ALU, 5200&#215;1730 mm, 1500 Kg"},"content":{"rendered":"<p><em><strong>Prix: voir liste de prix sur page d'accueil<\/strong><\/em><\/p>\n<p>Remorque de transport de bateaux en aluminium. La construction plus l\u00e9g\u00e8re permet de transporter des charges lourdes tout en conservant la m\u00eame robustesse. Les roulettes mobiles, la rampe lumineuse r\u00e9glable et le treuil facile \u00e0 utiliser \u00e0 l'avant permettent de charger et de d\u00e9charger ton bateau sans probl\u00e8me.<\/p>\n<h4>Equipement:<\/h4>\n<p>Dimensions totales : 7830 x 2170 x 1680 mm Ch\u00e2ssis : cadre de base en aluminium, viss\u00e9. Timon en V \u00e0 l'avant avec attelage \u00e0 boule. 1x essieu frein\u00e9 avec frein \u00e0 main et syst\u00e8me anti-retour. Roue d'appui \u00e0 l'avant. Aile avec bavette de protection. Unit\u00e9 d'\u00e9clairage 12V, 13 p\u00f4les. Structure : Supports lat\u00e9raux avec roulettes, roulettes de guidage centrales, support de proue \u00e0 l'avant avec treuil manuel. Rampe d'\u00e9clairage r\u00e9glable en longueur Arri\u00e8re.<\/p>","protected":false},"excerpt":{"rendered":"<h5>Prix: voir liste de prix sur page d'accueil<\/h5>\n<p>Remorque \u00e0 bateau enti\u00e8rement en aluminium ! Construction l\u00e9g\u00e8re et longue dur\u00e9e de vie !<\/p>\n<h4>Donn\u00e9es techniques:<\/h4>\n<table class=\"table\">\n<tbody>\n<tr>\n<th>Longueur int\u00e9rieure<\/th>\n<td>5200 <small>mm<\/small><\/td>\n<\/tr>\n<tr>\n<th>Largeur int\u00e9rieure<\/th>\n<td>1730 <small>mm<\/small><\/td>\n<\/tr>\n<tr>\n<th>Poids total<\/th>\n<td>1500 <small>kg<\/small><\/td>\n<\/tr>\n<tr>\n<th>Charge utile<\/th>\n<td>1163 <small>kg<\/small><\/td>\n<\/tr>\n<tr>\n<th>Roues<\/th>\n<td>185 R 14 C<\/td>\n<\/tr>\n<\/tbody>\n<\/table>\n<h4>Options :<\/h4>\n<table>\n<tbody>\n<tr>\n<td>Autres supports possibles<\/td>\n<td>0 CHF<\/td>\n<\/tr>\n<tr>\n<td>Support suppl\u00e9mentaire avec rouleaux en caoutchouc, pi\u00e8ce<\/td>\n<td>120 CHF<\/td>\n<\/tr>\n<tr>\n<td>Support suppl\u00e9mentaire avec roulettes lat\u00e9rales, pi\u00e8ce<\/td>\n<td>120 CHF<\/td>\n<\/tr>\n<tr>\n<td>Supports hauts pour voiliers<\/td>\n<td>0 CHF<\/td>\n<\/tr>\n<\/tbody>\n<\/table>","protected":false},"featured_media":2833,"comment_status":"open","ping_status":"closed","template":"","meta":{"_acf_changed":false},"product_brand":[],"product_cat":[35,227,22],"product_tag":[],"class_list":{"0":"post-1040","1":"product","2":"type-product","3":"status-publish","4":"has-post-thumbnail","6":"product_cat-anhaenger","7":"product_cat-boottransportanhaenger","8":"product_cat-sportgeraete-transportanhaenger","10":"first","11":"instock","12":"featured","13":"shipping-taxable","14":"purchasable","15":"product-type-simple"},"acf":[],"yoast_head":"<!-- This site is optimized with the Yoast SEO plugin v27.4 - https:\/\/yoast.com\/product\/yoast-seo-wordpress\/ -->\n<title>Daltec BT 1500 ALU, 5200x1730 mm, 1500 Kg - Daltec<\/title>\n<meta name=\"robots\" content=\"index, follow, max-snippet:-1, max-image-preview:large, max-video-preview:-1\" \/>\n<link rel=\"canonical\" href=\"https:\/\/daltec.ch\/fr\/product\/bt-1500-alu\/\" \/>\n<meta property=\"og:locale\" content=\"fr_FR\" \/>\n<meta property=\"og:type\" content=\"article\" \/>\n<meta property=\"og:title\" content=\"Daltec BT 1500 ALU, 5200x1730 mm, 1500 Kg - Daltec\" \/>\n<meta property=\"og:description\" content=\"Preis: Siehe Preisliste auf Startseite Bootsanh\u00e4nger voll Aluminium! Leichte Konstruktion und lange Lebensdauer! Technische Daten:    L\u00e4nge 5200 mm   Breite 1730 mm   Gesamtgewicht 1500 kg   Nutzlast 1163 kg   R\u00e4der 185 R 14 C    Optionen:    Andere St\u00fctzen m\u00f6glich 0 CHF   Zus\u00e4tzliche St\u00fctze mit Gummirollen, St\u00fcck 120 CHF   Zus\u00e4tzliche St\u00fctze mit Seitenrollen, St\u00fcck 120 CHF   Hohe St\u00fctzen f\u00fcr Segelschiffe 0 CHF\" \/>\n<meta property=\"og:url\" content=\"https:\/\/daltec.ch\/fr\/product\/bt-1500-alu\/\" \/>\n<meta property=\"og:site_name\" content=\"Daltec\" \/>\n<meta property=\"article:publisher\" content=\"https:\/\/www.facebook.com\/DaltecAG\" \/>\n<meta property=\"article:modified_time\" content=\"2025-06-17T19:24:18+00:00\" \/>\n<meta property=\"og:image\" content=\"https:\/\/daltec.ch\/wp-content\/uploads\/2024\/10\/BT-1800-Temared-B1OVZ.180.826.213.png\" \/>\n\t<meta property=\"og:image:width\" content=\"700\" \/>\n\t<meta property=\"og:image:height\" content=\"700\" \/>\n\t<meta property=\"og:image:type\" content=\"image\/png\" \/>\n<meta name=\"twitter:card\" content=\"summary_large_image\" \/>\n<script type=\"application\/ld+json\" class=\"yoast-schema-graph\">{\"@context\":\"https:\\\/\\\/schema.org\",\"@graph\":[{\"@type\":\"WebPage\",\"@id\":\"https:\\\/\\\/daltec.ch\\\/product\\\/bt-1500-alu\",\"url\":\"https:\\\/\\\/daltec.ch\\\/product\\\/bt-1500-alu\",\"name\":\"Daltec BT 1500 ALU, 5200x1730 mm, 1500 Kg - Daltec\",\"isPartOf\":{\"@id\":\"https:\\\/\\\/daltec.ch\\\/fr\\\/#website\"},\"primaryImageOfPage\":{\"@id\":\"https:\\\/\\\/daltec.ch\\\/product\\\/bt-1500-alu#primaryimage\"},\"image\":{\"@id\":\"https:\\\/\\\/daltec.ch\\\/product\\\/bt-1500-alu#primaryimage\"},\"thumbnailUrl\":\"https:\\\/\\\/daltec.ch\\\/wp-content\\\/uploads\\\/2024\\\/10\\\/BT-1800-Temared-B1OVZ.180.826.213.png\",\"datePublished\":\"2024-06-24T08:54:16+00:00\",\"dateModified\":\"2025-06-17T19:24:18+00:00\",\"breadcrumb\":{\"@id\":\"https:\\\/\\\/daltec.ch\\\/product\\\/bt-1500-alu#breadcrumb\"},\"inLanguage\":\"fr-FR\",\"potentialAction\":[{\"@type\":\"ReadAction\",\"target\":[\"https:\\\/\\\/daltec.ch\\\/product\\\/bt-1500-alu\"]}]},{\"@type\":\"ImageObject\",\"inLanguage\":\"fr-FR\",\"@id\":\"https:\\\/\\\/daltec.ch\\\/product\\\/bt-1500-alu#primaryimage\",\"url\":\"https:\\\/\\\/daltec.ch\\\/wp-content\\\/uploads\\\/2024\\\/10\\\/BT-1800-Temared-B1OVZ.180.826.213.png\",\"contentUrl\":\"https:\\\/\\\/daltec.ch\\\/wp-content\\\/uploads\\\/2024\\\/10\\\/BT-1800-Temared-B1OVZ.180.826.213.png\",\"width\":700,\"height\":700},{\"@type\":\"BreadcrumbList\",\"@id\":\"https:\\\/\\\/daltec.ch\\\/product\\\/bt-1500-alu#breadcrumb\",\"itemListElement\":[{\"@type\":\"ListItem\",\"position\":1,\"name\":\"Startseite\",\"item\":\"https:\\\/\\\/daltec.ch\\\/\"},{\"@type\":\"ListItem\",\"position\":2,\"name\":\"anhaenger\",\"item\":\"https:\\\/\\\/daltec.ch\\\/anhaenger\"},{\"@type\":\"ListItem\",\"position\":3,\"name\":\"Daltec BT 1500 ALU, 5200&#215;1730 mm, 1500 Kg\"}]},{\"@type\":\"WebSite\",\"@id\":\"https:\\\/\\\/daltec.ch\\\/fr\\\/#website\",\"url\":\"https:\\\/\\\/daltec.ch\\\/fr\\\/\",\"name\":\"Daltec Trailers\",\"description\":\"\",\"publisher\":{\"@id\":\"https:\\\/\\\/daltec.ch\\\/fr\\\/#organization\"},\"potentialAction\":[{\"@type\":\"SearchAction\",\"target\":{\"@type\":\"EntryPoint\",\"urlTemplate\":\"https:\\\/\\\/daltec.ch\\\/fr\\\/?s={search_term_string}\"},\"query-input\":{\"@type\":\"PropertyValueSpecification\",\"valueRequired\":true,\"valueName\":\"search_term_string\"}}],\"inLanguage\":\"fr-FR\"},{\"@type\":\"Organization\",\"@id\":\"https:\\\/\\\/daltec.ch\\\/fr\\\/#organization\",\"name\":\"Daltec AG\",\"url\":\"https:\\\/\\\/daltec.ch\\\/fr\\\/\",\"logo\":{\"@type\":\"ImageObject\",\"inLanguage\":\"fr-FR\",\"@id\":\"https:\\\/\\\/daltec.ch\\\/fr\\\/#\\\/schema\\\/logo\\\/image\\\/\",\"url\":\"https:\\\/\\\/daltec.ch\\\/wp-content\\\/uploads\\\/2025\\\/08\\\/dlteclogo.webp\",\"contentUrl\":\"https:\\\/\\\/daltec.ch\\\/wp-content\\\/uploads\\\/2025\\\/08\\\/dlteclogo.webp\",\"width\":500,\"height\":195,\"caption\":\"Daltec AG\"},\"image\":{\"@id\":\"https:\\\/\\\/daltec.ch\\\/fr\\\/#\\\/schema\\\/logo\\\/image\\\/\"},\"sameAs\":[\"https:\\\/\\\/www.facebook.com\\\/DaltecAG\"]}]}<\/script>\n<!-- \/ Yoast SEO plugin. -->","yoast_head_json":{"title":"Daltec BT 1500 ALU, 5200x1730 mm, 1500 Kg - Daltec","robots":{"index":"index","follow":"follow","max-snippet":"max-snippet:-1","max-image-preview":"max-image-preview:large","max-video-preview":"max-video-preview:-1"},"canonical":"https:\/\/daltec.ch\/fr\/product\/bt-1500-alu\/","og_locale":"fr_FR","og_type":"article","og_title":"Daltec BT 1500 ALU, 5200x1730 mm, 1500 Kg - Daltec","og_description":"Preis: Siehe Preisliste auf Startseite Bootsanh\u00e4nger voll Aluminium! Leichte Konstruktion und lange Lebensdauer! Technische Daten:    L\u00e4nge 5200 mm   Breite 1730 mm   Gesamtgewicht 1500 kg   Nutzlast 1163 kg   R\u00e4der 185 R 14 C    Optionen:    Andere St\u00fctzen m\u00f6glich 0 CHF   Zus\u00e4tzliche St\u00fctze mit Gummirollen, St\u00fcck 120 CHF   Zus\u00e4tzliche St\u00fctze mit Seitenrollen, St\u00fcck 120 CHF   Hohe St\u00fctzen f\u00fcr Segelschiffe 0 CHF","og_url":"https:\/\/daltec.ch\/fr\/product\/bt-1500-alu\/","og_site_name":"Daltec","article_publisher":"https:\/\/www.facebook.com\/DaltecAG","article_modified_time":"2025-06-17T19:24:18+00:00","og_image":[{"width":700,"height":700,"url":"https:\/\/daltec.ch\/wp-content\/uploads\/2024\/10\/BT-1800-Temared-B1OVZ.180.826.213.png","type":"image\/png"}],"twitter_card":"summary_large_image","schema":{"@context":"https:\/\/schema.org","@graph":[{"@type":"WebPage","@id":"https:\/\/daltec.ch\/product\/bt-1500-alu","url":"https:\/\/daltec.ch\/product\/bt-1500-alu","name":"Daltec BT 1500 ALU, 5200x1730 mm, 1500 Kg - Daltec","isPartOf":{"@id":"https:\/\/daltec.ch\/fr\/#website"},"primaryImageOfPage":{"@id":"https:\/\/daltec.ch\/product\/bt-1500-alu#primaryimage"},"image":{"@id":"https:\/\/daltec.ch\/product\/bt-1500-alu#primaryimage"},"thumbnailUrl":"https:\/\/daltec.ch\/wp-content\/uploads\/2024\/10\/BT-1800-Temared-B1OVZ.180.826.213.png","datePublished":"2024-06-24T08:54:16+00:00","dateModified":"2025-06-17T19:24:18+00:00","breadcrumb":{"@id":"https:\/\/daltec.ch\/product\/bt-1500-alu#breadcrumb"},"inLanguage":"fr-FR","potentialAction":[{"@type":"ReadAction","target":["https:\/\/daltec.ch\/product\/bt-1500-alu"]}]},{"@type":"ImageObject","inLanguage":"fr-FR","@id":"https:\/\/daltec.ch\/product\/bt-1500-alu#primaryimage","url":"https:\/\/daltec.ch\/wp-content\/uploads\/2024\/10\/BT-1800-Temared-B1OVZ.180.826.213.png","contentUrl":"https:\/\/daltec.ch\/wp-content\/uploads\/2024\/10\/BT-1800-Temared-B1OVZ.180.826.213.png","width":700,"height":700},{"@type":"BreadcrumbList","@id":"https:\/\/daltec.ch\/product\/bt-1500-alu#breadcrumb","itemListElement":[{"@type":"ListItem","position":1,"name":"Startseite","item":"https:\/\/daltec.ch\/"},{"@type":"ListItem","position":2,"name":"anhaenger","item":"https:\/\/daltec.ch\/anhaenger"},{"@type":"ListItem","position":3,"name":"Daltec BT 1500 ALU, 5200&#215;1730 mm, 1500 Kg"}]},{"@type":"WebSite","@id":"https:\/\/daltec.ch\/fr\/#website","url":"https:\/\/daltec.ch\/fr\/","name":"Daltec Trailers","description":"","publisher":{"@id":"https:\/\/daltec.ch\/fr\/#organization"},"potentialAction":[{"@type":"SearchAction","target":{"@type":"EntryPoint","urlTemplate":"https:\/\/daltec.ch\/fr\/?s={search_term_string}"},"query-input":{"@type":"PropertyValueSpecification","valueRequired":true,"valueName":"search_term_string"}}],"inLanguage":"fr-FR"},{"@type":"Organization","@id":"https:\/\/daltec.ch\/fr\/#organization","name":"Daltec AG","url":"https:\/\/daltec.ch\/fr\/","logo":{"@type":"ImageObject","inLanguage":"fr-FR","@id":"https:\/\/daltec.ch\/fr\/#\/schema\/logo\/image\/","url":"https:\/\/daltec.ch\/wp-content\/uploads\/2025\/08\/dlteclogo.webp","contentUrl":"https:\/\/daltec.ch\/wp-content\/uploads\/2025\/08\/dlteclogo.webp","width":500,"height":195,"caption":"Daltec AG"},"image":{"@id":"https:\/\/daltec.ch\/fr\/#\/schema\/logo\/image\/"},"sameAs":["https:\/\/www.facebook.com\/DaltecAG"]}]}},"_links":{"self":[{"href":"https:\/\/daltec.ch\/fr\/wp-json\/wp\/v2\/product\/1040","targetHints":{"allow":["GET"]}}],"collection":[{"href":"https:\/\/daltec.ch\/fr\/wp-json\/wp\/v2\/product"}],"about":[{"href":"https:\/\/daltec.ch\/fr\/wp-json\/wp\/v2\/types\/product"}],"replies":[{"embeddable":true,"href":"https:\/\/daltec.ch\/fr\/wp-json\/wp\/v2\/comments?post=1040"}],"wp:featuredmedia":[{"embeddable":true,"href":"https:\/\/daltec.ch\/fr\/wp-json\/wp\/v2\/media\/2833"}],"wp:attachment":[{"href":"https:\/\/daltec.ch\/fr\/wp-json\/wp\/v2\/media?parent=1040"}],"wp:term":[{"taxonomy":"product_brand","embeddable":true,"href":"https:\/\/daltec.ch\/fr\/wp-json\/wp\/v2\/product_brand?post=1040"},{"taxonomy":"product_cat","embeddable":true,"href":"https:\/\/daltec.ch\/fr\/wp-json\/wp\/v2\/product_cat?post=1040"},{"taxonomy":"product_tag","embeddable":true,"href":"https:\/\/daltec.ch\/fr\/wp-json\/wp\/v2\/product_tag?post=1040"}],"curies":[{"name":"wp","href":"https:\/\/api.w.org\/{rel}","templated":true}]}}