{"id":1041,"date":"2024-06-24T09:01:51","date_gmt":"2024-06-24T09:01:51","guid":{"rendered":"https:\/\/demo.shrinkwaterindia.com\/?post_type=product&#038;p=1041"},"modified":"2025-06-17T19:20:58","modified_gmt":"2025-06-17T19:20:58","slug":"bt-3500-alu","status":"publish","type":"product","link":"https:\/\/daltec.ch\/fr\/product\/bt-3500-alu","title":{"rendered":"Daltec BT 1500, 6430&#215;1720 mm, 1500 Kg"},"content":{"rendered":"<p><em><strong>Prix: voir liste de prix sur page d'accueil<\/strong><\/em><\/p>\n<p>Qu'il s'agisse d'un bateau pneumatique, d'un bateau \u00e0 moteur, d'un voilier ou d'un catamaran, nous avons la bonne solution de transport pour tous les mod\u00e8les de bateaux. Cette remorque convient \u00e0 tout le monde gr\u00e2ce \u00e0 sa construction solide et conviviale. Les b\u00e9quilles r\u00e9glables en hauteur ainsi que les roulettes de traction et de guidage mobiles et r\u00e9glables assurent un maintien optimal et une miction facile. Le cadre de base robuste garantit une longue dur\u00e9e de vie, m\u00eame en cas d'utilisation dans l'eau sal\u00e9e. Voyagez en toute s\u00e9curit\u00e9 et confortablement avec le BT 1500 B.<\/p>\n<h4>Equipement:<\/h4>\n<p>Dimensions du bateau +\/- : 6800 x 2500 mm Ch\u00e2ssis : cadre de base galvanis\u00e9 \u00e0 chaud, soud\u00e9 et viss\u00e9, dispositif d'attelage en V galvanis\u00e9 \u00e0 chaud, attelage \u00e0 boule, corde de d\u00e9chirement, roue jockey massive \u00e0 l'avant, pare-boue en t\u00f4le, treuil manuel avec support, \u00e9quip\u00e9 de c\u00e2bles ou de sangles, essieux : Essieu AL-KO\/Knott, avec roulements de roue renforc\u00e9s \u00e9tanches, frein \u00e0 main, frein \u00e0 inertie et marche arri\u00e8re automatique, Syst\u00e8me d'\u00e9clairage : Selon les normes du code de la route, 12V, fiche 13 p\u00f4les, fiche et rampe arri\u00e8re avec feux arri\u00e8re compl\u00e8tement d\u00e9tachables et d\u00e9montables, R\u00e9glage longitudinal pour adaptation au chargement, Carrosserie : Repose-pieds r\u00e9glables en hauteur avec chacun 2 roues de slippage mobiles, roues de guidage r\u00e9glables au centre, support avant r\u00e9glable avec caoutchouc, anneaux d'arrimage<\/p>","protected":false},"excerpt":{"rendered":"<h5>Prix: voir liste de prix sur page d'accueil<\/h5>\n<p>Remorque robuste \u00e0 un essieu, id\u00e9ale pour les petits bateaux \u00e0 moteur !<\/p>\n<h4>Donn\u00e9es techniques:<\/h4>\n<table class=\"table\">\n<tbody>\n<tr>\n<th>Longueur int\u00e9rieure<\/th>\n<td>6430 <small>mm<\/small><\/td>\n<\/tr>\n<tr>\n<th>Largeur int\u00e9rieure<\/th>\n<td>1720 <small>mm<\/small><\/td>\n<\/tr>\n<tr>\n<th>Essieux<\/th>\n<td>1<small><\/small><\/td>\n<\/tr>\n<tr>\n<th>Poids total<\/th>\n<td>1500 <small>kg<\/small><\/td>\n<\/tr>\n<tr>\n<th>Charge utile<\/th>\n<td>1188 <small>kg<\/small><\/td>\n<\/tr>\n<tr>\n<th>Roues<\/th>\n<td>185 R 14 C<\/td>\n<\/tr>\n<\/tbody>\n<\/table>","protected":false},"featured_media":2875,"comment_status":"open","ping_status":"closed","template":"","meta":{"_acf_changed":false},"product_brand":[],"product_cat":[35,227,22],"product_tag":[],"class_list":{"0":"post-1041","1":"product","2":"type-product","3":"status-publish","4":"has-post-thumbnail","6":"product_cat-anhaenger","7":"product_cat-boottransportanhaenger","8":"product_cat-sportgeraete-transportanhaenger","10":"first","11":"instock","12":"featured","13":"shipping-taxable","14":"purchasable","15":"product-type-simple"},"acf":[],"yoast_head":"<!-- This site is optimized with the Yoast SEO plugin v27.2 - https:\/\/yoast.com\/product\/yoast-seo-wordpress\/ -->\n<title>Daltec BT 1500, 6430x1720 mm, 1500 Kg - Daltec<\/title>\n<meta name=\"robots\" content=\"index, follow, max-snippet:-1, max-image-preview:large, max-video-preview:-1\" \/>\n<link rel=\"canonical\" href=\"https:\/\/daltec.ch\/fr\/product\/bt-3500-alu\/\" \/>\n<meta property=\"og:locale\" content=\"fr_FR\" \/>\n<meta property=\"og:type\" content=\"article\" \/>\n<meta property=\"og:title\" content=\"Daltec BT 1500, 6430x1720 mm, 1500 Kg - Daltec\" \/>\n<meta property=\"og:description\" content=\"Preis: Siehe Preisliste auf Startseite Robuster ein-achsiger Anh\u00e4nger, ideal f\u00fcr kleine Motorboote! Technische Daten:    L\u00e4nge 6430 mm   Breite 1720 mm   Achsen 1   Gesamtgewicht 1500 kg   Nutzlast 1188 kg   R\u00e4der 185 R 14 C\" \/>\n<meta property=\"og:url\" content=\"https:\/\/daltec.ch\/fr\/product\/bt-3500-alu\/\" \/>\n<meta property=\"og:site_name\" content=\"Daltec\" \/>\n<meta property=\"article:publisher\" content=\"https:\/\/www.facebook.com\/DaltecAG\" \/>\n<meta property=\"article:modified_time\" content=\"2025-06-17T19:20:58+00:00\" \/>\n<meta property=\"og:image\" content=\"https:\/\/daltec.ch\/wp-content\/uploads\/2024\/06\/BT-1500_1a-web-500x338-2-e1749056486475.png\" \/>\n\t<meta property=\"og:image:width\" content=\"440\" \/>\n\t<meta property=\"og:image:height\" content=\"355\" \/>\n\t<meta property=\"og:image:type\" content=\"image\/png\" \/>\n<meta name=\"twitter:card\" content=\"summary_large_image\" \/>\n<meta name=\"twitter:label1\" content=\"Dur\u00e9e de lecture estim\u00e9e\" \/>\n\t<meta name=\"twitter:data1\" content=\"1 minute\" \/>\n<script type=\"application\/ld+json\" class=\"yoast-schema-graph\">{\"@context\":\"https:\/\/schema.org\",\"@graph\":[{\"@type\":\"WebPage\",\"@id\":\"https:\/\/daltec.ch\/product\/bt-3500-alu\",\"url\":\"https:\/\/daltec.ch\/product\/bt-3500-alu\",\"name\":\"Daltec BT 1500, 6430x1720 mm, 1500 Kg - Daltec\",\"isPartOf\":{\"@id\":\"https:\/\/daltec.ch\/fr\/#website\"},\"primaryImageOfPage\":{\"@id\":\"https:\/\/daltec.ch\/product\/bt-3500-alu#primaryimage\"},\"image\":{\"@id\":\"https:\/\/daltec.ch\/product\/bt-3500-alu#primaryimage\"},\"thumbnailUrl\":\"https:\/\/daltec.ch\/wp-content\/uploads\/2024\/06\/BT-1500_1a-web-500x338-2-e1749056486475.png\",\"datePublished\":\"2024-06-24T09:01:51+00:00\",\"dateModified\":\"2025-06-17T19:20:58+00:00\",\"breadcrumb\":{\"@id\":\"https:\/\/daltec.ch\/product\/bt-3500-alu#breadcrumb\"},\"inLanguage\":\"fr-FR\",\"potentialAction\":[{\"@type\":\"ReadAction\",\"target\":[\"https:\/\/daltec.ch\/product\/bt-3500-alu\"]}]},{\"@type\":\"ImageObject\",\"inLanguage\":\"fr-FR\",\"@id\":\"https:\/\/daltec.ch\/product\/bt-3500-alu#primaryimage\",\"url\":\"https:\/\/daltec.ch\/wp-content\/uploads\/2024\/06\/BT-1500_1a-web-500x338-2-e1749056486475.png\",\"contentUrl\":\"https:\/\/daltec.ch\/wp-content\/uploads\/2024\/06\/BT-1500_1a-web-500x338-2-e1749056486475.png\",\"width\":440,\"height\":355},{\"@type\":\"BreadcrumbList\",\"@id\":\"https:\/\/daltec.ch\/product\/bt-3500-alu#breadcrumb\",\"itemListElement\":[{\"@type\":\"ListItem\",\"position\":1,\"name\":\"Startseite\",\"item\":\"https:\/\/daltec.ch\/\"},{\"@type\":\"ListItem\",\"position\":2,\"name\":\"anhaenger\",\"item\":\"https:\/\/daltec.ch\/anhaenger\"},{\"@type\":\"ListItem\",\"position\":3,\"name\":\"Daltec BT 1500, 6430&#215;1720 mm, 1500 Kg\"}]},{\"@type\":\"WebSite\",\"@id\":\"https:\/\/daltec.ch\/fr\/#website\",\"url\":\"https:\/\/daltec.ch\/fr\/\",\"name\":\"Daltec Trailers\",\"description\":\"\",\"publisher\":{\"@id\":\"https:\/\/daltec.ch\/fr\/#organization\"},\"potentialAction\":[{\"@type\":\"SearchAction\",\"target\":{\"@type\":\"EntryPoint\",\"urlTemplate\":\"https:\/\/daltec.ch\/fr\/?s={search_term_string}\"},\"query-input\":{\"@type\":\"PropertyValueSpecification\",\"valueRequired\":true,\"valueName\":\"search_term_string\"}}],\"inLanguage\":\"fr-FR\"},{\"@type\":\"Organization\",\"@id\":\"https:\/\/daltec.ch\/fr\/#organization\",\"name\":\"Daltec AG\",\"url\":\"https:\/\/daltec.ch\/fr\/\",\"logo\":{\"@type\":\"ImageObject\",\"inLanguage\":\"fr-FR\",\"@id\":\"https:\/\/daltec.ch\/fr\/#\/schema\/logo\/image\/\",\"url\":\"https:\/\/daltec.ch\/wp-content\/uploads\/2025\/08\/dlteclogo.webp\",\"contentUrl\":\"https:\/\/daltec.ch\/wp-content\/uploads\/2025\/08\/dlteclogo.webp\",\"width\":500,\"height\":195,\"caption\":\"Daltec AG\"},\"image\":{\"@id\":\"https:\/\/daltec.ch\/fr\/#\/schema\/logo\/image\/\"},\"sameAs\":[\"https:\/\/www.facebook.com\/DaltecAG\"]}]}<\/script>\n<!-- \/ Yoast SEO plugin. -->","yoast_head_json":{"title":"Daltec BT 1500, 6430x1720 mm, 1500 Kg - Daltec","robots":{"index":"index","follow":"follow","max-snippet":"max-snippet:-1","max-image-preview":"max-image-preview:large","max-video-preview":"max-video-preview:-1"},"canonical":"https:\/\/daltec.ch\/fr\/product\/bt-3500-alu\/","og_locale":"fr_FR","og_type":"article","og_title":"Daltec BT 1500, 6430x1720 mm, 1500 Kg - Daltec","og_description":"Preis: Siehe Preisliste auf Startseite Robuster ein-achsiger Anh\u00e4nger, ideal f\u00fcr kleine Motorboote! Technische Daten:    L\u00e4nge 6430 mm   Breite 1720 mm   Achsen 1   Gesamtgewicht 1500 kg   Nutzlast 1188 kg   R\u00e4der 185 R 14 C","og_url":"https:\/\/daltec.ch\/fr\/product\/bt-3500-alu\/","og_site_name":"Daltec","article_publisher":"https:\/\/www.facebook.com\/DaltecAG","article_modified_time":"2025-06-17T19:20:58+00:00","og_image":[{"width":440,"height":355,"url":"https:\/\/daltec.ch\/wp-content\/uploads\/2024\/06\/BT-1500_1a-web-500x338-2-e1749056486475.png","type":"image\/png"}],"twitter_card":"summary_large_image","twitter_misc":{"Dur\u00e9e de lecture estim\u00e9e":"1 minute"},"schema":{"@context":"https:\/\/schema.org","@graph":[{"@type":"WebPage","@id":"https:\/\/daltec.ch\/product\/bt-3500-alu","url":"https:\/\/daltec.ch\/product\/bt-3500-alu","name":"Daltec BT 1500, 6430x1720 mm, 1500 Kg - Daltec","isPartOf":{"@id":"https:\/\/daltec.ch\/fr\/#website"},"primaryImageOfPage":{"@id":"https:\/\/daltec.ch\/product\/bt-3500-alu#primaryimage"},"image":{"@id":"https:\/\/daltec.ch\/product\/bt-3500-alu#primaryimage"},"thumbnailUrl":"https:\/\/daltec.ch\/wp-content\/uploads\/2024\/06\/BT-1500_1a-web-500x338-2-e1749056486475.png","datePublished":"2024-06-24T09:01:51+00:00","dateModified":"2025-06-17T19:20:58+00:00","breadcrumb":{"@id":"https:\/\/daltec.ch\/product\/bt-3500-alu#breadcrumb"},"inLanguage":"fr-FR","potentialAction":[{"@type":"ReadAction","target":["https:\/\/daltec.ch\/product\/bt-3500-alu"]}]},{"@type":"ImageObject","inLanguage":"fr-FR","@id":"https:\/\/daltec.ch\/product\/bt-3500-alu#primaryimage","url":"https:\/\/daltec.ch\/wp-content\/uploads\/2024\/06\/BT-1500_1a-web-500x338-2-e1749056486475.png","contentUrl":"https:\/\/daltec.ch\/wp-content\/uploads\/2024\/06\/BT-1500_1a-web-500x338-2-e1749056486475.png","width":440,"height":355},{"@type":"BreadcrumbList","@id":"https:\/\/daltec.ch\/product\/bt-3500-alu#breadcrumb","itemListElement":[{"@type":"ListItem","position":1,"name":"Startseite","item":"https:\/\/daltec.ch\/"},{"@type":"ListItem","position":2,"name":"anhaenger","item":"https:\/\/daltec.ch\/anhaenger"},{"@type":"ListItem","position":3,"name":"Daltec BT 1500, 6430&#215;1720 mm, 1500 Kg"}]},{"@type":"WebSite","@id":"https:\/\/daltec.ch\/fr\/#website","url":"https:\/\/daltec.ch\/fr\/","name":"Daltec Trailers","description":"","publisher":{"@id":"https:\/\/daltec.ch\/fr\/#organization"},"potentialAction":[{"@type":"SearchAction","target":{"@type":"EntryPoint","urlTemplate":"https:\/\/daltec.ch\/fr\/?s={search_term_string}"},"query-input":{"@type":"PropertyValueSpecification","valueRequired":true,"valueName":"search_term_string"}}],"inLanguage":"fr-FR"},{"@type":"Organization","@id":"https:\/\/daltec.ch\/fr\/#organization","name":"Daltec AG","url":"https:\/\/daltec.ch\/fr\/","logo":{"@type":"ImageObject","inLanguage":"fr-FR","@id":"https:\/\/daltec.ch\/fr\/#\/schema\/logo\/image\/","url":"https:\/\/daltec.ch\/wp-content\/uploads\/2025\/08\/dlteclogo.webp","contentUrl":"https:\/\/daltec.ch\/wp-content\/uploads\/2025\/08\/dlteclogo.webp","width":500,"height":195,"caption":"Daltec AG"},"image":{"@id":"https:\/\/daltec.ch\/fr\/#\/schema\/logo\/image\/"},"sameAs":["https:\/\/www.facebook.com\/DaltecAG"]}]}},"_links":{"self":[{"href":"https:\/\/daltec.ch\/fr\/wp-json\/wp\/v2\/product\/1041","targetHints":{"allow":["GET"]}}],"collection":[{"href":"https:\/\/daltec.ch\/fr\/wp-json\/wp\/v2\/product"}],"about":[{"href":"https:\/\/daltec.ch\/fr\/wp-json\/wp\/v2\/types\/product"}],"replies":[{"embeddable":true,"href":"https:\/\/daltec.ch\/fr\/wp-json\/wp\/v2\/comments?post=1041"}],"wp:featuredmedia":[{"embeddable":true,"href":"https:\/\/daltec.ch\/fr\/wp-json\/wp\/v2\/media\/2875"}],"wp:attachment":[{"href":"https:\/\/daltec.ch\/fr\/wp-json\/wp\/v2\/media?parent=1041"}],"wp:term":[{"taxonomy":"product_brand","embeddable":true,"href":"https:\/\/daltec.ch\/fr\/wp-json\/wp\/v2\/product_brand?post=1041"},{"taxonomy":"product_cat","embeddable":true,"href":"https:\/\/daltec.ch\/fr\/wp-json\/wp\/v2\/product_cat?post=1041"},{"taxonomy":"product_tag","embeddable":true,"href":"https:\/\/daltec.ch\/fr\/wp-json\/wp\/v2\/product_tag?post=1041"}],"curies":[{"name":"wp","href":"https:\/\/api.w.org\/{rel}","templated":true}]}}