{"id":1054,"date":"2024-06-24T12:07:49","date_gmt":"2024-06-24T12:07:49","guid":{"rendered":"https:\/\/demo.shrinkwaterindia.com\/?post_type=product&#038;p=1054"},"modified":"2025-08-25T06:17:43","modified_gmt":"2025-08-25T06:17:43","slug":"silverstone-alu","status":"publish","type":"product","link":"https:\/\/daltec.ch\/fr\/product\/silverstone-alu","title":{"rendered":"Daltec Silverstone 2, 4000\u00d72000 mm, 2700 Kg"},"content":{"rendered":"<p>Remorque enti\u00e8rement fabriqu\u00e9e en aluminium. Bas\u00e9e sur des composants KNOTT. Se distingue par sa grande r\u00e9sistance et sa fiabilit\u00e9. Le soul\u00e8vement de la plate-forme de la remorque permet un chargement tr\u00e8s pratique des v\u00e9hicules \u00e0 suspension tr\u00e8s basse.<\/p>\n<h4>Equipement:<\/h4>\n<p>La remorque est tr\u00e8s bien \u00e9quip\u00e9e. Elle est \u00e9quip\u00e9e de s\u00e9rie d'un treuil ALKO 900 et d'un \u00e9clairage LED de type Carmen (fluide - comme sur Audi) ou Mavic. Si le client le souhaite, nous installons des treuils \u00e9lectriques fixes ou pouvant \u00eatre d\u00e9plac\u00e9s lat\u00e9ralement. Les treuils \u00e9lectriques ont leur propre batterie, plac\u00e9e dans un bo\u00eetier en aluminium sous la zone de chargement. La batterie est recharg\u00e9e par l'alimentation \u00e9lectrique du v\u00e9hicule via la prise de la remorque (l'alimentation \u00e9lectrique doit \u00eatre achemin\u00e9e vers la prise du v\u00e9hicule conform\u00e9ment \u00e0 notre documentation. Remorque basculante (angle d'inclinaison 6\u00b0), en longueurs 5,6 et 6,1, avec hayon hydraulique. Remorque mont\u00e9e sur roues ALU 10\u2033 (versions \u00e0 deux et trois essieux avec amortisseurs) et sur roues ALU 13\u2033. Une b\u00e2che peut \u00eatre install\u00e9e sur la remorque, constitu\u00e9e d'un cadre en aluminium avec des volets relev\u00e9s sur des v\u00e9rins. Les b\u00e2ches peuvent \u00eatre imprim\u00e9es selon le dessin du client (nous demanderons une version vectorielle). Un \u00e9clairage LED est install\u00e9 \u00e0 l'int\u00e9rieur de la structure. Un \u00e9l\u00e9vateur t\u00e9l\u00e9command\u00e9 est install\u00e9 pour les tricycles Vanderhall. La remorque est \u00e9quip\u00e9e en standard des \u00e9l\u00e9ments suivants : rails lat\u00e9raux recouverts de bandes r\u00e9fl\u00e9chissantes 3M, rampes ALU de 1,8 m (bloqu\u00e9es par des v\u00e9rins) et cales de roues en plastique. La bande r\u00e9fl\u00e9chissante 3M recouvre \u00e9galement le c\u00f4ne de lumi\u00e8re avant en blanc et le c\u00f4ne de lumi\u00e8re arri\u00e8re en rouge. La remorque est \u00e9quip\u00e9e d'une roue de secours et de blocs de d\u00e9passement de couleur rouge. Si le client le souhaite, nous pouvons ajouter un stabilisateur de v\u00e9hicule. Sur demande, nous pouvons \u00e9galement fabriquer la SILVERSTONE en version acier. La remorque est fabriqu\u00e9e sur commande contre paiement de 20 % de sa valeur. D\u00e9lai de livraison \u00e0 partir de 4 semaines environ, selon la configuration.<\/p>","protected":false},"excerpt":{"rendered":"<h5><em>Prix: voir liste de prix sur page d'accueil<\/em><\/h5>\n<p>Remorque de transport de voitures avec plate-forme abaissable<\/p>\n<h4>Donn\u00e9es techniques:<\/h4>\n<table class=\"table\">\n<tbody>\n<tr>\n<th>Longueur int\u00e9rieure<\/th>\n<td>4000 <small>mm<\/small><\/td>\n<\/tr>\n<tr>\n<th>Largeur int\u00e9rieure<\/th>\n<td>2000 <small>mm<\/small><\/td>\n<\/tr>\n<tr>\n<th>Essieux<\/th>\n<td>2<small><\/small><\/td>\n<\/tr>\n<tr>\n<th>Poids total<\/th>\n<td>2700 <small>kg<\/small><\/td>\n<\/tr>\n<tr>\n<th>Charge utile<\/th>\n<td>2050 <small>kg<\/small><\/td>\n<\/tr>\n<tr>\n<th>Roues<\/th>\n<td>195\/55 R 10 C<small><\/small><\/td>\n<\/tr>\n<\/tbody>\n<\/table>","protected":false},"featured_media":3540,"comment_status":"open","ping_status":"closed","template":"","meta":{"_acf_changed":false},"product_brand":[],"product_cat":[234],"product_tag":[],"class_list":{"0":"post-1054","1":"product","2":"type-product","3":"status-publish","4":"has-post-thumbnail","6":"product_cat-autotransporter-offen","8":"first","9":"instock","10":"featured","11":"shipping-taxable","12":"purchasable","13":"product-type-simple"},"acf":[],"yoast_head":"<!-- This site is optimized with the Yoast SEO plugin v27.4 - https:\/\/yoast.com\/product\/yoast-seo-wordpress\/ -->\n<title>Daltec Silverstone 2, 4000x2000 mm, 2700 Kg - Daltec<\/title>\n<meta name=\"robots\" content=\"index, follow, max-snippet:-1, max-image-preview:large, max-video-preview:-1\" \/>\n<link rel=\"canonical\" href=\"https:\/\/daltec.ch\/fr\/product\/silverstone-alu\/\" \/>\n<meta property=\"og:locale\" content=\"fr_FR\" \/>\n<meta property=\"og:type\" content=\"article\" \/>\n<meta property=\"og:title\" content=\"Daltec Silverstone 2, 4000x2000 mm, 2700 Kg - Daltec\" \/>\n<meta property=\"og:description\" content=\"Preis: Siehe Preisliste auf Startseite Autotransportanh\u00e4nger mit absenkbarer Plattform Technische Daten:    L\u00e4nge 4000 mm   Breite 2000 mm   Achsen 2   Gesamtgewicht 2700 kg   Nutzlast 2050 kg   R\u00e4der 195\/55 R 10 C\" \/>\n<meta property=\"og:url\" content=\"https:\/\/daltec.ch\/fr\/product\/silverstone-alu\/\" \/>\n<meta property=\"og:site_name\" content=\"Daltec\" \/>\n<meta property=\"article:publisher\" content=\"https:\/\/www.facebook.com\/DaltecAG\" \/>\n<meta property=\"article:modified_time\" content=\"2025-08-25T06:17:43+00:00\" \/>\n<meta property=\"og:image\" content=\"https:\/\/daltec.ch\/wp-content\/uploads\/2024\/06\/Silverstone-1-scaled.png\" \/>\n\t<meta property=\"og:image:width\" content=\"2560\" \/>\n\t<meta property=\"og:image:height\" content=\"1704\" \/>\n\t<meta property=\"og:image:type\" content=\"image\/png\" \/>\n<meta name=\"twitter:card\" content=\"summary_large_image\" \/>\n<meta name=\"twitter:label1\" content=\"Dur\u00e9e de lecture estim\u00e9e\" \/>\n\t<meta name=\"twitter:data1\" content=\"1 minute\" \/>\n<script type=\"application\/ld+json\" class=\"yoast-schema-graph\">{\"@context\":\"https:\\\/\\\/schema.org\",\"@graph\":[{\"@type\":\"WebPage\",\"@id\":\"https:\\\/\\\/daltec.ch\\\/product\\\/silverstone-alu\",\"url\":\"https:\\\/\\\/daltec.ch\\\/product\\\/silverstone-alu\",\"name\":\"Daltec Silverstone 2, 4000x2000 mm, 2700 Kg - Daltec\",\"isPartOf\":{\"@id\":\"https:\\\/\\\/daltec.ch\\\/fr\\\/#website\"},\"primaryImageOfPage\":{\"@id\":\"https:\\\/\\\/daltec.ch\\\/product\\\/silverstone-alu#primaryimage\"},\"image\":{\"@id\":\"https:\\\/\\\/daltec.ch\\\/product\\\/silverstone-alu#primaryimage\"},\"thumbnailUrl\":\"https:\\\/\\\/daltec.ch\\\/wp-content\\\/uploads\\\/2024\\\/06\\\/Silverstone-1-scaled.png\",\"datePublished\":\"2024-06-24T12:07:49+00:00\",\"dateModified\":\"2025-08-25T06:17:43+00:00\",\"breadcrumb\":{\"@id\":\"https:\\\/\\\/daltec.ch\\\/product\\\/silverstone-alu#breadcrumb\"},\"inLanguage\":\"fr-FR\",\"potentialAction\":[{\"@type\":\"ReadAction\",\"target\":[\"https:\\\/\\\/daltec.ch\\\/product\\\/silverstone-alu\"]}]},{\"@type\":\"ImageObject\",\"inLanguage\":\"fr-FR\",\"@id\":\"https:\\\/\\\/daltec.ch\\\/product\\\/silverstone-alu#primaryimage\",\"url\":\"https:\\\/\\\/daltec.ch\\\/wp-content\\\/uploads\\\/2024\\\/06\\\/Silverstone-1-scaled.png\",\"contentUrl\":\"https:\\\/\\\/daltec.ch\\\/wp-content\\\/uploads\\\/2024\\\/06\\\/Silverstone-1-scaled.png\",\"width\":2560,\"height\":1704},{\"@type\":\"BreadcrumbList\",\"@id\":\"https:\\\/\\\/daltec.ch\\\/product\\\/silverstone-alu#breadcrumb\",\"itemListElement\":[{\"@type\":\"ListItem\",\"position\":1,\"name\":\"Startseite\",\"item\":\"https:\\\/\\\/daltec.ch\\\/\"},{\"@type\":\"ListItem\",\"position\":2,\"name\":\"anhaenger\",\"item\":\"https:\\\/\\\/daltec.ch\\\/anhaenger\"},{\"@type\":\"ListItem\",\"position\":3,\"name\":\"Daltec Silverstone 2, 4000&#215;2000 mm, 2700 Kg\"}]},{\"@type\":\"WebSite\",\"@id\":\"https:\\\/\\\/daltec.ch\\\/fr\\\/#website\",\"url\":\"https:\\\/\\\/daltec.ch\\\/fr\\\/\",\"name\":\"Daltec Trailers\",\"description\":\"\",\"publisher\":{\"@id\":\"https:\\\/\\\/daltec.ch\\\/fr\\\/#organization\"},\"potentialAction\":[{\"@type\":\"SearchAction\",\"target\":{\"@type\":\"EntryPoint\",\"urlTemplate\":\"https:\\\/\\\/daltec.ch\\\/fr\\\/?s={search_term_string}\"},\"query-input\":{\"@type\":\"PropertyValueSpecification\",\"valueRequired\":true,\"valueName\":\"search_term_string\"}}],\"inLanguage\":\"fr-FR\"},{\"@type\":\"Organization\",\"@id\":\"https:\\\/\\\/daltec.ch\\\/fr\\\/#organization\",\"name\":\"Daltec AG\",\"url\":\"https:\\\/\\\/daltec.ch\\\/fr\\\/\",\"logo\":{\"@type\":\"ImageObject\",\"inLanguage\":\"fr-FR\",\"@id\":\"https:\\\/\\\/daltec.ch\\\/fr\\\/#\\\/schema\\\/logo\\\/image\\\/\",\"url\":\"https:\\\/\\\/daltec.ch\\\/wp-content\\\/uploads\\\/2025\\\/08\\\/dlteclogo.webp\",\"contentUrl\":\"https:\\\/\\\/daltec.ch\\\/wp-content\\\/uploads\\\/2025\\\/08\\\/dlteclogo.webp\",\"width\":500,\"height\":195,\"caption\":\"Daltec AG\"},\"image\":{\"@id\":\"https:\\\/\\\/daltec.ch\\\/fr\\\/#\\\/schema\\\/logo\\\/image\\\/\"},\"sameAs\":[\"https:\\\/\\\/www.facebook.com\\\/DaltecAG\"]}]}<\/script>\n<!-- \/ Yoast SEO plugin. -->","yoast_head_json":{"title":"Daltec Silverstone 2, 4000x2000 mm, 2700 Kg - Daltec","robots":{"index":"index","follow":"follow","max-snippet":"max-snippet:-1","max-image-preview":"max-image-preview:large","max-video-preview":"max-video-preview:-1"},"canonical":"https:\/\/daltec.ch\/fr\/product\/silverstone-alu\/","og_locale":"fr_FR","og_type":"article","og_title":"Daltec Silverstone 2, 4000x2000 mm, 2700 Kg - Daltec","og_description":"Preis: Siehe Preisliste auf Startseite Autotransportanh\u00e4nger mit absenkbarer Plattform Technische Daten:    L\u00e4nge 4000 mm   Breite 2000 mm   Achsen 2   Gesamtgewicht 2700 kg   Nutzlast 2050 kg   R\u00e4der 195\/55 R 10 C","og_url":"https:\/\/daltec.ch\/fr\/product\/silverstone-alu\/","og_site_name":"Daltec","article_publisher":"https:\/\/www.facebook.com\/DaltecAG","article_modified_time":"2025-08-25T06:17:43+00:00","og_image":[{"width":2560,"height":1704,"url":"https:\/\/daltec.ch\/wp-content\/uploads\/2024\/06\/Silverstone-1-scaled.png","type":"image\/png"}],"twitter_card":"summary_large_image","twitter_misc":{"Dur\u00e9e de lecture estim\u00e9e":"1 minute"},"schema":{"@context":"https:\/\/schema.org","@graph":[{"@type":"WebPage","@id":"https:\/\/daltec.ch\/product\/silverstone-alu","url":"https:\/\/daltec.ch\/product\/silverstone-alu","name":"Daltec Silverstone 2, 4000x2000 mm, 2700 Kg - Daltec","isPartOf":{"@id":"https:\/\/daltec.ch\/fr\/#website"},"primaryImageOfPage":{"@id":"https:\/\/daltec.ch\/product\/silverstone-alu#primaryimage"},"image":{"@id":"https:\/\/daltec.ch\/product\/silverstone-alu#primaryimage"},"thumbnailUrl":"https:\/\/daltec.ch\/wp-content\/uploads\/2024\/06\/Silverstone-1-scaled.png","datePublished":"2024-06-24T12:07:49+00:00","dateModified":"2025-08-25T06:17:43+00:00","breadcrumb":{"@id":"https:\/\/daltec.ch\/product\/silverstone-alu#breadcrumb"},"inLanguage":"fr-FR","potentialAction":[{"@type":"ReadAction","target":["https:\/\/daltec.ch\/product\/silverstone-alu"]}]},{"@type":"ImageObject","inLanguage":"fr-FR","@id":"https:\/\/daltec.ch\/product\/silverstone-alu#primaryimage","url":"https:\/\/daltec.ch\/wp-content\/uploads\/2024\/06\/Silverstone-1-scaled.png","contentUrl":"https:\/\/daltec.ch\/wp-content\/uploads\/2024\/06\/Silverstone-1-scaled.png","width":2560,"height":1704},{"@type":"BreadcrumbList","@id":"https:\/\/daltec.ch\/product\/silverstone-alu#breadcrumb","itemListElement":[{"@type":"ListItem","position":1,"name":"Startseite","item":"https:\/\/daltec.ch\/"},{"@type":"ListItem","position":2,"name":"anhaenger","item":"https:\/\/daltec.ch\/anhaenger"},{"@type":"ListItem","position":3,"name":"Daltec Silverstone 2, 4000&#215;2000 mm, 2700 Kg"}]},{"@type":"WebSite","@id":"https:\/\/daltec.ch\/fr\/#website","url":"https:\/\/daltec.ch\/fr\/","name":"Daltec Trailers","description":"","publisher":{"@id":"https:\/\/daltec.ch\/fr\/#organization"},"potentialAction":[{"@type":"SearchAction","target":{"@type":"EntryPoint","urlTemplate":"https:\/\/daltec.ch\/fr\/?s={search_term_string}"},"query-input":{"@type":"PropertyValueSpecification","valueRequired":true,"valueName":"search_term_string"}}],"inLanguage":"fr-FR"},{"@type":"Organization","@id":"https:\/\/daltec.ch\/fr\/#organization","name":"Daltec AG","url":"https:\/\/daltec.ch\/fr\/","logo":{"@type":"ImageObject","inLanguage":"fr-FR","@id":"https:\/\/daltec.ch\/fr\/#\/schema\/logo\/image\/","url":"https:\/\/daltec.ch\/wp-content\/uploads\/2025\/08\/dlteclogo.webp","contentUrl":"https:\/\/daltec.ch\/wp-content\/uploads\/2025\/08\/dlteclogo.webp","width":500,"height":195,"caption":"Daltec AG"},"image":{"@id":"https:\/\/daltec.ch\/fr\/#\/schema\/logo\/image\/"},"sameAs":["https:\/\/www.facebook.com\/DaltecAG"]}]}},"_links":{"self":[{"href":"https:\/\/daltec.ch\/fr\/wp-json\/wp\/v2\/product\/1054","targetHints":{"allow":["GET"]}}],"collection":[{"href":"https:\/\/daltec.ch\/fr\/wp-json\/wp\/v2\/product"}],"about":[{"href":"https:\/\/daltec.ch\/fr\/wp-json\/wp\/v2\/types\/product"}],"replies":[{"embeddable":true,"href":"https:\/\/daltec.ch\/fr\/wp-json\/wp\/v2\/comments?post=1054"}],"wp:featuredmedia":[{"embeddable":true,"href":"https:\/\/daltec.ch\/fr\/wp-json\/wp\/v2\/media\/3540"}],"wp:attachment":[{"href":"https:\/\/daltec.ch\/fr\/wp-json\/wp\/v2\/media?parent=1054"}],"wp:term":[{"taxonomy":"product_brand","embeddable":true,"href":"https:\/\/daltec.ch\/fr\/wp-json\/wp\/v2\/product_brand?post=1054"},{"taxonomy":"product_cat","embeddable":true,"href":"https:\/\/daltec.ch\/fr\/wp-json\/wp\/v2\/product_cat?post=1054"},{"taxonomy":"product_tag","embeddable":true,"href":"https:\/\/daltec.ch\/fr\/wp-json\/wp\/v2\/product_tag?post=1054"}],"curies":[{"name":"wp","href":"https:\/\/api.w.org\/{rel}","templated":true}]}}