{"id":1055,"date":"2024-06-24T12:41:29","date_gmt":"2024-06-24T12:41:29","guid":{"rendered":"https:\/\/demo.shrinkwaterindia.com\/?post_type=product&#038;p=1055"},"modified":"2025-08-25T05:32:41","modified_gmt":"2025-08-25T05:32:41","slug":"imola-35-alu","status":"publish","type":"product","link":"https:\/\/daltec.ch\/fr\/product\/imola-35-alu","title":{"rendered":"Daltec Imola 35 Alu abkippbar, 5150x2100x40mmmm, 3500 Kg"},"content":{"rendered":"<p>NOUVEAU !!! Remorque de transport de voitures en aluminium ultramoderne \u00e0 basculement hydraulique.<br \/>\n\u00c9quip\u00e9 de rampes de chargement pour faciliter le chargement et d'un \u00e9clairage LED dynamique<\/p>\n<h4>Equipement:<\/h4>\n<p>Ch\u00e2ssis robuste galvanis\u00e9 et soud\u00e9. Timon en V \u00e0 l'avant, attelage \u00e0 boule, roue jockey solide, c\u00e2ble de s\u00e9curit\u00e9. Surface de chargement en aluminium sur toute la longueur, 12 pces. Anneaux d'arrimage encastr\u00e9s dans le sol. Rampes 1200 mm (charge utile 1400 kg), rang\u00e9es sous la surface de chargement. Plateau de chargement basculant par pompe hydraulique manuelle. Installation \u00e9lectrique avec fiche 13 p\u00f4les, \u00e9clairage dynamique LED Smart<\/p>","protected":false},"excerpt":{"rendered":"<h5><em><span style=\"color: #ff6600;\">Prix: voir liste de prix sur page d'accueil<\/span><\/em><\/h5>\n<p>Remorque de transport de voitures basculante avec plateau de chargement en aluminium<\/p>\n<h4>Donn\u00e9es techniques:<\/h4>\n<table class=\"table\">\n<tbody>\n<tr>\n<th>Longueur int\u00e9rieure<\/th>\n<td>5150 <small>mm<\/small><\/td>\n<\/tr>\n<tr>\n<th>Largeur int\u00e9rieure<\/th>\n<td>2100 <small>mm<\/small><\/td>\n<\/tr>\n<tr>\n<th>Hauteur int\u00e9rieure<\/th>\n<td>40 <small>mm<\/small><\/td>\n<\/tr>\n<tr>\n<th>Poids total<\/th>\n<td>3500 <small>kg<\/small><\/td>\n<\/tr>\n<tr>\n<th>Charge utile<\/th>\n<td>2750 <small>kg<\/small><\/td>\n<\/tr>\n<tr>\n<th>Roues<\/th>\n<td>195\/50 R 13 C<small><\/small><\/td>\n<\/tr>\n<\/tbody>\n<\/table>","protected":false},"featured_media":3534,"comment_status":"open","ping_status":"closed","template":"","meta":{"_acf_changed":false},"product_brand":[],"product_cat":[234],"product_tag":[],"class_list":{"0":"post-1055","1":"product","2":"type-product","3":"status-publish","4":"has-post-thumbnail","6":"product_cat-autotransporter-offen","8":"first","9":"instock","10":"featured","11":"shipping-taxable","12":"purchasable","13":"product-type-simple"},"acf":[],"yoast_head":"<!-- This site is optimized with the Yoast SEO plugin v27.2 - https:\/\/yoast.com\/product\/yoast-seo-wordpress\/ -->\n<title>Daltec Imola 35 Alu abkippbar, 5150x2100x40mmmm, 3500 Kg - Daltec<\/title>\n<meta name=\"robots\" content=\"index, follow, max-snippet:-1, max-image-preview:large, max-video-preview:-1\" \/>\n<link rel=\"canonical\" href=\"https:\/\/daltec.ch\/fr\/product\/imola-35-alu\/\" \/>\n<meta property=\"og:locale\" content=\"fr_FR\" \/>\n<meta property=\"og:type\" content=\"article\" \/>\n<meta property=\"og:title\" content=\"Daltec Imola 35 Alu abkippbar, 5150x2100x40mmmm, 3500 Kg - Daltec\" \/>\n<meta property=\"og:description\" content=\"Preis: Siehe Preisliste auf Startseite Autotransportanh\u00e4nger abkippbar mit Aluminium Ladefl\u00e4che Technische Daten:    L\u00e4nge 5150 mm   Breite 2100 mm   H\u00f6he 40 mm   Gesamtgewicht 3500 kg   Nutzlast 2750 kg   R\u00e4der 195\/50 R 13 C\" \/>\n<meta property=\"og:url\" content=\"https:\/\/daltec.ch\/fr\/product\/imola-35-alu\/\" \/>\n<meta property=\"og:site_name\" content=\"Daltec\" \/>\n<meta property=\"article:publisher\" content=\"https:\/\/www.facebook.com\/DaltecAG\" \/>\n<meta property=\"article:modified_time\" content=\"2025-08-25T05:32:41+00:00\" \/>\n<meta property=\"og:image\" content=\"https:\/\/daltec.ch\/wp-content\/uploads\/2024\/06\/agados-spol-s-ro__4913.png\" \/>\n\t<meta property=\"og:image:width\" content=\"700\" \/>\n\t<meta property=\"og:image:height\" content=\"187\" \/>\n\t<meta property=\"og:image:type\" content=\"image\/png\" \/>\n<meta name=\"twitter:card\" content=\"summary_large_image\" \/>\n<script type=\"application\/ld+json\" class=\"yoast-schema-graph\">{\"@context\":\"https:\/\/schema.org\",\"@graph\":[{\"@type\":\"WebPage\",\"@id\":\"https:\/\/daltec.ch\/product\/imola-35-alu\",\"url\":\"https:\/\/daltec.ch\/product\/imola-35-alu\",\"name\":\"Daltec Imola 35 Alu abkippbar, 5150x2100x40mmmm, 3500 Kg - Daltec\",\"isPartOf\":{\"@id\":\"https:\/\/daltec.ch\/fr\/#website\"},\"primaryImageOfPage\":{\"@id\":\"https:\/\/daltec.ch\/product\/imola-35-alu#primaryimage\"},\"image\":{\"@id\":\"https:\/\/daltec.ch\/product\/imola-35-alu#primaryimage\"},\"thumbnailUrl\":\"https:\/\/daltec.ch\/wp-content\/uploads\/2024\/06\/agados-spol-s-ro__4913.png\",\"datePublished\":\"2024-06-24T12:41:29+00:00\",\"dateModified\":\"2025-08-25T05:32:41+00:00\",\"breadcrumb\":{\"@id\":\"https:\/\/daltec.ch\/product\/imola-35-alu#breadcrumb\"},\"inLanguage\":\"fr-FR\",\"potentialAction\":[{\"@type\":\"ReadAction\",\"target\":[\"https:\/\/daltec.ch\/product\/imola-35-alu\"]}]},{\"@type\":\"ImageObject\",\"inLanguage\":\"fr-FR\",\"@id\":\"https:\/\/daltec.ch\/product\/imola-35-alu#primaryimage\",\"url\":\"https:\/\/daltec.ch\/wp-content\/uploads\/2024\/06\/agados-spol-s-ro__4913.png\",\"contentUrl\":\"https:\/\/daltec.ch\/wp-content\/uploads\/2024\/06\/agados-spol-s-ro__4913.png\",\"width\":700,\"height\":187},{\"@type\":\"BreadcrumbList\",\"@id\":\"https:\/\/daltec.ch\/product\/imola-35-alu#breadcrumb\",\"itemListElement\":[{\"@type\":\"ListItem\",\"position\":1,\"name\":\"Startseite\",\"item\":\"https:\/\/daltec.ch\/\"},{\"@type\":\"ListItem\",\"position\":2,\"name\":\"anhaenger\",\"item\":\"https:\/\/daltec.ch\/anhaenger\"},{\"@type\":\"ListItem\",\"position\":3,\"name\":\"Daltec Imola 35 Alu abkippbar, 5150x2100x40mmmm, 3500 Kg\"}]},{\"@type\":\"WebSite\",\"@id\":\"https:\/\/daltec.ch\/fr\/#website\",\"url\":\"https:\/\/daltec.ch\/fr\/\",\"name\":\"Daltec Trailers\",\"description\":\"\",\"publisher\":{\"@id\":\"https:\/\/daltec.ch\/fr\/#organization\"},\"potentialAction\":[{\"@type\":\"SearchAction\",\"target\":{\"@type\":\"EntryPoint\",\"urlTemplate\":\"https:\/\/daltec.ch\/fr\/?s={search_term_string}\"},\"query-input\":{\"@type\":\"PropertyValueSpecification\",\"valueRequired\":true,\"valueName\":\"search_term_string\"}}],\"inLanguage\":\"fr-FR\"},{\"@type\":\"Organization\",\"@id\":\"https:\/\/daltec.ch\/fr\/#organization\",\"name\":\"Daltec AG\",\"url\":\"https:\/\/daltec.ch\/fr\/\",\"logo\":{\"@type\":\"ImageObject\",\"inLanguage\":\"fr-FR\",\"@id\":\"https:\/\/daltec.ch\/fr\/#\/schema\/logo\/image\/\",\"url\":\"https:\/\/daltec.ch\/wp-content\/uploads\/2025\/08\/dlteclogo.webp\",\"contentUrl\":\"https:\/\/daltec.ch\/wp-content\/uploads\/2025\/08\/dlteclogo.webp\",\"width\":500,\"height\":195,\"caption\":\"Daltec AG\"},\"image\":{\"@id\":\"https:\/\/daltec.ch\/fr\/#\/schema\/logo\/image\/\"},\"sameAs\":[\"https:\/\/www.facebook.com\/DaltecAG\"]}]}<\/script>\n<!-- \/ Yoast SEO plugin. -->","yoast_head_json":{"title":"Daltec Imola 35 Alu abkippbar, 5150x2100x40mmmm, 3500 Kg - Daltec","robots":{"index":"index","follow":"follow","max-snippet":"max-snippet:-1","max-image-preview":"max-image-preview:large","max-video-preview":"max-video-preview:-1"},"canonical":"https:\/\/daltec.ch\/fr\/product\/imola-35-alu\/","og_locale":"fr_FR","og_type":"article","og_title":"Daltec Imola 35 Alu abkippbar, 5150x2100x40mmmm, 3500 Kg - Daltec","og_description":"Preis: Siehe Preisliste auf Startseite Autotransportanh\u00e4nger abkippbar mit Aluminium Ladefl\u00e4che Technische Daten:    L\u00e4nge 5150 mm   Breite 2100 mm   H\u00f6he 40 mm   Gesamtgewicht 3500 kg   Nutzlast 2750 kg   R\u00e4der 195\/50 R 13 C","og_url":"https:\/\/daltec.ch\/fr\/product\/imola-35-alu\/","og_site_name":"Daltec","article_publisher":"https:\/\/www.facebook.com\/DaltecAG","article_modified_time":"2025-08-25T05:32:41+00:00","og_image":[{"width":700,"height":187,"url":"https:\/\/daltec.ch\/wp-content\/uploads\/2024\/06\/agados-spol-s-ro__4913.png","type":"image\/png"}],"twitter_card":"summary_large_image","schema":{"@context":"https:\/\/schema.org","@graph":[{"@type":"WebPage","@id":"https:\/\/daltec.ch\/product\/imola-35-alu","url":"https:\/\/daltec.ch\/product\/imola-35-alu","name":"Daltec Imola 35 Alu abkippbar, 5150x2100x40mmmm, 3500 Kg - Daltec","isPartOf":{"@id":"https:\/\/daltec.ch\/fr\/#website"},"primaryImageOfPage":{"@id":"https:\/\/daltec.ch\/product\/imola-35-alu#primaryimage"},"image":{"@id":"https:\/\/daltec.ch\/product\/imola-35-alu#primaryimage"},"thumbnailUrl":"https:\/\/daltec.ch\/wp-content\/uploads\/2024\/06\/agados-spol-s-ro__4913.png","datePublished":"2024-06-24T12:41:29+00:00","dateModified":"2025-08-25T05:32:41+00:00","breadcrumb":{"@id":"https:\/\/daltec.ch\/product\/imola-35-alu#breadcrumb"},"inLanguage":"fr-FR","potentialAction":[{"@type":"ReadAction","target":["https:\/\/daltec.ch\/product\/imola-35-alu"]}]},{"@type":"ImageObject","inLanguage":"fr-FR","@id":"https:\/\/daltec.ch\/product\/imola-35-alu#primaryimage","url":"https:\/\/daltec.ch\/wp-content\/uploads\/2024\/06\/agados-spol-s-ro__4913.png","contentUrl":"https:\/\/daltec.ch\/wp-content\/uploads\/2024\/06\/agados-spol-s-ro__4913.png","width":700,"height":187},{"@type":"BreadcrumbList","@id":"https:\/\/daltec.ch\/product\/imola-35-alu#breadcrumb","itemListElement":[{"@type":"ListItem","position":1,"name":"Startseite","item":"https:\/\/daltec.ch\/"},{"@type":"ListItem","position":2,"name":"anhaenger","item":"https:\/\/daltec.ch\/anhaenger"},{"@type":"ListItem","position":3,"name":"Daltec Imola 35 Alu abkippbar, 5150x2100x40mmmm, 3500 Kg"}]},{"@type":"WebSite","@id":"https:\/\/daltec.ch\/fr\/#website","url":"https:\/\/daltec.ch\/fr\/","name":"Daltec Trailers","description":"","publisher":{"@id":"https:\/\/daltec.ch\/fr\/#organization"},"potentialAction":[{"@type":"SearchAction","target":{"@type":"EntryPoint","urlTemplate":"https:\/\/daltec.ch\/fr\/?s={search_term_string}"},"query-input":{"@type":"PropertyValueSpecification","valueRequired":true,"valueName":"search_term_string"}}],"inLanguage":"fr-FR"},{"@type":"Organization","@id":"https:\/\/daltec.ch\/fr\/#organization","name":"Daltec AG","url":"https:\/\/daltec.ch\/fr\/","logo":{"@type":"ImageObject","inLanguage":"fr-FR","@id":"https:\/\/daltec.ch\/fr\/#\/schema\/logo\/image\/","url":"https:\/\/daltec.ch\/wp-content\/uploads\/2025\/08\/dlteclogo.webp","contentUrl":"https:\/\/daltec.ch\/wp-content\/uploads\/2025\/08\/dlteclogo.webp","width":500,"height":195,"caption":"Daltec AG"},"image":{"@id":"https:\/\/daltec.ch\/fr\/#\/schema\/logo\/image\/"},"sameAs":["https:\/\/www.facebook.com\/DaltecAG"]}]}},"_links":{"self":[{"href":"https:\/\/daltec.ch\/fr\/wp-json\/wp\/v2\/product\/1055","targetHints":{"allow":["GET"]}}],"collection":[{"href":"https:\/\/daltec.ch\/fr\/wp-json\/wp\/v2\/product"}],"about":[{"href":"https:\/\/daltec.ch\/fr\/wp-json\/wp\/v2\/types\/product"}],"replies":[{"embeddable":true,"href":"https:\/\/daltec.ch\/fr\/wp-json\/wp\/v2\/comments?post=1055"}],"wp:featuredmedia":[{"embeddable":true,"href":"https:\/\/daltec.ch\/fr\/wp-json\/wp\/v2\/media\/3534"}],"wp:attachment":[{"href":"https:\/\/daltec.ch\/fr\/wp-json\/wp\/v2\/media?parent=1055"}],"wp:term":[{"taxonomy":"product_brand","embeddable":true,"href":"https:\/\/daltec.ch\/fr\/wp-json\/wp\/v2\/product_brand?post=1055"},{"taxonomy":"product_cat","embeddable":true,"href":"https:\/\/daltec.ch\/fr\/wp-json\/wp\/v2\/product_cat?post=1055"},{"taxonomy":"product_tag","embeddable":true,"href":"https:\/\/daltec.ch\/fr\/wp-json\/wp\/v2\/product_tag?post=1055"}],"curies":[{"name":"wp","href":"https:\/\/api.w.org\/{rel}","templated":true}]}}