{"id":1071,"date":"2024-06-25T05:56:57","date_gmt":"2024-06-25T05:56:57","guid":{"rendered":"https:\/\/demo.shrinkwaterindia.com\/?post_type=product&#038;p=1071"},"modified":"2025-06-18T15:44:09","modified_gmt":"2025-06-18T15:44:09","slug":"vz-21-k","status":"publish","type":"product","link":"https:\/\/daltec.ch\/fr\/product\/vz-21-k","title":{"rendered":"Daltec VZ 21 K \/ F7520D PW, 2060x1140x1500 mm, 750 Kg"},"content":{"rendered":"<p><em><strong>Prix: voir liste de prix sur page d'accueil<\/strong><\/em><\/p>\n<p>Petite remorque \u00e0 fourgon non frein\u00e9e avec carrosserie en contreplaqu\u00e9 - Haute qualit\u00e9 et bonnes propri\u00e9t\u00e9s d'isolation gr\u00e2ce \u00e0 des m\u00e9thodes de fabrication modernes. Les roues lat\u00e9rales assurent une conduite silencieuse. Divers mat\u00e9riaux de l'am\u00e9nagement int\u00e9rieur garantissent l'isolation et la protection contre les chocs. Diff\u00e9rentes possibilit\u00e9s de montage.<\/p>\n<h4>Equipement:<\/h4>\n<ul>\n<li>Ch\u00e2ssis : cadre de base galvanis\u00e9 \u00e0 chaud, soud\u00e9 et viss\u00e9 ; dispositif d'attelage en V galvanis\u00e9 \u00e0 chaud ; accouplement \u00e0 boule ; cha\u00eene de s\u00e9curit\u00e9 ; roue jockey avant ; pare-boue ; cales ; essieu AL-KO\/Knott.<\/li>\n<li>Caisse : Cadre galvanis\u00e9 \u00e0 chaud ; parois lat\u00e9rales en panneau Plywood lamin\u00e9 blanc ; anneaux de fixation dans le fond ; rails d'arrimage sur les parois lat\u00e9rales ; fond en panneau marin.<\/li>\n<li>Syst\u00e8me d'\u00e9clairage : selon les normes du code de la route 12 V, fiche 13 p\u00f4les<\/li>\n<\/ul>","protected":false},"excerpt":{"rendered":"<p>Petit fourgon id\u00e9al pour un usage priv\u00e9!<\/p>\n<p>Montage avec parois plywood et portes-volets \u00e0 l'arri\u00e8re. Non-frein\u00e9.<\/p>\n<h4>Sp\u00e9cifications<\/h4>\n<table class=\"table\">\n<tbody>\n<tr>\n<th>Longueur int\u00e9rieure<\/th>\n<td>2060 <small>mm<\/small><\/td>\n<\/tr>\n<tr>\n<th>Largeur int\u00e9rieure<\/th>\n<td>1140 <small>mm<\/small><\/td>\n<\/tr>\n<tr>\n<th>Hauteur int\u00e9rieure<\/th>\n<td>1500 <small>mm<\/small><\/td>\n<\/tr>\n<tr>\n<th>Essieux<\/th>\n<td>1<small><\/small><\/td>\n<\/tr>\n<tr>\n<th>Poids total<\/th>\n<td>750 <small>kg<\/small><\/td>\n<\/tr>\n<tr>\n<th>Charge utile<\/th>\n<td>480 <small>kg<\/small><\/td>\n<\/tr>\n<tr>\n<th>Roues<\/th>\n<td>165\/70 R 13<small><\/small><\/td>\n<\/tr>\n<\/tbody>\n<\/table>\n<h6>Options<\/h6>\n<table style=\"height: 634px;\">\n<tbody>\n<tr>\n<td>Rampe arri\u00e8re (au lieu des portes-volets) (Art. 12WGOT1350)<\/td>\n<td>+ 180 CHF<\/td>\n<\/tr>\n<tr>\n<td>Pieds d'appui \u00e0 l'arri\u00e8re avec supports mont\u00e9s (Paire)<\/td>\n<td>+ 100 CHF<\/td>\n<\/tr>\n<tr>\n<td>Caisson \u00e0 angle cass\u00e9 \u00e0 l'avant a\u00e9rodynamique (50 x 50)<\/td>\n<td>+ 170 CHF<\/td>\n<\/tr>\n<tr>\n<td>Porte de service<\/td>\n<td>+ 650<\/td>\n<\/tr>\n<tr>\n<td>Rail d'arrimage acier galvanis\u00e9 mont\u00e9<\/td>\n<td>40 CHF \/ M\u00e8tre<\/td>\n<\/tr>\n<tr>\n<td>Rail d'arrimage aluminium mont\u00e9<\/td>\n<td>90 CHF \/ M\u00e8tre<\/td>\n<\/tr>\n<tr>\n<td>Barre de s\u00e9curit\u00e9 t\u00e9lescopique<\/td>\n<td>+ 110 CHF<\/td>\n<\/tr>\n<tr>\n<td>Syst\u00e8me d\u00e9m\u00e9nagement, rails capitonn\u00e9s 3x<\/td>\n<td>330 CHF \/ M\u00e8tre<\/td>\n<\/tr>\n<tr>\n<td>Fen\u00eatre de toit Dometic<\/td>\n<td>+ 280\u00a0 CHF<\/td>\n<\/tr>\n<tr>\n<td>Volets roulants lat\u00e9raux en aluminium 150\u00d7135<\/td>\n<td>+ 2&#8217;840 CHF<\/td>\n<\/tr>\n<tr>\n<td>Volets roulants lat\u00e9raux en aluminium 200x110<\/td>\n<td>+ 3&#8217;020 CHF<\/td>\n<\/tr>\n<tr>\n<td>Volets roulants lat\u00e9raux en aluminium 250x160<\/td>\n<td>+ 4&#8217;600 CHF<\/td>\n<\/tr>\n<tr>\n<td>\u00c9clairage int\u00e9rieur LED<\/td>\n<td>+ 80 CHF<\/td>\n<\/tr>\n<tr>\n<td>Fen\u00eatre 1200 x 600<\/td>\n<td>+ 540 CHF<\/td>\n<\/tr>\n<tr>\n<td>Fen\u00eatre 800 x 500<\/td>\n<td>+ 380 CHF<\/td>\n<\/tr>\n<tr>\n<td>Store avec moustiquaire pour fen\u00eatre 1200 x 600<\/td>\n<td>+ 260 CHF<\/td>\n<\/tr>\n<tr>\n<td>Store avec moustiquaire pour fen\u00eatre 800 x 500<\/td>\n<td>+ 180 CHF<\/td>\n<\/tr>\n<tr>\n<td>Roue de secours 165\/70 R13 avec support<\/td>\n<td>+ 144 CHF<\/td>\n<\/tr>\n<tr>\n<td>\u00c9clairage de route LED<\/td>\n<td>+ 350 CHF<\/td>\n<\/tr>\n<tr>\n<td>Suppl\u00e9ment pour porte\/rampe combin\u00e9 \u00e0 l'arri\u00e8re<\/td>\n<td>Sur demande<\/td>\n<\/tr>\n<tr>\n<td>Suppl\u00e9ment pour jantes aluminium<\/td>\n<td>Sur demande<\/td>\n<\/tr>\n<\/tbody>\n<\/table>\n<h4><\/h4>\n<h4>Documents \u00e0 t\u00e9l\u00e9charger:<\/h4>\n<h4><a href=\"https:\/\/daltec.ch\/wp-content\/uploads\/2024\/06\/Niewiadow_09.2024_Koffer-und-Kuehlanhaenger.pdf\" target=\"_blank\" rel=\"noopener\">Preisliste Niewiadow Kofferanh\u00e4nger 2024<\/a><\/h4>","protected":false},"featured_media":1331,"comment_status":"open","ping_status":"closed","template":"","meta":{"_acf_changed":false},"product_brand":[],"product_cat":[236],"product_tag":[],"class_list":{"0":"post-1071","1":"product","2":"type-product","3":"status-publish","4":"has-post-thumbnail","6":"product_cat-plywood-und-sandwich-kofferanhaenger","8":"first","9":"instock","10":"featured","11":"shipping-taxable","12":"purchasable","13":"product-type-simple"},"acf":[],"yoast_head":"<!-- This site is optimized with the Yoast SEO plugin v27.2 - https:\/\/yoast.com\/product\/yoast-seo-wordpress\/ -->\n<title>Daltec VZ 21 K \/ F7520D PW, 2060x1140x1500 mm, 750 Kg - Daltec<\/title>\n<meta name=\"robots\" content=\"index, follow, max-snippet:-1, max-image-preview:large, max-video-preview:-1\" \/>\n<link rel=\"canonical\" href=\"https:\/\/daltec.ch\/fr\/product\/vz-21-k\/\" \/>\n<meta property=\"og:locale\" content=\"fr_FR\" \/>\n<meta property=\"og:type\" content=\"article\" \/>\n<meta property=\"og:title\" content=\"Daltec VZ 21 K \/ F7520D PW, 2060x1140x1500 mm, 750 Kg - Daltec\" \/>\n<meta property=\"og:description\" content=\"Kleiner Kofferanh\u00e4nger - Ideal f\u00fcr den privaten Gebrauch!  Aufbau mit Plywoodw\u00e4nde und Fl\u00fcgelt\u00fcren hinten. Ungebremst. Technische Daten    Innenl\u00e4nge 2060 mm   Innenbreite 1140 mm   Innenh\u00f6he 1500 mm   Achsen 1   Gesamtgewicht 750 kg   Nutzlast 480 kg   R\u00e4der 165\/70 R 13    Optionen    Heckrampe (an Stelle von Fl\u00fcgelt\u00fcren) (Art. 12WGOT1350) + 180 CHF   St\u00fctzf\u00fcsse hinten montiert mit Halter (Paar) + 100 CHF   Kasten vorne abgeschr\u00e4gt aerodynamisch (50 x 50) + 170 CHF   Servicet\u00fcre + 650   Zurrleiste Stahl verzinkt montiert 40 CHF \/ Meter   Zurrleiste Alu montiert 90 CHF \/ Meter   Sicherungsstange teleskopisch + 110 CHF   3-Fach Polsterlatten 330 CHF \/ Meter   Dometic Dachfenster + 280\u00a0 CHF   Seitliche Aluminium Rolll\u00e4den 150x135 + 2&#039;840 CHF   Seitliche Aluminium Rolll\u00e4den 200x110 + 3&#039;020 CHF   Seitliche Aluminium Rolll\u00e4den 250x160 + 4&#039;600 CHF   LED Innenbeleuchtung + 80 CHF   Fenster 1200 x 600 + 540 CHF   Fenster 800 x 500 + 380 CHF   Store mit Moskitonetz zu Fenster 1200 x 600 + 260 CHF   Store mit Moskitonetz zu Fenster 800 x 500 + 180 CHF   Ersatzrad 165\/70 R13 mit Halter + 144 CHF   Aussenbeleuchtung LED + 350 CHF   Aufpreis f\u00fcr Kombirampe hinten Auf Anfrage   Aufpreis f\u00fcr Aluminiumfelgen Auf Anfrage     Dokumente zum Herunterladen Preisliste Niewiadow Kofferanh\u00e4nger 2024\" \/>\n<meta property=\"og:url\" content=\"https:\/\/daltec.ch\/fr\/product\/vz-21-k\/\" \/>\n<meta property=\"og:site_name\" content=\"Daltec\" \/>\n<meta property=\"article:publisher\" content=\"https:\/\/www.facebook.com\/DaltecAG\" \/>\n<meta property=\"article:modified_time\" content=\"2025-06-18T15:44:09+00:00\" \/>\n<meta property=\"og:image\" content=\"https:\/\/daltec.ch\/wp-content\/uploads\/2024\/06\/DSC06342_ausgeschnitten_gespiegelt.jpg\" \/>\n\t<meta property=\"og:image:width\" content=\"600\" \/>\n\t<meta property=\"og:image:height\" content=\"600\" \/>\n\t<meta property=\"og:image:type\" content=\"image\/jpeg\" \/>\n<meta name=\"twitter:card\" content=\"summary_large_image\" \/>\n<script type=\"application\/ld+json\" class=\"yoast-schema-graph\">{\"@context\":\"https:\/\/schema.org\",\"@graph\":[{\"@type\":\"WebPage\",\"@id\":\"https:\/\/daltec.ch\/product\/vz-21-k\",\"url\":\"https:\/\/daltec.ch\/product\/vz-21-k\",\"name\":\"Daltec VZ 21 K \/ F7520D PW, 2060x1140x1500 mm, 750 Kg - Daltec\",\"isPartOf\":{\"@id\":\"https:\/\/daltec.ch\/fr\/#website\"},\"primaryImageOfPage\":{\"@id\":\"https:\/\/daltec.ch\/product\/vz-21-k#primaryimage\"},\"image\":{\"@id\":\"https:\/\/daltec.ch\/product\/vz-21-k#primaryimage\"},\"thumbnailUrl\":\"https:\/\/daltec.ch\/wp-content\/uploads\/2024\/06\/DSC06342_ausgeschnitten_gespiegelt.jpg\",\"datePublished\":\"2024-06-25T05:56:57+00:00\",\"dateModified\":\"2025-06-18T15:44:09+00:00\",\"breadcrumb\":{\"@id\":\"https:\/\/daltec.ch\/product\/vz-21-k#breadcrumb\"},\"inLanguage\":\"fr-FR\",\"potentialAction\":[{\"@type\":\"ReadAction\",\"target\":[\"https:\/\/daltec.ch\/product\/vz-21-k\"]}]},{\"@type\":\"ImageObject\",\"inLanguage\":\"fr-FR\",\"@id\":\"https:\/\/daltec.ch\/product\/vz-21-k#primaryimage\",\"url\":\"https:\/\/daltec.ch\/wp-content\/uploads\/2024\/06\/DSC06342_ausgeschnitten_gespiegelt.jpg\",\"contentUrl\":\"https:\/\/daltec.ch\/wp-content\/uploads\/2024\/06\/DSC06342_ausgeschnitten_gespiegelt.jpg\",\"width\":600,\"height\":600},{\"@type\":\"BreadcrumbList\",\"@id\":\"https:\/\/daltec.ch\/product\/vz-21-k#breadcrumb\",\"itemListElement\":[{\"@type\":\"ListItem\",\"position\":1,\"name\":\"Startseite\",\"item\":\"https:\/\/daltec.ch\/\"},{\"@type\":\"ListItem\",\"position\":2,\"name\":\"anhaenger\",\"item\":\"https:\/\/daltec.ch\/anhaenger\"},{\"@type\":\"ListItem\",\"position\":3,\"name\":\"Daltec VZ 21 K \/ F7520D PW, 2060x1140x1500 mm, 750 Kg\"}]},{\"@type\":\"WebSite\",\"@id\":\"https:\/\/daltec.ch\/fr\/#website\",\"url\":\"https:\/\/daltec.ch\/fr\/\",\"name\":\"Daltec Trailers\",\"description\":\"\",\"publisher\":{\"@id\":\"https:\/\/daltec.ch\/fr\/#organization\"},\"potentialAction\":[{\"@type\":\"SearchAction\",\"target\":{\"@type\":\"EntryPoint\",\"urlTemplate\":\"https:\/\/daltec.ch\/fr\/?s={search_term_string}\"},\"query-input\":{\"@type\":\"PropertyValueSpecification\",\"valueRequired\":true,\"valueName\":\"search_term_string\"}}],\"inLanguage\":\"fr-FR\"},{\"@type\":\"Organization\",\"@id\":\"https:\/\/daltec.ch\/fr\/#organization\",\"name\":\"Daltec AG\",\"url\":\"https:\/\/daltec.ch\/fr\/\",\"logo\":{\"@type\":\"ImageObject\",\"inLanguage\":\"fr-FR\",\"@id\":\"https:\/\/daltec.ch\/fr\/#\/schema\/logo\/image\/\",\"url\":\"https:\/\/daltec.ch\/wp-content\/uploads\/2025\/08\/dlteclogo.webp\",\"contentUrl\":\"https:\/\/daltec.ch\/wp-content\/uploads\/2025\/08\/dlteclogo.webp\",\"width\":500,\"height\":195,\"caption\":\"Daltec AG\"},\"image\":{\"@id\":\"https:\/\/daltec.ch\/fr\/#\/schema\/logo\/image\/\"},\"sameAs\":[\"https:\/\/www.facebook.com\/DaltecAG\"]}]}<\/script>\n<!-- \/ Yoast SEO plugin. -->","yoast_head_json":{"title":"Daltec VZ 21 K \/ F7520D PW, 2060x1140x1500 mm, 750 Kg - Daltec","robots":{"index":"index","follow":"follow","max-snippet":"max-snippet:-1","max-image-preview":"max-image-preview:large","max-video-preview":"max-video-preview:-1"},"canonical":"https:\/\/daltec.ch\/fr\/product\/vz-21-k\/","og_locale":"fr_FR","og_type":"article","og_title":"Daltec VZ 21 K \/ F7520D PW, 2060x1140x1500 mm, 750 Kg - Daltec","og_description":"Kleiner Kofferanh\u00e4nger - Ideal f\u00fcr den privaten Gebrauch!  Aufbau mit Plywoodw\u00e4nde und Fl\u00fcgelt\u00fcren hinten. Ungebremst. Technische Daten    Innenl\u00e4nge 2060 mm   Innenbreite 1140 mm   Innenh\u00f6he 1500 mm   Achsen 1   Gesamtgewicht 750 kg   Nutzlast 480 kg   R\u00e4der 165\/70 R 13    Optionen    Heckrampe (an Stelle von Fl\u00fcgelt\u00fcren) (Art. 12WGOT1350) + 180 CHF   St\u00fctzf\u00fcsse hinten montiert mit Halter (Paar) + 100 CHF   Kasten vorne abgeschr\u00e4gt aerodynamisch (50 x 50) + 170 CHF   Servicet\u00fcre + 650   Zurrleiste Stahl verzinkt montiert 40 CHF \/ Meter   Zurrleiste Alu montiert 90 CHF \/ Meter   Sicherungsstange teleskopisch + 110 CHF   3-Fach Polsterlatten 330 CHF \/ Meter   Dometic Dachfenster + 280\u00a0 CHF   Seitliche Aluminium Rolll\u00e4den 150x135 + 2'840 CHF   Seitliche Aluminium Rolll\u00e4den 200x110 + 3'020 CHF   Seitliche Aluminium Rolll\u00e4den 250x160 + 4'600 CHF   LED Innenbeleuchtung + 80 CHF   Fenster 1200 x 600 + 540 CHF   Fenster 800 x 500 + 380 CHF   Store mit Moskitonetz zu Fenster 1200 x 600 + 260 CHF   Store mit Moskitonetz zu Fenster 800 x 500 + 180 CHF   Ersatzrad 165\/70 R13 mit Halter + 144 CHF   Aussenbeleuchtung LED + 350 CHF   Aufpreis f\u00fcr Kombirampe hinten Auf Anfrage   Aufpreis f\u00fcr Aluminiumfelgen Auf Anfrage     Dokumente zum Herunterladen Preisliste Niewiadow Kofferanh\u00e4nger 2024","og_url":"https:\/\/daltec.ch\/fr\/product\/vz-21-k\/","og_site_name":"Daltec","article_publisher":"https:\/\/www.facebook.com\/DaltecAG","article_modified_time":"2025-06-18T15:44:09+00:00","og_image":[{"width":600,"height":600,"url":"https:\/\/daltec.ch\/wp-content\/uploads\/2024\/06\/DSC06342_ausgeschnitten_gespiegelt.jpg","type":"image\/jpeg"}],"twitter_card":"summary_large_image","schema":{"@context":"https:\/\/schema.org","@graph":[{"@type":"WebPage","@id":"https:\/\/daltec.ch\/product\/vz-21-k","url":"https:\/\/daltec.ch\/product\/vz-21-k","name":"Daltec VZ 21 K \/ F7520D PW, 2060x1140x1500 mm, 750 Kg - Daltec","isPartOf":{"@id":"https:\/\/daltec.ch\/fr\/#website"},"primaryImageOfPage":{"@id":"https:\/\/daltec.ch\/product\/vz-21-k#primaryimage"},"image":{"@id":"https:\/\/daltec.ch\/product\/vz-21-k#primaryimage"},"thumbnailUrl":"https:\/\/daltec.ch\/wp-content\/uploads\/2024\/06\/DSC06342_ausgeschnitten_gespiegelt.jpg","datePublished":"2024-06-25T05:56:57+00:00","dateModified":"2025-06-18T15:44:09+00:00","breadcrumb":{"@id":"https:\/\/daltec.ch\/product\/vz-21-k#breadcrumb"},"inLanguage":"fr-FR","potentialAction":[{"@type":"ReadAction","target":["https:\/\/daltec.ch\/product\/vz-21-k"]}]},{"@type":"ImageObject","inLanguage":"fr-FR","@id":"https:\/\/daltec.ch\/product\/vz-21-k#primaryimage","url":"https:\/\/daltec.ch\/wp-content\/uploads\/2024\/06\/DSC06342_ausgeschnitten_gespiegelt.jpg","contentUrl":"https:\/\/daltec.ch\/wp-content\/uploads\/2024\/06\/DSC06342_ausgeschnitten_gespiegelt.jpg","width":600,"height":600},{"@type":"BreadcrumbList","@id":"https:\/\/daltec.ch\/product\/vz-21-k#breadcrumb","itemListElement":[{"@type":"ListItem","position":1,"name":"Startseite","item":"https:\/\/daltec.ch\/"},{"@type":"ListItem","position":2,"name":"anhaenger","item":"https:\/\/daltec.ch\/anhaenger"},{"@type":"ListItem","position":3,"name":"Daltec VZ 21 K \/ F7520D PW, 2060x1140x1500 mm, 750 Kg"}]},{"@type":"WebSite","@id":"https:\/\/daltec.ch\/fr\/#website","url":"https:\/\/daltec.ch\/fr\/","name":"Daltec Trailers","description":"","publisher":{"@id":"https:\/\/daltec.ch\/fr\/#organization"},"potentialAction":[{"@type":"SearchAction","target":{"@type":"EntryPoint","urlTemplate":"https:\/\/daltec.ch\/fr\/?s={search_term_string}"},"query-input":{"@type":"PropertyValueSpecification","valueRequired":true,"valueName":"search_term_string"}}],"inLanguage":"fr-FR"},{"@type":"Organization","@id":"https:\/\/daltec.ch\/fr\/#organization","name":"Daltec AG","url":"https:\/\/daltec.ch\/fr\/","logo":{"@type":"ImageObject","inLanguage":"fr-FR","@id":"https:\/\/daltec.ch\/fr\/#\/schema\/logo\/image\/","url":"https:\/\/daltec.ch\/wp-content\/uploads\/2025\/08\/dlteclogo.webp","contentUrl":"https:\/\/daltec.ch\/wp-content\/uploads\/2025\/08\/dlteclogo.webp","width":500,"height":195,"caption":"Daltec AG"},"image":{"@id":"https:\/\/daltec.ch\/fr\/#\/schema\/logo\/image\/"},"sameAs":["https:\/\/www.facebook.com\/DaltecAG"]}]}},"_links":{"self":[{"href":"https:\/\/daltec.ch\/fr\/wp-json\/wp\/v2\/product\/1071","targetHints":{"allow":["GET"]}}],"collection":[{"href":"https:\/\/daltec.ch\/fr\/wp-json\/wp\/v2\/product"}],"about":[{"href":"https:\/\/daltec.ch\/fr\/wp-json\/wp\/v2\/types\/product"}],"replies":[{"embeddable":true,"href":"https:\/\/daltec.ch\/fr\/wp-json\/wp\/v2\/comments?post=1071"}],"wp:featuredmedia":[{"embeddable":true,"href":"https:\/\/daltec.ch\/fr\/wp-json\/wp\/v2\/media\/1331"}],"wp:attachment":[{"href":"https:\/\/daltec.ch\/fr\/wp-json\/wp\/v2\/media?parent=1071"}],"wp:term":[{"taxonomy":"product_brand","embeddable":true,"href":"https:\/\/daltec.ch\/fr\/wp-json\/wp\/v2\/product_brand?post=1071"},{"taxonomy":"product_cat","embeddable":true,"href":"https:\/\/daltec.ch\/fr\/wp-json\/wp\/v2\/product_cat?post=1071"},{"taxonomy":"product_tag","embeddable":true,"href":"https:\/\/daltec.ch\/fr\/wp-json\/wp\/v2\/product_tag?post=1071"}],"curies":[{"name":"wp","href":"https:\/\/api.w.org\/{rel}","templated":true}]}}