{"id":1080,"date":"2024-06-25T06:59:58","date_gmt":"2024-06-25T06:59:58","guid":{"rendered":"https:\/\/demo.shrinkwaterindia.com\/?post_type=product&#038;p=1080"},"modified":"2025-08-21T13:51:06","modified_gmt":"2025-08-21T13:51:06","slug":"cargo-20-bk","status":"publish","type":"product","link":"https:\/\/daltec.ch\/fr\/product\/cargo-20-bk","title":{"rendered":"Daltec Cargo 20 BK FC2030HD PW, 3050x1800x1800 mm, 2000 Kg"},"content":{"rendered":"<p><em><strong>Prix: voir liste de prix sur page d'accueil<\/strong><\/em><\/p>\n<p>Haute qualit\u00e9 et bonnes propri\u00e9t\u00e9s d'isolation gr\u00e2ce \u00e0 des m\u00e9thodes de fabrication modernes. L'am\u00e9nagement int\u00e9rieur est r\u00e9alis\u00e9 en divers mat\u00e9riaux pour garantir la protection contre les chocs et l'isolation. Diff\u00e9rentes possibilit\u00e9s de montage vous permettent d'adapter la remorque \u00e0 vos besoins. Transportez vos marchandises sans vous soucier de la s\u00e9curit\u00e9 ou des conditions m\u00e9t\u00e9orologiques !<br \/>\n<em>*Les images peuvent contenir des options qui ne sont pas pr\u00e9sentes dans la version standard.<\/em><\/p>\n<h4>Equipement:<\/h4>\n<p>Ch\u00e2ssis : ch\u00e2ssis de base galvanis\u00e9 \u00e0 chaud, soud\u00e9 et viss\u00e9, dispositif d'attelage en V galvanis\u00e9 \u00e0 chaud, attelage \u00e0 boule, c\u00e2ble de s\u00e9curit\u00e9, roue jockey \u00e0 l'avant, garde-boue en plastique ou en t\u00f4le.<br \/>\nEssieux: essieu AL-KO\/Knott, frein \u00e0 main, syst\u00e8me de recul automatique. Amortisseurs.<br \/>\nCaisse : cadre galvanis\u00e9 \u00e0 chaud, parois en contreplaqu\u00e9 blanc, rails d'arrimage sur les parois lat\u00e9rales, pieds d'appui \u00e0 manivelle, cales de roue. portes-volets \u00e0 l'arri\u00e8re verrouillable, porte de service avant droite verrouillable.<br \/>\nSol: Fond en panneau marin antid\u00e9rapant, \u0153illets d'attache au fond.<br \/>\nSyst\u00e8me d'\u00e9clairage : selon les normes du code de la route, 12 V, prise 13 p\u00f4les<\/p>","protected":false},"excerpt":{"rendered":"<p>Remorque fourgon avec roues dessous, tandem, avec structure en plywood.<br \/>\nStandard \u00e9quip\u00e9 de portes-volets \u00e0 l'arri\u00e8re et d'une porte de service avant droite.<\/p>\n<h4>Sp\u00e9cifications<\/h4>\n<table class=\"table\">\n<tbody>\n<tr>\n<th>Longueur int\u00e9rieure<\/th>\n<td>3050 <small>mm<\/small><\/td>\n<\/tr>\n<tr>\n<th>Largeur int\u00e9rieure<\/th>\n<td>1800 <small>mm<\/small><\/td>\n<\/tr>\n<tr>\n<th>Hauteur int\u00e9rieure<\/th>\n<td>1800 <small>mm<\/small><\/td>\n<\/tr>\n<tr>\n<th>Dimensions ext\u00e9rieures<\/th>\n<td>4600 x 1950 x 2450 mm<\/td>\n<\/tr>\n<tr>\n<th>Essieux<\/th>\n<td>2x\u00a0<small><\/small><\/td>\n<\/tr>\n<tr>\n<th>Poids total<\/th>\n<td>2000 <small>kg<\/small><\/td>\n<\/tr>\n<tr>\n<th>Charge utile<\/th>\n<td>1260 <small>kg<\/small><\/td>\n<\/tr>\n<tr>\n<th>Roues<\/th>\n<td>195\/55 R 10C<\/td>\n<\/tr>\n<\/tbody>\n<\/table>\n<h6>Options<\/h6>\n<table>\n<tbody>\n<tr>\n<td>Rampe arri\u00e8re au lieu des portes-volets (12WGOT1591)<\/td>\n<td>+ 480 CHF<\/td>\n<\/tr>\n<tr>\n<td>Rampe combin\u00e9e \u00e0 l'arri\u00e8re (uniquement avec option rampe arri\u00e8re)<\/td>\n<td>+ 620 CHF<\/td>\n<\/tr>\n<tr>\n<td>Suppl\u00e9ment pour poids total \u00e0 2700 kg<\/td>\n<td>+ 330 CHF<\/td>\n<\/tr>\n<tr>\n<td>Caisson \u00e0 angle cass\u00e9 \u00e0 l'avant a\u00e9rodynamique (50 x 50)<\/td>\n<td>+ 170 CHF<\/td>\n<\/tr>\n<tr>\n<td>Fen\u00eatre 800 x 500 mm<\/td>\n<td>+ 380 CHF<\/td>\n<\/tr>\n<tr>\n<td>Fen\u00eatre 1200 x 600<\/td>\n<td>+ 540 CHF<\/td>\n<\/tr>\n<tr>\n<td>Roue de secours avec support<\/td>\n<td>+ 210 CHF<\/td>\n<\/tr>\n<tr>\n<td>Store avec moustiquaire pour fen\u00eatre 800 x 500<\/td>\n<td>+ 180 CHF<\/td>\n<\/tr>\n<tr>\n<td>Store avec moustiquaire pour fen\u00eatre 1200 x 600<\/td>\n<td>+ 260 CHF<\/td>\n<\/tr>\n<tr>\n<td>\u00c9clairage int\u00e9rieur LED<\/td>\n<td>+ 80 CHF<\/td>\n<\/tr>\n<tr>\n<td>\u00c9clairage de route du v\u00e9hicule LED<\/td>\n<td>+ 350 CHF<\/td>\n<\/tr>\n<tr>\n<td>Volet lat\u00e9ral<\/td>\n<td>+ 970 CHF<\/td>\n<\/tr>\n<tr>\n<td>Fen\u00eatre de toit Dometic<\/td>\n<td>+ 280 CHF<\/td>\n<\/tr>\n<tr>\n<td>Stores roulants lat\u00e9raux en aluminium (150\u00d7135 cm)<\/td>\n<td>+ 2&#8217;840 CHF<\/td>\n<\/tr>\n<tr>\n<td>Stores roulants lat\u00e9raux en aluminium (200x110 cm)<\/td>\n<td>+ 3&#8217;020 CHF<\/td>\n<\/tr>\n<tr>\n<td>Stores roulants lat\u00e9raux en aluminium (250x160 cm)<\/td>\n<td>+ 4&#8217;600 CHF<\/td>\n<\/tr>\n<tr>\n<td>Jantes aluminium<\/td>\n<td>+ 420 CHF<\/td>\n<\/tr>\n<\/tbody>\n<\/table>\n<p><em>Les prix ne s'appliquent qu'aux remorques command\u00e9es directement avec des options. Pour les remorques en stock, les prix peuvent varier si des options doivent \u00eatre ajout\u00e9es ult\u00e9rieurement.<\/em><\/p>","protected":false},"featured_media":2730,"comment_status":"open","ping_status":"closed","template":"","meta":{"_acf_changed":false},"product_brand":[],"product_cat":[236],"product_tag":[],"class_list":{"0":"post-1080","1":"product","2":"type-product","3":"status-publish","4":"has-post-thumbnail","6":"product_cat-plywood-und-sandwich-kofferanhaenger","8":"first","9":"instock","10":"featured","11":"shipping-taxable","12":"purchasable","13":"product-type-simple"},"acf":[],"yoast_head":"<!-- This site is optimized with the Yoast SEO plugin v27.2 - https:\/\/yoast.com\/product\/yoast-seo-wordpress\/ -->\n<title>Daltec Cargo 20 BK FC2030HD PW, 3050x1800x1800 mm, 2000 Kg - Daltec<\/title>\n<meta name=\"robots\" content=\"index, follow, max-snippet:-1, max-image-preview:large, max-video-preview:-1\" \/>\n<link rel=\"canonical\" href=\"https:\/\/daltec.ch\/fr\/product\/cargo-20-bk\/\" \/>\n<meta property=\"og:locale\" content=\"fr_FR\" \/>\n<meta property=\"og:type\" content=\"article\" \/>\n<meta property=\"og:title\" content=\"Daltec Cargo 20 BK FC2030HD PW, 3050x1800x1800 mm, 2000 Kg - Daltec\" \/>\n<meta property=\"og:description\" content=\"Hochlader Kofferanh\u00e4nger 2-achsig mit Plywood-Aufbau. Standardausf\u00fchrung ausgestattet mit Doppelfl\u00fcgelt\u00fcren Hinten und eine Servicet\u00fcre vorne rechts. Technische Daten    Innenl\u00e4nge 3050 mm   Innenbreite 1800 mm   Innenh\u00f6he 1800 mm   Aussenmassen 4600 x 1950 x 2450 mm   Achsen 2x\u00a0   Gesamtgewicht 2000 kg   Nutzlast 1260 kg   R\u00e4der 195\/55 R 10C    Optionen    Heckrampe Hinten an Stelle von Fl\u00fcgelt\u00fcren (12WGOT1591) + 480 CHF   Kombirampe Hinten (nur mit Option Heckrampe erh\u00e4ltlich) + 620 CHF   Aufpreis f\u00fcr Gesamtgewicht 2700 Kg + 330 CHF   Dach vorne abgeschr\u00e4gt (50x50) aerodynamisch + 170 CHF   Fenster 800 x 500 mm + 380 CHF   Fenster 1200 x 600 mm + 540 CHF   Ersatzrad mit Halter + 210 CHF   Store mit Moskitonetz (zu Fenster 800x500) + 180 CHF   Store mit Moskitonetz (zu Fenster 1200x600) + 260 CHF   LED Innenbeleuchtung + 80 CHF   LED Anh\u00e4nger Strassenbeleuchtung + 350 CHF   Seitenklappe + 970 CHF   Dometic Dachfenster + 280 CHF   Seitliche Aluminium Rolll\u00e4den (150 x 135 cm) + 2&#039;840 CHF   Seitliche Aluminium Rolll\u00e4den (200 x 110 cm) + 3&#039;020 CHF   Seitliche Aluminium Rolll\u00e4den (250 x 160 cm) + 4&#039;600 CHF   Aluminiumfelgen + 420 CHF    * Preise gilten nur f\u00fcr Anh\u00e4nger direkt bestellt mit Optionen. Bei Lageranh\u00e4nger k\u00f6nnen die Preise variieren wenn Optionen nachtr\u00e4glich hinzugef\u00fcgt werden m\u00fcssen.\" \/>\n<meta property=\"og:url\" content=\"https:\/\/daltec.ch\/fr\/product\/cargo-20-bk\/\" \/>\n<meta property=\"og:site_name\" content=\"Daltec\" \/>\n<meta property=\"article:publisher\" content=\"https:\/\/www.facebook.com\/DaltecAG\" \/>\n<meta property=\"article:modified_time\" content=\"2025-08-21T13:51:06+00:00\" \/>\n<meta property=\"og:image\" content=\"https:\/\/daltec.ch\/wp-content\/uploads\/2024\/06\/FC2030-hd_1av.png\" \/>\n\t<meta property=\"og:image:width\" content=\"800\" \/>\n\t<meta property=\"og:image:height\" content=\"800\" \/>\n\t<meta property=\"og:image:type\" content=\"image\/png\" \/>\n<meta name=\"twitter:card\" content=\"summary_large_image\" \/>\n<meta name=\"twitter:label1\" content=\"Dur\u00e9e de lecture estim\u00e9e\" \/>\n\t<meta name=\"twitter:data1\" content=\"1 minute\" \/>\n<script type=\"application\/ld+json\" class=\"yoast-schema-graph\">{\"@context\":\"https:\/\/schema.org\",\"@graph\":[{\"@type\":\"WebPage\",\"@id\":\"https:\/\/daltec.ch\/product\/cargo-20-bk\",\"url\":\"https:\/\/daltec.ch\/product\/cargo-20-bk\",\"name\":\"Daltec Cargo 20 BK FC2030HD PW, 3050x1800x1800 mm, 2000 Kg - Daltec\",\"isPartOf\":{\"@id\":\"https:\/\/daltec.ch\/fr\/#website\"},\"primaryImageOfPage\":{\"@id\":\"https:\/\/daltec.ch\/product\/cargo-20-bk#primaryimage\"},\"image\":{\"@id\":\"https:\/\/daltec.ch\/product\/cargo-20-bk#primaryimage\"},\"thumbnailUrl\":\"https:\/\/daltec.ch\/wp-content\/uploads\/2024\/06\/FC2030-hd_1av.png\",\"datePublished\":\"2024-06-25T06:59:58+00:00\",\"dateModified\":\"2025-08-21T13:51:06+00:00\",\"breadcrumb\":{\"@id\":\"https:\/\/daltec.ch\/product\/cargo-20-bk#breadcrumb\"},\"inLanguage\":\"fr-FR\",\"potentialAction\":[{\"@type\":\"ReadAction\",\"target\":[\"https:\/\/daltec.ch\/product\/cargo-20-bk\"]}]},{\"@type\":\"ImageObject\",\"inLanguage\":\"fr-FR\",\"@id\":\"https:\/\/daltec.ch\/product\/cargo-20-bk#primaryimage\",\"url\":\"https:\/\/daltec.ch\/wp-content\/uploads\/2024\/06\/FC2030-hd_1av.png\",\"contentUrl\":\"https:\/\/daltec.ch\/wp-content\/uploads\/2024\/06\/FC2030-hd_1av.png\",\"width\":800,\"height\":800},{\"@type\":\"BreadcrumbList\",\"@id\":\"https:\/\/daltec.ch\/product\/cargo-20-bk#breadcrumb\",\"itemListElement\":[{\"@type\":\"ListItem\",\"position\":1,\"name\":\"Startseite\",\"item\":\"https:\/\/daltec.ch\/\"},{\"@type\":\"ListItem\",\"position\":2,\"name\":\"anhaenger\",\"item\":\"https:\/\/daltec.ch\/anhaenger\"},{\"@type\":\"ListItem\",\"position\":3,\"name\":\"Daltec Cargo 20 BK FC2030HD PW, 3050x1800x1800 mm, 2000 Kg\"}]},{\"@type\":\"WebSite\",\"@id\":\"https:\/\/daltec.ch\/fr\/#website\",\"url\":\"https:\/\/daltec.ch\/fr\/\",\"name\":\"Daltec Trailers\",\"description\":\"\",\"publisher\":{\"@id\":\"https:\/\/daltec.ch\/fr\/#organization\"},\"potentialAction\":[{\"@type\":\"SearchAction\",\"target\":{\"@type\":\"EntryPoint\",\"urlTemplate\":\"https:\/\/daltec.ch\/fr\/?s={search_term_string}\"},\"query-input\":{\"@type\":\"PropertyValueSpecification\",\"valueRequired\":true,\"valueName\":\"search_term_string\"}}],\"inLanguage\":\"fr-FR\"},{\"@type\":\"Organization\",\"@id\":\"https:\/\/daltec.ch\/fr\/#organization\",\"name\":\"Daltec AG\",\"url\":\"https:\/\/daltec.ch\/fr\/\",\"logo\":{\"@type\":\"ImageObject\",\"inLanguage\":\"fr-FR\",\"@id\":\"https:\/\/daltec.ch\/fr\/#\/schema\/logo\/image\/\",\"url\":\"https:\/\/daltec.ch\/wp-content\/uploads\/2025\/08\/dlteclogo.webp\",\"contentUrl\":\"https:\/\/daltec.ch\/wp-content\/uploads\/2025\/08\/dlteclogo.webp\",\"width\":500,\"height\":195,\"caption\":\"Daltec AG\"},\"image\":{\"@id\":\"https:\/\/daltec.ch\/fr\/#\/schema\/logo\/image\/\"},\"sameAs\":[\"https:\/\/www.facebook.com\/DaltecAG\"]}]}<\/script>\n<!-- \/ Yoast SEO plugin. -->","yoast_head_json":{"title":"Daltec Cargo 20 BK FC2030HD PW, 3050x1800x1800 mm, 2000 Kg - Daltec","robots":{"index":"index","follow":"follow","max-snippet":"max-snippet:-1","max-image-preview":"max-image-preview:large","max-video-preview":"max-video-preview:-1"},"canonical":"https:\/\/daltec.ch\/fr\/product\/cargo-20-bk\/","og_locale":"fr_FR","og_type":"article","og_title":"Daltec Cargo 20 BK FC2030HD PW, 3050x1800x1800 mm, 2000 Kg - Daltec","og_description":"Hochlader Kofferanh\u00e4nger 2-achsig mit Plywood-Aufbau. Standardausf\u00fchrung ausgestattet mit Doppelfl\u00fcgelt\u00fcren Hinten und eine Servicet\u00fcre vorne rechts. Technische Daten    Innenl\u00e4nge 3050 mm   Innenbreite 1800 mm   Innenh\u00f6he 1800 mm   Aussenmassen 4600 x 1950 x 2450 mm   Achsen 2x\u00a0   Gesamtgewicht 2000 kg   Nutzlast 1260 kg   R\u00e4der 195\/55 R 10C    Optionen    Heckrampe Hinten an Stelle von Fl\u00fcgelt\u00fcren (12WGOT1591) + 480 CHF   Kombirampe Hinten (nur mit Option Heckrampe erh\u00e4ltlich) + 620 CHF   Aufpreis f\u00fcr Gesamtgewicht 2700 Kg + 330 CHF   Dach vorne abgeschr\u00e4gt (50x50) aerodynamisch + 170 CHF   Fenster 800 x 500 mm + 380 CHF   Fenster 1200 x 600 mm + 540 CHF   Ersatzrad mit Halter + 210 CHF   Store mit Moskitonetz (zu Fenster 800x500) + 180 CHF   Store mit Moskitonetz (zu Fenster 1200x600) + 260 CHF   LED Innenbeleuchtung + 80 CHF   LED Anh\u00e4nger Strassenbeleuchtung + 350 CHF   Seitenklappe + 970 CHF   Dometic Dachfenster + 280 CHF   Seitliche Aluminium Rolll\u00e4den (150 x 135 cm) + 2'840 CHF   Seitliche Aluminium Rolll\u00e4den (200 x 110 cm) + 3'020 CHF   Seitliche Aluminium Rolll\u00e4den (250 x 160 cm) + 4'600 CHF   Aluminiumfelgen + 420 CHF    * Preise gilten nur f\u00fcr Anh\u00e4nger direkt bestellt mit Optionen. Bei Lageranh\u00e4nger k\u00f6nnen die Preise variieren wenn Optionen nachtr\u00e4glich hinzugef\u00fcgt werden m\u00fcssen.","og_url":"https:\/\/daltec.ch\/fr\/product\/cargo-20-bk\/","og_site_name":"Daltec","article_publisher":"https:\/\/www.facebook.com\/DaltecAG","article_modified_time":"2025-08-21T13:51:06+00:00","og_image":[{"width":800,"height":800,"url":"https:\/\/daltec.ch\/wp-content\/uploads\/2024\/06\/FC2030-hd_1av.png","type":"image\/png"}],"twitter_card":"summary_large_image","twitter_misc":{"Dur\u00e9e de lecture estim\u00e9e":"1 minute"},"schema":{"@context":"https:\/\/schema.org","@graph":[{"@type":"WebPage","@id":"https:\/\/daltec.ch\/product\/cargo-20-bk","url":"https:\/\/daltec.ch\/product\/cargo-20-bk","name":"Daltec Cargo 20 BK FC2030HD PW, 3050x1800x1800 mm, 2000 Kg - Daltec","isPartOf":{"@id":"https:\/\/daltec.ch\/fr\/#website"},"primaryImageOfPage":{"@id":"https:\/\/daltec.ch\/product\/cargo-20-bk#primaryimage"},"image":{"@id":"https:\/\/daltec.ch\/product\/cargo-20-bk#primaryimage"},"thumbnailUrl":"https:\/\/daltec.ch\/wp-content\/uploads\/2024\/06\/FC2030-hd_1av.png","datePublished":"2024-06-25T06:59:58+00:00","dateModified":"2025-08-21T13:51:06+00:00","breadcrumb":{"@id":"https:\/\/daltec.ch\/product\/cargo-20-bk#breadcrumb"},"inLanguage":"fr-FR","potentialAction":[{"@type":"ReadAction","target":["https:\/\/daltec.ch\/product\/cargo-20-bk"]}]},{"@type":"ImageObject","inLanguage":"fr-FR","@id":"https:\/\/daltec.ch\/product\/cargo-20-bk#primaryimage","url":"https:\/\/daltec.ch\/wp-content\/uploads\/2024\/06\/FC2030-hd_1av.png","contentUrl":"https:\/\/daltec.ch\/wp-content\/uploads\/2024\/06\/FC2030-hd_1av.png","width":800,"height":800},{"@type":"BreadcrumbList","@id":"https:\/\/daltec.ch\/product\/cargo-20-bk#breadcrumb","itemListElement":[{"@type":"ListItem","position":1,"name":"Startseite","item":"https:\/\/daltec.ch\/"},{"@type":"ListItem","position":2,"name":"anhaenger","item":"https:\/\/daltec.ch\/anhaenger"},{"@type":"ListItem","position":3,"name":"Daltec Cargo 20 BK FC2030HD PW, 3050x1800x1800 mm, 2000 Kg"}]},{"@type":"WebSite","@id":"https:\/\/daltec.ch\/fr\/#website","url":"https:\/\/daltec.ch\/fr\/","name":"Daltec Trailers","description":"","publisher":{"@id":"https:\/\/daltec.ch\/fr\/#organization"},"potentialAction":[{"@type":"SearchAction","target":{"@type":"EntryPoint","urlTemplate":"https:\/\/daltec.ch\/fr\/?s={search_term_string}"},"query-input":{"@type":"PropertyValueSpecification","valueRequired":true,"valueName":"search_term_string"}}],"inLanguage":"fr-FR"},{"@type":"Organization","@id":"https:\/\/daltec.ch\/fr\/#organization","name":"Daltec AG","url":"https:\/\/daltec.ch\/fr\/","logo":{"@type":"ImageObject","inLanguage":"fr-FR","@id":"https:\/\/daltec.ch\/fr\/#\/schema\/logo\/image\/","url":"https:\/\/daltec.ch\/wp-content\/uploads\/2025\/08\/dlteclogo.webp","contentUrl":"https:\/\/daltec.ch\/wp-content\/uploads\/2025\/08\/dlteclogo.webp","width":500,"height":195,"caption":"Daltec AG"},"image":{"@id":"https:\/\/daltec.ch\/fr\/#\/schema\/logo\/image\/"},"sameAs":["https:\/\/www.facebook.com\/DaltecAG"]}]}},"_links":{"self":[{"href":"https:\/\/daltec.ch\/fr\/wp-json\/wp\/v2\/product\/1080","targetHints":{"allow":["GET"]}}],"collection":[{"href":"https:\/\/daltec.ch\/fr\/wp-json\/wp\/v2\/product"}],"about":[{"href":"https:\/\/daltec.ch\/fr\/wp-json\/wp\/v2\/types\/product"}],"replies":[{"embeddable":true,"href":"https:\/\/daltec.ch\/fr\/wp-json\/wp\/v2\/comments?post=1080"}],"wp:featuredmedia":[{"embeddable":true,"href":"https:\/\/daltec.ch\/fr\/wp-json\/wp\/v2\/media\/2730"}],"wp:attachment":[{"href":"https:\/\/daltec.ch\/fr\/wp-json\/wp\/v2\/media?parent=1080"}],"wp:term":[{"taxonomy":"product_brand","embeddable":true,"href":"https:\/\/daltec.ch\/fr\/wp-json\/wp\/v2\/product_brand?post=1080"},{"taxonomy":"product_cat","embeddable":true,"href":"https:\/\/daltec.ch\/fr\/wp-json\/wp\/v2\/product_cat?post=1080"},{"taxonomy":"product_tag","embeddable":true,"href":"https:\/\/daltec.ch\/fr\/wp-json\/wp\/v2\/product_tag?post=1080"}],"curies":[{"name":"wp","href":"https:\/\/api.w.org\/{rel}","templated":true}]}}