{"id":1086,"date":"2024-06-25T07:45:35","date_gmt":"2024-06-25T07:45:35","guid":{"rendered":"https:\/\/demo.shrinkwaterindia.com\/?post_type=product&#038;p=1086"},"modified":"2025-12-01T13:28:06","modified_gmt":"2025-12-01T13:28:06","slug":"vz-13-bk-tfd-300t-00pw","status":"publish","type":"product","link":"https:\/\/daltec.ch\/fr\/product\/vz-13-bk-tfd-300t-00pw","title":{"rendered":"Daltec VZ 13 BK \/ TFD 300T.00 PW Portes battantes + porte de service, 3000x1500x1800 mm, 1300 Kg"},"content":{"rendered":"<h4><em><strong>Prix: voir liste de prix sur page d'accueil<\/strong><\/em><\/h4>\n<h4>Equipement:<\/h4>\n<p>Dimensions ext\u00e9rieures (longueur x largeur x hauteur) : 4576 x 1978 x 2360 mm. Ch\u00e2ssis : cadre de base galvanis\u00e9 et soud\u00e9, timon en V, dispositif \u00e0 inertie frein\u00e9 avec boule d'attelage et c\u00e2ble de s\u00e9curit\u00e9, roue jockey \u00e0 l'avant. Essieu : 1x essieu AL-KO ou KNOTT frein\u00e9 avec frein \u00e0 main et syst\u00e8me anti-retour. Structure : Parois en bois rev\u00eatues, cadre solide galvanis\u00e9, portes arri\u00e8re \u00e0 double battant avec fermeture \u00e0 cr\u00e9mone, porte de service \u00e0 droite avec fermeture \u00e0 cl\u00e9, grille d'a\u00e9ration, 2x pieds d'appui arri\u00e8re avec support. Plancher : plancher en contreplaqu\u00e9 antid\u00e9rapant. Fixation du chargement : 2 rang\u00e9es de rails d'arrimage de chaque c\u00f4t\u00e9 \u00e0 l'int\u00e9rieur, 6 anneaux d'arrimage encastr\u00e9s dans le plancher. Eclairage : 12V, fiche 13 p\u00f4les, Selon les normes actuelles.<\/p>","protected":false},"excerpt":{"rendered":"<h5>Prix: voir liste de prix sur page d'accueil<\/h5>\n<p>Remorque surbaiss\u00e9e fourgon en bois avec portes arri\u00e8re \u00e0 double battant<\/p>\n<h4>Sp\u00e9cifications<\/h4>\n<table class=\"table\">\n<tbody>\n<tr>\n<th>Longueur int\u00e9rieure<\/th>\n<td>3000 <small>mm<\/small><\/td>\n<\/tr>\n<tr>\n<th>Largeur int\u00e9rieure<\/th>\n<td>1500 <small>mm<\/small><\/td>\n<\/tr>\n<tr>\n<th>Hauteur int\u00e9rieure<\/th>\n<td>1800 <small>mm<\/small><\/td>\n<\/tr>\n<tr>\n<th>Essieux<\/th>\n<td>1<small><\/small><\/td>\n<\/tr>\n<tr>\n<th>Poids total<\/th>\n<td>1300 <small>kg<\/small><\/td>\n<\/tr>\n<tr>\n<th>Charge utile<\/th>\n<td>715 <small>kg<\/small><\/td>\n<\/tr>\n<tr>\n<th>Roues<\/th>\n<td>165 R 13 C<small><\/small><\/td>\n<\/tr>\n<\/tbody>\n<\/table>\n<h6>Options<\/h6>\n<table>\n<tbody>\n<tr>\n<td>Porte de service sur le c\u00f4t\u00e9<\/td>\n<td>620 CHF<\/td>\n<\/tr>\n<tr>\n<td>Volet lat\u00e9ral<\/td>\n<td>890 CHF<\/td>\n<\/tr>\n<tr>\n<td>Fen\u00eatre 1200 x 500 mm<\/td>\n<td>350 CHF<\/td>\n<\/tr>\n<tr>\n<td>Fen\u00eatre 700 x 500 mm<\/td>\n<td>300 CHF<\/td>\n<\/tr>\n<tr>\n<td>Fen\u00eatre de toit 400 x 400 mm<\/td>\n<td>250 CHF<\/td>\n<\/tr>\n<tr>\n<td>\u00c9clairage int\u00e9rieur<br \/>\n<strong>\u00e9clairage int\u00e9rieur 12V (1 lampe LED avec interrupteur)<\/strong><\/td>\n<td>190 CHF<\/td>\n<\/tr>\n<tr>\n<td>Installation 230V<\/td>\n<td>450 CHF<\/td>\n<\/tr>\n<\/tbody>\n<\/table>","protected":false},"featured_media":4057,"comment_status":"open","ping_status":"closed","template":"","meta":{"_acf_changed":false},"product_brand":[],"product_cat":[236],"product_tag":[],"class_list":{"0":"post-1086","1":"product","2":"type-product","3":"status-publish","4":"has-post-thumbnail","6":"product_cat-plywood-und-sandwich-kofferanhaenger","8":"first","9":"instock","10":"featured","11":"shipping-taxable","12":"purchasable","13":"product-type-simple"},"acf":[],"yoast_head":"<!-- This site is optimized with the Yoast SEO plugin v27.2 - https:\/\/yoast.com\/product\/yoast-seo-wordpress\/ -->\n<title>Daltec VZ 13 BK \/ TFD 300T.00 PW Fl\u00fcgelt\u00fcren + Servicet\u00fcre, 3000x1500x1800 mm, 1300 Kg - Daltec<\/title>\n<meta name=\"robots\" content=\"index, follow, max-snippet:-1, max-image-preview:large, max-video-preview:-1\" \/>\n<link rel=\"canonical\" href=\"https:\/\/daltec.ch\/fr\/product\/vz-13-bk-tfd-300t-00pw\/\" \/>\n<meta property=\"og:locale\" content=\"fr_FR\" \/>\n<meta property=\"og:type\" content=\"article\" \/>\n<meta property=\"og:title\" content=\"Daltec VZ 13 BK \/ TFD 300T.00 PW Fl\u00fcgelt\u00fcren + Servicet\u00fcre, 3000x1500x1800 mm, 1300 Kg - Daltec\" \/>\n<meta property=\"og:description\" content=\"Preis: Siehe Preisliste auf Startseite Tieflader Kofferanh\u00e4nger aus Holz mit Doppelfl\u00fcgelt\u00fcren hinten Technische Daten    L\u00e4nge 3000 mm   Breite 1500 mm   H\u00f6he 1800 mm   Achsen 1   Gesamtgewicht 1300 kg   Nutzlast 715 kg   R\u00e4der 165 R 13 C    Optionen    Servicet\u00fcre seitlich 620 CHF   Seitenklappe 890 CHF   Fenster 1200 x 500 mm 350 CHF   Fenster 700 x 500 mm 300 CHF   Dachfenster 400 x 400 mm 250 CHF   Innenbeleuchtung Innenbeleuchtung 12V (1 LED Lampe mit Schalter) 190 CHF   Installation 230V 450 CHF\" \/>\n<meta property=\"og:url\" content=\"https:\/\/daltec.ch\/fr\/product\/vz-13-bk-tfd-300t-00pw\/\" \/>\n<meta property=\"og:site_name\" content=\"Daltec\" \/>\n<meta property=\"article:publisher\" content=\"https:\/\/www.facebook.com\/DaltecAG\" \/>\n<meta property=\"article:modified_time\" content=\"2025-12-01T13:28:06+00:00\" \/>\n<meta property=\"og:image\" content=\"https:\/\/daltec.ch\/wp-content\/uploads\/2024\/06\/TFD-250.00-6-scaled-1.jpg\" \/>\n\t<meta property=\"og:image:width\" content=\"1898\" \/>\n\t<meta property=\"og:image:height\" content=\"1393\" \/>\n\t<meta property=\"og:image:type\" content=\"image\/jpeg\" \/>\n<meta name=\"twitter:card\" content=\"summary_large_image\" \/>\n<meta name=\"twitter:label1\" content=\"Dur\u00e9e de lecture estim\u00e9e\" \/>\n\t<meta name=\"twitter:data1\" content=\"1 minute\" \/>\n<script type=\"application\/ld+json\" class=\"yoast-schema-graph\">{\"@context\":\"https:\/\/schema.org\",\"@graph\":[{\"@type\":\"WebPage\",\"@id\":\"https:\/\/daltec.ch\/product\/vz-13-bk-tfd-300t-00pw\",\"url\":\"https:\/\/daltec.ch\/product\/vz-13-bk-tfd-300t-00pw\",\"name\":\"Daltec VZ 13 BK \/ TFD 300T.00 PW Fl\u00fcgelt\u00fcren + Servicet\u00fcre, 3000x1500x1800 mm, 1300 Kg - Daltec\",\"isPartOf\":{\"@id\":\"https:\/\/daltec.ch\/fr\/#website\"},\"primaryImageOfPage\":{\"@id\":\"https:\/\/daltec.ch\/product\/vz-13-bk-tfd-300t-00pw#primaryimage\"},\"image\":{\"@id\":\"https:\/\/daltec.ch\/product\/vz-13-bk-tfd-300t-00pw#primaryimage\"},\"thumbnailUrl\":\"https:\/\/daltec.ch\/wp-content\/uploads\/2024\/06\/TFD-250.00-6-scaled-1.jpg\",\"datePublished\":\"2024-06-25T07:45:35+00:00\",\"dateModified\":\"2025-12-01T13:28:06+00:00\",\"breadcrumb\":{\"@id\":\"https:\/\/daltec.ch\/product\/vz-13-bk-tfd-300t-00pw#breadcrumb\"},\"inLanguage\":\"fr-FR\",\"potentialAction\":[{\"@type\":\"ReadAction\",\"target\":[\"https:\/\/daltec.ch\/product\/vz-13-bk-tfd-300t-00pw\"]}]},{\"@type\":\"ImageObject\",\"inLanguage\":\"fr-FR\",\"@id\":\"https:\/\/daltec.ch\/product\/vz-13-bk-tfd-300t-00pw#primaryimage\",\"url\":\"https:\/\/daltec.ch\/wp-content\/uploads\/2024\/06\/TFD-250.00-6-scaled-1.jpg\",\"contentUrl\":\"https:\/\/daltec.ch\/wp-content\/uploads\/2024\/06\/TFD-250.00-6-scaled-1.jpg\",\"width\":1898,\"height\":1393},{\"@type\":\"BreadcrumbList\",\"@id\":\"https:\/\/daltec.ch\/product\/vz-13-bk-tfd-300t-00pw#breadcrumb\",\"itemListElement\":[{\"@type\":\"ListItem\",\"position\":1,\"name\":\"Startseite\",\"item\":\"https:\/\/daltec.ch\/\"},{\"@type\":\"ListItem\",\"position\":2,\"name\":\"anhaenger\",\"item\":\"https:\/\/daltec.ch\/anhaenger\"},{\"@type\":\"ListItem\",\"position\":3,\"name\":\"Daltec VZ 13 BK \/ TFD 300T.00 PW Fl\u00fcgelt\u00fcren + Servicet\u00fcre, 3000x1500x1800 mm, 1300 Kg\"}]},{\"@type\":\"WebSite\",\"@id\":\"https:\/\/daltec.ch\/fr\/#website\",\"url\":\"https:\/\/daltec.ch\/fr\/\",\"name\":\"Daltec Trailers\",\"description\":\"\",\"publisher\":{\"@id\":\"https:\/\/daltec.ch\/fr\/#organization\"},\"potentialAction\":[{\"@type\":\"SearchAction\",\"target\":{\"@type\":\"EntryPoint\",\"urlTemplate\":\"https:\/\/daltec.ch\/fr\/?s={search_term_string}\"},\"query-input\":{\"@type\":\"PropertyValueSpecification\",\"valueRequired\":true,\"valueName\":\"search_term_string\"}}],\"inLanguage\":\"fr-FR\"},{\"@type\":\"Organization\",\"@id\":\"https:\/\/daltec.ch\/fr\/#organization\",\"name\":\"Daltec AG\",\"url\":\"https:\/\/daltec.ch\/fr\/\",\"logo\":{\"@type\":\"ImageObject\",\"inLanguage\":\"fr-FR\",\"@id\":\"https:\/\/daltec.ch\/fr\/#\/schema\/logo\/image\/\",\"url\":\"https:\/\/daltec.ch\/wp-content\/uploads\/2025\/08\/dlteclogo.webp\",\"contentUrl\":\"https:\/\/daltec.ch\/wp-content\/uploads\/2025\/08\/dlteclogo.webp\",\"width\":500,\"height\":195,\"caption\":\"Daltec AG\"},\"image\":{\"@id\":\"https:\/\/daltec.ch\/fr\/#\/schema\/logo\/image\/\"},\"sameAs\":[\"https:\/\/www.facebook.com\/DaltecAG\"]}]}<\/script>\n<!-- \/ Yoast SEO plugin. -->","yoast_head_json":{"title":"Daltec VZ 13 BK \/ TFD 300T.00 PW Fl\u00fcgelt\u00fcren + Servicet\u00fcre, 3000x1500x1800 mm, 1300 Kg - Daltec","robots":{"index":"index","follow":"follow","max-snippet":"max-snippet:-1","max-image-preview":"max-image-preview:large","max-video-preview":"max-video-preview:-1"},"canonical":"https:\/\/daltec.ch\/fr\/product\/vz-13-bk-tfd-300t-00pw\/","og_locale":"fr_FR","og_type":"article","og_title":"Daltec VZ 13 BK \/ TFD 300T.00 PW Fl\u00fcgelt\u00fcren + Servicet\u00fcre, 3000x1500x1800 mm, 1300 Kg - Daltec","og_description":"Preis: Siehe Preisliste auf Startseite Tieflader Kofferanh\u00e4nger aus Holz mit Doppelfl\u00fcgelt\u00fcren hinten Technische Daten    L\u00e4nge 3000 mm   Breite 1500 mm   H\u00f6he 1800 mm   Achsen 1   Gesamtgewicht 1300 kg   Nutzlast 715 kg   R\u00e4der 165 R 13 C    Optionen    Servicet\u00fcre seitlich 620 CHF   Seitenklappe 890 CHF   Fenster 1200 x 500 mm 350 CHF   Fenster 700 x 500 mm 300 CHF   Dachfenster 400 x 400 mm 250 CHF   Innenbeleuchtung Innenbeleuchtung 12V (1 LED Lampe mit Schalter) 190 CHF   Installation 230V 450 CHF","og_url":"https:\/\/daltec.ch\/fr\/product\/vz-13-bk-tfd-300t-00pw\/","og_site_name":"Daltec","article_publisher":"https:\/\/www.facebook.com\/DaltecAG","article_modified_time":"2025-12-01T13:28:06+00:00","og_image":[{"width":1898,"height":1393,"url":"https:\/\/daltec.ch\/wp-content\/uploads\/2024\/06\/TFD-250.00-6-scaled-1.jpg","type":"image\/jpeg"}],"twitter_card":"summary_large_image","twitter_misc":{"Dur\u00e9e de lecture estim\u00e9e":"1 minute"},"schema":{"@context":"https:\/\/schema.org","@graph":[{"@type":"WebPage","@id":"https:\/\/daltec.ch\/product\/vz-13-bk-tfd-300t-00pw","url":"https:\/\/daltec.ch\/product\/vz-13-bk-tfd-300t-00pw","name":"Daltec VZ 13 BK \/ TFD 300T.00 PW Fl\u00fcgelt\u00fcren + Servicet\u00fcre, 3000x1500x1800 mm, 1300 Kg - Daltec","isPartOf":{"@id":"https:\/\/daltec.ch\/fr\/#website"},"primaryImageOfPage":{"@id":"https:\/\/daltec.ch\/product\/vz-13-bk-tfd-300t-00pw#primaryimage"},"image":{"@id":"https:\/\/daltec.ch\/product\/vz-13-bk-tfd-300t-00pw#primaryimage"},"thumbnailUrl":"https:\/\/daltec.ch\/wp-content\/uploads\/2024\/06\/TFD-250.00-6-scaled-1.jpg","datePublished":"2024-06-25T07:45:35+00:00","dateModified":"2025-12-01T13:28:06+00:00","breadcrumb":{"@id":"https:\/\/daltec.ch\/product\/vz-13-bk-tfd-300t-00pw#breadcrumb"},"inLanguage":"fr-FR","potentialAction":[{"@type":"ReadAction","target":["https:\/\/daltec.ch\/product\/vz-13-bk-tfd-300t-00pw"]}]},{"@type":"ImageObject","inLanguage":"fr-FR","@id":"https:\/\/daltec.ch\/product\/vz-13-bk-tfd-300t-00pw#primaryimage","url":"https:\/\/daltec.ch\/wp-content\/uploads\/2024\/06\/TFD-250.00-6-scaled-1.jpg","contentUrl":"https:\/\/daltec.ch\/wp-content\/uploads\/2024\/06\/TFD-250.00-6-scaled-1.jpg","width":1898,"height":1393},{"@type":"BreadcrumbList","@id":"https:\/\/daltec.ch\/product\/vz-13-bk-tfd-300t-00pw#breadcrumb","itemListElement":[{"@type":"ListItem","position":1,"name":"Startseite","item":"https:\/\/daltec.ch\/"},{"@type":"ListItem","position":2,"name":"anhaenger","item":"https:\/\/daltec.ch\/anhaenger"},{"@type":"ListItem","position":3,"name":"Daltec VZ 13 BK \/ TFD 300T.00 PW Fl\u00fcgelt\u00fcren + Servicet\u00fcre, 3000x1500x1800 mm, 1300 Kg"}]},{"@type":"WebSite","@id":"https:\/\/daltec.ch\/fr\/#website","url":"https:\/\/daltec.ch\/fr\/","name":"Daltec Trailers","description":"","publisher":{"@id":"https:\/\/daltec.ch\/fr\/#organization"},"potentialAction":[{"@type":"SearchAction","target":{"@type":"EntryPoint","urlTemplate":"https:\/\/daltec.ch\/fr\/?s={search_term_string}"},"query-input":{"@type":"PropertyValueSpecification","valueRequired":true,"valueName":"search_term_string"}}],"inLanguage":"fr-FR"},{"@type":"Organization","@id":"https:\/\/daltec.ch\/fr\/#organization","name":"Daltec AG","url":"https:\/\/daltec.ch\/fr\/","logo":{"@type":"ImageObject","inLanguage":"fr-FR","@id":"https:\/\/daltec.ch\/fr\/#\/schema\/logo\/image\/","url":"https:\/\/daltec.ch\/wp-content\/uploads\/2025\/08\/dlteclogo.webp","contentUrl":"https:\/\/daltec.ch\/wp-content\/uploads\/2025\/08\/dlteclogo.webp","width":500,"height":195,"caption":"Daltec AG"},"image":{"@id":"https:\/\/daltec.ch\/fr\/#\/schema\/logo\/image\/"},"sameAs":["https:\/\/www.facebook.com\/DaltecAG"]}]}},"_links":{"self":[{"href":"https:\/\/daltec.ch\/fr\/wp-json\/wp\/v2\/product\/1086","targetHints":{"allow":["GET"]}}],"collection":[{"href":"https:\/\/daltec.ch\/fr\/wp-json\/wp\/v2\/product"}],"about":[{"href":"https:\/\/daltec.ch\/fr\/wp-json\/wp\/v2\/types\/product"}],"replies":[{"embeddable":true,"href":"https:\/\/daltec.ch\/fr\/wp-json\/wp\/v2\/comments?post=1086"}],"wp:featuredmedia":[{"embeddable":true,"href":"https:\/\/daltec.ch\/fr\/wp-json\/wp\/v2\/media\/4057"}],"wp:attachment":[{"href":"https:\/\/daltec.ch\/fr\/wp-json\/wp\/v2\/media?parent=1086"}],"wp:term":[{"taxonomy":"product_brand","embeddable":true,"href":"https:\/\/daltec.ch\/fr\/wp-json\/wp\/v2\/product_brand?post=1086"},{"taxonomy":"product_cat","embeddable":true,"href":"https:\/\/daltec.ch\/fr\/wp-json\/wp\/v2\/product_cat?post=1086"},{"taxonomy":"product_tag","embeddable":true,"href":"https:\/\/daltec.ch\/fr\/wp-json\/wp\/v2\/product_tag?post=1086"}],"curies":[{"name":"wp","href":"https:\/\/api.w.org\/{rel}","templated":true}]}}