{"id":1093,"date":"2024-06-25T12:35:16","date_gmt":"2024-06-25T12:35:16","guid":{"rendered":"https:\/\/demo.shrinkwaterindia.com\/?post_type=product&#038;p=1093"},"modified":"2025-07-28T08:56:35","modified_gmt":"2025-07-28T08:56:35","slug":"ka-3500-trius-elec-zentralrohr","status":"publish","type":"product","link":"https:\/\/daltec.ch\/fr\/product\/ka-3500-trius-elec-zentralrohr","title":{"rendered":"Daltec Stema KA 3500 Trius Elec Tube central, 3620x2030x350 mm, 3500 Kg"},"content":{"rendered":"<p><em><strong>Prix: voir liste de prix sur page d'accueil<\/strong><\/em><\/p>\n<p>Extr\u00eamement robuste dans tous les composants porteurs et de travail, il r\u00e9siste \u00e0 de v\u00e9ritables charges professionnelles. Selon les souhaits du client, le TRIUS est disponible en diff\u00e9rents mat\u00e9riaux de rev\u00eatement et carrosseries.<br \/>\n<strong>Equipement:<\/strong><br \/>\nParoi lat\u00e9rale, garde-corps et autres, rampes d'angle sur\u00e9lev\u00e9es pour une plus grande hauteur de passage lors du d\u00e9chargement Parois lat\u00e9rales en t\u00f4le d'acier de 2 mm avec protection contre la corrosion durable et de haute qualit\u00e9 avec fermetures \u00e0 levier d'angle robustes \u00e0 levier d'angle robustes Paroi arri\u00e8re rabattable et amovible en option avec rev\u00eatement en poudre color\u00e9e (suppl\u00e9ment en fonction du RAL) 35 cm de haut avec charni\u00e8res \u00e0 large bande robustes Possibilit\u00e9s de suspension pour les b\u00e2ches et les filets Boutons de suspension mont\u00e9s de fixation des b\u00e2ches et des filets Ch\u00e2s et cadre Position de route optimale gr\u00e2ce au test STEMA avec timon en V de s\u00e9curit\u00e9 Embrayage \u00e0 billement avec indicateur de s\u00e9curit\u00e9 enti\u00e8rement galvanis\u00e9 \u00e0 vis galvanis\u00e9 \u00e0 la chaleur-pneu \u00e0 vis Protection contre les rayures en plastique sur l'attelage \u00e0 vis en plastique sur l'attelage de traction cadre en acier<\/p>","protected":false},"excerpt":{"rendered":"<p>Une fois une benne \u00e0 3 c\u00f4t\u00e9s de STEMA, toujours une de STEMA. \u0093 Ce sont les avis des clients qui ont opt\u00e9 pour un TRIUS.<\/p>\n<h5>Donn\u00e9es techniques:<\/h5>\n<table class=\"table\">\n<tbody>\n<tr>\n<th>Longueur int\u00e9rieure<\/th>\n<td>3620 <small>mm<\/small><\/td>\n<\/tr>\n<tr>\n<th>Largeur int\u00e9rieure<\/th>\n<td>2030 <small>mm<\/small><\/td>\n<\/tr>\n<tr>\n<th>Hauteur int\u00e9rieure<\/th>\n<td>350 <small>mm<\/small><\/td>\n<\/tr>\n<tr>\n<th>Essieux<\/th>\n<td>2 <small><\/small><\/td>\n<\/tr>\n<tr>\n<th>Poids total<\/th>\n<td>3500 <small>kg<\/small><\/td>\n<\/tr>\n<tr>\n<th>Charge utile<\/th>\n<td>2224 <small>kg<\/small><\/td>\n<\/tr>\n<\/tbody>\n<\/table>","protected":false},"featured_media":1655,"comment_status":"open","ping_status":"closed","template":"","meta":{"_acf_changed":false},"product_brand":[],"product_cat":[245,29],"product_tag":[],"class_list":{"0":"post-1093","1":"product","2":"type-product","3":"status-publish","4":"has-post-thumbnail","6":"product_cat-dreiseitenkipper","7":"product_cat-kipper-anhaenger","9":"first","10":"instock","11":"featured","12":"shipping-taxable","13":"purchasable","14":"product-type-simple"},"acf":[],"yoast_head":"<!-- This site is optimized with the Yoast SEO plugin v27.2 - https:\/\/yoast.com\/product\/yoast-seo-wordpress\/ -->\n<title>Daltec Stema KA 3500 Trius Elec Zentralrohr, 3620x2030x350 mm, 3500 Kg - Daltec<\/title>\n<meta name=\"robots\" content=\"index, follow, max-snippet:-1, max-image-preview:large, max-video-preview:-1\" \/>\n<link rel=\"canonical\" href=\"https:\/\/daltec.ch\/fr\/product\/ka-3500-trius-elec-zentralrohr\/\" \/>\n<meta property=\"og:locale\" content=\"fr_FR\" \/>\n<meta property=\"og:type\" content=\"article\" \/>\n<meta property=\"og:title\" content=\"Daltec Stema KA 3500 Trius Elec Zentralrohr, 3620x2030x350 mm, 3500 Kg - Daltec\" \/>\n<meta property=\"og:description\" content=\"Einmal einen 3-Seiten-Kipper von STEMA, immer einen von STEMA.\u0093 Das sind die Kundenstimmen, die sich f\u00fcr einen TRIUS entschieden haben. Technische Daten:    L\u00e4nge 3620 mm   Breite 2030 mm   H\u00f6he 350 mm   Achsen 2    Gesamtgewicht 3500 kg   Nutzlast 2224 kg\" \/>\n<meta property=\"og:url\" content=\"https:\/\/daltec.ch\/fr\/product\/ka-3500-trius-elec-zentralrohr\/\" \/>\n<meta property=\"og:site_name\" content=\"Daltec\" \/>\n<meta property=\"article:publisher\" content=\"https:\/\/www.facebook.com\/DaltecAG\" \/>\n<meta property=\"article:modified_time\" content=\"2025-07-28T08:56:35+00:00\" \/>\n<meta property=\"og:image\" content=\"https:\/\/daltec.ch\/wp-content\/uploads\/2024\/06\/KA-3500-Trius-Elec-Zentralrohr.jpg\" \/>\n\t<meta property=\"og:image:width\" content=\"800\" \/>\n\t<meta property=\"og:image:height\" content=\"800\" \/>\n\t<meta property=\"og:image:type\" content=\"image\/jpeg\" \/>\n<meta name=\"twitter:card\" content=\"summary_large_image\" \/>\n<meta name=\"twitter:label1\" content=\"Dur\u00e9e de lecture estim\u00e9e\" \/>\n\t<meta name=\"twitter:data1\" content=\"1 minute\" \/>\n<script type=\"application\/ld+json\" class=\"yoast-schema-graph\">{\"@context\":\"https:\/\/schema.org\",\"@graph\":[{\"@type\":\"WebPage\",\"@id\":\"https:\/\/daltec.ch\/product\/ka-3500-trius-elec-zentralrohr\",\"url\":\"https:\/\/daltec.ch\/product\/ka-3500-trius-elec-zentralrohr\",\"name\":\"Daltec Stema KA 3500 Trius Elec Zentralrohr, 3620x2030x350 mm, 3500 Kg - Daltec\",\"isPartOf\":{\"@id\":\"https:\/\/daltec.ch\/fr\/#website\"},\"primaryImageOfPage\":{\"@id\":\"https:\/\/daltec.ch\/product\/ka-3500-trius-elec-zentralrohr#primaryimage\"},\"image\":{\"@id\":\"https:\/\/daltec.ch\/product\/ka-3500-trius-elec-zentralrohr#primaryimage\"},\"thumbnailUrl\":\"https:\/\/daltec.ch\/wp-content\/uploads\/2024\/06\/KA-3500-Trius-Elec-Zentralrohr.jpg\",\"datePublished\":\"2024-06-25T12:35:16+00:00\",\"dateModified\":\"2025-07-28T08:56:35+00:00\",\"breadcrumb\":{\"@id\":\"https:\/\/daltec.ch\/product\/ka-3500-trius-elec-zentralrohr#breadcrumb\"},\"inLanguage\":\"fr-FR\",\"potentialAction\":[{\"@type\":\"ReadAction\",\"target\":[\"https:\/\/daltec.ch\/product\/ka-3500-trius-elec-zentralrohr\"]}]},{\"@type\":\"ImageObject\",\"inLanguage\":\"fr-FR\",\"@id\":\"https:\/\/daltec.ch\/product\/ka-3500-trius-elec-zentralrohr#primaryimage\",\"url\":\"https:\/\/daltec.ch\/wp-content\/uploads\/2024\/06\/KA-3500-Trius-Elec-Zentralrohr.jpg\",\"contentUrl\":\"https:\/\/daltec.ch\/wp-content\/uploads\/2024\/06\/KA-3500-Trius-Elec-Zentralrohr.jpg\",\"width\":800,\"height\":800},{\"@type\":\"BreadcrumbList\",\"@id\":\"https:\/\/daltec.ch\/product\/ka-3500-trius-elec-zentralrohr#breadcrumb\",\"itemListElement\":[{\"@type\":\"ListItem\",\"position\":1,\"name\":\"Startseite\",\"item\":\"https:\/\/daltec.ch\/\"},{\"@type\":\"ListItem\",\"position\":2,\"name\":\"anhaenger\",\"item\":\"https:\/\/daltec.ch\/anhaenger\"},{\"@type\":\"ListItem\",\"position\":3,\"name\":\"Daltec Stema KA 3500 Trius Elec Zentralrohr, 3620x2030x350 mm, 3500 Kg\"}]},{\"@type\":\"WebSite\",\"@id\":\"https:\/\/daltec.ch\/fr\/#website\",\"url\":\"https:\/\/daltec.ch\/fr\/\",\"name\":\"Daltec Trailers\",\"description\":\"\",\"publisher\":{\"@id\":\"https:\/\/daltec.ch\/fr\/#organization\"},\"potentialAction\":[{\"@type\":\"SearchAction\",\"target\":{\"@type\":\"EntryPoint\",\"urlTemplate\":\"https:\/\/daltec.ch\/fr\/?s={search_term_string}\"},\"query-input\":{\"@type\":\"PropertyValueSpecification\",\"valueRequired\":true,\"valueName\":\"search_term_string\"}}],\"inLanguage\":\"fr-FR\"},{\"@type\":\"Organization\",\"@id\":\"https:\/\/daltec.ch\/fr\/#organization\",\"name\":\"Daltec AG\",\"url\":\"https:\/\/daltec.ch\/fr\/\",\"logo\":{\"@type\":\"ImageObject\",\"inLanguage\":\"fr-FR\",\"@id\":\"https:\/\/daltec.ch\/fr\/#\/schema\/logo\/image\/\",\"url\":\"https:\/\/daltec.ch\/wp-content\/uploads\/2025\/08\/dlteclogo.webp\",\"contentUrl\":\"https:\/\/daltec.ch\/wp-content\/uploads\/2025\/08\/dlteclogo.webp\",\"width\":500,\"height\":195,\"caption\":\"Daltec AG\"},\"image\":{\"@id\":\"https:\/\/daltec.ch\/fr\/#\/schema\/logo\/image\/\"},\"sameAs\":[\"https:\/\/www.facebook.com\/DaltecAG\"]}]}<\/script>\n<!-- \/ Yoast SEO plugin. -->","yoast_head_json":{"title":"Daltec Stema KA 3500 Trius Elec Zentralrohr, 3620x2030x350 mm, 3500 Kg - Daltec","robots":{"index":"index","follow":"follow","max-snippet":"max-snippet:-1","max-image-preview":"max-image-preview:large","max-video-preview":"max-video-preview:-1"},"canonical":"https:\/\/daltec.ch\/fr\/product\/ka-3500-trius-elec-zentralrohr\/","og_locale":"fr_FR","og_type":"article","og_title":"Daltec Stema KA 3500 Trius Elec Zentralrohr, 3620x2030x350 mm, 3500 Kg - Daltec","og_description":"Einmal einen 3-Seiten-Kipper von STEMA, immer einen von STEMA.\u0093 Das sind die Kundenstimmen, die sich f\u00fcr einen TRIUS entschieden haben. Technische Daten:    L\u00e4nge 3620 mm   Breite 2030 mm   H\u00f6he 350 mm   Achsen 2    Gesamtgewicht 3500 kg   Nutzlast 2224 kg","og_url":"https:\/\/daltec.ch\/fr\/product\/ka-3500-trius-elec-zentralrohr\/","og_site_name":"Daltec","article_publisher":"https:\/\/www.facebook.com\/DaltecAG","article_modified_time":"2025-07-28T08:56:35+00:00","og_image":[{"width":800,"height":800,"url":"https:\/\/daltec.ch\/wp-content\/uploads\/2024\/06\/KA-3500-Trius-Elec-Zentralrohr.jpg","type":"image\/jpeg"}],"twitter_card":"summary_large_image","twitter_misc":{"Dur\u00e9e de lecture estim\u00e9e":"1 minute"},"schema":{"@context":"https:\/\/schema.org","@graph":[{"@type":"WebPage","@id":"https:\/\/daltec.ch\/product\/ka-3500-trius-elec-zentralrohr","url":"https:\/\/daltec.ch\/product\/ka-3500-trius-elec-zentralrohr","name":"Daltec Stema KA 3500 Trius Elec Zentralrohr, 3620x2030x350 mm, 3500 Kg - Daltec","isPartOf":{"@id":"https:\/\/daltec.ch\/fr\/#website"},"primaryImageOfPage":{"@id":"https:\/\/daltec.ch\/product\/ka-3500-trius-elec-zentralrohr#primaryimage"},"image":{"@id":"https:\/\/daltec.ch\/product\/ka-3500-trius-elec-zentralrohr#primaryimage"},"thumbnailUrl":"https:\/\/daltec.ch\/wp-content\/uploads\/2024\/06\/KA-3500-Trius-Elec-Zentralrohr.jpg","datePublished":"2024-06-25T12:35:16+00:00","dateModified":"2025-07-28T08:56:35+00:00","breadcrumb":{"@id":"https:\/\/daltec.ch\/product\/ka-3500-trius-elec-zentralrohr#breadcrumb"},"inLanguage":"fr-FR","potentialAction":[{"@type":"ReadAction","target":["https:\/\/daltec.ch\/product\/ka-3500-trius-elec-zentralrohr"]}]},{"@type":"ImageObject","inLanguage":"fr-FR","@id":"https:\/\/daltec.ch\/product\/ka-3500-trius-elec-zentralrohr#primaryimage","url":"https:\/\/daltec.ch\/wp-content\/uploads\/2024\/06\/KA-3500-Trius-Elec-Zentralrohr.jpg","contentUrl":"https:\/\/daltec.ch\/wp-content\/uploads\/2024\/06\/KA-3500-Trius-Elec-Zentralrohr.jpg","width":800,"height":800},{"@type":"BreadcrumbList","@id":"https:\/\/daltec.ch\/product\/ka-3500-trius-elec-zentralrohr#breadcrumb","itemListElement":[{"@type":"ListItem","position":1,"name":"Startseite","item":"https:\/\/daltec.ch\/"},{"@type":"ListItem","position":2,"name":"anhaenger","item":"https:\/\/daltec.ch\/anhaenger"},{"@type":"ListItem","position":3,"name":"Daltec Stema KA 3500 Trius Elec Zentralrohr, 3620x2030x350 mm, 3500 Kg"}]},{"@type":"WebSite","@id":"https:\/\/daltec.ch\/fr\/#website","url":"https:\/\/daltec.ch\/fr\/","name":"Daltec Trailers","description":"","publisher":{"@id":"https:\/\/daltec.ch\/fr\/#organization"},"potentialAction":[{"@type":"SearchAction","target":{"@type":"EntryPoint","urlTemplate":"https:\/\/daltec.ch\/fr\/?s={search_term_string}"},"query-input":{"@type":"PropertyValueSpecification","valueRequired":true,"valueName":"search_term_string"}}],"inLanguage":"fr-FR"},{"@type":"Organization","@id":"https:\/\/daltec.ch\/fr\/#organization","name":"Daltec AG","url":"https:\/\/daltec.ch\/fr\/","logo":{"@type":"ImageObject","inLanguage":"fr-FR","@id":"https:\/\/daltec.ch\/fr\/#\/schema\/logo\/image\/","url":"https:\/\/daltec.ch\/wp-content\/uploads\/2025\/08\/dlteclogo.webp","contentUrl":"https:\/\/daltec.ch\/wp-content\/uploads\/2025\/08\/dlteclogo.webp","width":500,"height":195,"caption":"Daltec AG"},"image":{"@id":"https:\/\/daltec.ch\/fr\/#\/schema\/logo\/image\/"},"sameAs":["https:\/\/www.facebook.com\/DaltecAG"]}]}},"_links":{"self":[{"href":"https:\/\/daltec.ch\/fr\/wp-json\/wp\/v2\/product\/1093","targetHints":{"allow":["GET"]}}],"collection":[{"href":"https:\/\/daltec.ch\/fr\/wp-json\/wp\/v2\/product"}],"about":[{"href":"https:\/\/daltec.ch\/fr\/wp-json\/wp\/v2\/types\/product"}],"replies":[{"embeddable":true,"href":"https:\/\/daltec.ch\/fr\/wp-json\/wp\/v2\/comments?post=1093"}],"wp:featuredmedia":[{"embeddable":true,"href":"https:\/\/daltec.ch\/fr\/wp-json\/wp\/v2\/media\/1655"}],"wp:attachment":[{"href":"https:\/\/daltec.ch\/fr\/wp-json\/wp\/v2\/media?parent=1093"}],"wp:term":[{"taxonomy":"product_brand","embeddable":true,"href":"https:\/\/daltec.ch\/fr\/wp-json\/wp\/v2\/product_brand?post=1093"},{"taxonomy":"product_cat","embeddable":true,"href":"https:\/\/daltec.ch\/fr\/wp-json\/wp\/v2\/product_cat?post=1093"},{"taxonomy":"product_tag","embeddable":true,"href":"https:\/\/daltec.ch\/fr\/wp-json\/wp\/v2\/product_tag?post=1093"}],"curies":[{"name":"wp","href":"https:\/\/api.w.org\/{rel}","templated":true}]}}