{"id":119,"date":"2024-02-29T11:43:38","date_gmt":"2024-02-29T11:43:38","guid":{"rendered":"https:\/\/demo.shrinkwaterindia.com\/?post_type=product&#038;p=119"},"modified":"2025-07-28T08:56:36","modified_gmt":"2025-07-28T08:56:36","slug":"ka-1800-rocko","status":"publish","type":"product","link":"https:\/\/daltec.ch\/fr\/product\/ka-1800-rocko","title":{"rendered":"Daltec Stema KA 1800 ROCKO, 2510x1530x350 mm, 1800 Kg"},"content":{"rendered":"<p><em><strong>Prix: voir liste de prix sur page d'accueil<\/strong><\/em><\/p>\n<p>Le pont basculant massif en profil\u00e9s d'acier et les ridelles \u00e0 double paroi ma\u00eetrisent de v\u00e9ritables charges.<\/p>\n<p><strong>Equipement:<\/strong><\/p>\n<p>Bordwand, Reling und Co. erh\u00f6hte Eckrungen f\u00fcr eine gr\u00f6\u00dfere Durchgangsh\u00f6he beim Entladen mit langlebigem und hochwertigem Korrosionsschutz Bordw\u00e4nde aus Stahlblech mit Galvalume (Aluminium-Zink-Beschichtung), doppelwandig mit robusten Winkelhebelverschl\u00fcssen allseitig abklapp- und abnehmbare Bordw\u00e4nde optional mit farbiger Pulverbeschichtung (Aufpreis je nach RAL) 35 cm hoch, mit robusten Breitbandscharnieren Einh\u00e4ngem\u00f6glichkeiten f\u00fcr Planen und Netze montierte Einh\u00e4ngekn\u00f6pfe zur Fixierung von Planen und Netzen Fahrgestell und Rahmen optimale Stra\u00dfenlage durch teststreckengepr\u00fcftes Fahrgestell mit STEMA Sicherheits-V-Deichsel Zugkugelkupplung mit Sicherheitsanzeige teilweise feuerverzinkt mit Spannverschluss f\u00fcr die Sicherung der Kippbr\u00fccke am Fahrgestell Hydraulik (Kipp- und Absenkfunktion) hartverchromter 3-stufiger Hydraulikzylinder mit Handpumpe und Begrenzungsventil Kippbr\u00fccken aus massiven, geschwei\u00dften und feuerverzinkten Stahlprofilen Ladefl\u00e4che und Boden durchg\u00e4ngiger, rutschhemmender und wasserfester Siebdruckholzboden 12 mm stark Lichttechnische Einrichtungen moderne Multifunktionsbeleuchtung mit R\u00fcckfahrscheinwerfer,mit Nebelschlussleuchte mit Umrissleuchten f\u00fcr mehr Sicherheit 13-poliger Stecker, EG-Ausstattung R\u00e4der und Achsen, robuste Gummifederachse wartungsfreie Kompaktradlager, stabile Zinkkotfl\u00fcgel mit Spritzschutzlappen ausgestattet, Unterlegkeile mit Halterung Verzurr- und Sicherungsm\u00f6glichkeiten, 6 versenkte Verzurrb\u00fcgel, auf der Ladefl\u00e4che im Rahmen integriert<\/p>","protected":false},"excerpt":{"rendered":"<p>Les bennes basculantes arri\u00e8re compactes de STEMA sont con\u00e7ues pour une utilisation professionnelle exigeante.<\/p>\n<h4>Sp\u00e9cifications<\/h4>\n<table class=\"table\">\n<tbody>\n<tr>\n<th>Longueur int\u00e9rieure<\/th>\n<td>2510 <small>mm<\/small><\/td>\n<\/tr>\n<tr>\n<th>Largeur int\u00e9rieure<\/th>\n<td>1530 <small>mm<\/small><\/td>\n<\/tr>\n<tr>\n<th>Hauteur int\u00e9rieure<\/th>\n<td>350 <small>mm<\/small><\/td>\n<\/tr>\n<tr>\n<th>Essieux<\/th>\n<td>1 <small><\/small><\/td>\n<\/tr>\n<tr>\n<th>Gesamtgewich<\/th>\n<td>1800 <small>kg<\/small><\/td>\n<\/tr>\n<tr>\n<th>Charge utile<\/th>\n<td>1297 <small>kg<\/small><\/td>\n<\/tr>\n<tr>\n<th>Roues<\/th>\n<td>195\/50 R13 C<small><\/small><\/td>\n<\/tr>\n<\/tbody>\n<\/table>","protected":false},"featured_media":377,"comment_status":"open","ping_status":"closed","template":"","meta":{"_acf_changed":false},"product_brand":[],"product_cat":[29,244],"product_tag":[],"class_list":{"0":"post-119","1":"product","2":"type-product","3":"status-publish","4":"has-post-thumbnail","6":"product_cat-kipper-anhaenger","7":"product_cat-rueckwaertskipper","9":"first","10":"instock","11":"featured","12":"shipping-taxable","13":"purchasable","14":"product-type-simple"},"acf":[],"yoast_head":"<!-- This site is optimized with the Yoast SEO plugin v27.2 - https:\/\/yoast.com\/product\/yoast-seo-wordpress\/ -->\n<title>Daltec Stema KA 1800 ROCKO, 2510x1530x350 mm, 1800 Kg - Daltec<\/title>\n<meta name=\"robots\" content=\"index, follow, max-snippet:-1, max-image-preview:large, max-video-preview:-1\" \/>\n<link rel=\"canonical\" href=\"https:\/\/daltec.ch\/fr\/product\/ka-1800-rocko\/\" \/>\n<meta property=\"og:locale\" content=\"fr_FR\" \/>\n<meta property=\"og:type\" content=\"article\" \/>\n<meta property=\"og:title\" content=\"Daltec Stema KA 1800 ROCKO, 2510x1530x350 mm, 1800 Kg - Daltec\" \/>\n<meta property=\"og:description\" content=\"Die kompakten R\u00fcckw\u00e4rtskipper von STEMA sind f\u00fcr den anspruchsvollen, gewerblichen Einsatz gemacht. Technische Daten    L\u00e4nge 2510 mm   Breite 1530 mm   H\u00f6he 350 mm   Achsen 1    Gesamtgewich 1800 kg   Nutzlast 1297 kg   R\u00e4der 195\/50 R13 C\" \/>\n<meta property=\"og:url\" content=\"https:\/\/daltec.ch\/fr\/product\/ka-1800-rocko\/\" \/>\n<meta property=\"og:site_name\" content=\"Daltec\" \/>\n<meta property=\"article:publisher\" content=\"https:\/\/www.facebook.com\/DaltecAG\" \/>\n<meta property=\"article:modified_time\" content=\"2025-07-28T08:56:36+00:00\" \/>\n<meta property=\"og:image\" content=\"https:\/\/daltec.ch\/wp-content\/uploads\/2024\/02\/KA-1800-ROCKO-1.jpg\" \/>\n\t<meta property=\"og:image:width\" content=\"600\" \/>\n\t<meta property=\"og:image:height\" content=\"600\" \/>\n\t<meta property=\"og:image:type\" content=\"image\/jpeg\" \/>\n<meta name=\"twitter:card\" content=\"summary_large_image\" \/>\n<meta name=\"twitter:label1\" content=\"Dur\u00e9e de lecture estim\u00e9e\" \/>\n\t<meta name=\"twitter:data1\" content=\"1 minute\" \/>\n<script type=\"application\/ld+json\" class=\"yoast-schema-graph\">{\"@context\":\"https:\/\/schema.org\",\"@graph\":[{\"@type\":\"WebPage\",\"@id\":\"https:\/\/daltec.ch\/product\/ka-1800-rocko\",\"url\":\"https:\/\/daltec.ch\/product\/ka-1800-rocko\",\"name\":\"Daltec Stema KA 1800 ROCKO, 2510x1530x350 mm, 1800 Kg - Daltec\",\"isPartOf\":{\"@id\":\"https:\/\/daltec.ch\/fr\/#website\"},\"primaryImageOfPage\":{\"@id\":\"https:\/\/daltec.ch\/product\/ka-1800-rocko#primaryimage\"},\"image\":{\"@id\":\"https:\/\/daltec.ch\/product\/ka-1800-rocko#primaryimage\"},\"thumbnailUrl\":\"https:\/\/daltec.ch\/wp-content\/uploads\/2024\/02\/KA-1800-ROCKO-1.jpg\",\"datePublished\":\"2024-02-29T11:43:38+00:00\",\"dateModified\":\"2025-07-28T08:56:36+00:00\",\"breadcrumb\":{\"@id\":\"https:\/\/daltec.ch\/product\/ka-1800-rocko#breadcrumb\"},\"inLanguage\":\"fr-FR\",\"potentialAction\":[{\"@type\":\"ReadAction\",\"target\":[\"https:\/\/daltec.ch\/product\/ka-1800-rocko\"]}]},{\"@type\":\"ImageObject\",\"inLanguage\":\"fr-FR\",\"@id\":\"https:\/\/daltec.ch\/product\/ka-1800-rocko#primaryimage\",\"url\":\"https:\/\/daltec.ch\/wp-content\/uploads\/2024\/02\/KA-1800-ROCKO-1.jpg\",\"contentUrl\":\"https:\/\/daltec.ch\/wp-content\/uploads\/2024\/02\/KA-1800-ROCKO-1.jpg\",\"width\":600,\"height\":600},{\"@type\":\"BreadcrumbList\",\"@id\":\"https:\/\/daltec.ch\/product\/ka-1800-rocko#breadcrumb\",\"itemListElement\":[{\"@type\":\"ListItem\",\"position\":1,\"name\":\"Startseite\",\"item\":\"https:\/\/daltec.ch\/\"},{\"@type\":\"ListItem\",\"position\":2,\"name\":\"anhaenger\",\"item\":\"https:\/\/daltec.ch\/anhaenger\"},{\"@type\":\"ListItem\",\"position\":3,\"name\":\"Daltec Stema KA 1800 ROCKO, 2510x1530x350 mm, 1800 Kg\"}]},{\"@type\":\"WebSite\",\"@id\":\"https:\/\/daltec.ch\/fr\/#website\",\"url\":\"https:\/\/daltec.ch\/fr\/\",\"name\":\"Daltec Trailers\",\"description\":\"\",\"publisher\":{\"@id\":\"https:\/\/daltec.ch\/fr\/#organization\"},\"potentialAction\":[{\"@type\":\"SearchAction\",\"target\":{\"@type\":\"EntryPoint\",\"urlTemplate\":\"https:\/\/daltec.ch\/fr\/?s={search_term_string}\"},\"query-input\":{\"@type\":\"PropertyValueSpecification\",\"valueRequired\":true,\"valueName\":\"search_term_string\"}}],\"inLanguage\":\"fr-FR\"},{\"@type\":\"Organization\",\"@id\":\"https:\/\/daltec.ch\/fr\/#organization\",\"name\":\"Daltec AG\",\"url\":\"https:\/\/daltec.ch\/fr\/\",\"logo\":{\"@type\":\"ImageObject\",\"inLanguage\":\"fr-FR\",\"@id\":\"https:\/\/daltec.ch\/fr\/#\/schema\/logo\/image\/\",\"url\":\"https:\/\/daltec.ch\/wp-content\/uploads\/2025\/08\/dlteclogo.webp\",\"contentUrl\":\"https:\/\/daltec.ch\/wp-content\/uploads\/2025\/08\/dlteclogo.webp\",\"width\":500,\"height\":195,\"caption\":\"Daltec AG\"},\"image\":{\"@id\":\"https:\/\/daltec.ch\/fr\/#\/schema\/logo\/image\/\"},\"sameAs\":[\"https:\/\/www.facebook.com\/DaltecAG\"]}]}<\/script>\n<!-- \/ Yoast SEO plugin. -->","yoast_head_json":{"title":"Daltec Stema KA 1800 ROCKO, 2510x1530x350 mm, 1800 Kg - Daltec","robots":{"index":"index","follow":"follow","max-snippet":"max-snippet:-1","max-image-preview":"max-image-preview:large","max-video-preview":"max-video-preview:-1"},"canonical":"https:\/\/daltec.ch\/fr\/product\/ka-1800-rocko\/","og_locale":"fr_FR","og_type":"article","og_title":"Daltec Stema KA 1800 ROCKO, 2510x1530x350 mm, 1800 Kg - Daltec","og_description":"Die kompakten R\u00fcckw\u00e4rtskipper von STEMA sind f\u00fcr den anspruchsvollen, gewerblichen Einsatz gemacht. Technische Daten    L\u00e4nge 2510 mm   Breite 1530 mm   H\u00f6he 350 mm   Achsen 1    Gesamtgewich 1800 kg   Nutzlast 1297 kg   R\u00e4der 195\/50 R13 C","og_url":"https:\/\/daltec.ch\/fr\/product\/ka-1800-rocko\/","og_site_name":"Daltec","article_publisher":"https:\/\/www.facebook.com\/DaltecAG","article_modified_time":"2025-07-28T08:56:36+00:00","og_image":[{"width":600,"height":600,"url":"https:\/\/daltec.ch\/wp-content\/uploads\/2024\/02\/KA-1800-ROCKO-1.jpg","type":"image\/jpeg"}],"twitter_card":"summary_large_image","twitter_misc":{"Dur\u00e9e de lecture estim\u00e9e":"1 minute"},"schema":{"@context":"https:\/\/schema.org","@graph":[{"@type":"WebPage","@id":"https:\/\/daltec.ch\/product\/ka-1800-rocko","url":"https:\/\/daltec.ch\/product\/ka-1800-rocko","name":"Daltec Stema KA 1800 ROCKO, 2510x1530x350 mm, 1800 Kg - Daltec","isPartOf":{"@id":"https:\/\/daltec.ch\/fr\/#website"},"primaryImageOfPage":{"@id":"https:\/\/daltec.ch\/product\/ka-1800-rocko#primaryimage"},"image":{"@id":"https:\/\/daltec.ch\/product\/ka-1800-rocko#primaryimage"},"thumbnailUrl":"https:\/\/daltec.ch\/wp-content\/uploads\/2024\/02\/KA-1800-ROCKO-1.jpg","datePublished":"2024-02-29T11:43:38+00:00","dateModified":"2025-07-28T08:56:36+00:00","breadcrumb":{"@id":"https:\/\/daltec.ch\/product\/ka-1800-rocko#breadcrumb"},"inLanguage":"fr-FR","potentialAction":[{"@type":"ReadAction","target":["https:\/\/daltec.ch\/product\/ka-1800-rocko"]}]},{"@type":"ImageObject","inLanguage":"fr-FR","@id":"https:\/\/daltec.ch\/product\/ka-1800-rocko#primaryimage","url":"https:\/\/daltec.ch\/wp-content\/uploads\/2024\/02\/KA-1800-ROCKO-1.jpg","contentUrl":"https:\/\/daltec.ch\/wp-content\/uploads\/2024\/02\/KA-1800-ROCKO-1.jpg","width":600,"height":600},{"@type":"BreadcrumbList","@id":"https:\/\/daltec.ch\/product\/ka-1800-rocko#breadcrumb","itemListElement":[{"@type":"ListItem","position":1,"name":"Startseite","item":"https:\/\/daltec.ch\/"},{"@type":"ListItem","position":2,"name":"anhaenger","item":"https:\/\/daltec.ch\/anhaenger"},{"@type":"ListItem","position":3,"name":"Daltec Stema KA 1800 ROCKO, 2510x1530x350 mm, 1800 Kg"}]},{"@type":"WebSite","@id":"https:\/\/daltec.ch\/fr\/#website","url":"https:\/\/daltec.ch\/fr\/","name":"Daltec Trailers","description":"","publisher":{"@id":"https:\/\/daltec.ch\/fr\/#organization"},"potentialAction":[{"@type":"SearchAction","target":{"@type":"EntryPoint","urlTemplate":"https:\/\/daltec.ch\/fr\/?s={search_term_string}"},"query-input":{"@type":"PropertyValueSpecification","valueRequired":true,"valueName":"search_term_string"}}],"inLanguage":"fr-FR"},{"@type":"Organization","@id":"https:\/\/daltec.ch\/fr\/#organization","name":"Daltec AG","url":"https:\/\/daltec.ch\/fr\/","logo":{"@type":"ImageObject","inLanguage":"fr-FR","@id":"https:\/\/daltec.ch\/fr\/#\/schema\/logo\/image\/","url":"https:\/\/daltec.ch\/wp-content\/uploads\/2025\/08\/dlteclogo.webp","contentUrl":"https:\/\/daltec.ch\/wp-content\/uploads\/2025\/08\/dlteclogo.webp","width":500,"height":195,"caption":"Daltec AG"},"image":{"@id":"https:\/\/daltec.ch\/fr\/#\/schema\/logo\/image\/"},"sameAs":["https:\/\/www.facebook.com\/DaltecAG"]}]}},"_links":{"self":[{"href":"https:\/\/daltec.ch\/fr\/wp-json\/wp\/v2\/product\/119","targetHints":{"allow":["GET"]}}],"collection":[{"href":"https:\/\/daltec.ch\/fr\/wp-json\/wp\/v2\/product"}],"about":[{"href":"https:\/\/daltec.ch\/fr\/wp-json\/wp\/v2\/types\/product"}],"replies":[{"embeddable":true,"href":"https:\/\/daltec.ch\/fr\/wp-json\/wp\/v2\/comments?post=119"}],"wp:featuredmedia":[{"embeddable":true,"href":"https:\/\/daltec.ch\/fr\/wp-json\/wp\/v2\/media\/377"}],"wp:attachment":[{"href":"https:\/\/daltec.ch\/fr\/wp-json\/wp\/v2\/media?parent=119"}],"wp:term":[{"taxonomy":"product_brand","embeddable":true,"href":"https:\/\/daltec.ch\/fr\/wp-json\/wp\/v2\/product_brand?post=119"},{"taxonomy":"product_cat","embeddable":true,"href":"https:\/\/daltec.ch\/fr\/wp-json\/wp\/v2\/product_cat?post=119"},{"taxonomy":"product_tag","embeddable":true,"href":"https:\/\/daltec.ch\/fr\/wp-json\/wp\/v2\/product_tag?post=119"}],"curies":[{"name":"wp","href":"https:\/\/api.w.org\/{rel}","templated":true}]}}