{"id":1881,"date":"2024-10-22T09:54:16","date_gmt":"2024-10-22T09:54:16","guid":{"rendered":"https:\/\/demo.shrinkwaterindia.com\/?post_type=product&#038;p=1881"},"modified":"2025-12-09T12:41:38","modified_gmt":"2025-12-09T12:41:38","slug":"cargo-13-alu-sh","status":"publish","type":"product","link":"https:\/\/daltec.ch\/fr\/product\/cargo-13-alu-sh","title":{"rendered":"Daltec Cargo 13 Alu SH, 3010x1530x350 mm, 1300 Kg"},"content":{"rendered":"<p><em><strong>Prix: voir liste de prix sur page d'accueil<\/strong><\/em><\/p>\n<p>Extr\u00eamement polyvalente!<br \/>\nUn cadre robuste et un ch\u00e2ssis de haute qualit\u00e9 garantissent stabilit\u00e9 et durabilit\u00e9. Les ridelles en aluminium sont rabattables et retirables des 4 c\u00f4t\u00e9s pour un chargement et d\u00e9chargement simplifi\u00e9, ou pour transformer la remorque en plateau. \u00c9quip\u00e9e de puissantes fermetures de ridelles ext\u00e9rieures, d'un solide plancher anti-d\u00e9rapant et r\u00e9sistant \u00e0 l'eau ainsi que d'un syst\u00e8me d'emboitage pour le montage simple et rapide des accessoires. Diverses options sont disponibles.<\/p>\n<h4>Equipement:<\/h4>\n<p>Ch\u00e2ssis: En acier zingu\u00e9 \u00e0 chaud, assembl\u00e9 par soudage et boulonnage Timon en V en acier zingu\u00e9 Poign\u00e9e d\u2019attelage \u00e0 boule C\u00e2ble de s\u00e9curit\u00e9 B\u00e9quille r\u00e9glable, renforc\u00e9e avec roue \u00e0 l\u2019avant, automatique Gardes-boue plastique Essieu: Essieu AL-KO\/Knott Frein \u00e0 inertie et de stationnement Syst\u00e8me de recul automatique Pont: Cadre en acier zingu\u00e9 Ridelles profil aluminium Plancher: Fond en panneau marin Oeillets d\u2019attache Eclairage routier: 12 V, selon les normes en vigueur. (LCR) Prise 13 p\u00f4les<\/p>","protected":false},"excerpt":{"rendered":"<h5>Prix: voir liste de prix sur page d'accueil<\/h5>\n<p>Longue dur\u00e9e de vie \u00e0 petit prix!<\/p>\n<h4>Sp\u00e9cifications<\/h4>\n<table class=\"table\">\n<tbody>\n<tr>\n<th>Longueur int\u00e9rieure<\/th>\n<td>3010 <small>mm<\/small><\/td>\n<\/tr>\n<tr>\n<th>Largeur int\u00e9rieure<\/th>\n<td>1530 <small>mm<\/small><\/td>\n<\/tr>\n<tr>\n<th>Hauteur int\u00e9rieure<\/th>\n<td>350 <small>mm<\/small><\/td>\n<\/tr>\n<tr>\n<th>Essieux<\/th>\n<td>1 <small>mm<\/small><\/td>\n<\/tr>\n<tr>\n<th>Poids total<\/th>\n<td>1300 <small>kg<\/small><\/td>\n<\/tr>\n<tr>\n<th>Charge utile<\/th>\n<td>914 <small>kg<\/small><\/td>\n<\/tr>\n<tr>\n<th>Roues<\/th>\n<td>195\/50 R 13<small><\/small><\/td>\n<\/tr>\n<\/tbody>\n<\/table>\n<h6>Options<\/h6>\n<table>\n<tbody>\n<tr>\n<td>Coffre pour batterie avec batterie incluse<\/td>\n<td>530 CHF<\/td>\n<\/tr>\n<tr>\n<td>Transbordement alu 1800 mm<\/td>\n<td>1690 CHF<\/td>\n<\/tr>\n<tr>\n<td>B\u00e2che grise avec armature 160 cm<\/td>\n<td>1360 CHF<\/td>\n<\/tr>\n<tr>\n<td>B\u00e2che grise avec armature 190 cm<\/td>\n<td>1400 CHF<\/td>\n<\/tr>\n<tr>\n<td>B\u00e2che angle cass\u00e9 \u0155 l'avant<\/td>\n<td>450 CHF<\/td>\n<\/tr>\n<tr>\n<td>B\u00e2che plate 260\/160<\/td>\n<td>350 CHF<\/td>\n<\/tr>\n<tr>\n<td>Transbordement inox 600 mm<\/td>\n<td>960 CHF<\/td>\n<\/tr>\n<tr>\n<td>Rehausse grillag\u00e9e 1000 mm \/ lm<br \/>\n<strong>Prix ml 150.00 CHF<\/strong><\/td>\n<td>150 CHF<\/td>\n<\/tr>\n<tr>\n<td>Echelle<\/td>\n<td>400 CHF<\/td>\n<\/tr>\n<tr>\n<td>Pont recouvert d'une t\u00f4le alu stri\u00e9 \/ m2<br \/>\n<strong>Prix 130.00 CHF \/ m2<\/strong><\/td>\n<td>130 CHF<\/td>\n<\/tr>\n<tr>\n<td>Pied d'appui Simol 500 Kg, la paire<br \/>\n<strong>Avec support<\/strong><\/td>\n<td>380 CHF<\/td>\n<\/tr>\n<tr>\n<td>Roue 195\/50 R 13 C<\/td>\n<td>90 CHF<\/td>\n<\/tr>\n<tr>\n<td>Roue 195\/55 R 10<\/td>\n<td>70 CHF<\/td>\n<\/tr>\n<tr>\n<td>B\u00e2che coulissante<\/td>\n<td>0 CHF<\/td>\n<\/tr>\n<\/tbody>\n<\/table>","protected":false},"featured_media":4112,"comment_status":"open","ping_status":"closed","template":"","meta":{"_acf_changed":false},"product_brand":[],"product_cat":[21],"product_tag":[],"class_list":{"0":"post-1881","1":"product","2":"type-product","3":"status-publish","4":"has-post-thumbnail","6":"product_cat-hochlader-anhaenger","8":"first","9":"instock","10":"featured","11":"shipping-taxable","12":"purchasable","13":"product-type-simple"},"acf":[],"yoast_head":"<!-- This site is optimized with the Yoast SEO plugin v27.2 - https:\/\/yoast.com\/product\/yoast-seo-wordpress\/ -->\n<title>Daltec Cargo 13 Alu SH, 3010x1530x350 mm, 1300 Kg - Daltec<\/title>\n<meta name=\"robots\" content=\"index, follow, max-snippet:-1, max-image-preview:large, max-video-preview:-1\" \/>\n<link rel=\"canonical\" href=\"https:\/\/daltec.ch\/fr\/product\/cargo-13-alu-sh\/\" \/>\n<meta property=\"og:locale\" content=\"fr_FR\" \/>\n<meta property=\"og:type\" content=\"article\" \/>\n<meta property=\"og:title\" content=\"Daltec Cargo 13 Alu SH, 3010x1530x350 mm, 1300 Kg - Daltec\" \/>\n<meta property=\"og:description\" content=\"Preis: Siehe Preisliste auf Startseite Lange Lebensdauer, kleiner Preis! Technical data    L\u00e4nge 3010 mm   Breite 1530 mm   H\u00f6he 350 mm   Achsen 1 mm   Gesamtgewicht 1300 kg   Nutzlast 914 kg   R\u00e4der 195\/50 R 13    Optionen    Batteriekasten inkl. Batterie 530 CHF   Durchladesystem Alu 1800 mm 1690 CHF   Plane mit Gestell grau 160 cm 1360 CHF   Plane mit Gestell grau 190 cm 1400 CHF   Plane abgeschr\u00e4gt vorne 450 CHF   Flachplane 260\/160 350 CHF   Durchladesystem Inox 600 mm 960 CHF   Gitteraufsatz 1000 mm \/ lm Preis f\u00fcr lm 150.00 CHF 150 CHF   Leitergestell 400 CHF   Boden mit Riffelblech belegt \/ m2 Preis 130.00 CHF \/ m2 130 CHF   Simol St\u00fctzfuss 500 Kg, Paar mit Halter 380 CHF   Rad 195\/50 R 13 C 90 CHF   Rad 195\/55 R 10 70 CHF   Schiebeplane 0 CHF\" \/>\n<meta property=\"og:url\" content=\"https:\/\/daltec.ch\/fr\/product\/cargo-13-alu-sh\/\" \/>\n<meta property=\"og:site_name\" content=\"Daltec\" \/>\n<meta property=\"article:publisher\" content=\"https:\/\/www.facebook.com\/DaltecAG\" \/>\n<meta property=\"article:modified_time\" content=\"2025-12-09T12:41:38+00:00\" \/>\n<meta property=\"og:image\" content=\"https:\/\/daltec.ch\/wp-content\/uploads\/2024\/10\/8142cb96e75fd450e04c1cf4bd9c0222.jpeg\" \/>\n\t<meta property=\"og:image:width\" content=\"1000\" \/>\n\t<meta property=\"og:image:height\" content=\"1000\" \/>\n\t<meta property=\"og:image:type\" content=\"image\/jpeg\" \/>\n<meta name=\"twitter:card\" content=\"summary_large_image\" \/>\n<meta name=\"twitter:label1\" content=\"Dur\u00e9e de lecture estim\u00e9e\" \/>\n\t<meta name=\"twitter:data1\" content=\"1 minute\" \/>\n<script type=\"application\/ld+json\" class=\"yoast-schema-graph\">{\"@context\":\"https:\/\/schema.org\",\"@graph\":[{\"@type\":\"WebPage\",\"@id\":\"https:\/\/daltec.ch\/product\/cargo-13-alu-sh\",\"url\":\"https:\/\/daltec.ch\/product\/cargo-13-alu-sh\",\"name\":\"Daltec Cargo 13 Alu SH, 3010x1530x350 mm, 1300 Kg - Daltec\",\"isPartOf\":{\"@id\":\"https:\/\/daltec.ch\/fr\/#website\"},\"primaryImageOfPage\":{\"@id\":\"https:\/\/daltec.ch\/product\/cargo-13-alu-sh#primaryimage\"},\"image\":{\"@id\":\"https:\/\/daltec.ch\/product\/cargo-13-alu-sh#primaryimage\"},\"thumbnailUrl\":\"https:\/\/daltec.ch\/wp-content\/uploads\/2024\/10\/8142cb96e75fd450e04c1cf4bd9c0222.jpeg\",\"datePublished\":\"2024-10-22T09:54:16+00:00\",\"dateModified\":\"2025-12-09T12:41:38+00:00\",\"breadcrumb\":{\"@id\":\"https:\/\/daltec.ch\/product\/cargo-13-alu-sh#breadcrumb\"},\"inLanguage\":\"fr-FR\",\"potentialAction\":[{\"@type\":\"ReadAction\",\"target\":[\"https:\/\/daltec.ch\/product\/cargo-13-alu-sh\"]}]},{\"@type\":\"ImageObject\",\"inLanguage\":\"fr-FR\",\"@id\":\"https:\/\/daltec.ch\/product\/cargo-13-alu-sh#primaryimage\",\"url\":\"https:\/\/daltec.ch\/wp-content\/uploads\/2024\/10\/8142cb96e75fd450e04c1cf4bd9c0222.jpeg\",\"contentUrl\":\"https:\/\/daltec.ch\/wp-content\/uploads\/2024\/10\/8142cb96e75fd450e04c1cf4bd9c0222.jpeg\",\"width\":1000,\"height\":1000},{\"@type\":\"BreadcrumbList\",\"@id\":\"https:\/\/daltec.ch\/product\/cargo-13-alu-sh#breadcrumb\",\"itemListElement\":[{\"@type\":\"ListItem\",\"position\":1,\"name\":\"Startseite\",\"item\":\"https:\/\/daltec.ch\/\"},{\"@type\":\"ListItem\",\"position\":2,\"name\":\"anhaenger\",\"item\":\"https:\/\/daltec.ch\/anhaenger\"},{\"@type\":\"ListItem\",\"position\":3,\"name\":\"Daltec Cargo 13 Alu SH, 3010x1530x350 mm, 1300 Kg\"}]},{\"@type\":\"WebSite\",\"@id\":\"https:\/\/daltec.ch\/fr\/#website\",\"url\":\"https:\/\/daltec.ch\/fr\/\",\"name\":\"Daltec Trailers\",\"description\":\"\",\"publisher\":{\"@id\":\"https:\/\/daltec.ch\/fr\/#organization\"},\"potentialAction\":[{\"@type\":\"SearchAction\",\"target\":{\"@type\":\"EntryPoint\",\"urlTemplate\":\"https:\/\/daltec.ch\/fr\/?s={search_term_string}\"},\"query-input\":{\"@type\":\"PropertyValueSpecification\",\"valueRequired\":true,\"valueName\":\"search_term_string\"}}],\"inLanguage\":\"fr-FR\"},{\"@type\":\"Organization\",\"@id\":\"https:\/\/daltec.ch\/fr\/#organization\",\"name\":\"Daltec AG\",\"url\":\"https:\/\/daltec.ch\/fr\/\",\"logo\":{\"@type\":\"ImageObject\",\"inLanguage\":\"fr-FR\",\"@id\":\"https:\/\/daltec.ch\/fr\/#\/schema\/logo\/image\/\",\"url\":\"https:\/\/daltec.ch\/wp-content\/uploads\/2025\/08\/dlteclogo.webp\",\"contentUrl\":\"https:\/\/daltec.ch\/wp-content\/uploads\/2025\/08\/dlteclogo.webp\",\"width\":500,\"height\":195,\"caption\":\"Daltec AG\"},\"image\":{\"@id\":\"https:\/\/daltec.ch\/fr\/#\/schema\/logo\/image\/\"},\"sameAs\":[\"https:\/\/www.facebook.com\/DaltecAG\"]}]}<\/script>\n<!-- \/ Yoast SEO plugin. -->","yoast_head_json":{"title":"Daltec Cargo 13 Alu SH, 3010x1530x350 mm, 1300 Kg - Daltec","robots":{"index":"index","follow":"follow","max-snippet":"max-snippet:-1","max-image-preview":"max-image-preview:large","max-video-preview":"max-video-preview:-1"},"canonical":"https:\/\/daltec.ch\/fr\/product\/cargo-13-alu-sh\/","og_locale":"fr_FR","og_type":"article","og_title":"Daltec Cargo 13 Alu SH, 3010x1530x350 mm, 1300 Kg - Daltec","og_description":"Preis: Siehe Preisliste auf Startseite Lange Lebensdauer, kleiner Preis! Technical data    L\u00e4nge 3010 mm   Breite 1530 mm   H\u00f6he 350 mm   Achsen 1 mm   Gesamtgewicht 1300 kg   Nutzlast 914 kg   R\u00e4der 195\/50 R 13    Optionen    Batteriekasten inkl. Batterie 530 CHF   Durchladesystem Alu 1800 mm 1690 CHF   Plane mit Gestell grau 160 cm 1360 CHF   Plane mit Gestell grau 190 cm 1400 CHF   Plane abgeschr\u00e4gt vorne 450 CHF   Flachplane 260\/160 350 CHF   Durchladesystem Inox 600 mm 960 CHF   Gitteraufsatz 1000 mm \/ lm Preis f\u00fcr lm 150.00 CHF 150 CHF   Leitergestell 400 CHF   Boden mit Riffelblech belegt \/ m2 Preis 130.00 CHF \/ m2 130 CHF   Simol St\u00fctzfuss 500 Kg, Paar mit Halter 380 CHF   Rad 195\/50 R 13 C 90 CHF   Rad 195\/55 R 10 70 CHF   Schiebeplane 0 CHF","og_url":"https:\/\/daltec.ch\/fr\/product\/cargo-13-alu-sh\/","og_site_name":"Daltec","article_publisher":"https:\/\/www.facebook.com\/DaltecAG","article_modified_time":"2025-12-09T12:41:38+00:00","og_image":[{"width":1000,"height":1000,"url":"https:\/\/daltec.ch\/wp-content\/uploads\/2024\/10\/8142cb96e75fd450e04c1cf4bd9c0222.jpeg","type":"image\/jpeg"}],"twitter_card":"summary_large_image","twitter_misc":{"Dur\u00e9e de lecture estim\u00e9e":"1 minute"},"schema":{"@context":"https:\/\/schema.org","@graph":[{"@type":"WebPage","@id":"https:\/\/daltec.ch\/product\/cargo-13-alu-sh","url":"https:\/\/daltec.ch\/product\/cargo-13-alu-sh","name":"Daltec Cargo 13 Alu SH, 3010x1530x350 mm, 1300 Kg - Daltec","isPartOf":{"@id":"https:\/\/daltec.ch\/fr\/#website"},"primaryImageOfPage":{"@id":"https:\/\/daltec.ch\/product\/cargo-13-alu-sh#primaryimage"},"image":{"@id":"https:\/\/daltec.ch\/product\/cargo-13-alu-sh#primaryimage"},"thumbnailUrl":"https:\/\/daltec.ch\/wp-content\/uploads\/2024\/10\/8142cb96e75fd450e04c1cf4bd9c0222.jpeg","datePublished":"2024-10-22T09:54:16+00:00","dateModified":"2025-12-09T12:41:38+00:00","breadcrumb":{"@id":"https:\/\/daltec.ch\/product\/cargo-13-alu-sh#breadcrumb"},"inLanguage":"fr-FR","potentialAction":[{"@type":"ReadAction","target":["https:\/\/daltec.ch\/product\/cargo-13-alu-sh"]}]},{"@type":"ImageObject","inLanguage":"fr-FR","@id":"https:\/\/daltec.ch\/product\/cargo-13-alu-sh#primaryimage","url":"https:\/\/daltec.ch\/wp-content\/uploads\/2024\/10\/8142cb96e75fd450e04c1cf4bd9c0222.jpeg","contentUrl":"https:\/\/daltec.ch\/wp-content\/uploads\/2024\/10\/8142cb96e75fd450e04c1cf4bd9c0222.jpeg","width":1000,"height":1000},{"@type":"BreadcrumbList","@id":"https:\/\/daltec.ch\/product\/cargo-13-alu-sh#breadcrumb","itemListElement":[{"@type":"ListItem","position":1,"name":"Startseite","item":"https:\/\/daltec.ch\/"},{"@type":"ListItem","position":2,"name":"anhaenger","item":"https:\/\/daltec.ch\/anhaenger"},{"@type":"ListItem","position":3,"name":"Daltec Cargo 13 Alu SH, 3010x1530x350 mm, 1300 Kg"}]},{"@type":"WebSite","@id":"https:\/\/daltec.ch\/fr\/#website","url":"https:\/\/daltec.ch\/fr\/","name":"Daltec Trailers","description":"","publisher":{"@id":"https:\/\/daltec.ch\/fr\/#organization"},"potentialAction":[{"@type":"SearchAction","target":{"@type":"EntryPoint","urlTemplate":"https:\/\/daltec.ch\/fr\/?s={search_term_string}"},"query-input":{"@type":"PropertyValueSpecification","valueRequired":true,"valueName":"search_term_string"}}],"inLanguage":"fr-FR"},{"@type":"Organization","@id":"https:\/\/daltec.ch\/fr\/#organization","name":"Daltec AG","url":"https:\/\/daltec.ch\/fr\/","logo":{"@type":"ImageObject","inLanguage":"fr-FR","@id":"https:\/\/daltec.ch\/fr\/#\/schema\/logo\/image\/","url":"https:\/\/daltec.ch\/wp-content\/uploads\/2025\/08\/dlteclogo.webp","contentUrl":"https:\/\/daltec.ch\/wp-content\/uploads\/2025\/08\/dlteclogo.webp","width":500,"height":195,"caption":"Daltec AG"},"image":{"@id":"https:\/\/daltec.ch\/fr\/#\/schema\/logo\/image\/"},"sameAs":["https:\/\/www.facebook.com\/DaltecAG"]}]}},"_links":{"self":[{"href":"https:\/\/daltec.ch\/fr\/wp-json\/wp\/v2\/product\/1881","targetHints":{"allow":["GET"]}}],"collection":[{"href":"https:\/\/daltec.ch\/fr\/wp-json\/wp\/v2\/product"}],"about":[{"href":"https:\/\/daltec.ch\/fr\/wp-json\/wp\/v2\/types\/product"}],"replies":[{"embeddable":true,"href":"https:\/\/daltec.ch\/fr\/wp-json\/wp\/v2\/comments?post=1881"}],"wp:featuredmedia":[{"embeddable":true,"href":"https:\/\/daltec.ch\/fr\/wp-json\/wp\/v2\/media\/4112"}],"wp:attachment":[{"href":"https:\/\/daltec.ch\/fr\/wp-json\/wp\/v2\/media?parent=1881"}],"wp:term":[{"taxonomy":"product_brand","embeddable":true,"href":"https:\/\/daltec.ch\/fr\/wp-json\/wp\/v2\/product_brand?post=1881"},{"taxonomy":"product_cat","embeddable":true,"href":"https:\/\/daltec.ch\/fr\/wp-json\/wp\/v2\/product_cat?post=1881"},{"taxonomy":"product_tag","embeddable":true,"href":"https:\/\/daltec.ch\/fr\/wp-json\/wp\/v2\/product_tag?post=1881"}],"curies":[{"name":"wp","href":"https:\/\/api.w.org\/{rel}","templated":true}]}}