{"id":1897,"date":"2024-10-22T12:46:16","date_gmt":"2024-10-22T12:46:16","guid":{"rendered":"https:\/\/demo.shrinkwaterindia.com\/?post_type=product&#038;p=1897"},"modified":"2025-06-17T16:31:59","modified_gmt":"2025-06-17T16:31:59","slug":"cargo-35-xxls-2-47","status":"publish","type":"product","link":"https:\/\/daltec.ch\/fr\/product\/cargo-35-xxls-2-47","title":{"rendered":"Daltec Cargo 35 XXLS 2.47, 6130x2470x350 mm, 3500 Kg"},"content":{"rendered":"<p><em><strong>Prix: voir liste de prix sur page d'accueil<\/strong><\/em><\/p>\n<p>La gamme Cargo TP a \u00e9t\u00e9 sp\u00e9cialement con\u00e7ue pour une utilisation professionnelle dans les entreprises de transport - Les roues sous la surface de chargement et les parois lat\u00e9rales rabattables permettent un chargement et un d\u00e9chargement faciles, m\u00eame sur le c\u00f4t\u00e9. Les profil\u00e9s anodis\u00e9s des parois lat\u00e9rales conf\u00e8rent \u00e0 la remorque un aspect \u00e9l\u00e9gant. Les montants d'angle sont amovibles, ce qui permet de transformer facilement la remorque en plateforme. Pour obtenir une hauteur de chargement basse, ces remorques peuvent \u00eatre \u00e9quip\u00e9es de petites roues. Des b\u00e2ches robustes peuvent \u00eatre install\u00e9es pour prot\u00e9ger le chargement. Une technique sophistiqu\u00e9e pour une longue dur\u00e9e de vie !<\/p>\n<p>*Les images peuvent contenir des options qui ne sont pas pr\u00e9sentes dans la version standard.<\/p>\n<p><strong>Equipement:<\/strong><\/p>\n<p>Ch\u00e2ssis : Cadre de base soud\u00e9, galvanis\u00e9 et viss\u00e9 Dispositif d'attelage en V Attelage \u00e0 boule Ligne d'arrachage pare-boue en plastique Roue jockey automatique renforc\u00e9e Essieu : Al-Ko\/Knott Frein \u00e0 inertie avec frein \u00e0 main Recul automatique Structure du pont : Cadre galvanis\u00e9 \u00e0 chaud Parois lat\u00e9rales profil\u00e9 alu H 350 mm \u00c9paisseur 25 mm \u0152illets d'arrimage Plaque de fond : Fond en plaque s\u00e9rigraphi\u00e9e Dispositif d'\u00e9clairage : Selon normes du code de la route 12 V, fiche 13 p\u00f4les<\/p>","protected":false},"excerpt":{"rendered":"<h5>Prix: voir liste de prix sur page d'accueil<\/h5>\n<p>Con\u00e7u pour les entreprises de transport - Grandes dimensions et longue dur\u00e9e de vie<\/p>\n<h4>Sp\u00e9cifications<\/h4>\n<table class=\"table\">\n<tbody>\n<tr>\n<th>Longueur int\u00e9rieure<\/th>\n<td><small>6130 mm<\/small><\/td>\n<\/tr>\n<tr>\n<th>Largeur int\u00e9rieure<\/th>\n<td><small>2470 mm<\/small><\/td>\n<\/tr>\n<tr>\n<th>Hauteur int\u00e9rieure<\/th>\n<td>350 <small>mm<\/small><\/td>\n<\/tr>\n<tr>\n<th>Essieux<\/th>\n<td>2<small><\/small><\/td>\n<\/tr>\n<tr>\n<th>Poids total<\/th>\n<td>3500 <small>kg<\/small><\/td>\n<\/tr>\n<tr>\n<th>Charge utile<\/th>\n<td><small>2482 kg<\/small><\/td>\n<\/tr>\n<tr>\n<th>Roues<\/th>\n<td>195 R 14 C<\/td>\n<\/tr>\n<\/tbody>\n<\/table>\n<h6>Options<\/h6>\n<table>\n<tbody>\n<tr>\n<td>Plane mit Gestell 610\/210\/210 cm<\/td>\n<td>2 580 CHF<\/td>\n<\/tr>\n<tr>\n<td>Supports hydrauliques<\/td>\n<td>1 450 CHF<\/td>\n<\/tr>\n<tr>\n<td>Timon r\u00e9glable en hauteur<\/td>\n<td>2 800 CHF<\/td>\n<\/tr>\n<tr>\n<td>Ridelle avant amovible<\/td>\n<td>130 CHF<\/td>\n<\/tr>\n<tr>\n<td>Rehausse grillag\u00e9e 1000 mm \/ lm<br \/>\n<strong>Prix ml 150.00 CHF<\/strong><\/td>\n<td>150 CHF<\/td>\n<\/tr>\n<tr>\n<td>Echelle<\/td>\n<td>400 CHF<\/td>\n<\/tr>\n<tr>\n<td>Nacelle \u00e9l\u00e9vatrice hydraulique Hollandia 750 kg (ab.)<br \/>\n<strong>Prix \u00e0 partir de : 9'800.- CHF<\/strong><\/td>\n<td>9 800 CHF<\/td>\n<\/tr>\n<tr>\n<td>Pont recouvert d'une t\u00f4le alu stri\u00e9 \/ m2<br \/>\n<strong>Prix 130.00 CHF \/ m2<\/strong><\/td>\n<td>130 CHF<\/td>\n<\/tr>\n<tr>\n<td>Transbordement alu 1800 mm<\/td>\n<td>1 690 CHF<\/td>\n<\/tr>\n<tr>\n<td>Transbordement inox 600 mm<\/td>\n<td>960 CHF<\/td>\n<\/tr>\n<tr>\n<td>Pied d'appui Simol 500 Kg, la paire<br \/>\n<strong>Avec support<\/strong><\/td>\n<td>380 CHF<\/td>\n<\/tr>\n<tr>\n<td>Roue 195\/50 R 13 C<\/td>\n<td>90 CHF<\/td>\n<\/tr>\n<tr>\n<td>Roue 195\/55 R 10<\/td>\n<td>70\u00a0CHF<\/td>\n<\/tr>\n<tr>\n<td>B\u00e2che angle cass\u00e9 \u0155 l'avant<\/td>\n<td>450 CHF<\/td>\n<\/tr>\n<tr>\n<td>B\u00e2che coulissante<\/td>\n<td>0 CHF<\/td>\n<\/tr>\n<tr>\n<td>Coffre pour batterie avec batterie incluse<\/td>\n<td>530 CHF<\/td>\n<\/tr>\n<\/tbody>\n<\/table>","protected":false},"featured_media":931,"comment_status":"open","ping_status":"closed","template":"","meta":{"_acf_changed":false},"product_brand":[],"product_cat":[21],"product_tag":[],"class_list":{"0":"post-1897","1":"product","2":"type-product","3":"status-publish","4":"has-post-thumbnail","6":"product_cat-hochlader-anhaenger","8":"first","9":"instock","10":"shipping-taxable","11":"purchasable","12":"product-type-simple"},"acf":[],"yoast_head":"<!-- This site is optimized with the Yoast SEO plugin v27.2 - https:\/\/yoast.com\/product\/yoast-seo-wordpress\/ -->\n<title>Daltec Cargo 35 XXLS 2.47, 6130x2470x350 mm, 3500 Kg - Daltec<\/title>\n<meta name=\"robots\" content=\"index, follow, max-snippet:-1, max-image-preview:large, max-video-preview:-1\" \/>\n<link rel=\"canonical\" href=\"https:\/\/daltec.ch\/fr\/product\/cargo-35-xxls-2-47\/\" \/>\n<meta property=\"og:locale\" content=\"fr_FR\" \/>\n<meta property=\"og:type\" content=\"article\" \/>\n<meta property=\"og:title\" content=\"Daltec Cargo 35 XXLS 2.47, 6130x2470x350 mm, 3500 Kg - Daltec\" \/>\n<meta property=\"og:description\" content=\"Preis: Siehe Preisliste auf Startseite F\u00fcr Transportfirmen gedacht - Grosse Dimensionen und lange Lebensdauer Technische Daten    L\u00e4nge 6130 mm   Breite 2470 mm   H\u00f6he 350 mm   Achsen 2   Gesamtgewicht 3500 kg   Nutzlast 2482 kg   R\u00e4der 195 R 14 C    Optionen    Plane mit Gestell 610\/210\/210 cm 2 580 CHF   Hydraulische St\u00fctzen 1 450 CHF   H\u00f6henverstellbare Deichsel ab 2 T 2 800 CHF   Stirnwand abklappbar 130 CHF   Gitteraufsatz 1000 mm \/ lm Preis f\u00fcr lm 150.00 CHF 150 CHF   Leitergestell 400 CHF   Hydr. Hebeh\u00fchne Hollandia 750 kg (ab.) Preis ab: 9&#039;800.- CHF 9 800 CHF   Boden mit Riffelblech belegt \/ m2 Preis 130.00 CHF \/ m2 130 CHF   Durchladesystem Alu 1800 mm 1 690 CHF   Durchladesystem Inox 600 mm 960 CHF   Simol St\u00fctzfuss 500 Kg, Paar mit Halter 380 CHF   Rad 195\/50 R 13 C 90 CHF   Rad 195\/55 R 10 70\u00a0CHF   Plane abgeschr\u00e4gt vorne 450 CHF   Schiebeplane 0 CHF   Batteriekasten inkl. Batterie 530 CHF\" \/>\n<meta property=\"og:url\" content=\"https:\/\/daltec.ch\/fr\/product\/cargo-35-xxls-2-47\/\" \/>\n<meta property=\"og:site_name\" content=\"Daltec\" \/>\n<meta property=\"article:publisher\" content=\"https:\/\/www.facebook.com\/DaltecAG\" \/>\n<meta property=\"article:modified_time\" content=\"2025-06-17T16:31:59+00:00\" \/>\n<meta property=\"og:image\" content=\"https:\/\/daltec.ch\/wp-content\/uploads\/2024\/06\/cargo_35_xxls_1.jpg\" \/>\n\t<meta property=\"og:image:width\" content=\"600\" \/>\n\t<meta property=\"og:image:height\" content=\"600\" \/>\n\t<meta property=\"og:image:type\" content=\"image\/jpeg\" \/>\n<meta name=\"twitter:card\" content=\"summary_large_image\" \/>\n<meta name=\"twitter:label1\" content=\"Dur\u00e9e de lecture estim\u00e9e\" \/>\n\t<meta name=\"twitter:data1\" content=\"1 minute\" \/>\n<script type=\"application\/ld+json\" class=\"yoast-schema-graph\">{\"@context\":\"https:\/\/schema.org\",\"@graph\":[{\"@type\":\"WebPage\",\"@id\":\"https:\/\/daltec.ch\/product\/cargo-35-xxls-2-47\",\"url\":\"https:\/\/daltec.ch\/product\/cargo-35-xxls-2-47\",\"name\":\"Daltec Cargo 35 XXLS 2.47, 6130x2470x350 mm, 3500 Kg - Daltec\",\"isPartOf\":{\"@id\":\"https:\/\/daltec.ch\/fr\/#website\"},\"primaryImageOfPage\":{\"@id\":\"https:\/\/daltec.ch\/product\/cargo-35-xxls-2-47#primaryimage\"},\"image\":{\"@id\":\"https:\/\/daltec.ch\/product\/cargo-35-xxls-2-47#primaryimage\"},\"thumbnailUrl\":\"https:\/\/daltec.ch\/wp-content\/uploads\/2024\/06\/cargo_35_xxls_1.jpg\",\"datePublished\":\"2024-10-22T12:46:16+00:00\",\"dateModified\":\"2025-06-17T16:31:59+00:00\",\"breadcrumb\":{\"@id\":\"https:\/\/daltec.ch\/product\/cargo-35-xxls-2-47#breadcrumb\"},\"inLanguage\":\"fr-FR\",\"potentialAction\":[{\"@type\":\"ReadAction\",\"target\":[\"https:\/\/daltec.ch\/product\/cargo-35-xxls-2-47\"]}]},{\"@type\":\"ImageObject\",\"inLanguage\":\"fr-FR\",\"@id\":\"https:\/\/daltec.ch\/product\/cargo-35-xxls-2-47#primaryimage\",\"url\":\"https:\/\/daltec.ch\/wp-content\/uploads\/2024\/06\/cargo_35_xxls_1.jpg\",\"contentUrl\":\"https:\/\/daltec.ch\/wp-content\/uploads\/2024\/06\/cargo_35_xxls_1.jpg\",\"width\":600,\"height\":600},{\"@type\":\"BreadcrumbList\",\"@id\":\"https:\/\/daltec.ch\/product\/cargo-35-xxls-2-47#breadcrumb\",\"itemListElement\":[{\"@type\":\"ListItem\",\"position\":1,\"name\":\"Startseite\",\"item\":\"https:\/\/daltec.ch\/\"},{\"@type\":\"ListItem\",\"position\":2,\"name\":\"anhaenger\",\"item\":\"https:\/\/daltec.ch\/anhaenger\"},{\"@type\":\"ListItem\",\"position\":3,\"name\":\"Daltec Cargo 35 XXLS 2.47, 6130x2470x350 mm, 3500 Kg\"}]},{\"@type\":\"WebSite\",\"@id\":\"https:\/\/daltec.ch\/fr\/#website\",\"url\":\"https:\/\/daltec.ch\/fr\/\",\"name\":\"Daltec Trailers\",\"description\":\"\",\"publisher\":{\"@id\":\"https:\/\/daltec.ch\/fr\/#organization\"},\"potentialAction\":[{\"@type\":\"SearchAction\",\"target\":{\"@type\":\"EntryPoint\",\"urlTemplate\":\"https:\/\/daltec.ch\/fr\/?s={search_term_string}\"},\"query-input\":{\"@type\":\"PropertyValueSpecification\",\"valueRequired\":true,\"valueName\":\"search_term_string\"}}],\"inLanguage\":\"fr-FR\"},{\"@type\":\"Organization\",\"@id\":\"https:\/\/daltec.ch\/fr\/#organization\",\"name\":\"Daltec AG\",\"url\":\"https:\/\/daltec.ch\/fr\/\",\"logo\":{\"@type\":\"ImageObject\",\"inLanguage\":\"fr-FR\",\"@id\":\"https:\/\/daltec.ch\/fr\/#\/schema\/logo\/image\/\",\"url\":\"https:\/\/daltec.ch\/wp-content\/uploads\/2025\/08\/dlteclogo.webp\",\"contentUrl\":\"https:\/\/daltec.ch\/wp-content\/uploads\/2025\/08\/dlteclogo.webp\",\"width\":500,\"height\":195,\"caption\":\"Daltec AG\"},\"image\":{\"@id\":\"https:\/\/daltec.ch\/fr\/#\/schema\/logo\/image\/\"},\"sameAs\":[\"https:\/\/www.facebook.com\/DaltecAG\"]}]}<\/script>\n<!-- \/ Yoast SEO plugin. -->","yoast_head_json":{"title":"Daltec Cargo 35 XXLS 2.47, 6130x2470x350 mm, 3500 Kg - Daltec","robots":{"index":"index","follow":"follow","max-snippet":"max-snippet:-1","max-image-preview":"max-image-preview:large","max-video-preview":"max-video-preview:-1"},"canonical":"https:\/\/daltec.ch\/fr\/product\/cargo-35-xxls-2-47\/","og_locale":"fr_FR","og_type":"article","og_title":"Daltec Cargo 35 XXLS 2.47, 6130x2470x350 mm, 3500 Kg - Daltec","og_description":"Preis: Siehe Preisliste auf Startseite F\u00fcr Transportfirmen gedacht - Grosse Dimensionen und lange Lebensdauer Technische Daten    L\u00e4nge 6130 mm   Breite 2470 mm   H\u00f6he 350 mm   Achsen 2   Gesamtgewicht 3500 kg   Nutzlast 2482 kg   R\u00e4der 195 R 14 C    Optionen    Plane mit Gestell 610\/210\/210 cm 2 580 CHF   Hydraulische St\u00fctzen 1 450 CHF   H\u00f6henverstellbare Deichsel ab 2 T 2 800 CHF   Stirnwand abklappbar 130 CHF   Gitteraufsatz 1000 mm \/ lm Preis f\u00fcr lm 150.00 CHF 150 CHF   Leitergestell 400 CHF   Hydr. Hebeh\u00fchne Hollandia 750 kg (ab.) Preis ab: 9'800.- CHF 9 800 CHF   Boden mit Riffelblech belegt \/ m2 Preis 130.00 CHF \/ m2 130 CHF   Durchladesystem Alu 1800 mm 1 690 CHF   Durchladesystem Inox 600 mm 960 CHF   Simol St\u00fctzfuss 500 Kg, Paar mit Halter 380 CHF   Rad 195\/50 R 13 C 90 CHF   Rad 195\/55 R 10 70\u00a0CHF   Plane abgeschr\u00e4gt vorne 450 CHF   Schiebeplane 0 CHF   Batteriekasten inkl. Batterie 530 CHF","og_url":"https:\/\/daltec.ch\/fr\/product\/cargo-35-xxls-2-47\/","og_site_name":"Daltec","article_publisher":"https:\/\/www.facebook.com\/DaltecAG","article_modified_time":"2025-06-17T16:31:59+00:00","og_image":[{"width":600,"height":600,"url":"https:\/\/daltec.ch\/wp-content\/uploads\/2024\/06\/cargo_35_xxls_1.jpg","type":"image\/jpeg"}],"twitter_card":"summary_large_image","twitter_misc":{"Dur\u00e9e de lecture estim\u00e9e":"1 minute"},"schema":{"@context":"https:\/\/schema.org","@graph":[{"@type":"WebPage","@id":"https:\/\/daltec.ch\/product\/cargo-35-xxls-2-47","url":"https:\/\/daltec.ch\/product\/cargo-35-xxls-2-47","name":"Daltec Cargo 35 XXLS 2.47, 6130x2470x350 mm, 3500 Kg - Daltec","isPartOf":{"@id":"https:\/\/daltec.ch\/fr\/#website"},"primaryImageOfPage":{"@id":"https:\/\/daltec.ch\/product\/cargo-35-xxls-2-47#primaryimage"},"image":{"@id":"https:\/\/daltec.ch\/product\/cargo-35-xxls-2-47#primaryimage"},"thumbnailUrl":"https:\/\/daltec.ch\/wp-content\/uploads\/2024\/06\/cargo_35_xxls_1.jpg","datePublished":"2024-10-22T12:46:16+00:00","dateModified":"2025-06-17T16:31:59+00:00","breadcrumb":{"@id":"https:\/\/daltec.ch\/product\/cargo-35-xxls-2-47#breadcrumb"},"inLanguage":"fr-FR","potentialAction":[{"@type":"ReadAction","target":["https:\/\/daltec.ch\/product\/cargo-35-xxls-2-47"]}]},{"@type":"ImageObject","inLanguage":"fr-FR","@id":"https:\/\/daltec.ch\/product\/cargo-35-xxls-2-47#primaryimage","url":"https:\/\/daltec.ch\/wp-content\/uploads\/2024\/06\/cargo_35_xxls_1.jpg","contentUrl":"https:\/\/daltec.ch\/wp-content\/uploads\/2024\/06\/cargo_35_xxls_1.jpg","width":600,"height":600},{"@type":"BreadcrumbList","@id":"https:\/\/daltec.ch\/product\/cargo-35-xxls-2-47#breadcrumb","itemListElement":[{"@type":"ListItem","position":1,"name":"Startseite","item":"https:\/\/daltec.ch\/"},{"@type":"ListItem","position":2,"name":"anhaenger","item":"https:\/\/daltec.ch\/anhaenger"},{"@type":"ListItem","position":3,"name":"Daltec Cargo 35 XXLS 2.47, 6130x2470x350 mm, 3500 Kg"}]},{"@type":"WebSite","@id":"https:\/\/daltec.ch\/fr\/#website","url":"https:\/\/daltec.ch\/fr\/","name":"Daltec Trailers","description":"","publisher":{"@id":"https:\/\/daltec.ch\/fr\/#organization"},"potentialAction":[{"@type":"SearchAction","target":{"@type":"EntryPoint","urlTemplate":"https:\/\/daltec.ch\/fr\/?s={search_term_string}"},"query-input":{"@type":"PropertyValueSpecification","valueRequired":true,"valueName":"search_term_string"}}],"inLanguage":"fr-FR"},{"@type":"Organization","@id":"https:\/\/daltec.ch\/fr\/#organization","name":"Daltec AG","url":"https:\/\/daltec.ch\/fr\/","logo":{"@type":"ImageObject","inLanguage":"fr-FR","@id":"https:\/\/daltec.ch\/fr\/#\/schema\/logo\/image\/","url":"https:\/\/daltec.ch\/wp-content\/uploads\/2025\/08\/dlteclogo.webp","contentUrl":"https:\/\/daltec.ch\/wp-content\/uploads\/2025\/08\/dlteclogo.webp","width":500,"height":195,"caption":"Daltec AG"},"image":{"@id":"https:\/\/daltec.ch\/fr\/#\/schema\/logo\/image\/"},"sameAs":["https:\/\/www.facebook.com\/DaltecAG"]}]}},"_links":{"self":[{"href":"https:\/\/daltec.ch\/fr\/wp-json\/wp\/v2\/product\/1897","targetHints":{"allow":["GET"]}}],"collection":[{"href":"https:\/\/daltec.ch\/fr\/wp-json\/wp\/v2\/product"}],"about":[{"href":"https:\/\/daltec.ch\/fr\/wp-json\/wp\/v2\/types\/product"}],"replies":[{"embeddable":true,"href":"https:\/\/daltec.ch\/fr\/wp-json\/wp\/v2\/comments?post=1897"}],"wp:featuredmedia":[{"embeddable":true,"href":"https:\/\/daltec.ch\/fr\/wp-json\/wp\/v2\/media\/931"}],"wp:attachment":[{"href":"https:\/\/daltec.ch\/fr\/wp-json\/wp\/v2\/media?parent=1897"}],"wp:term":[{"taxonomy":"product_brand","embeddable":true,"href":"https:\/\/daltec.ch\/fr\/wp-json\/wp\/v2\/product_brand?post=1897"},{"taxonomy":"product_cat","embeddable":true,"href":"https:\/\/daltec.ch\/fr\/wp-json\/wp\/v2\/product_cat?post=1897"},{"taxonomy":"product_tag","embeddable":true,"href":"https:\/\/daltec.ch\/fr\/wp-json\/wp\/v2\/product_tag?post=1897"}],"curies":[{"name":"wp","href":"https:\/\/api.w.org\/{rel}","templated":true}]}}