{"id":1907,"date":"2024-10-22T13:56:06","date_gmt":"2024-10-22T13:56:06","guid":{"rendered":"https:\/\/demo.shrinkwaterindia.com\/?post_type=product&#038;p=1907"},"modified":"2025-06-17T16:08:31","modified_gmt":"2025-06-17T16:08:31","slug":"mini-camper-l-mit-kueche","status":"publish","type":"product","link":"https:\/\/daltec.ch\/fr\/product\/mini-camper-l-mit-kueche","title":{"rendered":"Daltec Mini Camper L, 3000x1500x1800 mm, 750 Kg"},"content":{"rendered":"<p><em><strong>Prix: voir liste de prix sur page d'accueil<\/strong><\/em><\/p>\n<p>F\u00fcr J\u00e4ger, Angler oder Motorradfahrer, die w\u00e4hrend eines Trackdays \u00fcbernachten m\u00f6chten. Mit einem zul\u00e4ssigen Gesamtgewicht von nur 750 kg k\u00f6nnen auch Besitzer kleinerer Zugfahrzeuge den Wohnwagen ziehen. Neben einem gro\u00dfen Schlaf-\/Stauraum umfasst der Wohnwagen optional auch eine kleine Au\u00dfenk\u00fcche mit Sp\u00fcle und 2 Gasbrennern, einen 230-V-Au\u00dfenanschluss oder eine 12-V-Batterie mit 230-V\/12-V-Wechselrichter, was ihn zu einer gro\u00dfartigen L\u00f6sung f\u00fcr l\u00e4ngere Aufenthalte in der Natur oder auf Rennstrecken macht. Sie werden feststellen, dass dieser Mini-Camper ein hervorragender Begleiter f\u00fcr Ihre Abenteuer ist.<\/p>\n<h4>Equipement:<\/h4>\n<p>Dimensions ext\u00e9rieures : 4570 x 1950 x 2380 mm Equipement sp\u00e9cial inclus : frein \u00e0 inertie et essieu frein\u00e9. Rampes de toit. Porte lat\u00e9rale. Prise de courant, avec bo\u00eetier \u00e9lectrique. Rail de calage. \u00c9quipement de s\u00e9rie : Attelage de remorque AL-KO, Ch\u00e2ssis robuste et enti\u00e8rement galvanis\u00e9 avec timon en V. Non frein\u00e9e. Les parois de la remorque de 25 mm d'\u00e9paisseur sont fabriqu\u00e9es en stratifi\u00e9 comme couche ext\u00e9rieure. Cadre en acier soud\u00e9 prot\u00e9g\u00e9 contre la corrosion par galvanisation \u00e0 chaud. Sol en contreplaqu\u00e9 imperm\u00e9able de 15 mm avec rev\u00eatement en PVC \u00e0 r\u00e9sistance accrue \u00e0 l'abrasion. Parois et toit recouverts de profil\u00e9s en aluminium 2 fen\u00eatres avec volets roulants en aluminium et moustiquaire Matelas avec housse antiallergique 200x120cm. Tablette en contreplaqu\u00e9 l\u00e9ger et imperm\u00e9able. Les \u00e9l\u00e9ments d'\u00e9quipement sont fabriqu\u00e9s par le fabricant en stratifi\u00e9. \u00c9clairage LED 12V sous l'\u00e9tag\u00e8re. 2 supports suppl\u00e9mentaires \u00e0 l'arri\u00e8re. Roue d'appui solide. Autocollant sur les deux c\u00f4t\u00e9s. Fiche \u00e0 7 p\u00f4les.<\/p>\n<h4><\/h4>","protected":false},"excerpt":{"rendered":"<h5><em><span style=\"color: #ff6600;\">Prix: voir liste de prix sur page d'accueil<\/span><\/em><\/h5>\n<p>La mini-caravane parfaite pour les voyages de week-end pour 2 personnes.<\/p>\n<h4>Donn\u00e9es techniques:<\/h4>\n<table class=\"table\" style=\"height: 183px;\" width=\"344\">\n<tbody>\n<tr>\n<th>Longueur int\u00e9rieure<\/th>\n<td>3000 <small>mm<\/small><\/td>\n<\/tr>\n<tr>\n<th>Largeur int\u00e9rieure<\/th>\n<td>1500\u00a0 <small>mm<\/small><\/td>\n<\/tr>\n<tr>\n<th>Hauteur int\u00e9rieure<\/th>\n<td>1800 <small>mm<\/small><\/td>\n<\/tr>\n<tr>\n<th>Essieux<\/th>\n<td>1<small><\/small><\/td>\n<\/tr>\n<tr>\n<th>Poids total<\/th>\n<td>750 kg<\/td>\n<\/tr>\n<tr>\n<th>Roues<\/th>\n<td>165\/70 R13<\/td>\n<\/tr>\n<\/tbody>\n<\/table>\n<p>&nbsp;<\/p>","protected":false},"featured_media":2911,"comment_status":"open","ping_status":"closed","template":"","meta":{"_acf_changed":false},"product_brand":[],"product_cat":[22,189,231],"product_tag":[],"class_list":{"0":"post-1907","1":"product","2":"type-product","3":"status-publish","4":"has-post-thumbnail","6":"product_cat-sportgeraete-transportanhaenger","7":"product_cat-wohnwagen-anhaenger","8":"product_cat-wohnwagen","10":"first","11":"instock","12":"featured","13":"shipping-taxable","14":"purchasable","15":"product-type-simple"},"acf":[],"yoast_head":"<!-- This site is optimized with the Yoast SEO plugin v27.2 - https:\/\/yoast.com\/product\/yoast-seo-wordpress\/ -->\n<title>Daltec Mini Camper L, 3000x1500x1800 mm, 750 Kg - Daltec<\/title>\n<meta name=\"robots\" content=\"index, follow, max-snippet:-1, max-image-preview:large, max-video-preview:-1\" \/>\n<link rel=\"canonical\" href=\"https:\/\/daltec.ch\/fr\/product\/mini-camper-l-mit-kueche\/\" \/>\n<meta property=\"og:locale\" content=\"fr_FR\" \/>\n<meta property=\"og:type\" content=\"article\" \/>\n<meta property=\"og:title\" content=\"Daltec Mini Camper L, 3000x1500x1800 mm, 750 Kg - Daltec\" \/>\n<meta property=\"og:description\" content=\"Preis: Siehe Preisliste auf Startseite Der perfekte Mini-Wohnwagen f\u00fcr Wochenendreisen f\u00fcr 2 Personen. Technische Daten:    L\u00e4nge 3000 mm   Breite 1500\u00a0 mm   H\u00f6he 1800 mm   Achsen 1   Gesamtgewicht 750 kg   R\u00e4der 165\/70 R13    &nbsp;\" \/>\n<meta property=\"og:url\" content=\"https:\/\/daltec.ch\/fr\/product\/mini-camper-l-mit-kueche\/\" \/>\n<meta property=\"og:site_name\" content=\"Daltec\" \/>\n<meta property=\"article:publisher\" content=\"https:\/\/www.facebook.com\/DaltecAG\" \/>\n<meta property=\"article:modified_time\" content=\"2025-06-17T16:08:31+00:00\" \/>\n<meta property=\"og:image\" content=\"https:\/\/daltec.ch\/wp-content\/uploads\/2024\/10\/Mini-Camper-L_7.png\" \/>\n\t<meta property=\"og:image:width\" content=\"700\" \/>\n\t<meta property=\"og:image:height\" content=\"700\" \/>\n\t<meta property=\"og:image:type\" content=\"image\/png\" \/>\n<meta name=\"twitter:card\" content=\"summary_large_image\" \/>\n<meta name=\"twitter:label1\" content=\"Dur\u00e9e de lecture estim\u00e9e\" \/>\n\t<meta name=\"twitter:data1\" content=\"1 minute\" \/>\n<script type=\"application\/ld+json\" class=\"yoast-schema-graph\">{\"@context\":\"https:\/\/schema.org\",\"@graph\":[{\"@type\":\"WebPage\",\"@id\":\"https:\/\/daltec.ch\/product\/mini-camper-l-mit-kueche\",\"url\":\"https:\/\/daltec.ch\/product\/mini-camper-l-mit-kueche\",\"name\":\"Daltec Mini Camper L, 3000x1500x1800 mm, 750 Kg - Daltec\",\"isPartOf\":{\"@id\":\"https:\/\/daltec.ch\/fr\/#website\"},\"primaryImageOfPage\":{\"@id\":\"https:\/\/daltec.ch\/product\/mini-camper-l-mit-kueche#primaryimage\"},\"image\":{\"@id\":\"https:\/\/daltec.ch\/product\/mini-camper-l-mit-kueche#primaryimage\"},\"thumbnailUrl\":\"https:\/\/daltec.ch\/wp-content\/uploads\/2024\/10\/Mini-Camper-L_7.png\",\"datePublished\":\"2024-10-22T13:56:06+00:00\",\"dateModified\":\"2025-06-17T16:08:31+00:00\",\"breadcrumb\":{\"@id\":\"https:\/\/daltec.ch\/product\/mini-camper-l-mit-kueche#breadcrumb\"},\"inLanguage\":\"fr-FR\",\"potentialAction\":[{\"@type\":\"ReadAction\",\"target\":[\"https:\/\/daltec.ch\/product\/mini-camper-l-mit-kueche\"]}]},{\"@type\":\"ImageObject\",\"inLanguage\":\"fr-FR\",\"@id\":\"https:\/\/daltec.ch\/product\/mini-camper-l-mit-kueche#primaryimage\",\"url\":\"https:\/\/daltec.ch\/wp-content\/uploads\/2024\/10\/Mini-Camper-L_7.png\",\"contentUrl\":\"https:\/\/daltec.ch\/wp-content\/uploads\/2024\/10\/Mini-Camper-L_7.png\",\"width\":700,\"height\":700},{\"@type\":\"BreadcrumbList\",\"@id\":\"https:\/\/daltec.ch\/product\/mini-camper-l-mit-kueche#breadcrumb\",\"itemListElement\":[{\"@type\":\"ListItem\",\"position\":1,\"name\":\"Startseite\",\"item\":\"https:\/\/daltec.ch\/\"},{\"@type\":\"ListItem\",\"position\":2,\"name\":\"anhaenger\",\"item\":\"https:\/\/daltec.ch\/anhaenger\"},{\"@type\":\"ListItem\",\"position\":3,\"name\":\"Daltec Mini Camper L, 3000x1500x1800 mm, 750 Kg\"}]},{\"@type\":\"WebSite\",\"@id\":\"https:\/\/daltec.ch\/fr\/#website\",\"url\":\"https:\/\/daltec.ch\/fr\/\",\"name\":\"Daltec Trailers\",\"description\":\"\",\"publisher\":{\"@id\":\"https:\/\/daltec.ch\/fr\/#organization\"},\"potentialAction\":[{\"@type\":\"SearchAction\",\"target\":{\"@type\":\"EntryPoint\",\"urlTemplate\":\"https:\/\/daltec.ch\/fr\/?s={search_term_string}\"},\"query-input\":{\"@type\":\"PropertyValueSpecification\",\"valueRequired\":true,\"valueName\":\"search_term_string\"}}],\"inLanguage\":\"fr-FR\"},{\"@type\":\"Organization\",\"@id\":\"https:\/\/daltec.ch\/fr\/#organization\",\"name\":\"Daltec AG\",\"url\":\"https:\/\/daltec.ch\/fr\/\",\"logo\":{\"@type\":\"ImageObject\",\"inLanguage\":\"fr-FR\",\"@id\":\"https:\/\/daltec.ch\/fr\/#\/schema\/logo\/image\/\",\"url\":\"https:\/\/daltec.ch\/wp-content\/uploads\/2025\/08\/dlteclogo.webp\",\"contentUrl\":\"https:\/\/daltec.ch\/wp-content\/uploads\/2025\/08\/dlteclogo.webp\",\"width\":500,\"height\":195,\"caption\":\"Daltec AG\"},\"image\":{\"@id\":\"https:\/\/daltec.ch\/fr\/#\/schema\/logo\/image\/\"},\"sameAs\":[\"https:\/\/www.facebook.com\/DaltecAG\"]}]}<\/script>\n<!-- \/ Yoast SEO plugin. -->","yoast_head_json":{"title":"Daltec Mini Camper L, 3000x1500x1800 mm, 750 Kg - Daltec","robots":{"index":"index","follow":"follow","max-snippet":"max-snippet:-1","max-image-preview":"max-image-preview:large","max-video-preview":"max-video-preview:-1"},"canonical":"https:\/\/daltec.ch\/fr\/product\/mini-camper-l-mit-kueche\/","og_locale":"fr_FR","og_type":"article","og_title":"Daltec Mini Camper L, 3000x1500x1800 mm, 750 Kg - Daltec","og_description":"Preis: Siehe Preisliste auf Startseite Der perfekte Mini-Wohnwagen f\u00fcr Wochenendreisen f\u00fcr 2 Personen. Technische Daten:    L\u00e4nge 3000 mm   Breite 1500\u00a0 mm   H\u00f6he 1800 mm   Achsen 1   Gesamtgewicht 750 kg   R\u00e4der 165\/70 R13    &nbsp;","og_url":"https:\/\/daltec.ch\/fr\/product\/mini-camper-l-mit-kueche\/","og_site_name":"Daltec","article_publisher":"https:\/\/www.facebook.com\/DaltecAG","article_modified_time":"2025-06-17T16:08:31+00:00","og_image":[{"width":700,"height":700,"url":"https:\/\/daltec.ch\/wp-content\/uploads\/2024\/10\/Mini-Camper-L_7.png","type":"image\/png"}],"twitter_card":"summary_large_image","twitter_misc":{"Dur\u00e9e de lecture estim\u00e9e":"1 minute"},"schema":{"@context":"https:\/\/schema.org","@graph":[{"@type":"WebPage","@id":"https:\/\/daltec.ch\/product\/mini-camper-l-mit-kueche","url":"https:\/\/daltec.ch\/product\/mini-camper-l-mit-kueche","name":"Daltec Mini Camper L, 3000x1500x1800 mm, 750 Kg - Daltec","isPartOf":{"@id":"https:\/\/daltec.ch\/fr\/#website"},"primaryImageOfPage":{"@id":"https:\/\/daltec.ch\/product\/mini-camper-l-mit-kueche#primaryimage"},"image":{"@id":"https:\/\/daltec.ch\/product\/mini-camper-l-mit-kueche#primaryimage"},"thumbnailUrl":"https:\/\/daltec.ch\/wp-content\/uploads\/2024\/10\/Mini-Camper-L_7.png","datePublished":"2024-10-22T13:56:06+00:00","dateModified":"2025-06-17T16:08:31+00:00","breadcrumb":{"@id":"https:\/\/daltec.ch\/product\/mini-camper-l-mit-kueche#breadcrumb"},"inLanguage":"fr-FR","potentialAction":[{"@type":"ReadAction","target":["https:\/\/daltec.ch\/product\/mini-camper-l-mit-kueche"]}]},{"@type":"ImageObject","inLanguage":"fr-FR","@id":"https:\/\/daltec.ch\/product\/mini-camper-l-mit-kueche#primaryimage","url":"https:\/\/daltec.ch\/wp-content\/uploads\/2024\/10\/Mini-Camper-L_7.png","contentUrl":"https:\/\/daltec.ch\/wp-content\/uploads\/2024\/10\/Mini-Camper-L_7.png","width":700,"height":700},{"@type":"BreadcrumbList","@id":"https:\/\/daltec.ch\/product\/mini-camper-l-mit-kueche#breadcrumb","itemListElement":[{"@type":"ListItem","position":1,"name":"Startseite","item":"https:\/\/daltec.ch\/"},{"@type":"ListItem","position":2,"name":"anhaenger","item":"https:\/\/daltec.ch\/anhaenger"},{"@type":"ListItem","position":3,"name":"Daltec Mini Camper L, 3000x1500x1800 mm, 750 Kg"}]},{"@type":"WebSite","@id":"https:\/\/daltec.ch\/fr\/#website","url":"https:\/\/daltec.ch\/fr\/","name":"Daltec Trailers","description":"","publisher":{"@id":"https:\/\/daltec.ch\/fr\/#organization"},"potentialAction":[{"@type":"SearchAction","target":{"@type":"EntryPoint","urlTemplate":"https:\/\/daltec.ch\/fr\/?s={search_term_string}"},"query-input":{"@type":"PropertyValueSpecification","valueRequired":true,"valueName":"search_term_string"}}],"inLanguage":"fr-FR"},{"@type":"Organization","@id":"https:\/\/daltec.ch\/fr\/#organization","name":"Daltec AG","url":"https:\/\/daltec.ch\/fr\/","logo":{"@type":"ImageObject","inLanguage":"fr-FR","@id":"https:\/\/daltec.ch\/fr\/#\/schema\/logo\/image\/","url":"https:\/\/daltec.ch\/wp-content\/uploads\/2025\/08\/dlteclogo.webp","contentUrl":"https:\/\/daltec.ch\/wp-content\/uploads\/2025\/08\/dlteclogo.webp","width":500,"height":195,"caption":"Daltec AG"},"image":{"@id":"https:\/\/daltec.ch\/fr\/#\/schema\/logo\/image\/"},"sameAs":["https:\/\/www.facebook.com\/DaltecAG"]}]}},"_links":{"self":[{"href":"https:\/\/daltec.ch\/fr\/wp-json\/wp\/v2\/product\/1907","targetHints":{"allow":["GET"]}}],"collection":[{"href":"https:\/\/daltec.ch\/fr\/wp-json\/wp\/v2\/product"}],"about":[{"href":"https:\/\/daltec.ch\/fr\/wp-json\/wp\/v2\/types\/product"}],"replies":[{"embeddable":true,"href":"https:\/\/daltec.ch\/fr\/wp-json\/wp\/v2\/comments?post=1907"}],"wp:featuredmedia":[{"embeddable":true,"href":"https:\/\/daltec.ch\/fr\/wp-json\/wp\/v2\/media\/2911"}],"wp:attachment":[{"href":"https:\/\/daltec.ch\/fr\/wp-json\/wp\/v2\/media?parent=1907"}],"wp:term":[{"taxonomy":"product_brand","embeddable":true,"href":"https:\/\/daltec.ch\/fr\/wp-json\/wp\/v2\/product_brand?post=1907"},{"taxonomy":"product_cat","embeddable":true,"href":"https:\/\/daltec.ch\/fr\/wp-json\/wp\/v2\/product_cat?post=1907"},{"taxonomy":"product_tag","embeddable":true,"href":"https:\/\/daltec.ch\/fr\/wp-json\/wp\/v2\/product_tag?post=1907"}],"curies":[{"name":"wp","href":"https:\/\/api.w.org\/{rel}","templated":true}]}}