{"id":1910,"date":"2024-10-27T09:02:22","date_gmt":"2024-10-27T09:02:22","guid":{"rendered":"https:\/\/demo.shrinkwaterindia.com\/?post_type=product&#038;p=1910"},"modified":"2025-06-18T19:59:09","modified_gmt":"2025-06-18T19:59:09","slug":"gvt-3500-h-pro","status":"publish","type":"product","link":"https:\/\/daltec.ch\/fr\/product\/gvt-3500-h-pro","title":{"rendered":"Daltec GVT 3500 H PRO (3950x2200x1900 mm, 3500 Kg)"},"content":{"rendered":"<p>D\u00e9velopp\u00e9 depuis plus de 20 ans, ce mod\u00e8le est conforme \u00e0 toutes les r\u00e9glementations en vigueur. La bonne solution pour les transports d'animaux conformes \u00e0 la protection des animaux. Il peut \u00eatre \u00e9quip\u00e9 sur demande d'une porte de service, d'une cloison, etc. Ainsi, vos animaux voyageront en toute s\u00e9curit\u00e9 et agr\u00e9ablement.<\/p>\n<p><em>*Les images peuvent contenir des options qui ne sont pas pr\u00e9sentes dans la version standard.<\/em><\/p>\n<p><strong>Equipement:<\/strong><\/p>\n<p><strong>Ch\u00e2ssis:<\/strong> Anh\u00e4nger in Hochlader Ausf\u00fchrung (R\u00e4der unter der Ladefl\u00e4che). Rahmen geschweisst und feuerverzinkt, V-Deichsel, Kugelkupplung, Abreissleine, St\u00fctzrad verst\u00e4rkt automatisch, Unterlegkeil mit Halter (2 Stk). Auflaufeinrichtung AL-KO \/ KNOTT mit Handbremse, R\u00fcckmatik, 2x Achsen AL-KO \/ KNOTT.<\/p>\n<p><strong>Montage et \u00e9quipement:<\/strong> Rahmen feuerverzinkt, Bordw\u00e4nde aus robusten Aluminiumhohlprofile 25mm, eloxiert, glatt. Anh\u00e4nger in Hochlader Ausf\u00fchrung (R\u00e4der unter der Ladefl\u00e4che). Laderampe links vorne mit Gummi belegt, mit Hebehilfe. Kombit\u00fcre \/Heckrampe federentlastet mit Gummi belegt. \u00dcbergangsgummi und Seitengel\u00e4nder bei Heckrampe und Seitenrampe. Durchladesystem mit Doppelfl\u00fcgelt\u00fcren abschliessbar. Kotschutz aus Blech. Servicet\u00fcre rechts. L\u00fcftungsschieber vorne, links und rechts. Bindestange Innen. 2x Trennw\u00e4nde Innen verstellbar. Dach aus Alu-Blech. Innenbeleuchtung LED. Anbinderinge aussen.<\/p>\n<p><strong>Sol:<\/strong> En profils aluminium antid\u00e9rapant<\/p>\n<p><strong>Eclairage:<\/strong> Selon les normes en vigueur, 12V, prise 13 p\u00f4les<\/p>","protected":false},"excerpt":{"rendered":"<h4>Robuste Hochlader Ausf\u00fchrung f\u00fcr mehr Platz! Komplett ausgestattet!<\/h4>\n<h6>Sp\u00e9cifications<\/h6>\n<table class=\"table\">\n<tbody>\n<tr>\n<th>Longueur int\u00e9rieure<\/th>\n<td>3950 <small>mm<\/small><\/td>\n<\/tr>\n<tr>\n<th>Largeur int\u00e9rieure<\/th>\n<td>2200 <small>mm<\/small><\/td>\n<\/tr>\n<tr>\n<th>Hauteur int\u00e9rieure<\/th>\n<td>1900 <small>mm<\/small><\/td>\n<\/tr>\n<tr>\n<th>Essieux<\/th>\n<td>2<small><\/small><\/td>\n<\/tr>\n<tr>\n<th>Poids total<\/th>\n<td>3500 <small>kg<\/small><\/td>\n<\/tr>\n<tr>\n<th>Charge utile<\/th>\n<td>2120 <small>kg<\/small><\/td>\n<\/tr>\n<tr>\n<th>Roues<\/th>\n<td>195\/50 R 13C<\/td>\n<\/tr>\n<tr>\n<th>Dimensions ext\u00e9rieures<\/th>\n<td>5530 x 2430 x 2800 <small>mm<\/small><\/td>\n<\/tr>\n<\/tbody>\n<\/table>\n<h6>Options<\/h6>\n<table>\n<tbody>\n<tr>\n<td>Sol recouvert de caoutchouc 6mm<\/td>\n<td>+ 1&#8217;200 CHF<\/td>\n<\/tr>\n<tr>\n<td>Ventilation suppl\u00e9mentaire dans profil aluminium<\/td>\n<td>+ 120 CHF \/ Stk.<\/td>\n<\/tr>\n<tr>\n<td>Barri\u00e8res de chargement sur rampe lat\u00e9rale<\/td>\n<td>+ 790 CHF<\/td>\n<\/tr>\n<tr>\n<td>Antivol carr\u00e9 en acier pour t\u00eate d'attelage<\/td>\n<td>+ 30 CHF<\/td>\n<\/tr>\n<tr>\n<td>Roue de secours avec support<\/td>\n<td>+ 210 CHF<\/td>\n<\/tr>\n<tr>\n<td>\u0152illet DIN \u00e0 l'avant au lieu de la t\u00eate d'attelage \u00e0 boule<\/td>\n<td>+ 300 CHF<\/td>\n<\/tr>\n<\/tbody>\n<\/table>\n<p>Mehr Optionen auf Anfrage<\/p>\n<p><em>Les prix ne s'appliquent qu'aux remorques command\u00e9es directement avec des options. Pour les remorques en stock, les prix peuvent varier si des options doivent \u00eatre ajout\u00e9es ult\u00e9rieurement.<\/em><\/p>","protected":false},"featured_media":2995,"comment_status":"open","ping_status":"closed","template":"","meta":{"_acf_changed":false},"product_brand":[],"product_cat":[239,237],"product_tag":[],"class_list":{"0":"post-1910","1":"product","2":"type-product","3":"status-publish","4":"has-post-thumbnail","6":"product_cat-grosstiertransportanhaenger","7":"product_cat-tiertransportanhaenger","9":"first","10":"instock","11":"featured","12":"shipping-taxable","13":"purchasable","14":"product-type-simple"},"acf":[],"yoast_head":"<!-- This site is optimized with the Yoast SEO plugin v27.4 - https:\/\/yoast.com\/product\/yoast-seo-wordpress\/ -->\n<title>Daltec GVT 3500 H PRO (3950x2200x1900 mm, 3500 Kg) - Daltec<\/title>\n<meta name=\"robots\" content=\"index, follow, max-snippet:-1, max-image-preview:large, max-video-preview:-1\" \/>\n<link rel=\"canonical\" href=\"https:\/\/daltec.ch\/fr\/product\/gvt-3500-h-pro\/\" \/>\n<meta property=\"og:locale\" content=\"fr_FR\" \/>\n<meta property=\"og:type\" content=\"article\" \/>\n<meta property=\"og:title\" content=\"Daltec GVT 3500 H PRO (3950x2200x1900 mm, 3500 Kg) - Daltec\" \/>\n<meta property=\"og:description\" content=\"Robuste Hochlader Ausf\u00fchrung f\u00fcr mehr Platz! Komplett ausgestattet! Technische Daten    Innenl\u00e4nge 3950 mm   Innenbreite 2200 mm   Innenh\u00f6he 1900 mm   Achsen 2   Gesamtgewicht 3500 kg   Nutzlast 2120 kg   R\u00e4der 195\/50 R 13C   Aussenmassen 5530 x 2430 x 2800 mm    Optionen    Boden mit Gummi belegt (6mm) + 1&#039;200 CHF   Zus\u00e4tzliche Ventilation im Aluprofil + 120 CHF \/ Stk.   Seitengel\u00e4nder vorne auf Seitenrampe + 790 CHF   Diebstahlschloss Kasten f\u00fcr Kugelkupplung + 30 CHF   Reserverad mit Halter + 210 CHF   Zug\u00f6se DIN vorne an Stelle von Kugelkupplung + 300 CHF    Mehr Optionen auf Anfrage  * Preise gilten nur f\u00fcr Anh\u00e4nger direkt bestellt mit Optionen. Bei Lageranh\u00e4nger k\u00f6nnen die Preise variieren wenn Optionen nachtr\u00e4glich hinzugef\u00fcgt werden m\u00fcssen.\" \/>\n<meta property=\"og:url\" content=\"https:\/\/daltec.ch\/fr\/product\/gvt-3500-h-pro\/\" \/>\n<meta property=\"og:site_name\" content=\"Daltec\" \/>\n<meta property=\"article:publisher\" content=\"https:\/\/www.facebook.com\/DaltecAG\" \/>\n<meta property=\"article:modified_time\" content=\"2025-06-18T19:59:09+00:00\" \/>\n<meta property=\"og:image\" content=\"https:\/\/daltec.ch\/wp-content\/uploads\/2024\/10\/GVT-H-PRO.webp\" \/>\n\t<meta property=\"og:image:width\" content=\"561\" \/>\n\t<meta property=\"og:image:height\" content=\"561\" \/>\n\t<meta property=\"og:image:type\" content=\"image\/webp\" \/>\n<meta name=\"twitter:card\" content=\"summary_large_image\" \/>\n<meta name=\"twitter:label1\" content=\"Dur\u00e9e de lecture estim\u00e9e\" \/>\n\t<meta name=\"twitter:data1\" content=\"1 minute\" \/>\n<script type=\"application\/ld+json\" class=\"yoast-schema-graph\">{\"@context\":\"https:\\\/\\\/schema.org\",\"@graph\":[{\"@type\":\"WebPage\",\"@id\":\"https:\\\/\\\/daltec.ch\\\/product\\\/gvt-3500-h-pro\",\"url\":\"https:\\\/\\\/daltec.ch\\\/product\\\/gvt-3500-h-pro\",\"name\":\"Daltec GVT 3500 H PRO (3950x2200x1900 mm, 3500 Kg) - Daltec\",\"isPartOf\":{\"@id\":\"https:\\\/\\\/daltec.ch\\\/fr\\\/#website\"},\"primaryImageOfPage\":{\"@id\":\"https:\\\/\\\/daltec.ch\\\/product\\\/gvt-3500-h-pro#primaryimage\"},\"image\":{\"@id\":\"https:\\\/\\\/daltec.ch\\\/product\\\/gvt-3500-h-pro#primaryimage\"},\"thumbnailUrl\":\"https:\\\/\\\/daltec.ch\\\/wp-content\\\/uploads\\\/2024\\\/10\\\/GVT-H-PRO.webp\",\"datePublished\":\"2024-10-27T09:02:22+00:00\",\"dateModified\":\"2025-06-18T19:59:09+00:00\",\"breadcrumb\":{\"@id\":\"https:\\\/\\\/daltec.ch\\\/product\\\/gvt-3500-h-pro#breadcrumb\"},\"inLanguage\":\"fr-FR\",\"potentialAction\":[{\"@type\":\"ReadAction\",\"target\":[\"https:\\\/\\\/daltec.ch\\\/product\\\/gvt-3500-h-pro\"]}]},{\"@type\":\"ImageObject\",\"inLanguage\":\"fr-FR\",\"@id\":\"https:\\\/\\\/daltec.ch\\\/product\\\/gvt-3500-h-pro#primaryimage\",\"url\":\"https:\\\/\\\/daltec.ch\\\/wp-content\\\/uploads\\\/2024\\\/10\\\/GVT-H-PRO.webp\",\"contentUrl\":\"https:\\\/\\\/daltec.ch\\\/wp-content\\\/uploads\\\/2024\\\/10\\\/GVT-H-PRO.webp\",\"width\":561,\"height\":561},{\"@type\":\"BreadcrumbList\",\"@id\":\"https:\\\/\\\/daltec.ch\\\/product\\\/gvt-3500-h-pro#breadcrumb\",\"itemListElement\":[{\"@type\":\"ListItem\",\"position\":1,\"name\":\"Startseite\",\"item\":\"https:\\\/\\\/daltec.ch\\\/\"},{\"@type\":\"ListItem\",\"position\":2,\"name\":\"anhaenger\",\"item\":\"https:\\\/\\\/daltec.ch\\\/anhaenger\"},{\"@type\":\"ListItem\",\"position\":3,\"name\":\"Daltec GVT 3500 H PRO (3950x2200x1900 mm, 3500 Kg)\"}]},{\"@type\":\"WebSite\",\"@id\":\"https:\\\/\\\/daltec.ch\\\/fr\\\/#website\",\"url\":\"https:\\\/\\\/daltec.ch\\\/fr\\\/\",\"name\":\"Daltec Trailers\",\"description\":\"\",\"publisher\":{\"@id\":\"https:\\\/\\\/daltec.ch\\\/fr\\\/#organization\"},\"potentialAction\":[{\"@type\":\"SearchAction\",\"target\":{\"@type\":\"EntryPoint\",\"urlTemplate\":\"https:\\\/\\\/daltec.ch\\\/fr\\\/?s={search_term_string}\"},\"query-input\":{\"@type\":\"PropertyValueSpecification\",\"valueRequired\":true,\"valueName\":\"search_term_string\"}}],\"inLanguage\":\"fr-FR\"},{\"@type\":\"Organization\",\"@id\":\"https:\\\/\\\/daltec.ch\\\/fr\\\/#organization\",\"name\":\"Daltec AG\",\"url\":\"https:\\\/\\\/daltec.ch\\\/fr\\\/\",\"logo\":{\"@type\":\"ImageObject\",\"inLanguage\":\"fr-FR\",\"@id\":\"https:\\\/\\\/daltec.ch\\\/fr\\\/#\\\/schema\\\/logo\\\/image\\\/\",\"url\":\"https:\\\/\\\/daltec.ch\\\/wp-content\\\/uploads\\\/2025\\\/08\\\/dlteclogo.webp\",\"contentUrl\":\"https:\\\/\\\/daltec.ch\\\/wp-content\\\/uploads\\\/2025\\\/08\\\/dlteclogo.webp\",\"width\":500,\"height\":195,\"caption\":\"Daltec AG\"},\"image\":{\"@id\":\"https:\\\/\\\/daltec.ch\\\/fr\\\/#\\\/schema\\\/logo\\\/image\\\/\"},\"sameAs\":[\"https:\\\/\\\/www.facebook.com\\\/DaltecAG\"]}]}<\/script>\n<!-- \/ Yoast SEO plugin. -->","yoast_head_json":{"title":"Daltec GVT 3500 H PRO (3950x2200x1900 mm, 3500 Kg) - Daltec","robots":{"index":"index","follow":"follow","max-snippet":"max-snippet:-1","max-image-preview":"max-image-preview:large","max-video-preview":"max-video-preview:-1"},"canonical":"https:\/\/daltec.ch\/fr\/product\/gvt-3500-h-pro\/","og_locale":"fr_FR","og_type":"article","og_title":"Daltec GVT 3500 H PRO (3950x2200x1900 mm, 3500 Kg) - Daltec","og_description":"Robuste Hochlader Ausf\u00fchrung f\u00fcr mehr Platz! Komplett ausgestattet! Technische Daten    Innenl\u00e4nge 3950 mm   Innenbreite 2200 mm   Innenh\u00f6he 1900 mm   Achsen 2   Gesamtgewicht 3500 kg   Nutzlast 2120 kg   R\u00e4der 195\/50 R 13C   Aussenmassen 5530 x 2430 x 2800 mm    Optionen    Boden mit Gummi belegt (6mm) + 1'200 CHF   Zus\u00e4tzliche Ventilation im Aluprofil + 120 CHF \/ Stk.   Seitengel\u00e4nder vorne auf Seitenrampe + 790 CHF   Diebstahlschloss Kasten f\u00fcr Kugelkupplung + 30 CHF   Reserverad mit Halter + 210 CHF   Zug\u00f6se DIN vorne an Stelle von Kugelkupplung + 300 CHF    Mehr Optionen auf Anfrage  * Preise gilten nur f\u00fcr Anh\u00e4nger direkt bestellt mit Optionen. Bei Lageranh\u00e4nger k\u00f6nnen die Preise variieren wenn Optionen nachtr\u00e4glich hinzugef\u00fcgt werden m\u00fcssen.","og_url":"https:\/\/daltec.ch\/fr\/product\/gvt-3500-h-pro\/","og_site_name":"Daltec","article_publisher":"https:\/\/www.facebook.com\/DaltecAG","article_modified_time":"2025-06-18T19:59:09+00:00","og_image":[{"width":561,"height":561,"url":"https:\/\/daltec.ch\/wp-content\/uploads\/2024\/10\/GVT-H-PRO.webp","type":"image\/webp"}],"twitter_card":"summary_large_image","twitter_misc":{"Dur\u00e9e de lecture estim\u00e9e":"1 minute"},"schema":{"@context":"https:\/\/schema.org","@graph":[{"@type":"WebPage","@id":"https:\/\/daltec.ch\/product\/gvt-3500-h-pro","url":"https:\/\/daltec.ch\/product\/gvt-3500-h-pro","name":"Daltec GVT 3500 H PRO (3950x2200x1900 mm, 3500 Kg) - Daltec","isPartOf":{"@id":"https:\/\/daltec.ch\/fr\/#website"},"primaryImageOfPage":{"@id":"https:\/\/daltec.ch\/product\/gvt-3500-h-pro#primaryimage"},"image":{"@id":"https:\/\/daltec.ch\/product\/gvt-3500-h-pro#primaryimage"},"thumbnailUrl":"https:\/\/daltec.ch\/wp-content\/uploads\/2024\/10\/GVT-H-PRO.webp","datePublished":"2024-10-27T09:02:22+00:00","dateModified":"2025-06-18T19:59:09+00:00","breadcrumb":{"@id":"https:\/\/daltec.ch\/product\/gvt-3500-h-pro#breadcrumb"},"inLanguage":"fr-FR","potentialAction":[{"@type":"ReadAction","target":["https:\/\/daltec.ch\/product\/gvt-3500-h-pro"]}]},{"@type":"ImageObject","inLanguage":"fr-FR","@id":"https:\/\/daltec.ch\/product\/gvt-3500-h-pro#primaryimage","url":"https:\/\/daltec.ch\/wp-content\/uploads\/2024\/10\/GVT-H-PRO.webp","contentUrl":"https:\/\/daltec.ch\/wp-content\/uploads\/2024\/10\/GVT-H-PRO.webp","width":561,"height":561},{"@type":"BreadcrumbList","@id":"https:\/\/daltec.ch\/product\/gvt-3500-h-pro#breadcrumb","itemListElement":[{"@type":"ListItem","position":1,"name":"Startseite","item":"https:\/\/daltec.ch\/"},{"@type":"ListItem","position":2,"name":"anhaenger","item":"https:\/\/daltec.ch\/anhaenger"},{"@type":"ListItem","position":3,"name":"Daltec GVT 3500 H PRO (3950x2200x1900 mm, 3500 Kg)"}]},{"@type":"WebSite","@id":"https:\/\/daltec.ch\/fr\/#website","url":"https:\/\/daltec.ch\/fr\/","name":"Daltec Trailers","description":"","publisher":{"@id":"https:\/\/daltec.ch\/fr\/#organization"},"potentialAction":[{"@type":"SearchAction","target":{"@type":"EntryPoint","urlTemplate":"https:\/\/daltec.ch\/fr\/?s={search_term_string}"},"query-input":{"@type":"PropertyValueSpecification","valueRequired":true,"valueName":"search_term_string"}}],"inLanguage":"fr-FR"},{"@type":"Organization","@id":"https:\/\/daltec.ch\/fr\/#organization","name":"Daltec AG","url":"https:\/\/daltec.ch\/fr\/","logo":{"@type":"ImageObject","inLanguage":"fr-FR","@id":"https:\/\/daltec.ch\/fr\/#\/schema\/logo\/image\/","url":"https:\/\/daltec.ch\/wp-content\/uploads\/2025\/08\/dlteclogo.webp","contentUrl":"https:\/\/daltec.ch\/wp-content\/uploads\/2025\/08\/dlteclogo.webp","width":500,"height":195,"caption":"Daltec AG"},"image":{"@id":"https:\/\/daltec.ch\/fr\/#\/schema\/logo\/image\/"},"sameAs":["https:\/\/www.facebook.com\/DaltecAG"]}]}},"_links":{"self":[{"href":"https:\/\/daltec.ch\/fr\/wp-json\/wp\/v2\/product\/1910","targetHints":{"allow":["GET"]}}],"collection":[{"href":"https:\/\/daltec.ch\/fr\/wp-json\/wp\/v2\/product"}],"about":[{"href":"https:\/\/daltec.ch\/fr\/wp-json\/wp\/v2\/types\/product"}],"replies":[{"embeddable":true,"href":"https:\/\/daltec.ch\/fr\/wp-json\/wp\/v2\/comments?post=1910"}],"wp:featuredmedia":[{"embeddable":true,"href":"https:\/\/daltec.ch\/fr\/wp-json\/wp\/v2\/media\/2995"}],"wp:attachment":[{"href":"https:\/\/daltec.ch\/fr\/wp-json\/wp\/v2\/media?parent=1910"}],"wp:term":[{"taxonomy":"product_brand","embeddable":true,"href":"https:\/\/daltec.ch\/fr\/wp-json\/wp\/v2\/product_brand?post=1910"},{"taxonomy":"product_cat","embeddable":true,"href":"https:\/\/daltec.ch\/fr\/wp-json\/wp\/v2\/product_cat?post=1910"},{"taxonomy":"product_tag","embeddable":true,"href":"https:\/\/daltec.ch\/fr\/wp-json\/wp\/v2\/product_tag?post=1910"}],"curies":[{"name":"wp","href":"https:\/\/api.w.org\/{rel}","templated":true}]}}