{"id":1911,"date":"2024-10-27T09:11:50","date_gmt":"2024-10-27T09:11:50","guid":{"rendered":"https:\/\/demo.shrinkwaterindia.com\/?post_type=product&#038;p=1911"},"modified":"2025-06-18T17:09:05","modified_gmt":"2025-06-18T17:09:05","slug":"vt-2700","status":"publish","type":"product","link":"https:\/\/daltec.ch\/fr\/product\/vt-2700","title":{"rendered":"Daltec VT 2700, 3050x1700x1900 mm, 2700 kg"},"content":{"rendered":"<p><em><strong>Prix: voir liste de prix sur page d'accueil<\/strong><\/em><\/p>\n<p>De loin la remorque de transport de b\u00e9tail la plus vendue de Suisse ! Produit de haute qualit\u00e9, robuste et la bonne solution pour les transports d'animaux conformes au bien-\u00eatre des animaux. Le toit avec spoiler en polyester est de forme a\u00e9rodynamique, ce qui assure une meilleure conduite et r\u00e9duit la consommation de carburant. Plus de 3000 traversent d\u00e9j\u00e0 la Suisse!<br \/>\n<strong>Equipement:<\/strong><br \/>\nCh\u00e2ssis : cadre soud\u00e9, galvanis\u00e9 \u00e0 chaud, timon en V galvanis\u00e9 \u00e0 chaud, embrayage \u00e0 bille, ligne de d\u00e9chirement, roue de soutien renforc\u00e9e automatiquement, protection contre les cottes en t\u00f4le d'aluminium Essieu : Essieux Al-Ko \/ n\u0153ud frein\u00e9, frein \u00e0 main de marche arri\u00e8re automatique Montage : Cadre galvanis\u00e9 \u00e0 chaud Profil\u00e9s en aluminium anodis\u00e9s, lisse. Rampes de chargement \u00e0 l'avant et \u00e0 l'arri\u00e8re recouvertes de caoutchouc, porte combin\u00e9e arri\u00e8re \u00e0 ressort avec garde-corps lat\u00e9ral rabattable Ventilation en profil ALU, r\u00e9glable, barre de liaison avant, \u00e9clairage int\u00e9rieur LED, toit en polyester avec b\u00e2che avec cadre, couleur bleue Plancher : profil\u00e9s en aluminium, syst\u00e8me d'\u00e9clairage antid\u00e9rapant : 12 V, selon les normes du StVo, prise 13 p\u00f4les<\/p>","protected":false},"excerpt":{"rendered":"<h5>Prix: voir liste de prix sur page d'accueil<\/h5>\n<p>Tr\u00e8s populaire !<\/p>\n<h5>Sp\u00e9cifications<\/h5>\n<table class=\"table\">\n<tbody>\n<tr>\n<th>Longueur int\u00e9rieure<\/th>\n<td>3050 <small>mm<\/small><\/td>\n<\/tr>\n<tr>\n<th>Largeur int\u00e9rieure<\/th>\n<td>1700 <small>mm<\/small><\/td>\n<\/tr>\n<tr>\n<th>Hauteur int\u00e9rieure<\/th>\n<td>1900 <small>mm<\/small><\/td>\n<\/tr>\n<tr>\n<th>Essieux<\/th>\n<td>2<small><\/small><\/td>\n<\/tr>\n<tr>\n<th>Poids total<\/th>\n<td>2700 <small>kg<\/small><\/td>\n<\/tr>\n<tr>\n<th>Charge utile<\/th>\n<td>1810 <small>kg<\/small><\/td>\n<\/tr>\n<tr>\n<th>Roues<\/th>\n<td>185 R 14 C<\/td>\n<\/tr>\n<\/tbody>\n<\/table>\n<h6>Options<\/h6>\n<table>\n<tbody>\n<tr>\n<td>Porte de service 700 x 1200 mm<\/td>\n<td>400 CHF<\/td>\n<\/tr>\n<tr>\n<td>Ventilation suppl\u00e9mentaire en profil\u00e9s en aluminium pi\u00e8ce<\/td>\n<td>120 CHF<\/td>\n<\/tr>\n<tr>\n<td>Inscription publicitaire \u2013 D\u00e9coration ext\u00e9rieure<br \/>\n<strong>Prix sur demande<\/strong><\/td>\n<td>\u00a0 \u00a0 0 CHF<\/td>\n<\/tr>\n<tr>\n<td>Cloison r\u00e9glable \u00e0 l'int\u00e9rieur<\/td>\n<td>1250 CHF<\/td>\n<\/tr>\n<tr>\n<td>Toit en aluminium \u2013 t\u00f4le<\/td>\n<td>\u00a0 710 CHF<\/td>\n<\/tr>\n<tr>\n<td>Kit de r\u00e9\u00e9quipement de garde-corps lat\u00e9raux<\/td>\n<td>1040 CHF<\/td>\n<\/tr>\n<\/tbody>\n<\/table>","protected":false},"featured_media":2940,"comment_status":"open","ping_status":"closed","template":"","meta":{"_acf_changed":false},"product_brand":[],"product_cat":[239,237],"product_tag":[],"class_list":{"0":"post-1911","1":"product","2":"type-product","3":"status-publish","4":"has-post-thumbnail","6":"product_cat-grosstiertransportanhaenger","7":"product_cat-tiertransportanhaenger","9":"first","10":"instock","11":"featured","12":"shipping-taxable","13":"purchasable","14":"product-type-simple"},"acf":[],"yoast_head":"<!-- This site is optimized with the Yoast SEO plugin v27.2 - https:\/\/yoast.com\/product\/yoast-seo-wordpress\/ -->\n<title>Daltec VT 2700, 3050x1700x1900 mm, 2700 kg - Daltec<\/title>\n<meta name=\"robots\" content=\"index, follow, max-snippet:-1, max-image-preview:large, max-video-preview:-1\" \/>\n<link rel=\"canonical\" href=\"https:\/\/daltec.ch\/fr\/product\/vt-2700\/\" \/>\n<meta property=\"og:locale\" content=\"fr_FR\" \/>\n<meta property=\"og:type\" content=\"article\" \/>\n<meta property=\"og:title\" content=\"Daltec VT 2700, 3050x1700x1900 mm, 2700 kg - Daltec\" \/>\n<meta property=\"og:description\" content=\"Preis: Siehe Preisliste auf Startseite Sehr beliebt ! Technische Daten    L\u00e4nge 3050 mm   Breite 1700 mm   H\u00f6he 1900 mm   Achsen 2   Gesamtgewicht 2700 kg   Nutzlast 1810 kg   R\u00e4der 185 R 14 C    Optionen    Servicet\u00fcre 700 x 1200 mm 400 CHF   Zusatzventilation in Aluprofilen St\u00fcck 120 CHF   Werbebeschriftung - Aussendekoration Preis auf Anfrage \u00a0 \u00a0 0 CHF   Trennwand innen verstellbar 1250 CHF   Dach aus Alu - Blech \u00a0 710 CHF   Seitengel\u00e4nder Nachr\u00fcstsatz 1040 CHF\" \/>\n<meta property=\"og:url\" content=\"https:\/\/daltec.ch\/fr\/product\/vt-2700\/\" \/>\n<meta property=\"og:site_name\" content=\"Daltec\" \/>\n<meta property=\"article:publisher\" content=\"https:\/\/www.facebook.com\/DaltecAG\" \/>\n<meta property=\"article:modified_time\" content=\"2025-06-18T17:09:05+00:00\" \/>\n<meta property=\"og:image\" content=\"https:\/\/daltec.ch\/wp-content\/uploads\/2024\/10\/vt_2000_2500_2-1.webp\" \/>\n\t<meta property=\"og:image:width\" content=\"600\" \/>\n\t<meta property=\"og:image:height\" content=\"600\" \/>\n\t<meta property=\"og:image:type\" content=\"image\/webp\" \/>\n<meta name=\"twitter:card\" content=\"summary_large_image\" \/>\n<meta name=\"twitter:label1\" content=\"Dur\u00e9e de lecture estim\u00e9e\" \/>\n\t<meta name=\"twitter:data1\" content=\"1 minute\" \/>\n<script type=\"application\/ld+json\" class=\"yoast-schema-graph\">{\"@context\":\"https:\/\/schema.org\",\"@graph\":[{\"@type\":\"WebPage\",\"@id\":\"https:\/\/daltec.ch\/product\/vt-2700\",\"url\":\"https:\/\/daltec.ch\/product\/vt-2700\",\"name\":\"Daltec VT 2700, 3050x1700x1900 mm, 2700 kg - Daltec\",\"isPartOf\":{\"@id\":\"https:\/\/daltec.ch\/fr\/#website\"},\"primaryImageOfPage\":{\"@id\":\"https:\/\/daltec.ch\/product\/vt-2700#primaryimage\"},\"image\":{\"@id\":\"https:\/\/daltec.ch\/product\/vt-2700#primaryimage\"},\"thumbnailUrl\":\"https:\/\/daltec.ch\/wp-content\/uploads\/2024\/10\/vt_2000_2500_2-1.webp\",\"datePublished\":\"2024-10-27T09:11:50+00:00\",\"dateModified\":\"2025-06-18T17:09:05+00:00\",\"breadcrumb\":{\"@id\":\"https:\/\/daltec.ch\/product\/vt-2700#breadcrumb\"},\"inLanguage\":\"fr-FR\",\"potentialAction\":[{\"@type\":\"ReadAction\",\"target\":[\"https:\/\/daltec.ch\/product\/vt-2700\"]}]},{\"@type\":\"ImageObject\",\"inLanguage\":\"fr-FR\",\"@id\":\"https:\/\/daltec.ch\/product\/vt-2700#primaryimage\",\"url\":\"https:\/\/daltec.ch\/wp-content\/uploads\/2024\/10\/vt_2000_2500_2-1.webp\",\"contentUrl\":\"https:\/\/daltec.ch\/wp-content\/uploads\/2024\/10\/vt_2000_2500_2-1.webp\",\"width\":600,\"height\":600},{\"@type\":\"BreadcrumbList\",\"@id\":\"https:\/\/daltec.ch\/product\/vt-2700#breadcrumb\",\"itemListElement\":[{\"@type\":\"ListItem\",\"position\":1,\"name\":\"Startseite\",\"item\":\"https:\/\/daltec.ch\/\"},{\"@type\":\"ListItem\",\"position\":2,\"name\":\"anhaenger\",\"item\":\"https:\/\/daltec.ch\/anhaenger\"},{\"@type\":\"ListItem\",\"position\":3,\"name\":\"Daltec VT 2700, 3050x1700x1900 mm, 2700 kg\"}]},{\"@type\":\"WebSite\",\"@id\":\"https:\/\/daltec.ch\/fr\/#website\",\"url\":\"https:\/\/daltec.ch\/fr\/\",\"name\":\"Daltec Trailers\",\"description\":\"\",\"publisher\":{\"@id\":\"https:\/\/daltec.ch\/fr\/#organization\"},\"potentialAction\":[{\"@type\":\"SearchAction\",\"target\":{\"@type\":\"EntryPoint\",\"urlTemplate\":\"https:\/\/daltec.ch\/fr\/?s={search_term_string}\"},\"query-input\":{\"@type\":\"PropertyValueSpecification\",\"valueRequired\":true,\"valueName\":\"search_term_string\"}}],\"inLanguage\":\"fr-FR\"},{\"@type\":\"Organization\",\"@id\":\"https:\/\/daltec.ch\/fr\/#organization\",\"name\":\"Daltec AG\",\"url\":\"https:\/\/daltec.ch\/fr\/\",\"logo\":{\"@type\":\"ImageObject\",\"inLanguage\":\"fr-FR\",\"@id\":\"https:\/\/daltec.ch\/fr\/#\/schema\/logo\/image\/\",\"url\":\"https:\/\/daltec.ch\/wp-content\/uploads\/2025\/08\/dlteclogo.webp\",\"contentUrl\":\"https:\/\/daltec.ch\/wp-content\/uploads\/2025\/08\/dlteclogo.webp\",\"width\":500,\"height\":195,\"caption\":\"Daltec AG\"},\"image\":{\"@id\":\"https:\/\/daltec.ch\/fr\/#\/schema\/logo\/image\/\"},\"sameAs\":[\"https:\/\/www.facebook.com\/DaltecAG\"]}]}<\/script>\n<!-- \/ Yoast SEO plugin. -->","yoast_head_json":{"title":"Daltec VT 2700, 3050x1700x1900 mm, 2700 kg - Daltec","robots":{"index":"index","follow":"follow","max-snippet":"max-snippet:-1","max-image-preview":"max-image-preview:large","max-video-preview":"max-video-preview:-1"},"canonical":"https:\/\/daltec.ch\/fr\/product\/vt-2700\/","og_locale":"fr_FR","og_type":"article","og_title":"Daltec VT 2700, 3050x1700x1900 mm, 2700 kg - Daltec","og_description":"Preis: Siehe Preisliste auf Startseite Sehr beliebt ! Technische Daten    L\u00e4nge 3050 mm   Breite 1700 mm   H\u00f6he 1900 mm   Achsen 2   Gesamtgewicht 2700 kg   Nutzlast 1810 kg   R\u00e4der 185 R 14 C    Optionen    Servicet\u00fcre 700 x 1200 mm 400 CHF   Zusatzventilation in Aluprofilen St\u00fcck 120 CHF   Werbebeschriftung - Aussendekoration Preis auf Anfrage \u00a0 \u00a0 0 CHF   Trennwand innen verstellbar 1250 CHF   Dach aus Alu - Blech \u00a0 710 CHF   Seitengel\u00e4nder Nachr\u00fcstsatz 1040 CHF","og_url":"https:\/\/daltec.ch\/fr\/product\/vt-2700\/","og_site_name":"Daltec","article_publisher":"https:\/\/www.facebook.com\/DaltecAG","article_modified_time":"2025-06-18T17:09:05+00:00","og_image":[{"width":600,"height":600,"url":"https:\/\/daltec.ch\/wp-content\/uploads\/2024\/10\/vt_2000_2500_2-1.webp","type":"image\/webp"}],"twitter_card":"summary_large_image","twitter_misc":{"Dur\u00e9e de lecture estim\u00e9e":"1 minute"},"schema":{"@context":"https:\/\/schema.org","@graph":[{"@type":"WebPage","@id":"https:\/\/daltec.ch\/product\/vt-2700","url":"https:\/\/daltec.ch\/product\/vt-2700","name":"Daltec VT 2700, 3050x1700x1900 mm, 2700 kg - Daltec","isPartOf":{"@id":"https:\/\/daltec.ch\/fr\/#website"},"primaryImageOfPage":{"@id":"https:\/\/daltec.ch\/product\/vt-2700#primaryimage"},"image":{"@id":"https:\/\/daltec.ch\/product\/vt-2700#primaryimage"},"thumbnailUrl":"https:\/\/daltec.ch\/wp-content\/uploads\/2024\/10\/vt_2000_2500_2-1.webp","datePublished":"2024-10-27T09:11:50+00:00","dateModified":"2025-06-18T17:09:05+00:00","breadcrumb":{"@id":"https:\/\/daltec.ch\/product\/vt-2700#breadcrumb"},"inLanguage":"fr-FR","potentialAction":[{"@type":"ReadAction","target":["https:\/\/daltec.ch\/product\/vt-2700"]}]},{"@type":"ImageObject","inLanguage":"fr-FR","@id":"https:\/\/daltec.ch\/product\/vt-2700#primaryimage","url":"https:\/\/daltec.ch\/wp-content\/uploads\/2024\/10\/vt_2000_2500_2-1.webp","contentUrl":"https:\/\/daltec.ch\/wp-content\/uploads\/2024\/10\/vt_2000_2500_2-1.webp","width":600,"height":600},{"@type":"BreadcrumbList","@id":"https:\/\/daltec.ch\/product\/vt-2700#breadcrumb","itemListElement":[{"@type":"ListItem","position":1,"name":"Startseite","item":"https:\/\/daltec.ch\/"},{"@type":"ListItem","position":2,"name":"anhaenger","item":"https:\/\/daltec.ch\/anhaenger"},{"@type":"ListItem","position":3,"name":"Daltec VT 2700, 3050x1700x1900 mm, 2700 kg"}]},{"@type":"WebSite","@id":"https:\/\/daltec.ch\/fr\/#website","url":"https:\/\/daltec.ch\/fr\/","name":"Daltec Trailers","description":"","publisher":{"@id":"https:\/\/daltec.ch\/fr\/#organization"},"potentialAction":[{"@type":"SearchAction","target":{"@type":"EntryPoint","urlTemplate":"https:\/\/daltec.ch\/fr\/?s={search_term_string}"},"query-input":{"@type":"PropertyValueSpecification","valueRequired":true,"valueName":"search_term_string"}}],"inLanguage":"fr-FR"},{"@type":"Organization","@id":"https:\/\/daltec.ch\/fr\/#organization","name":"Daltec AG","url":"https:\/\/daltec.ch\/fr\/","logo":{"@type":"ImageObject","inLanguage":"fr-FR","@id":"https:\/\/daltec.ch\/fr\/#\/schema\/logo\/image\/","url":"https:\/\/daltec.ch\/wp-content\/uploads\/2025\/08\/dlteclogo.webp","contentUrl":"https:\/\/daltec.ch\/wp-content\/uploads\/2025\/08\/dlteclogo.webp","width":500,"height":195,"caption":"Daltec AG"},"image":{"@id":"https:\/\/daltec.ch\/fr\/#\/schema\/logo\/image\/"},"sameAs":["https:\/\/www.facebook.com\/DaltecAG"]}]}},"_links":{"self":[{"href":"https:\/\/daltec.ch\/fr\/wp-json\/wp\/v2\/product\/1911","targetHints":{"allow":["GET"]}}],"collection":[{"href":"https:\/\/daltec.ch\/fr\/wp-json\/wp\/v2\/product"}],"about":[{"href":"https:\/\/daltec.ch\/fr\/wp-json\/wp\/v2\/types\/product"}],"replies":[{"embeddable":true,"href":"https:\/\/daltec.ch\/fr\/wp-json\/wp\/v2\/comments?post=1911"}],"wp:featuredmedia":[{"embeddable":true,"href":"https:\/\/daltec.ch\/fr\/wp-json\/wp\/v2\/media\/2940"}],"wp:attachment":[{"href":"https:\/\/daltec.ch\/fr\/wp-json\/wp\/v2\/media?parent=1911"}],"wp:term":[{"taxonomy":"product_brand","embeddable":true,"href":"https:\/\/daltec.ch\/fr\/wp-json\/wp\/v2\/product_brand?post=1911"},{"taxonomy":"product_cat","embeddable":true,"href":"https:\/\/daltec.ch\/fr\/wp-json\/wp\/v2\/product_cat?post=1911"},{"taxonomy":"product_tag","embeddable":true,"href":"https:\/\/daltec.ch\/fr\/wp-json\/wp\/v2\/product_tag?post=1911"}],"curies":[{"name":"wp","href":"https:\/\/api.w.org\/{rel}","templated":true}]}}