{"id":1971,"date":"2024-11-27T16:27:17","date_gmt":"2024-11-27T16:27:17","guid":{"rendered":"https:\/\/daltec.ch\/?post_type=product&#038;p=1971"},"modified":"2025-06-17T15:34:40","modified_gmt":"2025-06-17T15:34:40","slug":"madeira-full","status":"publish","type":"product","link":"https:\/\/daltec.ch\/fr\/product\/madeira-full","title":{"rendered":"Daltec Madeira Full, 2500x2000x2300 mm, 1300 Kg"},"content":{"rendered":"<p><strong><em>Prix: voir liste de prix sur page d'accueil<\/em><\/strong><\/p>\n<p>Remorque commerciale \u00e0 un essieu avec deux fen\u00eatres de vente. La remorque est \u00e9quip\u00e9e d'un comptoir de vente avec \u00e9tag\u00e8re pour les clients, d'armoires suspendues au-dessus de l'ouverture de vente, d'\u00e9tag\u00e8res sous le comptoir et d'une installation \u00e9lectrique de 230V. Elle peut en outre \u00eatre \u00e9quip\u00e9e d'une armoire avec \u00e9vier, d'une installation d'eau 12V, d'une armoire \u00e0 gaz avec porte et d'une installation \u00e9lectrique moderne en technologie LED.<br \/>\nLes remorques commerciales TOMPLAN sont fabriqu\u00e9es \u00e0 partir d'une technologie de carrelage moderne de type \"sandwich\". Les coques ext\u00e9rieure et int\u00e9rieure de la paroi, d'une \u00e9paisseur d'environ 30 mm, sont en polyester stratifi\u00e9 et l'isolation thermique en XPS-Styrodur. Une telle isolation pr\u00e9sente un avantage consid\u00e9rable par rapport au polystyr\u00e8ne expans\u00e9 ordinaire gr\u00e2ce \u00e0 une bien meilleure isolation thermique, une plus grande rigidit\u00e9 et r\u00e9sistance m\u00e9canique ainsi qu'une r\u00e9sistance \u00e0 l'humidit\u00e9 et \u00e0 la diffusion de vapeur d'eau.<br \/>\nLes coins arrondis des remorques garantissent une excellente \u00e9tanch\u00e9it\u00e9 (pas de joints) et permettent un tr\u00e8s bon \u00e9coulement de l'eau du toit.<\/p>\n<h4>Equipement:<\/h4>\n<p>Construction en panneaux sandwichs Coque ext\u00e9rieure et int\u00e9rieure en stratifi\u00e9 de polyester Isolation thermique en XPS-Styrodur Nombre de fen\u00eatres de vente : 2 Roue d'appui avec pince B\u00e9quilles d'angle r\u00e9glables 4 pcs. Manivelle pour b\u00e9quilles Marche d'acc\u00e8s au timon \u00c9quipement standard : comptoir de vente, \u00e9tag\u00e8res suspendues au-dessus de l'ouverture de vente, \u00e9tag\u00e8re sous le comptoir, \u00e9tag\u00e8re ouverte pour le client Installation 230 V (double prise herm\u00e9tique, \u00e9clairage int\u00e9rieur) Les remorques commerciales TOMPLAN sont fabriqu\u00e9es avec la technologie moderne des briques sandwich. La coque ext\u00e9rieure et int\u00e9rieure de la paroi d'environ 30 mm d'\u00e9paisseur est constitu\u00e9e d'un stratifi\u00e9 polyester, tandis que l'isolation thermique est en XPS-Styrodur. Cette isolation offre un avantage consid\u00e9rable par rapport au polystyr\u00e8ne ordinaire en raison de sa bien meilleure isolation thermique, de sa rigidit\u00e9 et de sa r\u00e9sistance m\u00e9canique sup\u00e9rieures, ainsi que de sa r\u00e9sistance \u00e0 l'humidit\u00e9 et \u00e0 la diffusion de vapeur d'eau. Les coins arrondis des pendentifs assurent une excellente \u00e9tanch\u00e9it\u00e9 \u00e0 l'eau (pas de joints) et permettent un tr\u00e8s bon \u00e9coulement de l'eau du toit.<\/p>","protected":false},"excerpt":{"rendered":"<h5>Prix: voir liste de prix sur page d'accueil<\/h5>\n<h4>Sp\u00e9cifications<\/h4>\n<table class=\"table\">\n<tbody>\n<tr>\n<th>Longueur int\u00e9rieure<\/th>\n<td>2500 <small>mm<\/small><\/td>\n<\/tr>\n<tr>\n<th>Largeur int\u00e9rieure<\/th>\n<td>2000 <small>mm<\/small><\/td>\n<\/tr>\n<tr>\n<th>Hauteur int\u00e9rieure<\/th>\n<td>2300 <small>mm<\/small><\/td>\n<\/tr>\n<tr>\n<th>Essieux<\/th>\n<td>1<small><\/small><\/td>\n<\/tr>\n<tr>\n<th>Poids total<\/th>\n<td>1300 <small>kg<\/small><\/td>\n<\/tr>\n<tr>\n<th>Charge utile<\/th>\n<td>655 <small>kg<\/small><\/td>\n<\/tr>\n<tr>\n<th>Roues<\/th>\n<td>165 R13C<\/td>\n<\/tr>\n<\/tbody>\n<\/table>","protected":false},"featured_media":817,"comment_status":"open","ping_status":"closed","template":"","meta":{"_acf_changed":false},"product_brand":[],"product_cat":[31],"product_tag":[],"class_list":{"0":"post-1971","1":"product","2":"type-product","3":"status-publish","4":"has-post-thumbnail","6":"product_cat-verkaufsfanhaenger","8":"first","9":"instock","10":"featured","11":"shipping-taxable","12":"purchasable","13":"product-type-simple"},"acf":[],"yoast_head":"<!-- This site is optimized with the Yoast SEO plugin v27.4 - https:\/\/yoast.com\/product\/yoast-seo-wordpress\/ -->\n<title>Daltec Madeira Full, 2500x2000x2300 mm, 1300 Kg - Daltec<\/title>\n<meta name=\"robots\" content=\"index, follow, max-snippet:-1, max-image-preview:large, max-video-preview:-1\" \/>\n<link rel=\"canonical\" href=\"https:\/\/daltec.ch\/fr\/product\/madeira-full\/\" \/>\n<meta property=\"og:locale\" content=\"fr_FR\" \/>\n<meta property=\"og:type\" content=\"article\" \/>\n<meta property=\"og:title\" content=\"Daltec Madeira Full, 2500x2000x2300 mm, 1300 Kg - Daltec\" \/>\n<meta property=\"og:description\" content=\"Preis: Siehe Preisliste auf Startseite Technische Daten    L\u00e4nge 2500 mm   Breite 2000 mm   H\u00f6he 2300 mm   Achsen 1   Gesamtgewicht 1300 kg   Nutzlast 655 kg   R\u00e4der 165 R13C\" \/>\n<meta property=\"og:url\" content=\"https:\/\/daltec.ch\/fr\/product\/madeira-full\/\" \/>\n<meta property=\"og:site_name\" content=\"Daltec\" \/>\n<meta property=\"article:publisher\" content=\"https:\/\/www.facebook.com\/DaltecAG\" \/>\n<meta property=\"article:modified_time\" content=\"2025-06-17T15:34:40+00:00\" \/>\n<meta property=\"og:image\" content=\"https:\/\/daltec.ch\/wp-content\/uploads\/2024\/05\/iceland-2_9_1548078590.webp\" \/>\n\t<meta property=\"og:image:width\" content=\"800\" \/>\n\t<meta property=\"og:image:height\" content=\"580\" \/>\n\t<meta property=\"og:image:type\" content=\"image\/webp\" \/>\n<meta name=\"twitter:card\" content=\"summary_large_image\" \/>\n<meta name=\"twitter:label1\" content=\"Dur\u00e9e de lecture estim\u00e9e\" \/>\n\t<meta name=\"twitter:data1\" content=\"1 minute\" \/>\n<script type=\"application\/ld+json\" class=\"yoast-schema-graph\">{\"@context\":\"https:\\\/\\\/schema.org\",\"@graph\":[{\"@type\":\"WebPage\",\"@id\":\"https:\\\/\\\/daltec.ch\\\/product\\\/madeira-full\",\"url\":\"https:\\\/\\\/daltec.ch\\\/product\\\/madeira-full\",\"name\":\"Daltec Madeira Full, 2500x2000x2300 mm, 1300 Kg - Daltec\",\"isPartOf\":{\"@id\":\"https:\\\/\\\/daltec.ch\\\/fr\\\/#website\"},\"primaryImageOfPage\":{\"@id\":\"https:\\\/\\\/daltec.ch\\\/product\\\/madeira-full#primaryimage\"},\"image\":{\"@id\":\"https:\\\/\\\/daltec.ch\\\/product\\\/madeira-full#primaryimage\"},\"thumbnailUrl\":\"https:\\\/\\\/daltec.ch\\\/wp-content\\\/uploads\\\/2024\\\/05\\\/iceland-2_9_1548078590.webp\",\"datePublished\":\"2024-11-27T16:27:17+00:00\",\"dateModified\":\"2025-06-17T15:34:40+00:00\",\"breadcrumb\":{\"@id\":\"https:\\\/\\\/daltec.ch\\\/product\\\/madeira-full#breadcrumb\"},\"inLanguage\":\"fr-FR\",\"potentialAction\":[{\"@type\":\"ReadAction\",\"target\":[\"https:\\\/\\\/daltec.ch\\\/product\\\/madeira-full\"]}]},{\"@type\":\"ImageObject\",\"inLanguage\":\"fr-FR\",\"@id\":\"https:\\\/\\\/daltec.ch\\\/product\\\/madeira-full#primaryimage\",\"url\":\"https:\\\/\\\/daltec.ch\\\/wp-content\\\/uploads\\\/2024\\\/05\\\/iceland-2_9_1548078590.webp\",\"contentUrl\":\"https:\\\/\\\/daltec.ch\\\/wp-content\\\/uploads\\\/2024\\\/05\\\/iceland-2_9_1548078590.webp\",\"width\":800,\"height\":580},{\"@type\":\"BreadcrumbList\",\"@id\":\"https:\\\/\\\/daltec.ch\\\/product\\\/madeira-full#breadcrumb\",\"itemListElement\":[{\"@type\":\"ListItem\",\"position\":1,\"name\":\"Startseite\",\"item\":\"https:\\\/\\\/daltec.ch\\\/\"},{\"@type\":\"ListItem\",\"position\":2,\"name\":\"anhaenger\",\"item\":\"https:\\\/\\\/daltec.ch\\\/anhaenger\"},{\"@type\":\"ListItem\",\"position\":3,\"name\":\"Daltec Madeira Full, 2500x2000x2300 mm, 1300 Kg\"}]},{\"@type\":\"WebSite\",\"@id\":\"https:\\\/\\\/daltec.ch\\\/fr\\\/#website\",\"url\":\"https:\\\/\\\/daltec.ch\\\/fr\\\/\",\"name\":\"Daltec Trailers\",\"description\":\"\",\"publisher\":{\"@id\":\"https:\\\/\\\/daltec.ch\\\/fr\\\/#organization\"},\"potentialAction\":[{\"@type\":\"SearchAction\",\"target\":{\"@type\":\"EntryPoint\",\"urlTemplate\":\"https:\\\/\\\/daltec.ch\\\/fr\\\/?s={search_term_string}\"},\"query-input\":{\"@type\":\"PropertyValueSpecification\",\"valueRequired\":true,\"valueName\":\"search_term_string\"}}],\"inLanguage\":\"fr-FR\"},{\"@type\":\"Organization\",\"@id\":\"https:\\\/\\\/daltec.ch\\\/fr\\\/#organization\",\"name\":\"Daltec AG\",\"url\":\"https:\\\/\\\/daltec.ch\\\/fr\\\/\",\"logo\":{\"@type\":\"ImageObject\",\"inLanguage\":\"fr-FR\",\"@id\":\"https:\\\/\\\/daltec.ch\\\/fr\\\/#\\\/schema\\\/logo\\\/image\\\/\",\"url\":\"https:\\\/\\\/daltec.ch\\\/wp-content\\\/uploads\\\/2025\\\/08\\\/dlteclogo.webp\",\"contentUrl\":\"https:\\\/\\\/daltec.ch\\\/wp-content\\\/uploads\\\/2025\\\/08\\\/dlteclogo.webp\",\"width\":500,\"height\":195,\"caption\":\"Daltec AG\"},\"image\":{\"@id\":\"https:\\\/\\\/daltec.ch\\\/fr\\\/#\\\/schema\\\/logo\\\/image\\\/\"},\"sameAs\":[\"https:\\\/\\\/www.facebook.com\\\/DaltecAG\"]}]}<\/script>\n<!-- \/ Yoast SEO plugin. -->","yoast_head_json":{"title":"Daltec Madeira Full, 2500x2000x2300 mm, 1300 Kg - Daltec","robots":{"index":"index","follow":"follow","max-snippet":"max-snippet:-1","max-image-preview":"max-image-preview:large","max-video-preview":"max-video-preview:-1"},"canonical":"https:\/\/daltec.ch\/fr\/product\/madeira-full\/","og_locale":"fr_FR","og_type":"article","og_title":"Daltec Madeira Full, 2500x2000x2300 mm, 1300 Kg - Daltec","og_description":"Preis: Siehe Preisliste auf Startseite Technische Daten    L\u00e4nge 2500 mm   Breite 2000 mm   H\u00f6he 2300 mm   Achsen 1   Gesamtgewicht 1300 kg   Nutzlast 655 kg   R\u00e4der 165 R13C","og_url":"https:\/\/daltec.ch\/fr\/product\/madeira-full\/","og_site_name":"Daltec","article_publisher":"https:\/\/www.facebook.com\/DaltecAG","article_modified_time":"2025-06-17T15:34:40+00:00","og_image":[{"width":800,"height":580,"url":"https:\/\/daltec.ch\/wp-content\/uploads\/2024\/05\/iceland-2_9_1548078590.webp","type":"image\/webp"}],"twitter_card":"summary_large_image","twitter_misc":{"Dur\u00e9e de lecture estim\u00e9e":"1 minute"},"schema":{"@context":"https:\/\/schema.org","@graph":[{"@type":"WebPage","@id":"https:\/\/daltec.ch\/product\/madeira-full","url":"https:\/\/daltec.ch\/product\/madeira-full","name":"Daltec Madeira Full, 2500x2000x2300 mm, 1300 Kg - Daltec","isPartOf":{"@id":"https:\/\/daltec.ch\/fr\/#website"},"primaryImageOfPage":{"@id":"https:\/\/daltec.ch\/product\/madeira-full#primaryimage"},"image":{"@id":"https:\/\/daltec.ch\/product\/madeira-full#primaryimage"},"thumbnailUrl":"https:\/\/daltec.ch\/wp-content\/uploads\/2024\/05\/iceland-2_9_1548078590.webp","datePublished":"2024-11-27T16:27:17+00:00","dateModified":"2025-06-17T15:34:40+00:00","breadcrumb":{"@id":"https:\/\/daltec.ch\/product\/madeira-full#breadcrumb"},"inLanguage":"fr-FR","potentialAction":[{"@type":"ReadAction","target":["https:\/\/daltec.ch\/product\/madeira-full"]}]},{"@type":"ImageObject","inLanguage":"fr-FR","@id":"https:\/\/daltec.ch\/product\/madeira-full#primaryimage","url":"https:\/\/daltec.ch\/wp-content\/uploads\/2024\/05\/iceland-2_9_1548078590.webp","contentUrl":"https:\/\/daltec.ch\/wp-content\/uploads\/2024\/05\/iceland-2_9_1548078590.webp","width":800,"height":580},{"@type":"BreadcrumbList","@id":"https:\/\/daltec.ch\/product\/madeira-full#breadcrumb","itemListElement":[{"@type":"ListItem","position":1,"name":"Startseite","item":"https:\/\/daltec.ch\/"},{"@type":"ListItem","position":2,"name":"anhaenger","item":"https:\/\/daltec.ch\/anhaenger"},{"@type":"ListItem","position":3,"name":"Daltec Madeira Full, 2500x2000x2300 mm, 1300 Kg"}]},{"@type":"WebSite","@id":"https:\/\/daltec.ch\/fr\/#website","url":"https:\/\/daltec.ch\/fr\/","name":"Daltec Trailers","description":"","publisher":{"@id":"https:\/\/daltec.ch\/fr\/#organization"},"potentialAction":[{"@type":"SearchAction","target":{"@type":"EntryPoint","urlTemplate":"https:\/\/daltec.ch\/fr\/?s={search_term_string}"},"query-input":{"@type":"PropertyValueSpecification","valueRequired":true,"valueName":"search_term_string"}}],"inLanguage":"fr-FR"},{"@type":"Organization","@id":"https:\/\/daltec.ch\/fr\/#organization","name":"Daltec AG","url":"https:\/\/daltec.ch\/fr\/","logo":{"@type":"ImageObject","inLanguage":"fr-FR","@id":"https:\/\/daltec.ch\/fr\/#\/schema\/logo\/image\/","url":"https:\/\/daltec.ch\/wp-content\/uploads\/2025\/08\/dlteclogo.webp","contentUrl":"https:\/\/daltec.ch\/wp-content\/uploads\/2025\/08\/dlteclogo.webp","width":500,"height":195,"caption":"Daltec AG"},"image":{"@id":"https:\/\/daltec.ch\/fr\/#\/schema\/logo\/image\/"},"sameAs":["https:\/\/www.facebook.com\/DaltecAG"]}]}},"_links":{"self":[{"href":"https:\/\/daltec.ch\/fr\/wp-json\/wp\/v2\/product\/1971","targetHints":{"allow":["GET"]}}],"collection":[{"href":"https:\/\/daltec.ch\/fr\/wp-json\/wp\/v2\/product"}],"about":[{"href":"https:\/\/daltec.ch\/fr\/wp-json\/wp\/v2\/types\/product"}],"replies":[{"embeddable":true,"href":"https:\/\/daltec.ch\/fr\/wp-json\/wp\/v2\/comments?post=1971"}],"wp:featuredmedia":[{"embeddable":true,"href":"https:\/\/daltec.ch\/fr\/wp-json\/wp\/v2\/media\/817"}],"wp:attachment":[{"href":"https:\/\/daltec.ch\/fr\/wp-json\/wp\/v2\/media?parent=1971"}],"wp:term":[{"taxonomy":"product_brand","embeddable":true,"href":"https:\/\/daltec.ch\/fr\/wp-json\/wp\/v2\/product_brand?post=1971"},{"taxonomy":"product_cat","embeddable":true,"href":"https:\/\/daltec.ch\/fr\/wp-json\/wp\/v2\/product_cat?post=1971"},{"taxonomy":"product_tag","embeddable":true,"href":"https:\/\/daltec.ch\/fr\/wp-json\/wp\/v2\/product_tag?post=1971"}],"curies":[{"name":"wp","href":"https:\/\/api.w.org\/{rel}","templated":true}]}}