{"id":1976,"date":"2024-11-27T17:18:02","date_gmt":"2024-11-27T17:18:02","guid":{"rendered":"https:\/\/daltec.ch\/?post_type=product&#038;p=1976"},"modified":"2025-06-17T15:21:03","modified_gmt":"2025-06-17T15:21:03","slug":"austellung-twsp-420t-00-2","status":"publish","type":"product","link":"https:\/\/daltec.ch\/fr\/product\/austellung-twsp-420t-00-2","title":{"rendered":"Daltec Austellung TWSP 420T.00 (separate Treppe), 4200x2200x2170 mm, 2700 Kg"},"content":{"rendered":"<p><strong><em>Prix: voir liste de prix sur page d'accueil<\/em><\/strong><\/p>\n<p>La remorque d'exposition avec roues sous la plate-forme sandwich est une remorque frein\u00e9e \u00e0 deux essieux. Les parois et le toit de 30 mm d'\u00e9paisseur, remplis d'une excellente isolation XPS, forment un \"monolithe isotherme\" avec d'excellents param\u00e8tres d'isolation et sont utilis\u00e9s pour transporter diff\u00e9rents types de marchandises sensibles aux changements de temp\u00e9rature. Le rev\u00eatement int\u00e9rieur et ext\u00e9rieur du stratifi\u00e9 lisse offre une surface plane et uniforme qui convient parfaitement \u00e0 la pose de diff\u00e9rents types de publicit\u00e9 permanente.<br \/>\nLa forme arrondie du corps assure une meilleure \u00e9tanch\u00e9it\u00e9, car il n'y a pas de joints et l'eau peut s'\u00e9couler plus facilement du toit.<br \/>\nLe plancher est en contreplaqu\u00e9 imperm\u00e9able et antid\u00e9rapant et est \u00e9quip\u00e9 de poign\u00e9es de chargement sp\u00e9ciales, ce qui rend le chargement des palettes facile et s\u00fbr.<br \/>\nLa remorque est \u00e9quip\u00e9e d'une trappe lat\u00e9rale et peut \u00eatre \u00e9quip\u00e9e ult\u00e9rieurement d'une porte arri\u00e8re viss\u00e9e, d'une porte lat\u00e9rale ou d'une autre trappe lat\u00e9rale.<br \/>\nPorte de service, une paroi qui peut \u00eatre relev\u00e9e et qui est munie d'un large escalier de trois marches, s\u00e9curis\u00e9 par deux barri\u00e8res.<br \/>\nAlimentation \u00e9lectrique, petit tableau \u00e9lectrique avec disjoncteurs ainsi que 4 prises de courant 240 V (type Euro).<\/p>\n<h4>Equipement:<\/h4>\n<p>La remorque d'exposition avec roues sous la plate-forme sandwich est une remorque frein\u00e9e \u00e0 deux essieux. Les parois et le toit de 30 mm d'\u00e9paisseur, remplis d'une excellente isolation XPS, forment ce que l'on appelle un \"monolithe isotherme\" avec d'excellents param\u00e8tres d'isolation et sont utilis\u00e9s pour le transport de diff\u00e9rents types de marchandises sensibles aux variations de temp\u00e9rature. L'enveloppe int\u00e9rieure et ext\u00e9rieure en stratifi\u00e9 lisse offre une surface plane uniforme qui convient parfaitement \u00e0 la pose de diff\u00e9rents types de publicit\u00e9 permanente. La forme arrondie du corps assure une meilleure \u00e9tanch\u00e9it\u00e9 en \u00e9vitant les joints et en permettant \u00e0 l'eau de s'\u00e9couler plus facilement du toit. Le plancher est en contreplaqu\u00e9 imperm\u00e9able et antid\u00e9rapant et est \u00e9quip\u00e9 de pinces de charge sp\u00e9ciales qui rendent le chargement de palettes facile et s\u00fbr. La remorque est dot\u00e9e d'une trappe lat\u00e9rale et peut \u00eatre \u00e9quip\u00e9e ult\u00e9rieurement d'une porte arri\u00e8re viss\u00e9e, d'une porte lat\u00e9rale ou d'une autre trappe lat\u00e9rale.<\/p>","protected":false},"excerpt":{"rendered":"<h5>Prix: voir liste de prix sur page d'accueil<\/h5>\n<p>Anh\u00e4nger mit einer Fl\u00e4che von 9m\u00b2, um Ihre Produkte zu pr\u00e4sentieren.<\/p>\n<h4>Donn\u00e9es techniques:<\/h4>\n<table class=\"table\">\n<tbody>\n<tr>\n<th>Longueur int\u00e9rieure<\/th>\n<td>4200 <small>mm<\/small><\/td>\n<\/tr>\n<tr>\n<th>Largeur int\u00e9rieure<\/th>\n<td>2200 <small>mm<\/small><\/td>\n<\/tr>\n<tr>\n<th>Hauteur int\u00e9rieure<\/th>\n<td>2170 <small>mm<\/small><\/td>\n<\/tr>\n<tr>\n<th>Essieux<\/th>\n<td>2<\/td>\n<\/tr>\n<tr>\n<th>Poids total<\/th>\n<td>2700 Kg<\/td>\n<\/tr>\n<tr>\n<th>Charge utile<\/th>\n<td>1753 Kg<\/td>\n<\/tr>\n<tr>\n<th>Roues<\/th>\n<td>195\/50 R 13 C<small><\/small><\/td>\n<\/tr>\n<\/tbody>\n<\/table>\n<h4>Options :<\/h4>\n<table class=\"table\">\n<tbody>\n<tr>\n<th>Seiten-\/hinter-\/vordert\u00fcr mit seitlichen St\u00fctzrad<\/th>\n<td>600 CHF<\/td>\n<\/tr>\n<tr>\n<th>Elektroinstallation 230V<\/th>\n<td>400 CHF<\/td>\n<\/tr>\n<tr>\n<th>Ersatzrad 195\/50 R13 C<\/th>\n<td>200 CHF<\/td>\n<\/tr>\n<tr>\n<th>Ersatzrad 155\/70 R12 C<\/th>\n<td>210 CHF<\/td>\n<\/tr>\n<tr>\n<th>Ersatzrad-Halterung<\/th>\n<td>150 CHF<\/td>\n<\/tr>\n<tr>\n<th>Radabdeckungen 4 Stk<\/th>\n<td>\u00a0 40 CHF<\/td>\n<\/tr>\n<tr>\n<th>Stossd\u00e4mpfer f\u00fcr Achse<\/th>\n<td>100 CHF<small><\/small><\/td>\n<\/tr>\n<\/tbody>\n<\/table>\n<table class=\"table\">\n<tbody>\n<tr>\n<th>Anh\u00e4ngevorrichtung mit Stabilisator Knott<\/th>\n<td>500 CHF<\/td>\n<\/tr>\n<tr>\n<th>Ladungshalterung im Boden (Pos. 1-12: 8 Stk)<\/th>\n<td>130 CHF<\/td>\n<\/tr>\n<\/tbody>\n<\/table>\n<table class=\"table\">\n<tbody>\n<tr>\n<th>Ladungshalterung im Boden(Pos. 13-20: 10 Stk)<\/th>\n<td>160 CHF<\/td>\n<\/tr>\n<\/tbody>\n<\/table>","protected":false},"featured_media":1541,"comment_status":"open","ping_status":"closed","template":"","meta":{"_acf_changed":false},"product_brand":[],"product_cat":[33],"product_tag":[],"class_list":{"0":"post-1976","1":"product","2":"type-product","3":"status-publish","4":"has-post-thumbnail","6":"product_cat-eventanhaenger","8":"first","9":"instock","10":"featured","11":"shipping-taxable","12":"purchasable","13":"product-type-simple"},"acf":[],"yoast_head":"<!-- This site is optimized with the Yoast SEO plugin v27.2 - https:\/\/yoast.com\/product\/yoast-seo-wordpress\/ -->\n<title>Daltec Austellung TWSP 420T.00 (separate Treppe), 4200x2200x2170 mm, 2700 Kg - Daltec<\/title>\n<meta name=\"robots\" content=\"index, follow, max-snippet:-1, max-image-preview:large, max-video-preview:-1\" \/>\n<link rel=\"canonical\" href=\"https:\/\/daltec.ch\/fr\/product\/austellung-twsp-420t-00-2\/\" \/>\n<meta property=\"og:locale\" content=\"fr_FR\" \/>\n<meta property=\"og:type\" content=\"article\" \/>\n<meta property=\"og:title\" content=\"Daltec Austellung TWSP 420T.00 (separate Treppe), 4200x2200x2170 mm, 2700 Kg - Daltec\" \/>\n<meta property=\"og:description\" content=\"Preis: Siehe Preisliste auf Startseite Anh\u00e4nger mit einer Fl\u00e4che von 9m\u00b2, um Ihre Produkte zu pr\u00e4sentieren. Technische Daten:    L\u00e4nge 4200 mm   Breite 2200 mm   H\u00f6he 2170 mm   Achsen 2   Gesamtgewicht 2700 Kg   Nutzlast 1753 Kg   R\u00e4der 195\/50 R 13 C    Optionen:    Seiten-\/hinter-\/vordert\u00fcr mit seitlichen St\u00fctzrad 600 CHF   Elektroinstallation 230V 400 CHF   Ersatzrad 195\/50 R13 C 200 CHF   Ersatzrad 155\/70 R12 C 210 CHF   Ersatzrad-Halterung 150 CHF   Radabdeckungen 4 Stk \u00a0 40 CHF   Stossd\u00e4mpfer f\u00fcr Achse 100 CHF       Anh\u00e4ngevorrichtung mit Stabilisator Knott 500 CHF   Ladungshalterung im Boden (Pos. 1-12: 8 Stk) 130 CHF       Ladungshalterung im Boden(Pos. 13-20: 10 Stk) 160 CHF\" \/>\n<meta property=\"og:url\" content=\"https:\/\/daltec.ch\/fr\/product\/austellung-twsp-420t-00-2\/\" \/>\n<meta property=\"og:site_name\" content=\"Daltec\" \/>\n<meta property=\"article:publisher\" content=\"https:\/\/www.facebook.com\/DaltecAG\" \/>\n<meta property=\"article:modified_time\" content=\"2025-06-17T15:21:03+00:00\" \/>\n<meta property=\"og:image\" content=\"https:\/\/daltec.ch\/wp-content\/uploads\/2024\/06\/TWSP-decoupe.jpg\" \/>\n\t<meta property=\"og:image:width\" content=\"1000\" \/>\n\t<meta property=\"og:image:height\" content=\"1000\" \/>\n\t<meta property=\"og:image:type\" content=\"image\/jpeg\" \/>\n<meta name=\"twitter:card\" content=\"summary_large_image\" \/>\n<meta name=\"twitter:label1\" content=\"Dur\u00e9e de lecture estim\u00e9e\" \/>\n\t<meta name=\"twitter:data1\" content=\"2 minutes\" \/>\n<script type=\"application\/ld+json\" class=\"yoast-schema-graph\">{\"@context\":\"https:\/\/schema.org\",\"@graph\":[{\"@type\":\"WebPage\",\"@id\":\"https:\/\/daltec.ch\/product\/austellung-twsp-420t-00-2\",\"url\":\"https:\/\/daltec.ch\/product\/austellung-twsp-420t-00-2\",\"name\":\"Daltec Austellung TWSP 420T.00 (separate Treppe), 4200x2200x2170 mm, 2700 Kg - Daltec\",\"isPartOf\":{\"@id\":\"https:\/\/daltec.ch\/fr\/#website\"},\"primaryImageOfPage\":{\"@id\":\"https:\/\/daltec.ch\/product\/austellung-twsp-420t-00-2#primaryimage\"},\"image\":{\"@id\":\"https:\/\/daltec.ch\/product\/austellung-twsp-420t-00-2#primaryimage\"},\"thumbnailUrl\":\"https:\/\/daltec.ch\/wp-content\/uploads\/2024\/06\/TWSP-decoupe.jpg\",\"datePublished\":\"2024-11-27T17:18:02+00:00\",\"dateModified\":\"2025-06-17T15:21:03+00:00\",\"breadcrumb\":{\"@id\":\"https:\/\/daltec.ch\/product\/austellung-twsp-420t-00-2#breadcrumb\"},\"inLanguage\":\"fr-FR\",\"potentialAction\":[{\"@type\":\"ReadAction\",\"target\":[\"https:\/\/daltec.ch\/product\/austellung-twsp-420t-00-2\"]}]},{\"@type\":\"ImageObject\",\"inLanguage\":\"fr-FR\",\"@id\":\"https:\/\/daltec.ch\/product\/austellung-twsp-420t-00-2#primaryimage\",\"url\":\"https:\/\/daltec.ch\/wp-content\/uploads\/2024\/06\/TWSP-decoupe.jpg\",\"contentUrl\":\"https:\/\/daltec.ch\/wp-content\/uploads\/2024\/06\/TWSP-decoupe.jpg\",\"width\":1000,\"height\":1000},{\"@type\":\"BreadcrumbList\",\"@id\":\"https:\/\/daltec.ch\/product\/austellung-twsp-420t-00-2#breadcrumb\",\"itemListElement\":[{\"@type\":\"ListItem\",\"position\":1,\"name\":\"Startseite\",\"item\":\"https:\/\/daltec.ch\/\"},{\"@type\":\"ListItem\",\"position\":2,\"name\":\"anhaenger\",\"item\":\"https:\/\/daltec.ch\/anhaenger\"},{\"@type\":\"ListItem\",\"position\":3,\"name\":\"Daltec Austellung TWSP 420T.00 (separate Treppe), 4200x2200x2170 mm, 2700 Kg\"}]},{\"@type\":\"WebSite\",\"@id\":\"https:\/\/daltec.ch\/fr\/#website\",\"url\":\"https:\/\/daltec.ch\/fr\/\",\"name\":\"Daltec Trailers\",\"description\":\"\",\"publisher\":{\"@id\":\"https:\/\/daltec.ch\/fr\/#organization\"},\"potentialAction\":[{\"@type\":\"SearchAction\",\"target\":{\"@type\":\"EntryPoint\",\"urlTemplate\":\"https:\/\/daltec.ch\/fr\/?s={search_term_string}\"},\"query-input\":{\"@type\":\"PropertyValueSpecification\",\"valueRequired\":true,\"valueName\":\"search_term_string\"}}],\"inLanguage\":\"fr-FR\"},{\"@type\":\"Organization\",\"@id\":\"https:\/\/daltec.ch\/fr\/#organization\",\"name\":\"Daltec AG\",\"url\":\"https:\/\/daltec.ch\/fr\/\",\"logo\":{\"@type\":\"ImageObject\",\"inLanguage\":\"fr-FR\",\"@id\":\"https:\/\/daltec.ch\/fr\/#\/schema\/logo\/image\/\",\"url\":\"https:\/\/daltec.ch\/wp-content\/uploads\/2025\/08\/dlteclogo.webp\",\"contentUrl\":\"https:\/\/daltec.ch\/wp-content\/uploads\/2025\/08\/dlteclogo.webp\",\"width\":500,\"height\":195,\"caption\":\"Daltec AG\"},\"image\":{\"@id\":\"https:\/\/daltec.ch\/fr\/#\/schema\/logo\/image\/\"},\"sameAs\":[\"https:\/\/www.facebook.com\/DaltecAG\"]}]}<\/script>\n<!-- \/ Yoast SEO plugin. -->","yoast_head_json":{"title":"Daltec Austellung TWSP 420T.00 (separate Treppe), 4200x2200x2170 mm, 2700 Kg - Daltec","robots":{"index":"index","follow":"follow","max-snippet":"max-snippet:-1","max-image-preview":"max-image-preview:large","max-video-preview":"max-video-preview:-1"},"canonical":"https:\/\/daltec.ch\/fr\/product\/austellung-twsp-420t-00-2\/","og_locale":"fr_FR","og_type":"article","og_title":"Daltec Austellung TWSP 420T.00 (separate Treppe), 4200x2200x2170 mm, 2700 Kg - Daltec","og_description":"Preis: Siehe Preisliste auf Startseite Anh\u00e4nger mit einer Fl\u00e4che von 9m\u00b2, um Ihre Produkte zu pr\u00e4sentieren. Technische Daten:    L\u00e4nge 4200 mm   Breite 2200 mm   H\u00f6he 2170 mm   Achsen 2   Gesamtgewicht 2700 Kg   Nutzlast 1753 Kg   R\u00e4der 195\/50 R 13 C    Optionen:    Seiten-\/hinter-\/vordert\u00fcr mit seitlichen St\u00fctzrad 600 CHF   Elektroinstallation 230V 400 CHF   Ersatzrad 195\/50 R13 C 200 CHF   Ersatzrad 155\/70 R12 C 210 CHF   Ersatzrad-Halterung 150 CHF   Radabdeckungen 4 Stk \u00a0 40 CHF   Stossd\u00e4mpfer f\u00fcr Achse 100 CHF       Anh\u00e4ngevorrichtung mit Stabilisator Knott 500 CHF   Ladungshalterung im Boden (Pos. 1-12: 8 Stk) 130 CHF       Ladungshalterung im Boden(Pos. 13-20: 10 Stk) 160 CHF","og_url":"https:\/\/daltec.ch\/fr\/product\/austellung-twsp-420t-00-2\/","og_site_name":"Daltec","article_publisher":"https:\/\/www.facebook.com\/DaltecAG","article_modified_time":"2025-06-17T15:21:03+00:00","og_image":[{"width":1000,"height":1000,"url":"https:\/\/daltec.ch\/wp-content\/uploads\/2024\/06\/TWSP-decoupe.jpg","type":"image\/jpeg"}],"twitter_card":"summary_large_image","twitter_misc":{"Dur\u00e9e de lecture estim\u00e9e":"2 minutes"},"schema":{"@context":"https:\/\/schema.org","@graph":[{"@type":"WebPage","@id":"https:\/\/daltec.ch\/product\/austellung-twsp-420t-00-2","url":"https:\/\/daltec.ch\/product\/austellung-twsp-420t-00-2","name":"Daltec Austellung TWSP 420T.00 (separate Treppe), 4200x2200x2170 mm, 2700 Kg - Daltec","isPartOf":{"@id":"https:\/\/daltec.ch\/fr\/#website"},"primaryImageOfPage":{"@id":"https:\/\/daltec.ch\/product\/austellung-twsp-420t-00-2#primaryimage"},"image":{"@id":"https:\/\/daltec.ch\/product\/austellung-twsp-420t-00-2#primaryimage"},"thumbnailUrl":"https:\/\/daltec.ch\/wp-content\/uploads\/2024\/06\/TWSP-decoupe.jpg","datePublished":"2024-11-27T17:18:02+00:00","dateModified":"2025-06-17T15:21:03+00:00","breadcrumb":{"@id":"https:\/\/daltec.ch\/product\/austellung-twsp-420t-00-2#breadcrumb"},"inLanguage":"fr-FR","potentialAction":[{"@type":"ReadAction","target":["https:\/\/daltec.ch\/product\/austellung-twsp-420t-00-2"]}]},{"@type":"ImageObject","inLanguage":"fr-FR","@id":"https:\/\/daltec.ch\/product\/austellung-twsp-420t-00-2#primaryimage","url":"https:\/\/daltec.ch\/wp-content\/uploads\/2024\/06\/TWSP-decoupe.jpg","contentUrl":"https:\/\/daltec.ch\/wp-content\/uploads\/2024\/06\/TWSP-decoupe.jpg","width":1000,"height":1000},{"@type":"BreadcrumbList","@id":"https:\/\/daltec.ch\/product\/austellung-twsp-420t-00-2#breadcrumb","itemListElement":[{"@type":"ListItem","position":1,"name":"Startseite","item":"https:\/\/daltec.ch\/"},{"@type":"ListItem","position":2,"name":"anhaenger","item":"https:\/\/daltec.ch\/anhaenger"},{"@type":"ListItem","position":3,"name":"Daltec Austellung TWSP 420T.00 (separate Treppe), 4200x2200x2170 mm, 2700 Kg"}]},{"@type":"WebSite","@id":"https:\/\/daltec.ch\/fr\/#website","url":"https:\/\/daltec.ch\/fr\/","name":"Daltec Trailers","description":"","publisher":{"@id":"https:\/\/daltec.ch\/fr\/#organization"},"potentialAction":[{"@type":"SearchAction","target":{"@type":"EntryPoint","urlTemplate":"https:\/\/daltec.ch\/fr\/?s={search_term_string}"},"query-input":{"@type":"PropertyValueSpecification","valueRequired":true,"valueName":"search_term_string"}}],"inLanguage":"fr-FR"},{"@type":"Organization","@id":"https:\/\/daltec.ch\/fr\/#organization","name":"Daltec AG","url":"https:\/\/daltec.ch\/fr\/","logo":{"@type":"ImageObject","inLanguage":"fr-FR","@id":"https:\/\/daltec.ch\/fr\/#\/schema\/logo\/image\/","url":"https:\/\/daltec.ch\/wp-content\/uploads\/2025\/08\/dlteclogo.webp","contentUrl":"https:\/\/daltec.ch\/wp-content\/uploads\/2025\/08\/dlteclogo.webp","width":500,"height":195,"caption":"Daltec AG"},"image":{"@id":"https:\/\/daltec.ch\/fr\/#\/schema\/logo\/image\/"},"sameAs":["https:\/\/www.facebook.com\/DaltecAG"]}]}},"_links":{"self":[{"href":"https:\/\/daltec.ch\/fr\/wp-json\/wp\/v2\/product\/1976","targetHints":{"allow":["GET"]}}],"collection":[{"href":"https:\/\/daltec.ch\/fr\/wp-json\/wp\/v2\/product"}],"about":[{"href":"https:\/\/daltec.ch\/fr\/wp-json\/wp\/v2\/types\/product"}],"replies":[{"embeddable":true,"href":"https:\/\/daltec.ch\/fr\/wp-json\/wp\/v2\/comments?post=1976"}],"wp:featuredmedia":[{"embeddable":true,"href":"https:\/\/daltec.ch\/fr\/wp-json\/wp\/v2\/media\/1541"}],"wp:attachment":[{"href":"https:\/\/daltec.ch\/fr\/wp-json\/wp\/v2\/media?parent=1976"}],"wp:term":[{"taxonomy":"product_brand","embeddable":true,"href":"https:\/\/daltec.ch\/fr\/wp-json\/wp\/v2\/product_brand?post=1976"},{"taxonomy":"product_cat","embeddable":true,"href":"https:\/\/daltec.ch\/fr\/wp-json\/wp\/v2\/product_cat?post=1976"},{"taxonomy":"product_tag","embeddable":true,"href":"https:\/\/daltec.ch\/fr\/wp-json\/wp\/v2\/product_tag?post=1976"}],"curies":[{"name":"wp","href":"https:\/\/api.w.org\/{rel}","templated":true}]}}