{"id":1997,"date":"2024-11-29T10:42:04","date_gmt":"2024-11-29T10:42:04","guid":{"rendered":"https:\/\/daltec.ch\/?post_type=product&#038;p=1997"},"modified":"2025-06-17T15:01:01","modified_gmt":"2025-06-17T15:01:01","slug":"bt-415-n","status":"publish","type":"product","link":"https:\/\/daltec.ch\/fr\/product\/bt-415-n","title":{"rendered":"Daltec BT 415 N, 5000&#215;1600 mm, 450 Kg"},"content":{"rendered":"<p><strong><em>Prix: voir liste de prix sur page d'accueil<\/em><\/strong><\/p>\n<p>Remorque de transport pour hobby, non frein\u00e9e, con\u00e7ue pour les jet-skis jusqu'\u00e0 340 kg. Elle est \u00e9quip\u00e9e de bois d'appui rembourr\u00e9s et r\u00e9glables, de roulettes de guidage et de supports avant pour adapter le chargement. La rampe arri\u00e8re avec feux arri\u00e8re est r\u00e9glable et amovible. Le cadre de base galvanis\u00e9 \u00e0 chaud et les roulements de roue renforc\u00e9s et \u00e9tanches garantissent une longue dur\u00e9e de vie.<\/p>\n<p>Dimensions du bateau : 4000x2000mm<\/p>\n<h4>Equipement:<\/h4>\n<p>Ch\u00e2ssis : Cadre de base robuste galvanis\u00e9 \u00e0 chaud, soud\u00e9 et viss\u00e9 Dispositif d'attelage pour boule d'attelage Cha\u00eene de s\u00e9curit\u00e9 pare-boue en t\u00f4le Essieux : Essieu AL-KO\/Knott, coulissant, avec roulements de roue renforc\u00e9s et \u00e9tanches Syst\u00e8me d'\u00e9clairage : Selon les normes du StVO 12V, prise 13 p\u00f4les Fiche et rampe arri\u00e8re avec feux arri\u00e8re d\u00e9tachables et d\u00e9montables R\u00e9glage longitudinal pour adaptation au chargement Carrosserie : 2 bois d'appui rembourr\u00e9s r\u00e9glables mont\u00e9s sur des supports r\u00e9glables en hauteur Roulettes de guidage r\u00e9glables mont\u00e9es au centre Support avant r\u00e9glable avec treuil manuel, \u00e9quip\u00e9 de c\u00e2bles ou de sangles<\/p>","protected":false},"excerpt":{"rendered":"<h5>Prix: voir liste de prix sur page d'accueil<\/h5>\n<p>Remorque pour jet-ski - Une conception simple pour une utilisation optimale<\/p>\n<h4>Donn\u00e9es techniques:<\/h4>\n<table class=\"table\">\n<tbody>\n<tr>\n<th>Longueur int\u00e9rieure<\/th>\n<td>5000 <small>mm<\/small><\/td>\n<\/tr>\n<tr>\n<th>Largeur int\u00e9rieure<\/th>\n<td>1600 <small>mm<\/small><\/td>\n<\/tr>\n<tr>\n<th>Hauteur int\u00e9rieure<\/th>\n<td><\/td>\n<\/tr>\n<tr>\n<th>Essieux<\/th>\n<td>1<\/td>\n<\/tr>\n<tr>\n<th>Poids total<\/th>\n<td>450 <small>kg<\/small><\/td>\n<\/tr>\n<tr>\n<th>Charge utile<\/th>\n<td>300 <small>kg<\/small><\/td>\n<\/tr>\n<tr>\n<th>Roues<\/th>\n<td>195\/50 R 13 C<\/td>\n<\/tr>\n<\/tbody>\n<\/table>\n<h4>Options :<\/h4>\n<table>\n<tbody>\n<tr>\n<td>Support avec roulettes en caoutchouc, pi\u00e8ce<\/td>\n<td>120 CHF<\/td>\n<\/tr>\n<tr>\n<td>Support avec roulettes lat\u00e9rales, pi\u00e8ce<\/td>\n<td>120 CHF<\/td>\n<\/tr>\n<\/tbody>\n<\/table>","protected":false},"featured_media":2863,"comment_status":"open","ping_status":"closed","template":"","meta":{"_acf_changed":false},"product_brand":[],"product_cat":[227,22],"product_tag":[],"class_list":{"0":"post-1997","1":"product","2":"type-product","3":"status-publish","4":"has-post-thumbnail","6":"product_cat-boottransportanhaenger","7":"product_cat-sportgeraete-transportanhaenger","9":"first","10":"instock","11":"featured","12":"shipping-taxable","13":"purchasable","14":"product-type-simple"},"acf":[],"yoast_head":"<!-- This site is optimized with the Yoast SEO plugin v27.2 - https:\/\/yoast.com\/product\/yoast-seo-wordpress\/ -->\n<title>Daltec BT 415 N, 5000x1600 mm, 450 Kg - Daltec<\/title>\n<meta name=\"robots\" content=\"index, follow, max-snippet:-1, max-image-preview:large, max-video-preview:-1\" \/>\n<link rel=\"canonical\" href=\"https:\/\/daltec.ch\/fr\/product\/bt-415-n\/\" \/>\n<meta property=\"og:locale\" content=\"fr_FR\" \/>\n<meta property=\"og:type\" content=\"article\" \/>\n<meta property=\"og:title\" content=\"Daltec BT 415 N, 5000x1600 mm, 450 Kg - Daltec\" \/>\n<meta property=\"og:description\" content=\"Preis: Siehe Preisliste auf Startseite Jet-Ski-Anh\u00e4nger - Einfache Bauweise f\u00fcr optimalen Gebrauch Technische Daten:    L\u00e4nge 5000 mm   Breite 1600 mm   H\u00f6he    Achsen 1   Gesamtgewicht 450 kg   Nutzlast 300 kg   R\u00e4der 195\/50 R 13 C    Optionen:    St\u00fctze mit Gummirollen, St\u00fcck 120 CHF   St\u00fctze mit Seitenrollen, St\u00fcck 120 CHF\" \/>\n<meta property=\"og:url\" content=\"https:\/\/daltec.ch\/fr\/product\/bt-415-n\/\" \/>\n<meta property=\"og:site_name\" content=\"Daltec\" \/>\n<meta property=\"article:publisher\" content=\"https:\/\/www.facebook.com\/DaltecAG\" \/>\n<meta property=\"article:modified_time\" content=\"2025-06-17T15:01:01+00:00\" \/>\n<meta property=\"og:image\" content=\"https:\/\/daltec.ch\/wp-content\/uploads\/2024\/11\/BT-415-Niewiadow-P415-630x630-1.png\" \/>\n\t<meta property=\"og:image:width\" content=\"630\" \/>\n\t<meta property=\"og:image:height\" content=\"630\" \/>\n\t<meta property=\"og:image:type\" content=\"image\/png\" \/>\n<meta name=\"twitter:card\" content=\"summary_large_image\" \/>\n<meta name=\"twitter:label1\" content=\"Dur\u00e9e de lecture estim\u00e9e\" \/>\n\t<meta name=\"twitter:data1\" content=\"1 minute\" \/>\n<script type=\"application\/ld+json\" class=\"yoast-schema-graph\">{\"@context\":\"https:\/\/schema.org\",\"@graph\":[{\"@type\":\"WebPage\",\"@id\":\"https:\/\/daltec.ch\/product\/bt-415-n\",\"url\":\"https:\/\/daltec.ch\/product\/bt-415-n\",\"name\":\"Daltec BT 415 N, 5000x1600 mm, 450 Kg - Daltec\",\"isPartOf\":{\"@id\":\"https:\/\/daltec.ch\/fr\/#website\"},\"primaryImageOfPage\":{\"@id\":\"https:\/\/daltec.ch\/product\/bt-415-n#primaryimage\"},\"image\":{\"@id\":\"https:\/\/daltec.ch\/product\/bt-415-n#primaryimage\"},\"thumbnailUrl\":\"https:\/\/daltec.ch\/wp-content\/uploads\/2024\/11\/BT-415-Niewiadow-P415-630x630-1.png\",\"datePublished\":\"2024-11-29T10:42:04+00:00\",\"dateModified\":\"2025-06-17T15:01:01+00:00\",\"breadcrumb\":{\"@id\":\"https:\/\/daltec.ch\/product\/bt-415-n#breadcrumb\"},\"inLanguage\":\"fr-FR\",\"potentialAction\":[{\"@type\":\"ReadAction\",\"target\":[\"https:\/\/daltec.ch\/product\/bt-415-n\"]}]},{\"@type\":\"ImageObject\",\"inLanguage\":\"fr-FR\",\"@id\":\"https:\/\/daltec.ch\/product\/bt-415-n#primaryimage\",\"url\":\"https:\/\/daltec.ch\/wp-content\/uploads\/2024\/11\/BT-415-Niewiadow-P415-630x630-1.png\",\"contentUrl\":\"https:\/\/daltec.ch\/wp-content\/uploads\/2024\/11\/BT-415-Niewiadow-P415-630x630-1.png\",\"width\":630,\"height\":630},{\"@type\":\"BreadcrumbList\",\"@id\":\"https:\/\/daltec.ch\/product\/bt-415-n#breadcrumb\",\"itemListElement\":[{\"@type\":\"ListItem\",\"position\":1,\"name\":\"Startseite\",\"item\":\"https:\/\/daltec.ch\/\"},{\"@type\":\"ListItem\",\"position\":2,\"name\":\"anhaenger\",\"item\":\"https:\/\/daltec.ch\/anhaenger\"},{\"@type\":\"ListItem\",\"position\":3,\"name\":\"Daltec BT 415 N, 5000&#215;1600 mm, 450 Kg\"}]},{\"@type\":\"WebSite\",\"@id\":\"https:\/\/daltec.ch\/fr\/#website\",\"url\":\"https:\/\/daltec.ch\/fr\/\",\"name\":\"Daltec Trailers\",\"description\":\"\",\"publisher\":{\"@id\":\"https:\/\/daltec.ch\/fr\/#organization\"},\"potentialAction\":[{\"@type\":\"SearchAction\",\"target\":{\"@type\":\"EntryPoint\",\"urlTemplate\":\"https:\/\/daltec.ch\/fr\/?s={search_term_string}\"},\"query-input\":{\"@type\":\"PropertyValueSpecification\",\"valueRequired\":true,\"valueName\":\"search_term_string\"}}],\"inLanguage\":\"fr-FR\"},{\"@type\":\"Organization\",\"@id\":\"https:\/\/daltec.ch\/fr\/#organization\",\"name\":\"Daltec AG\",\"url\":\"https:\/\/daltec.ch\/fr\/\",\"logo\":{\"@type\":\"ImageObject\",\"inLanguage\":\"fr-FR\",\"@id\":\"https:\/\/daltec.ch\/fr\/#\/schema\/logo\/image\/\",\"url\":\"https:\/\/daltec.ch\/wp-content\/uploads\/2025\/08\/dlteclogo.webp\",\"contentUrl\":\"https:\/\/daltec.ch\/wp-content\/uploads\/2025\/08\/dlteclogo.webp\",\"width\":500,\"height\":195,\"caption\":\"Daltec AG\"},\"image\":{\"@id\":\"https:\/\/daltec.ch\/fr\/#\/schema\/logo\/image\/\"},\"sameAs\":[\"https:\/\/www.facebook.com\/DaltecAG\"]}]}<\/script>\n<!-- \/ Yoast SEO plugin. -->","yoast_head_json":{"title":"Daltec BT 415 N, 5000x1600 mm, 450 Kg - Daltec","robots":{"index":"index","follow":"follow","max-snippet":"max-snippet:-1","max-image-preview":"max-image-preview:large","max-video-preview":"max-video-preview:-1"},"canonical":"https:\/\/daltec.ch\/fr\/product\/bt-415-n\/","og_locale":"fr_FR","og_type":"article","og_title":"Daltec BT 415 N, 5000x1600 mm, 450 Kg - Daltec","og_description":"Preis: Siehe Preisliste auf Startseite Jet-Ski-Anh\u00e4nger - Einfache Bauweise f\u00fcr optimalen Gebrauch Technische Daten:    L\u00e4nge 5000 mm   Breite 1600 mm   H\u00f6he    Achsen 1   Gesamtgewicht 450 kg   Nutzlast 300 kg   R\u00e4der 195\/50 R 13 C    Optionen:    St\u00fctze mit Gummirollen, St\u00fcck 120 CHF   St\u00fctze mit Seitenrollen, St\u00fcck 120 CHF","og_url":"https:\/\/daltec.ch\/fr\/product\/bt-415-n\/","og_site_name":"Daltec","article_publisher":"https:\/\/www.facebook.com\/DaltecAG","article_modified_time":"2025-06-17T15:01:01+00:00","og_image":[{"width":630,"height":630,"url":"https:\/\/daltec.ch\/wp-content\/uploads\/2024\/11\/BT-415-Niewiadow-P415-630x630-1.png","type":"image\/png"}],"twitter_card":"summary_large_image","twitter_misc":{"Dur\u00e9e de lecture estim\u00e9e":"1 minute"},"schema":{"@context":"https:\/\/schema.org","@graph":[{"@type":"WebPage","@id":"https:\/\/daltec.ch\/product\/bt-415-n","url":"https:\/\/daltec.ch\/product\/bt-415-n","name":"Daltec BT 415 N, 5000x1600 mm, 450 Kg - Daltec","isPartOf":{"@id":"https:\/\/daltec.ch\/fr\/#website"},"primaryImageOfPage":{"@id":"https:\/\/daltec.ch\/product\/bt-415-n#primaryimage"},"image":{"@id":"https:\/\/daltec.ch\/product\/bt-415-n#primaryimage"},"thumbnailUrl":"https:\/\/daltec.ch\/wp-content\/uploads\/2024\/11\/BT-415-Niewiadow-P415-630x630-1.png","datePublished":"2024-11-29T10:42:04+00:00","dateModified":"2025-06-17T15:01:01+00:00","breadcrumb":{"@id":"https:\/\/daltec.ch\/product\/bt-415-n#breadcrumb"},"inLanguage":"fr-FR","potentialAction":[{"@type":"ReadAction","target":["https:\/\/daltec.ch\/product\/bt-415-n"]}]},{"@type":"ImageObject","inLanguage":"fr-FR","@id":"https:\/\/daltec.ch\/product\/bt-415-n#primaryimage","url":"https:\/\/daltec.ch\/wp-content\/uploads\/2024\/11\/BT-415-Niewiadow-P415-630x630-1.png","contentUrl":"https:\/\/daltec.ch\/wp-content\/uploads\/2024\/11\/BT-415-Niewiadow-P415-630x630-1.png","width":630,"height":630},{"@type":"BreadcrumbList","@id":"https:\/\/daltec.ch\/product\/bt-415-n#breadcrumb","itemListElement":[{"@type":"ListItem","position":1,"name":"Startseite","item":"https:\/\/daltec.ch\/"},{"@type":"ListItem","position":2,"name":"anhaenger","item":"https:\/\/daltec.ch\/anhaenger"},{"@type":"ListItem","position":3,"name":"Daltec BT 415 N, 5000&#215;1600 mm, 450 Kg"}]},{"@type":"WebSite","@id":"https:\/\/daltec.ch\/fr\/#website","url":"https:\/\/daltec.ch\/fr\/","name":"Daltec Trailers","description":"","publisher":{"@id":"https:\/\/daltec.ch\/fr\/#organization"},"potentialAction":[{"@type":"SearchAction","target":{"@type":"EntryPoint","urlTemplate":"https:\/\/daltec.ch\/fr\/?s={search_term_string}"},"query-input":{"@type":"PropertyValueSpecification","valueRequired":true,"valueName":"search_term_string"}}],"inLanguage":"fr-FR"},{"@type":"Organization","@id":"https:\/\/daltec.ch\/fr\/#organization","name":"Daltec AG","url":"https:\/\/daltec.ch\/fr\/","logo":{"@type":"ImageObject","inLanguage":"fr-FR","@id":"https:\/\/daltec.ch\/fr\/#\/schema\/logo\/image\/","url":"https:\/\/daltec.ch\/wp-content\/uploads\/2025\/08\/dlteclogo.webp","contentUrl":"https:\/\/daltec.ch\/wp-content\/uploads\/2025\/08\/dlteclogo.webp","width":500,"height":195,"caption":"Daltec AG"},"image":{"@id":"https:\/\/daltec.ch\/fr\/#\/schema\/logo\/image\/"},"sameAs":["https:\/\/www.facebook.com\/DaltecAG"]}]}},"_links":{"self":[{"href":"https:\/\/daltec.ch\/fr\/wp-json\/wp\/v2\/product\/1997","targetHints":{"allow":["GET"]}}],"collection":[{"href":"https:\/\/daltec.ch\/fr\/wp-json\/wp\/v2\/product"}],"about":[{"href":"https:\/\/daltec.ch\/fr\/wp-json\/wp\/v2\/types\/product"}],"replies":[{"embeddable":true,"href":"https:\/\/daltec.ch\/fr\/wp-json\/wp\/v2\/comments?post=1997"}],"wp:featuredmedia":[{"embeddable":true,"href":"https:\/\/daltec.ch\/fr\/wp-json\/wp\/v2\/media\/2863"}],"wp:attachment":[{"href":"https:\/\/daltec.ch\/fr\/wp-json\/wp\/v2\/media?parent=1997"}],"wp:term":[{"taxonomy":"product_brand","embeddable":true,"href":"https:\/\/daltec.ch\/fr\/wp-json\/wp\/v2\/product_brand?post=1997"},{"taxonomy":"product_cat","embeddable":true,"href":"https:\/\/daltec.ch\/fr\/wp-json\/wp\/v2\/product_cat?post=1997"},{"taxonomy":"product_tag","embeddable":true,"href":"https:\/\/daltec.ch\/fr\/wp-json\/wp\/v2\/product_tag?post=1997"}],"curies":[{"name":"wp","href":"https:\/\/api.w.org\/{rel}","templated":true}]}}