{"id":1998,"date":"2024-11-29T10:47:45","date_gmt":"2024-11-29T10:47:45","guid":{"rendered":"https:\/\/daltec.ch\/?post_type=product&#038;p=1998"},"modified":"2025-06-18T21:10:25","modified_gmt":"2025-06-18T21:10:25","slug":"multi-1","status":"publish","type":"product","link":"https:\/\/daltec.ch\/fr\/product\/multi-1","title":{"rendered":"Daltec Multi 1, 2950&#215;1640, 750 Kg"},"content":{"rendered":"<p>Ideal f\u00fcr den sicheren und komfortablen Transport von Motorr\u00e4dern, Quads und Kleinfahrzeugen.<\/p>\n<p>Universeller Transportanh\u00e4nger mit kippbarer Deichsel f\u00fcr den Transport von Motorr\u00e4dern, Quads und anderen Kleinfahrzeugen. Der Trailer ist wesentlich breiter als die Trailer der Moto-Serie. Untergestell aus verzinkten, gebogenen und miteinander verschraubten Stahlprofilen. Der Boden besteht aus wasserfestem, rutschfestem Sperrholz. Es ist m\u00f6glich, Seitenbretter hinzuzuf\u00fcgen, was die Transportkapazit\u00e4t erh\u00f6ht, und das \u00dcberbrett erleichtert den Einstieg in den Anh\u00e4nger. Die M\u00f6glichkeit, einen Kurbelaufzug zu montieren, so dass der Anh\u00e4nger in der gekippten Position bleibt, wenn das erste Teil geladen wird.<\/p>","protected":false},"excerpt":{"rendered":"<h5><span style=\"color: #ff6600;\">Prix: voir liste de prix sur page d'accueil<\/span><\/h5>\n<p>Ideal f\u00fcr den sicheren und komfortablen Transport von Motorr\u00e4dern, Quads und Kleinfahrzeugen.<\/p>\n<h4>Donn\u00e9es techniques:<\/h4>\n<table class=\"table\">\n<tbody>\n<tr>\n<th>Longueur int\u00e9rieure<\/th>\n<td>2950 <small>mm<\/small><\/td>\n<\/tr>\n<tr>\n<th>Largeur int\u00e9rieure<\/th>\n<td>1640 <small>mm<\/small><\/td>\n<\/tr>\n<tr>\n<th>Hauteur int\u00e9rieure<\/th>\n<td>0 <small>mm<\/small><\/td>\n<\/tr>\n<tr>\n<th>Essieux<\/th>\n<td>1<small><\/small><\/td>\n<\/tr>\n<tr>\n<th>Poids total<\/th>\n<td>750 <small>kg<\/small><\/td>\n<\/tr>\n<tr>\n<th>Charge utile<\/th>\n<td>532 <small>kg<\/small><\/td>\n<\/tr>\n<tr>\n<th>Roues<\/th>\n<td>155 R 13\u00a0<small><\/small><\/td>\n<\/tr>\n<\/tbody>\n<\/table>\n<h4>Options :<\/h4>\n<table>\n<tbody>\n<tr>\n<td>Pied d'appui \u00e0 serrage, la paire<\/td>\n<td>100 CHF<\/td>\n<\/tr>\n<tr>\n<td>Roue \u00e0 bascule pour motos<\/td>\n<td>110 CHF<\/td>\n<\/tr>\n<\/tbody>\n<\/table>","protected":false},"featured_media":2828,"comment_status":"open","ping_status":"closed","template":"","meta":{"_acf_changed":false},"product_brand":[],"product_cat":[22],"product_tag":[],"class_list":{"0":"post-1998","1":"product","2":"type-product","3":"status-publish","4":"has-post-thumbnail","6":"product_cat-sportgeraete-transportanhaenger","8":"first","9":"instock","10":"shipping-taxable","11":"purchasable","12":"product-type-simple"},"acf":[],"yoast_head":"<!-- This site is optimized with the Yoast SEO plugin v27.2 - https:\/\/yoast.com\/product\/yoast-seo-wordpress\/ -->\n<title>Daltec Multi 1, 2950x1640, 750 Kg - Daltec<\/title>\n<meta name=\"robots\" content=\"index, follow, max-snippet:-1, max-image-preview:large, max-video-preview:-1\" \/>\n<link rel=\"canonical\" href=\"https:\/\/daltec.ch\/fr\/product\/multi-1\/\" \/>\n<meta property=\"og:locale\" content=\"fr_FR\" \/>\n<meta property=\"og:type\" content=\"article\" \/>\n<meta property=\"og:title\" content=\"Daltec Multi 1, 2950x1640, 750 Kg - Daltec\" \/>\n<meta property=\"og:description\" content=\"Preis: Siehe Preisliste auf Startseite Ideal f\u00fcr den sicheren und komfortablen Transport von Motorr\u00e4dern, Quads und Kleinfahrzeugen. Technische Daten:    L\u00e4nge 2950 mm   Breite 1640 mm   H\u00f6he 0 mm   Achsen 1   Gesamtgewicht 750 kg   Nutzlast 532 kg   R\u00e4der 155 R 13\u00a0    Optionen:    Klemmst\u00fctzfuss, Paar 100 CHF   Radwippe f\u00fcr Motorr\u00e4der 110 CHF\" \/>\n<meta property=\"og:url\" content=\"https:\/\/daltec.ch\/fr\/product\/multi-1\/\" \/>\n<meta property=\"og:site_name\" content=\"Daltec\" \/>\n<meta property=\"article:publisher\" content=\"https:\/\/www.facebook.com\/DaltecAG\" \/>\n<meta property=\"article:modified_time\" content=\"2025-06-18T21:10:25+00:00\" \/>\n<meta property=\"og:image\" content=\"https:\/\/daltec.ch\/wp-content\/uploads\/2024\/11\/Multi-1.png\" \/>\n\t<meta property=\"og:image:width\" content=\"700\" \/>\n\t<meta property=\"og:image:height\" content=\"700\" \/>\n\t<meta property=\"og:image:type\" content=\"image\/png\" \/>\n<meta name=\"twitter:card\" content=\"summary_large_image\" \/>\n<meta name=\"twitter:label1\" content=\"Dur\u00e9e de lecture estim\u00e9e\" \/>\n\t<meta name=\"twitter:data1\" content=\"1 minute\" \/>\n<script type=\"application\/ld+json\" class=\"yoast-schema-graph\">{\"@context\":\"https:\/\/schema.org\",\"@graph\":[{\"@type\":\"WebPage\",\"@id\":\"https:\/\/daltec.ch\/product\/multi-1\",\"url\":\"https:\/\/daltec.ch\/product\/multi-1\",\"name\":\"Daltec Multi 1, 2950x1640, 750 Kg - Daltec\",\"isPartOf\":{\"@id\":\"https:\/\/daltec.ch\/fr\/#website\"},\"primaryImageOfPage\":{\"@id\":\"https:\/\/daltec.ch\/product\/multi-1#primaryimage\"},\"image\":{\"@id\":\"https:\/\/daltec.ch\/product\/multi-1#primaryimage\"},\"thumbnailUrl\":\"https:\/\/daltec.ch\/wp-content\/uploads\/2024\/11\/Multi-1.png\",\"datePublished\":\"2024-11-29T10:47:45+00:00\",\"dateModified\":\"2025-06-18T21:10:25+00:00\",\"breadcrumb\":{\"@id\":\"https:\/\/daltec.ch\/product\/multi-1#breadcrumb\"},\"inLanguage\":\"fr-FR\",\"potentialAction\":[{\"@type\":\"ReadAction\",\"target\":[\"https:\/\/daltec.ch\/product\/multi-1\"]}]},{\"@type\":\"ImageObject\",\"inLanguage\":\"fr-FR\",\"@id\":\"https:\/\/daltec.ch\/product\/multi-1#primaryimage\",\"url\":\"https:\/\/daltec.ch\/wp-content\/uploads\/2024\/11\/Multi-1.png\",\"contentUrl\":\"https:\/\/daltec.ch\/wp-content\/uploads\/2024\/11\/Multi-1.png\",\"width\":700,\"height\":700},{\"@type\":\"BreadcrumbList\",\"@id\":\"https:\/\/daltec.ch\/product\/multi-1#breadcrumb\",\"itemListElement\":[{\"@type\":\"ListItem\",\"position\":1,\"name\":\"Startseite\",\"item\":\"https:\/\/daltec.ch\/\"},{\"@type\":\"ListItem\",\"position\":2,\"name\":\"anhaenger\",\"item\":\"https:\/\/daltec.ch\/anhaenger\"},{\"@type\":\"ListItem\",\"position\":3,\"name\":\"Daltec Multi 1, 2950&#215;1640, 750 Kg\"}]},{\"@type\":\"WebSite\",\"@id\":\"https:\/\/daltec.ch\/fr\/#website\",\"url\":\"https:\/\/daltec.ch\/fr\/\",\"name\":\"Daltec Trailers\",\"description\":\"\",\"publisher\":{\"@id\":\"https:\/\/daltec.ch\/fr\/#organization\"},\"potentialAction\":[{\"@type\":\"SearchAction\",\"target\":{\"@type\":\"EntryPoint\",\"urlTemplate\":\"https:\/\/daltec.ch\/fr\/?s={search_term_string}\"},\"query-input\":{\"@type\":\"PropertyValueSpecification\",\"valueRequired\":true,\"valueName\":\"search_term_string\"}}],\"inLanguage\":\"fr-FR\"},{\"@type\":\"Organization\",\"@id\":\"https:\/\/daltec.ch\/fr\/#organization\",\"name\":\"Daltec AG\",\"url\":\"https:\/\/daltec.ch\/fr\/\",\"logo\":{\"@type\":\"ImageObject\",\"inLanguage\":\"fr-FR\",\"@id\":\"https:\/\/daltec.ch\/fr\/#\/schema\/logo\/image\/\",\"url\":\"https:\/\/daltec.ch\/wp-content\/uploads\/2025\/08\/dlteclogo.webp\",\"contentUrl\":\"https:\/\/daltec.ch\/wp-content\/uploads\/2025\/08\/dlteclogo.webp\",\"width\":500,\"height\":195,\"caption\":\"Daltec AG\"},\"image\":{\"@id\":\"https:\/\/daltec.ch\/fr\/#\/schema\/logo\/image\/\"},\"sameAs\":[\"https:\/\/www.facebook.com\/DaltecAG\"]}]}<\/script>\n<!-- \/ Yoast SEO plugin. -->","yoast_head_json":{"title":"Daltec Multi 1, 2950x1640, 750 Kg - Daltec","robots":{"index":"index","follow":"follow","max-snippet":"max-snippet:-1","max-image-preview":"max-image-preview:large","max-video-preview":"max-video-preview:-1"},"canonical":"https:\/\/daltec.ch\/fr\/product\/multi-1\/","og_locale":"fr_FR","og_type":"article","og_title":"Daltec Multi 1, 2950x1640, 750 Kg - Daltec","og_description":"Preis: Siehe Preisliste auf Startseite Ideal f\u00fcr den sicheren und komfortablen Transport von Motorr\u00e4dern, Quads und Kleinfahrzeugen. Technische Daten:    L\u00e4nge 2950 mm   Breite 1640 mm   H\u00f6he 0 mm   Achsen 1   Gesamtgewicht 750 kg   Nutzlast 532 kg   R\u00e4der 155 R 13\u00a0    Optionen:    Klemmst\u00fctzfuss, Paar 100 CHF   Radwippe f\u00fcr Motorr\u00e4der 110 CHF","og_url":"https:\/\/daltec.ch\/fr\/product\/multi-1\/","og_site_name":"Daltec","article_publisher":"https:\/\/www.facebook.com\/DaltecAG","article_modified_time":"2025-06-18T21:10:25+00:00","og_image":[{"width":700,"height":700,"url":"https:\/\/daltec.ch\/wp-content\/uploads\/2024\/11\/Multi-1.png","type":"image\/png"}],"twitter_card":"summary_large_image","twitter_misc":{"Dur\u00e9e de lecture estim\u00e9e":"1 minute"},"schema":{"@context":"https:\/\/schema.org","@graph":[{"@type":"WebPage","@id":"https:\/\/daltec.ch\/product\/multi-1","url":"https:\/\/daltec.ch\/product\/multi-1","name":"Daltec Multi 1, 2950x1640, 750 Kg - Daltec","isPartOf":{"@id":"https:\/\/daltec.ch\/fr\/#website"},"primaryImageOfPage":{"@id":"https:\/\/daltec.ch\/product\/multi-1#primaryimage"},"image":{"@id":"https:\/\/daltec.ch\/product\/multi-1#primaryimage"},"thumbnailUrl":"https:\/\/daltec.ch\/wp-content\/uploads\/2024\/11\/Multi-1.png","datePublished":"2024-11-29T10:47:45+00:00","dateModified":"2025-06-18T21:10:25+00:00","breadcrumb":{"@id":"https:\/\/daltec.ch\/product\/multi-1#breadcrumb"},"inLanguage":"fr-FR","potentialAction":[{"@type":"ReadAction","target":["https:\/\/daltec.ch\/product\/multi-1"]}]},{"@type":"ImageObject","inLanguage":"fr-FR","@id":"https:\/\/daltec.ch\/product\/multi-1#primaryimage","url":"https:\/\/daltec.ch\/wp-content\/uploads\/2024\/11\/Multi-1.png","contentUrl":"https:\/\/daltec.ch\/wp-content\/uploads\/2024\/11\/Multi-1.png","width":700,"height":700},{"@type":"BreadcrumbList","@id":"https:\/\/daltec.ch\/product\/multi-1#breadcrumb","itemListElement":[{"@type":"ListItem","position":1,"name":"Startseite","item":"https:\/\/daltec.ch\/"},{"@type":"ListItem","position":2,"name":"anhaenger","item":"https:\/\/daltec.ch\/anhaenger"},{"@type":"ListItem","position":3,"name":"Daltec Multi 1, 2950&#215;1640, 750 Kg"}]},{"@type":"WebSite","@id":"https:\/\/daltec.ch\/fr\/#website","url":"https:\/\/daltec.ch\/fr\/","name":"Daltec Trailers","description":"","publisher":{"@id":"https:\/\/daltec.ch\/fr\/#organization"},"potentialAction":[{"@type":"SearchAction","target":{"@type":"EntryPoint","urlTemplate":"https:\/\/daltec.ch\/fr\/?s={search_term_string}"},"query-input":{"@type":"PropertyValueSpecification","valueRequired":true,"valueName":"search_term_string"}}],"inLanguage":"fr-FR"},{"@type":"Organization","@id":"https:\/\/daltec.ch\/fr\/#organization","name":"Daltec AG","url":"https:\/\/daltec.ch\/fr\/","logo":{"@type":"ImageObject","inLanguage":"fr-FR","@id":"https:\/\/daltec.ch\/fr\/#\/schema\/logo\/image\/","url":"https:\/\/daltec.ch\/wp-content\/uploads\/2025\/08\/dlteclogo.webp","contentUrl":"https:\/\/daltec.ch\/wp-content\/uploads\/2025\/08\/dlteclogo.webp","width":500,"height":195,"caption":"Daltec AG"},"image":{"@id":"https:\/\/daltec.ch\/fr\/#\/schema\/logo\/image\/"},"sameAs":["https:\/\/www.facebook.com\/DaltecAG"]}]}},"_links":{"self":[{"href":"https:\/\/daltec.ch\/fr\/wp-json\/wp\/v2\/product\/1998","targetHints":{"allow":["GET"]}}],"collection":[{"href":"https:\/\/daltec.ch\/fr\/wp-json\/wp\/v2\/product"}],"about":[{"href":"https:\/\/daltec.ch\/fr\/wp-json\/wp\/v2\/types\/product"}],"replies":[{"embeddable":true,"href":"https:\/\/daltec.ch\/fr\/wp-json\/wp\/v2\/comments?post=1998"}],"wp:featuredmedia":[{"embeddable":true,"href":"https:\/\/daltec.ch\/fr\/wp-json\/wp\/v2\/media\/2828"}],"wp:attachment":[{"href":"https:\/\/daltec.ch\/fr\/wp-json\/wp\/v2\/media?parent=1998"}],"wp:term":[{"taxonomy":"product_brand","embeddable":true,"href":"https:\/\/daltec.ch\/fr\/wp-json\/wp\/v2\/product_brand?post=1998"},{"taxonomy":"product_cat","embeddable":true,"href":"https:\/\/daltec.ch\/fr\/wp-json\/wp\/v2\/product_cat?post=1998"},{"taxonomy":"product_tag","embeddable":true,"href":"https:\/\/daltec.ch\/fr\/wp-json\/wp\/v2\/product_tag?post=1998"}],"curies":[{"name":"wp","href":"https:\/\/api.w.org\/{rel}","templated":true}]}}