{"id":2003,"date":"2024-11-29T11:19:10","date_gmt":"2024-11-29T11:19:10","guid":{"rendered":"https:\/\/daltec.ch\/?post_type=product&#038;p=2003"},"modified":"2025-06-17T14:53:46","modified_gmt":"2025-06-17T14:53:46","slug":"quad-2","status":"publish","type":"product","link":"https:\/\/daltec.ch\/fr\/product\/quad-2","title":{"rendered":"Daltec Quad 2, 2470&#215;1390 mm, 1000 Kg"},"content":{"rendered":"<p>Remorque de loisirs sans frein - Le Quad 1 est l'une des remorques Daltec les plus populaires. Le chargement est tr\u00e8s facile gr\u00e2ce \u00e0 la rampe de chargement galvanis\u00e9e et \u00e0 la surface de chargement basculante. Les grandes roues lat\u00e9rales assurent une conduite stable. Vous pouvez ainsi transporter votre quad en toute s\u00e9curit\u00e9 !<br \/>\n<strong>Equipement:<\/strong><br \/>\nCh\u00e2ssis : Cadre de base galvanis\u00e9 \u00e0 chaud, soud\u00e9 et viss\u00e9 Dispositif d'attelage en V galvanis\u00e9 Attelage \u00e0 boule Cha\u00eene de s\u00e9curit\u00e9 Roue jockey avant pare-boue en t\u00f4le Essieux : Essieu AL-KO\/Knott Pont basculant : Cadre galvanis\u00e9 \u00e0 chaud Plancher en plaque s\u00e9rigraphi\u00e9e avec anneaux de fixation Rampe de chargement galvanis\u00e9e Installation d'\u00e9clairage : Selon les normes du code de la route 12V, fiche 13 p\u00f4les<\/p>","protected":false},"excerpt":{"rendered":"<h5><span style=\"color: #ff6600;\"><em>Prix: voir liste de prix sur page d'accueil<\/em><\/span><\/h5>\n<p>Remorque de quad pratique et tr\u00e8s appr\u00e9ci\u00e9e !<\/p>\n<h4>Donn\u00e9es techniques:<\/h4>\n<table class=\"table\">\n<tbody>\n<tr>\n<th>Longueur int\u00e9rieure<\/th>\n<td>2470 <small>mm<\/small><\/td>\n<\/tr>\n<tr>\n<th>Largeur int\u00e9rieure<\/th>\n<td>1390 <small>mm<\/small><\/td>\n<\/tr>\n<tr>\n<th>Hauteur int\u00e9rieure<\/th>\n<td>0 <small>mm<\/small><\/td>\n<\/tr>\n<tr>\n<th>Essieux<\/th>\n<td>2 <small><\/small><\/td>\n<\/tr>\n<tr>\n<th>Poids total<\/th>\n<td>1000 <small>kg<\/small><\/td>\n<\/tr>\n<tr>\n<th>Charge utile<\/th>\n<td>760 <small>kg<\/small><\/td>\n<\/tr>\n<tr>\n<th>Roues<\/th>\n<td>165\/70 R13<small><\/small><\/td>\n<\/tr>\n<\/tbody>\n<\/table>\n<h4>Options :<\/h4>\n<table>\n<tbody>\n<tr>\n<td>Pied d'appui \u00e0 serrage, la paire<\/td>\n<td>100 CHF<\/td>\n<\/tr>\n<\/tbody>\n<\/table>","protected":false},"featured_media":2889,"comment_status":"open","ping_status":"closed","template":"","meta":{"_acf_changed":false},"product_brand":[],"product_cat":[228,22],"product_tag":[],"class_list":{"0":"post-2003","1":"product","2":"type-product","3":"status-publish","4":"has-post-thumbnail","6":"product_cat-motorratransportanhaenger-offen","7":"product_cat-sportgeraete-transportanhaenger","9":"first","10":"instock","11":"featured","12":"shipping-taxable","13":"purchasable","14":"product-type-simple"},"acf":[],"yoast_head":"<!-- This site is optimized with the Yoast SEO plugin v27.4 - https:\/\/yoast.com\/product\/yoast-seo-wordpress\/ -->\n<title>Daltec Quad 2, 2470x1390 mm, 1000 Kg - Daltec<\/title>\n<meta name=\"robots\" content=\"index, follow, max-snippet:-1, max-image-preview:large, max-video-preview:-1\" \/>\n<link rel=\"canonical\" href=\"https:\/\/daltec.ch\/fr\/product\/quad-2\/\" \/>\n<meta property=\"og:locale\" content=\"fr_FR\" \/>\n<meta property=\"og:type\" content=\"article\" \/>\n<meta property=\"og:title\" content=\"Daltec Quad 2, 2470x1390 mm, 1000 Kg - Daltec\" \/>\n<meta property=\"og:description\" content=\"Preis: Siehe Preisliste auf Startseite Praktischer und beliebter Quad-Anh\u00e4nger! Technische Daten:    L\u00e4nge 2470 mm   Breite 1390 mm   H\u00f6he 0 mm   Achsen 2    Gesamtgewicht 1000 kg   Nutzlast 760 kg   R\u00e4der 165\/70 R13    Optionen:    Klemmst\u00fctzfuss, Paar 100 CHF\" \/>\n<meta property=\"og:url\" content=\"https:\/\/daltec.ch\/fr\/product\/quad-2\/\" \/>\n<meta property=\"og:site_name\" content=\"Daltec\" \/>\n<meta property=\"article:publisher\" content=\"https:\/\/www.facebook.com\/DaltecAG\" \/>\n<meta property=\"article:modified_time\" content=\"2025-06-17T14:53:46+00:00\" \/>\n<meta property=\"og:image\" content=\"https:\/\/daltec.ch\/wp-content\/uploads\/2024\/11\/Quad-2_3-1.png\" \/>\n\t<meta property=\"og:image:width\" content=\"700\" \/>\n\t<meta property=\"og:image:height\" content=\"700\" \/>\n\t<meta property=\"og:image:type\" content=\"image\/png\" \/>\n<meta name=\"twitter:card\" content=\"summary_large_image\" \/>\n<script type=\"application\/ld+json\" class=\"yoast-schema-graph\">{\"@context\":\"https:\\\/\\\/schema.org\",\"@graph\":[{\"@type\":\"WebPage\",\"@id\":\"https:\\\/\\\/daltec.ch\\\/product\\\/quad-2\",\"url\":\"https:\\\/\\\/daltec.ch\\\/product\\\/quad-2\",\"name\":\"Daltec Quad 2, 2470x1390 mm, 1000 Kg - Daltec\",\"isPartOf\":{\"@id\":\"https:\\\/\\\/daltec.ch\\\/fr\\\/#website\"},\"primaryImageOfPage\":{\"@id\":\"https:\\\/\\\/daltec.ch\\\/product\\\/quad-2#primaryimage\"},\"image\":{\"@id\":\"https:\\\/\\\/daltec.ch\\\/product\\\/quad-2#primaryimage\"},\"thumbnailUrl\":\"https:\\\/\\\/daltec.ch\\\/wp-content\\\/uploads\\\/2024\\\/11\\\/Quad-2_3-1.png\",\"datePublished\":\"2024-11-29T11:19:10+00:00\",\"dateModified\":\"2025-06-17T14:53:46+00:00\",\"breadcrumb\":{\"@id\":\"https:\\\/\\\/daltec.ch\\\/product\\\/quad-2#breadcrumb\"},\"inLanguage\":\"fr-FR\",\"potentialAction\":[{\"@type\":\"ReadAction\",\"target\":[\"https:\\\/\\\/daltec.ch\\\/product\\\/quad-2\"]}]},{\"@type\":\"ImageObject\",\"inLanguage\":\"fr-FR\",\"@id\":\"https:\\\/\\\/daltec.ch\\\/product\\\/quad-2#primaryimage\",\"url\":\"https:\\\/\\\/daltec.ch\\\/wp-content\\\/uploads\\\/2024\\\/11\\\/Quad-2_3-1.png\",\"contentUrl\":\"https:\\\/\\\/daltec.ch\\\/wp-content\\\/uploads\\\/2024\\\/11\\\/Quad-2_3-1.png\",\"width\":700,\"height\":700},{\"@type\":\"BreadcrumbList\",\"@id\":\"https:\\\/\\\/daltec.ch\\\/product\\\/quad-2#breadcrumb\",\"itemListElement\":[{\"@type\":\"ListItem\",\"position\":1,\"name\":\"Startseite\",\"item\":\"https:\\\/\\\/daltec.ch\\\/\"},{\"@type\":\"ListItem\",\"position\":2,\"name\":\"anhaenger\",\"item\":\"https:\\\/\\\/daltec.ch\\\/anhaenger\"},{\"@type\":\"ListItem\",\"position\":3,\"name\":\"Daltec Quad 2, 2470&#215;1390 mm, 1000 Kg\"}]},{\"@type\":\"WebSite\",\"@id\":\"https:\\\/\\\/daltec.ch\\\/fr\\\/#website\",\"url\":\"https:\\\/\\\/daltec.ch\\\/fr\\\/\",\"name\":\"Daltec Trailers\",\"description\":\"\",\"publisher\":{\"@id\":\"https:\\\/\\\/daltec.ch\\\/fr\\\/#organization\"},\"potentialAction\":[{\"@type\":\"SearchAction\",\"target\":{\"@type\":\"EntryPoint\",\"urlTemplate\":\"https:\\\/\\\/daltec.ch\\\/fr\\\/?s={search_term_string}\"},\"query-input\":{\"@type\":\"PropertyValueSpecification\",\"valueRequired\":true,\"valueName\":\"search_term_string\"}}],\"inLanguage\":\"fr-FR\"},{\"@type\":\"Organization\",\"@id\":\"https:\\\/\\\/daltec.ch\\\/fr\\\/#organization\",\"name\":\"Daltec AG\",\"url\":\"https:\\\/\\\/daltec.ch\\\/fr\\\/\",\"logo\":{\"@type\":\"ImageObject\",\"inLanguage\":\"fr-FR\",\"@id\":\"https:\\\/\\\/daltec.ch\\\/fr\\\/#\\\/schema\\\/logo\\\/image\\\/\",\"url\":\"https:\\\/\\\/daltec.ch\\\/wp-content\\\/uploads\\\/2025\\\/08\\\/dlteclogo.webp\",\"contentUrl\":\"https:\\\/\\\/daltec.ch\\\/wp-content\\\/uploads\\\/2025\\\/08\\\/dlteclogo.webp\",\"width\":500,\"height\":195,\"caption\":\"Daltec AG\"},\"image\":{\"@id\":\"https:\\\/\\\/daltec.ch\\\/fr\\\/#\\\/schema\\\/logo\\\/image\\\/\"},\"sameAs\":[\"https:\\\/\\\/www.facebook.com\\\/DaltecAG\"]}]}<\/script>\n<!-- \/ Yoast SEO plugin. -->","yoast_head_json":{"title":"Daltec Quad 2, 2470x1390 mm, 1000 Kg - Daltec","robots":{"index":"index","follow":"follow","max-snippet":"max-snippet:-1","max-image-preview":"max-image-preview:large","max-video-preview":"max-video-preview:-1"},"canonical":"https:\/\/daltec.ch\/fr\/product\/quad-2\/","og_locale":"fr_FR","og_type":"article","og_title":"Daltec Quad 2, 2470x1390 mm, 1000 Kg - Daltec","og_description":"Preis: Siehe Preisliste auf Startseite Praktischer und beliebter Quad-Anh\u00e4nger! Technische Daten:    L\u00e4nge 2470 mm   Breite 1390 mm   H\u00f6he 0 mm   Achsen 2    Gesamtgewicht 1000 kg   Nutzlast 760 kg   R\u00e4der 165\/70 R13    Optionen:    Klemmst\u00fctzfuss, Paar 100 CHF","og_url":"https:\/\/daltec.ch\/fr\/product\/quad-2\/","og_site_name":"Daltec","article_publisher":"https:\/\/www.facebook.com\/DaltecAG","article_modified_time":"2025-06-17T14:53:46+00:00","og_image":[{"width":700,"height":700,"url":"https:\/\/daltec.ch\/wp-content\/uploads\/2024\/11\/Quad-2_3-1.png","type":"image\/png"}],"twitter_card":"summary_large_image","schema":{"@context":"https:\/\/schema.org","@graph":[{"@type":"WebPage","@id":"https:\/\/daltec.ch\/product\/quad-2","url":"https:\/\/daltec.ch\/product\/quad-2","name":"Daltec Quad 2, 2470x1390 mm, 1000 Kg - Daltec","isPartOf":{"@id":"https:\/\/daltec.ch\/fr\/#website"},"primaryImageOfPage":{"@id":"https:\/\/daltec.ch\/product\/quad-2#primaryimage"},"image":{"@id":"https:\/\/daltec.ch\/product\/quad-2#primaryimage"},"thumbnailUrl":"https:\/\/daltec.ch\/wp-content\/uploads\/2024\/11\/Quad-2_3-1.png","datePublished":"2024-11-29T11:19:10+00:00","dateModified":"2025-06-17T14:53:46+00:00","breadcrumb":{"@id":"https:\/\/daltec.ch\/product\/quad-2#breadcrumb"},"inLanguage":"fr-FR","potentialAction":[{"@type":"ReadAction","target":["https:\/\/daltec.ch\/product\/quad-2"]}]},{"@type":"ImageObject","inLanguage":"fr-FR","@id":"https:\/\/daltec.ch\/product\/quad-2#primaryimage","url":"https:\/\/daltec.ch\/wp-content\/uploads\/2024\/11\/Quad-2_3-1.png","contentUrl":"https:\/\/daltec.ch\/wp-content\/uploads\/2024\/11\/Quad-2_3-1.png","width":700,"height":700},{"@type":"BreadcrumbList","@id":"https:\/\/daltec.ch\/product\/quad-2#breadcrumb","itemListElement":[{"@type":"ListItem","position":1,"name":"Startseite","item":"https:\/\/daltec.ch\/"},{"@type":"ListItem","position":2,"name":"anhaenger","item":"https:\/\/daltec.ch\/anhaenger"},{"@type":"ListItem","position":3,"name":"Daltec Quad 2, 2470&#215;1390 mm, 1000 Kg"}]},{"@type":"WebSite","@id":"https:\/\/daltec.ch\/fr\/#website","url":"https:\/\/daltec.ch\/fr\/","name":"Daltec Trailers","description":"","publisher":{"@id":"https:\/\/daltec.ch\/fr\/#organization"},"potentialAction":[{"@type":"SearchAction","target":{"@type":"EntryPoint","urlTemplate":"https:\/\/daltec.ch\/fr\/?s={search_term_string}"},"query-input":{"@type":"PropertyValueSpecification","valueRequired":true,"valueName":"search_term_string"}}],"inLanguage":"fr-FR"},{"@type":"Organization","@id":"https:\/\/daltec.ch\/fr\/#organization","name":"Daltec AG","url":"https:\/\/daltec.ch\/fr\/","logo":{"@type":"ImageObject","inLanguage":"fr-FR","@id":"https:\/\/daltec.ch\/fr\/#\/schema\/logo\/image\/","url":"https:\/\/daltec.ch\/wp-content\/uploads\/2025\/08\/dlteclogo.webp","contentUrl":"https:\/\/daltec.ch\/wp-content\/uploads\/2025\/08\/dlteclogo.webp","width":500,"height":195,"caption":"Daltec AG"},"image":{"@id":"https:\/\/daltec.ch\/fr\/#\/schema\/logo\/image\/"},"sameAs":["https:\/\/www.facebook.com\/DaltecAG"]}]}},"_links":{"self":[{"href":"https:\/\/daltec.ch\/fr\/wp-json\/wp\/v2\/product\/2003","targetHints":{"allow":["GET"]}}],"collection":[{"href":"https:\/\/daltec.ch\/fr\/wp-json\/wp\/v2\/product"}],"about":[{"href":"https:\/\/daltec.ch\/fr\/wp-json\/wp\/v2\/types\/product"}],"replies":[{"embeddable":true,"href":"https:\/\/daltec.ch\/fr\/wp-json\/wp\/v2\/comments?post=2003"}],"wp:featuredmedia":[{"embeddable":true,"href":"https:\/\/daltec.ch\/fr\/wp-json\/wp\/v2\/media\/2889"}],"wp:attachment":[{"href":"https:\/\/daltec.ch\/fr\/wp-json\/wp\/v2\/media?parent=2003"}],"wp:term":[{"taxonomy":"product_brand","embeddable":true,"href":"https:\/\/daltec.ch\/fr\/wp-json\/wp\/v2\/product_brand?post=2003"},{"taxonomy":"product_cat","embeddable":true,"href":"https:\/\/daltec.ch\/fr\/wp-json\/wp\/v2\/product_cat?post=2003"},{"taxonomy":"product_tag","embeddable":true,"href":"https:\/\/daltec.ch\/fr\/wp-json\/wp\/v2\/product_tag?post=2003"}],"curies":[{"name":"wp","href":"https:\/\/api.w.org\/{rel}","templated":true}]}}