{"id":2010,"date":"2024-11-29T12:06:13","date_gmt":"2024-11-29T12:06:13","guid":{"rendered":"https:\/\/daltec.ch\/?post_type=product&#038;p=2010"},"modified":"2025-06-17T14:46:54","modified_gmt":"2025-06-17T14:46:54","slug":"sportscaravan-1","status":"publish","type":"product","link":"https:\/\/daltec.ch\/fr\/product\/sportscaravan-1","title":{"rendered":"Daltec Sportscaravan 1, 3600x1800x1900 mm, 2700 Kg"},"content":{"rendered":"<p><strong><em>Prix: voir liste de prix sur page d'accueil<\/em><\/strong><\/p>\n<p>Entdecken Sie Sport Transport Caravan 360 &#8211; die perfekte Kombination aus Campingkomfort und Transportfunktionalit\u00e4t!<\/p>\n<p>Keine Kompromisse mehr beim Transport ihrer bevorzugten Freizeitausr\u00fcstung!<\/p>\n<h4>Equipement:<\/h4>\n<ul>\n<li>Hinten Heckrampe \u00fcberfahrbar mit Aluminium<\/li>\n<li>Seitent\u00fcr<\/li>\n<li>Dachfenster Dometic 400&#215;400 &#8211; 1 Stk.<\/li>\n<li>Fenster 700&#215;350 mit Rollo &#8211; 4 Stk.<\/li>\n<li>Heizung &#8211; 1 Stk.<\/li>\n<li>Waschbecken mit Armaturen<\/li>\n<li>H\u00e4ngeschr\u00e4nke<\/li>\n<li>2 Klappbetten an den Seiten mit Matratzen und Schr\u00e4nken unter dem Bett<\/li>\n<li>PCV carpeT<\/li>\n<li>Installation 230 V (Innenbeleuchtung &#8211; 1 LED-Lampe; hermetische Doppelsteckdose x 2; Steckdose x 3; Schalter; Sicherungskasten)<\/li>\n<li>Einbau 12 V (1 LED-Lampe)<\/li>\n<li>Wand-\/Dachst\u00e4rke &#8211; ca. 30 mm &#8211; gef\u00fcllt mit Styropor; innen und au\u00dfen wei\u00dfes Laminat mit glatter Oberfl\u00e4che.<\/li>\n<li>Bodenst\u00e4rke &#8211; 15 mm &#8211; innen mit rutschfestem Sperrholz;<\/li>\n<li>St\u00fctzrad<\/li>\n<li>4 verstellbare St\u00fctzbeine<\/li>\n<li>Ladungsbefestigungshalterungen im Boden (6 Stk.)<\/li>\n<\/ul>","protected":false},"excerpt":{"rendered":"<h5><span style=\"color: #ff6600;\"><em>Preis: Siehe Preisliste auf Startseite<\/em><\/span><\/h5>\n<h4>Technische Daten:<\/h4>\n<table class=\"table\">\n<tbody>\n<tr>\n<th>L\u00e4nge<\/th>\n<td>3600 <small>mm<\/small><\/td>\n<\/tr>\n<tr>\n<th>Breite<\/th>\n<td>1800 <small>mm<\/small><\/td>\n<\/tr>\n<tr>\n<th>H\u00f6he<\/th>\n<td>1900 <small>mm<\/small><\/td>\n<\/tr>\n<tr>\n<th>Achsen<\/th>\n<td>1<small><\/small><\/td>\n<\/tr>\n<tr>\n<th>Gesamtgewicht<\/th>\n<td>1300 <small>kg<\/small><\/td>\n<\/tr>\n<tr>\n<th>Nutzlast<\/th>\n<td>500 <small>kg<\/small><\/td>\n<\/tr>\n<tr>\n<th><\/th>\n<td><\/td>\n<\/tr>\n<\/tbody>\n<\/table>\n<h4>Optionen:<\/h4>\n<div class=\"product-configure-custom-option-item\"><input id=\"product_configure_custom_8552146_74368800\" name=\"custom[8552146][]\" type=\"checkbox\" value=\"74368800\" \/>\u00a0<label for=\"product_configure_custom_8552146_74368800\">Einstiegsb\u00fchne klappbar (+CHF 68,00)<\/label><\/div>\n<div class=\"product-configure-custom-option-item\"><input id=\"product_configure_custom_8552146_74368801\" name=\"custom[8552146][]\" type=\"checkbox\" value=\"74368801\" \/>\u00a0<label for=\"product_configure_custom_8552146_74368801\">Ersatzrad 165 R13 C (+CHF 113,00)<\/label><\/div>\n<div class=\"product-configure-custom-option-item\"><input id=\"product_configure_custom_8552146_74368802\" name=\"custom[8552146][]\" type=\"checkbox\" value=\"74368802\" \/>\u00a0<label for=\"product_configure_custom_8552146_74368802\">Ersatzrad-Halterung (+CHF 53,00)<\/label><\/div>\n<div class=\"product-configure-custom-option-item\"><input id=\"product_configure_custom_8552146_74368803\" name=\"custom[8552146][]\" type=\"checkbox\" value=\"74368803\" \/>\u00a0<label for=\"product_configure_custom_8552146_74368803\">Grafiken (+CHF 225,00)<\/label><\/div>\n<div class=\"product-configure-custom-option-item\"><input id=\"product_configure_custom_8552146_74368804\" name=\"custom[8552146][]\" type=\"checkbox\" value=\"74368804\" \/>\u00a0<label for=\"product_configure_custom_8552146_74368804\">Aluminium-Felgen (+CHF 315,00)<\/label><\/div>\n<div class=\"product-configure-custom-option-item\"><input id=\"product_configure_custom_8552146_74368805\" name=\"custom[8552146][]\" type=\"checkbox\" value=\"74368805\" \/>\u00a0<label for=\"product_configure_custom_8552146_74368805\">Dachreling (schwarz-verzinkt und lackiert) (+CHF 225,00)<\/label><\/div>\n<div class=\"product-configure-custom-option-item\"><input id=\"product_configure_custom_8552146_74368806\" name=\"custom[8552146][]\" type=\"checkbox\" value=\"74368806\" \/>\u00a0<label for=\"product_configure_custom_8552146_74368806\">Alu\/schwarze Kotfl\u00fcgel (+CHF 150,00)<\/label><\/div>\n<div class=\"product-configure-custom-option-item\"><input id=\"product_configure_custom_8552146_74368807\" name=\"custom[8552146][]\" type=\"checkbox\" value=\"74368807\" \/>\u00a0<label for=\"product_configure_custom_8552146_74368807\">Au\u00dfenlampe (LED) (+CHF 75,00)<\/label><\/div>\n<div class=\"product-configure-custom-option-item\"><input id=\"product_configure_custom_8552146_74368808\" name=\"custom[8552146][]\" type=\"checkbox\" value=\"74368808\" \/>\u00a0<label for=\"product_configure_custom_8552146_74368808\">Radabdeckungen (+CHF 15,00)<\/label><\/div>\n<div class=\"product-configure-custom-option-item\"><input id=\"product_configure_custom_8552146_74368809\" name=\"custom[8552146][]\" type=\"checkbox\" value=\"74368809\" \/>\u00a0<label for=\"product_configure_custom_8552146_74368809\">Sto\u00dfd\u00e4mpfer (+CHF 75,00)<\/label><\/div>\n<div class=\"product-configure-custom-option-item\"><input id=\"product_configure_custom_8552146_74368810\" name=\"custom[8552146][]\" type=\"checkbox\" value=\"74368810\" \/>\u00a0<label for=\"product_configure_custom_8552146_74368810\">Anh\u00e4ngerkupplung mit Stabilisator Knott (+CHF 375,00)<\/label><\/div>\n","protected":false},"featured_media":2899,"comment_status":"open","ping_status":"closed","template":"","meta":{"_acf_changed":false},"product_brand":[],"product_cat":[229,22],"product_tag":[],"class_list":{"0":"post-2010","1":"product","2":"type-product","3":"status-publish","4":"has-post-thumbnail","6":"product_cat-motorradtransportanhaenger-koffer-geschlossen","7":"product_cat-sportgeraete-transportanhaenger","9":"first","10":"instock","11":"featured","12":"shipping-taxable","13":"purchasable","14":"product-type-simple"},"acf":[],"yoast_head":"<!-- This site is optimized with the Yoast SEO plugin v27.4 - https:\/\/yoast.com\/product\/yoast-seo-wordpress\/ -->\n<title>Daltec Sportscaravan 1, 3600x1800x1900 mm, 2700 Kg - Daltec<\/title>\n<meta name=\"robots\" content=\"index, follow, max-snippet:-1, max-image-preview:large, max-video-preview:-1\" \/>\n<link rel=\"canonical\" href=\"https:\/\/daltec.ch\/fr\/product\/sportscaravan-1\/\" \/>\n<meta property=\"og:locale\" content=\"fr_FR\" \/>\n<meta property=\"og:type\" content=\"article\" \/>\n<meta property=\"og:title\" content=\"Daltec Sportscaravan 1, 3600x1800x1900 mm, 2700 Kg - Daltec\" \/>\n<meta property=\"og:description\" content=\"Preis: Siehe Preisliste auf Startseite Technische Daten:    L\u00e4nge 3600 mm   Breite 1800 mm   H\u00f6he 1900 mm   Achsen 1   Gesamtgewicht 1300 kg   Nutzlast 500 kg        Optionen: \u00a0Einstiegsb\u00fchne klappbar (+CHF 68,00) \u00a0Ersatzrad 165 R13 C (+CHF 113,00) \u00a0Ersatzrad-Halterung (+CHF 53,00) \u00a0Grafiken (+CHF 225,00) \u00a0Aluminium-Felgen (+CHF 315,00) \u00a0Dachreling (schwarz-verzinkt und lackiert) (+CHF 225,00) \u00a0Alu\/schwarze Kotfl\u00fcgel (+CHF 150,00) \u00a0Au\u00dfenlampe (LED) (+CHF 75,00) \u00a0Radabdeckungen (+CHF 15,00) \u00a0Sto\u00dfd\u00e4mpfer (+CHF 75,00) \u00a0Anh\u00e4ngerkupplung mit Stabilisator Knott (+CHF 375,00)\" \/>\n<meta property=\"og:url\" content=\"https:\/\/daltec.ch\/fr\/product\/sportscaravan-1\/\" \/>\n<meta property=\"og:site_name\" content=\"Daltec\" \/>\n<meta property=\"article:publisher\" content=\"https:\/\/www.facebook.com\/DaltecAG\" \/>\n<meta property=\"article:modified_time\" content=\"2025-06-17T14:46:54+00:00\" \/>\n<meta property=\"og:image\" content=\"https:\/\/daltec.ch\/wp-content\/uploads\/2024\/11\/Sportcaravan-1.png\" \/>\n\t<meta property=\"og:image:width\" content=\"700\" \/>\n\t<meta property=\"og:image:height\" content=\"700\" \/>\n\t<meta property=\"og:image:type\" content=\"image\/png\" \/>\n<meta name=\"twitter:card\" content=\"summary_large_image\" \/>\n<meta name=\"twitter:label1\" content=\"Dur\u00e9e de lecture estim\u00e9e\" \/>\n\t<meta name=\"twitter:data1\" content=\"1 minute\" \/>\n<script type=\"application\/ld+json\" class=\"yoast-schema-graph\">{\"@context\":\"https:\\\/\\\/schema.org\",\"@graph\":[{\"@type\":\"WebPage\",\"@id\":\"https:\\\/\\\/daltec.ch\\\/product\\\/sportscaravan-1\",\"url\":\"https:\\\/\\\/daltec.ch\\\/product\\\/sportscaravan-1\",\"name\":\"Daltec Sportscaravan 1, 3600x1800x1900 mm, 2700 Kg - Daltec\",\"isPartOf\":{\"@id\":\"https:\\\/\\\/daltec.ch\\\/fr\\\/#website\"},\"primaryImageOfPage\":{\"@id\":\"https:\\\/\\\/daltec.ch\\\/product\\\/sportscaravan-1#primaryimage\"},\"image\":{\"@id\":\"https:\\\/\\\/daltec.ch\\\/product\\\/sportscaravan-1#primaryimage\"},\"thumbnailUrl\":\"https:\\\/\\\/daltec.ch\\\/wp-content\\\/uploads\\\/2024\\\/11\\\/Sportcaravan-1.png\",\"datePublished\":\"2024-11-29T12:06:13+00:00\",\"dateModified\":\"2025-06-17T14:46:54+00:00\",\"breadcrumb\":{\"@id\":\"https:\\\/\\\/daltec.ch\\\/product\\\/sportscaravan-1#breadcrumb\"},\"inLanguage\":\"fr-FR\",\"potentialAction\":[{\"@type\":\"ReadAction\",\"target\":[\"https:\\\/\\\/daltec.ch\\\/product\\\/sportscaravan-1\"]}]},{\"@type\":\"ImageObject\",\"inLanguage\":\"fr-FR\",\"@id\":\"https:\\\/\\\/daltec.ch\\\/product\\\/sportscaravan-1#primaryimage\",\"url\":\"https:\\\/\\\/daltec.ch\\\/wp-content\\\/uploads\\\/2024\\\/11\\\/Sportcaravan-1.png\",\"contentUrl\":\"https:\\\/\\\/daltec.ch\\\/wp-content\\\/uploads\\\/2024\\\/11\\\/Sportcaravan-1.png\",\"width\":700,\"height\":700},{\"@type\":\"BreadcrumbList\",\"@id\":\"https:\\\/\\\/daltec.ch\\\/product\\\/sportscaravan-1#breadcrumb\",\"itemListElement\":[{\"@type\":\"ListItem\",\"position\":1,\"name\":\"Startseite\",\"item\":\"https:\\\/\\\/daltec.ch\\\/\"},{\"@type\":\"ListItem\",\"position\":2,\"name\":\"anhaenger\",\"item\":\"https:\\\/\\\/daltec.ch\\\/anhaenger\"},{\"@type\":\"ListItem\",\"position\":3,\"name\":\"Daltec Sportscaravan 1, 3600x1800x1900 mm, 2700 Kg\"}]},{\"@type\":\"WebSite\",\"@id\":\"https:\\\/\\\/daltec.ch\\\/fr\\\/#website\",\"url\":\"https:\\\/\\\/daltec.ch\\\/fr\\\/\",\"name\":\"Daltec Trailers\",\"description\":\"\",\"publisher\":{\"@id\":\"https:\\\/\\\/daltec.ch\\\/fr\\\/#organization\"},\"potentialAction\":[{\"@type\":\"SearchAction\",\"target\":{\"@type\":\"EntryPoint\",\"urlTemplate\":\"https:\\\/\\\/daltec.ch\\\/fr\\\/?s={search_term_string}\"},\"query-input\":{\"@type\":\"PropertyValueSpecification\",\"valueRequired\":true,\"valueName\":\"search_term_string\"}}],\"inLanguage\":\"fr-FR\"},{\"@type\":\"Organization\",\"@id\":\"https:\\\/\\\/daltec.ch\\\/fr\\\/#organization\",\"name\":\"Daltec AG\",\"url\":\"https:\\\/\\\/daltec.ch\\\/fr\\\/\",\"logo\":{\"@type\":\"ImageObject\",\"inLanguage\":\"fr-FR\",\"@id\":\"https:\\\/\\\/daltec.ch\\\/fr\\\/#\\\/schema\\\/logo\\\/image\\\/\",\"url\":\"https:\\\/\\\/daltec.ch\\\/wp-content\\\/uploads\\\/2025\\\/08\\\/dlteclogo.webp\",\"contentUrl\":\"https:\\\/\\\/daltec.ch\\\/wp-content\\\/uploads\\\/2025\\\/08\\\/dlteclogo.webp\",\"width\":500,\"height\":195,\"caption\":\"Daltec AG\"},\"image\":{\"@id\":\"https:\\\/\\\/daltec.ch\\\/fr\\\/#\\\/schema\\\/logo\\\/image\\\/\"},\"sameAs\":[\"https:\\\/\\\/www.facebook.com\\\/DaltecAG\"]}]}<\/script>\n<!-- \/ Yoast SEO plugin. -->","yoast_head_json":{"title":"Daltec Sportscaravan 1, 3600x1800x1900 mm, 2700 Kg - Daltec","robots":{"index":"index","follow":"follow","max-snippet":"max-snippet:-1","max-image-preview":"max-image-preview:large","max-video-preview":"max-video-preview:-1"},"canonical":"https:\/\/daltec.ch\/fr\/product\/sportscaravan-1\/","og_locale":"fr_FR","og_type":"article","og_title":"Daltec Sportscaravan 1, 3600x1800x1900 mm, 2700 Kg - Daltec","og_description":"Preis: Siehe Preisliste auf Startseite Technische Daten:    L\u00e4nge 3600 mm   Breite 1800 mm   H\u00f6he 1900 mm   Achsen 1   Gesamtgewicht 1300 kg   Nutzlast 500 kg        Optionen: \u00a0Einstiegsb\u00fchne klappbar (+CHF 68,00) \u00a0Ersatzrad 165 R13 C (+CHF 113,00) \u00a0Ersatzrad-Halterung (+CHF 53,00) \u00a0Grafiken (+CHF 225,00) \u00a0Aluminium-Felgen (+CHF 315,00) \u00a0Dachreling (schwarz-verzinkt und lackiert) (+CHF 225,00) \u00a0Alu\/schwarze Kotfl\u00fcgel (+CHF 150,00) \u00a0Au\u00dfenlampe (LED) (+CHF 75,00) \u00a0Radabdeckungen (+CHF 15,00) \u00a0Sto\u00dfd\u00e4mpfer (+CHF 75,00) \u00a0Anh\u00e4ngerkupplung mit Stabilisator Knott (+CHF 375,00)","og_url":"https:\/\/daltec.ch\/fr\/product\/sportscaravan-1\/","og_site_name":"Daltec","article_publisher":"https:\/\/www.facebook.com\/DaltecAG","article_modified_time":"2025-06-17T14:46:54+00:00","og_image":[{"width":700,"height":700,"url":"https:\/\/daltec.ch\/wp-content\/uploads\/2024\/11\/Sportcaravan-1.png","type":"image\/png"}],"twitter_card":"summary_large_image","twitter_misc":{"Dur\u00e9e de lecture estim\u00e9e":"1 minute"},"schema":{"@context":"https:\/\/schema.org","@graph":[{"@type":"WebPage","@id":"https:\/\/daltec.ch\/product\/sportscaravan-1","url":"https:\/\/daltec.ch\/product\/sportscaravan-1","name":"Daltec Sportscaravan 1, 3600x1800x1900 mm, 2700 Kg - Daltec","isPartOf":{"@id":"https:\/\/daltec.ch\/fr\/#website"},"primaryImageOfPage":{"@id":"https:\/\/daltec.ch\/product\/sportscaravan-1#primaryimage"},"image":{"@id":"https:\/\/daltec.ch\/product\/sportscaravan-1#primaryimage"},"thumbnailUrl":"https:\/\/daltec.ch\/wp-content\/uploads\/2024\/11\/Sportcaravan-1.png","datePublished":"2024-11-29T12:06:13+00:00","dateModified":"2025-06-17T14:46:54+00:00","breadcrumb":{"@id":"https:\/\/daltec.ch\/product\/sportscaravan-1#breadcrumb"},"inLanguage":"fr-FR","potentialAction":[{"@type":"ReadAction","target":["https:\/\/daltec.ch\/product\/sportscaravan-1"]}]},{"@type":"ImageObject","inLanguage":"fr-FR","@id":"https:\/\/daltec.ch\/product\/sportscaravan-1#primaryimage","url":"https:\/\/daltec.ch\/wp-content\/uploads\/2024\/11\/Sportcaravan-1.png","contentUrl":"https:\/\/daltec.ch\/wp-content\/uploads\/2024\/11\/Sportcaravan-1.png","width":700,"height":700},{"@type":"BreadcrumbList","@id":"https:\/\/daltec.ch\/product\/sportscaravan-1#breadcrumb","itemListElement":[{"@type":"ListItem","position":1,"name":"Startseite","item":"https:\/\/daltec.ch\/"},{"@type":"ListItem","position":2,"name":"anhaenger","item":"https:\/\/daltec.ch\/anhaenger"},{"@type":"ListItem","position":3,"name":"Daltec Sportscaravan 1, 3600x1800x1900 mm, 2700 Kg"}]},{"@type":"WebSite","@id":"https:\/\/daltec.ch\/fr\/#website","url":"https:\/\/daltec.ch\/fr\/","name":"Daltec Trailers","description":"","publisher":{"@id":"https:\/\/daltec.ch\/fr\/#organization"},"potentialAction":[{"@type":"SearchAction","target":{"@type":"EntryPoint","urlTemplate":"https:\/\/daltec.ch\/fr\/?s={search_term_string}"},"query-input":{"@type":"PropertyValueSpecification","valueRequired":true,"valueName":"search_term_string"}}],"inLanguage":"fr-FR"},{"@type":"Organization","@id":"https:\/\/daltec.ch\/fr\/#organization","name":"Daltec AG","url":"https:\/\/daltec.ch\/fr\/","logo":{"@type":"ImageObject","inLanguage":"fr-FR","@id":"https:\/\/daltec.ch\/fr\/#\/schema\/logo\/image\/","url":"https:\/\/daltec.ch\/wp-content\/uploads\/2025\/08\/dlteclogo.webp","contentUrl":"https:\/\/daltec.ch\/wp-content\/uploads\/2025\/08\/dlteclogo.webp","width":500,"height":195,"caption":"Daltec AG"},"image":{"@id":"https:\/\/daltec.ch\/fr\/#\/schema\/logo\/image\/"},"sameAs":["https:\/\/www.facebook.com\/DaltecAG"]}]}},"_links":{"self":[{"href":"https:\/\/daltec.ch\/fr\/wp-json\/wp\/v2\/product\/2010","targetHints":{"allow":["GET"]}}],"collection":[{"href":"https:\/\/daltec.ch\/fr\/wp-json\/wp\/v2\/product"}],"about":[{"href":"https:\/\/daltec.ch\/fr\/wp-json\/wp\/v2\/types\/product"}],"replies":[{"embeddable":true,"href":"https:\/\/daltec.ch\/fr\/wp-json\/wp\/v2\/comments?post=2010"}],"wp:featuredmedia":[{"embeddable":true,"href":"https:\/\/daltec.ch\/fr\/wp-json\/wp\/v2\/media\/2899"}],"wp:attachment":[{"href":"https:\/\/daltec.ch\/fr\/wp-json\/wp\/v2\/media?parent=2010"}],"wp:term":[{"taxonomy":"product_brand","embeddable":true,"href":"https:\/\/daltec.ch\/fr\/wp-json\/wp\/v2\/product_brand?post=2010"},{"taxonomy":"product_cat","embeddable":true,"href":"https:\/\/daltec.ch\/fr\/wp-json\/wp\/v2\/product_cat?post=2010"},{"taxonomy":"product_tag","embeddable":true,"href":"https:\/\/daltec.ch\/fr\/wp-json\/wp\/v2\/product_tag?post=2010"}],"curies":[{"name":"wp","href":"https:\/\/api.w.org\/{rel}","templated":true}]}}