{"id":2034,"date":"2024-11-29T19:03:06","date_gmt":"2024-11-29T19:03:06","guid":{"rendered":"https:\/\/daltec.ch\/?post_type=product&#038;p=2034"},"modified":"2025-06-17T14:19:27","modified_gmt":"2025-06-17T14:19:27","slug":"santorini-full","status":"publish","type":"product","link":"https:\/\/daltec.ch\/fr\/product\/santorini-full","title":{"rendered":"Daltec Santorini Full, 3600x2000x2300 mm, 1300 Kg"},"content":{"rendered":"<p><strong><em>Prix: voir liste de prix sur page d'accueil<\/em><\/strong><\/p>\n<p><strong>Equipement:<\/strong><\/p>\n<p>&nbsp;<\/p>","protected":false},"excerpt":{"rendered":"<h5>Prix: voir liste de prix sur page d'accueil<\/h5>\n<p>Avec b\u00e2che et hayon \u00e9l\u00e9vateur - la remorque cargo par excellence<\/p>\n<h4>Sp\u00e9cifications<\/h4>\n<table class=\"table\">\n<tbody>\n<tr>\n<th>Longueur int\u00e9rieure<\/th>\n<td><small>3600 mm<\/small><\/td>\n<\/tr>\n<tr>\n<th>Largeur int\u00e9rieure<\/th>\n<td><small>2000 mm<\/small><\/td>\n<\/tr>\n<tr>\n<th>Hauteur int\u00e9rieure<\/th>\n<td>2300 <small>mm<\/small><\/td>\n<\/tr>\n<tr>\n<th>Essieux<\/th>\n<td>1<small><\/small><\/td>\n<\/tr>\n<tr>\n<th>Poids total<\/th>\n<td>1300 <small>kg<\/small><\/td>\n<\/tr>\n<tr>\n<th>Charge utile<\/th>\n<td><small>225 kg<\/small><\/td>\n<\/tr>\n<tr>\n<th>Roues<\/th>\n<td>195 R 14 C<\/td>\n<\/tr>\n<\/tbody>\n<\/table>\n<h6>Options<\/h6>\n<table>\n<tbody>\n<tr>\n<td>Timon r\u00e9glable en hauteur<\/td>\n<td>2 800 CHF<\/td>\n<\/tr>\n<tr>\n<td>Pont recouvert d'une t\u00f4le alu stri\u00e9 \/ m2<br \/>\n<strong>Prix 130.00 CHF \/ m2<\/strong><\/td>\n<td>130 CHF<\/td>\n<\/tr>\n<tr>\n<td>Transbordement alu 1800 mm<\/td>\n<td>1 690 CHF<\/td>\n<\/tr>\n<tr>\n<td>Echelle<\/td>\n<td>400 CHF<\/td>\n<\/tr>\n<tr>\n<td>Transbordement inox 600 mm<\/td>\n<td>960 CHF<\/td>\n<\/tr>\n<tr>\n<td>Pied d'appui Simol 500 Kg, la paire<br \/>\n<strong>Avec support<\/strong><\/td>\n<td>380 CHF<\/td>\n<\/tr>\n<tr>\n<td>B\u00e2che angle cass\u00e9 \u0155 l'avant<\/td>\n<td>450 CHF<\/td>\n<\/tr>\n<tr>\n<td>Roue 195\/50 R 13 C<\/td>\n<td>90 CHF<\/td>\n<\/tr>\n<tr>\n<td>Roue 195\/55 R 10<\/td>\n<td>70 CHF<\/td>\n<\/tr>\n<tr>\n<td>B\u00e2che coulissante<\/td>\n<td>0 CHF<\/td>\n<\/tr>\n<tr>\n<td>Coffre pour batterie avec batterie incluse<\/td>\n<td>530 CHF<\/td>\n<\/tr>\n<tr>\n<td>Supports hydrauliques<\/td>\n<td>1 450 CHF<\/td>\n<\/tr>\n<\/tbody>\n<\/table>","protected":false},"featured_media":2200,"comment_status":"open","ping_status":"closed","template":"","meta":{"_acf_changed":false},"product_brand":[],"product_cat":[31],"product_tag":[],"class_list":{"0":"post-2034","1":"product","2":"type-product","3":"status-publish","4":"has-post-thumbnail","6":"product_cat-verkaufsfanhaenger","8":"first","9":"instock","10":"shipping-taxable","11":"purchasable","12":"product-type-simple"},"acf":[],"yoast_head":"<!-- This site is optimized with the Yoast SEO plugin v27.2 - https:\/\/yoast.com\/product\/yoast-seo-wordpress\/ -->\n<title>Daltec Santorini Full, 3600x2000x2300 mm, 1300 Kg - Daltec<\/title>\n<meta name=\"robots\" content=\"index, follow, max-snippet:-1, max-image-preview:large, max-video-preview:-1\" \/>\n<link rel=\"canonical\" href=\"https:\/\/daltec.ch\/fr\/product\/santorini-full\/\" \/>\n<meta property=\"og:locale\" content=\"fr_FR\" \/>\n<meta property=\"og:type\" content=\"article\" \/>\n<meta property=\"og:title\" content=\"Daltec Santorini Full, 3600x2000x2300 mm, 1300 Kg - Daltec\" \/>\n<meta property=\"og:description\" content=\"Preis: Siehe Preisliste auf Startseite Mit Plane und Hebeb\u00fchne - Der ultimativer Cargo- Anh\u00e4nger Technische Daten    L\u00e4nge 3600 mm   Breite 2000 mm   H\u00f6he 2300 mm   Achsen 1   Gesamtgewicht 1300 kg   Nutzlast 225 kg   R\u00e4der 195 R 14 C    Optionen    H\u00f6henverstellbare Deichsel ab 2 T 2 800 CHF   Boden mit Riffelblech belegt \/ m2 Preis 130.00 CHF \/ m2 130 CHF   Durchladesystem Alu 1800 mm 1 690 CHF   Leitergestell 400 CHF   Durchladesystem Inox 600 mm 960 CHF   Simol St\u00fctzfuss 500 Kg, Paar mit Halter 380 CHF   Plane abgeschr\u00e4gt vorne 450 CHF   Rad 195\/50 R 13 C 90 CHF   Rad 195\/55 R 10 70 CHF   Schiebeplane 0 CHF   Batteriekasten inkl. Batterie 530 CHF   Hydraulische St\u00fctzen 1 450 CHF\" \/>\n<meta property=\"og:url\" content=\"https:\/\/daltec.ch\/fr\/product\/santorini-full\/\" \/>\n<meta property=\"og:site_name\" content=\"Daltec\" \/>\n<meta property=\"article:publisher\" content=\"https:\/\/www.facebook.com\/DaltecAG\" \/>\n<meta property=\"article:modified_time\" content=\"2025-06-17T14:19:27+00:00\" \/>\n<meta property=\"og:image\" content=\"https:\/\/daltec.ch\/wp-content\/uploads\/2024\/11\/IMG_6620.png\" \/>\n\t<meta property=\"og:image:width\" content=\"419\" \/>\n\t<meta property=\"og:image:height\" content=\"314\" \/>\n\t<meta property=\"og:image:type\" content=\"image\/png\" \/>\n<meta name=\"twitter:card\" content=\"summary_large_image\" \/>\n<script type=\"application\/ld+json\" class=\"yoast-schema-graph\">{\"@context\":\"https:\/\/schema.org\",\"@graph\":[{\"@type\":\"WebPage\",\"@id\":\"https:\/\/daltec.ch\/product\/santorini-full\",\"url\":\"https:\/\/daltec.ch\/product\/santorini-full\",\"name\":\"Daltec Santorini Full, 3600x2000x2300 mm, 1300 Kg - Daltec\",\"isPartOf\":{\"@id\":\"https:\/\/daltec.ch\/fr\/#website\"},\"primaryImageOfPage\":{\"@id\":\"https:\/\/daltec.ch\/product\/santorini-full#primaryimage\"},\"image\":{\"@id\":\"https:\/\/daltec.ch\/product\/santorini-full#primaryimage\"},\"thumbnailUrl\":\"https:\/\/daltec.ch\/wp-content\/uploads\/2024\/11\/IMG_6620.png\",\"datePublished\":\"2024-11-29T19:03:06+00:00\",\"dateModified\":\"2025-06-17T14:19:27+00:00\",\"breadcrumb\":{\"@id\":\"https:\/\/daltec.ch\/product\/santorini-full#breadcrumb\"},\"inLanguage\":\"fr-FR\",\"potentialAction\":[{\"@type\":\"ReadAction\",\"target\":[\"https:\/\/daltec.ch\/product\/santorini-full\"]}]},{\"@type\":\"ImageObject\",\"inLanguage\":\"fr-FR\",\"@id\":\"https:\/\/daltec.ch\/product\/santorini-full#primaryimage\",\"url\":\"https:\/\/daltec.ch\/wp-content\/uploads\/2024\/11\/IMG_6620.png\",\"contentUrl\":\"https:\/\/daltec.ch\/wp-content\/uploads\/2024\/11\/IMG_6620.png\",\"width\":419,\"height\":314},{\"@type\":\"BreadcrumbList\",\"@id\":\"https:\/\/daltec.ch\/product\/santorini-full#breadcrumb\",\"itemListElement\":[{\"@type\":\"ListItem\",\"position\":1,\"name\":\"Startseite\",\"item\":\"https:\/\/daltec.ch\/\"},{\"@type\":\"ListItem\",\"position\":2,\"name\":\"anhaenger\",\"item\":\"https:\/\/daltec.ch\/anhaenger\"},{\"@type\":\"ListItem\",\"position\":3,\"name\":\"Daltec Santorini Full, 3600x2000x2300 mm, 1300 Kg\"}]},{\"@type\":\"WebSite\",\"@id\":\"https:\/\/daltec.ch\/fr\/#website\",\"url\":\"https:\/\/daltec.ch\/fr\/\",\"name\":\"Daltec Trailers\",\"description\":\"\",\"publisher\":{\"@id\":\"https:\/\/daltec.ch\/fr\/#organization\"},\"potentialAction\":[{\"@type\":\"SearchAction\",\"target\":{\"@type\":\"EntryPoint\",\"urlTemplate\":\"https:\/\/daltec.ch\/fr\/?s={search_term_string}\"},\"query-input\":{\"@type\":\"PropertyValueSpecification\",\"valueRequired\":true,\"valueName\":\"search_term_string\"}}],\"inLanguage\":\"fr-FR\"},{\"@type\":\"Organization\",\"@id\":\"https:\/\/daltec.ch\/fr\/#organization\",\"name\":\"Daltec AG\",\"url\":\"https:\/\/daltec.ch\/fr\/\",\"logo\":{\"@type\":\"ImageObject\",\"inLanguage\":\"fr-FR\",\"@id\":\"https:\/\/daltec.ch\/fr\/#\/schema\/logo\/image\/\",\"url\":\"https:\/\/daltec.ch\/wp-content\/uploads\/2025\/08\/dlteclogo.webp\",\"contentUrl\":\"https:\/\/daltec.ch\/wp-content\/uploads\/2025\/08\/dlteclogo.webp\",\"width\":500,\"height\":195,\"caption\":\"Daltec AG\"},\"image\":{\"@id\":\"https:\/\/daltec.ch\/fr\/#\/schema\/logo\/image\/\"},\"sameAs\":[\"https:\/\/www.facebook.com\/DaltecAG\"]}]}<\/script>\n<!-- \/ Yoast SEO plugin. -->","yoast_head_json":{"title":"Daltec Santorini Full, 3600x2000x2300 mm, 1300 Kg - Daltec","robots":{"index":"index","follow":"follow","max-snippet":"max-snippet:-1","max-image-preview":"max-image-preview:large","max-video-preview":"max-video-preview:-1"},"canonical":"https:\/\/daltec.ch\/fr\/product\/santorini-full\/","og_locale":"fr_FR","og_type":"article","og_title":"Daltec Santorini Full, 3600x2000x2300 mm, 1300 Kg - Daltec","og_description":"Preis: Siehe Preisliste auf Startseite Mit Plane und Hebeb\u00fchne - Der ultimativer Cargo- Anh\u00e4nger Technische Daten    L\u00e4nge 3600 mm   Breite 2000 mm   H\u00f6he 2300 mm   Achsen 1   Gesamtgewicht 1300 kg   Nutzlast 225 kg   R\u00e4der 195 R 14 C    Optionen    H\u00f6henverstellbare Deichsel ab 2 T 2 800 CHF   Boden mit Riffelblech belegt \/ m2 Preis 130.00 CHF \/ m2 130 CHF   Durchladesystem Alu 1800 mm 1 690 CHF   Leitergestell 400 CHF   Durchladesystem Inox 600 mm 960 CHF   Simol St\u00fctzfuss 500 Kg, Paar mit Halter 380 CHF   Plane abgeschr\u00e4gt vorne 450 CHF   Rad 195\/50 R 13 C 90 CHF   Rad 195\/55 R 10 70 CHF   Schiebeplane 0 CHF   Batteriekasten inkl. Batterie 530 CHF   Hydraulische St\u00fctzen 1 450 CHF","og_url":"https:\/\/daltec.ch\/fr\/product\/santorini-full\/","og_site_name":"Daltec","article_publisher":"https:\/\/www.facebook.com\/DaltecAG","article_modified_time":"2025-06-17T14:19:27+00:00","og_image":[{"width":419,"height":314,"url":"https:\/\/daltec.ch\/wp-content\/uploads\/2024\/11\/IMG_6620.png","type":"image\/png"}],"twitter_card":"summary_large_image","schema":{"@context":"https:\/\/schema.org","@graph":[{"@type":"WebPage","@id":"https:\/\/daltec.ch\/product\/santorini-full","url":"https:\/\/daltec.ch\/product\/santorini-full","name":"Daltec Santorini Full, 3600x2000x2300 mm, 1300 Kg - Daltec","isPartOf":{"@id":"https:\/\/daltec.ch\/fr\/#website"},"primaryImageOfPage":{"@id":"https:\/\/daltec.ch\/product\/santorini-full#primaryimage"},"image":{"@id":"https:\/\/daltec.ch\/product\/santorini-full#primaryimage"},"thumbnailUrl":"https:\/\/daltec.ch\/wp-content\/uploads\/2024\/11\/IMG_6620.png","datePublished":"2024-11-29T19:03:06+00:00","dateModified":"2025-06-17T14:19:27+00:00","breadcrumb":{"@id":"https:\/\/daltec.ch\/product\/santorini-full#breadcrumb"},"inLanguage":"fr-FR","potentialAction":[{"@type":"ReadAction","target":["https:\/\/daltec.ch\/product\/santorini-full"]}]},{"@type":"ImageObject","inLanguage":"fr-FR","@id":"https:\/\/daltec.ch\/product\/santorini-full#primaryimage","url":"https:\/\/daltec.ch\/wp-content\/uploads\/2024\/11\/IMG_6620.png","contentUrl":"https:\/\/daltec.ch\/wp-content\/uploads\/2024\/11\/IMG_6620.png","width":419,"height":314},{"@type":"BreadcrumbList","@id":"https:\/\/daltec.ch\/product\/santorini-full#breadcrumb","itemListElement":[{"@type":"ListItem","position":1,"name":"Startseite","item":"https:\/\/daltec.ch\/"},{"@type":"ListItem","position":2,"name":"anhaenger","item":"https:\/\/daltec.ch\/anhaenger"},{"@type":"ListItem","position":3,"name":"Daltec Santorini Full, 3600x2000x2300 mm, 1300 Kg"}]},{"@type":"WebSite","@id":"https:\/\/daltec.ch\/fr\/#website","url":"https:\/\/daltec.ch\/fr\/","name":"Daltec Trailers","description":"","publisher":{"@id":"https:\/\/daltec.ch\/fr\/#organization"},"potentialAction":[{"@type":"SearchAction","target":{"@type":"EntryPoint","urlTemplate":"https:\/\/daltec.ch\/fr\/?s={search_term_string}"},"query-input":{"@type":"PropertyValueSpecification","valueRequired":true,"valueName":"search_term_string"}}],"inLanguage":"fr-FR"},{"@type":"Organization","@id":"https:\/\/daltec.ch\/fr\/#organization","name":"Daltec AG","url":"https:\/\/daltec.ch\/fr\/","logo":{"@type":"ImageObject","inLanguage":"fr-FR","@id":"https:\/\/daltec.ch\/fr\/#\/schema\/logo\/image\/","url":"https:\/\/daltec.ch\/wp-content\/uploads\/2025\/08\/dlteclogo.webp","contentUrl":"https:\/\/daltec.ch\/wp-content\/uploads\/2025\/08\/dlteclogo.webp","width":500,"height":195,"caption":"Daltec AG"},"image":{"@id":"https:\/\/daltec.ch\/fr\/#\/schema\/logo\/image\/"},"sameAs":["https:\/\/www.facebook.com\/DaltecAG"]}]}},"_links":{"self":[{"href":"https:\/\/daltec.ch\/fr\/wp-json\/wp\/v2\/product\/2034","targetHints":{"allow":["GET"]}}],"collection":[{"href":"https:\/\/daltec.ch\/fr\/wp-json\/wp\/v2\/product"}],"about":[{"href":"https:\/\/daltec.ch\/fr\/wp-json\/wp\/v2\/types\/product"}],"replies":[{"embeddable":true,"href":"https:\/\/daltec.ch\/fr\/wp-json\/wp\/v2\/comments?post=2034"}],"wp:featuredmedia":[{"embeddable":true,"href":"https:\/\/daltec.ch\/fr\/wp-json\/wp\/v2\/media\/2200"}],"wp:attachment":[{"href":"https:\/\/daltec.ch\/fr\/wp-json\/wp\/v2\/media?parent=2034"}],"wp:term":[{"taxonomy":"product_brand","embeddable":true,"href":"https:\/\/daltec.ch\/fr\/wp-json\/wp\/v2\/product_brand?post=2034"},{"taxonomy":"product_cat","embeddable":true,"href":"https:\/\/daltec.ch\/fr\/wp-json\/wp\/v2\/product_cat?post=2034"},{"taxonomy":"product_tag","embeddable":true,"href":"https:\/\/daltec.ch\/fr\/wp-json\/wp\/v2\/product_tag?post=2034"}],"curies":[{"name":"wp","href":"https:\/\/api.w.org\/{rel}","templated":true}]}}