{"id":2038,"date":"2024-11-29T19:19:21","date_gmt":"2024-11-29T19:19:21","guid":{"rendered":"https:\/\/daltec.ch\/?post_type=product&#038;p=2038"},"modified":"2025-08-29T07:56:40","modified_gmt":"2025-08-29T07:56:40","slug":"madagascar-0-2-full","status":"publish","type":"product","link":"https:\/\/daltec.ch\/fr\/product\/madagascar-0-2-full","title":{"rendered":"Daltec Madagascar 0.2 Full, 5200x2000x2300 mm, 2700 Kg"},"content":{"rendered":"<p><strong><em>Prix: voir liste de prix sur page d'accueil<\/em><\/strong><\/p>\n<h4>Equipement:<\/h4>\n<p>&nbsp;<\/p>","protected":false},"excerpt":{"rendered":"<h5>Prix: voir liste de prix sur page d'accueil<\/h5>\n<p>Une remorque \u00e0 deux essieux avec 2 volets de vente.<\/p>\n<h4>Sp\u00e9cifications<\/h4>\n<table class=\"table\">\n<tbody>\n<tr>\n<th>Longueur int\u00e9rieure<\/th>\n<td>5200 <small>mm<\/small><\/td>\n<\/tr>\n<tr>\n<th>Largeur int\u00e9rieure<\/th>\n<td>2000 <small>mm<\/small><\/td>\n<\/tr>\n<tr>\n<th>Hauteur int\u00e9rieure<\/th>\n<td>2300 <small>mm<\/small><\/td>\n<\/tr>\n<tr>\n<th>Essieux<\/th>\n<td>2<small><\/small><\/td>\n<\/tr>\n<tr>\n<th>Poids total<\/th>\n<td>2700 Kg<\/td>\n<\/tr>\n<tr>\n<th>Charge utile<\/th>\n<td>1680 Kg<\/td>\n<\/tr>\n<tr>\n<th>Roues<\/th>\n<td>165 R13C<\/td>\n<\/tr>\n<\/tbody>\n<\/table>","protected":false},"featured_media":2202,"comment_status":"open","ping_status":"closed","template":"","meta":{"_acf_changed":false},"product_brand":[],"product_cat":[31],"product_tag":[],"class_list":{"0":"post-2038","1":"product","2":"type-product","3":"status-publish","4":"has-post-thumbnail","6":"product_cat-verkaufsfanhaenger","8":"first","9":"instock","10":"featured","11":"shipping-taxable","12":"purchasable","13":"product-type-simple"},"acf":[],"yoast_head":"<!-- This site is optimized with the Yoast SEO plugin v27.2 - https:\/\/yoast.com\/product\/yoast-seo-wordpress\/ -->\n<title>Daltec Madagascar 0.2 Full, 5200x2000x2300 mm, 2700 Kg - Daltec<\/title>\n<meta name=\"robots\" content=\"index, follow, max-snippet:-1, max-image-preview:large, max-video-preview:-1\" \/>\n<link rel=\"canonical\" href=\"https:\/\/daltec.ch\/fr\/product\/madagascar-0-2-full\/\" \/>\n<meta property=\"og:locale\" content=\"fr_FR\" \/>\n<meta property=\"og:type\" content=\"article\" \/>\n<meta property=\"og:title\" content=\"Daltec Madagascar 0.2 Full, 5200x2000x2300 mm, 2700 Kg - Daltec\" \/>\n<meta property=\"og:description\" content=\"Preis: Siehe Preisliste auf Startseite Ein zweiachsiger Anh\u00e4nger mit 2 Verkaufsklappen. Technical data    L\u00e4nge 5200 mm   Breite 2000 mm   H\u00f6he 2300 mm   Achsen 2   Gesamtgewicht 2700 Kg   Nutzlast 1680 Kg   R\u00e4der 165 R13C\" \/>\n<meta property=\"og:url\" content=\"https:\/\/daltec.ch\/fr\/product\/madagascar-0-2-full\/\" \/>\n<meta property=\"og:site_name\" content=\"Daltec\" \/>\n<meta property=\"article:publisher\" content=\"https:\/\/www.facebook.com\/DaltecAG\" \/>\n<meta property=\"article:modified_time\" content=\"2025-08-29T07:56:40+00:00\" \/>\n<meta property=\"og:image\" content=\"https:\/\/daltec.ch\/wp-content\/uploads\/2024\/11\/IMG_6622.png\" \/>\n\t<meta property=\"og:image:width\" content=\"961\" \/>\n\t<meta property=\"og:image:height\" content=\"478\" \/>\n\t<meta property=\"og:image:type\" content=\"image\/png\" \/>\n<meta name=\"twitter:card\" content=\"summary_large_image\" \/>\n<script type=\"application\/ld+json\" class=\"yoast-schema-graph\">{\"@context\":\"https:\/\/schema.org\",\"@graph\":[{\"@type\":\"WebPage\",\"@id\":\"https:\/\/daltec.ch\/product\/madagascar-0-2-full\",\"url\":\"https:\/\/daltec.ch\/product\/madagascar-0-2-full\",\"name\":\"Daltec Madagascar 0.2 Full, 5200x2000x2300 mm, 2700 Kg - Daltec\",\"isPartOf\":{\"@id\":\"https:\/\/daltec.ch\/fr\/#website\"},\"primaryImageOfPage\":{\"@id\":\"https:\/\/daltec.ch\/product\/madagascar-0-2-full#primaryimage\"},\"image\":{\"@id\":\"https:\/\/daltec.ch\/product\/madagascar-0-2-full#primaryimage\"},\"thumbnailUrl\":\"https:\/\/daltec.ch\/wp-content\/uploads\/2024\/11\/IMG_6622.png\",\"datePublished\":\"2024-11-29T19:19:21+00:00\",\"dateModified\":\"2025-08-29T07:56:40+00:00\",\"breadcrumb\":{\"@id\":\"https:\/\/daltec.ch\/product\/madagascar-0-2-full#breadcrumb\"},\"inLanguage\":\"fr-FR\",\"potentialAction\":[{\"@type\":\"ReadAction\",\"target\":[\"https:\/\/daltec.ch\/product\/madagascar-0-2-full\"]}]},{\"@type\":\"ImageObject\",\"inLanguage\":\"fr-FR\",\"@id\":\"https:\/\/daltec.ch\/product\/madagascar-0-2-full#primaryimage\",\"url\":\"https:\/\/daltec.ch\/wp-content\/uploads\/2024\/11\/IMG_6622.png\",\"contentUrl\":\"https:\/\/daltec.ch\/wp-content\/uploads\/2024\/11\/IMG_6622.png\",\"width\":961,\"height\":478},{\"@type\":\"BreadcrumbList\",\"@id\":\"https:\/\/daltec.ch\/product\/madagascar-0-2-full#breadcrumb\",\"itemListElement\":[{\"@type\":\"ListItem\",\"position\":1,\"name\":\"Startseite\",\"item\":\"https:\/\/daltec.ch\/\"},{\"@type\":\"ListItem\",\"position\":2,\"name\":\"anhaenger\",\"item\":\"https:\/\/daltec.ch\/anhaenger\"},{\"@type\":\"ListItem\",\"position\":3,\"name\":\"Daltec Madagascar 0.2 Full, 5200x2000x2300 mm, 2700 Kg\"}]},{\"@type\":\"WebSite\",\"@id\":\"https:\/\/daltec.ch\/fr\/#website\",\"url\":\"https:\/\/daltec.ch\/fr\/\",\"name\":\"Daltec Trailers\",\"description\":\"\",\"publisher\":{\"@id\":\"https:\/\/daltec.ch\/fr\/#organization\"},\"potentialAction\":[{\"@type\":\"SearchAction\",\"target\":{\"@type\":\"EntryPoint\",\"urlTemplate\":\"https:\/\/daltec.ch\/fr\/?s={search_term_string}\"},\"query-input\":{\"@type\":\"PropertyValueSpecification\",\"valueRequired\":true,\"valueName\":\"search_term_string\"}}],\"inLanguage\":\"fr-FR\"},{\"@type\":\"Organization\",\"@id\":\"https:\/\/daltec.ch\/fr\/#organization\",\"name\":\"Daltec AG\",\"url\":\"https:\/\/daltec.ch\/fr\/\",\"logo\":{\"@type\":\"ImageObject\",\"inLanguage\":\"fr-FR\",\"@id\":\"https:\/\/daltec.ch\/fr\/#\/schema\/logo\/image\/\",\"url\":\"https:\/\/daltec.ch\/wp-content\/uploads\/2025\/08\/dlteclogo.webp\",\"contentUrl\":\"https:\/\/daltec.ch\/wp-content\/uploads\/2025\/08\/dlteclogo.webp\",\"width\":500,\"height\":195,\"caption\":\"Daltec AG\"},\"image\":{\"@id\":\"https:\/\/daltec.ch\/fr\/#\/schema\/logo\/image\/\"},\"sameAs\":[\"https:\/\/www.facebook.com\/DaltecAG\"]}]}<\/script>\n<!-- \/ Yoast SEO plugin. -->","yoast_head_json":{"title":"Daltec Madagascar 0.2 Full, 5200x2000x2300 mm, 2700 Kg - Daltec","robots":{"index":"index","follow":"follow","max-snippet":"max-snippet:-1","max-image-preview":"max-image-preview:large","max-video-preview":"max-video-preview:-1"},"canonical":"https:\/\/daltec.ch\/fr\/product\/madagascar-0-2-full\/","og_locale":"fr_FR","og_type":"article","og_title":"Daltec Madagascar 0.2 Full, 5200x2000x2300 mm, 2700 Kg - Daltec","og_description":"Preis: Siehe Preisliste auf Startseite Ein zweiachsiger Anh\u00e4nger mit 2 Verkaufsklappen. Technical data    L\u00e4nge 5200 mm   Breite 2000 mm   H\u00f6he 2300 mm   Achsen 2   Gesamtgewicht 2700 Kg   Nutzlast 1680 Kg   R\u00e4der 165 R13C","og_url":"https:\/\/daltec.ch\/fr\/product\/madagascar-0-2-full\/","og_site_name":"Daltec","article_publisher":"https:\/\/www.facebook.com\/DaltecAG","article_modified_time":"2025-08-29T07:56:40+00:00","og_image":[{"width":961,"height":478,"url":"https:\/\/daltec.ch\/wp-content\/uploads\/2024\/11\/IMG_6622.png","type":"image\/png"}],"twitter_card":"summary_large_image","schema":{"@context":"https:\/\/schema.org","@graph":[{"@type":"WebPage","@id":"https:\/\/daltec.ch\/product\/madagascar-0-2-full","url":"https:\/\/daltec.ch\/product\/madagascar-0-2-full","name":"Daltec Madagascar 0.2 Full, 5200x2000x2300 mm, 2700 Kg - Daltec","isPartOf":{"@id":"https:\/\/daltec.ch\/fr\/#website"},"primaryImageOfPage":{"@id":"https:\/\/daltec.ch\/product\/madagascar-0-2-full#primaryimage"},"image":{"@id":"https:\/\/daltec.ch\/product\/madagascar-0-2-full#primaryimage"},"thumbnailUrl":"https:\/\/daltec.ch\/wp-content\/uploads\/2024\/11\/IMG_6622.png","datePublished":"2024-11-29T19:19:21+00:00","dateModified":"2025-08-29T07:56:40+00:00","breadcrumb":{"@id":"https:\/\/daltec.ch\/product\/madagascar-0-2-full#breadcrumb"},"inLanguage":"fr-FR","potentialAction":[{"@type":"ReadAction","target":["https:\/\/daltec.ch\/product\/madagascar-0-2-full"]}]},{"@type":"ImageObject","inLanguage":"fr-FR","@id":"https:\/\/daltec.ch\/product\/madagascar-0-2-full#primaryimage","url":"https:\/\/daltec.ch\/wp-content\/uploads\/2024\/11\/IMG_6622.png","contentUrl":"https:\/\/daltec.ch\/wp-content\/uploads\/2024\/11\/IMG_6622.png","width":961,"height":478},{"@type":"BreadcrumbList","@id":"https:\/\/daltec.ch\/product\/madagascar-0-2-full#breadcrumb","itemListElement":[{"@type":"ListItem","position":1,"name":"Startseite","item":"https:\/\/daltec.ch\/"},{"@type":"ListItem","position":2,"name":"anhaenger","item":"https:\/\/daltec.ch\/anhaenger"},{"@type":"ListItem","position":3,"name":"Daltec Madagascar 0.2 Full, 5200x2000x2300 mm, 2700 Kg"}]},{"@type":"WebSite","@id":"https:\/\/daltec.ch\/fr\/#website","url":"https:\/\/daltec.ch\/fr\/","name":"Daltec Trailers","description":"","publisher":{"@id":"https:\/\/daltec.ch\/fr\/#organization"},"potentialAction":[{"@type":"SearchAction","target":{"@type":"EntryPoint","urlTemplate":"https:\/\/daltec.ch\/fr\/?s={search_term_string}"},"query-input":{"@type":"PropertyValueSpecification","valueRequired":true,"valueName":"search_term_string"}}],"inLanguage":"fr-FR"},{"@type":"Organization","@id":"https:\/\/daltec.ch\/fr\/#organization","name":"Daltec AG","url":"https:\/\/daltec.ch\/fr\/","logo":{"@type":"ImageObject","inLanguage":"fr-FR","@id":"https:\/\/daltec.ch\/fr\/#\/schema\/logo\/image\/","url":"https:\/\/daltec.ch\/wp-content\/uploads\/2025\/08\/dlteclogo.webp","contentUrl":"https:\/\/daltec.ch\/wp-content\/uploads\/2025\/08\/dlteclogo.webp","width":500,"height":195,"caption":"Daltec AG"},"image":{"@id":"https:\/\/daltec.ch\/fr\/#\/schema\/logo\/image\/"},"sameAs":["https:\/\/www.facebook.com\/DaltecAG"]}]}},"_links":{"self":[{"href":"https:\/\/daltec.ch\/fr\/wp-json\/wp\/v2\/product\/2038","targetHints":{"allow":["GET"]}}],"collection":[{"href":"https:\/\/daltec.ch\/fr\/wp-json\/wp\/v2\/product"}],"about":[{"href":"https:\/\/daltec.ch\/fr\/wp-json\/wp\/v2\/types\/product"}],"replies":[{"embeddable":true,"href":"https:\/\/daltec.ch\/fr\/wp-json\/wp\/v2\/comments?post=2038"}],"wp:featuredmedia":[{"embeddable":true,"href":"https:\/\/daltec.ch\/fr\/wp-json\/wp\/v2\/media\/2202"}],"wp:attachment":[{"href":"https:\/\/daltec.ch\/fr\/wp-json\/wp\/v2\/media?parent=2038"}],"wp:term":[{"taxonomy":"product_brand","embeddable":true,"href":"https:\/\/daltec.ch\/fr\/wp-json\/wp\/v2\/product_brand?post=2038"},{"taxonomy":"product_cat","embeddable":true,"href":"https:\/\/daltec.ch\/fr\/wp-json\/wp\/v2\/product_cat?post=2038"},{"taxonomy":"product_tag","embeddable":true,"href":"https:\/\/daltec.ch\/fr\/wp-json\/wp\/v2\/product_tag?post=2038"}],"curies":[{"name":"wp","href":"https:\/\/api.w.org\/{rel}","templated":true}]}}