{"id":2080,"date":"2024-12-14T16:33:30","date_gmt":"2024-12-14T16:33:30","guid":{"rendered":"https:\/\/daltec.ch\/?post_type=product&#038;p=2080"},"modified":"2026-02-10T10:34:28","modified_gmt":"2026-02-10T10:34:28","slug":"roadster-c255-gebremst","status":"publish","type":"product","link":"https:\/\/daltec.ch\/fr\/product\/roadster-c255-gebremst","title":{"rendered":"Daltec Roadster C255 gebremst, 2550x1250x1550 mm,1300 Kg"},"content":{"rendered":"<p>Forme a\u00e9rodynamique avec protub\u00e9rance en polyester<\/p>\n<h4>Equipement:<\/h4>\n<ul>\n<li>Un essieu, frein\u00e9<\/li>\n<li>Essieux stables 1300 kg<\/li>\n<li>Ch\u00e2ssis galvanis\u00e9 \u00e0 chaud<\/li>\n<li>Cadre de caisson en aluminium<\/li>\n<li>Toit en polyester et proue a\u00e9rodynamique<\/li>\n<li>Parois en contreplaqu\u00e9 avec film polypropyl\u00e8ne sur les c\u00f4t\u00e9s<\/li>\n<li>Aile plastique r\u00e9sistant aux chocs<\/li>\n<li>Roue d'appui automatique avec poign\u00e9e de man\u0153uvre<\/li>\n<li>Hayon en aluminium pivotant et inclinable<\/li>\n<li>\u00e9clairage encastr\u00e9 dans le cadre arri\u00e8re<\/li>\n<li>Plancher en bois antid\u00e9rapant<\/li>\n<li>2 supports arri\u00e8re<\/li>\n<li>Arceau d'arrimage x4<\/li>\n<li>Luminaire int\u00e9rieur avec interrupteur<\/li>\n<li>Cales de roue<\/li>\n<\/ul>\n<p>&nbsp;<\/p>","protected":false},"excerpt":{"rendered":"<h6><span style=\"font-size: 12px;\"><span style=\"color: #ff0000;\"><em>Prix: voir liste de prix sur page d'accueil<\/em><\/span><\/span><\/h6>\n<h4>Donn\u00e9es techniques:<\/h4>\n<table class=\"table\">\n<tbody>\n<tr>\n<th>Longueur int\u00e9rieure<\/th>\n<td>2550 <small>mm<\/small><\/td>\n<\/tr>\n<tr>\n<th>Largeur int\u00e9rieure<\/th>\n<td>1250 <small>mm<\/small><\/td>\n<\/tr>\n<tr>\n<th>Hauteur int\u00e9rieure<\/th>\n<td>1550 <small>mm<\/small><\/td>\n<\/tr>\n<tr>\n<th>Essieux<\/th>\n<td>1<small><\/small><\/td>\n<\/tr>\n<tr>\n<th>Avec freins<\/th>\n<td>Oui<\/td>\n<\/tr>\n<tr>\n<th>Poids total<\/th>\n<td>1300 <small>kg<\/small><\/td>\n<\/tr>\n<tr>\n<th>Charge utile<\/th>\n<td>930 <small>kg<\/small><\/td>\n<\/tr>\n<tr>\n<th>Dimensions ext\u00e9rieures<\/th>\n<td>3200 x 1460 x 2000 <small>mm<\/small><\/td>\n<\/tr>\n<\/tbody>\n<\/table>\n<h4>Options :<\/h4>\n<table style=\"height: 67px;\" width=\"532\">\n<tbody>\n<tr>\n<td>Porte de service 630 x 1300 mm<\/td>\n<td>+ 300 CHF<\/td>\n<\/tr>\n<tr>\n<td>Parois lat\u00e9rales en aluminium (au lieu des parois en plywood)<\/td>\n<td>+ 300 CHF<\/td>\n<\/tr>\n<tr>\n<td><\/td>\n<td><\/td>\n<\/tr>\n<\/tbody>\n<\/table>\n<h4><\/h4>\n<h4>Documents \u00e0 t\u00e9l\u00e9charger:<\/h4>\n<h4><a href=\"https:\/\/daltec.ch\/wp-content\/uploads\/2024\/12\/Tarifs_fourgons_FR.pdf\" target=\"_blank\" rel=\"noopener\"> \u21d2 Fourgons Debon Liste de prix 2024<\/a><\/h4>\n<h4><a href=\"https:\/\/daltec.ch\/wp-content\/uploads\/2024\/12\/2024032.pdf\">\u21d2 Catalogue fourgons Debon<\/a><\/h4>","protected":false},"featured_media":2096,"comment_status":"open","ping_status":"closed","template":"","meta":{"_acf_changed":false},"product_brand":[],"product_cat":[26,235,209],"product_tag":[],"class_list":{"0":"post-2080","1":"product","2":"type-product","3":"status-publish","4":"has-post-thumbnail","6":"product_cat-kofferanhaenger","7":"product_cat-kofferanhaenger-polyester-karrosserie","8":"product_cat-sonderaktion","10":"first","11":"instock","12":"featured","13":"shipping-taxable","14":"purchasable","15":"product-type-simple"},"acf":[],"yoast_head":"<!-- This site is optimized with the Yoast SEO plugin v27.4 - https:\/\/yoast.com\/product\/yoast-seo-wordpress\/ -->\n<title>Daltec Roadster C255 gebremst, 2550x1250x1550 mm,1300 Kg - Daltec<\/title>\n<meta name=\"robots\" content=\"index, follow, max-snippet:-1, max-image-preview:large, max-video-preview:-1\" \/>\n<link rel=\"canonical\" href=\"https:\/\/daltec.ch\/fr\/product\/roadster-c255-gebremst\/\" \/>\n<meta property=\"og:locale\" content=\"fr_FR\" \/>\n<meta property=\"og:type\" content=\"article\" \/>\n<meta property=\"og:title\" content=\"Daltec Roadster C255 gebremst, 2550x1250x1550 mm,1300 Kg - Daltec\" \/>\n<meta property=\"og:description\" content=\"Preis: Siehe Preisliste auf Startseite Technische Daten:    Innenl\u00e4nge 2550 mm   Innenbreite 1250 mm   Innenh\u00f6he 1550 mm   Achsen 1   Bremsen Ja   Gesamtgewicht 1300 kg   Nutzlast 930 kg   Aussenmassen 3200 x 1460 x 2000 mm    Optionen:    Servicet\u00fcre 630 x 1300 mm + 300 CHF   Aluminium Seitenw\u00e4nde (an Stelle von Plywoodw\u00e4nde) + 300 CHF         Dokumente zum herunterladen:  \u21d2 Kofferanh\u00e4nger Debon Preisliste 2024 \u21d2 Katalog Debon Kofferanh\u00e4nger\" \/>\n<meta property=\"og:url\" content=\"https:\/\/daltec.ch\/fr\/product\/roadster-c255-gebremst\/\" \/>\n<meta property=\"og:site_name\" content=\"Daltec\" \/>\n<meta property=\"article:publisher\" content=\"https:\/\/www.facebook.com\/DaltecAG\" \/>\n<meta property=\"article:modified_time\" content=\"2026-02-10T10:34:28+00:00\" \/>\n<meta property=\"og:image\" content=\"https:\/\/daltec.ch\/wp-content\/uploads\/2024\/12\/DSC09138.jpg\" \/>\n\t<meta property=\"og:image:width\" content=\"800\" \/>\n\t<meta property=\"og:image:height\" content=\"533\" \/>\n\t<meta property=\"og:image:type\" content=\"image\/jpeg\" \/>\n<meta name=\"twitter:card\" content=\"summary_large_image\" \/>\n<script type=\"application\/ld+json\" class=\"yoast-schema-graph\">{\"@context\":\"https:\\\/\\\/schema.org\",\"@graph\":[{\"@type\":\"WebPage\",\"@id\":\"https:\\\/\\\/daltec.ch\\\/product\\\/roadster-c255-gebremst\",\"url\":\"https:\\\/\\\/daltec.ch\\\/product\\\/roadster-c255-gebremst\",\"name\":\"Daltec Roadster C255 gebremst, 2550x1250x1550 mm,1300 Kg - Daltec\",\"isPartOf\":{\"@id\":\"https:\\\/\\\/daltec.ch\\\/fr\\\/#website\"},\"primaryImageOfPage\":{\"@id\":\"https:\\\/\\\/daltec.ch\\\/product\\\/roadster-c255-gebremst#primaryimage\"},\"image\":{\"@id\":\"https:\\\/\\\/daltec.ch\\\/product\\\/roadster-c255-gebremst#primaryimage\"},\"thumbnailUrl\":\"https:\\\/\\\/daltec.ch\\\/wp-content\\\/uploads\\\/2024\\\/12\\\/DSC09138.jpg\",\"datePublished\":\"2024-12-14T16:33:30+00:00\",\"dateModified\":\"2026-02-10T10:34:28+00:00\",\"breadcrumb\":{\"@id\":\"https:\\\/\\\/daltec.ch\\\/product\\\/roadster-c255-gebremst#breadcrumb\"},\"inLanguage\":\"fr-FR\",\"potentialAction\":[{\"@type\":\"ReadAction\",\"target\":[\"https:\\\/\\\/daltec.ch\\\/product\\\/roadster-c255-gebremst\"]}]},{\"@type\":\"ImageObject\",\"inLanguage\":\"fr-FR\",\"@id\":\"https:\\\/\\\/daltec.ch\\\/product\\\/roadster-c255-gebremst#primaryimage\",\"url\":\"https:\\\/\\\/daltec.ch\\\/wp-content\\\/uploads\\\/2024\\\/12\\\/DSC09138.jpg\",\"contentUrl\":\"https:\\\/\\\/daltec.ch\\\/wp-content\\\/uploads\\\/2024\\\/12\\\/DSC09138.jpg\",\"width\":800,\"height\":533},{\"@type\":\"BreadcrumbList\",\"@id\":\"https:\\\/\\\/daltec.ch\\\/product\\\/roadster-c255-gebremst#breadcrumb\",\"itemListElement\":[{\"@type\":\"ListItem\",\"position\":1,\"name\":\"Startseite\",\"item\":\"https:\\\/\\\/daltec.ch\\\/\"},{\"@type\":\"ListItem\",\"position\":2,\"name\":\"anhaenger\",\"item\":\"https:\\\/\\\/daltec.ch\\\/anhaenger\"},{\"@type\":\"ListItem\",\"position\":3,\"name\":\"Daltec Roadster C255 gebremst, 2550x1250x1550 mm,1300 Kg\"}]},{\"@type\":\"WebSite\",\"@id\":\"https:\\\/\\\/daltec.ch\\\/fr\\\/#website\",\"url\":\"https:\\\/\\\/daltec.ch\\\/fr\\\/\",\"name\":\"Daltec Trailers\",\"description\":\"\",\"publisher\":{\"@id\":\"https:\\\/\\\/daltec.ch\\\/fr\\\/#organization\"},\"potentialAction\":[{\"@type\":\"SearchAction\",\"target\":{\"@type\":\"EntryPoint\",\"urlTemplate\":\"https:\\\/\\\/daltec.ch\\\/fr\\\/?s={search_term_string}\"},\"query-input\":{\"@type\":\"PropertyValueSpecification\",\"valueRequired\":true,\"valueName\":\"search_term_string\"}}],\"inLanguage\":\"fr-FR\"},{\"@type\":\"Organization\",\"@id\":\"https:\\\/\\\/daltec.ch\\\/fr\\\/#organization\",\"name\":\"Daltec AG\",\"url\":\"https:\\\/\\\/daltec.ch\\\/fr\\\/\",\"logo\":{\"@type\":\"ImageObject\",\"inLanguage\":\"fr-FR\",\"@id\":\"https:\\\/\\\/daltec.ch\\\/fr\\\/#\\\/schema\\\/logo\\\/image\\\/\",\"url\":\"https:\\\/\\\/daltec.ch\\\/wp-content\\\/uploads\\\/2025\\\/08\\\/dlteclogo.webp\",\"contentUrl\":\"https:\\\/\\\/daltec.ch\\\/wp-content\\\/uploads\\\/2025\\\/08\\\/dlteclogo.webp\",\"width\":500,\"height\":195,\"caption\":\"Daltec AG\"},\"image\":{\"@id\":\"https:\\\/\\\/daltec.ch\\\/fr\\\/#\\\/schema\\\/logo\\\/image\\\/\"},\"sameAs\":[\"https:\\\/\\\/www.facebook.com\\\/DaltecAG\"]}]}<\/script>\n<!-- \/ Yoast SEO plugin. -->","yoast_head_json":{"title":"Daltec Roadster C255 gebremst, 2550x1250x1550 mm,1300 Kg - Daltec","robots":{"index":"index","follow":"follow","max-snippet":"max-snippet:-1","max-image-preview":"max-image-preview:large","max-video-preview":"max-video-preview:-1"},"canonical":"https:\/\/daltec.ch\/fr\/product\/roadster-c255-gebremst\/","og_locale":"fr_FR","og_type":"article","og_title":"Daltec Roadster C255 gebremst, 2550x1250x1550 mm,1300 Kg - Daltec","og_description":"Preis: Siehe Preisliste auf Startseite Technische Daten:    Innenl\u00e4nge 2550 mm   Innenbreite 1250 mm   Innenh\u00f6he 1550 mm   Achsen 1   Bremsen Ja   Gesamtgewicht 1300 kg   Nutzlast 930 kg   Aussenmassen 3200 x 1460 x 2000 mm    Optionen:    Servicet\u00fcre 630 x 1300 mm + 300 CHF   Aluminium Seitenw\u00e4nde (an Stelle von Plywoodw\u00e4nde) + 300 CHF         Dokumente zum herunterladen:  \u21d2 Kofferanh\u00e4nger Debon Preisliste 2024 \u21d2 Katalog Debon Kofferanh\u00e4nger","og_url":"https:\/\/daltec.ch\/fr\/product\/roadster-c255-gebremst\/","og_site_name":"Daltec","article_publisher":"https:\/\/www.facebook.com\/DaltecAG","article_modified_time":"2026-02-10T10:34:28+00:00","og_image":[{"width":800,"height":533,"url":"https:\/\/daltec.ch\/wp-content\/uploads\/2024\/12\/DSC09138.jpg","type":"image\/jpeg"}],"twitter_card":"summary_large_image","schema":{"@context":"https:\/\/schema.org","@graph":[{"@type":"WebPage","@id":"https:\/\/daltec.ch\/product\/roadster-c255-gebremst","url":"https:\/\/daltec.ch\/product\/roadster-c255-gebremst","name":"Daltec Roadster C255 gebremst, 2550x1250x1550 mm,1300 Kg - Daltec","isPartOf":{"@id":"https:\/\/daltec.ch\/fr\/#website"},"primaryImageOfPage":{"@id":"https:\/\/daltec.ch\/product\/roadster-c255-gebremst#primaryimage"},"image":{"@id":"https:\/\/daltec.ch\/product\/roadster-c255-gebremst#primaryimage"},"thumbnailUrl":"https:\/\/daltec.ch\/wp-content\/uploads\/2024\/12\/DSC09138.jpg","datePublished":"2024-12-14T16:33:30+00:00","dateModified":"2026-02-10T10:34:28+00:00","breadcrumb":{"@id":"https:\/\/daltec.ch\/product\/roadster-c255-gebremst#breadcrumb"},"inLanguage":"fr-FR","potentialAction":[{"@type":"ReadAction","target":["https:\/\/daltec.ch\/product\/roadster-c255-gebremst"]}]},{"@type":"ImageObject","inLanguage":"fr-FR","@id":"https:\/\/daltec.ch\/product\/roadster-c255-gebremst#primaryimage","url":"https:\/\/daltec.ch\/wp-content\/uploads\/2024\/12\/DSC09138.jpg","contentUrl":"https:\/\/daltec.ch\/wp-content\/uploads\/2024\/12\/DSC09138.jpg","width":800,"height":533},{"@type":"BreadcrumbList","@id":"https:\/\/daltec.ch\/product\/roadster-c255-gebremst#breadcrumb","itemListElement":[{"@type":"ListItem","position":1,"name":"Startseite","item":"https:\/\/daltec.ch\/"},{"@type":"ListItem","position":2,"name":"anhaenger","item":"https:\/\/daltec.ch\/anhaenger"},{"@type":"ListItem","position":3,"name":"Daltec Roadster C255 gebremst, 2550x1250x1550 mm,1300 Kg"}]},{"@type":"WebSite","@id":"https:\/\/daltec.ch\/fr\/#website","url":"https:\/\/daltec.ch\/fr\/","name":"Daltec Trailers","description":"","publisher":{"@id":"https:\/\/daltec.ch\/fr\/#organization"},"potentialAction":[{"@type":"SearchAction","target":{"@type":"EntryPoint","urlTemplate":"https:\/\/daltec.ch\/fr\/?s={search_term_string}"},"query-input":{"@type":"PropertyValueSpecification","valueRequired":true,"valueName":"search_term_string"}}],"inLanguage":"fr-FR"},{"@type":"Organization","@id":"https:\/\/daltec.ch\/fr\/#organization","name":"Daltec AG","url":"https:\/\/daltec.ch\/fr\/","logo":{"@type":"ImageObject","inLanguage":"fr-FR","@id":"https:\/\/daltec.ch\/fr\/#\/schema\/logo\/image\/","url":"https:\/\/daltec.ch\/wp-content\/uploads\/2025\/08\/dlteclogo.webp","contentUrl":"https:\/\/daltec.ch\/wp-content\/uploads\/2025\/08\/dlteclogo.webp","width":500,"height":195,"caption":"Daltec AG"},"image":{"@id":"https:\/\/daltec.ch\/fr\/#\/schema\/logo\/image\/"},"sameAs":["https:\/\/www.facebook.com\/DaltecAG"]}]}},"_links":{"self":[{"href":"https:\/\/daltec.ch\/fr\/wp-json\/wp\/v2\/product\/2080","targetHints":{"allow":["GET"]}}],"collection":[{"href":"https:\/\/daltec.ch\/fr\/wp-json\/wp\/v2\/product"}],"about":[{"href":"https:\/\/daltec.ch\/fr\/wp-json\/wp\/v2\/types\/product"}],"replies":[{"embeddable":true,"href":"https:\/\/daltec.ch\/fr\/wp-json\/wp\/v2\/comments?post=2080"}],"wp:featuredmedia":[{"embeddable":true,"href":"https:\/\/daltec.ch\/fr\/wp-json\/wp\/v2\/media\/2096"}],"wp:attachment":[{"href":"https:\/\/daltec.ch\/fr\/wp-json\/wp\/v2\/media?parent=2080"}],"wp:term":[{"taxonomy":"product_brand","embeddable":true,"href":"https:\/\/daltec.ch\/fr\/wp-json\/wp\/v2\/product_brand?post=2080"},{"taxonomy":"product_cat","embeddable":true,"href":"https:\/\/daltec.ch\/fr\/wp-json\/wp\/v2\/product_cat?post=2080"},{"taxonomy":"product_tag","embeddable":true,"href":"https:\/\/daltec.ch\/fr\/wp-json\/wp\/v2\/product_tag?post=2080"}],"curies":[{"name":"wp","href":"https:\/\/api.w.org\/{rel}","templated":true}]}}