{"id":2166,"date":"2024-12-15T21:02:01","date_gmt":"2024-12-15T21:02:01","guid":{"rendered":"https:\/\/daltec.ch\/?post_type=product&#038;p=2166"},"modified":"2026-02-10T10:43:05","modified_gmt":"2026-02-10T10:43:05","slug":"roadster-c1000-car","status":"publish","type":"product","link":"https:\/\/daltec.ch\/fr\/product\/roadster-c1000-car","title":{"rendered":"Daltec Roadster C1000 Car, 4970x2025x2060 mm, 3500 Kg"},"content":{"rendered":"<p>Charge utile \u00e9lev\u00e9e pour les transports professionnels<\/p>\n<h4>Equipement:<\/h4>\n<p>Deux essieux, frein\u00e9s, ch\u00e2ssis Pullman 2, ch\u00e2ssis galvanis\u00e9 \u00e0 chaud, cadre de caisse en aluminium, toit et proue en polyester a\u00e9rodynamique, parois lat\u00e9rales en aluminium - 5 ans de garantie, plancher antid\u00e9rapant en aluminium - 5 ans de garantie, 2 portes lat\u00e9rales verrouillables, 2 trappes lat\u00e9rales verrouillables, ailes en plastique r\u00e9sistant aux chocs, roue d'appui automatique avec poign\u00e9e de man\u0153uvre, hayon arri\u00e8re en aluminium pivotant et inclinable avec rallonge, dimensions de chargement arri\u00e8re : 2050x1900mm, Feu arri\u00e8re mont\u00e9 dans les traverses lat\u00e9rales, Arceau d'arrimage x8, Pneus 195\/50R13C taille basse, Eclairage int\u00e9rieur avec interrupteur, Cales de roue<\/p>\n<p>Disponible dans les couleurs : Blanc, gris, anthracite, noir et bleu<\/p>","protected":false},"excerpt":{"rendered":"<h5><span style=\"color: #ff0000; font-size: 13px;\"><em>Prix: voir liste de prix sur page d'accueil<\/em><\/span><\/h5>\n<h5>Parois en panneaux sandwich, toit et d\u00e9fleteur en poyesteter. 2x porte de service + 2x clapet lat\u00e9ral inclus.<\/h5>\n<h4>Donn\u00e9es techniques:<\/h4>\n<table class=\"table\">\n<tbody>\n<tr>\n<th>Longueur int\u00e9rieure<\/th>\n<td>4970 <small>mm<\/small><\/td>\n<\/tr>\n<tr>\n<th>Largeur int\u00e9rieure<\/th>\n<td>2025 <small>mm<\/small><\/td>\n<\/tr>\n<tr>\n<th>Hauteur int\u00e9rieure<\/th>\n<td>2060 <small>mm<\/small><\/td>\n<\/tr>\n<tr>\n<th>Essieux<\/th>\n<td>2<\/td>\n<\/tr>\n<tr>\n<th>Avec freins<\/th>\n<td>Oui<\/td>\n<\/tr>\n<tr>\n<th>Poids total<\/th>\n<td>3500 <small>kg<\/small><\/td>\n<\/tr>\n<tr>\n<th>Charge utile<\/th>\n<td>2535 <small>kg<\/small><\/td>\n<\/tr>\n<tr>\n<th>Roues<\/th>\n<td>195\/50 R 13C<\/td>\n<\/tr>\n<tr>\n<th>Dimensions ext\u00e9rieures<\/th>\n<td>6250 x 2345 x 2365 <small>mm<\/small><\/td>\n<\/tr>\n<\/tbody>\n<\/table>\n<h4>Options :<\/h4>\n<table style=\"height: 50px;\" width=\"534\">\n<tbody>\n<tr>\n<td>Treuil \u00e9lectrique avec support et batterie (mont\u00e9 \u00e0 l'usine)<\/td>\n<td>+ 990 CHF<\/td>\n<\/tr>\n<tr>\n<td>Jantes aluminium 195\/50 R 13C<\/td>\n<td>+ 840 CHF<\/td>\n<\/tr>\n<tr>\n<td>Rampes auto sur\u00e9lev\u00e9es (+11cm), longueur 4500mm<\/td>\n<td>+ 1590 CHF<\/td>\n<\/tr>\n<\/tbody>\n<\/table>\n<h4><\/h4>\n<h4>Documents \u00e0 t\u00e9l\u00e9charger:<\/h4>\n<h4><a href=\"https:\/\/daltec.ch\/wp-content\/uploads\/2024\/12\/Tarifs_fourgons_FR.pdf\" target=\"_blank\" rel=\"noopener\"> \u21d2 Fourgons Debon Liste de prix 2024<\/a><\/h4>\n<h4><a href=\"https:\/\/daltec.ch\/wp-content\/uploads\/2024\/12\/2024032.pdf\">\u21d2 Catalogue fourgons Debon<\/a><\/h4>\n<h4><\/h4>","protected":false},"featured_media":2171,"comment_status":"open","ping_status":"closed","template":"","meta":{"_acf_changed":false},"product_brand":[],"product_cat":[233,26,235,209],"product_tag":[],"class_list":{"0":"post-2166","1":"product","2":"type-product","3":"status-publish","4":"has-post-thumbnail","6":"product_cat-autotransport-kofferanhaenger","7":"product_cat-kofferanhaenger","8":"product_cat-kofferanhaenger-polyester-karrosserie","9":"product_cat-sonderaktion","11":"first","12":"instock","13":"featured","14":"shipping-taxable","15":"purchasable","16":"product-type-simple"},"acf":[],"yoast_head":"<!-- This site is optimized with the Yoast SEO plugin v27.2 - https:\/\/yoast.com\/product\/yoast-seo-wordpress\/ -->\n<title>Daltec Roadster C1000 Car, 4970x2025x2060 mm, 3500 Kg - Daltec<\/title>\n<meta name=\"robots\" content=\"index, follow, max-snippet:-1, max-image-preview:large, max-video-preview:-1\" \/>\n<link rel=\"canonical\" href=\"https:\/\/daltec.ch\/fr\/product\/roadster-c1000-car\/\" \/>\n<meta property=\"og:locale\" content=\"fr_FR\" \/>\n<meta property=\"og:type\" content=\"article\" \/>\n<meta property=\"og:title\" content=\"Daltec Roadster C1000 Car, 4970x2025x2060 mm, 3500 Kg - Daltec\" \/>\n<meta property=\"og:description\" content=\"Preis: Siehe Preisliste auf Startseite Sandwich Seitenw\u00e4nde, Front &amp; Dach aus Polyester. Inklusive 2x Servicet\u00fcre + 2x Seitenklappe. Technische Daten:    Innenl\u00e4nge 4970 mm   Innenbreite 2025 mm   Innenh\u00f6he 2060 mm   Achsen 2   Bremsen Ja   Gesamtgewicht 3500 kg   Nutzlast 2535 kg   R\u00e4der 195\/50 R 13C   Aussenmassen 6250 x 2345 x 2365 mm    Optionen:    Elektroseilwinde mit Halter und Batterie (ab Werk montiert) + 990 CHF   Aluminiumfelgen 195\/50 R 13C + 840 CHF   Auffahrtschienen erh\u00f6ht f\u00fcr PKW (+11cm), L\u00e4nge 4500mm + 1590 CHF     Dokumente zum herunterladen:  \u21d2 Kofferanh\u00e4nger Debon Preisliste 2024 \u21d2 Katalog Debon Kofferanh\u00e4nger\" \/>\n<meta property=\"og:url\" content=\"https:\/\/daltec.ch\/fr\/product\/roadster-c1000-car\/\" \/>\n<meta property=\"og:site_name\" content=\"Daltec\" \/>\n<meta property=\"article:publisher\" content=\"https:\/\/www.facebook.com\/DaltecAG\" \/>\n<meta property=\"article:modified_time\" content=\"2026-02-10T10:43:05+00:00\" \/>\n<meta property=\"og:image\" content=\"https:\/\/daltec.ch\/wp-content\/uploads\/2024\/12\/DSC04294-Edit-scaled.jpg\" \/>\n\t<meta property=\"og:image:width\" content=\"2560\" \/>\n\t<meta property=\"og:image:height\" content=\"1750\" \/>\n\t<meta property=\"og:image:type\" content=\"image\/jpeg\" \/>\n<meta name=\"twitter:card\" content=\"summary_large_image\" \/>\n<script type=\"application\/ld+json\" class=\"yoast-schema-graph\">{\"@context\":\"https:\/\/schema.org\",\"@graph\":[{\"@type\":\"WebPage\",\"@id\":\"https:\/\/daltec.ch\/product\/roadster-c1000-car\",\"url\":\"https:\/\/daltec.ch\/product\/roadster-c1000-car\",\"name\":\"Daltec Roadster C1000 Car, 4970x2025x2060 mm, 3500 Kg - Daltec\",\"isPartOf\":{\"@id\":\"https:\/\/daltec.ch\/fr\/#website\"},\"primaryImageOfPage\":{\"@id\":\"https:\/\/daltec.ch\/product\/roadster-c1000-car#primaryimage\"},\"image\":{\"@id\":\"https:\/\/daltec.ch\/product\/roadster-c1000-car#primaryimage\"},\"thumbnailUrl\":\"https:\/\/daltec.ch\/wp-content\/uploads\/2024\/12\/DSC04294-Edit-scaled.jpg\",\"datePublished\":\"2024-12-15T21:02:01+00:00\",\"dateModified\":\"2026-02-10T10:43:05+00:00\",\"breadcrumb\":{\"@id\":\"https:\/\/daltec.ch\/product\/roadster-c1000-car#breadcrumb\"},\"inLanguage\":\"fr-FR\",\"potentialAction\":[{\"@type\":\"ReadAction\",\"target\":[\"https:\/\/daltec.ch\/product\/roadster-c1000-car\"]}]},{\"@type\":\"ImageObject\",\"inLanguage\":\"fr-FR\",\"@id\":\"https:\/\/daltec.ch\/product\/roadster-c1000-car#primaryimage\",\"url\":\"https:\/\/daltec.ch\/wp-content\/uploads\/2024\/12\/DSC04294-Edit-scaled.jpg\",\"contentUrl\":\"https:\/\/daltec.ch\/wp-content\/uploads\/2024\/12\/DSC04294-Edit-scaled.jpg\",\"width\":2560,\"height\":1750},{\"@type\":\"BreadcrumbList\",\"@id\":\"https:\/\/daltec.ch\/product\/roadster-c1000-car#breadcrumb\",\"itemListElement\":[{\"@type\":\"ListItem\",\"position\":1,\"name\":\"Startseite\",\"item\":\"https:\/\/daltec.ch\/\"},{\"@type\":\"ListItem\",\"position\":2,\"name\":\"anhaenger\",\"item\":\"https:\/\/daltec.ch\/anhaenger\"},{\"@type\":\"ListItem\",\"position\":3,\"name\":\"Daltec Roadster C1000 Car, 4970x2025x2060 mm, 3500 Kg\"}]},{\"@type\":\"WebSite\",\"@id\":\"https:\/\/daltec.ch\/fr\/#website\",\"url\":\"https:\/\/daltec.ch\/fr\/\",\"name\":\"Daltec Trailers\",\"description\":\"\",\"publisher\":{\"@id\":\"https:\/\/daltec.ch\/fr\/#organization\"},\"potentialAction\":[{\"@type\":\"SearchAction\",\"target\":{\"@type\":\"EntryPoint\",\"urlTemplate\":\"https:\/\/daltec.ch\/fr\/?s={search_term_string}\"},\"query-input\":{\"@type\":\"PropertyValueSpecification\",\"valueRequired\":true,\"valueName\":\"search_term_string\"}}],\"inLanguage\":\"fr-FR\"},{\"@type\":\"Organization\",\"@id\":\"https:\/\/daltec.ch\/fr\/#organization\",\"name\":\"Daltec AG\",\"url\":\"https:\/\/daltec.ch\/fr\/\",\"logo\":{\"@type\":\"ImageObject\",\"inLanguage\":\"fr-FR\",\"@id\":\"https:\/\/daltec.ch\/fr\/#\/schema\/logo\/image\/\",\"url\":\"https:\/\/daltec.ch\/wp-content\/uploads\/2025\/08\/dlteclogo.webp\",\"contentUrl\":\"https:\/\/daltec.ch\/wp-content\/uploads\/2025\/08\/dlteclogo.webp\",\"width\":500,\"height\":195,\"caption\":\"Daltec AG\"},\"image\":{\"@id\":\"https:\/\/daltec.ch\/fr\/#\/schema\/logo\/image\/\"},\"sameAs\":[\"https:\/\/www.facebook.com\/DaltecAG\"]}]}<\/script>\n<!-- \/ Yoast SEO plugin. -->","yoast_head_json":{"title":"Daltec Roadster C1000 Car, 4970x2025x2060 mm, 3500 Kg - Daltec","robots":{"index":"index","follow":"follow","max-snippet":"max-snippet:-1","max-image-preview":"max-image-preview:large","max-video-preview":"max-video-preview:-1"},"canonical":"https:\/\/daltec.ch\/fr\/product\/roadster-c1000-car\/","og_locale":"fr_FR","og_type":"article","og_title":"Daltec Roadster C1000 Car, 4970x2025x2060 mm, 3500 Kg - Daltec","og_description":"Preis: Siehe Preisliste auf Startseite Sandwich Seitenw\u00e4nde, Front &amp; Dach aus Polyester. Inklusive 2x Servicet\u00fcre + 2x Seitenklappe. Technische Daten:    Innenl\u00e4nge 4970 mm   Innenbreite 2025 mm   Innenh\u00f6he 2060 mm   Achsen 2   Bremsen Ja   Gesamtgewicht 3500 kg   Nutzlast 2535 kg   R\u00e4der 195\/50 R 13C   Aussenmassen 6250 x 2345 x 2365 mm    Optionen:    Elektroseilwinde mit Halter und Batterie (ab Werk montiert) + 990 CHF   Aluminiumfelgen 195\/50 R 13C + 840 CHF   Auffahrtschienen erh\u00f6ht f\u00fcr PKW (+11cm), L\u00e4nge 4500mm + 1590 CHF     Dokumente zum herunterladen:  \u21d2 Kofferanh\u00e4nger Debon Preisliste 2024 \u21d2 Katalog Debon Kofferanh\u00e4nger","og_url":"https:\/\/daltec.ch\/fr\/product\/roadster-c1000-car\/","og_site_name":"Daltec","article_publisher":"https:\/\/www.facebook.com\/DaltecAG","article_modified_time":"2026-02-10T10:43:05+00:00","og_image":[{"width":2560,"height":1750,"url":"https:\/\/daltec.ch\/wp-content\/uploads\/2024\/12\/DSC04294-Edit-scaled.jpg","type":"image\/jpeg"}],"twitter_card":"summary_large_image","schema":{"@context":"https:\/\/schema.org","@graph":[{"@type":"WebPage","@id":"https:\/\/daltec.ch\/product\/roadster-c1000-car","url":"https:\/\/daltec.ch\/product\/roadster-c1000-car","name":"Daltec Roadster C1000 Car, 4970x2025x2060 mm, 3500 Kg - Daltec","isPartOf":{"@id":"https:\/\/daltec.ch\/fr\/#website"},"primaryImageOfPage":{"@id":"https:\/\/daltec.ch\/product\/roadster-c1000-car#primaryimage"},"image":{"@id":"https:\/\/daltec.ch\/product\/roadster-c1000-car#primaryimage"},"thumbnailUrl":"https:\/\/daltec.ch\/wp-content\/uploads\/2024\/12\/DSC04294-Edit-scaled.jpg","datePublished":"2024-12-15T21:02:01+00:00","dateModified":"2026-02-10T10:43:05+00:00","breadcrumb":{"@id":"https:\/\/daltec.ch\/product\/roadster-c1000-car#breadcrumb"},"inLanguage":"fr-FR","potentialAction":[{"@type":"ReadAction","target":["https:\/\/daltec.ch\/product\/roadster-c1000-car"]}]},{"@type":"ImageObject","inLanguage":"fr-FR","@id":"https:\/\/daltec.ch\/product\/roadster-c1000-car#primaryimage","url":"https:\/\/daltec.ch\/wp-content\/uploads\/2024\/12\/DSC04294-Edit-scaled.jpg","contentUrl":"https:\/\/daltec.ch\/wp-content\/uploads\/2024\/12\/DSC04294-Edit-scaled.jpg","width":2560,"height":1750},{"@type":"BreadcrumbList","@id":"https:\/\/daltec.ch\/product\/roadster-c1000-car#breadcrumb","itemListElement":[{"@type":"ListItem","position":1,"name":"Startseite","item":"https:\/\/daltec.ch\/"},{"@type":"ListItem","position":2,"name":"anhaenger","item":"https:\/\/daltec.ch\/anhaenger"},{"@type":"ListItem","position":3,"name":"Daltec Roadster C1000 Car, 4970x2025x2060 mm, 3500 Kg"}]},{"@type":"WebSite","@id":"https:\/\/daltec.ch\/fr\/#website","url":"https:\/\/daltec.ch\/fr\/","name":"Daltec Trailers","description":"","publisher":{"@id":"https:\/\/daltec.ch\/fr\/#organization"},"potentialAction":[{"@type":"SearchAction","target":{"@type":"EntryPoint","urlTemplate":"https:\/\/daltec.ch\/fr\/?s={search_term_string}"},"query-input":{"@type":"PropertyValueSpecification","valueRequired":true,"valueName":"search_term_string"}}],"inLanguage":"fr-FR"},{"@type":"Organization","@id":"https:\/\/daltec.ch\/fr\/#organization","name":"Daltec AG","url":"https:\/\/daltec.ch\/fr\/","logo":{"@type":"ImageObject","inLanguage":"fr-FR","@id":"https:\/\/daltec.ch\/fr\/#\/schema\/logo\/image\/","url":"https:\/\/daltec.ch\/wp-content\/uploads\/2025\/08\/dlteclogo.webp","contentUrl":"https:\/\/daltec.ch\/wp-content\/uploads\/2025\/08\/dlteclogo.webp","width":500,"height":195,"caption":"Daltec AG"},"image":{"@id":"https:\/\/daltec.ch\/fr\/#\/schema\/logo\/image\/"},"sameAs":["https:\/\/www.facebook.com\/DaltecAG"]}]}},"_links":{"self":[{"href":"https:\/\/daltec.ch\/fr\/wp-json\/wp\/v2\/product\/2166","targetHints":{"allow":["GET"]}}],"collection":[{"href":"https:\/\/daltec.ch\/fr\/wp-json\/wp\/v2\/product"}],"about":[{"href":"https:\/\/daltec.ch\/fr\/wp-json\/wp\/v2\/types\/product"}],"replies":[{"embeddable":true,"href":"https:\/\/daltec.ch\/fr\/wp-json\/wp\/v2\/comments?post=2166"}],"wp:featuredmedia":[{"embeddable":true,"href":"https:\/\/daltec.ch\/fr\/wp-json\/wp\/v2\/media\/2171"}],"wp:attachment":[{"href":"https:\/\/daltec.ch\/fr\/wp-json\/wp\/v2\/media?parent=2166"}],"wp:term":[{"taxonomy":"product_brand","embeddable":true,"href":"https:\/\/daltec.ch\/fr\/wp-json\/wp\/v2\/product_brand?post=2166"},{"taxonomy":"product_cat","embeddable":true,"href":"https:\/\/daltec.ch\/fr\/wp-json\/wp\/v2\/product_cat?post=2166"},{"taxonomy":"product_tag","embeddable":true,"href":"https:\/\/daltec.ch\/fr\/wp-json\/wp\/v2\/product_tag?post=2166"}],"curies":[{"name":"wp","href":"https:\/\/api.w.org\/{rel}","templated":true}]}}