{"id":2196,"date":"2024-12-17T10:19:35","date_gmt":"2024-12-17T10:19:35","guid":{"rendered":"https:\/\/daltec.ch\/?post_type=product&#038;p=2196"},"modified":"2025-07-20T21:14:29","modified_gmt":"2025-07-20T21:14:29","slug":"vz-30-27-b18","status":"publish","type":"product","link":"https:\/\/daltec.ch\/fr\/product\/vz-30-27-b18","title":{"rendered":"VZ 30-30 FKT (-20\u00b0C), 3000x1600x1900mm, 3000 Kg"},"content":{"rendered":"<p>Pour le transport de boissons et de nourriture, vous avez besoin de produits frais ou de remorques frigorifiques. Les m\u00e9thodes de fabrication modernes garantissent une qualit\u00e9 optimale et une longue dur\u00e9e de vie! Les roues lat\u00e9rales assurent une conduite stable. L'am\u00e9nagement int\u00e9rieur est fait de divers mat\u00e9riaux pour garantir la protection contre les chocs et l'isolation. Soyez pr\u00eat pour toute occasion!<\/p>\n<h4>Equipement:<\/h4>\n<p>Ch\u00e2ssis : Cadre de base soud\u00e9, viss\u00e9 et galvanis\u00e9 \u00e0 chaud Dispositif de remorque en V galvanis\u00e9 \u00e0 chaud Accouplement \u00e0 billes, ligne de d\u00e9chirure, roue de soutien \u00e0 l'avant r\u00e9glable en hauteur. Pieds de support r\u00e9glables Essieux : Essieu AL-KO\/Knott Frein de suralimentation avec frein \u00e0 main et marche arri\u00e8re automatique Montage : Coffre frigorifique coll\u00e9 avec \u00e9l\u00e9ments sandwich 50 mm Toit et plancher isol\u00e9 avec \u00e9poxy 3K Peinture antid\u00e9rapante peinte Plinthe Int\u00e9rieur S\u00e9curisation de la charge sur demande Portes \u00e0 double battants \u00e0 l'arri\u00e8re, verrouillable et isol\u00e9 Appareil de refroidissement : Govi Arktik 240 V avec syst\u00e8me de r\u00e9gulation num\u00e9rique et protection automatique contre le givrage. Plage de r\u00e9gulation +2\u00b0 \u2013 15\u00b0. Syst\u00e8me d'\u00e9clairage: 12 V, selon les normes du code de la route, prise 13 p\u00f4les<\/p>","protected":false},"excerpt":{"rendered":"<h5>Prix: voir liste de prix sur page d'accueil<\/h5>\n<p>Remorque frigorifique pour la restauration et le service de f\u00eate!<\/p>\n<h4>Donn\u00e9es techniques:<\/h4>\n<table class=\"table\">\n<tbody>\n<tr>\n<th>Longueur int\u00e9rieure<\/th>\n<td>3000 <small>mm<\/small><\/td>\n<\/tr>\n<tr>\n<th>Largeur int\u00e9rieure<\/th>\n<td>1600 <small>mm<\/small><\/td>\n<\/tr>\n<tr>\n<th>Hauteur int\u00e9rieure<\/th>\n<td>1900 <small>mm<\/small><\/td>\n<\/tr>\n<tr>\n<th>Essieux<\/th>\n<td>2<\/td>\n<\/tr>\n<tr>\n<th>Poids total<\/th>\n<td>2700 <small>kg<\/small><\/td>\n<\/tr>\n<tr>\n<th>Charge utile<\/th>\n<td>1907 kg<\/td>\n<\/tr>\n<tr>\n<th>Roues<\/th>\n<td>165 R 13 C<small><\/small><\/td>\n<\/tr>\n<\/tbody>\n<\/table>\n<h4>Options :<\/h4>\n<table>\n<tbody>\n<tr>\n<td>Fleischbahnen 2 Stk<\/td>\n<td>2200 CHF<\/td>\n<\/tr>\n<tr>\n<td>Porte de service 800 x 1800 mm<\/td>\n<td>\u00a0980 CHF<\/td>\n<\/tr>\n<tr>\n<td>Groupe de refroidissement de -15\u00b0 \u00e0 15\u00b0<\/td>\n<td>1100 CHF<\/td>\n<\/tr>\n<\/tbody>\n<\/table>","protected":false},"featured_media":1485,"comment_status":"open","ping_status":"closed","template":"","meta":{"_acf_changed":false},"product_brand":[],"product_cat":[32],"product_tag":[],"class_list":{"0":"post-2196","1":"product","2":"type-product","3":"status-publish","4":"has-post-thumbnail","6":"product_cat-kuehlanhaenger","8":"first","9":"instock","10":"featured","11":"shipping-taxable","12":"purchasable","13":"product-type-simple"},"acf":[],"yoast_head":"<!-- This site is optimized with the Yoast SEO plugin v27.2 - https:\/\/yoast.com\/product\/yoast-seo-wordpress\/ -->\n<title>VZ 30-30 FKT (-20\u00b0C), 3000x1600x1900mm, 3000 Kg - Daltec<\/title>\n<meta name=\"robots\" content=\"index, follow, max-snippet:-1, max-image-preview:large, max-video-preview:-1\" \/>\n<link rel=\"canonical\" href=\"https:\/\/daltec.ch\/fr\/product\/vz-30-27-b18\/\" \/>\n<meta property=\"og:locale\" content=\"fr_FR\" \/>\n<meta property=\"og:type\" content=\"article\" \/>\n<meta property=\"og:title\" content=\"VZ 30-30 FKT (-20\u00b0C), 3000x1600x1900mm, 3000 Kg - Daltec\" \/>\n<meta property=\"og:description\" content=\"Preis: Siehe Preisliste auf Startseite K\u00fchlanh\u00e4nger f\u00fcr Catering und Partyservice! Technische Daten:    L\u00e4nge 3000 mm   Breite 1600 mm   H\u00f6he 1900 mm   Achsen 2   Gesamtgewicht 2700 kg   Nutzlast 1907 kg   R\u00e4der 165 R 13 C    Optionen:    Fleischbahnen 2 Stk 2200 CHF   Servicet\u00fcre 800 x 1800 mm \u00a0980 CHF   K\u00fchlgruppe von -15\u00b0 bis 15\u00b0 1100 CHF\" \/>\n<meta property=\"og:url\" content=\"https:\/\/daltec.ch\/fr\/product\/vz-30-27-b18\/\" \/>\n<meta property=\"og:site_name\" content=\"Daltec\" \/>\n<meta property=\"article:publisher\" content=\"https:\/\/www.facebook.com\/DaltecAG\" \/>\n<meta property=\"article:modified_time\" content=\"2025-07-20T21:14:29+00:00\" \/>\n<meta property=\"og:image\" content=\"https:\/\/daltec.ch\/wp-content\/uploads\/2024\/06\/VZ_25-15_FK_1.jpg\" \/>\n\t<meta property=\"og:image:width\" content=\"1000\" \/>\n\t<meta property=\"og:image:height\" content=\"1000\" \/>\n\t<meta property=\"og:image:type\" content=\"image\/jpeg\" \/>\n<meta name=\"twitter:card\" content=\"summary_large_image\" \/>\n<meta name=\"twitter:label1\" content=\"Dur\u00e9e de lecture estim\u00e9e\" \/>\n\t<meta name=\"twitter:data1\" content=\"1 minute\" \/>\n<script type=\"application\/ld+json\" class=\"yoast-schema-graph\">{\"@context\":\"https:\/\/schema.org\",\"@graph\":[{\"@type\":\"WebPage\",\"@id\":\"https:\/\/daltec.ch\/product\/vz-30-27-b18\",\"url\":\"https:\/\/daltec.ch\/product\/vz-30-27-b18\",\"name\":\"VZ 30-30 FKT (-20\u00b0C), 3000x1600x1900mm, 3000 Kg - Daltec\",\"isPartOf\":{\"@id\":\"https:\/\/daltec.ch\/fr\/#website\"},\"primaryImageOfPage\":{\"@id\":\"https:\/\/daltec.ch\/product\/vz-30-27-b18#primaryimage\"},\"image\":{\"@id\":\"https:\/\/daltec.ch\/product\/vz-30-27-b18#primaryimage\"},\"thumbnailUrl\":\"https:\/\/daltec.ch\/wp-content\/uploads\/2024\/06\/VZ_25-15_FK_1.jpg\",\"datePublished\":\"2024-12-17T10:19:35+00:00\",\"dateModified\":\"2025-07-20T21:14:29+00:00\",\"breadcrumb\":{\"@id\":\"https:\/\/daltec.ch\/product\/vz-30-27-b18#breadcrumb\"},\"inLanguage\":\"fr-FR\",\"potentialAction\":[{\"@type\":\"ReadAction\",\"target\":[\"https:\/\/daltec.ch\/product\/vz-30-27-b18\"]}]},{\"@type\":\"ImageObject\",\"inLanguage\":\"fr-FR\",\"@id\":\"https:\/\/daltec.ch\/product\/vz-30-27-b18#primaryimage\",\"url\":\"https:\/\/daltec.ch\/wp-content\/uploads\/2024\/06\/VZ_25-15_FK_1.jpg\",\"contentUrl\":\"https:\/\/daltec.ch\/wp-content\/uploads\/2024\/06\/VZ_25-15_FK_1.jpg\",\"width\":1000,\"height\":1000},{\"@type\":\"BreadcrumbList\",\"@id\":\"https:\/\/daltec.ch\/product\/vz-30-27-b18#breadcrumb\",\"itemListElement\":[{\"@type\":\"ListItem\",\"position\":1,\"name\":\"Startseite\",\"item\":\"https:\/\/daltec.ch\/\"},{\"@type\":\"ListItem\",\"position\":2,\"name\":\"anhaenger\",\"item\":\"https:\/\/daltec.ch\/anhaenger\"},{\"@type\":\"ListItem\",\"position\":3,\"name\":\"VZ 30-30 FKT (-20\u00b0C), 3000x1600x1900mm, 3000 Kg\"}]},{\"@type\":\"WebSite\",\"@id\":\"https:\/\/daltec.ch\/fr\/#website\",\"url\":\"https:\/\/daltec.ch\/fr\/\",\"name\":\"Daltec Trailers\",\"description\":\"\",\"publisher\":{\"@id\":\"https:\/\/daltec.ch\/fr\/#organization\"},\"potentialAction\":[{\"@type\":\"SearchAction\",\"target\":{\"@type\":\"EntryPoint\",\"urlTemplate\":\"https:\/\/daltec.ch\/fr\/?s={search_term_string}\"},\"query-input\":{\"@type\":\"PropertyValueSpecification\",\"valueRequired\":true,\"valueName\":\"search_term_string\"}}],\"inLanguage\":\"fr-FR\"},{\"@type\":\"Organization\",\"@id\":\"https:\/\/daltec.ch\/fr\/#organization\",\"name\":\"Daltec AG\",\"url\":\"https:\/\/daltec.ch\/fr\/\",\"logo\":{\"@type\":\"ImageObject\",\"inLanguage\":\"fr-FR\",\"@id\":\"https:\/\/daltec.ch\/fr\/#\/schema\/logo\/image\/\",\"url\":\"https:\/\/daltec.ch\/wp-content\/uploads\/2025\/08\/dlteclogo.webp\",\"contentUrl\":\"https:\/\/daltec.ch\/wp-content\/uploads\/2025\/08\/dlteclogo.webp\",\"width\":500,\"height\":195,\"caption\":\"Daltec AG\"},\"image\":{\"@id\":\"https:\/\/daltec.ch\/fr\/#\/schema\/logo\/image\/\"},\"sameAs\":[\"https:\/\/www.facebook.com\/DaltecAG\"]}]}<\/script>\n<!-- \/ Yoast SEO plugin. -->","yoast_head_json":{"title":"VZ 30-30 FKT (-20\u00b0C), 3000x1600x1900mm, 3000 Kg - Daltec","robots":{"index":"index","follow":"follow","max-snippet":"max-snippet:-1","max-image-preview":"max-image-preview:large","max-video-preview":"max-video-preview:-1"},"canonical":"https:\/\/daltec.ch\/fr\/product\/vz-30-27-b18\/","og_locale":"fr_FR","og_type":"article","og_title":"VZ 30-30 FKT (-20\u00b0C), 3000x1600x1900mm, 3000 Kg - Daltec","og_description":"Preis: Siehe Preisliste auf Startseite K\u00fchlanh\u00e4nger f\u00fcr Catering und Partyservice! Technische Daten:    L\u00e4nge 3000 mm   Breite 1600 mm   H\u00f6he 1900 mm   Achsen 2   Gesamtgewicht 2700 kg   Nutzlast 1907 kg   R\u00e4der 165 R 13 C    Optionen:    Fleischbahnen 2 Stk 2200 CHF   Servicet\u00fcre 800 x 1800 mm \u00a0980 CHF   K\u00fchlgruppe von -15\u00b0 bis 15\u00b0 1100 CHF","og_url":"https:\/\/daltec.ch\/fr\/product\/vz-30-27-b18\/","og_site_name":"Daltec","article_publisher":"https:\/\/www.facebook.com\/DaltecAG","article_modified_time":"2025-07-20T21:14:29+00:00","og_image":[{"width":1000,"height":1000,"url":"https:\/\/daltec.ch\/wp-content\/uploads\/2024\/06\/VZ_25-15_FK_1.jpg","type":"image\/jpeg"}],"twitter_card":"summary_large_image","twitter_misc":{"Dur\u00e9e de lecture estim\u00e9e":"1 minute"},"schema":{"@context":"https:\/\/schema.org","@graph":[{"@type":"WebPage","@id":"https:\/\/daltec.ch\/product\/vz-30-27-b18","url":"https:\/\/daltec.ch\/product\/vz-30-27-b18","name":"VZ 30-30 FKT (-20\u00b0C), 3000x1600x1900mm, 3000 Kg - Daltec","isPartOf":{"@id":"https:\/\/daltec.ch\/fr\/#website"},"primaryImageOfPage":{"@id":"https:\/\/daltec.ch\/product\/vz-30-27-b18#primaryimage"},"image":{"@id":"https:\/\/daltec.ch\/product\/vz-30-27-b18#primaryimage"},"thumbnailUrl":"https:\/\/daltec.ch\/wp-content\/uploads\/2024\/06\/VZ_25-15_FK_1.jpg","datePublished":"2024-12-17T10:19:35+00:00","dateModified":"2025-07-20T21:14:29+00:00","breadcrumb":{"@id":"https:\/\/daltec.ch\/product\/vz-30-27-b18#breadcrumb"},"inLanguage":"fr-FR","potentialAction":[{"@type":"ReadAction","target":["https:\/\/daltec.ch\/product\/vz-30-27-b18"]}]},{"@type":"ImageObject","inLanguage":"fr-FR","@id":"https:\/\/daltec.ch\/product\/vz-30-27-b18#primaryimage","url":"https:\/\/daltec.ch\/wp-content\/uploads\/2024\/06\/VZ_25-15_FK_1.jpg","contentUrl":"https:\/\/daltec.ch\/wp-content\/uploads\/2024\/06\/VZ_25-15_FK_1.jpg","width":1000,"height":1000},{"@type":"BreadcrumbList","@id":"https:\/\/daltec.ch\/product\/vz-30-27-b18#breadcrumb","itemListElement":[{"@type":"ListItem","position":1,"name":"Startseite","item":"https:\/\/daltec.ch\/"},{"@type":"ListItem","position":2,"name":"anhaenger","item":"https:\/\/daltec.ch\/anhaenger"},{"@type":"ListItem","position":3,"name":"VZ 30-30 FKT (-20\u00b0C), 3000x1600x1900mm, 3000 Kg"}]},{"@type":"WebSite","@id":"https:\/\/daltec.ch\/fr\/#website","url":"https:\/\/daltec.ch\/fr\/","name":"Daltec Trailers","description":"","publisher":{"@id":"https:\/\/daltec.ch\/fr\/#organization"},"potentialAction":[{"@type":"SearchAction","target":{"@type":"EntryPoint","urlTemplate":"https:\/\/daltec.ch\/fr\/?s={search_term_string}"},"query-input":{"@type":"PropertyValueSpecification","valueRequired":true,"valueName":"search_term_string"}}],"inLanguage":"fr-FR"},{"@type":"Organization","@id":"https:\/\/daltec.ch\/fr\/#organization","name":"Daltec AG","url":"https:\/\/daltec.ch\/fr\/","logo":{"@type":"ImageObject","inLanguage":"fr-FR","@id":"https:\/\/daltec.ch\/fr\/#\/schema\/logo\/image\/","url":"https:\/\/daltec.ch\/wp-content\/uploads\/2025\/08\/dlteclogo.webp","contentUrl":"https:\/\/daltec.ch\/wp-content\/uploads\/2025\/08\/dlteclogo.webp","width":500,"height":195,"caption":"Daltec AG"},"image":{"@id":"https:\/\/daltec.ch\/fr\/#\/schema\/logo\/image\/"},"sameAs":["https:\/\/www.facebook.com\/DaltecAG"]}]}},"_links":{"self":[{"href":"https:\/\/daltec.ch\/fr\/wp-json\/wp\/v2\/product\/2196","targetHints":{"allow":["GET"]}}],"collection":[{"href":"https:\/\/daltec.ch\/fr\/wp-json\/wp\/v2\/product"}],"about":[{"href":"https:\/\/daltec.ch\/fr\/wp-json\/wp\/v2\/types\/product"}],"replies":[{"embeddable":true,"href":"https:\/\/daltec.ch\/fr\/wp-json\/wp\/v2\/comments?post=2196"}],"wp:featuredmedia":[{"embeddable":true,"href":"https:\/\/daltec.ch\/fr\/wp-json\/wp\/v2\/media\/1485"}],"wp:attachment":[{"href":"https:\/\/daltec.ch\/fr\/wp-json\/wp\/v2\/media?parent=2196"}],"wp:term":[{"taxonomy":"product_brand","embeddable":true,"href":"https:\/\/daltec.ch\/fr\/wp-json\/wp\/v2\/product_brand?post=2196"},{"taxonomy":"product_cat","embeddable":true,"href":"https:\/\/daltec.ch\/fr\/wp-json\/wp\/v2\/product_cat?post=2196"},{"taxonomy":"product_tag","embeddable":true,"href":"https:\/\/daltec.ch\/fr\/wp-json\/wp\/v2\/product_tag?post=2196"}],"curies":[{"name":"wp","href":"https:\/\/api.w.org\/{rel}","templated":true}]}}