{"id":2213,"date":"2024-12-17T15:47:08","date_gmt":"2024-12-17T15:47:08","guid":{"rendered":"https:\/\/daltec.ch\/?post_type=product&#038;p=2213"},"modified":"2025-06-18T12:15:14","modified_gmt":"2025-06-18T12:15:14","slug":"daytona-30-eco","status":"publish","type":"product","link":"https:\/\/daltec.ch\/fr\/product\/daytona-30-eco","title":{"rendered":"Daltec Daytona 30 Eco, 4050&#215;1990 mm, 3000 kg"},"content":{"rendered":"<p><label><strong>Equipement:<\/strong><\/label><\/p>\n<p>Fahrgestell: Einachsausf\u00fchrung<\/p>\n<p>Auflaufeinrichtung und Feststellbremse<\/p>\n<p>Bereifung 195\/55 R10C<\/p>\n<p>Robustes und voll verzinktes Fahrgestell mit V-Deichsel<\/p>\n<p>Korrosionsschutz: feuerverzinkte<\/p>\n<p>Konstruktion Tragrahmen: robuste<\/p>\n<p>Konstruktion mit rechteckigen geschlossenen Profilen, komplett verschwei\u00dft und tauchbad feuerverzinkt<\/p>\n<p>Ladefl\u00e4che: Boden aus wasserdichtem und rutschhemmendem Sperrholz Reling vorne, rechts und links festmontiert Zurr\u00f6sen zur Ladungsbefestigung Auffahrschienen 1530 x 398 mm Beleuchtung nach Vorschrift, 13 Pol Stecker<\/p>","protected":false},"excerpt":{"rendered":"<h5><span style=\"color: #ff6600;\"><em>Prix: voir liste de prix sur page d'accueil<\/em><\/span><\/h5>\n<p>Un transporteur de voitures \u00e0 prix avantageux !<\/p>\n<h4>Donn\u00e9es techniques:<\/h4>\n<table class=\"table\">\n<tbody>\n<tr>\n<th>Longueur int\u00e9rieure<\/th>\n<td>4050 <small>mm<\/small><\/td>\n<\/tr>\n<tr>\n<th>Largeur int\u00e9rieure<\/th>\n<td>1990 <small>mm<\/small><\/td>\n<\/tr>\n<tr>\n<th>Hauteur int\u00e9rieure<\/th>\n<td>0 <small>mm<\/small><\/td>\n<\/tr>\n<tr>\n<th>Essieux<\/th>\n<td>2<\/td>\n<\/tr>\n<tr>\n<th>Poids total<\/th>\n<td>3000 <small>kg<\/small><\/td>\n<\/tr>\n<tr>\n<th>Charge utile<\/th>\n<td>2415 <small>kg<\/small><\/td>\n<\/tr>\n<tr>\n<th>Roues<\/th>\n<td>165 R 13 C<small><\/small><\/td>\n<\/tr>\n<\/tbody>\n<\/table>\n<h4>Options :<\/h4>\n<table style=\"height: 50px;\" width=\"364\">\n<tbody>\n<tr>\n<td>Treuil manuel avec support<\/td>\n<td>640 CHF<\/td>\n<\/tr>\n<\/tbody>\n<\/table>","protected":false},"featured_media":2975,"comment_status":"open","ping_status":"closed","template":"","meta":{"_acf_changed":false},"product_brand":[],"product_cat":[234],"product_tag":[],"class_list":{"0":"post-2213","1":"product","2":"type-product","3":"status-publish","4":"has-post-thumbnail","6":"product_cat-autotransporter-offen","8":"first","9":"instock","10":"featured","11":"shipping-taxable","12":"purchasable","13":"product-type-simple"},"acf":[],"yoast_head":"<!-- This site is optimized with the Yoast SEO plugin v27.2 - https:\/\/yoast.com\/product\/yoast-seo-wordpress\/ -->\n<title>Daltec Daytona 30 Eco, 4050x1990 mm, 3000 kg - Daltec<\/title>\n<meta name=\"robots\" content=\"index, follow, max-snippet:-1, max-image-preview:large, max-video-preview:-1\" \/>\n<link rel=\"canonical\" href=\"https:\/\/daltec.ch\/fr\/product\/daytona-30-eco\/\" \/>\n<meta property=\"og:locale\" content=\"fr_FR\" \/>\n<meta property=\"og:type\" content=\"article\" \/>\n<meta property=\"og:title\" content=\"Daltec Daytona 30 Eco, 4050x1990 mm, 3000 kg - Daltec\" \/>\n<meta property=\"og:description\" content=\"Preis: Siehe Preisliste auf Startseite Preisg\u00fcnstiger Autotransporter! Technische Daten:    L\u00e4nge 4050 mm   Breite 1990 mm   H\u00f6he 0 mm   Achsen 2   Gesamtgewicht 3000 kg   Nutzlast 2415 kg   R\u00e4der 165 R 13 C    Optionen:    Seilwinde manuell mit Halter 640 CHF\" \/>\n<meta property=\"og:url\" content=\"https:\/\/daltec.ch\/fr\/product\/daytona-30-eco\/\" \/>\n<meta property=\"og:site_name\" content=\"Daltec\" \/>\n<meta property=\"article:publisher\" content=\"https:\/\/www.facebook.com\/DaltecAG\" \/>\n<meta property=\"article:modified_time\" content=\"2025-06-18T12:15:14+00:00\" \/>\n<meta property=\"og:image\" content=\"https:\/\/daltec.ch\/wp-content\/uploads\/2024\/12\/512-Daytona-30-ECO-L2OVP.300.410.200.226_KS0E-1.png\" \/>\n\t<meta property=\"og:image:width\" content=\"550\" \/>\n\t<meta property=\"og:image:height\" content=\"550\" \/>\n\t<meta property=\"og:image:type\" content=\"image\/png\" \/>\n<meta name=\"twitter:card\" content=\"summary_large_image\" \/>\n<script type=\"application\/ld+json\" class=\"yoast-schema-graph\">{\"@context\":\"https:\/\/schema.org\",\"@graph\":[{\"@type\":\"WebPage\",\"@id\":\"https:\/\/daltec.ch\/product\/daytona-30-eco\",\"url\":\"https:\/\/daltec.ch\/product\/daytona-30-eco\",\"name\":\"Daltec Daytona 30 Eco, 4050x1990 mm, 3000 kg - Daltec\",\"isPartOf\":{\"@id\":\"https:\/\/daltec.ch\/fr\/#website\"},\"primaryImageOfPage\":{\"@id\":\"https:\/\/daltec.ch\/product\/daytona-30-eco#primaryimage\"},\"image\":{\"@id\":\"https:\/\/daltec.ch\/product\/daytona-30-eco#primaryimage\"},\"thumbnailUrl\":\"https:\/\/daltec.ch\/wp-content\/uploads\/2024\/12\/512-Daytona-30-ECO-L2OVP.300.410.200.226_KS0E-1.png\",\"datePublished\":\"2024-12-17T15:47:08+00:00\",\"dateModified\":\"2025-06-18T12:15:14+00:00\",\"breadcrumb\":{\"@id\":\"https:\/\/daltec.ch\/product\/daytona-30-eco#breadcrumb\"},\"inLanguage\":\"fr-FR\",\"potentialAction\":[{\"@type\":\"ReadAction\",\"target\":[\"https:\/\/daltec.ch\/product\/daytona-30-eco\"]}]},{\"@type\":\"ImageObject\",\"inLanguage\":\"fr-FR\",\"@id\":\"https:\/\/daltec.ch\/product\/daytona-30-eco#primaryimage\",\"url\":\"https:\/\/daltec.ch\/wp-content\/uploads\/2024\/12\/512-Daytona-30-ECO-L2OVP.300.410.200.226_KS0E-1.png\",\"contentUrl\":\"https:\/\/daltec.ch\/wp-content\/uploads\/2024\/12\/512-Daytona-30-ECO-L2OVP.300.410.200.226_KS0E-1.png\",\"width\":550,\"height\":550},{\"@type\":\"BreadcrumbList\",\"@id\":\"https:\/\/daltec.ch\/product\/daytona-30-eco#breadcrumb\",\"itemListElement\":[{\"@type\":\"ListItem\",\"position\":1,\"name\":\"Startseite\",\"item\":\"https:\/\/daltec.ch\/\"},{\"@type\":\"ListItem\",\"position\":2,\"name\":\"anhaenger\",\"item\":\"https:\/\/daltec.ch\/anhaenger\"},{\"@type\":\"ListItem\",\"position\":3,\"name\":\"Daltec Daytona 30 Eco, 4050&#215;1990 mm, 3000 kg\"}]},{\"@type\":\"WebSite\",\"@id\":\"https:\/\/daltec.ch\/fr\/#website\",\"url\":\"https:\/\/daltec.ch\/fr\/\",\"name\":\"Daltec Trailers\",\"description\":\"\",\"publisher\":{\"@id\":\"https:\/\/daltec.ch\/fr\/#organization\"},\"potentialAction\":[{\"@type\":\"SearchAction\",\"target\":{\"@type\":\"EntryPoint\",\"urlTemplate\":\"https:\/\/daltec.ch\/fr\/?s={search_term_string}\"},\"query-input\":{\"@type\":\"PropertyValueSpecification\",\"valueRequired\":true,\"valueName\":\"search_term_string\"}}],\"inLanguage\":\"fr-FR\"},{\"@type\":\"Organization\",\"@id\":\"https:\/\/daltec.ch\/fr\/#organization\",\"name\":\"Daltec AG\",\"url\":\"https:\/\/daltec.ch\/fr\/\",\"logo\":{\"@type\":\"ImageObject\",\"inLanguage\":\"fr-FR\",\"@id\":\"https:\/\/daltec.ch\/fr\/#\/schema\/logo\/image\/\",\"url\":\"https:\/\/daltec.ch\/wp-content\/uploads\/2025\/08\/dlteclogo.webp\",\"contentUrl\":\"https:\/\/daltec.ch\/wp-content\/uploads\/2025\/08\/dlteclogo.webp\",\"width\":500,\"height\":195,\"caption\":\"Daltec AG\"},\"image\":{\"@id\":\"https:\/\/daltec.ch\/fr\/#\/schema\/logo\/image\/\"},\"sameAs\":[\"https:\/\/www.facebook.com\/DaltecAG\"]}]}<\/script>\n<!-- \/ Yoast SEO plugin. -->","yoast_head_json":{"title":"Daltec Daytona 30 Eco, 4050x1990 mm, 3000 kg - Daltec","robots":{"index":"index","follow":"follow","max-snippet":"max-snippet:-1","max-image-preview":"max-image-preview:large","max-video-preview":"max-video-preview:-1"},"canonical":"https:\/\/daltec.ch\/fr\/product\/daytona-30-eco\/","og_locale":"fr_FR","og_type":"article","og_title":"Daltec Daytona 30 Eco, 4050x1990 mm, 3000 kg - Daltec","og_description":"Preis: Siehe Preisliste auf Startseite Preisg\u00fcnstiger Autotransporter! Technische Daten:    L\u00e4nge 4050 mm   Breite 1990 mm   H\u00f6he 0 mm   Achsen 2   Gesamtgewicht 3000 kg   Nutzlast 2415 kg   R\u00e4der 165 R 13 C    Optionen:    Seilwinde manuell mit Halter 640 CHF","og_url":"https:\/\/daltec.ch\/fr\/product\/daytona-30-eco\/","og_site_name":"Daltec","article_publisher":"https:\/\/www.facebook.com\/DaltecAG","article_modified_time":"2025-06-18T12:15:14+00:00","og_image":[{"width":550,"height":550,"url":"https:\/\/daltec.ch\/wp-content\/uploads\/2024\/12\/512-Daytona-30-ECO-L2OVP.300.410.200.226_KS0E-1.png","type":"image\/png"}],"twitter_card":"summary_large_image","schema":{"@context":"https:\/\/schema.org","@graph":[{"@type":"WebPage","@id":"https:\/\/daltec.ch\/product\/daytona-30-eco","url":"https:\/\/daltec.ch\/product\/daytona-30-eco","name":"Daltec Daytona 30 Eco, 4050x1990 mm, 3000 kg - Daltec","isPartOf":{"@id":"https:\/\/daltec.ch\/fr\/#website"},"primaryImageOfPage":{"@id":"https:\/\/daltec.ch\/product\/daytona-30-eco#primaryimage"},"image":{"@id":"https:\/\/daltec.ch\/product\/daytona-30-eco#primaryimage"},"thumbnailUrl":"https:\/\/daltec.ch\/wp-content\/uploads\/2024\/12\/512-Daytona-30-ECO-L2OVP.300.410.200.226_KS0E-1.png","datePublished":"2024-12-17T15:47:08+00:00","dateModified":"2025-06-18T12:15:14+00:00","breadcrumb":{"@id":"https:\/\/daltec.ch\/product\/daytona-30-eco#breadcrumb"},"inLanguage":"fr-FR","potentialAction":[{"@type":"ReadAction","target":["https:\/\/daltec.ch\/product\/daytona-30-eco"]}]},{"@type":"ImageObject","inLanguage":"fr-FR","@id":"https:\/\/daltec.ch\/product\/daytona-30-eco#primaryimage","url":"https:\/\/daltec.ch\/wp-content\/uploads\/2024\/12\/512-Daytona-30-ECO-L2OVP.300.410.200.226_KS0E-1.png","contentUrl":"https:\/\/daltec.ch\/wp-content\/uploads\/2024\/12\/512-Daytona-30-ECO-L2OVP.300.410.200.226_KS0E-1.png","width":550,"height":550},{"@type":"BreadcrumbList","@id":"https:\/\/daltec.ch\/product\/daytona-30-eco#breadcrumb","itemListElement":[{"@type":"ListItem","position":1,"name":"Startseite","item":"https:\/\/daltec.ch\/"},{"@type":"ListItem","position":2,"name":"anhaenger","item":"https:\/\/daltec.ch\/anhaenger"},{"@type":"ListItem","position":3,"name":"Daltec Daytona 30 Eco, 4050&#215;1990 mm, 3000 kg"}]},{"@type":"WebSite","@id":"https:\/\/daltec.ch\/fr\/#website","url":"https:\/\/daltec.ch\/fr\/","name":"Daltec Trailers","description":"","publisher":{"@id":"https:\/\/daltec.ch\/fr\/#organization"},"potentialAction":[{"@type":"SearchAction","target":{"@type":"EntryPoint","urlTemplate":"https:\/\/daltec.ch\/fr\/?s={search_term_string}"},"query-input":{"@type":"PropertyValueSpecification","valueRequired":true,"valueName":"search_term_string"}}],"inLanguage":"fr-FR"},{"@type":"Organization","@id":"https:\/\/daltec.ch\/fr\/#organization","name":"Daltec AG","url":"https:\/\/daltec.ch\/fr\/","logo":{"@type":"ImageObject","inLanguage":"fr-FR","@id":"https:\/\/daltec.ch\/fr\/#\/schema\/logo\/image\/","url":"https:\/\/daltec.ch\/wp-content\/uploads\/2025\/08\/dlteclogo.webp","contentUrl":"https:\/\/daltec.ch\/wp-content\/uploads\/2025\/08\/dlteclogo.webp","width":500,"height":195,"caption":"Daltec AG"},"image":{"@id":"https:\/\/daltec.ch\/fr\/#\/schema\/logo\/image\/"},"sameAs":["https:\/\/www.facebook.com\/DaltecAG"]}]}},"_links":{"self":[{"href":"https:\/\/daltec.ch\/fr\/wp-json\/wp\/v2\/product\/2213","targetHints":{"allow":["GET"]}}],"collection":[{"href":"https:\/\/daltec.ch\/fr\/wp-json\/wp\/v2\/product"}],"about":[{"href":"https:\/\/daltec.ch\/fr\/wp-json\/wp\/v2\/types\/product"}],"replies":[{"embeddable":true,"href":"https:\/\/daltec.ch\/fr\/wp-json\/wp\/v2\/comments?post=2213"}],"wp:featuredmedia":[{"embeddable":true,"href":"https:\/\/daltec.ch\/fr\/wp-json\/wp\/v2\/media\/2975"}],"wp:attachment":[{"href":"https:\/\/daltec.ch\/fr\/wp-json\/wp\/v2\/media?parent=2213"}],"wp:term":[{"taxonomy":"product_brand","embeddable":true,"href":"https:\/\/daltec.ch\/fr\/wp-json\/wp\/v2\/product_brand?post=2213"},{"taxonomy":"product_cat","embeddable":true,"href":"https:\/\/daltec.ch\/fr\/wp-json\/wp\/v2\/product_cat?post=2213"},{"taxonomy":"product_tag","embeddable":true,"href":"https:\/\/daltec.ch\/fr\/wp-json\/wp\/v2\/product_tag?post=2213"}],"curies":[{"name":"wp","href":"https:\/\/api.w.org\/{rel}","templated":true}]}}