{"id":2220,"date":"2024-12-17T16:12:13","date_gmt":"2024-12-17T16:12:13","guid":{"rendered":"https:\/\/daltec.ch\/?post_type=product&#038;p=2220"},"modified":"2025-06-18T12:20:19","modified_gmt":"2025-06-18T12:20:19","slug":"car-deck-30","status":"publish","type":"product","link":"https:\/\/daltec.ch\/fr\/product\/car-deck-30","title":{"rendered":"Daltec Car Deck 30, 4520\u00d72055 mm, 3000 Kg"},"content":{"rendered":"<h4><strong><em>Prix: voir liste de prix sur page d'accueil<\/em><\/strong><\/h4>\n<h4>Equipement:<\/h4>\n<p>Ch\u00e2ssis : Version tandem, essieu \u00e0 ressort en caoutchouc sans entretien avec suspension \u00e0 roues ind\u00e9pendantes Dispositif d'inertie et frein de stationnement Timon en V avec accouplement \u00e0 billes Roue jockey de s\u00e9rie avec support C\u00e2ble de s\u00e9curit\u00e9 Protection des excr\u00e9ments en t\u00f4le avec bavette de protection Structure : Cadre porteur : construction robuste avec profil\u00e9s rectangulaires ferm\u00e9s ; enti\u00e8rement soud\u00e9s et galvanis\u00e9s \u00e0 chaud par immersion Surface de chargement : Plancher en aluminium anodis\u00e9 compos\u00e9 de profil\u00e9s sp\u00e9ciaux en forme de T \u0152illets d'arrimage encastr\u00e9s dans le profil\u00e9 de bordure lat\u00e9rale Perforation \u00e0 c\u00f4t\u00e9 du plancher pour l'arrimage du chargement Support de treuil avec treuil (r\u00e9glable sur les deux c\u00f4t\u00e9s) Rampes d'acc\u00e8s en acier perfor\u00e9, galvanis\u00e9, support sous le plancher de chargement, volet de fermeture<\/p>","protected":false},"excerpt":{"rendered":"<h5>Prix: voir liste de prix sur page d'accueil<\/h5>\n<p>Transporteur universel avec plancher en aluminium de haute qualit\u00e9<\/p>\n<h4>Sp\u00e9cifications<\/h4>\n<table class=\"table\">\n<tbody>\n<tr>\n<th>Longueur int\u00e9rieure<\/th>\n<td>4520<small>mm<\/small><\/td>\n<\/tr>\n<tr>\n<th>Largeur int\u00e9rieure<\/th>\n<td>2055 <small>mm<\/small><\/td>\n<\/tr>\n<tr>\n<th>Hauteur int\u00e9rieure<\/th>\n<td>0 <small>mm<\/small><\/td>\n<\/tr>\n<tr>\n<th>Essieux<\/th>\n<td>2<small><\/small><\/td>\n<\/tr>\n<tr>\n<th>Poids total<\/th>\n<td>3000<small>kg<\/small><\/td>\n<\/tr>\n<tr>\n<th>Charge utile<\/th>\n<td><small>2400 kg<\/small><\/td>\n<\/tr>\n<tr>\n<th>Roues<\/th>\n<td>195\/55 R 10 C<small><\/small><\/td>\n<\/tr>\n<\/tbody>\n<\/table>","protected":false},"featured_media":2218,"comment_status":"open","ping_status":"closed","template":"","meta":{"_acf_changed":false},"product_brand":[],"product_cat":[234],"product_tag":[],"class_list":{"0":"post-2220","1":"product","2":"type-product","3":"status-publish","4":"has-post-thumbnail","6":"product_cat-autotransporter-offen","8":"first","9":"instock","10":"featured","11":"shipping-taxable","12":"purchasable","13":"product-type-simple"},"acf":[],"yoast_head":"<!-- This site is optimized with the Yoast SEO plugin v27.2 - https:\/\/yoast.com\/product\/yoast-seo-wordpress\/ -->\n<title>Daltec Car Deck 30, 4520x2055 mm, 3000 Kg - Daltec<\/title>\n<meta name=\"robots\" content=\"index, follow, max-snippet:-1, max-image-preview:large, max-video-preview:-1\" \/>\n<link rel=\"canonical\" href=\"https:\/\/daltec.ch\/fr\/product\/car-deck-30\/\" \/>\n<meta property=\"og:locale\" content=\"fr_FR\" \/>\n<meta property=\"og:type\" content=\"article\" \/>\n<meta property=\"og:title\" content=\"Daltec Car Deck 30, 4520x2055 mm, 3000 Kg - Daltec\" \/>\n<meta property=\"og:description\" content=\"Preis: Siehe Preisliste auf Startseite Universaltransporter mit hochwertigem Aluboden Technische Daten    L\u00e4nge 4520mm   Breite 2055 mm   H\u00f6he 0 mm   Achsen 2   Gesamtgewicht 3000kg   Nutzlast 2400 kg   R\u00e4der 195\/55 R 10 C\" \/>\n<meta property=\"og:url\" content=\"https:\/\/daltec.ch\/fr\/product\/car-deck-30\/\" \/>\n<meta property=\"og:site_name\" content=\"Daltec\" \/>\n<meta property=\"article:publisher\" content=\"https:\/\/www.facebook.com\/DaltecAG\" \/>\n<meta property=\"article:modified_time\" content=\"2025-06-18T12:20:19+00:00\" \/>\n<meta property=\"og:image\" content=\"https:\/\/daltec.ch\/wp-content\/uploads\/2024\/12\/IMG_6629.png\" \/>\n\t<meta property=\"og:image:width\" content=\"523\" \/>\n\t<meta property=\"og:image:height\" content=\"257\" \/>\n\t<meta property=\"og:image:type\" content=\"image\/png\" \/>\n<meta name=\"twitter:card\" content=\"summary_large_image\" \/>\n<script type=\"application\/ld+json\" class=\"yoast-schema-graph\">{\"@context\":\"https:\/\/schema.org\",\"@graph\":[{\"@type\":\"WebPage\",\"@id\":\"https:\/\/daltec.ch\/product\/car-deck-30\",\"url\":\"https:\/\/daltec.ch\/product\/car-deck-30\",\"name\":\"Daltec Car Deck 30, 4520x2055 mm, 3000 Kg - Daltec\",\"isPartOf\":{\"@id\":\"https:\/\/daltec.ch\/fr\/#website\"},\"primaryImageOfPage\":{\"@id\":\"https:\/\/daltec.ch\/product\/car-deck-30#primaryimage\"},\"image\":{\"@id\":\"https:\/\/daltec.ch\/product\/car-deck-30#primaryimage\"},\"thumbnailUrl\":\"https:\/\/daltec.ch\/wp-content\/uploads\/2024\/12\/IMG_6629.png\",\"datePublished\":\"2024-12-17T16:12:13+00:00\",\"dateModified\":\"2025-06-18T12:20:19+00:00\",\"breadcrumb\":{\"@id\":\"https:\/\/daltec.ch\/product\/car-deck-30#breadcrumb\"},\"inLanguage\":\"fr-FR\",\"potentialAction\":[{\"@type\":\"ReadAction\",\"target\":[\"https:\/\/daltec.ch\/product\/car-deck-30\"]}]},{\"@type\":\"ImageObject\",\"inLanguage\":\"fr-FR\",\"@id\":\"https:\/\/daltec.ch\/product\/car-deck-30#primaryimage\",\"url\":\"https:\/\/daltec.ch\/wp-content\/uploads\/2024\/12\/IMG_6629.png\",\"contentUrl\":\"https:\/\/daltec.ch\/wp-content\/uploads\/2024\/12\/IMG_6629.png\",\"width\":523,\"height\":257},{\"@type\":\"BreadcrumbList\",\"@id\":\"https:\/\/daltec.ch\/product\/car-deck-30#breadcrumb\",\"itemListElement\":[{\"@type\":\"ListItem\",\"position\":1,\"name\":\"Startseite\",\"item\":\"https:\/\/daltec.ch\/\"},{\"@type\":\"ListItem\",\"position\":2,\"name\":\"anhaenger\",\"item\":\"https:\/\/daltec.ch\/anhaenger\"},{\"@type\":\"ListItem\",\"position\":3,\"name\":\"Daltec Car Deck 30, 4520&#215;2055 mm, 3000 Kg\"}]},{\"@type\":\"WebSite\",\"@id\":\"https:\/\/daltec.ch\/fr\/#website\",\"url\":\"https:\/\/daltec.ch\/fr\/\",\"name\":\"Daltec Trailers\",\"description\":\"\",\"publisher\":{\"@id\":\"https:\/\/daltec.ch\/fr\/#organization\"},\"potentialAction\":[{\"@type\":\"SearchAction\",\"target\":{\"@type\":\"EntryPoint\",\"urlTemplate\":\"https:\/\/daltec.ch\/fr\/?s={search_term_string}\"},\"query-input\":{\"@type\":\"PropertyValueSpecification\",\"valueRequired\":true,\"valueName\":\"search_term_string\"}}],\"inLanguage\":\"fr-FR\"},{\"@type\":\"Organization\",\"@id\":\"https:\/\/daltec.ch\/fr\/#organization\",\"name\":\"Daltec AG\",\"url\":\"https:\/\/daltec.ch\/fr\/\",\"logo\":{\"@type\":\"ImageObject\",\"inLanguage\":\"fr-FR\",\"@id\":\"https:\/\/daltec.ch\/fr\/#\/schema\/logo\/image\/\",\"url\":\"https:\/\/daltec.ch\/wp-content\/uploads\/2025\/08\/dlteclogo.webp\",\"contentUrl\":\"https:\/\/daltec.ch\/wp-content\/uploads\/2025\/08\/dlteclogo.webp\",\"width\":500,\"height\":195,\"caption\":\"Daltec AG\"},\"image\":{\"@id\":\"https:\/\/daltec.ch\/fr\/#\/schema\/logo\/image\/\"},\"sameAs\":[\"https:\/\/www.facebook.com\/DaltecAG\"]}]}<\/script>\n<!-- \/ Yoast SEO plugin. -->","yoast_head_json":{"title":"Daltec Car Deck 30, 4520x2055 mm, 3000 Kg - Daltec","robots":{"index":"index","follow":"follow","max-snippet":"max-snippet:-1","max-image-preview":"max-image-preview:large","max-video-preview":"max-video-preview:-1"},"canonical":"https:\/\/daltec.ch\/fr\/product\/car-deck-30\/","og_locale":"fr_FR","og_type":"article","og_title":"Daltec Car Deck 30, 4520x2055 mm, 3000 Kg - Daltec","og_description":"Preis: Siehe Preisliste auf Startseite Universaltransporter mit hochwertigem Aluboden Technische Daten    L\u00e4nge 4520mm   Breite 2055 mm   H\u00f6he 0 mm   Achsen 2   Gesamtgewicht 3000kg   Nutzlast 2400 kg   R\u00e4der 195\/55 R 10 C","og_url":"https:\/\/daltec.ch\/fr\/product\/car-deck-30\/","og_site_name":"Daltec","article_publisher":"https:\/\/www.facebook.com\/DaltecAG","article_modified_time":"2025-06-18T12:20:19+00:00","og_image":[{"width":523,"height":257,"url":"https:\/\/daltec.ch\/wp-content\/uploads\/2024\/12\/IMG_6629.png","type":"image\/png"}],"twitter_card":"summary_large_image","schema":{"@context":"https:\/\/schema.org","@graph":[{"@type":"WebPage","@id":"https:\/\/daltec.ch\/product\/car-deck-30","url":"https:\/\/daltec.ch\/product\/car-deck-30","name":"Daltec Car Deck 30, 4520x2055 mm, 3000 Kg - Daltec","isPartOf":{"@id":"https:\/\/daltec.ch\/fr\/#website"},"primaryImageOfPage":{"@id":"https:\/\/daltec.ch\/product\/car-deck-30#primaryimage"},"image":{"@id":"https:\/\/daltec.ch\/product\/car-deck-30#primaryimage"},"thumbnailUrl":"https:\/\/daltec.ch\/wp-content\/uploads\/2024\/12\/IMG_6629.png","datePublished":"2024-12-17T16:12:13+00:00","dateModified":"2025-06-18T12:20:19+00:00","breadcrumb":{"@id":"https:\/\/daltec.ch\/product\/car-deck-30#breadcrumb"},"inLanguage":"fr-FR","potentialAction":[{"@type":"ReadAction","target":["https:\/\/daltec.ch\/product\/car-deck-30"]}]},{"@type":"ImageObject","inLanguage":"fr-FR","@id":"https:\/\/daltec.ch\/product\/car-deck-30#primaryimage","url":"https:\/\/daltec.ch\/wp-content\/uploads\/2024\/12\/IMG_6629.png","contentUrl":"https:\/\/daltec.ch\/wp-content\/uploads\/2024\/12\/IMG_6629.png","width":523,"height":257},{"@type":"BreadcrumbList","@id":"https:\/\/daltec.ch\/product\/car-deck-30#breadcrumb","itemListElement":[{"@type":"ListItem","position":1,"name":"Startseite","item":"https:\/\/daltec.ch\/"},{"@type":"ListItem","position":2,"name":"anhaenger","item":"https:\/\/daltec.ch\/anhaenger"},{"@type":"ListItem","position":3,"name":"Daltec Car Deck 30, 4520&#215;2055 mm, 3000 Kg"}]},{"@type":"WebSite","@id":"https:\/\/daltec.ch\/fr\/#website","url":"https:\/\/daltec.ch\/fr\/","name":"Daltec Trailers","description":"","publisher":{"@id":"https:\/\/daltec.ch\/fr\/#organization"},"potentialAction":[{"@type":"SearchAction","target":{"@type":"EntryPoint","urlTemplate":"https:\/\/daltec.ch\/fr\/?s={search_term_string}"},"query-input":{"@type":"PropertyValueSpecification","valueRequired":true,"valueName":"search_term_string"}}],"inLanguage":"fr-FR"},{"@type":"Organization","@id":"https:\/\/daltec.ch\/fr\/#organization","name":"Daltec AG","url":"https:\/\/daltec.ch\/fr\/","logo":{"@type":"ImageObject","inLanguage":"fr-FR","@id":"https:\/\/daltec.ch\/fr\/#\/schema\/logo\/image\/","url":"https:\/\/daltec.ch\/wp-content\/uploads\/2025\/08\/dlteclogo.webp","contentUrl":"https:\/\/daltec.ch\/wp-content\/uploads\/2025\/08\/dlteclogo.webp","width":500,"height":195,"caption":"Daltec AG"},"image":{"@id":"https:\/\/daltec.ch\/fr\/#\/schema\/logo\/image\/"},"sameAs":["https:\/\/www.facebook.com\/DaltecAG"]}]}},"_links":{"self":[{"href":"https:\/\/daltec.ch\/fr\/wp-json\/wp\/v2\/product\/2220","targetHints":{"allow":["GET"]}}],"collection":[{"href":"https:\/\/daltec.ch\/fr\/wp-json\/wp\/v2\/product"}],"about":[{"href":"https:\/\/daltec.ch\/fr\/wp-json\/wp\/v2\/types\/product"}],"replies":[{"embeddable":true,"href":"https:\/\/daltec.ch\/fr\/wp-json\/wp\/v2\/comments?post=2220"}],"wp:featuredmedia":[{"embeddable":true,"href":"https:\/\/daltec.ch\/fr\/wp-json\/wp\/v2\/media\/2218"}],"wp:attachment":[{"href":"https:\/\/daltec.ch\/fr\/wp-json\/wp\/v2\/media?parent=2220"}],"wp:term":[{"taxonomy":"product_brand","embeddable":true,"href":"https:\/\/daltec.ch\/fr\/wp-json\/wp\/v2\/product_brand?post=2220"},{"taxonomy":"product_cat","embeddable":true,"href":"https:\/\/daltec.ch\/fr\/wp-json\/wp\/v2\/product_cat?post=2220"},{"taxonomy":"product_tag","embeddable":true,"href":"https:\/\/daltec.ch\/fr\/wp-json\/wp\/v2\/product_tag?post=2220"}],"curies":[{"name":"wp","href":"https:\/\/api.w.org\/{rel}","templated":true}]}}