{"id":2231,"date":"2024-12-17T16:54:18","date_gmt":"2024-12-17T16:54:18","guid":{"rendered":"https:\/\/daltec.ch\/?post_type=product&#038;p=2231"},"modified":"2025-12-09T13:25:23","modified_gmt":"2025-12-09T13:25:23","slug":"stema-imola-fhak-27-abkippbar","status":"publish","type":"product","link":"https:\/\/daltec.ch\/fr\/product\/stema-imola-fhak-27-abkippbar","title":{"rendered":"Daltec Stema Imola FHAK 27 Basculante, 4000\u00d72010 mm, 2700 Kg"},"content":{"rendered":"<p><strong><em>Prix: voir liste de prix sur page d'accueil<\/em><\/strong><\/p>\n<p>Alors que sur les porte-voitures traditionnels, vous chargez avec des rampes d'acc\u00e8s, celles-ci sont superflues sur l'ATOUR Grande. Sa surface de chargement galvanis\u00e9e est \u00e9galement un pont \u00e0 basculement m\u00e9canique continu. Lorsqu'il est en position de chargement inclin\u00e9e, le v\u00e9hicule peut \u00eatre directement charg\u00e9 ou tir\u00e9 vers le haut.<\/p>\n<h4>Equipement:<\/h4>\n<p>Rampes et puits d'acc\u00e8s Rampe d'acc\u00e8s incluse Ch\u00e2ssis et cadre Tenue de route optimale gr\u00e2ce au ch\u00e2ssis test\u00e9 sur piste d'essai avec timon en V de s\u00e9curit\u00e9 STEMA Attelage par boule d'attelage avec indicateur de s\u00e9curit\u00e9 partiellement galvanis\u00e9 \u00e0 chaud Ch\u00e2ssis soud\u00e9 par vis Syst\u00e8me hydraulique (fonction de basculement et d'abaissement) Pont basculant galvanis\u00e9 \u00e0 chaud, basculement m\u00e9canique par deux amortisseurs surface de chargement et plancher rails galvanis\u00e9s \u00e0 chaud dispositifs d'\u00e9clairage \u00e9clairage moderne multifonctionnel avec feu de recul avec feu arri\u00e8re de brouillard prise 13 p\u00f4les, \u00e9quipement CE roues et essieux essieu robuste \u00e0 suspension caoutchouc roulements de roues compacts sans entretien garde-boue en zinc stable \u00e9quip\u00e9 de bavettes anti-projections cales avec support possibilit\u00e9s d'arrimage et de s\u00e9curisation nombreux points d'arrimage sur les rails de transport<\/p>","protected":false},"excerpt":{"rendered":"<h5>Prix: voir liste de prix sur page d'accueil<\/h5>\n<p>Remorque abaissable \u00e0 un essieu<\/p>\n<h4>Sp\u00e9cifications<\/h4>\n<table class=\"table\">\n<tbody>\n<tr>\n<th>Longueur int\u00e9rieure<\/th>\n<td>4000 <small>mm<\/small><\/td>\n<\/tr>\n<tr>\n<th>Largeur int\u00e9rieure<\/th>\n<td>2010 <small>mm<\/small><\/td>\n<\/tr>\n<tr>\n<th>Essieux<\/th>\n<td>2<\/td>\n<\/tr>\n<tr>\n<th>Poids total<\/th>\n<td>2700 <small>kg<\/small><\/td>\n<\/tr>\n<tr>\n<th>Charge utile<\/th>\n<td>1971 <small>kg<\/small><\/td>\n<\/tr>\n<tr>\n<th>Roues<\/th>\n<td>13 <small>Zoll<\/small><\/td>\n<\/tr>\n<\/tbody>\n<\/table>","protected":false},"featured_media":2997,"comment_status":"open","ping_status":"closed","template":"","meta":{"_acf_changed":false},"product_brand":[],"product_cat":[234],"product_tag":[],"class_list":{"0":"post-2231","1":"product","2":"type-product","3":"status-publish","4":"has-post-thumbnail","6":"product_cat-autotransporter-offen","8":"first","9":"instock","10":"featured","11":"shipping-taxable","12":"purchasable","13":"product-type-simple"},"acf":[],"yoast_head":"<!-- This site is optimized with the Yoast SEO plugin v27.2 - https:\/\/yoast.com\/product\/yoast-seo-wordpress\/ -->\n<title>Daltec Stema Imola FHAK 27 abkippbar, 4000x2010 mm, 2700 Kg - Daltec<\/title>\n<meta name=\"robots\" content=\"index, follow, max-snippet:-1, max-image-preview:large, max-video-preview:-1\" \/>\n<link rel=\"canonical\" href=\"https:\/\/daltec.ch\/fr\/product\/stema-imola-fhak-27-abkippbar\/\" \/>\n<meta property=\"og:locale\" content=\"fr_FR\" \/>\n<meta property=\"og:type\" content=\"article\" \/>\n<meta property=\"og:title\" content=\"Daltec Stema Imola FHAK 27 abkippbar, 4000x2010 mm, 2700 Kg - Daltec\" \/>\n<meta property=\"og:description\" content=\"Preis: Siehe Preisliste auf Startseite Einachsiger absenkbarer Anh\u00e4nger Technische Daten    L\u00e4nge 4000 mm   Breite 2010 mm   Achsen 2   Gesamtgewicht 2700 kg   Nutzlast 1971 kg   R\u00e4der 13 Zoll\" \/>\n<meta property=\"og:url\" content=\"https:\/\/daltec.ch\/fr\/product\/stema-imola-fhak-27-abkippbar\/\" \/>\n<meta property=\"og:site_name\" content=\"Daltec\" \/>\n<meta property=\"article:publisher\" content=\"https:\/\/www.facebook.com\/DaltecAG\" \/>\n<meta property=\"article:modified_time\" content=\"2025-12-09T13:25:23+00:00\" \/>\n<meta property=\"og:image\" content=\"https:\/\/daltec.ch\/wp-content\/uploads\/2024\/12\/xd79036eed7e9af433d9498acdbd8b7b5.jpeg.pagespeed.ic_.iPvRNu5GI1.png\" \/>\n\t<meta property=\"og:image:width\" content=\"686\" \/>\n\t<meta property=\"og:image:height\" content=\"686\" \/>\n\t<meta property=\"og:image:type\" content=\"image\/png\" \/>\n<meta name=\"twitter:card\" content=\"summary_large_image\" \/>\n<meta name=\"twitter:label1\" content=\"Dur\u00e9e de lecture estim\u00e9e\" \/>\n\t<meta name=\"twitter:data1\" content=\"1 minute\" \/>\n<script type=\"application\/ld+json\" class=\"yoast-schema-graph\">{\"@context\":\"https:\/\/schema.org\",\"@graph\":[{\"@type\":\"WebPage\",\"@id\":\"https:\/\/daltec.ch\/product\/stema-imola-fhak-27-abkippbar\",\"url\":\"https:\/\/daltec.ch\/product\/stema-imola-fhak-27-abkippbar\",\"name\":\"Daltec Stema Imola FHAK 27 abkippbar, 4000x2010 mm, 2700 Kg - Daltec\",\"isPartOf\":{\"@id\":\"https:\/\/daltec.ch\/fr\/#website\"},\"primaryImageOfPage\":{\"@id\":\"https:\/\/daltec.ch\/product\/stema-imola-fhak-27-abkippbar#primaryimage\"},\"image\":{\"@id\":\"https:\/\/daltec.ch\/product\/stema-imola-fhak-27-abkippbar#primaryimage\"},\"thumbnailUrl\":\"https:\/\/daltec.ch\/wp-content\/uploads\/2024\/12\/xd79036eed7e9af433d9498acdbd8b7b5.jpeg.pagespeed.ic_.iPvRNu5GI1.png\",\"datePublished\":\"2024-12-17T16:54:18+00:00\",\"dateModified\":\"2025-12-09T13:25:23+00:00\",\"breadcrumb\":{\"@id\":\"https:\/\/daltec.ch\/product\/stema-imola-fhak-27-abkippbar#breadcrumb\"},\"inLanguage\":\"fr-FR\",\"potentialAction\":[{\"@type\":\"ReadAction\",\"target\":[\"https:\/\/daltec.ch\/product\/stema-imola-fhak-27-abkippbar\"]}]},{\"@type\":\"ImageObject\",\"inLanguage\":\"fr-FR\",\"@id\":\"https:\/\/daltec.ch\/product\/stema-imola-fhak-27-abkippbar#primaryimage\",\"url\":\"https:\/\/daltec.ch\/wp-content\/uploads\/2024\/12\/xd79036eed7e9af433d9498acdbd8b7b5.jpeg.pagespeed.ic_.iPvRNu5GI1.png\",\"contentUrl\":\"https:\/\/daltec.ch\/wp-content\/uploads\/2024\/12\/xd79036eed7e9af433d9498acdbd8b7b5.jpeg.pagespeed.ic_.iPvRNu5GI1.png\",\"width\":686,\"height\":686},{\"@type\":\"BreadcrumbList\",\"@id\":\"https:\/\/daltec.ch\/product\/stema-imola-fhak-27-abkippbar#breadcrumb\",\"itemListElement\":[{\"@type\":\"ListItem\",\"position\":1,\"name\":\"Startseite\",\"item\":\"https:\/\/daltec.ch\/\"},{\"@type\":\"ListItem\",\"position\":2,\"name\":\"anhaenger\",\"item\":\"https:\/\/daltec.ch\/anhaenger\"},{\"@type\":\"ListItem\",\"position\":3,\"name\":\"Daltec Stema Imola FHAK 27 abkippbar, 4000&#215;2010 mm, 2700 Kg\"}]},{\"@type\":\"WebSite\",\"@id\":\"https:\/\/daltec.ch\/fr\/#website\",\"url\":\"https:\/\/daltec.ch\/fr\/\",\"name\":\"Daltec Trailers\",\"description\":\"\",\"publisher\":{\"@id\":\"https:\/\/daltec.ch\/fr\/#organization\"},\"potentialAction\":[{\"@type\":\"SearchAction\",\"target\":{\"@type\":\"EntryPoint\",\"urlTemplate\":\"https:\/\/daltec.ch\/fr\/?s={search_term_string}\"},\"query-input\":{\"@type\":\"PropertyValueSpecification\",\"valueRequired\":true,\"valueName\":\"search_term_string\"}}],\"inLanguage\":\"fr-FR\"},{\"@type\":\"Organization\",\"@id\":\"https:\/\/daltec.ch\/fr\/#organization\",\"name\":\"Daltec AG\",\"url\":\"https:\/\/daltec.ch\/fr\/\",\"logo\":{\"@type\":\"ImageObject\",\"inLanguage\":\"fr-FR\",\"@id\":\"https:\/\/daltec.ch\/fr\/#\/schema\/logo\/image\/\",\"url\":\"https:\/\/daltec.ch\/wp-content\/uploads\/2025\/08\/dlteclogo.webp\",\"contentUrl\":\"https:\/\/daltec.ch\/wp-content\/uploads\/2025\/08\/dlteclogo.webp\",\"width\":500,\"height\":195,\"caption\":\"Daltec AG\"},\"image\":{\"@id\":\"https:\/\/daltec.ch\/fr\/#\/schema\/logo\/image\/\"},\"sameAs\":[\"https:\/\/www.facebook.com\/DaltecAG\"]}]}<\/script>\n<!-- \/ Yoast SEO plugin. -->","yoast_head_json":{"title":"Daltec Stema Imola FHAK 27 abkippbar, 4000x2010 mm, 2700 Kg - Daltec","robots":{"index":"index","follow":"follow","max-snippet":"max-snippet:-1","max-image-preview":"max-image-preview:large","max-video-preview":"max-video-preview:-1"},"canonical":"https:\/\/daltec.ch\/fr\/product\/stema-imola-fhak-27-abkippbar\/","og_locale":"fr_FR","og_type":"article","og_title":"Daltec Stema Imola FHAK 27 abkippbar, 4000x2010 mm, 2700 Kg - Daltec","og_description":"Preis: Siehe Preisliste auf Startseite Einachsiger absenkbarer Anh\u00e4nger Technische Daten    L\u00e4nge 4000 mm   Breite 2010 mm   Achsen 2   Gesamtgewicht 2700 kg   Nutzlast 1971 kg   R\u00e4der 13 Zoll","og_url":"https:\/\/daltec.ch\/fr\/product\/stema-imola-fhak-27-abkippbar\/","og_site_name":"Daltec","article_publisher":"https:\/\/www.facebook.com\/DaltecAG","article_modified_time":"2025-12-09T13:25:23+00:00","og_image":[{"width":686,"height":686,"url":"https:\/\/daltec.ch\/wp-content\/uploads\/2024\/12\/xd79036eed7e9af433d9498acdbd8b7b5.jpeg.pagespeed.ic_.iPvRNu5GI1.png","type":"image\/png"}],"twitter_card":"summary_large_image","twitter_misc":{"Dur\u00e9e de lecture estim\u00e9e":"1 minute"},"schema":{"@context":"https:\/\/schema.org","@graph":[{"@type":"WebPage","@id":"https:\/\/daltec.ch\/product\/stema-imola-fhak-27-abkippbar","url":"https:\/\/daltec.ch\/product\/stema-imola-fhak-27-abkippbar","name":"Daltec Stema Imola FHAK 27 abkippbar, 4000x2010 mm, 2700 Kg - Daltec","isPartOf":{"@id":"https:\/\/daltec.ch\/fr\/#website"},"primaryImageOfPage":{"@id":"https:\/\/daltec.ch\/product\/stema-imola-fhak-27-abkippbar#primaryimage"},"image":{"@id":"https:\/\/daltec.ch\/product\/stema-imola-fhak-27-abkippbar#primaryimage"},"thumbnailUrl":"https:\/\/daltec.ch\/wp-content\/uploads\/2024\/12\/xd79036eed7e9af433d9498acdbd8b7b5.jpeg.pagespeed.ic_.iPvRNu5GI1.png","datePublished":"2024-12-17T16:54:18+00:00","dateModified":"2025-12-09T13:25:23+00:00","breadcrumb":{"@id":"https:\/\/daltec.ch\/product\/stema-imola-fhak-27-abkippbar#breadcrumb"},"inLanguage":"fr-FR","potentialAction":[{"@type":"ReadAction","target":["https:\/\/daltec.ch\/product\/stema-imola-fhak-27-abkippbar"]}]},{"@type":"ImageObject","inLanguage":"fr-FR","@id":"https:\/\/daltec.ch\/product\/stema-imola-fhak-27-abkippbar#primaryimage","url":"https:\/\/daltec.ch\/wp-content\/uploads\/2024\/12\/xd79036eed7e9af433d9498acdbd8b7b5.jpeg.pagespeed.ic_.iPvRNu5GI1.png","contentUrl":"https:\/\/daltec.ch\/wp-content\/uploads\/2024\/12\/xd79036eed7e9af433d9498acdbd8b7b5.jpeg.pagespeed.ic_.iPvRNu5GI1.png","width":686,"height":686},{"@type":"BreadcrumbList","@id":"https:\/\/daltec.ch\/product\/stema-imola-fhak-27-abkippbar#breadcrumb","itemListElement":[{"@type":"ListItem","position":1,"name":"Startseite","item":"https:\/\/daltec.ch\/"},{"@type":"ListItem","position":2,"name":"anhaenger","item":"https:\/\/daltec.ch\/anhaenger"},{"@type":"ListItem","position":3,"name":"Daltec Stema Imola FHAK 27 abkippbar, 4000&#215;2010 mm, 2700 Kg"}]},{"@type":"WebSite","@id":"https:\/\/daltec.ch\/fr\/#website","url":"https:\/\/daltec.ch\/fr\/","name":"Daltec Trailers","description":"","publisher":{"@id":"https:\/\/daltec.ch\/fr\/#organization"},"potentialAction":[{"@type":"SearchAction","target":{"@type":"EntryPoint","urlTemplate":"https:\/\/daltec.ch\/fr\/?s={search_term_string}"},"query-input":{"@type":"PropertyValueSpecification","valueRequired":true,"valueName":"search_term_string"}}],"inLanguage":"fr-FR"},{"@type":"Organization","@id":"https:\/\/daltec.ch\/fr\/#organization","name":"Daltec AG","url":"https:\/\/daltec.ch\/fr\/","logo":{"@type":"ImageObject","inLanguage":"fr-FR","@id":"https:\/\/daltec.ch\/fr\/#\/schema\/logo\/image\/","url":"https:\/\/daltec.ch\/wp-content\/uploads\/2025\/08\/dlteclogo.webp","contentUrl":"https:\/\/daltec.ch\/wp-content\/uploads\/2025\/08\/dlteclogo.webp","width":500,"height":195,"caption":"Daltec AG"},"image":{"@id":"https:\/\/daltec.ch\/fr\/#\/schema\/logo\/image\/"},"sameAs":["https:\/\/www.facebook.com\/DaltecAG"]}]}},"_links":{"self":[{"href":"https:\/\/daltec.ch\/fr\/wp-json\/wp\/v2\/product\/2231","targetHints":{"allow":["GET"]}}],"collection":[{"href":"https:\/\/daltec.ch\/fr\/wp-json\/wp\/v2\/product"}],"about":[{"href":"https:\/\/daltec.ch\/fr\/wp-json\/wp\/v2\/types\/product"}],"replies":[{"embeddable":true,"href":"https:\/\/daltec.ch\/fr\/wp-json\/wp\/v2\/comments?post=2231"}],"wp:featuredmedia":[{"embeddable":true,"href":"https:\/\/daltec.ch\/fr\/wp-json\/wp\/v2\/media\/2997"}],"wp:attachment":[{"href":"https:\/\/daltec.ch\/fr\/wp-json\/wp\/v2\/media?parent=2231"}],"wp:term":[{"taxonomy":"product_brand","embeddable":true,"href":"https:\/\/daltec.ch\/fr\/wp-json\/wp\/v2\/product_brand?post=2231"},{"taxonomy":"product_cat","embeddable":true,"href":"https:\/\/daltec.ch\/fr\/wp-json\/wp\/v2\/product_cat?post=2231"},{"taxonomy":"product_tag","embeddable":true,"href":"https:\/\/daltec.ch\/fr\/wp-json\/wp\/v2\/product_tag?post=2231"}],"curies":[{"name":"wp","href":"https:\/\/api.w.org\/{rel}","templated":true}]}}