{"id":2642,"date":"2025-04-04T07:57:12","date_gmt":"2025-04-04T07:57:12","guid":{"rendered":"https:\/\/daltec.ch\/?post_type=product&#038;p=2642"},"modified":"2025-07-20T20:48:29","modified_gmt":"2025-07-20T20:48:29","slug":"cargo-27-bk-tfsp-420-sw-heckrampe-inkl-servicetuere","status":"publish","type":"product","link":"https:\/\/daltec.ch\/fr\/product\/cargo-27-bk-tfsp-420-sw-heckrampe-inkl-servicetuere","title":{"rendered":"Daltec Cargo 27 BK TFSP 420.01 SW, 4200x2000x1800 mm, 2700 Kg"},"content":{"rendered":"<p><strong><em>Prix: voir liste de prix sur page d'accueil<\/em><\/strong><\/p>\n<p>La TFSP est un produit qui combine parfaitement des solutions techniques standardis\u00e9es avec des solutions fonctionnelles pratiques, afin de r\u00e9pondre aux attentes des utilisateurs en termes de confort de conduite et d'utilisation efficace de l'espace disponible. Ce mod\u00e8le est \u00e0 la fois facile \u00e0 utiliser et esth\u00e9tique. La version sur\u00e9lev\u00e9e (roues dessous) est un avantage d\u00e9cisif pour la man\u0153uvrabilit\u00e9 de la remorque, en particulier si celle-ci est \u00e9quip\u00e9e d'un hayon lat\u00e9ral. Elle permet un acc\u00e8s plus facile \u00e0 l'espace de chargement.<br \/>\n<em>*Les images peuvent contenir des options qui ne sont pas pr\u00e9sentes dans la version standard.<\/em><\/p>\n<h4>Equipement:<\/h4>\n<p>Ch\u00e2ssis : ch\u00e2ssis de base galvanis\u00e9 \u00e0 chaud, soud\u00e9 et viss\u00e9, dispositif d'attelage en V galvanis\u00e9 \u00e0 chaud, attelage \u00e0 boule, c\u00e2ble de s\u00e9curit\u00e9, roue jockey \u00e0 l'avant, garde-boue en plastique, 4x pieds d'appui r\u00e9glables avec manivelle.<br \/>\nEssieux: 2x essieu AL-KO\/Knott, frein \u00e0 main, syst\u00e8me de recul automatique.<br \/>\nStructure: Cadre galvanis\u00e9, structure en panneau sandwich, blanc. 4x rails d'arrimage sur les parois lat\u00e9rrales (2x par c\u00f4t\u00e9s). Rampe arri\u00e8re recouverte de t\u00f4le alu stri\u00e9e verrouillable, porte de service avant droite verrouillable.<br \/>\nSol: Fond en panneau marin antid\u00e9rapant, 8 pces \u0153illets d'attache au fond.<br \/>\nSyst\u00e8me d'\u00e9clairage : selon les normes du code de la route, 12 V, prise 13 p\u00f4les<\/p>","protected":false},"excerpt":{"rendered":"<p>Remorque fourgon avec roues sous le plateau avec montage en panneau sandwich pour des propri\u00e9t\u00e9s isolantes optimales et une longue durabilit\u00e9.<br \/>\nStandard \u00e9quip\u00e9 d'une rampe \u00e0 l'arri\u00e8re et d'une porte de service avant droite.<\/p>\n<h4>Sp\u00e9cifications<\/h4>\n<table class=\"table\">\n<tbody>\n<tr>\n<th>Longueur int\u00e9rieure<\/th>\n<td>4200 <small>mm<\/small><\/td>\n<\/tr>\n<tr>\n<th>Largeur int\u00e9rieure<\/th>\n<td>2000 <small>mm<\/small><\/td>\n<\/tr>\n<tr>\n<th>Hauteur int\u00e9rieure<\/th>\n<td>1800 <small>mm<\/small><\/td>\n<\/tr>\n<tr>\n<th>Dimensions ext\u00e9rieures<\/th>\n<td>5790 x 2120 x 2880 <small>mm<\/small><\/td>\n<\/tr>\n<tr>\n<th>Essieux<\/th>\n<td>2<small><\/small><\/td>\n<\/tr>\n<tr>\n<th>Poids total<\/th>\n<td>2700 <small>kg<\/small><\/td>\n<\/tr>\n<tr>\n<th>Charge utile<\/th>\n<td>1681 <small>kg<\/small><\/td>\n<\/tr>\n<tr>\n<th>Roues<\/th>\n<td>195\/50 R 13C<\/td>\n<\/tr>\n<\/tbody>\n<\/table>\n<h6>Options<\/h6>\n<table>\n<tbody>\n<tr>\n<td>Volet lat\u00e9ral<\/td>\n<td>+ 900 CHF<\/td>\n<\/tr>\n<tr>\n<td>Fen\u00eatre 1200 x 500 mm<\/td>\n<td>+ 560 CHF<\/td>\n<\/tr>\n<tr>\n<td>Fenster 700 x 550 mm<\/td>\n<td>+ 510 CHF<\/td>\n<\/tr>\n<tr>\n<td>Fen\u00eatre de toit 400 x 400 avec store et moustiquaire<\/td>\n<td>+ 210 CHF<\/td>\n<\/tr>\n<tr>\n<td>Eclairage int\u00e9rieur LED, 12V avec interrupteur<\/td>\n<td>+ 170 CHF<\/td>\n<\/tr>\n<tr>\n<td>Installation 230 V<\/td>\n<td>+ 400 CHF<\/td>\n<\/tr>\n<tr>\n<td>Barre d'arrimage<\/td>\n<td>+ 90 CHF<\/td>\n<\/tr>\n<tr>\n<td>Roue de secours avec support<\/td>\n<td>+ 250 CHF<\/td>\n<\/tr>\n<tr>\n<td>Marche d'entr\u00e9e rabattable<\/td>\n<td>+ 90 CHF<\/td>\n<\/tr>\n<tr>\n<td>Enjoliveurs de roues<\/td>\n<td>+ 40 CHF<\/td>\n<\/tr>\n<tr>\n<td>Amortisseurs pour essieux<\/td>\n<td>+ 100 CHF<\/td>\n<\/tr>\n<tr>\n<td>Dispositif de remorquage avec stabilisateur KNOTT<\/td>\n<td>+ 500 CHF<\/td>\n<\/tr>\n<tr>\n<td>Tapis en PVC sur fond<\/td>\n<td>+ 250 CHF<\/td>\n<\/tr>\n<\/tbody>\n<\/table>\n<p><em>Les prix ne s'appliquent qu'aux remorques command\u00e9es directement avec des options. Pour les remorques en stock, les prix peuvent varier si des options doivent \u00eatre ajout\u00e9es ult\u00e9rieurement.<\/em><\/p>","protected":false},"featured_media":2744,"comment_status":"open","ping_status":"closed","template":"","meta":{"_acf_changed":false},"product_brand":[],"product_cat":[236],"product_tag":[],"class_list":{"0":"post-2642","1":"product","2":"type-product","3":"status-publish","4":"has-post-thumbnail","6":"product_cat-plywood-und-sandwich-kofferanhaenger","8":"first","9":"instock","10":"featured","11":"shipping-taxable","12":"purchasable","13":"product-type-simple"},"acf":[],"yoast_head":"<!-- This site is optimized with the Yoast SEO plugin v27.2 - https:\/\/yoast.com\/product\/yoast-seo-wordpress\/ -->\n<title>Daltec Cargo 27 BK TFSP 420.01 SW, 4200x2000x1800 mm, 2700 Kg - Daltec<\/title>\n<meta name=\"robots\" content=\"index, follow, max-snippet:-1, max-image-preview:large, max-video-preview:-1\" \/>\n<link rel=\"canonical\" href=\"https:\/\/daltec.ch\/fr\/product\/cargo-27-bk-tfsp-420-sw-heckrampe-inkl-servicetuere\/\" \/>\n<meta property=\"og:locale\" content=\"fr_FR\" \/>\n<meta property=\"og:type\" content=\"article\" \/>\n<meta property=\"og:title\" content=\"Daltec Cargo 27 BK TFSP 420.01 SW, 4200x2000x1800 mm, 2700 Kg - Daltec\" \/>\n<meta property=\"og:description\" content=\"Hochlader Kofferanh\u00e4nger mit Sandwichaufbau f\u00fcr optimale Isolationseigenschaften und langlebigkeit. Standard mit Heckrampe Hinten und Servicet\u00fcre Vorne rechts ausgestattet. Technische Daten    Innenl\u00e4nge 4200 mm   Innenbreite 2000 mm   Innenh\u00f6he 1800 mm   Aussenmasse 5790 x 2120 x 2880 mm   Achsen 2   Gesamtgewicht 2700 kg   Nutzlast 1681 kg   R\u00e4der 195\/50 R 13C    Optionen    Seitenklappe + 900 CHF   Fenster 1200 x 500 mm + 560 CHF   Fenster 700 x 550 mm + 510 CHF   Dachfenster 400 x 400 mit Jalousie und Moskitonetz + 210 CHF   Innenbeleuchtung LED, 12V, mit Schalter + 170 CHF   Installation 230 V + 400 CHF   Haltestange + 90 CHF   Ersatzrad mit Halter + 250 CHF   Klappbare Einstiegstreppe + 90 CHF   Radabdeckungen + 40 CHF   Stossd\u00e4mpfer f\u00fcr Achsen + 100 CHF   Anh\u00e4ngervorrichtung mit Stabilisator KNOTT + 500 CHF   PVC Teppich auf Boden + 250 CHF    * Preise gilten nur f\u00fcr Anh\u00e4nger direkt bestellt mit Optionen. Bei Lageranh\u00e4nger k\u00f6nnen die Preise variieren wenn Optionen nachtr\u00e4glich hinzugef\u00fcgt werden m\u00fcssen.\" \/>\n<meta property=\"og:url\" content=\"https:\/\/daltec.ch\/fr\/product\/cargo-27-bk-tfsp-420-sw-heckrampe-inkl-servicetuere\/\" \/>\n<meta property=\"og:site_name\" content=\"Daltec\" \/>\n<meta property=\"article:publisher\" content=\"https:\/\/www.facebook.com\/DaltecAG\" \/>\n<meta property=\"article:modified_time\" content=\"2025-07-20T20:48:29+00:00\" \/>\n<meta property=\"og:image\" content=\"https:\/\/daltec.ch\/wp-content\/uploads\/2025\/04\/tfsp-rampe-800.png\" \/>\n\t<meta property=\"og:image:width\" content=\"800\" \/>\n\t<meta property=\"og:image:height\" content=\"800\" \/>\n\t<meta property=\"og:image:type\" content=\"image\/png\" \/>\n<meta name=\"twitter:card\" content=\"summary_large_image\" \/>\n<meta name=\"twitter:label1\" content=\"Dur\u00e9e de lecture estim\u00e9e\" \/>\n\t<meta name=\"twitter:data1\" content=\"1 minute\" \/>\n<script type=\"application\/ld+json\" class=\"yoast-schema-graph\">{\"@context\":\"https:\/\/schema.org\",\"@graph\":[{\"@type\":\"WebPage\",\"@id\":\"https:\/\/daltec.ch\/product\/cargo-27-bk-tfsp-420-sw-heckrampe-inkl-servicetuere\",\"url\":\"https:\/\/daltec.ch\/product\/cargo-27-bk-tfsp-420-sw-heckrampe-inkl-servicetuere\",\"name\":\"Daltec Cargo 27 BK TFSP 420.01 SW, 4200x2000x1800 mm, 2700 Kg - Daltec\",\"isPartOf\":{\"@id\":\"https:\/\/daltec.ch\/fr\/#website\"},\"primaryImageOfPage\":{\"@id\":\"https:\/\/daltec.ch\/product\/cargo-27-bk-tfsp-420-sw-heckrampe-inkl-servicetuere#primaryimage\"},\"image\":{\"@id\":\"https:\/\/daltec.ch\/product\/cargo-27-bk-tfsp-420-sw-heckrampe-inkl-servicetuere#primaryimage\"},\"thumbnailUrl\":\"https:\/\/daltec.ch\/wp-content\/uploads\/2025\/04\/tfsp-rampe-800.png\",\"datePublished\":\"2025-04-04T07:57:12+00:00\",\"dateModified\":\"2025-07-20T20:48:29+00:00\",\"breadcrumb\":{\"@id\":\"https:\/\/daltec.ch\/product\/cargo-27-bk-tfsp-420-sw-heckrampe-inkl-servicetuere#breadcrumb\"},\"inLanguage\":\"fr-FR\",\"potentialAction\":[{\"@type\":\"ReadAction\",\"target\":[\"https:\/\/daltec.ch\/product\/cargo-27-bk-tfsp-420-sw-heckrampe-inkl-servicetuere\"]}]},{\"@type\":\"ImageObject\",\"inLanguage\":\"fr-FR\",\"@id\":\"https:\/\/daltec.ch\/product\/cargo-27-bk-tfsp-420-sw-heckrampe-inkl-servicetuere#primaryimage\",\"url\":\"https:\/\/daltec.ch\/wp-content\/uploads\/2025\/04\/tfsp-rampe-800.png\",\"contentUrl\":\"https:\/\/daltec.ch\/wp-content\/uploads\/2025\/04\/tfsp-rampe-800.png\",\"width\":800,\"height\":800},{\"@type\":\"BreadcrumbList\",\"@id\":\"https:\/\/daltec.ch\/product\/cargo-27-bk-tfsp-420-sw-heckrampe-inkl-servicetuere#breadcrumb\",\"itemListElement\":[{\"@type\":\"ListItem\",\"position\":1,\"name\":\"Startseite\",\"item\":\"https:\/\/daltec.ch\/\"},{\"@type\":\"ListItem\",\"position\":2,\"name\":\"anhaenger\",\"item\":\"https:\/\/daltec.ch\/anhaenger\"},{\"@type\":\"ListItem\",\"position\":3,\"name\":\"Daltec Cargo 27 BK TFSP 420.01 SW, 4200x2000x1800 mm, 2700 Kg\"}]},{\"@type\":\"WebSite\",\"@id\":\"https:\/\/daltec.ch\/fr\/#website\",\"url\":\"https:\/\/daltec.ch\/fr\/\",\"name\":\"Daltec Trailers\",\"description\":\"\",\"publisher\":{\"@id\":\"https:\/\/daltec.ch\/fr\/#organization\"},\"potentialAction\":[{\"@type\":\"SearchAction\",\"target\":{\"@type\":\"EntryPoint\",\"urlTemplate\":\"https:\/\/daltec.ch\/fr\/?s={search_term_string}\"},\"query-input\":{\"@type\":\"PropertyValueSpecification\",\"valueRequired\":true,\"valueName\":\"search_term_string\"}}],\"inLanguage\":\"fr-FR\"},{\"@type\":\"Organization\",\"@id\":\"https:\/\/daltec.ch\/fr\/#organization\",\"name\":\"Daltec AG\",\"url\":\"https:\/\/daltec.ch\/fr\/\",\"logo\":{\"@type\":\"ImageObject\",\"inLanguage\":\"fr-FR\",\"@id\":\"https:\/\/daltec.ch\/fr\/#\/schema\/logo\/image\/\",\"url\":\"https:\/\/daltec.ch\/wp-content\/uploads\/2025\/08\/dlteclogo.webp\",\"contentUrl\":\"https:\/\/daltec.ch\/wp-content\/uploads\/2025\/08\/dlteclogo.webp\",\"width\":500,\"height\":195,\"caption\":\"Daltec AG\"},\"image\":{\"@id\":\"https:\/\/daltec.ch\/fr\/#\/schema\/logo\/image\/\"},\"sameAs\":[\"https:\/\/www.facebook.com\/DaltecAG\"]}]}<\/script>\n<!-- \/ Yoast SEO plugin. -->","yoast_head_json":{"title":"Daltec Cargo 27 BK TFSP 420.01 SW, 4200x2000x1800 mm, 2700 Kg - Daltec","robots":{"index":"index","follow":"follow","max-snippet":"max-snippet:-1","max-image-preview":"max-image-preview:large","max-video-preview":"max-video-preview:-1"},"canonical":"https:\/\/daltec.ch\/fr\/product\/cargo-27-bk-tfsp-420-sw-heckrampe-inkl-servicetuere\/","og_locale":"fr_FR","og_type":"article","og_title":"Daltec Cargo 27 BK TFSP 420.01 SW, 4200x2000x1800 mm, 2700 Kg - Daltec","og_description":"Hochlader Kofferanh\u00e4nger mit Sandwichaufbau f\u00fcr optimale Isolationseigenschaften und langlebigkeit. Standard mit Heckrampe Hinten und Servicet\u00fcre Vorne rechts ausgestattet. Technische Daten    Innenl\u00e4nge 4200 mm   Innenbreite 2000 mm   Innenh\u00f6he 1800 mm   Aussenmasse 5790 x 2120 x 2880 mm   Achsen 2   Gesamtgewicht 2700 kg   Nutzlast 1681 kg   R\u00e4der 195\/50 R 13C    Optionen    Seitenklappe + 900 CHF   Fenster 1200 x 500 mm + 560 CHF   Fenster 700 x 550 mm + 510 CHF   Dachfenster 400 x 400 mit Jalousie und Moskitonetz + 210 CHF   Innenbeleuchtung LED, 12V, mit Schalter + 170 CHF   Installation 230 V + 400 CHF   Haltestange + 90 CHF   Ersatzrad mit Halter + 250 CHF   Klappbare Einstiegstreppe + 90 CHF   Radabdeckungen + 40 CHF   Stossd\u00e4mpfer f\u00fcr Achsen + 100 CHF   Anh\u00e4ngervorrichtung mit Stabilisator KNOTT + 500 CHF   PVC Teppich auf Boden + 250 CHF    * Preise gilten nur f\u00fcr Anh\u00e4nger direkt bestellt mit Optionen. Bei Lageranh\u00e4nger k\u00f6nnen die Preise variieren wenn Optionen nachtr\u00e4glich hinzugef\u00fcgt werden m\u00fcssen.","og_url":"https:\/\/daltec.ch\/fr\/product\/cargo-27-bk-tfsp-420-sw-heckrampe-inkl-servicetuere\/","og_site_name":"Daltec","article_publisher":"https:\/\/www.facebook.com\/DaltecAG","article_modified_time":"2025-07-20T20:48:29+00:00","og_image":[{"width":800,"height":800,"url":"https:\/\/daltec.ch\/wp-content\/uploads\/2025\/04\/tfsp-rampe-800.png","type":"image\/png"}],"twitter_card":"summary_large_image","twitter_misc":{"Dur\u00e9e de lecture estim\u00e9e":"1 minute"},"schema":{"@context":"https:\/\/schema.org","@graph":[{"@type":"WebPage","@id":"https:\/\/daltec.ch\/product\/cargo-27-bk-tfsp-420-sw-heckrampe-inkl-servicetuere","url":"https:\/\/daltec.ch\/product\/cargo-27-bk-tfsp-420-sw-heckrampe-inkl-servicetuere","name":"Daltec Cargo 27 BK TFSP 420.01 SW, 4200x2000x1800 mm, 2700 Kg - Daltec","isPartOf":{"@id":"https:\/\/daltec.ch\/fr\/#website"},"primaryImageOfPage":{"@id":"https:\/\/daltec.ch\/product\/cargo-27-bk-tfsp-420-sw-heckrampe-inkl-servicetuere#primaryimage"},"image":{"@id":"https:\/\/daltec.ch\/product\/cargo-27-bk-tfsp-420-sw-heckrampe-inkl-servicetuere#primaryimage"},"thumbnailUrl":"https:\/\/daltec.ch\/wp-content\/uploads\/2025\/04\/tfsp-rampe-800.png","datePublished":"2025-04-04T07:57:12+00:00","dateModified":"2025-07-20T20:48:29+00:00","breadcrumb":{"@id":"https:\/\/daltec.ch\/product\/cargo-27-bk-tfsp-420-sw-heckrampe-inkl-servicetuere#breadcrumb"},"inLanguage":"fr-FR","potentialAction":[{"@type":"ReadAction","target":["https:\/\/daltec.ch\/product\/cargo-27-bk-tfsp-420-sw-heckrampe-inkl-servicetuere"]}]},{"@type":"ImageObject","inLanguage":"fr-FR","@id":"https:\/\/daltec.ch\/product\/cargo-27-bk-tfsp-420-sw-heckrampe-inkl-servicetuere#primaryimage","url":"https:\/\/daltec.ch\/wp-content\/uploads\/2025\/04\/tfsp-rampe-800.png","contentUrl":"https:\/\/daltec.ch\/wp-content\/uploads\/2025\/04\/tfsp-rampe-800.png","width":800,"height":800},{"@type":"BreadcrumbList","@id":"https:\/\/daltec.ch\/product\/cargo-27-bk-tfsp-420-sw-heckrampe-inkl-servicetuere#breadcrumb","itemListElement":[{"@type":"ListItem","position":1,"name":"Startseite","item":"https:\/\/daltec.ch\/"},{"@type":"ListItem","position":2,"name":"anhaenger","item":"https:\/\/daltec.ch\/anhaenger"},{"@type":"ListItem","position":3,"name":"Daltec Cargo 27 BK TFSP 420.01 SW, 4200x2000x1800 mm, 2700 Kg"}]},{"@type":"WebSite","@id":"https:\/\/daltec.ch\/fr\/#website","url":"https:\/\/daltec.ch\/fr\/","name":"Daltec Trailers","description":"","publisher":{"@id":"https:\/\/daltec.ch\/fr\/#organization"},"potentialAction":[{"@type":"SearchAction","target":{"@type":"EntryPoint","urlTemplate":"https:\/\/daltec.ch\/fr\/?s={search_term_string}"},"query-input":{"@type":"PropertyValueSpecification","valueRequired":true,"valueName":"search_term_string"}}],"inLanguage":"fr-FR"},{"@type":"Organization","@id":"https:\/\/daltec.ch\/fr\/#organization","name":"Daltec AG","url":"https:\/\/daltec.ch\/fr\/","logo":{"@type":"ImageObject","inLanguage":"fr-FR","@id":"https:\/\/daltec.ch\/fr\/#\/schema\/logo\/image\/","url":"https:\/\/daltec.ch\/wp-content\/uploads\/2025\/08\/dlteclogo.webp","contentUrl":"https:\/\/daltec.ch\/wp-content\/uploads\/2025\/08\/dlteclogo.webp","width":500,"height":195,"caption":"Daltec AG"},"image":{"@id":"https:\/\/daltec.ch\/fr\/#\/schema\/logo\/image\/"},"sameAs":["https:\/\/www.facebook.com\/DaltecAG"]}]}},"_links":{"self":[{"href":"https:\/\/daltec.ch\/fr\/wp-json\/wp\/v2\/product\/2642","targetHints":{"allow":["GET"]}}],"collection":[{"href":"https:\/\/daltec.ch\/fr\/wp-json\/wp\/v2\/product"}],"about":[{"href":"https:\/\/daltec.ch\/fr\/wp-json\/wp\/v2\/types\/product"}],"replies":[{"embeddable":true,"href":"https:\/\/daltec.ch\/fr\/wp-json\/wp\/v2\/comments?post=2642"}],"wp:featuredmedia":[{"embeddable":true,"href":"https:\/\/daltec.ch\/fr\/wp-json\/wp\/v2\/media\/2744"}],"wp:attachment":[{"href":"https:\/\/daltec.ch\/fr\/wp-json\/wp\/v2\/media?parent=2642"}],"wp:term":[{"taxonomy":"product_brand","embeddable":true,"href":"https:\/\/daltec.ch\/fr\/wp-json\/wp\/v2\/product_brand?post=2642"},{"taxonomy":"product_cat","embeddable":true,"href":"https:\/\/daltec.ch\/fr\/wp-json\/wp\/v2\/product_cat?post=2642"},{"taxonomy":"product_tag","embeddable":true,"href":"https:\/\/daltec.ch\/fr\/wp-json\/wp\/v2\/product_tag?post=2642"}],"curies":[{"name":"wp","href":"https:\/\/api.w.org\/{rel}","templated":true}]}}