{"id":2643,"date":"2025-04-04T07:58:29","date_gmt":"2025-04-04T07:58:29","guid":{"rendered":"https:\/\/daltec.ch\/?post_type=product&#038;p=2643"},"modified":"2025-12-02T11:45:59","modified_gmt":"2025-12-02T11:45:59","slug":"cargo-27-bk-tfsp-500sw-heckrampe-inkl-servicetuere","status":"publish","type":"product","link":"https:\/\/daltec.ch\/fr\/product\/cargo-27-bk-tfsp-500sw-heckrampe-inkl-servicetuere","title":{"rendered":"Daltec Cargo 27 BK TFSP 500 SW Rampe arri\u00e8re (y compris porte de service), 5000x2000x2100 mm, 2700 Kg"},"content":{"rendered":"<p>Remorque fourgon sur\u00e9lev\u00e9e (roues sous le plateau) pour les professionnels ! Haute qualit\u00e9 et bonnes propri\u00e9t\u00e9s d'isolation gr\u00e2ce \u00e0 des m\u00e9thodes de fabrication modernes. L'am\u00e9nagement int\u00e9rieur est r\u00e9alis\u00e9 en divers mat\u00e9riaux pour garantir la protection contre les chocs et l'isolation. Diff\u00e9rentes possibilit\u00e9s de montage vous permettent d'adapter la remorque \u00e0 vos besoins. Transportez vos marchandises sans vous soucier de la s\u00e9curit\u00e9 ou des conditions m\u00e9t\u00e9orologiques !<br \/>\n*Les images peuvent contenir des options qui ne sont pas pr\u00e9sentes dans la version standard.<\/p>\n<h4>Equipement:<\/h4>\n<p>Ch\u00e2ssis : cadre de base galvanis\u00e9 \u00e0 chaud, soud\u00e9 et viss\u00e9 Dispositif d'attelage en V galvanis\u00e9 \u00e0 chaud Attelage \u00e0 boule Ligne d'arrachage Roue jockey avant Protection anti-boue Essieux : 2x essieu AL-KO\/Knott Frein \u00e0 main Arri\u00e8re-train Caisse : cadre galvanis\u00e9 \u00e0 chaud Plaques sandwich GFK 30 mm Anneaux de liaison, \u00e9clairage int\u00e9rieur Plancher en plaque s\u00e9rigraphi\u00e9e, viss\u00e9 et coll\u00e9, antid\u00e9rapant Dispositif d'\u00e9clairage : selon normes du code de la route 12 V, fiche 13 p\u00f4les<\/p>","protected":false},"excerpt":{"rendered":"<h5><em>Prix: voir liste de prix sur page d'accueil<\/em><\/h5>\n<p>Remorque \u00e0 bagages Cargo - des possibilit\u00e9s de transport sans fin !<\/p>\n<h4>Donn\u00e9es techniques:<\/h4>\n<table class=\"table\">\n<tbody>\n<tr>\n<th>Longueur int\u00e9rieure<\/th>\n<td>5000 <small>mm<\/small><\/td>\n<\/tr>\n<tr>\n<th>Largeur int\u00e9rieure<\/th>\n<td>2000 <small>mm<\/small><\/td>\n<\/tr>\n<tr>\n<th>Hauteur int\u00e9rieure<\/th>\n<td>2100 <small>mm<\/small><\/td>\n<\/tr>\n<tr>\n<th>Essieux<\/th>\n<td>2<small><\/small><\/td>\n<\/tr>\n<tr>\n<th>Poids total<\/th>\n<td>2700 <small>kg<\/small><\/td>\n<\/tr>\n<tr>\n<th>Charge utile<\/th>\n<td>1695 <small>kg<\/small><\/td>\n<\/tr>\n<tr>\n<th>Roues<\/th>\n<td>165 R 13 C<small><\/small><\/td>\n<\/tr>\n<\/tbody>\n<\/table>\n<h6>Options :<\/h6>\n<table>\n<tbody>\n<tr>\n<td>Pied de support robuste, la paire<\/td>\n<td>\u00a0 380 CHF<\/td>\n<\/tr>\n<tr>\n<td>Porte avant \u00e0 double battant<\/td>\n<td>2020 CHF<\/td>\n<\/tr>\n<tr>\n<td>Pied de support avec support (paire)<\/td>\n<td>\u00a0 100 CHF<\/td>\n<\/tr>\n<tr>\n<td>Caisse biseaut\u00e9e \u00e0 l'avant<\/td>\n<td>\u00a0600 CHF<\/td>\n<\/tr>\n<tr>\n<td>Rampe de chargement continue \u00e0 l'arri\u00e8re en aluminium<\/td>\n<td>1960 CHF<\/td>\n<\/tr>\n<tr>\n<td>Barre d'arrimage galvanis\u00e9e \/ m\u00e8tre<br \/>\n<strong>Preis pro lm 40.00<\/strong><\/td>\n<td>\u00a0 \u00a0 40 CHF<\/td>\n<\/tr>\n<tr>\n<td>Barre d'arrimage alu \/ m\u00e8tre<br \/>\n<strong>Preis pro lm 90.00<\/strong><\/td>\n<td>\u00a0 \u00a0 90 CHF<\/td>\n<\/tr>\n<tr>\n<td>Barre de s\u00e9curit\u00e9 t\u00e9lescopique<\/td>\n<td>\u00a0 \u00a0110 CHF<\/td>\n<\/tr>\n<tr>\n<td>Syst\u00e8me d\u00e9m\u00e9nagement, rails capitonn\u00e9s 3x<\/td>\n<td>\u00a0 330 CHF<\/td>\n<\/tr>\n<tr>\n<td>C\u00f4t\u00e9 rabattable, max 4000 mm<\/td>\n<td>2030 CHF<\/td>\n<\/tr>\n<tr>\n<td>Bo\u00eetes \u00e0 rampe<\/td>\n<td>\u00a0 490 CHF<\/td>\n<\/tr>\n<tr>\n<td>Porte de service 800 x 1800 mm<\/td>\n<td>\u00a0 980 CHF<\/td>\n<\/tr>\n<tr>\n<td>Transbordement alu 1800 mm<\/td>\n<td>1690 CHF<\/td>\n<\/tr>\n<tr>\n<td>Nacelle \u00e9l\u00e9vatrice hydraulique Hollandia 750 kg (ab.)<br \/>\n<strong>Prix \u00e0 partir de : 9'800.- CHF<\/strong><\/td>\n<td>9800 CHF<\/td>\n<\/tr>\n<tr>\n<td>Supports hydrauliques<\/td>\n<td>1450 CHF<\/td>\n<\/tr>\n<tr>\n<td>Transbordement inox 600 mm<\/td>\n<td>\u00a0960 CHF<\/td>\n<\/tr>\n<tr>\n<td>Coffre pour batterie avec batterie incluse<\/td>\n<td>\u00a0530 CHF<\/td>\n<\/tr>\n<\/tbody>\n<\/table>","protected":false},"featured_media":4089,"comment_status":"open","ping_status":"closed","template":"","meta":{"_acf_changed":false},"product_brand":[],"product_cat":[236],"product_tag":[],"class_list":{"0":"post-2643","1":"product","2":"type-product","3":"status-publish","4":"has-post-thumbnail","6":"product_cat-plywood-und-sandwich-kofferanhaenger","8":"first","9":"instock","10":"featured","11":"shipping-taxable","12":"purchasable","13":"product-type-simple"},"acf":[],"yoast_head":"<!-- This site is optimized with the Yoast SEO plugin v27.2 - https:\/\/yoast.com\/product\/yoast-seo-wordpress\/ -->\n<title>Daltec Cargo 27 BK TFSP 500 SW: Sicherer Transport - Daltec<\/title>\n<meta name=\"description\" content=\"Der Daltec Cargo 27 BK TFSP 500 SW ist Ihr perfekter Partner f\u00fcr den professionellen Transport. Entdecken Sie hohe Qualit\u00e4t und Isolierung!\" \/>\n<meta name=\"robots\" content=\"index, follow, max-snippet:-1, max-image-preview:large, max-video-preview:-1\" \/>\n<link rel=\"canonical\" href=\"https:\/\/daltec.ch\/fr\/product\/cargo-27-bk-tfsp-500sw-heckrampe-inkl-servicetuere\/\" \/>\n<meta property=\"og:locale\" content=\"fr_FR\" \/>\n<meta property=\"og:type\" content=\"article\" \/>\n<meta property=\"og:title\" content=\"Daltec Cargo 27 BK TFSP 500 SW: Sicherer Transport - Daltec\" \/>\n<meta property=\"og:description\" content=\"Der Daltec Cargo 27 BK TFSP 500 SW ist Ihr perfekter Partner f\u00fcr den professionellen Transport. Entdecken Sie hohe Qualit\u00e4t und Isolierung!\" \/>\n<meta property=\"og:url\" content=\"https:\/\/daltec.ch\/fr\/product\/cargo-27-bk-tfsp-500sw-heckrampe-inkl-servicetuere\/\" \/>\n<meta property=\"og:site_name\" content=\"Daltec\" \/>\n<meta property=\"article:publisher\" content=\"https:\/\/www.facebook.com\/DaltecAG\" \/>\n<meta property=\"article:modified_time\" content=\"2025-12-02T11:45:59+00:00\" \/>\n<meta property=\"og:image\" content=\"https:\/\/daltec.ch\/wp-content\/uploads\/2025\/04\/TFSP-500T.01-z-tlem-4.jpg\" \/>\n\t<meta property=\"og:image:width\" content=\"2472\" \/>\n\t<meta property=\"og:image:height\" content=\"1448\" \/>\n\t<meta property=\"og:image:type\" content=\"image\/jpeg\" \/>\n<meta name=\"twitter:card\" content=\"summary_large_image\" \/>\n<meta name=\"twitter:label1\" content=\"Dur\u00e9e de lecture estim\u00e9e\" \/>\n\t<meta name=\"twitter:data1\" content=\"1 minute\" \/>\n<script type=\"application\/ld+json\" class=\"yoast-schema-graph\">{\"@context\":\"https:\/\/schema.org\",\"@graph\":[{\"@type\":\"WebPage\",\"@id\":\"https:\/\/daltec.ch\/product\/cargo-27-bk-tfsp-500sw-heckrampe-inkl-servicetuere\",\"url\":\"https:\/\/daltec.ch\/product\/cargo-27-bk-tfsp-500sw-heckrampe-inkl-servicetuere\",\"name\":\"Daltec Cargo 27 BK TFSP 500 SW: Sicherer Transport - Daltec\",\"isPartOf\":{\"@id\":\"https:\/\/daltec.ch\/fr\/#website\"},\"primaryImageOfPage\":{\"@id\":\"https:\/\/daltec.ch\/product\/cargo-27-bk-tfsp-500sw-heckrampe-inkl-servicetuere#primaryimage\"},\"image\":{\"@id\":\"https:\/\/daltec.ch\/product\/cargo-27-bk-tfsp-500sw-heckrampe-inkl-servicetuere#primaryimage\"},\"thumbnailUrl\":\"https:\/\/daltec.ch\/wp-content\/uploads\/2025\/04\/TFSP-500T.01-z-tlem-4.jpg\",\"datePublished\":\"2025-04-04T07:58:29+00:00\",\"dateModified\":\"2025-12-02T11:45:59+00:00\",\"description\":\"Der Daltec Cargo 27 BK TFSP 500 SW ist Ihr perfekter Partner f\u00fcr den professionellen Transport. Entdecken Sie hohe Qualit\u00e4t und Isolierung!\",\"breadcrumb\":{\"@id\":\"https:\/\/daltec.ch\/product\/cargo-27-bk-tfsp-500sw-heckrampe-inkl-servicetuere#breadcrumb\"},\"inLanguage\":\"fr-FR\",\"potentialAction\":[{\"@type\":\"ReadAction\",\"target\":[\"https:\/\/daltec.ch\/product\/cargo-27-bk-tfsp-500sw-heckrampe-inkl-servicetuere\"]}]},{\"@type\":\"ImageObject\",\"inLanguage\":\"fr-FR\",\"@id\":\"https:\/\/daltec.ch\/product\/cargo-27-bk-tfsp-500sw-heckrampe-inkl-servicetuere#primaryimage\",\"url\":\"https:\/\/daltec.ch\/wp-content\/uploads\/2025\/04\/TFSP-500T.01-z-tlem-4.jpg\",\"contentUrl\":\"https:\/\/daltec.ch\/wp-content\/uploads\/2025\/04\/TFSP-500T.01-z-tlem-4.jpg\",\"width\":2472,\"height\":1448},{\"@type\":\"BreadcrumbList\",\"@id\":\"https:\/\/daltec.ch\/product\/cargo-27-bk-tfsp-500sw-heckrampe-inkl-servicetuere#breadcrumb\",\"itemListElement\":[{\"@type\":\"ListItem\",\"position\":1,\"name\":\"Startseite\",\"item\":\"https:\/\/daltec.ch\/\"},{\"@type\":\"ListItem\",\"position\":2,\"name\":\"anhaenger\",\"item\":\"https:\/\/daltec.ch\/anhaenger\"},{\"@type\":\"ListItem\",\"position\":3,\"name\":\"Daltec Cargo 27 BK TFSP 500 SW Heckrampe (inkl. Servicet\u00fcre), 5000x2000x2100 mm, 2700 Kg\"}]},{\"@type\":\"WebSite\",\"@id\":\"https:\/\/daltec.ch\/fr\/#website\",\"url\":\"https:\/\/daltec.ch\/fr\/\",\"name\":\"Daltec Trailers\",\"description\":\"\",\"publisher\":{\"@id\":\"https:\/\/daltec.ch\/fr\/#organization\"},\"potentialAction\":[{\"@type\":\"SearchAction\",\"target\":{\"@type\":\"EntryPoint\",\"urlTemplate\":\"https:\/\/daltec.ch\/fr\/?s={search_term_string}\"},\"query-input\":{\"@type\":\"PropertyValueSpecification\",\"valueRequired\":true,\"valueName\":\"search_term_string\"}}],\"inLanguage\":\"fr-FR\"},{\"@type\":\"Organization\",\"@id\":\"https:\/\/daltec.ch\/fr\/#organization\",\"name\":\"Daltec AG\",\"url\":\"https:\/\/daltec.ch\/fr\/\",\"logo\":{\"@type\":\"ImageObject\",\"inLanguage\":\"fr-FR\",\"@id\":\"https:\/\/daltec.ch\/fr\/#\/schema\/logo\/image\/\",\"url\":\"https:\/\/daltec.ch\/wp-content\/uploads\/2025\/08\/dlteclogo.webp\",\"contentUrl\":\"https:\/\/daltec.ch\/wp-content\/uploads\/2025\/08\/dlteclogo.webp\",\"width\":500,\"height\":195,\"caption\":\"Daltec AG\"},\"image\":{\"@id\":\"https:\/\/daltec.ch\/fr\/#\/schema\/logo\/image\/\"},\"sameAs\":[\"https:\/\/www.facebook.com\/DaltecAG\"]}]}<\/script>\n<!-- \/ Yoast SEO plugin. -->","yoast_head_json":{"title":"Daltec Cargo 27 BK TFSP 500 SW: Sicherer Transport - Daltec","description":"Der Daltec Cargo 27 BK TFSP 500 SW ist Ihr perfekter Partner f\u00fcr den professionellen Transport. Entdecken Sie hohe Qualit\u00e4t und Isolierung!","robots":{"index":"index","follow":"follow","max-snippet":"max-snippet:-1","max-image-preview":"max-image-preview:large","max-video-preview":"max-video-preview:-1"},"canonical":"https:\/\/daltec.ch\/fr\/product\/cargo-27-bk-tfsp-500sw-heckrampe-inkl-servicetuere\/","og_locale":"fr_FR","og_type":"article","og_title":"Daltec Cargo 27 BK TFSP 500 SW: Sicherer Transport - Daltec","og_description":"Der Daltec Cargo 27 BK TFSP 500 SW ist Ihr perfekter Partner f\u00fcr den professionellen Transport. Entdecken Sie hohe Qualit\u00e4t und Isolierung!","og_url":"https:\/\/daltec.ch\/fr\/product\/cargo-27-bk-tfsp-500sw-heckrampe-inkl-servicetuere\/","og_site_name":"Daltec","article_publisher":"https:\/\/www.facebook.com\/DaltecAG","article_modified_time":"2025-12-02T11:45:59+00:00","og_image":[{"width":2472,"height":1448,"url":"https:\/\/daltec.ch\/wp-content\/uploads\/2025\/04\/TFSP-500T.01-z-tlem-4.jpg","type":"image\/jpeg"}],"twitter_card":"summary_large_image","twitter_misc":{"Dur\u00e9e de lecture estim\u00e9e":"1 minute"},"schema":{"@context":"https:\/\/schema.org","@graph":[{"@type":"WebPage","@id":"https:\/\/daltec.ch\/product\/cargo-27-bk-tfsp-500sw-heckrampe-inkl-servicetuere","url":"https:\/\/daltec.ch\/product\/cargo-27-bk-tfsp-500sw-heckrampe-inkl-servicetuere","name":"Daltec Cargo 27 BK TFSP 500 SW: Sicherer Transport - Daltec","isPartOf":{"@id":"https:\/\/daltec.ch\/fr\/#website"},"primaryImageOfPage":{"@id":"https:\/\/daltec.ch\/product\/cargo-27-bk-tfsp-500sw-heckrampe-inkl-servicetuere#primaryimage"},"image":{"@id":"https:\/\/daltec.ch\/product\/cargo-27-bk-tfsp-500sw-heckrampe-inkl-servicetuere#primaryimage"},"thumbnailUrl":"https:\/\/daltec.ch\/wp-content\/uploads\/2025\/04\/TFSP-500T.01-z-tlem-4.jpg","datePublished":"2025-04-04T07:58:29+00:00","dateModified":"2025-12-02T11:45:59+00:00","description":"Der Daltec Cargo 27 BK TFSP 500 SW ist Ihr perfekter Partner f\u00fcr den professionellen Transport. Entdecken Sie hohe Qualit\u00e4t und Isolierung!","breadcrumb":{"@id":"https:\/\/daltec.ch\/product\/cargo-27-bk-tfsp-500sw-heckrampe-inkl-servicetuere#breadcrumb"},"inLanguage":"fr-FR","potentialAction":[{"@type":"ReadAction","target":["https:\/\/daltec.ch\/product\/cargo-27-bk-tfsp-500sw-heckrampe-inkl-servicetuere"]}]},{"@type":"ImageObject","inLanguage":"fr-FR","@id":"https:\/\/daltec.ch\/product\/cargo-27-bk-tfsp-500sw-heckrampe-inkl-servicetuere#primaryimage","url":"https:\/\/daltec.ch\/wp-content\/uploads\/2025\/04\/TFSP-500T.01-z-tlem-4.jpg","contentUrl":"https:\/\/daltec.ch\/wp-content\/uploads\/2025\/04\/TFSP-500T.01-z-tlem-4.jpg","width":2472,"height":1448},{"@type":"BreadcrumbList","@id":"https:\/\/daltec.ch\/product\/cargo-27-bk-tfsp-500sw-heckrampe-inkl-servicetuere#breadcrumb","itemListElement":[{"@type":"ListItem","position":1,"name":"Startseite","item":"https:\/\/daltec.ch\/"},{"@type":"ListItem","position":2,"name":"anhaenger","item":"https:\/\/daltec.ch\/anhaenger"},{"@type":"ListItem","position":3,"name":"Daltec Cargo 27 BK TFSP 500 SW Heckrampe (inkl. Servicet\u00fcre), 5000x2000x2100 mm, 2700 Kg"}]},{"@type":"WebSite","@id":"https:\/\/daltec.ch\/fr\/#website","url":"https:\/\/daltec.ch\/fr\/","name":"Daltec Trailers","description":"","publisher":{"@id":"https:\/\/daltec.ch\/fr\/#organization"},"potentialAction":[{"@type":"SearchAction","target":{"@type":"EntryPoint","urlTemplate":"https:\/\/daltec.ch\/fr\/?s={search_term_string}"},"query-input":{"@type":"PropertyValueSpecification","valueRequired":true,"valueName":"search_term_string"}}],"inLanguage":"fr-FR"},{"@type":"Organization","@id":"https:\/\/daltec.ch\/fr\/#organization","name":"Daltec AG","url":"https:\/\/daltec.ch\/fr\/","logo":{"@type":"ImageObject","inLanguage":"fr-FR","@id":"https:\/\/daltec.ch\/fr\/#\/schema\/logo\/image\/","url":"https:\/\/daltec.ch\/wp-content\/uploads\/2025\/08\/dlteclogo.webp","contentUrl":"https:\/\/daltec.ch\/wp-content\/uploads\/2025\/08\/dlteclogo.webp","width":500,"height":195,"caption":"Daltec AG"},"image":{"@id":"https:\/\/daltec.ch\/fr\/#\/schema\/logo\/image\/"},"sameAs":["https:\/\/www.facebook.com\/DaltecAG"]}]}},"_links":{"self":[{"href":"https:\/\/daltec.ch\/fr\/wp-json\/wp\/v2\/product\/2643","targetHints":{"allow":["GET"]}}],"collection":[{"href":"https:\/\/daltec.ch\/fr\/wp-json\/wp\/v2\/product"}],"about":[{"href":"https:\/\/daltec.ch\/fr\/wp-json\/wp\/v2\/types\/product"}],"replies":[{"embeddable":true,"href":"https:\/\/daltec.ch\/fr\/wp-json\/wp\/v2\/comments?post=2643"}],"wp:featuredmedia":[{"embeddable":true,"href":"https:\/\/daltec.ch\/fr\/wp-json\/wp\/v2\/media\/4089"}],"wp:attachment":[{"href":"https:\/\/daltec.ch\/fr\/wp-json\/wp\/v2\/media?parent=2643"}],"wp:term":[{"taxonomy":"product_brand","embeddable":true,"href":"https:\/\/daltec.ch\/fr\/wp-json\/wp\/v2\/product_brand?post=2643"},{"taxonomy":"product_cat","embeddable":true,"href":"https:\/\/daltec.ch\/fr\/wp-json\/wp\/v2\/product_cat?post=2643"},{"taxonomy":"product_tag","embeddable":true,"href":"https:\/\/daltec.ch\/fr\/wp-json\/wp\/v2\/product_tag?post=2643"}],"curies":[{"name":"wp","href":"https:\/\/api.w.org\/{rel}","templated":true}]}}