{"id":2650,"date":"2025-04-04T08:56:04","date_gmt":"2025-04-04T08:56:04","guid":{"rendered":"https:\/\/daltec.ch\/?post_type=product&#038;p=2650"},"modified":"2025-12-02T09:48:37","modified_gmt":"2025-12-02T09:48:37","slug":"vz-20-bk-tfs-360-sw-heckrampe-servicetuere","status":"publish","type":"product","link":"https:\/\/daltec.ch\/fr\/product\/vz-20-bk-tfs-360-sw-heckrampe-servicetuere","title":{"rendered":"Daltec VZ 20 BK TFS 360 SW Rampe arri\u00e8re + porte de service, 3600x2000x2100 mm, 2000 kg"},"content":{"rendered":"<p><strong><em>Prix: voir liste de prix sur page d'accueil<\/em><\/strong><\/p>\n<p>NOUVEAU dans l'assortiment !<br \/>\nLes parois remplies de XPS se distinguent par d'excellents param\u00e8tres d'isolation. La remorque peut \u00eatre utilis\u00e9e pour le transport de diff\u00e9rents types de marchandises qui sont sensibles aux variations de temp\u00e9rature. L'enveloppe int\u00e9rieure et ext\u00e9rieure offre une surface homog\u00e8ne et plane qui convient parfaitement \u00e0 l'affichage de diff\u00e9rents types de publicit\u00e9 permanente. Forme arrondie de la carrosserie pour une meilleure \u00e9tanch\u00e9it\u00e9, faciliter l'\u00e9coulement de l'eau du toit et optimiser l'a\u00e9rodynamisme.<\/p>\n<h4>Equipement:<\/h4>\n<p>Dimensions ext\u00e9rieures : 5135 x 2501 x 2706 mm. Ch\u00e2ssis galvanis\u00e9, soud\u00e9 et boulonn\u00e9. Dispositif \u00e0 inertie KNOTT avec attelage \u00e0 boule, corde d'arrachage, frein \u00e0 main et roue jockey TK48. Essieux Knott frein\u00e9s avec syst\u00e8me anti-retour. Toit et parois en panneaux sandwich, \u00e9paisseur 30 mm, blanc. Sol en s\u00e9rigraphie antid\u00e9rapante. Portes arri\u00e8re \u00e0 double battant avec espagnolette, verrouillables. Porte de service \u00e0 droite, verrouillable 2x pied de support arri\u00e8re avec support. 8x \u0153illets d'arrimage fix\u00e9s au sol. 4x rails d'arrimage (2 par c\u00f4t\u00e9) mont\u00e9s \u00e0 une hauteur de 650mm\/1320mm. 2x a\u00e9rations.<\/p>","protected":false},"excerpt":{"rendered":"<h5>Prix: voir liste de prix sur page d'accueil<\/h5>\n<p>Remorque surbaiss\u00e9e \u00e0 fourgon avec portes \u00e0 deux battants et porte de service<\/p>\n<h4>Sp\u00e9cifications<\/h4>\n<table class=\"table\">\n<tbody>\n<tr>\n<th>Longueur int\u00e9rieure<\/th>\n<td>3600 <small>mm<\/small><\/td>\n<\/tr>\n<tr>\n<th>Largeur int\u00e9rieure<\/th>\n<td>2000 <small>mm<\/small><\/td>\n<\/tr>\n<tr>\n<th>Hauteur int\u00e9rieure<\/th>\n<td>2100 <small>mm<\/small><\/td>\n<\/tr>\n<tr>\n<th>Essieux<\/th>\n<td>2x <small>KNOTT<\/small><\/td>\n<\/tr>\n<tr>\n<th>Poids total<\/th>\n<td>2000 <small>kg<\/small><\/td>\n<\/tr>\n<tr>\n<th>Charge utile<\/th>\n<td>1171 <small>kg<\/small><\/td>\n<\/tr>\n<tr>\n<th>Roues<\/th>\n<td>165 R 13 C<small><\/small><\/td>\n<\/tr>\n<\/tbody>\n<\/table>","protected":false},"featured_media":4068,"comment_status":"open","ping_status":"closed","template":"","meta":{"_acf_changed":false},"product_brand":[],"product_cat":[236],"product_tag":[],"class_list":{"0":"post-2650","1":"product","2":"type-product","3":"status-publish","4":"has-post-thumbnail","6":"product_cat-plywood-und-sandwich-kofferanhaenger","8":"first","9":"instock","10":"featured","11":"shipping-taxable","12":"purchasable","13":"product-type-simple"},"acf":[],"yoast_head":"<!-- This site is optimized with the Yoast SEO plugin v27.2 - https:\/\/yoast.com\/product\/yoast-seo-wordpress\/ -->\n<title>Daltec VZ 20 BK TFS 360 SW Heckrampe + Servicet\u00fcre, 3600x2000x2100 mm, 2000 kg - Daltec<\/title>\n<meta name=\"robots\" content=\"index, follow, max-snippet:-1, max-image-preview:large, max-video-preview:-1\" \/>\n<link rel=\"canonical\" href=\"https:\/\/daltec.ch\/fr\/product\/vz-20-bk-tfs-360-sw-heckrampe-servicetuere\/\" \/>\n<meta property=\"og:locale\" content=\"fr_FR\" \/>\n<meta property=\"og:type\" content=\"article\" \/>\n<meta property=\"og:title\" content=\"Daltec VZ 20 BK TFS 360 SW Heckrampe + Servicet\u00fcre, 3600x2000x2100 mm, 2000 kg - Daltec\" \/>\n<meta property=\"og:description\" content=\"Preis: Siehe Preisliste auf Startseite Tieflader Kofferanh\u00e4nger mit Doppelfl\u00fcgelt\u00fcren und Servicet\u00fcre Technische Daten    L\u00e4nge 3600 mm   Breite 2000 mm   H\u00f6he 2100 mm   Achsen 2x KNOTT   Gesamtgewicht 2000 kg   Nutzlast 1171 kg   R\u00e4der 165 R 13 C\" \/>\n<meta property=\"og:url\" content=\"https:\/\/daltec.ch\/fr\/product\/vz-20-bk-tfs-360-sw-heckrampe-servicetuere\/\" \/>\n<meta property=\"og:site_name\" content=\"Daltec\" \/>\n<meta property=\"article:publisher\" content=\"https:\/\/www.facebook.com\/DaltecAG\" \/>\n<meta property=\"article:modified_time\" content=\"2025-12-02T09:48:37+00:00\" \/>\n<meta property=\"og:image\" content=\"https:\/\/daltec.ch\/wp-content\/uploads\/2025\/04\/TFS-360T.00-z-tlem-grafika-8.jpg\" \/>\n\t<meta property=\"og:image:width\" content=\"2375\" \/>\n\t<meta property=\"og:image:height\" content=\"1505\" \/>\n\t<meta property=\"og:image:type\" content=\"image\/jpeg\" \/>\n<meta name=\"twitter:card\" content=\"summary_large_image\" \/>\n<meta name=\"twitter:label1\" content=\"Dur\u00e9e de lecture estim\u00e9e\" \/>\n\t<meta name=\"twitter:data1\" content=\"1 minute\" \/>\n<script type=\"application\/ld+json\" class=\"yoast-schema-graph\">{\"@context\":\"https:\/\/schema.org\",\"@graph\":[{\"@type\":\"WebPage\",\"@id\":\"https:\/\/daltec.ch\/product\/vz-20-bk-tfs-360-sw-heckrampe-servicetuere\",\"url\":\"https:\/\/daltec.ch\/product\/vz-20-bk-tfs-360-sw-heckrampe-servicetuere\",\"name\":\"Daltec VZ 20 BK TFS 360 SW Heckrampe + Servicet\u00fcre, 3600x2000x2100 mm, 2000 kg - Daltec\",\"isPartOf\":{\"@id\":\"https:\/\/daltec.ch\/fr\/#website\"},\"primaryImageOfPage\":{\"@id\":\"https:\/\/daltec.ch\/product\/vz-20-bk-tfs-360-sw-heckrampe-servicetuere#primaryimage\"},\"image\":{\"@id\":\"https:\/\/daltec.ch\/product\/vz-20-bk-tfs-360-sw-heckrampe-servicetuere#primaryimage\"},\"thumbnailUrl\":\"https:\/\/daltec.ch\/wp-content\/uploads\/2025\/04\/TFS-360T.00-z-tlem-grafika-8.jpg\",\"datePublished\":\"2025-04-04T08:56:04+00:00\",\"dateModified\":\"2025-12-02T09:48:37+00:00\",\"breadcrumb\":{\"@id\":\"https:\/\/daltec.ch\/product\/vz-20-bk-tfs-360-sw-heckrampe-servicetuere#breadcrumb\"},\"inLanguage\":\"fr-FR\",\"potentialAction\":[{\"@type\":\"ReadAction\",\"target\":[\"https:\/\/daltec.ch\/product\/vz-20-bk-tfs-360-sw-heckrampe-servicetuere\"]}]},{\"@type\":\"ImageObject\",\"inLanguage\":\"fr-FR\",\"@id\":\"https:\/\/daltec.ch\/product\/vz-20-bk-tfs-360-sw-heckrampe-servicetuere#primaryimage\",\"url\":\"https:\/\/daltec.ch\/wp-content\/uploads\/2025\/04\/TFS-360T.00-z-tlem-grafika-8.jpg\",\"contentUrl\":\"https:\/\/daltec.ch\/wp-content\/uploads\/2025\/04\/TFS-360T.00-z-tlem-grafika-8.jpg\",\"width\":2375,\"height\":1505},{\"@type\":\"BreadcrumbList\",\"@id\":\"https:\/\/daltec.ch\/product\/vz-20-bk-tfs-360-sw-heckrampe-servicetuere#breadcrumb\",\"itemListElement\":[{\"@type\":\"ListItem\",\"position\":1,\"name\":\"Startseite\",\"item\":\"https:\/\/daltec.ch\/\"},{\"@type\":\"ListItem\",\"position\":2,\"name\":\"anhaenger\",\"item\":\"https:\/\/daltec.ch\/anhaenger\"},{\"@type\":\"ListItem\",\"position\":3,\"name\":\"Daltec VZ 20 BK TFS 360 SW Heckrampe + Servicet\u00fcre, 3600x2000x2100 mm, 2000 kg\"}]},{\"@type\":\"WebSite\",\"@id\":\"https:\/\/daltec.ch\/fr\/#website\",\"url\":\"https:\/\/daltec.ch\/fr\/\",\"name\":\"Daltec Trailers\",\"description\":\"\",\"publisher\":{\"@id\":\"https:\/\/daltec.ch\/fr\/#organization\"},\"potentialAction\":[{\"@type\":\"SearchAction\",\"target\":{\"@type\":\"EntryPoint\",\"urlTemplate\":\"https:\/\/daltec.ch\/fr\/?s={search_term_string}\"},\"query-input\":{\"@type\":\"PropertyValueSpecification\",\"valueRequired\":true,\"valueName\":\"search_term_string\"}}],\"inLanguage\":\"fr-FR\"},{\"@type\":\"Organization\",\"@id\":\"https:\/\/daltec.ch\/fr\/#organization\",\"name\":\"Daltec AG\",\"url\":\"https:\/\/daltec.ch\/fr\/\",\"logo\":{\"@type\":\"ImageObject\",\"inLanguage\":\"fr-FR\",\"@id\":\"https:\/\/daltec.ch\/fr\/#\/schema\/logo\/image\/\",\"url\":\"https:\/\/daltec.ch\/wp-content\/uploads\/2025\/08\/dlteclogo.webp\",\"contentUrl\":\"https:\/\/daltec.ch\/wp-content\/uploads\/2025\/08\/dlteclogo.webp\",\"width\":500,\"height\":195,\"caption\":\"Daltec AG\"},\"image\":{\"@id\":\"https:\/\/daltec.ch\/fr\/#\/schema\/logo\/image\/\"},\"sameAs\":[\"https:\/\/www.facebook.com\/DaltecAG\"]}]}<\/script>\n<!-- \/ Yoast SEO plugin. -->","yoast_head_json":{"title":"Daltec VZ 20 BK TFS 360 SW Heckrampe + Servicet\u00fcre, 3600x2000x2100 mm, 2000 kg - Daltec","robots":{"index":"index","follow":"follow","max-snippet":"max-snippet:-1","max-image-preview":"max-image-preview:large","max-video-preview":"max-video-preview:-1"},"canonical":"https:\/\/daltec.ch\/fr\/product\/vz-20-bk-tfs-360-sw-heckrampe-servicetuere\/","og_locale":"fr_FR","og_type":"article","og_title":"Daltec VZ 20 BK TFS 360 SW Heckrampe + Servicet\u00fcre, 3600x2000x2100 mm, 2000 kg - Daltec","og_description":"Preis: Siehe Preisliste auf Startseite Tieflader Kofferanh\u00e4nger mit Doppelfl\u00fcgelt\u00fcren und Servicet\u00fcre Technische Daten    L\u00e4nge 3600 mm   Breite 2000 mm   H\u00f6he 2100 mm   Achsen 2x KNOTT   Gesamtgewicht 2000 kg   Nutzlast 1171 kg   R\u00e4der 165 R 13 C","og_url":"https:\/\/daltec.ch\/fr\/product\/vz-20-bk-tfs-360-sw-heckrampe-servicetuere\/","og_site_name":"Daltec","article_publisher":"https:\/\/www.facebook.com\/DaltecAG","article_modified_time":"2025-12-02T09:48:37+00:00","og_image":[{"width":2375,"height":1505,"url":"https:\/\/daltec.ch\/wp-content\/uploads\/2025\/04\/TFS-360T.00-z-tlem-grafika-8.jpg","type":"image\/jpeg"}],"twitter_card":"summary_large_image","twitter_misc":{"Dur\u00e9e de lecture estim\u00e9e":"1 minute"},"schema":{"@context":"https:\/\/schema.org","@graph":[{"@type":"WebPage","@id":"https:\/\/daltec.ch\/product\/vz-20-bk-tfs-360-sw-heckrampe-servicetuere","url":"https:\/\/daltec.ch\/product\/vz-20-bk-tfs-360-sw-heckrampe-servicetuere","name":"Daltec VZ 20 BK TFS 360 SW Heckrampe + Servicet\u00fcre, 3600x2000x2100 mm, 2000 kg - Daltec","isPartOf":{"@id":"https:\/\/daltec.ch\/fr\/#website"},"primaryImageOfPage":{"@id":"https:\/\/daltec.ch\/product\/vz-20-bk-tfs-360-sw-heckrampe-servicetuere#primaryimage"},"image":{"@id":"https:\/\/daltec.ch\/product\/vz-20-bk-tfs-360-sw-heckrampe-servicetuere#primaryimage"},"thumbnailUrl":"https:\/\/daltec.ch\/wp-content\/uploads\/2025\/04\/TFS-360T.00-z-tlem-grafika-8.jpg","datePublished":"2025-04-04T08:56:04+00:00","dateModified":"2025-12-02T09:48:37+00:00","breadcrumb":{"@id":"https:\/\/daltec.ch\/product\/vz-20-bk-tfs-360-sw-heckrampe-servicetuere#breadcrumb"},"inLanguage":"fr-FR","potentialAction":[{"@type":"ReadAction","target":["https:\/\/daltec.ch\/product\/vz-20-bk-tfs-360-sw-heckrampe-servicetuere"]}]},{"@type":"ImageObject","inLanguage":"fr-FR","@id":"https:\/\/daltec.ch\/product\/vz-20-bk-tfs-360-sw-heckrampe-servicetuere#primaryimage","url":"https:\/\/daltec.ch\/wp-content\/uploads\/2025\/04\/TFS-360T.00-z-tlem-grafika-8.jpg","contentUrl":"https:\/\/daltec.ch\/wp-content\/uploads\/2025\/04\/TFS-360T.00-z-tlem-grafika-8.jpg","width":2375,"height":1505},{"@type":"BreadcrumbList","@id":"https:\/\/daltec.ch\/product\/vz-20-bk-tfs-360-sw-heckrampe-servicetuere#breadcrumb","itemListElement":[{"@type":"ListItem","position":1,"name":"Startseite","item":"https:\/\/daltec.ch\/"},{"@type":"ListItem","position":2,"name":"anhaenger","item":"https:\/\/daltec.ch\/anhaenger"},{"@type":"ListItem","position":3,"name":"Daltec VZ 20 BK TFS 360 SW Heckrampe + Servicet\u00fcre, 3600x2000x2100 mm, 2000 kg"}]},{"@type":"WebSite","@id":"https:\/\/daltec.ch\/fr\/#website","url":"https:\/\/daltec.ch\/fr\/","name":"Daltec Trailers","description":"","publisher":{"@id":"https:\/\/daltec.ch\/fr\/#organization"},"potentialAction":[{"@type":"SearchAction","target":{"@type":"EntryPoint","urlTemplate":"https:\/\/daltec.ch\/fr\/?s={search_term_string}"},"query-input":{"@type":"PropertyValueSpecification","valueRequired":true,"valueName":"search_term_string"}}],"inLanguage":"fr-FR"},{"@type":"Organization","@id":"https:\/\/daltec.ch\/fr\/#organization","name":"Daltec AG","url":"https:\/\/daltec.ch\/fr\/","logo":{"@type":"ImageObject","inLanguage":"fr-FR","@id":"https:\/\/daltec.ch\/fr\/#\/schema\/logo\/image\/","url":"https:\/\/daltec.ch\/wp-content\/uploads\/2025\/08\/dlteclogo.webp","contentUrl":"https:\/\/daltec.ch\/wp-content\/uploads\/2025\/08\/dlteclogo.webp","width":500,"height":195,"caption":"Daltec AG"},"image":{"@id":"https:\/\/daltec.ch\/fr\/#\/schema\/logo\/image\/"},"sameAs":["https:\/\/www.facebook.com\/DaltecAG"]}]}},"_links":{"self":[{"href":"https:\/\/daltec.ch\/fr\/wp-json\/wp\/v2\/product\/2650","targetHints":{"allow":["GET"]}}],"collection":[{"href":"https:\/\/daltec.ch\/fr\/wp-json\/wp\/v2\/product"}],"about":[{"href":"https:\/\/daltec.ch\/fr\/wp-json\/wp\/v2\/types\/product"}],"replies":[{"embeddable":true,"href":"https:\/\/daltec.ch\/fr\/wp-json\/wp\/v2\/comments?post=2650"}],"wp:featuredmedia":[{"embeddable":true,"href":"https:\/\/daltec.ch\/fr\/wp-json\/wp\/v2\/media\/4068"}],"wp:attachment":[{"href":"https:\/\/daltec.ch\/fr\/wp-json\/wp\/v2\/media?parent=2650"}],"wp:term":[{"taxonomy":"product_brand","embeddable":true,"href":"https:\/\/daltec.ch\/fr\/wp-json\/wp\/v2\/product_brand?post=2650"},{"taxonomy":"product_cat","embeddable":true,"href":"https:\/\/daltec.ch\/fr\/wp-json\/wp\/v2\/product_cat?post=2650"},{"taxonomy":"product_tag","embeddable":true,"href":"https:\/\/daltec.ch\/fr\/wp-json\/wp\/v2\/product_tag?post=2650"}],"curies":[{"name":"wp","href":"https:\/\/api.w.org\/{rel}","templated":true}]}}