{"id":2655,"date":"2025-04-04T17:30:06","date_gmt":"2025-04-04T17:30:06","guid":{"rendered":"https:\/\/daltec.ch\/?post_type=product&#038;p=2655"},"modified":"2026-02-10T10:47:09","modified_gmt":"2026-02-10T10:47:09","slug":"roadster-c2000","status":"publish","type":"product","link":"https:\/\/daltec.ch\/fr\/product\/roadster-c2000","title":{"rendered":"Daltec Roadster C2000, 5500x2200x2045 mm, 3500 Kg"},"content":{"rendered":"<p>Roadster 2000 geschlossener Autotransporter.<\/p>\n<p>Der Roadster 2000 ist die perfekte L\u00f6sung f\u00fcr Profis und Privatpersonen, die einen hochwertigen Transporter suchen, der in der Lage ist, Ausr\u00fcstung, Autos oder Supersportwagen, die ein ger\u00e4umiges Innenvolumen ben\u00f6tigen, sicher zu transportieren. Eigenschaften<\/p>\n<h4>Equipement:<\/h4>\n<p>Ch\u00e2ssis galvanis\u00e9 Cadre en aluminium, d\u00e9flecteur et toit en polyester, parois en plaques d'aluminium de 18 mm, 2 portes lat\u00e9rales, 2 trappes lat\u00e9rales, ailes en ABS antichocs, 8 anneaux d'arrimage \u00e0 l'int\u00e9rieur, roue jockey automatique, cale de roue avec support (2pcs). Pont avec rallonges extensibles, plancher en aluminium 24 mm garanti 5 ans, jantes en aluminium 12 pouces, roue de secours en aluminium 12 pouces avec support, treuil \u00e9lectrique avec c\u00e2ble et t\u00e9l\u00e9commande sans fil + batterie + support coulissant, rampes int\u00e9rieures sur\u00e9lev\u00e9es en aluminium pour voitures de 4,80 m de long, syst\u00e8me de verrouillage de la rampe arri\u00e8re avec cl\u00e9s, pieds de support, syst\u00e8me d'\u00e9clairage LED int\u00e9rieur\/ext\u00e9rieur, 12 V, prise 13 p\u00f4les, lampes encastr\u00e9es prot\u00e9g\u00e9es.<\/p>\n<p>Dimensions ext\u00e9rieures : 6750 x 2530 x 2480 mm<br \/>\nDimensions des volets lat\u00e9raux : 2360 x 1320 mm<br \/>\nDimensions des portes de service : 630 x 1000 mm<\/p>\n<p>Disponible dans les couleurs : Blanc, gris, anthracite, noir et bleu<\/p>\n<p>&nbsp;<\/p>","protected":false},"excerpt":{"rendered":"<p><span style=\"font-size: 13px; color: #ff0000;\"><em>Prix: voir liste de prix sur page d'accueil<\/em><\/span><\/p>\n<p><span style=\"font-size: 16px;\">C2000 Plancher alu, parois alu, 2 volets lat\u00e9raux &amp; 2 portes lat\u00e9rales - Ch\u00e2ssis Pullmann<\/span><\/p>\n<p><span style=\"font-size: 16px;\">I<\/span>nklusiv Alufelgen &amp; Elektroseilwinde mit Funksteuerung<\/p>\n<h4>Donn\u00e9es techniques:<\/h4>\n<table class=\"table\">\n<tbody>\n<tr>\n<th>Longueur int\u00e9rieure<\/th>\n<td>5500 <small>mm<\/small><\/td>\n<\/tr>\n<tr>\n<th>Largeur int\u00e9rieure<\/th>\n<td>2200 <small>mm<\/small><\/td>\n<\/tr>\n<tr>\n<th>Hauteur int\u00e9rieure<\/th>\n<td>2045 <small>mm<\/small><\/td>\n<\/tr>\n<tr>\n<th>Essieux<\/th>\n<td>2<\/td>\n<\/tr>\n<tr>\n<th>Avec freins<\/th>\n<td>Oui<\/td>\n<\/tr>\n<tr>\n<th>Poids total<\/th>\n<td>3500 <small>kg<\/small><\/td>\n<\/tr>\n<tr>\n<th>Charge utile<\/th>\n<td>2200 <small>kg<\/small><\/td>\n<\/tr>\n<tr>\n<th>Roues<\/th>\n<td>155\/70 R 12C<\/td>\n<\/tr>\n<tr>\n<th>Dimensions ext\u00e9rieures<\/th>\n<td>6750 x 2530 x 2480 <small>mm<\/small><\/td>\n<\/tr>\n<\/tbody>\n<\/table>\n<h4>Documents \u00e0 t\u00e9l\u00e9charger:<\/h4>\n<h4><a href=\"https:\/\/daltec.ch\/wp-content\/uploads\/2024\/12\/Tarifs_fourgons_FR.pdf\" target=\"_blank\" rel=\"noopener\"> \u21d2 Fourgons Debon Liste de prix 2024<\/a><\/h4>\n<h4><a href=\"https:\/\/daltec.ch\/wp-content\/uploads\/2024\/12\/2024032.pdf\">\u21d2 Catalogue fourgons Debon<\/a><\/h4>\n<p>&nbsp;<\/p>","protected":false},"featured_media":3185,"comment_status":"open","ping_status":"closed","template":"","meta":{"_acf_changed":false},"product_brand":[],"product_cat":[233,26,235,209],"product_tag":[],"class_list":{"0":"post-2655","1":"product","2":"type-product","3":"status-publish","4":"has-post-thumbnail","6":"product_cat-autotransport-kofferanhaenger","7":"product_cat-kofferanhaenger","8":"product_cat-kofferanhaenger-polyester-karrosserie","9":"product_cat-sonderaktion","11":"first","12":"instock","13":"sale","14":"featured","15":"shipping-taxable","16":"purchasable","17":"product-type-simple"},"acf":[],"yoast_head":"<!-- This site is optimized with the Yoast SEO plugin v27.4 - https:\/\/yoast.com\/product\/yoast-seo-wordpress\/ -->\n<title>Daltec Roadster C2000, 5500x2200x2045 mm, 3500 Kg - Daltec<\/title>\n<meta name=\"description\" content=\"Entdecken Sie den Daltec Trailers Kofferanh\u00e4nger Roadster C2000 3500 Kg, die perfekte Wahl f\u00fcr hochwertigen Transport. Sichern Sie sich Ihren!\" \/>\n<meta name=\"robots\" content=\"index, follow, max-snippet:-1, max-image-preview:large, max-video-preview:-1\" \/>\n<link rel=\"canonical\" href=\"https:\/\/daltec.ch\/fr\/product\/roadster-c2000\/\" \/>\n<meta property=\"og:locale\" content=\"fr_FR\" \/>\n<meta property=\"og:type\" content=\"article\" \/>\n<meta property=\"og:title\" content=\"Daltec Roadster C2000, 5500x2200x2045 mm, 3500 Kg - Daltec\" \/>\n<meta property=\"og:description\" content=\"Entdecken Sie den Daltec Trailers Kofferanh\u00e4nger Roadster C2000 3500 Kg, die perfekte Wahl f\u00fcr hochwertigen Transport. Sichern Sie sich Ihren!\" \/>\n<meta property=\"og:url\" content=\"https:\/\/daltec.ch\/fr\/product\/roadster-c2000\/\" \/>\n<meta property=\"og:site_name\" content=\"Daltec\" \/>\n<meta property=\"article:publisher\" content=\"https:\/\/www.facebook.com\/DaltecAG\" \/>\n<meta property=\"article:modified_time\" content=\"2026-02-10T10:47:09+00:00\" \/>\n<meta property=\"og:image\" content=\"https:\/\/daltec.ch\/wp-content\/uploads\/2025\/04\/4.png\" \/>\n\t<meta property=\"og:image:width\" content=\"700\" \/>\n\t<meta property=\"og:image:height\" content=\"650\" \/>\n\t<meta property=\"og:image:type\" content=\"image\/png\" \/>\n<meta name=\"twitter:card\" content=\"summary_large_image\" \/>\n<meta name=\"twitter:label1\" content=\"Dur\u00e9e de lecture estim\u00e9e\" \/>\n\t<meta name=\"twitter:data1\" content=\"2 minutes\" \/>\n<script type=\"application\/ld+json\" class=\"yoast-schema-graph\">{\"@context\":\"https:\\\/\\\/schema.org\",\"@graph\":[{\"@type\":\"WebPage\",\"@id\":\"https:\\\/\\\/daltec.ch\\\/product\\\/roadster-c2000\",\"url\":\"https:\\\/\\\/daltec.ch\\\/product\\\/roadster-c2000\",\"name\":\"Daltec Roadster C2000, 5500x2200x2045 mm, 3500 Kg - Daltec\",\"isPartOf\":{\"@id\":\"https:\\\/\\\/daltec.ch\\\/fr\\\/#website\"},\"primaryImageOfPage\":{\"@id\":\"https:\\\/\\\/daltec.ch\\\/product\\\/roadster-c2000#primaryimage\"},\"image\":{\"@id\":\"https:\\\/\\\/daltec.ch\\\/product\\\/roadster-c2000#primaryimage\"},\"thumbnailUrl\":\"https:\\\/\\\/daltec.ch\\\/wp-content\\\/uploads\\\/2025\\\/04\\\/4.png\",\"datePublished\":\"2025-04-04T17:30:06+00:00\",\"dateModified\":\"2026-02-10T10:47:09+00:00\",\"description\":\"Entdecken Sie den Daltec Trailers Kofferanh\u00e4nger Roadster C2000 3500 Kg, die perfekte Wahl f\u00fcr hochwertigen Transport. Sichern Sie sich Ihren!\",\"breadcrumb\":{\"@id\":\"https:\\\/\\\/daltec.ch\\\/product\\\/roadster-c2000#breadcrumb\"},\"inLanguage\":\"fr-FR\",\"potentialAction\":[{\"@type\":\"ReadAction\",\"target\":[\"https:\\\/\\\/daltec.ch\\\/product\\\/roadster-c2000\"]}]},{\"@type\":\"ImageObject\",\"inLanguage\":\"fr-FR\",\"@id\":\"https:\\\/\\\/daltec.ch\\\/product\\\/roadster-c2000#primaryimage\",\"url\":\"https:\\\/\\\/daltec.ch\\\/wp-content\\\/uploads\\\/2025\\\/04\\\/4.png\",\"contentUrl\":\"https:\\\/\\\/daltec.ch\\\/wp-content\\\/uploads\\\/2025\\\/04\\\/4.png\",\"width\":700,\"height\":650},{\"@type\":\"BreadcrumbList\",\"@id\":\"https:\\\/\\\/daltec.ch\\\/product\\\/roadster-c2000#breadcrumb\",\"itemListElement\":[{\"@type\":\"ListItem\",\"position\":1,\"name\":\"Startseite\",\"item\":\"https:\\\/\\\/daltec.ch\\\/\"},{\"@type\":\"ListItem\",\"position\":2,\"name\":\"anhaenger\",\"item\":\"https:\\\/\\\/daltec.ch\\\/anhaenger\"},{\"@type\":\"ListItem\",\"position\":3,\"name\":\"Daltec Roadster C2000, 5500x2200x2045 mm, 3500 Kg\"}]},{\"@type\":\"WebSite\",\"@id\":\"https:\\\/\\\/daltec.ch\\\/fr\\\/#website\",\"url\":\"https:\\\/\\\/daltec.ch\\\/fr\\\/\",\"name\":\"Daltec Trailers\",\"description\":\"\",\"publisher\":{\"@id\":\"https:\\\/\\\/daltec.ch\\\/fr\\\/#organization\"},\"potentialAction\":[{\"@type\":\"SearchAction\",\"target\":{\"@type\":\"EntryPoint\",\"urlTemplate\":\"https:\\\/\\\/daltec.ch\\\/fr\\\/?s={search_term_string}\"},\"query-input\":{\"@type\":\"PropertyValueSpecification\",\"valueRequired\":true,\"valueName\":\"search_term_string\"}}],\"inLanguage\":\"fr-FR\"},{\"@type\":\"Organization\",\"@id\":\"https:\\\/\\\/daltec.ch\\\/fr\\\/#organization\",\"name\":\"Daltec AG\",\"url\":\"https:\\\/\\\/daltec.ch\\\/fr\\\/\",\"logo\":{\"@type\":\"ImageObject\",\"inLanguage\":\"fr-FR\",\"@id\":\"https:\\\/\\\/daltec.ch\\\/fr\\\/#\\\/schema\\\/logo\\\/image\\\/\",\"url\":\"https:\\\/\\\/daltec.ch\\\/wp-content\\\/uploads\\\/2025\\\/08\\\/dlteclogo.webp\",\"contentUrl\":\"https:\\\/\\\/daltec.ch\\\/wp-content\\\/uploads\\\/2025\\\/08\\\/dlteclogo.webp\",\"width\":500,\"height\":195,\"caption\":\"Daltec AG\"},\"image\":{\"@id\":\"https:\\\/\\\/daltec.ch\\\/fr\\\/#\\\/schema\\\/logo\\\/image\\\/\"},\"sameAs\":[\"https:\\\/\\\/www.facebook.com\\\/DaltecAG\"]}]}<\/script>\n<!-- \/ Yoast SEO plugin. -->","yoast_head_json":{"title":"Daltec Roadster C2000, 5500x2200x2045 mm, 3500 Kg - Daltec","description":"Entdecken Sie den Daltec Trailers Kofferanh\u00e4nger Roadster C2000 3500 Kg, die perfekte Wahl f\u00fcr hochwertigen Transport. Sichern Sie sich Ihren!","robots":{"index":"index","follow":"follow","max-snippet":"max-snippet:-1","max-image-preview":"max-image-preview:large","max-video-preview":"max-video-preview:-1"},"canonical":"https:\/\/daltec.ch\/fr\/product\/roadster-c2000\/","og_locale":"fr_FR","og_type":"article","og_title":"Daltec Roadster C2000, 5500x2200x2045 mm, 3500 Kg - Daltec","og_description":"Entdecken Sie den Daltec Trailers Kofferanh\u00e4nger Roadster C2000 3500 Kg, die perfekte Wahl f\u00fcr hochwertigen Transport. Sichern Sie sich Ihren!","og_url":"https:\/\/daltec.ch\/fr\/product\/roadster-c2000\/","og_site_name":"Daltec","article_publisher":"https:\/\/www.facebook.com\/DaltecAG","article_modified_time":"2026-02-10T10:47:09+00:00","og_image":[{"width":700,"height":650,"url":"https:\/\/daltec.ch\/wp-content\/uploads\/2025\/04\/4.png","type":"image\/png"}],"twitter_card":"summary_large_image","twitter_misc":{"Dur\u00e9e de lecture estim\u00e9e":"2 minutes"},"schema":{"@context":"https:\/\/schema.org","@graph":[{"@type":"WebPage","@id":"https:\/\/daltec.ch\/product\/roadster-c2000","url":"https:\/\/daltec.ch\/product\/roadster-c2000","name":"Daltec Roadster C2000, 5500x2200x2045 mm, 3500 Kg - Daltec","isPartOf":{"@id":"https:\/\/daltec.ch\/fr\/#website"},"primaryImageOfPage":{"@id":"https:\/\/daltec.ch\/product\/roadster-c2000#primaryimage"},"image":{"@id":"https:\/\/daltec.ch\/product\/roadster-c2000#primaryimage"},"thumbnailUrl":"https:\/\/daltec.ch\/wp-content\/uploads\/2025\/04\/4.png","datePublished":"2025-04-04T17:30:06+00:00","dateModified":"2026-02-10T10:47:09+00:00","description":"Entdecken Sie den Daltec Trailers Kofferanh\u00e4nger Roadster C2000 3500 Kg, die perfekte Wahl f\u00fcr hochwertigen Transport. Sichern Sie sich Ihren!","breadcrumb":{"@id":"https:\/\/daltec.ch\/product\/roadster-c2000#breadcrumb"},"inLanguage":"fr-FR","potentialAction":[{"@type":"ReadAction","target":["https:\/\/daltec.ch\/product\/roadster-c2000"]}]},{"@type":"ImageObject","inLanguage":"fr-FR","@id":"https:\/\/daltec.ch\/product\/roadster-c2000#primaryimage","url":"https:\/\/daltec.ch\/wp-content\/uploads\/2025\/04\/4.png","contentUrl":"https:\/\/daltec.ch\/wp-content\/uploads\/2025\/04\/4.png","width":700,"height":650},{"@type":"BreadcrumbList","@id":"https:\/\/daltec.ch\/product\/roadster-c2000#breadcrumb","itemListElement":[{"@type":"ListItem","position":1,"name":"Startseite","item":"https:\/\/daltec.ch\/"},{"@type":"ListItem","position":2,"name":"anhaenger","item":"https:\/\/daltec.ch\/anhaenger"},{"@type":"ListItem","position":3,"name":"Daltec Roadster C2000, 5500x2200x2045 mm, 3500 Kg"}]},{"@type":"WebSite","@id":"https:\/\/daltec.ch\/fr\/#website","url":"https:\/\/daltec.ch\/fr\/","name":"Daltec Trailers","description":"","publisher":{"@id":"https:\/\/daltec.ch\/fr\/#organization"},"potentialAction":[{"@type":"SearchAction","target":{"@type":"EntryPoint","urlTemplate":"https:\/\/daltec.ch\/fr\/?s={search_term_string}"},"query-input":{"@type":"PropertyValueSpecification","valueRequired":true,"valueName":"search_term_string"}}],"inLanguage":"fr-FR"},{"@type":"Organization","@id":"https:\/\/daltec.ch\/fr\/#organization","name":"Daltec AG","url":"https:\/\/daltec.ch\/fr\/","logo":{"@type":"ImageObject","inLanguage":"fr-FR","@id":"https:\/\/daltec.ch\/fr\/#\/schema\/logo\/image\/","url":"https:\/\/daltec.ch\/wp-content\/uploads\/2025\/08\/dlteclogo.webp","contentUrl":"https:\/\/daltec.ch\/wp-content\/uploads\/2025\/08\/dlteclogo.webp","width":500,"height":195,"caption":"Daltec AG"},"image":{"@id":"https:\/\/daltec.ch\/fr\/#\/schema\/logo\/image\/"},"sameAs":["https:\/\/www.facebook.com\/DaltecAG"]}]}},"_links":{"self":[{"href":"https:\/\/daltec.ch\/fr\/wp-json\/wp\/v2\/product\/2655","targetHints":{"allow":["GET"]}}],"collection":[{"href":"https:\/\/daltec.ch\/fr\/wp-json\/wp\/v2\/product"}],"about":[{"href":"https:\/\/daltec.ch\/fr\/wp-json\/wp\/v2\/types\/product"}],"replies":[{"embeddable":true,"href":"https:\/\/daltec.ch\/fr\/wp-json\/wp\/v2\/comments?post=2655"}],"wp:featuredmedia":[{"embeddable":true,"href":"https:\/\/daltec.ch\/fr\/wp-json\/wp\/v2\/media\/3185"}],"wp:attachment":[{"href":"https:\/\/daltec.ch\/fr\/wp-json\/wp\/v2\/media?parent=2655"}],"wp:term":[{"taxonomy":"product_brand","embeddable":true,"href":"https:\/\/daltec.ch\/fr\/wp-json\/wp\/v2\/product_brand?post=2655"},{"taxonomy":"product_cat","embeddable":true,"href":"https:\/\/daltec.ch\/fr\/wp-json\/wp\/v2\/product_cat?post=2655"},{"taxonomy":"product_tag","embeddable":true,"href":"https:\/\/daltec.ch\/fr\/wp-json\/wp\/v2\/product_tag?post=2655"}],"curies":[{"name":"wp","href":"https:\/\/api.w.org\/{rel}","templated":true}]}}