{"id":2774,"date":"2025-05-18T14:10:01","date_gmt":"2025-05-18T14:10:01","guid":{"rendered":"https:\/\/daltec.ch\/?post_type=product&#038;p=2774"},"modified":"2025-12-01T09:27:01","modified_gmt":"2025-12-01T09:27:01","slug":"kipper-13-eco-elektro","status":"publish","type":"product","link":"https:\/\/daltec.ch\/fr\/product\/kipper-13-eco-elektro","title":{"rendered":"Daltec Benne 13 Eco Elektro, 2530x1520x400 mm, 1300 Kg"},"content":{"rendered":"<p>Benne basculante arri\u00e8re de haute qualit\u00e9 pour le transport de tous types de gravats. Une construction robuste garantit une longue dur\u00e9e de vie. Les montants d'angle et les parois lat\u00e9rales sont amovibles pour transformer la remorque en plateforme. Mod\u00e8le classique - prix avantageux ! Pour que travailler soit un plaisir !<br \/>\n<strong>Equipement:<\/strong><br \/>\nCh\u00e2ssis : Cadre de base galvanis\u00e9 \u00e0 chaud, soud\u00e9 et viss\u00e9, dispositif d'attelage solide en V, corde de rupture, attelage \u00e0 boule, roue jockey automatique renforc\u00e9e, pompe \u00e0 main \u00e0 double effet Essieu : Essieu robuste Knott, frein \u00e0 inertie avec frein \u00e0 main et marche arri\u00e8re automatique Carrosserie : Cadre galvanis\u00e9, ridelles en alu 300 mm et montants d'angle amovibles, 3 c\u00f4t\u00e9s rabattables Plancher en plaque s\u00e9rigraphi\u00e9e Dispositif d'\u00e9clairage : Eclairage prot\u00e9g\u00e9 \u00e0 l'avant et \u00e0 l'arri\u00e8re, 12 V, Selon normes du code de la route, fiche 13 p\u00f4les<\/p>","protected":false},"excerpt":{"rendered":"<h5><span style=\"color: #ff6600;\"><em>Prix: voir liste de prix sur page d'accueil<\/em><\/span><\/h5>\n<p>Benne manuelle de haute qualit\u00e9 - Classique !<\/p>\n<h4>Donn\u00e9es techniques:<\/h4>\n<table class=\"table\" style=\"height: 205px;\" width=\"289\">\n<tbody>\n<tr>\n<th>Longueur int\u00e9rieure<\/th>\n<td>2530 <small>mm<\/small><\/td>\n<\/tr>\n<tr>\n<th>Largeur int\u00e9rieure<\/th>\n<td>1520 <small>mm<\/small><\/td>\n<\/tr>\n<tr>\n<th>Hauteur int\u00e9rieure<\/th>\n<td>400 <small>mm<\/small><\/td>\n<\/tr>\n<tr>\n<th>Essieux<\/th>\n<td>1 <small><\/small><\/td>\n<\/tr>\n<tr>\n<th>Poids total<\/th>\n<td>1300 <small>kg<\/small><\/td>\n<\/tr>\n<tr>\n<th>Charge utile<\/th>\n<td><small><span style=\"font-size: 16px;\">848 kg<\/span><\/small><\/td>\n<\/tr>\n<tr>\n<th>Roues<\/th>\n<td>195\/50 R 13 C<\/td>\n<\/tr>\n<\/tbody>\n<\/table>\n<h4>Options :<\/h4>\n<table>\n<tbody>\n<tr>\n<td>Sur\u00e9l\u00e9vation de la rive<\/td>\n<td>750 CHF<\/td>\n<\/tr>\n<tr>\n<td>Flachplane<\/td>\n<td>170 CHF<\/td>\n<\/tr>\n<tr>\n<td>Rehausse de grille 600 mm<\/td>\n<td>750 CHF<\/td>\n<\/tr>\n<tr>\n<td>Pieds de support (paire)<\/td>\n<td>220 CHF<\/td>\n<\/tr>\n<\/tbody>\n<\/table>","protected":false},"featured_media":4037,"comment_status":"open","ping_status":"closed","template":"","meta":{"_acf_changed":false},"product_brand":[],"product_cat":[30,29,244],"product_tag":[],"class_list":{"0":"post-2774","1":"product","2":"type-product","3":"status-publish","4":"has-post-thumbnail","6":"product_cat-bauanhaenger","7":"product_cat-kipper-anhaenger","8":"product_cat-rueckwaertskipper","10":"first","11":"instock","12":"featured","13":"shipping-taxable","14":"purchasable","15":"product-type-simple"},"acf":[],"yoast_head":"<!-- This site is optimized with the Yoast SEO plugin v27.4 - https:\/\/yoast.com\/product\/yoast-seo-wordpress\/ -->\n<title>Daltec Kipper 13 Eco Elektro, 2530x1520x400 mm, 1300 Kg - Daltec<\/title>\n<meta name=\"robots\" content=\"index, follow, max-snippet:-1, max-image-preview:large, max-video-preview:-1\" \/>\n<link rel=\"canonical\" href=\"https:\/\/daltec.ch\/fr\/product\/kipper-13-eco-elektro\/\" \/>\n<meta property=\"og:locale\" content=\"fr_FR\" \/>\n<meta property=\"og:type\" content=\"article\" \/>\n<meta property=\"og:title\" content=\"Daltec Kipper 13 Eco Elektro, 2530x1520x400 mm, 1300 Kg - Daltec\" \/>\n<meta property=\"og:description\" content=\"Preis: Siehe Preisliste auf Startseite Hochwertiger manueller Kipper - Klassisch! Technische Daten:    L\u00e4nge 2530 mm   Breite 1520 mm   H\u00f6he 400 mm   Achsen 1    Gesamtgewicht 1300 kg   Nutzlast 848 kg   R\u00e4der 195\/50 R 13 C    Optionen:    Bordwanderh\u00f6hung 750 CHF   Flachplane 170 CHF   Gitteraufsatz 600 mm 750 CHF   St\u00fctzf\u00fcsse (Paar) 220 CHF\" \/>\n<meta property=\"og:url\" content=\"https:\/\/daltec.ch\/fr\/product\/kipper-13-eco-elektro\/\" \/>\n<meta property=\"og:site_name\" content=\"Daltec\" \/>\n<meta property=\"article:publisher\" content=\"https:\/\/www.facebook.com\/DaltecAG\" \/>\n<meta property=\"article:modified_time\" content=\"2025-12-01T09:27:01+00:00\" \/>\n<meta property=\"og:image\" content=\"https:\/\/daltec.ch\/wp-content\/uploads\/2025\/05\/167ea341c987c3.webp\" \/>\n\t<meta property=\"og:image:width\" content=\"1920\" \/>\n\t<meta property=\"og:image:height\" content=\"1920\" \/>\n\t<meta property=\"og:image:type\" content=\"image\/webp\" \/>\n<meta name=\"twitter:card\" content=\"summary_large_image\" \/>\n<meta name=\"twitter:label1\" content=\"Dur\u00e9e de lecture estim\u00e9e\" \/>\n\t<meta name=\"twitter:data1\" content=\"1 minute\" \/>\n<script type=\"application\/ld+json\" class=\"yoast-schema-graph\">{\"@context\":\"https:\\\/\\\/schema.org\",\"@graph\":[{\"@type\":\"WebPage\",\"@id\":\"https:\\\/\\\/daltec.ch\\\/product\\\/kipper-13-eco-elektro\",\"url\":\"https:\\\/\\\/daltec.ch\\\/product\\\/kipper-13-eco-elektro\",\"name\":\"Daltec Kipper 13 Eco Elektro, 2530x1520x400 mm, 1300 Kg - Daltec\",\"isPartOf\":{\"@id\":\"https:\\\/\\\/daltec.ch\\\/fr\\\/#website\"},\"primaryImageOfPage\":{\"@id\":\"https:\\\/\\\/daltec.ch\\\/product\\\/kipper-13-eco-elektro#primaryimage\"},\"image\":{\"@id\":\"https:\\\/\\\/daltec.ch\\\/product\\\/kipper-13-eco-elektro#primaryimage\"},\"thumbnailUrl\":\"https:\\\/\\\/daltec.ch\\\/wp-content\\\/uploads\\\/2025\\\/05\\\/167ea341c987c3.webp\",\"datePublished\":\"2025-05-18T14:10:01+00:00\",\"dateModified\":\"2025-12-01T09:27:01+00:00\",\"breadcrumb\":{\"@id\":\"https:\\\/\\\/daltec.ch\\\/product\\\/kipper-13-eco-elektro#breadcrumb\"},\"inLanguage\":\"fr-FR\",\"potentialAction\":[{\"@type\":\"ReadAction\",\"target\":[\"https:\\\/\\\/daltec.ch\\\/product\\\/kipper-13-eco-elektro\"]}]},{\"@type\":\"ImageObject\",\"inLanguage\":\"fr-FR\",\"@id\":\"https:\\\/\\\/daltec.ch\\\/product\\\/kipper-13-eco-elektro#primaryimage\",\"url\":\"https:\\\/\\\/daltec.ch\\\/wp-content\\\/uploads\\\/2025\\\/05\\\/167ea341c987c3.webp\",\"contentUrl\":\"https:\\\/\\\/daltec.ch\\\/wp-content\\\/uploads\\\/2025\\\/05\\\/167ea341c987c3.webp\",\"width\":1920,\"height\":1920},{\"@type\":\"BreadcrumbList\",\"@id\":\"https:\\\/\\\/daltec.ch\\\/product\\\/kipper-13-eco-elektro#breadcrumb\",\"itemListElement\":[{\"@type\":\"ListItem\",\"position\":1,\"name\":\"Startseite\",\"item\":\"https:\\\/\\\/daltec.ch\\\/\"},{\"@type\":\"ListItem\",\"position\":2,\"name\":\"anhaenger\",\"item\":\"https:\\\/\\\/daltec.ch\\\/anhaenger\"},{\"@type\":\"ListItem\",\"position\":3,\"name\":\"Daltec Kipper 13 Eco Elektro, 2530x1520x400 mm, 1300 Kg\"}]},{\"@type\":\"WebSite\",\"@id\":\"https:\\\/\\\/daltec.ch\\\/fr\\\/#website\",\"url\":\"https:\\\/\\\/daltec.ch\\\/fr\\\/\",\"name\":\"Daltec Trailers\",\"description\":\"\",\"publisher\":{\"@id\":\"https:\\\/\\\/daltec.ch\\\/fr\\\/#organization\"},\"potentialAction\":[{\"@type\":\"SearchAction\",\"target\":{\"@type\":\"EntryPoint\",\"urlTemplate\":\"https:\\\/\\\/daltec.ch\\\/fr\\\/?s={search_term_string}\"},\"query-input\":{\"@type\":\"PropertyValueSpecification\",\"valueRequired\":true,\"valueName\":\"search_term_string\"}}],\"inLanguage\":\"fr-FR\"},{\"@type\":\"Organization\",\"@id\":\"https:\\\/\\\/daltec.ch\\\/fr\\\/#organization\",\"name\":\"Daltec AG\",\"url\":\"https:\\\/\\\/daltec.ch\\\/fr\\\/\",\"logo\":{\"@type\":\"ImageObject\",\"inLanguage\":\"fr-FR\",\"@id\":\"https:\\\/\\\/daltec.ch\\\/fr\\\/#\\\/schema\\\/logo\\\/image\\\/\",\"url\":\"https:\\\/\\\/daltec.ch\\\/wp-content\\\/uploads\\\/2025\\\/08\\\/dlteclogo.webp\",\"contentUrl\":\"https:\\\/\\\/daltec.ch\\\/wp-content\\\/uploads\\\/2025\\\/08\\\/dlteclogo.webp\",\"width\":500,\"height\":195,\"caption\":\"Daltec AG\"},\"image\":{\"@id\":\"https:\\\/\\\/daltec.ch\\\/fr\\\/#\\\/schema\\\/logo\\\/image\\\/\"},\"sameAs\":[\"https:\\\/\\\/www.facebook.com\\\/DaltecAG\"]}]}<\/script>\n<!-- \/ Yoast SEO plugin. -->","yoast_head_json":{"title":"Daltec Kipper 13 Eco Elektro, 2530x1520x400 mm, 1300 Kg - Daltec","robots":{"index":"index","follow":"follow","max-snippet":"max-snippet:-1","max-image-preview":"max-image-preview:large","max-video-preview":"max-video-preview:-1"},"canonical":"https:\/\/daltec.ch\/fr\/product\/kipper-13-eco-elektro\/","og_locale":"fr_FR","og_type":"article","og_title":"Daltec Kipper 13 Eco Elektro, 2530x1520x400 mm, 1300 Kg - Daltec","og_description":"Preis: Siehe Preisliste auf Startseite Hochwertiger manueller Kipper - Klassisch! Technische Daten:    L\u00e4nge 2530 mm   Breite 1520 mm   H\u00f6he 400 mm   Achsen 1    Gesamtgewicht 1300 kg   Nutzlast 848 kg   R\u00e4der 195\/50 R 13 C    Optionen:    Bordwanderh\u00f6hung 750 CHF   Flachplane 170 CHF   Gitteraufsatz 600 mm 750 CHF   St\u00fctzf\u00fcsse (Paar) 220 CHF","og_url":"https:\/\/daltec.ch\/fr\/product\/kipper-13-eco-elektro\/","og_site_name":"Daltec","article_publisher":"https:\/\/www.facebook.com\/DaltecAG","article_modified_time":"2025-12-01T09:27:01+00:00","og_image":[{"width":1920,"height":1920,"url":"https:\/\/daltec.ch\/wp-content\/uploads\/2025\/05\/167ea341c987c3.webp","type":"image\/webp"}],"twitter_card":"summary_large_image","twitter_misc":{"Dur\u00e9e de lecture estim\u00e9e":"1 minute"},"schema":{"@context":"https:\/\/schema.org","@graph":[{"@type":"WebPage","@id":"https:\/\/daltec.ch\/product\/kipper-13-eco-elektro","url":"https:\/\/daltec.ch\/product\/kipper-13-eco-elektro","name":"Daltec Kipper 13 Eco Elektro, 2530x1520x400 mm, 1300 Kg - Daltec","isPartOf":{"@id":"https:\/\/daltec.ch\/fr\/#website"},"primaryImageOfPage":{"@id":"https:\/\/daltec.ch\/product\/kipper-13-eco-elektro#primaryimage"},"image":{"@id":"https:\/\/daltec.ch\/product\/kipper-13-eco-elektro#primaryimage"},"thumbnailUrl":"https:\/\/daltec.ch\/wp-content\/uploads\/2025\/05\/167ea341c987c3.webp","datePublished":"2025-05-18T14:10:01+00:00","dateModified":"2025-12-01T09:27:01+00:00","breadcrumb":{"@id":"https:\/\/daltec.ch\/product\/kipper-13-eco-elektro#breadcrumb"},"inLanguage":"fr-FR","potentialAction":[{"@type":"ReadAction","target":["https:\/\/daltec.ch\/product\/kipper-13-eco-elektro"]}]},{"@type":"ImageObject","inLanguage":"fr-FR","@id":"https:\/\/daltec.ch\/product\/kipper-13-eco-elektro#primaryimage","url":"https:\/\/daltec.ch\/wp-content\/uploads\/2025\/05\/167ea341c987c3.webp","contentUrl":"https:\/\/daltec.ch\/wp-content\/uploads\/2025\/05\/167ea341c987c3.webp","width":1920,"height":1920},{"@type":"BreadcrumbList","@id":"https:\/\/daltec.ch\/product\/kipper-13-eco-elektro#breadcrumb","itemListElement":[{"@type":"ListItem","position":1,"name":"Startseite","item":"https:\/\/daltec.ch\/"},{"@type":"ListItem","position":2,"name":"anhaenger","item":"https:\/\/daltec.ch\/anhaenger"},{"@type":"ListItem","position":3,"name":"Daltec Kipper 13 Eco Elektro, 2530x1520x400 mm, 1300 Kg"}]},{"@type":"WebSite","@id":"https:\/\/daltec.ch\/fr\/#website","url":"https:\/\/daltec.ch\/fr\/","name":"Daltec Trailers","description":"","publisher":{"@id":"https:\/\/daltec.ch\/fr\/#organization"},"potentialAction":[{"@type":"SearchAction","target":{"@type":"EntryPoint","urlTemplate":"https:\/\/daltec.ch\/fr\/?s={search_term_string}"},"query-input":{"@type":"PropertyValueSpecification","valueRequired":true,"valueName":"search_term_string"}}],"inLanguage":"fr-FR"},{"@type":"Organization","@id":"https:\/\/daltec.ch\/fr\/#organization","name":"Daltec AG","url":"https:\/\/daltec.ch\/fr\/","logo":{"@type":"ImageObject","inLanguage":"fr-FR","@id":"https:\/\/daltec.ch\/fr\/#\/schema\/logo\/image\/","url":"https:\/\/daltec.ch\/wp-content\/uploads\/2025\/08\/dlteclogo.webp","contentUrl":"https:\/\/daltec.ch\/wp-content\/uploads\/2025\/08\/dlteclogo.webp","width":500,"height":195,"caption":"Daltec AG"},"image":{"@id":"https:\/\/daltec.ch\/fr\/#\/schema\/logo\/image\/"},"sameAs":["https:\/\/www.facebook.com\/DaltecAG"]}]}},"_links":{"self":[{"href":"https:\/\/daltec.ch\/fr\/wp-json\/wp\/v2\/product\/2774","targetHints":{"allow":["GET"]}}],"collection":[{"href":"https:\/\/daltec.ch\/fr\/wp-json\/wp\/v2\/product"}],"about":[{"href":"https:\/\/daltec.ch\/fr\/wp-json\/wp\/v2\/types\/product"}],"replies":[{"embeddable":true,"href":"https:\/\/daltec.ch\/fr\/wp-json\/wp\/v2\/comments?post=2774"}],"wp:featuredmedia":[{"embeddable":true,"href":"https:\/\/daltec.ch\/fr\/wp-json\/wp\/v2\/media\/4037"}],"wp:attachment":[{"href":"https:\/\/daltec.ch\/fr\/wp-json\/wp\/v2\/media?parent=2774"}],"wp:term":[{"taxonomy":"product_brand","embeddable":true,"href":"https:\/\/daltec.ch\/fr\/wp-json\/wp\/v2\/product_brand?post=2774"},{"taxonomy":"product_cat","embeddable":true,"href":"https:\/\/daltec.ch\/fr\/wp-json\/wp\/v2\/product_cat?post=2774"},{"taxonomy":"product_tag","embeddable":true,"href":"https:\/\/daltec.ch\/fr\/wp-json\/wp\/v2\/product_tag?post=2774"}],"curies":[{"name":"wp","href":"https:\/\/api.w.org\/{rel}","templated":true}]}}