{"id":2776,"date":"2025-05-18T15:33:52","date_gmt":"2025-05-18T15:33:52","guid":{"rendered":"https:\/\/daltec.ch\/?post_type=product&#038;p=2776"},"modified":"2026-04-10T13:33:14","modified_gmt":"2026-04-10T13:33:14","slug":"muldenkipper-dumber","status":"publish","type":"product","link":"https:\/\/daltec.ch\/fr\/product\/muldenkipper-dumber","title":{"rendered":"Daltec Muldenkipper Dumper, 2700x1500x600 mm, 3500 Kg"},"content":{"rendered":"<h5><b><i>Prix: voir liste de prix sur page d'accueil<\/i><\/b><\/h5>\n<p>Kippmuldenanh\u00e4nger Dumper 3500.<\/p>\n<p>&nbsp;<\/p>","protected":false},"excerpt":{"rendered":"<p>Hochwertiker R\u00fcckw\u00e4rtskipper &#8211; kann bis 2 Kubikmeter Steine Demolitionsprodukte abtransportieren. Die Konstruktion erm\u00f6glich die Beladung von schweren Lasten! In Avenches jederzeit besuchtbar.<\/p>\n<h4>Sp\u00e9cifications<\/h4>\n<table class=\"table\">\n<tbody>\n<tr>\n<th>Longueur int\u00e9rieure<\/th>\n<td>2700 <small>mm<\/small><\/td>\n<\/tr>\n<tr>\n<th>Largeur int\u00e9rieure<\/th>\n<td>1500 <small>mm<\/small><\/td>\n<\/tr>\n<tr>\n<th>Hauteur int\u00e9rieure<\/th>\n<td>600 <small>mm<\/small><\/td>\n<\/tr>\n<tr>\n<th>Essieux<\/th>\n<td>1 <small><\/small><\/td>\n<\/tr>\n<tr>\n<th>Gesamtgewich<\/th>\n<td>3500 <small>kg<\/small><\/td>\n<\/tr>\n<tr>\n<th>Charge utile<\/th>\n<td>2520 <small>kg<\/small><\/td>\n<\/tr>\n<tr>\n<th>Roues<\/th>\n<td><\/td>\n<\/tr>\n<\/tbody>\n<\/table>","protected":false},"featured_media":2777,"comment_status":"open","ping_status":"closed","template":"","meta":{"_acf_changed":false},"product_brand":[],"product_cat":[29,244],"product_tag":[],"class_list":{"0":"post-2776","1":"product","2":"type-product","3":"status-publish","4":"has-post-thumbnail","6":"product_cat-kipper-anhaenger","7":"product_cat-rueckwaertskipper","9":"first","10":"instock","11":"featured","12":"shipping-taxable","13":"purchasable","14":"product-type-simple"},"acf":[],"yoast_head":"<!-- This site is optimized with the Yoast SEO plugin v27.2 - https:\/\/yoast.com\/product\/yoast-seo-wordpress\/ -->\n<title>Daltec Muldenkipper Dumper, 2700x1500x600 mm, 3500 Kg - Daltec<\/title>\n<meta name=\"robots\" content=\"index, follow, max-snippet:-1, max-image-preview:large, max-video-preview:-1\" \/>\n<link rel=\"canonical\" href=\"https:\/\/daltec.ch\/fr\/product\/muldenkipper-dumber\/\" \/>\n<meta property=\"og:locale\" content=\"fr_FR\" \/>\n<meta property=\"og:type\" content=\"article\" \/>\n<meta property=\"og:title\" content=\"Daltec Muldenkipper Dumper, 2700x1500x600 mm, 3500 Kg - Daltec\" \/>\n<meta property=\"og:description\" content=\"Hochwertiker R\u00fcckw\u00e4rtskipper - kann bis 2 Kubikmeter Steine Demolitionsprodukte abtransportieren. Die Konstruktion erm\u00f6glich die Beladung von schweren Lasten! In Avenches jederzeit besuchtbar. Technische Daten    L\u00e4nge 2700 mm   Breite 1500 mm   H\u00f6he 600 mm   Achsen 1    Gesamtgewich 3500 kg   Nutzlast 2520 kg   R\u00e4der\" \/>\n<meta property=\"og:url\" content=\"https:\/\/daltec.ch\/fr\/product\/muldenkipper-dumber\/\" \/>\n<meta property=\"og:site_name\" content=\"Daltec\" \/>\n<meta property=\"article:publisher\" content=\"https:\/\/www.facebook.com\/DaltecAG\" \/>\n<meta property=\"article:modified_time\" content=\"2026-04-10T13:33:14+00:00\" \/>\n<meta property=\"og:image\" content=\"https:\/\/daltec.ch\/wp-content\/uploads\/2025\/05\/benne-basculante-arriere-ka-3500-dumper-1.png\" \/>\n\t<meta property=\"og:image:width\" content=\"600\" \/>\n\t<meta property=\"og:image:height\" content=\"600\" \/>\n\t<meta property=\"og:image:type\" content=\"image\/png\" \/>\n<meta name=\"twitter:card\" content=\"summary_large_image\" \/>\n<meta name=\"twitter:label1\" content=\"Dur\u00e9e de lecture estim\u00e9e\" \/>\n\t<meta name=\"twitter:data1\" content=\"1 minute\" \/>\n<script type=\"application\/ld+json\" class=\"yoast-schema-graph\">{\"@context\":\"https:\/\/schema.org\",\"@graph\":[{\"@type\":\"WebPage\",\"@id\":\"https:\/\/daltec.ch\/product\/muldenkipper-dumber\",\"url\":\"https:\/\/daltec.ch\/product\/muldenkipper-dumber\",\"name\":\"Daltec Muldenkipper Dumper, 2700x1500x600 mm, 3500 Kg - Daltec\",\"isPartOf\":{\"@id\":\"https:\/\/daltec.ch\/fr\/#website\"},\"primaryImageOfPage\":{\"@id\":\"https:\/\/daltec.ch\/product\/muldenkipper-dumber#primaryimage\"},\"image\":{\"@id\":\"https:\/\/daltec.ch\/product\/muldenkipper-dumber#primaryimage\"},\"thumbnailUrl\":\"https:\/\/daltec.ch\/wp-content\/uploads\/2025\/05\/benne-basculante-arriere-ka-3500-dumper-1.png\",\"datePublished\":\"2025-05-18T15:33:52+00:00\",\"dateModified\":\"2026-04-10T13:33:14+00:00\",\"breadcrumb\":{\"@id\":\"https:\/\/daltec.ch\/product\/muldenkipper-dumber#breadcrumb\"},\"inLanguage\":\"fr-FR\",\"potentialAction\":[{\"@type\":\"ReadAction\",\"target\":[\"https:\/\/daltec.ch\/product\/muldenkipper-dumber\"]}]},{\"@type\":\"ImageObject\",\"inLanguage\":\"fr-FR\",\"@id\":\"https:\/\/daltec.ch\/product\/muldenkipper-dumber#primaryimage\",\"url\":\"https:\/\/daltec.ch\/wp-content\/uploads\/2025\/05\/benne-basculante-arriere-ka-3500-dumper-1.png\",\"contentUrl\":\"https:\/\/daltec.ch\/wp-content\/uploads\/2025\/05\/benne-basculante-arriere-ka-3500-dumper-1.png\",\"width\":600,\"height\":600},{\"@type\":\"BreadcrumbList\",\"@id\":\"https:\/\/daltec.ch\/product\/muldenkipper-dumber#breadcrumb\",\"itemListElement\":[{\"@type\":\"ListItem\",\"position\":1,\"name\":\"Startseite\",\"item\":\"https:\/\/daltec.ch\/\"},{\"@type\":\"ListItem\",\"position\":2,\"name\":\"anhaenger\",\"item\":\"https:\/\/daltec.ch\/anhaenger\"},{\"@type\":\"ListItem\",\"position\":3,\"name\":\"Daltec Muldenkipper Dumper, 2700x1500x600 mm, 3500 Kg\"}]},{\"@type\":\"WebSite\",\"@id\":\"https:\/\/daltec.ch\/fr\/#website\",\"url\":\"https:\/\/daltec.ch\/fr\/\",\"name\":\"Daltec Trailers\",\"description\":\"\",\"publisher\":{\"@id\":\"https:\/\/daltec.ch\/fr\/#organization\"},\"potentialAction\":[{\"@type\":\"SearchAction\",\"target\":{\"@type\":\"EntryPoint\",\"urlTemplate\":\"https:\/\/daltec.ch\/fr\/?s={search_term_string}\"},\"query-input\":{\"@type\":\"PropertyValueSpecification\",\"valueRequired\":true,\"valueName\":\"search_term_string\"}}],\"inLanguage\":\"fr-FR\"},{\"@type\":\"Organization\",\"@id\":\"https:\/\/daltec.ch\/fr\/#organization\",\"name\":\"Daltec AG\",\"url\":\"https:\/\/daltec.ch\/fr\/\",\"logo\":{\"@type\":\"ImageObject\",\"inLanguage\":\"fr-FR\",\"@id\":\"https:\/\/daltec.ch\/fr\/#\/schema\/logo\/image\/\",\"url\":\"https:\/\/daltec.ch\/wp-content\/uploads\/2025\/08\/dlteclogo.webp\",\"contentUrl\":\"https:\/\/daltec.ch\/wp-content\/uploads\/2025\/08\/dlteclogo.webp\",\"width\":500,\"height\":195,\"caption\":\"Daltec AG\"},\"image\":{\"@id\":\"https:\/\/daltec.ch\/fr\/#\/schema\/logo\/image\/\"},\"sameAs\":[\"https:\/\/www.facebook.com\/DaltecAG\"]}]}<\/script>\n<!-- \/ Yoast SEO plugin. -->","yoast_head_json":{"title":"Daltec Muldenkipper Dumper, 2700x1500x600 mm, 3500 Kg - Daltec","robots":{"index":"index","follow":"follow","max-snippet":"max-snippet:-1","max-image-preview":"max-image-preview:large","max-video-preview":"max-video-preview:-1"},"canonical":"https:\/\/daltec.ch\/fr\/product\/muldenkipper-dumber\/","og_locale":"fr_FR","og_type":"article","og_title":"Daltec Muldenkipper Dumper, 2700x1500x600 mm, 3500 Kg - Daltec","og_description":"Hochwertiker R\u00fcckw\u00e4rtskipper - kann bis 2 Kubikmeter Steine Demolitionsprodukte abtransportieren. Die Konstruktion erm\u00f6glich die Beladung von schweren Lasten! In Avenches jederzeit besuchtbar. Technische Daten    L\u00e4nge 2700 mm   Breite 1500 mm   H\u00f6he 600 mm   Achsen 1    Gesamtgewich 3500 kg   Nutzlast 2520 kg   R\u00e4der","og_url":"https:\/\/daltec.ch\/fr\/product\/muldenkipper-dumber\/","og_site_name":"Daltec","article_publisher":"https:\/\/www.facebook.com\/DaltecAG","article_modified_time":"2026-04-10T13:33:14+00:00","og_image":[{"width":600,"height":600,"url":"https:\/\/daltec.ch\/wp-content\/uploads\/2025\/05\/benne-basculante-arriere-ka-3500-dumper-1.png","type":"image\/png"}],"twitter_card":"summary_large_image","twitter_misc":{"Dur\u00e9e de lecture estim\u00e9e":"1 minute"},"schema":{"@context":"https:\/\/schema.org","@graph":[{"@type":"WebPage","@id":"https:\/\/daltec.ch\/product\/muldenkipper-dumber","url":"https:\/\/daltec.ch\/product\/muldenkipper-dumber","name":"Daltec Muldenkipper Dumper, 2700x1500x600 mm, 3500 Kg - Daltec","isPartOf":{"@id":"https:\/\/daltec.ch\/fr\/#website"},"primaryImageOfPage":{"@id":"https:\/\/daltec.ch\/product\/muldenkipper-dumber#primaryimage"},"image":{"@id":"https:\/\/daltec.ch\/product\/muldenkipper-dumber#primaryimage"},"thumbnailUrl":"https:\/\/daltec.ch\/wp-content\/uploads\/2025\/05\/benne-basculante-arriere-ka-3500-dumper-1.png","datePublished":"2025-05-18T15:33:52+00:00","dateModified":"2026-04-10T13:33:14+00:00","breadcrumb":{"@id":"https:\/\/daltec.ch\/product\/muldenkipper-dumber#breadcrumb"},"inLanguage":"fr-FR","potentialAction":[{"@type":"ReadAction","target":["https:\/\/daltec.ch\/product\/muldenkipper-dumber"]}]},{"@type":"ImageObject","inLanguage":"fr-FR","@id":"https:\/\/daltec.ch\/product\/muldenkipper-dumber#primaryimage","url":"https:\/\/daltec.ch\/wp-content\/uploads\/2025\/05\/benne-basculante-arriere-ka-3500-dumper-1.png","contentUrl":"https:\/\/daltec.ch\/wp-content\/uploads\/2025\/05\/benne-basculante-arriere-ka-3500-dumper-1.png","width":600,"height":600},{"@type":"BreadcrumbList","@id":"https:\/\/daltec.ch\/product\/muldenkipper-dumber#breadcrumb","itemListElement":[{"@type":"ListItem","position":1,"name":"Startseite","item":"https:\/\/daltec.ch\/"},{"@type":"ListItem","position":2,"name":"anhaenger","item":"https:\/\/daltec.ch\/anhaenger"},{"@type":"ListItem","position":3,"name":"Daltec Muldenkipper Dumper, 2700x1500x600 mm, 3500 Kg"}]},{"@type":"WebSite","@id":"https:\/\/daltec.ch\/fr\/#website","url":"https:\/\/daltec.ch\/fr\/","name":"Daltec Trailers","description":"","publisher":{"@id":"https:\/\/daltec.ch\/fr\/#organization"},"potentialAction":[{"@type":"SearchAction","target":{"@type":"EntryPoint","urlTemplate":"https:\/\/daltec.ch\/fr\/?s={search_term_string}"},"query-input":{"@type":"PropertyValueSpecification","valueRequired":true,"valueName":"search_term_string"}}],"inLanguage":"fr-FR"},{"@type":"Organization","@id":"https:\/\/daltec.ch\/fr\/#organization","name":"Daltec AG","url":"https:\/\/daltec.ch\/fr\/","logo":{"@type":"ImageObject","inLanguage":"fr-FR","@id":"https:\/\/daltec.ch\/fr\/#\/schema\/logo\/image\/","url":"https:\/\/daltec.ch\/wp-content\/uploads\/2025\/08\/dlteclogo.webp","contentUrl":"https:\/\/daltec.ch\/wp-content\/uploads\/2025\/08\/dlteclogo.webp","width":500,"height":195,"caption":"Daltec AG"},"image":{"@id":"https:\/\/daltec.ch\/fr\/#\/schema\/logo\/image\/"},"sameAs":["https:\/\/www.facebook.com\/DaltecAG"]}]}},"_links":{"self":[{"href":"https:\/\/daltec.ch\/fr\/wp-json\/wp\/v2\/product\/2776","targetHints":{"allow":["GET"]}}],"collection":[{"href":"https:\/\/daltec.ch\/fr\/wp-json\/wp\/v2\/product"}],"about":[{"href":"https:\/\/daltec.ch\/fr\/wp-json\/wp\/v2\/types\/product"}],"replies":[{"embeddable":true,"href":"https:\/\/daltec.ch\/fr\/wp-json\/wp\/v2\/comments?post=2776"}],"wp:featuredmedia":[{"embeddable":true,"href":"https:\/\/daltec.ch\/fr\/wp-json\/wp\/v2\/media\/2777"}],"wp:attachment":[{"href":"https:\/\/daltec.ch\/fr\/wp-json\/wp\/v2\/media?parent=2776"}],"wp:term":[{"taxonomy":"product_brand","embeddable":true,"href":"https:\/\/daltec.ch\/fr\/wp-json\/wp\/v2\/product_brand?post=2776"},{"taxonomy":"product_cat","embeddable":true,"href":"https:\/\/daltec.ch\/fr\/wp-json\/wp\/v2\/product_cat?post=2776"},{"taxonomy":"product_tag","embeddable":true,"href":"https:\/\/daltec.ch\/fr\/wp-json\/wp\/v2\/product_tag?post=2776"}],"curies":[{"name":"wp","href":"https:\/\/api.w.org\/{rel}","templated":true}]}}