{"id":2919,"date":"2025-06-04T21:01:34","date_gmt":"2025-06-04T21:01:34","guid":{"rendered":"https:\/\/daltec.ch\/?post_type=product&#038;p=2919"},"modified":"2025-07-17T22:17:35","modified_gmt":"2025-07-17T22:17:35","slug":"daltec-vz-18-mini-1460x1100x400-mm-750-kg","status":"publish","type":"product","link":"https:\/\/daltec.ch\/fr\/product\/daltec-vz-18-mini-1460x1100x400-mm-750-kg","title":{"rendered":"Daltec VZ Mini, 1460x1100x400 mm, 750 Kg"},"content":{"rendered":"<p>Petite remorque surbaiss\u00e9e non frein\u00e9e pour les particuliers. Les roues lat\u00e9rales assurent une hauteur de chargement basse et une conduite stable. Diff\u00e9rentes options sont disponibles. Pour des chargements l\u00e9gers de toutes sortes. *Les images peuvent recevoir des options qui ne sont pas pr\u00e9sentes dans la version standard.\u00a0<strong>standard. Remorque surbaiss\u00e9e pour les particuliers. Les roues lat\u00e9rales assurent une hauteur de chargement basse et une conduite stable. Diff\u00e9rentes options sont disponibles. Pour des chargements l\u00e9gers de tout type. *Les images peuvent recevoir des options qui ne sont pas pr\u00e9sentes dans la version standard.<\/strong> f\u00fcr Privatpersonen. Die seitlichen R\u00e4der sorgen f\u00fcr eine tiefe Ladeh\u00f6he und stabile Fahrt. Verschiedene Optionen stehen zur Verf\u00fcgung. F\u00fcr leichte Ladungen alle Art.<\/p>\n<p>*Les images peuvent recevoir des options qui ne sont pas pr\u00e9sentes dans la version standard.<\/p>\n<p><strong>Equipement:<\/strong><\/p>\n<p>Ch\u00e2ssis : Carrosserie en t\u00f4le galvanis\u00e9e \u00e0 chaud Timon tubulaire Attelage \u00e0 billes Cha\u00eene de s\u00e9curit\u00e9 Garde-boue Essieu : Essieux \u00e0 ressorts de torsion AL-KO\/Knott Carrosserie : Ridelles hauteur 400 mm en t\u00f4le d'acier galvanis\u00e9e, surfaces rev\u00eatues. 3 c\u00f4t\u00e9s fixes, rabattables \u00e0 l'arri\u00e8re. Plancher : Plancher en panneau s\u00e9rigraphi\u00e9 de 15 mm r\u00e9sistant \u00e0 l'usure et \u00e0 l'eau. 4 anneaux d'arrimage pour s\u00e9curiser le chargement Syst\u00e8me d'\u00e9clairage : 12 V, selon les normes du StVO Prise 13 p\u00f4les<\/p>","protected":false},"excerpt":{"rendered":"<h5><span style=\"color: #ff0000;\"><em>Prix: voir liste de prix sur page d'accueil<\/em><\/span><\/h5>\n<h5><span style=\"font-size: 16px;\">Donn\u00e9es techniques:<\/span><\/h5>\n<table class=\"table\">\n<tbody>\n<tr>\n<th>Longueur int\u00e9rieure<\/th>\n<td>1470 <small>mm<\/small><\/td>\n<\/tr>\n<tr>\n<th>Largeur int\u00e9rieure<\/th>\n<td>1090 <small>mm<\/small><\/td>\n<\/tr>\n<tr>\n<th>Hauteur int\u00e9rieure<\/th>\n<td>300 <small>mm<\/small><\/td>\n<\/tr>\n<tr>\n<th>Essieux<\/th>\n<td>1 <small><\/small><\/td>\n<\/tr>\n<tr>\n<th>Poids total<\/th>\n<td>750 <small>kg<\/small><\/td>\n<\/tr>\n<tr>\n<th>Charge utile<\/th>\n<td>610 <small>kg<\/small><\/td>\n<\/tr>\n<tr>\n<th>Roues<\/th>\n<td>165\/70 R 13 <small><\/small><\/td>\n<\/tr>\n<\/tbody>\n<\/table>\n<h5><span style=\"font-size: 16px;\">Options :<\/span><\/h5>\n<table>\n<tbody>\n<tr>\n<td>R\u00e9hausse de la marche \u00e0 bord (prix \u00e0 partir de.)<\/td>\n<td>820 CHF<\/td>\n<\/tr>\n<tr>\n<td>B\u00e2che plate avec \u00e9lastique<br \/>\n<strong>Pour VZ 18<\/strong><\/td>\n<td>260 CHF<\/td>\n<\/tr>\n<tr>\n<td>B\u00e2che haute (H. 1350 mm)<br \/>\n<strong>Pour VZ 18<\/strong><\/td>\n<td>590 CHF<\/td>\n<\/tr>\n<tr>\n<td>Pied de support avec support (paire)<\/td>\n<td>100 CHF<\/td>\n<\/tr>\n<\/tbody>\n<\/table>","protected":false},"featured_media":1425,"comment_status":"open","ping_status":"closed","template":"","meta":{"_acf_changed":false},"product_brand":[],"product_cat":[15],"product_tag":[],"class_list":{"0":"post-2919","1":"product","2":"type-product","3":"status-publish","4":"has-post-thumbnail","6":"product_cat-tieflader-anhaenger","8":"first","9":"instock","10":"featured","11":"shipping-taxable","12":"purchasable","13":"product-type-simple"},"acf":[],"yoast_head":"<!-- This site is optimized with the Yoast SEO plugin v27.2 - https:\/\/yoast.com\/product\/yoast-seo-wordpress\/ -->\n<title>Daltec VZ Mini, 1460x1100x400 mm, 750 Kg - Daltec<\/title>\n<meta name=\"robots\" content=\"index, follow, max-snippet:-1, max-image-preview:large, max-video-preview:-1\" \/>\n<link rel=\"canonical\" href=\"https:\/\/daltec.ch\/fr\/product\/daltec-vz-18-mini-1460x1100x400-mm-750-kg\/\" \/>\n<meta property=\"og:locale\" content=\"fr_FR\" \/>\n<meta property=\"og:type\" content=\"article\" \/>\n<meta property=\"og:title\" content=\"Daltec VZ Mini, 1460x1100x400 mm, 750 Kg - Daltec\" \/>\n<meta property=\"og:description\" content=\"Preis: Siehe Preisliste auf Startseite Technische Daten:    L\u00e4nge 1470 mm   Breite 1090 mm   H\u00f6he 300 mm   Achsen 1    Gesamtgewicht 750 kg   Nutzlast 610 kg   R\u00e4der 165\/70 R 13     Optionen:    Bordwanderh\u00f6hung (Preis ab.) 820 CHF   Flachplane mit Gummizug F\u00fcr VZ 18 260 CHF   Plane hoch (H. 1350 mm) F\u00fcr VZ 18 590 CHF   St\u00fctzfuss mit Halter (Paar) 100 CHF\" \/>\n<meta property=\"og:url\" content=\"https:\/\/daltec.ch\/fr\/product\/daltec-vz-18-mini-1460x1100x400-mm-750-kg\/\" \/>\n<meta property=\"og:site_name\" content=\"Daltec\" \/>\n<meta property=\"article:publisher\" content=\"https:\/\/www.facebook.com\/DaltecAG\" \/>\n<meta property=\"article:modified_time\" content=\"2025-07-17T22:17:35+00:00\" \/>\n<meta property=\"og:image\" content=\"https:\/\/daltec.ch\/wp-content\/uploads\/2024\/06\/vz_18_mini_3.jpg\" \/>\n\t<meta property=\"og:image:width\" content=\"600\" \/>\n\t<meta property=\"og:image:height\" content=\"600\" \/>\n\t<meta property=\"og:image:type\" content=\"image\/jpeg\" \/>\n<meta name=\"twitter:card\" content=\"summary_large_image\" \/>\n<script type=\"application\/ld+json\" class=\"yoast-schema-graph\">{\"@context\":\"https:\/\/schema.org\",\"@graph\":[{\"@type\":\"WebPage\",\"@id\":\"https:\/\/daltec.ch\/product\/daltec-vz-18-mini-1460x1100x400-mm-750-kg\",\"url\":\"https:\/\/daltec.ch\/product\/daltec-vz-18-mini-1460x1100x400-mm-750-kg\",\"name\":\"Daltec VZ Mini, 1460x1100x400 mm, 750 Kg - Daltec\",\"isPartOf\":{\"@id\":\"https:\/\/daltec.ch\/fr\/#website\"},\"primaryImageOfPage\":{\"@id\":\"https:\/\/daltec.ch\/product\/daltec-vz-18-mini-1460x1100x400-mm-750-kg#primaryimage\"},\"image\":{\"@id\":\"https:\/\/daltec.ch\/product\/daltec-vz-18-mini-1460x1100x400-mm-750-kg#primaryimage\"},\"thumbnailUrl\":\"https:\/\/daltec.ch\/wp-content\/uploads\/2024\/06\/vz_18_mini_3.jpg\",\"datePublished\":\"2025-06-04T21:01:34+00:00\",\"dateModified\":\"2025-07-17T22:17:35+00:00\",\"breadcrumb\":{\"@id\":\"https:\/\/daltec.ch\/product\/daltec-vz-18-mini-1460x1100x400-mm-750-kg#breadcrumb\"},\"inLanguage\":\"fr-FR\",\"potentialAction\":[{\"@type\":\"ReadAction\",\"target\":[\"https:\/\/daltec.ch\/product\/daltec-vz-18-mini-1460x1100x400-mm-750-kg\"]}]},{\"@type\":\"ImageObject\",\"inLanguage\":\"fr-FR\",\"@id\":\"https:\/\/daltec.ch\/product\/daltec-vz-18-mini-1460x1100x400-mm-750-kg#primaryimage\",\"url\":\"https:\/\/daltec.ch\/wp-content\/uploads\/2024\/06\/vz_18_mini_3.jpg\",\"contentUrl\":\"https:\/\/daltec.ch\/wp-content\/uploads\/2024\/06\/vz_18_mini_3.jpg\",\"width\":600,\"height\":600},{\"@type\":\"BreadcrumbList\",\"@id\":\"https:\/\/daltec.ch\/product\/daltec-vz-18-mini-1460x1100x400-mm-750-kg#breadcrumb\",\"itemListElement\":[{\"@type\":\"ListItem\",\"position\":1,\"name\":\"Startseite\",\"item\":\"https:\/\/daltec.ch\/\"},{\"@type\":\"ListItem\",\"position\":2,\"name\":\"anhaenger\",\"item\":\"https:\/\/daltec.ch\/anhaenger\"},{\"@type\":\"ListItem\",\"position\":3,\"name\":\"Daltec VZ Mini, 1460x1100x400 mm, 750 Kg\"}]},{\"@type\":\"WebSite\",\"@id\":\"https:\/\/daltec.ch\/fr\/#website\",\"url\":\"https:\/\/daltec.ch\/fr\/\",\"name\":\"Daltec Trailers\",\"description\":\"\",\"publisher\":{\"@id\":\"https:\/\/daltec.ch\/fr\/#organization\"},\"potentialAction\":[{\"@type\":\"SearchAction\",\"target\":{\"@type\":\"EntryPoint\",\"urlTemplate\":\"https:\/\/daltec.ch\/fr\/?s={search_term_string}\"},\"query-input\":{\"@type\":\"PropertyValueSpecification\",\"valueRequired\":true,\"valueName\":\"search_term_string\"}}],\"inLanguage\":\"fr-FR\"},{\"@type\":\"Organization\",\"@id\":\"https:\/\/daltec.ch\/fr\/#organization\",\"name\":\"Daltec AG\",\"url\":\"https:\/\/daltec.ch\/fr\/\",\"logo\":{\"@type\":\"ImageObject\",\"inLanguage\":\"fr-FR\",\"@id\":\"https:\/\/daltec.ch\/fr\/#\/schema\/logo\/image\/\",\"url\":\"https:\/\/daltec.ch\/wp-content\/uploads\/2025\/08\/dlteclogo.webp\",\"contentUrl\":\"https:\/\/daltec.ch\/wp-content\/uploads\/2025\/08\/dlteclogo.webp\",\"width\":500,\"height\":195,\"caption\":\"Daltec AG\"},\"image\":{\"@id\":\"https:\/\/daltec.ch\/fr\/#\/schema\/logo\/image\/\"},\"sameAs\":[\"https:\/\/www.facebook.com\/DaltecAG\"]}]}<\/script>\n<!-- \/ Yoast SEO plugin. -->","yoast_head_json":{"title":"Daltec VZ Mini, 1460x1100x400 mm, 750 Kg - Daltec","robots":{"index":"index","follow":"follow","max-snippet":"max-snippet:-1","max-image-preview":"max-image-preview:large","max-video-preview":"max-video-preview:-1"},"canonical":"https:\/\/daltec.ch\/fr\/product\/daltec-vz-18-mini-1460x1100x400-mm-750-kg\/","og_locale":"fr_FR","og_type":"article","og_title":"Daltec VZ Mini, 1460x1100x400 mm, 750 Kg - Daltec","og_description":"Preis: Siehe Preisliste auf Startseite Technische Daten:    L\u00e4nge 1470 mm   Breite 1090 mm   H\u00f6he 300 mm   Achsen 1    Gesamtgewicht 750 kg   Nutzlast 610 kg   R\u00e4der 165\/70 R 13     Optionen:    Bordwanderh\u00f6hung (Preis ab.) 820 CHF   Flachplane mit Gummizug F\u00fcr VZ 18 260 CHF   Plane hoch (H. 1350 mm) F\u00fcr VZ 18 590 CHF   St\u00fctzfuss mit Halter (Paar) 100 CHF","og_url":"https:\/\/daltec.ch\/fr\/product\/daltec-vz-18-mini-1460x1100x400-mm-750-kg\/","og_site_name":"Daltec","article_publisher":"https:\/\/www.facebook.com\/DaltecAG","article_modified_time":"2025-07-17T22:17:35+00:00","og_image":[{"width":600,"height":600,"url":"https:\/\/daltec.ch\/wp-content\/uploads\/2024\/06\/vz_18_mini_3.jpg","type":"image\/jpeg"}],"twitter_card":"summary_large_image","schema":{"@context":"https:\/\/schema.org","@graph":[{"@type":"WebPage","@id":"https:\/\/daltec.ch\/product\/daltec-vz-18-mini-1460x1100x400-mm-750-kg","url":"https:\/\/daltec.ch\/product\/daltec-vz-18-mini-1460x1100x400-mm-750-kg","name":"Daltec VZ Mini, 1460x1100x400 mm, 750 Kg - Daltec","isPartOf":{"@id":"https:\/\/daltec.ch\/fr\/#website"},"primaryImageOfPage":{"@id":"https:\/\/daltec.ch\/product\/daltec-vz-18-mini-1460x1100x400-mm-750-kg#primaryimage"},"image":{"@id":"https:\/\/daltec.ch\/product\/daltec-vz-18-mini-1460x1100x400-mm-750-kg#primaryimage"},"thumbnailUrl":"https:\/\/daltec.ch\/wp-content\/uploads\/2024\/06\/vz_18_mini_3.jpg","datePublished":"2025-06-04T21:01:34+00:00","dateModified":"2025-07-17T22:17:35+00:00","breadcrumb":{"@id":"https:\/\/daltec.ch\/product\/daltec-vz-18-mini-1460x1100x400-mm-750-kg#breadcrumb"},"inLanguage":"fr-FR","potentialAction":[{"@type":"ReadAction","target":["https:\/\/daltec.ch\/product\/daltec-vz-18-mini-1460x1100x400-mm-750-kg"]}]},{"@type":"ImageObject","inLanguage":"fr-FR","@id":"https:\/\/daltec.ch\/product\/daltec-vz-18-mini-1460x1100x400-mm-750-kg#primaryimage","url":"https:\/\/daltec.ch\/wp-content\/uploads\/2024\/06\/vz_18_mini_3.jpg","contentUrl":"https:\/\/daltec.ch\/wp-content\/uploads\/2024\/06\/vz_18_mini_3.jpg","width":600,"height":600},{"@type":"BreadcrumbList","@id":"https:\/\/daltec.ch\/product\/daltec-vz-18-mini-1460x1100x400-mm-750-kg#breadcrumb","itemListElement":[{"@type":"ListItem","position":1,"name":"Startseite","item":"https:\/\/daltec.ch\/"},{"@type":"ListItem","position":2,"name":"anhaenger","item":"https:\/\/daltec.ch\/anhaenger"},{"@type":"ListItem","position":3,"name":"Daltec VZ Mini, 1460x1100x400 mm, 750 Kg"}]},{"@type":"WebSite","@id":"https:\/\/daltec.ch\/fr\/#website","url":"https:\/\/daltec.ch\/fr\/","name":"Daltec Trailers","description":"","publisher":{"@id":"https:\/\/daltec.ch\/fr\/#organization"},"potentialAction":[{"@type":"SearchAction","target":{"@type":"EntryPoint","urlTemplate":"https:\/\/daltec.ch\/fr\/?s={search_term_string}"},"query-input":{"@type":"PropertyValueSpecification","valueRequired":true,"valueName":"search_term_string"}}],"inLanguage":"fr-FR"},{"@type":"Organization","@id":"https:\/\/daltec.ch\/fr\/#organization","name":"Daltec AG","url":"https:\/\/daltec.ch\/fr\/","logo":{"@type":"ImageObject","inLanguage":"fr-FR","@id":"https:\/\/daltec.ch\/fr\/#\/schema\/logo\/image\/","url":"https:\/\/daltec.ch\/wp-content\/uploads\/2025\/08\/dlteclogo.webp","contentUrl":"https:\/\/daltec.ch\/wp-content\/uploads\/2025\/08\/dlteclogo.webp","width":500,"height":195,"caption":"Daltec AG"},"image":{"@id":"https:\/\/daltec.ch\/fr\/#\/schema\/logo\/image\/"},"sameAs":["https:\/\/www.facebook.com\/DaltecAG"]}]}},"_links":{"self":[{"href":"https:\/\/daltec.ch\/fr\/wp-json\/wp\/v2\/product\/2919","targetHints":{"allow":["GET"]}}],"collection":[{"href":"https:\/\/daltec.ch\/fr\/wp-json\/wp\/v2\/product"}],"about":[{"href":"https:\/\/daltec.ch\/fr\/wp-json\/wp\/v2\/types\/product"}],"replies":[{"embeddable":true,"href":"https:\/\/daltec.ch\/fr\/wp-json\/wp\/v2\/comments?post=2919"}],"wp:featuredmedia":[{"embeddable":true,"href":"https:\/\/daltec.ch\/fr\/wp-json\/wp\/v2\/media\/1425"}],"wp:attachment":[{"href":"https:\/\/daltec.ch\/fr\/wp-json\/wp\/v2\/media?parent=2919"}],"wp:term":[{"taxonomy":"product_brand","embeddable":true,"href":"https:\/\/daltec.ch\/fr\/wp-json\/wp\/v2\/product_brand?post=2919"},{"taxonomy":"product_cat","embeddable":true,"href":"https:\/\/daltec.ch\/fr\/wp-json\/wp\/v2\/product_cat?post=2919"},{"taxonomy":"product_tag","embeddable":true,"href":"https:\/\/daltec.ch\/fr\/wp-json\/wp\/v2\/product_tag?post=2919"}],"curies":[{"name":"wp","href":"https:\/\/api.w.org\/{rel}","templated":true}]}}