{"id":3315,"date":"2025-07-24T09:47:33","date_gmt":"2025-07-24T09:47:33","guid":{"rendered":"https:\/\/daltec.ch\/?post_type=product&#038;p=3315"},"modified":"2025-11-03T07:20:10","modified_gmt":"2025-11-03T07:20:10","slug":"daltec-korsika-foodtruck-neu","status":"publish","type":"product","link":"https:\/\/daltec.ch\/fr\/product\/daltec-korsika-foodtruck-neu","title":{"rendered":"Daltec Korsika, Foodtruck neu"},"content":{"rendered":"<p>Daltec Korsika, Foodtruck neu mit 2 Verkaufsklappen , M\u00f6bel, Verkaufstheke mit Vitrinen. Elektroanlage, Wasseranlage mit Doppellavabo und Durchlauferhitzer.<\/p>\n<p>Gesamtgewicht \/ Poids total: 1300 Kg<\/p>\n<p>Nutzlast \/ charge utile: 570 Kg<\/p>\n<p>Innenl\u00e4nge \/ longeur interieur: 3000 kg<\/p>\n<p>Innenbreite \/ largeur interieur: 2000 Kg<\/p>\n<p>Innenh\u00f6he \/ hauteur interieur: 2300 Kg<\/p>\n<p>Preis: CHF 15\u2018900.-<\/p>","protected":false},"excerpt":{"rendered":"<h4>Donn\u00e9es techniques:<\/h4>\n<table class=\"table\">\n<tbody>\n<tr>\n<th>Longueur int\u00e9rieure<\/th>\n<td><small>1300 mm<\/small><\/td>\n<\/tr>\n<tr>\n<th>Largeur int\u00e9rieure<\/th>\n<td><small>2000 mm<\/small><\/td>\n<\/tr>\n<tr>\n<th>Hauteur int\u00e9rieure<\/th>\n<td><small>2300 mm<\/small><\/td>\n<\/tr>\n<tr>\n<th>Essieux<\/th>\n<td>2<\/td>\n<\/tr>\n<tr>\n<th>Avec freins<\/th>\n<td>ja<\/td>\n<\/tr>\n<tr>\n<th>Poids total<\/th>\n<td><small>1300 Kg<\/small><\/td>\n<\/tr>\n<tr>\n<th>Charge utile<\/th>\n<td>570 Kg<\/td>\n<\/tr>\n<tr>\n<th>Roues<\/th>\n<td><\/td>\n<\/tr>\n<tr>\n<th>Dimensions ext\u00e9rieures<\/th>\n<td><\/td>\n<\/tr>\n<\/tbody>\n<\/table>\n<h4><\/h4>\n<h4><\/h4>","protected":false},"featured_media":3359,"comment_status":"open","ping_status":"closed","template":"","meta":{"_acf_changed":false},"product_brand":[],"product_cat":[37],"product_tag":[],"class_list":{"0":"post-3315","1":"product","2":"type-product","3":"status-publish","4":"has-post-thumbnail","6":"product_cat-occasionen-anhaenger","8":"first","9":"instock","10":"featured","11":"shipping-taxable","12":"purchasable","13":"product-type-simple"},"acf":[],"yoast_head":"<!-- This site is optimized with the Yoast SEO plugin v27.4 - https:\/\/yoast.com\/product\/yoast-seo-wordpress\/ -->\n<title>Daltec Korsika, Foodtruck neu - Daltec<\/title>\n<meta name=\"robots\" content=\"index, follow, max-snippet:-1, max-image-preview:large, max-video-preview:-1\" \/>\n<link rel=\"canonical\" href=\"https:\/\/daltec.ch\/fr\/product\/daltec-korsika-foodtruck-neu\/\" \/>\n<meta property=\"og:locale\" content=\"fr_FR\" \/>\n<meta property=\"og:type\" content=\"article\" \/>\n<meta property=\"og:title\" content=\"Daltec Korsika, Foodtruck neu - Daltec\" \/>\n<meta property=\"og:description\" content=\"Technische Daten:    Innenl\u00e4nge 1300 mm   Innenbreite 2000 mm   Innenh\u00f6he 2300 mm   Achsen 2   Bremsen ja   Gesamtgewicht 1300 Kg   Nutzlast 570 Kg   R\u00e4der    Aussenmassen\" \/>\n<meta property=\"og:url\" content=\"https:\/\/daltec.ch\/fr\/product\/daltec-korsika-foodtruck-neu\/\" \/>\n<meta property=\"og:site_name\" content=\"Daltec\" \/>\n<meta property=\"article:publisher\" content=\"https:\/\/www.facebook.com\/DaltecAG\" \/>\n<meta property=\"article:modified_time\" content=\"2025-11-03T07:20:10+00:00\" \/>\n<meta property=\"og:image\" content=\"https:\/\/daltec.ch\/wp-content\/uploads\/2025\/07\/Daltec-Korsika-Foodtruck-neu-1.jpg\" \/>\n\t<meta property=\"og:image:width\" content=\"1600\" \/>\n\t<meta property=\"og:image:height\" content=\"1200\" \/>\n\t<meta property=\"og:image:type\" content=\"image\/jpeg\" \/>\n<meta name=\"twitter:card\" content=\"summary_large_image\" \/>\n<script type=\"application\/ld+json\" class=\"yoast-schema-graph\">{\"@context\":\"https:\\\/\\\/schema.org\",\"@graph\":[{\"@type\":\"WebPage\",\"@id\":\"https:\\\/\\\/daltec.ch\\\/product\\\/daltec-korsika-foodtruck-neu\",\"url\":\"https:\\\/\\\/daltec.ch\\\/product\\\/daltec-korsika-foodtruck-neu\",\"name\":\"Daltec Korsika, Foodtruck neu - Daltec\",\"isPartOf\":{\"@id\":\"https:\\\/\\\/daltec.ch\\\/fr\\\/#website\"},\"primaryImageOfPage\":{\"@id\":\"https:\\\/\\\/daltec.ch\\\/product\\\/daltec-korsika-foodtruck-neu#primaryimage\"},\"image\":{\"@id\":\"https:\\\/\\\/daltec.ch\\\/product\\\/daltec-korsika-foodtruck-neu#primaryimage\"},\"thumbnailUrl\":\"https:\\\/\\\/daltec.ch\\\/wp-content\\\/uploads\\\/2025\\\/07\\\/Daltec-Korsika-Foodtruck-neu-1.jpg\",\"datePublished\":\"2025-07-24T09:47:33+00:00\",\"dateModified\":\"2025-11-03T07:20:10+00:00\",\"breadcrumb\":{\"@id\":\"https:\\\/\\\/daltec.ch\\\/product\\\/daltec-korsika-foodtruck-neu#breadcrumb\"},\"inLanguage\":\"fr-FR\",\"potentialAction\":[{\"@type\":\"ReadAction\",\"target\":[\"https:\\\/\\\/daltec.ch\\\/product\\\/daltec-korsika-foodtruck-neu\"]}]},{\"@type\":\"ImageObject\",\"inLanguage\":\"fr-FR\",\"@id\":\"https:\\\/\\\/daltec.ch\\\/product\\\/daltec-korsika-foodtruck-neu#primaryimage\",\"url\":\"https:\\\/\\\/daltec.ch\\\/wp-content\\\/uploads\\\/2025\\\/07\\\/Daltec-Korsika-Foodtruck-neu-1.jpg\",\"contentUrl\":\"https:\\\/\\\/daltec.ch\\\/wp-content\\\/uploads\\\/2025\\\/07\\\/Daltec-Korsika-Foodtruck-neu-1.jpg\",\"width\":1600,\"height\":1200},{\"@type\":\"BreadcrumbList\",\"@id\":\"https:\\\/\\\/daltec.ch\\\/product\\\/daltec-korsika-foodtruck-neu#breadcrumb\",\"itemListElement\":[{\"@type\":\"ListItem\",\"position\":1,\"name\":\"Startseite\",\"item\":\"https:\\\/\\\/daltec.ch\\\/\"},{\"@type\":\"ListItem\",\"position\":2,\"name\":\"anhaenger\",\"item\":\"https:\\\/\\\/daltec.ch\\\/anhaenger\"},{\"@type\":\"ListItem\",\"position\":3,\"name\":\"Daltec Korsika, Foodtruck neu\"}]},{\"@type\":\"WebSite\",\"@id\":\"https:\\\/\\\/daltec.ch\\\/fr\\\/#website\",\"url\":\"https:\\\/\\\/daltec.ch\\\/fr\\\/\",\"name\":\"Daltec Trailers\",\"description\":\"\",\"publisher\":{\"@id\":\"https:\\\/\\\/daltec.ch\\\/fr\\\/#organization\"},\"potentialAction\":[{\"@type\":\"SearchAction\",\"target\":{\"@type\":\"EntryPoint\",\"urlTemplate\":\"https:\\\/\\\/daltec.ch\\\/fr\\\/?s={search_term_string}\"},\"query-input\":{\"@type\":\"PropertyValueSpecification\",\"valueRequired\":true,\"valueName\":\"search_term_string\"}}],\"inLanguage\":\"fr-FR\"},{\"@type\":\"Organization\",\"@id\":\"https:\\\/\\\/daltec.ch\\\/fr\\\/#organization\",\"name\":\"Daltec AG\",\"url\":\"https:\\\/\\\/daltec.ch\\\/fr\\\/\",\"logo\":{\"@type\":\"ImageObject\",\"inLanguage\":\"fr-FR\",\"@id\":\"https:\\\/\\\/daltec.ch\\\/fr\\\/#\\\/schema\\\/logo\\\/image\\\/\",\"url\":\"https:\\\/\\\/daltec.ch\\\/wp-content\\\/uploads\\\/2025\\\/08\\\/dlteclogo.webp\",\"contentUrl\":\"https:\\\/\\\/daltec.ch\\\/wp-content\\\/uploads\\\/2025\\\/08\\\/dlteclogo.webp\",\"width\":500,\"height\":195,\"caption\":\"Daltec AG\"},\"image\":{\"@id\":\"https:\\\/\\\/daltec.ch\\\/fr\\\/#\\\/schema\\\/logo\\\/image\\\/\"},\"sameAs\":[\"https:\\\/\\\/www.facebook.com\\\/DaltecAG\"]}]}<\/script>\n<!-- \/ Yoast SEO plugin. -->","yoast_head_json":{"title":"Daltec Korsika, Foodtruck neu - Daltec","robots":{"index":"index","follow":"follow","max-snippet":"max-snippet:-1","max-image-preview":"max-image-preview:large","max-video-preview":"max-video-preview:-1"},"canonical":"https:\/\/daltec.ch\/fr\/product\/daltec-korsika-foodtruck-neu\/","og_locale":"fr_FR","og_type":"article","og_title":"Daltec Korsika, Foodtruck neu - Daltec","og_description":"Technische Daten:    Innenl\u00e4nge 1300 mm   Innenbreite 2000 mm   Innenh\u00f6he 2300 mm   Achsen 2   Bremsen ja   Gesamtgewicht 1300 Kg   Nutzlast 570 Kg   R\u00e4der    Aussenmassen","og_url":"https:\/\/daltec.ch\/fr\/product\/daltec-korsika-foodtruck-neu\/","og_site_name":"Daltec","article_publisher":"https:\/\/www.facebook.com\/DaltecAG","article_modified_time":"2025-11-03T07:20:10+00:00","og_image":[{"width":1600,"height":1200,"url":"https:\/\/daltec.ch\/wp-content\/uploads\/2025\/07\/Daltec-Korsika-Foodtruck-neu-1.jpg","type":"image\/jpeg"}],"twitter_card":"summary_large_image","schema":{"@context":"https:\/\/schema.org","@graph":[{"@type":"WebPage","@id":"https:\/\/daltec.ch\/product\/daltec-korsika-foodtruck-neu","url":"https:\/\/daltec.ch\/product\/daltec-korsika-foodtruck-neu","name":"Daltec Korsika, Foodtruck neu - Daltec","isPartOf":{"@id":"https:\/\/daltec.ch\/fr\/#website"},"primaryImageOfPage":{"@id":"https:\/\/daltec.ch\/product\/daltec-korsika-foodtruck-neu#primaryimage"},"image":{"@id":"https:\/\/daltec.ch\/product\/daltec-korsika-foodtruck-neu#primaryimage"},"thumbnailUrl":"https:\/\/daltec.ch\/wp-content\/uploads\/2025\/07\/Daltec-Korsika-Foodtruck-neu-1.jpg","datePublished":"2025-07-24T09:47:33+00:00","dateModified":"2025-11-03T07:20:10+00:00","breadcrumb":{"@id":"https:\/\/daltec.ch\/product\/daltec-korsika-foodtruck-neu#breadcrumb"},"inLanguage":"fr-FR","potentialAction":[{"@type":"ReadAction","target":["https:\/\/daltec.ch\/product\/daltec-korsika-foodtruck-neu"]}]},{"@type":"ImageObject","inLanguage":"fr-FR","@id":"https:\/\/daltec.ch\/product\/daltec-korsika-foodtruck-neu#primaryimage","url":"https:\/\/daltec.ch\/wp-content\/uploads\/2025\/07\/Daltec-Korsika-Foodtruck-neu-1.jpg","contentUrl":"https:\/\/daltec.ch\/wp-content\/uploads\/2025\/07\/Daltec-Korsika-Foodtruck-neu-1.jpg","width":1600,"height":1200},{"@type":"BreadcrumbList","@id":"https:\/\/daltec.ch\/product\/daltec-korsika-foodtruck-neu#breadcrumb","itemListElement":[{"@type":"ListItem","position":1,"name":"Startseite","item":"https:\/\/daltec.ch\/"},{"@type":"ListItem","position":2,"name":"anhaenger","item":"https:\/\/daltec.ch\/anhaenger"},{"@type":"ListItem","position":3,"name":"Daltec Korsika, Foodtruck neu"}]},{"@type":"WebSite","@id":"https:\/\/daltec.ch\/fr\/#website","url":"https:\/\/daltec.ch\/fr\/","name":"Daltec Trailers","description":"","publisher":{"@id":"https:\/\/daltec.ch\/fr\/#organization"},"potentialAction":[{"@type":"SearchAction","target":{"@type":"EntryPoint","urlTemplate":"https:\/\/daltec.ch\/fr\/?s={search_term_string}"},"query-input":{"@type":"PropertyValueSpecification","valueRequired":true,"valueName":"search_term_string"}}],"inLanguage":"fr-FR"},{"@type":"Organization","@id":"https:\/\/daltec.ch\/fr\/#organization","name":"Daltec AG","url":"https:\/\/daltec.ch\/fr\/","logo":{"@type":"ImageObject","inLanguage":"fr-FR","@id":"https:\/\/daltec.ch\/fr\/#\/schema\/logo\/image\/","url":"https:\/\/daltec.ch\/wp-content\/uploads\/2025\/08\/dlteclogo.webp","contentUrl":"https:\/\/daltec.ch\/wp-content\/uploads\/2025\/08\/dlteclogo.webp","width":500,"height":195,"caption":"Daltec AG"},"image":{"@id":"https:\/\/daltec.ch\/fr\/#\/schema\/logo\/image\/"},"sameAs":["https:\/\/www.facebook.com\/DaltecAG"]}]}},"_links":{"self":[{"href":"https:\/\/daltec.ch\/fr\/wp-json\/wp\/v2\/product\/3315","targetHints":{"allow":["GET"]}}],"collection":[{"href":"https:\/\/daltec.ch\/fr\/wp-json\/wp\/v2\/product"}],"about":[{"href":"https:\/\/daltec.ch\/fr\/wp-json\/wp\/v2\/types\/product"}],"replies":[{"embeddable":true,"href":"https:\/\/daltec.ch\/fr\/wp-json\/wp\/v2\/comments?post=3315"}],"wp:featuredmedia":[{"embeddable":true,"href":"https:\/\/daltec.ch\/fr\/wp-json\/wp\/v2\/media\/3359"}],"wp:attachment":[{"href":"https:\/\/daltec.ch\/fr\/wp-json\/wp\/v2\/media?parent=3315"}],"wp:term":[{"taxonomy":"product_brand","embeddable":true,"href":"https:\/\/daltec.ch\/fr\/wp-json\/wp\/v2\/product_brand?post=3315"},{"taxonomy":"product_cat","embeddable":true,"href":"https:\/\/daltec.ch\/fr\/wp-json\/wp\/v2\/product_cat?post=3315"},{"taxonomy":"product_tag","embeddable":true,"href":"https:\/\/daltec.ch\/fr\/wp-json\/wp\/v2\/product_tag?post=3315"}],"curies":[{"name":"wp","href":"https:\/\/api.w.org\/{rel}","templated":true}]}}