{"id":3447,"date":"2025-07-29T11:12:29","date_gmt":"2025-07-29T11:12:29","guid":{"rendered":"https:\/\/daltec.ch\/?post_type=product&#038;p=3447"},"modified":"2026-03-19T12:28:46","modified_gmt":"2026-03-19T12:28:46","slug":"iveco-35-s-14","status":"publish","type":"product","link":"https:\/\/daltec.ch\/fr\/product\/iveco-35-s-14","title":{"rendered":"Iveco 35 S 14 K\u00fchlfahrzeug"},"content":{"rendered":"<p>K\u00fchlfahrzeug mit Fahrt- und Standk\u00fchlung +2*<\/p>\n<p>Neupreis 76&#8217;000.-<\/p>\n<p>Motor CNG\/Benzin<\/p>\n<p>AHK 3500 Kg<\/p>\n<p>Inverkehrsetzung 07.2017<\/p>\n<p>Km 133\u2018000<\/p>\n<p>Getriebe Manuell<\/p>\n<p>Interieur: Stoff, grau<\/p>\n<p>Zustand sehr gut<\/p>\n<p>Reifen und Service frisch<\/p>\n<p>Reparatur Gebrauchsspuren, siehe Fotos<\/p>","protected":false},"excerpt":{"rendered":"<h4>Donn\u00e9es techniques:<\/h4>\n<table class=\"table\">\n<tbody>\n<tr>\n<th>Longueur int\u00e9rieure<\/th>\n<td><\/td>\n<\/tr>\n<tr>\n<th>Largeur int\u00e9rieure<\/th>\n<td><small>\u00a0mm<\/small><\/td>\n<\/tr>\n<tr>\n<th>Hauteur int\u00e9rieure<\/th>\n<td><small>\u00a0mm<\/small><\/td>\n<\/tr>\n<tr>\n<th>Essieux<\/th>\n<td><\/td>\n<\/tr>\n<tr>\n<th>Avec freins<\/th>\n<td>ja<\/td>\n<\/tr>\n<tr>\n<th>Poids total<\/th>\n<td><\/td>\n<\/tr>\n<tr>\n<th>Charge utile<\/th>\n<td>\u00a0Kg<\/td>\n<\/tr>\n<tr>\n<th>Roues<\/th>\n<td><\/td>\n<\/tr>\n<tr>\n<th>Dimensions ext\u00e9rieures<\/th>\n<td><\/td>\n<\/tr>\n<\/tbody>\n<\/table>\n<h4><\/h4>\n<h4><\/h4>","protected":false},"featured_media":3452,"comment_status":"open","ping_status":"closed","template":"","meta":{"_acf_changed":false},"product_brand":[],"product_cat":[37],"product_tag":[],"class_list":{"0":"post-3447","1":"product","2":"type-product","3":"status-publish","4":"has-post-thumbnail","6":"product_cat-occasionen-anhaenger","8":"first","9":"instock","10":"featured","11":"shipping-taxable","12":"purchasable","13":"product-type-simple"},"acf":[],"yoast_head":"<!-- This site is optimized with the Yoast SEO plugin v27.2 - https:\/\/yoast.com\/product\/yoast-seo-wordpress\/ -->\n<title>Iveco 35 S 14 K\u00fchlfahrzeug - Daltec<\/title>\n<meta name=\"robots\" content=\"index, follow, max-snippet:-1, max-image-preview:large, max-video-preview:-1\" \/>\n<link rel=\"canonical\" href=\"https:\/\/daltec.ch\/fr\/product\/iveco-35-s-14\/\" \/>\n<meta property=\"og:locale\" content=\"fr_FR\" \/>\n<meta property=\"og:type\" content=\"article\" \/>\n<meta property=\"og:title\" content=\"Iveco 35 S 14 K\u00fchlfahrzeug - Daltec\" \/>\n<meta property=\"og:description\" content=\"Technische Daten:    Innenl\u00e4nge    Innenbreite \u00a0mm   Innenh\u00f6he \u00a0mm   Achsen    Bremsen ja   Gesamtgewicht    Nutzlast \u00a0Kg   R\u00e4der    Aussenmassen\" \/>\n<meta property=\"og:url\" content=\"https:\/\/daltec.ch\/fr\/product\/iveco-35-s-14\/\" \/>\n<meta property=\"og:site_name\" content=\"Daltec\" \/>\n<meta property=\"article:publisher\" content=\"https:\/\/www.facebook.com\/DaltecAG\" \/>\n<meta property=\"article:modified_time\" content=\"2026-03-19T12:28:46+00:00\" \/>\n<meta property=\"og:image\" content=\"https:\/\/daltec.ch\/wp-content\/uploads\/2025\/07\/Iveco-35S14-G-Kuehlfahrzeug-4.jpg\" \/>\n\t<meta property=\"og:image:width\" content=\"1200\" \/>\n\t<meta property=\"og:image:height\" content=\"1183\" \/>\n\t<meta property=\"og:image:type\" content=\"image\/jpeg\" \/>\n<meta name=\"twitter:card\" content=\"summary_large_image\" \/>\n<meta name=\"twitter:label1\" content=\"Dur\u00e9e de lecture estim\u00e9e\" \/>\n\t<meta name=\"twitter:data1\" content=\"1 minute\" \/>\n<script type=\"application\/ld+json\" class=\"yoast-schema-graph\">{\"@context\":\"https:\/\/schema.org\",\"@graph\":[{\"@type\":\"WebPage\",\"@id\":\"https:\/\/daltec.ch\/product\/iveco-35-s-14\",\"url\":\"https:\/\/daltec.ch\/product\/iveco-35-s-14\",\"name\":\"Iveco 35 S 14 K\u00fchlfahrzeug - Daltec\",\"isPartOf\":{\"@id\":\"https:\/\/daltec.ch\/fr\/#website\"},\"primaryImageOfPage\":{\"@id\":\"https:\/\/daltec.ch\/product\/iveco-35-s-14#primaryimage\"},\"image\":{\"@id\":\"https:\/\/daltec.ch\/product\/iveco-35-s-14#primaryimage\"},\"thumbnailUrl\":\"https:\/\/daltec.ch\/wp-content\/uploads\/2025\/07\/Iveco-35S14-G-Kuehlfahrzeug-4.jpg\",\"datePublished\":\"2025-07-29T11:12:29+00:00\",\"dateModified\":\"2026-03-19T12:28:46+00:00\",\"breadcrumb\":{\"@id\":\"https:\/\/daltec.ch\/product\/iveco-35-s-14#breadcrumb\"},\"inLanguage\":\"fr-FR\",\"potentialAction\":[{\"@type\":\"ReadAction\",\"target\":[\"https:\/\/daltec.ch\/product\/iveco-35-s-14\"]}]},{\"@type\":\"ImageObject\",\"inLanguage\":\"fr-FR\",\"@id\":\"https:\/\/daltec.ch\/product\/iveco-35-s-14#primaryimage\",\"url\":\"https:\/\/daltec.ch\/wp-content\/uploads\/2025\/07\/Iveco-35S14-G-Kuehlfahrzeug-4.jpg\",\"contentUrl\":\"https:\/\/daltec.ch\/wp-content\/uploads\/2025\/07\/Iveco-35S14-G-Kuehlfahrzeug-4.jpg\",\"width\":1200,\"height\":1183},{\"@type\":\"BreadcrumbList\",\"@id\":\"https:\/\/daltec.ch\/product\/iveco-35-s-14#breadcrumb\",\"itemListElement\":[{\"@type\":\"ListItem\",\"position\":1,\"name\":\"Startseite\",\"item\":\"https:\/\/daltec.ch\/\"},{\"@type\":\"ListItem\",\"position\":2,\"name\":\"anhaenger\",\"item\":\"https:\/\/daltec.ch\/anhaenger\"},{\"@type\":\"ListItem\",\"position\":3,\"name\":\"Iveco 35 S 14 K\u00fchlfahrzeug\"}]},{\"@type\":\"WebSite\",\"@id\":\"https:\/\/daltec.ch\/fr\/#website\",\"url\":\"https:\/\/daltec.ch\/fr\/\",\"name\":\"Daltec Trailers\",\"description\":\"\",\"publisher\":{\"@id\":\"https:\/\/daltec.ch\/fr\/#organization\"},\"potentialAction\":[{\"@type\":\"SearchAction\",\"target\":{\"@type\":\"EntryPoint\",\"urlTemplate\":\"https:\/\/daltec.ch\/fr\/?s={search_term_string}\"},\"query-input\":{\"@type\":\"PropertyValueSpecification\",\"valueRequired\":true,\"valueName\":\"search_term_string\"}}],\"inLanguage\":\"fr-FR\"},{\"@type\":\"Organization\",\"@id\":\"https:\/\/daltec.ch\/fr\/#organization\",\"name\":\"Daltec AG\",\"url\":\"https:\/\/daltec.ch\/fr\/\",\"logo\":{\"@type\":\"ImageObject\",\"inLanguage\":\"fr-FR\",\"@id\":\"https:\/\/daltec.ch\/fr\/#\/schema\/logo\/image\/\",\"url\":\"https:\/\/daltec.ch\/wp-content\/uploads\/2025\/08\/dlteclogo.webp\",\"contentUrl\":\"https:\/\/daltec.ch\/wp-content\/uploads\/2025\/08\/dlteclogo.webp\",\"width\":500,\"height\":195,\"caption\":\"Daltec AG\"},\"image\":{\"@id\":\"https:\/\/daltec.ch\/fr\/#\/schema\/logo\/image\/\"},\"sameAs\":[\"https:\/\/www.facebook.com\/DaltecAG\"]}]}<\/script>\n<!-- \/ Yoast SEO plugin. -->","yoast_head_json":{"title":"Iveco 35 S 14 K\u00fchlfahrzeug - Daltec","robots":{"index":"index","follow":"follow","max-snippet":"max-snippet:-1","max-image-preview":"max-image-preview:large","max-video-preview":"max-video-preview:-1"},"canonical":"https:\/\/daltec.ch\/fr\/product\/iveco-35-s-14\/","og_locale":"fr_FR","og_type":"article","og_title":"Iveco 35 S 14 K\u00fchlfahrzeug - Daltec","og_description":"Technische Daten:    Innenl\u00e4nge    Innenbreite \u00a0mm   Innenh\u00f6he \u00a0mm   Achsen    Bremsen ja   Gesamtgewicht    Nutzlast \u00a0Kg   R\u00e4der    Aussenmassen","og_url":"https:\/\/daltec.ch\/fr\/product\/iveco-35-s-14\/","og_site_name":"Daltec","article_publisher":"https:\/\/www.facebook.com\/DaltecAG","article_modified_time":"2026-03-19T12:28:46+00:00","og_image":[{"width":1200,"height":1183,"url":"https:\/\/daltec.ch\/wp-content\/uploads\/2025\/07\/Iveco-35S14-G-Kuehlfahrzeug-4.jpg","type":"image\/jpeg"}],"twitter_card":"summary_large_image","twitter_misc":{"Dur\u00e9e de lecture estim\u00e9e":"1 minute"},"schema":{"@context":"https:\/\/schema.org","@graph":[{"@type":"WebPage","@id":"https:\/\/daltec.ch\/product\/iveco-35-s-14","url":"https:\/\/daltec.ch\/product\/iveco-35-s-14","name":"Iveco 35 S 14 K\u00fchlfahrzeug - Daltec","isPartOf":{"@id":"https:\/\/daltec.ch\/fr\/#website"},"primaryImageOfPage":{"@id":"https:\/\/daltec.ch\/product\/iveco-35-s-14#primaryimage"},"image":{"@id":"https:\/\/daltec.ch\/product\/iveco-35-s-14#primaryimage"},"thumbnailUrl":"https:\/\/daltec.ch\/wp-content\/uploads\/2025\/07\/Iveco-35S14-G-Kuehlfahrzeug-4.jpg","datePublished":"2025-07-29T11:12:29+00:00","dateModified":"2026-03-19T12:28:46+00:00","breadcrumb":{"@id":"https:\/\/daltec.ch\/product\/iveco-35-s-14#breadcrumb"},"inLanguage":"fr-FR","potentialAction":[{"@type":"ReadAction","target":["https:\/\/daltec.ch\/product\/iveco-35-s-14"]}]},{"@type":"ImageObject","inLanguage":"fr-FR","@id":"https:\/\/daltec.ch\/product\/iveco-35-s-14#primaryimage","url":"https:\/\/daltec.ch\/wp-content\/uploads\/2025\/07\/Iveco-35S14-G-Kuehlfahrzeug-4.jpg","contentUrl":"https:\/\/daltec.ch\/wp-content\/uploads\/2025\/07\/Iveco-35S14-G-Kuehlfahrzeug-4.jpg","width":1200,"height":1183},{"@type":"BreadcrumbList","@id":"https:\/\/daltec.ch\/product\/iveco-35-s-14#breadcrumb","itemListElement":[{"@type":"ListItem","position":1,"name":"Startseite","item":"https:\/\/daltec.ch\/"},{"@type":"ListItem","position":2,"name":"anhaenger","item":"https:\/\/daltec.ch\/anhaenger"},{"@type":"ListItem","position":3,"name":"Iveco 35 S 14 K\u00fchlfahrzeug"}]},{"@type":"WebSite","@id":"https:\/\/daltec.ch\/fr\/#website","url":"https:\/\/daltec.ch\/fr\/","name":"Daltec Trailers","description":"","publisher":{"@id":"https:\/\/daltec.ch\/fr\/#organization"},"potentialAction":[{"@type":"SearchAction","target":{"@type":"EntryPoint","urlTemplate":"https:\/\/daltec.ch\/fr\/?s={search_term_string}"},"query-input":{"@type":"PropertyValueSpecification","valueRequired":true,"valueName":"search_term_string"}}],"inLanguage":"fr-FR"},{"@type":"Organization","@id":"https:\/\/daltec.ch\/fr\/#organization","name":"Daltec AG","url":"https:\/\/daltec.ch\/fr\/","logo":{"@type":"ImageObject","inLanguage":"fr-FR","@id":"https:\/\/daltec.ch\/fr\/#\/schema\/logo\/image\/","url":"https:\/\/daltec.ch\/wp-content\/uploads\/2025\/08\/dlteclogo.webp","contentUrl":"https:\/\/daltec.ch\/wp-content\/uploads\/2025\/08\/dlteclogo.webp","width":500,"height":195,"caption":"Daltec AG"},"image":{"@id":"https:\/\/daltec.ch\/fr\/#\/schema\/logo\/image\/"},"sameAs":["https:\/\/www.facebook.com\/DaltecAG"]}]}},"_links":{"self":[{"href":"https:\/\/daltec.ch\/fr\/wp-json\/wp\/v2\/product\/3447","targetHints":{"allow":["GET"]}}],"collection":[{"href":"https:\/\/daltec.ch\/fr\/wp-json\/wp\/v2\/product"}],"about":[{"href":"https:\/\/daltec.ch\/fr\/wp-json\/wp\/v2\/types\/product"}],"replies":[{"embeddable":true,"href":"https:\/\/daltec.ch\/fr\/wp-json\/wp\/v2\/comments?post=3447"}],"wp:featuredmedia":[{"embeddable":true,"href":"https:\/\/daltec.ch\/fr\/wp-json\/wp\/v2\/media\/3452"}],"wp:attachment":[{"href":"https:\/\/daltec.ch\/fr\/wp-json\/wp\/v2\/media?parent=3447"}],"wp:term":[{"taxonomy":"product_brand","embeddable":true,"href":"https:\/\/daltec.ch\/fr\/wp-json\/wp\/v2\/product_brand?post=3447"},{"taxonomy":"product_cat","embeddable":true,"href":"https:\/\/daltec.ch\/fr\/wp-json\/wp\/v2\/product_cat?post=3447"},{"taxonomy":"product_tag","embeddable":true,"href":"https:\/\/daltec.ch\/fr\/wp-json\/wp\/v2\/product_tag?post=3447"}],"curies":[{"name":"wp","href":"https:\/\/api.w.org\/{rel}","templated":true}]}}