{"id":3516,"date":"2025-08-21T14:06:56","date_gmt":"2025-08-21T14:06:56","guid":{"rendered":"https:\/\/daltec.ch\/?post_type=product&#038;p=3516"},"modified":"2025-12-01T09:16:25","modified_gmt":"2025-12-01T09:16:25","slug":"daltec-transporter-13-eco-2545x1510x400-mm-1300-kg","status":"publish","type":"product","link":"https:\/\/daltec.ch\/fr\/product\/daltec-transporter-13-eco-2545x1510x400-mm-1300-kg","title":{"rendered":"Daltec Transporter 13 Eco, 2545x1510x400 mm, 1300 Kg"},"content":{"rendered":"<p>La gamme Cargo E: Effective et avantageuse! Les ridelles peuvent \u00eatre d\u00e9mont\u00e9es ou abaiss\u00e9es pour faciliter le chargement. Pour le transport priv\u00e9 ou de loisirs \u00e0 un bon prix. Diverses options sont \u00e0 disposition.<\/p>\n<p><strong>Equipement:<\/strong><\/p>\n<p>Ch\u00e2ssis: En acier zingu\u00e9 \u00e0 chaud, assembl\u00e9 par soudage et boulonnage Timon en V en acier zingu\u00e9 Poign\u00e9e d\u2019attelage \u00e0 boule C\u00e2ble de s\u00e9curit\u00e9 B\u00e9quille r\u00e9glable, renforc\u00e9e avec roue \u00e0 l\u2019avant, automatique Gardes-boue plastique Essieu: Essieu AL-KO\/Knott Frein \u00e0 inertie et de stationnement Syst\u00e8me de recul automatique Pont: Cadre en acier zingu\u00e9 Ridelles profil aluminium H 350 mm \u00e9paisseur 25 mm Plancher: Fond en panneau marin 6x Oeillets d\u2019attache Eclairage routier: 12 V, selon les normes en vigueur. (LCR) Prise 13 p\u00f4les<\/p>","protected":false},"excerpt":{"rendered":"<h5><span style=\"font-size: 13px; color: #ff0000;\"><em>Prix: voir liste de prix sur page d'accueil<\/em><\/span><\/h5>\n<p>Petite et robuste!<\/p>\n<h4>Donn\u00e9es techniques:<\/h4>\n<table class=\"table\">\n<tbody>\n<tr>\n<th>Longueur int\u00e9rieure<\/th>\n<td>2545 <small>mm<\/small><\/td>\n<\/tr>\n<tr>\n<th>Largeur int\u00e9rieure<\/th>\n<td>1510 <small>mm<\/small><\/td>\n<\/tr>\n<tr>\n<th>Hauteur int\u00e9rieure<\/th>\n<td>400 <small>mm<\/small><\/td>\n<\/tr>\n<tr>\n<th>Essieux<\/th>\n<td>1<small><\/small><\/td>\n<\/tr>\n<tr>\n<th>Poids total<\/th>\n<td>1300 <small>kg<\/small><\/td>\n<\/tr>\n<tr>\n<th>Charge utile<\/th>\n<td>976 <small>kg<\/small><\/td>\n<\/tr>\n<tr>\n<th>Roues<\/th>\n<td>165 R 13 C<small><\/small><\/td>\n<\/tr>\n<\/tbody>\n<\/table>\n<h4>Options :<\/h4>\n<table>\n<tbody>\n<tr>\n<td>Pont recouvert d'une t\u00f4le alu stri\u00e9 \/ m2<\/td>\n<td>130 CHF<\/td>\n<\/tr>\n<\/tbody>\n<\/table>","protected":false},"featured_media":4031,"comment_status":"open","ping_status":"closed","template":"","meta":{"_acf_changed":false},"product_brand":[],"product_cat":[21],"product_tag":[],"class_list":{"0":"post-3516","1":"product","2":"type-product","3":"status-publish","4":"has-post-thumbnail","6":"product_cat-hochlader-anhaenger","8":"first","9":"instock","10":"shipping-taxable","11":"purchasable","12":"product-type-simple"},"acf":[],"yoast_head":"<!-- This site is optimized with the Yoast SEO plugin v27.2 - https:\/\/yoast.com\/product\/yoast-seo-wordpress\/ -->\n<title>Daltec Transporter 13 Eco, 2545x1510x400 mm, 1300 Kg - Daltec<\/title>\n<meta name=\"robots\" content=\"index, follow, max-snippet:-1, max-image-preview:large, max-video-preview:-1\" \/>\n<link rel=\"canonical\" href=\"https:\/\/daltec.ch\/fr\/product\/daltec-transporter-13-eco-2545x1510x400-mm-1300-kg\/\" \/>\n<meta property=\"og:locale\" content=\"fr_FR\" \/>\n<meta property=\"og:type\" content=\"article\" \/>\n<meta property=\"og:title\" content=\"Daltec Transporter 13 Eco, 2545x1510x400 mm, 1300 Kg - Daltec\" \/>\n<meta property=\"og:description\" content=\"Preis: Siehe Preisliste auf Startseite Klein und robust! Technische Daten:    L\u00e4nge 2545 mm   Breite 1510 mm   H\u00f6he 400 mm   Achsen 1   Gesamtgewicht 1300 kg   Nutzlast 976 kg   R\u00e4der 165 R 13 C    Optionen:    Boden mit Riffelblech belegt \/ m2 130 CHF\" \/>\n<meta property=\"og:url\" content=\"https:\/\/daltec.ch\/fr\/product\/daltec-transporter-13-eco-2545x1510x400-mm-1300-kg\/\" \/>\n<meta property=\"og:site_name\" content=\"Daltec\" \/>\n<meta property=\"article:publisher\" content=\"https:\/\/www.facebook.com\/DaltecAG\" \/>\n<meta property=\"article:modified_time\" content=\"2025-12-01T09:16:25+00:00\" \/>\n<meta property=\"og:image\" content=\"https:\/\/daltec.ch\/wp-content\/uploads\/2025\/08\/medium_164217dbb548f0.webp\" \/>\n\t<meta property=\"og:image:width\" content=\"700\" \/>\n\t<meta property=\"og:image:height\" content=\"700\" \/>\n\t<meta property=\"og:image:type\" content=\"image\/webp\" \/>\n<meta name=\"twitter:card\" content=\"summary_large_image\" \/>\n<meta name=\"twitter:label1\" content=\"Dur\u00e9e de lecture estim\u00e9e\" \/>\n\t<meta name=\"twitter:data1\" content=\"1 minute\" \/>\n<script type=\"application\/ld+json\" class=\"yoast-schema-graph\">{\"@context\":\"https:\/\/schema.org\",\"@graph\":[{\"@type\":\"WebPage\",\"@id\":\"https:\/\/daltec.ch\/product\/daltec-transporter-13-eco-2545x1510x400-mm-1300-kg\",\"url\":\"https:\/\/daltec.ch\/product\/daltec-transporter-13-eco-2545x1510x400-mm-1300-kg\",\"name\":\"Daltec Transporter 13 Eco, 2545x1510x400 mm, 1300 Kg - Daltec\",\"isPartOf\":{\"@id\":\"https:\/\/daltec.ch\/fr\/#website\"},\"primaryImageOfPage\":{\"@id\":\"https:\/\/daltec.ch\/product\/daltec-transporter-13-eco-2545x1510x400-mm-1300-kg#primaryimage\"},\"image\":{\"@id\":\"https:\/\/daltec.ch\/product\/daltec-transporter-13-eco-2545x1510x400-mm-1300-kg#primaryimage\"},\"thumbnailUrl\":\"https:\/\/daltec.ch\/wp-content\/uploads\/2025\/08\/medium_164217dbb548f0.webp\",\"datePublished\":\"2025-08-21T14:06:56+00:00\",\"dateModified\":\"2025-12-01T09:16:25+00:00\",\"breadcrumb\":{\"@id\":\"https:\/\/daltec.ch\/product\/daltec-transporter-13-eco-2545x1510x400-mm-1300-kg#breadcrumb\"},\"inLanguage\":\"fr-FR\",\"potentialAction\":[{\"@type\":\"ReadAction\",\"target\":[\"https:\/\/daltec.ch\/product\/daltec-transporter-13-eco-2545x1510x400-mm-1300-kg\"]}]},{\"@type\":\"ImageObject\",\"inLanguage\":\"fr-FR\",\"@id\":\"https:\/\/daltec.ch\/product\/daltec-transporter-13-eco-2545x1510x400-mm-1300-kg#primaryimage\",\"url\":\"https:\/\/daltec.ch\/wp-content\/uploads\/2025\/08\/medium_164217dbb548f0.webp\",\"contentUrl\":\"https:\/\/daltec.ch\/wp-content\/uploads\/2025\/08\/medium_164217dbb548f0.webp\",\"width\":700,\"height\":700},{\"@type\":\"BreadcrumbList\",\"@id\":\"https:\/\/daltec.ch\/product\/daltec-transporter-13-eco-2545x1510x400-mm-1300-kg#breadcrumb\",\"itemListElement\":[{\"@type\":\"ListItem\",\"position\":1,\"name\":\"Startseite\",\"item\":\"https:\/\/daltec.ch\/\"},{\"@type\":\"ListItem\",\"position\":2,\"name\":\"anhaenger\",\"item\":\"https:\/\/daltec.ch\/anhaenger\"},{\"@type\":\"ListItem\",\"position\":3,\"name\":\"Daltec Transporter 13 Eco, 2545x1510x400 mm, 1300 Kg\"}]},{\"@type\":\"WebSite\",\"@id\":\"https:\/\/daltec.ch\/fr\/#website\",\"url\":\"https:\/\/daltec.ch\/fr\/\",\"name\":\"Daltec Trailers\",\"description\":\"\",\"publisher\":{\"@id\":\"https:\/\/daltec.ch\/fr\/#organization\"},\"potentialAction\":[{\"@type\":\"SearchAction\",\"target\":{\"@type\":\"EntryPoint\",\"urlTemplate\":\"https:\/\/daltec.ch\/fr\/?s={search_term_string}\"},\"query-input\":{\"@type\":\"PropertyValueSpecification\",\"valueRequired\":true,\"valueName\":\"search_term_string\"}}],\"inLanguage\":\"fr-FR\"},{\"@type\":\"Organization\",\"@id\":\"https:\/\/daltec.ch\/fr\/#organization\",\"name\":\"Daltec AG\",\"url\":\"https:\/\/daltec.ch\/fr\/\",\"logo\":{\"@type\":\"ImageObject\",\"inLanguage\":\"fr-FR\",\"@id\":\"https:\/\/daltec.ch\/fr\/#\/schema\/logo\/image\/\",\"url\":\"https:\/\/daltec.ch\/wp-content\/uploads\/2025\/08\/dlteclogo.webp\",\"contentUrl\":\"https:\/\/daltec.ch\/wp-content\/uploads\/2025\/08\/dlteclogo.webp\",\"width\":500,\"height\":195,\"caption\":\"Daltec AG\"},\"image\":{\"@id\":\"https:\/\/daltec.ch\/fr\/#\/schema\/logo\/image\/\"},\"sameAs\":[\"https:\/\/www.facebook.com\/DaltecAG\"]}]}<\/script>\n<!-- \/ Yoast SEO plugin. -->","yoast_head_json":{"title":"Daltec Transporter 13 Eco, 2545x1510x400 mm, 1300 Kg - Daltec","robots":{"index":"index","follow":"follow","max-snippet":"max-snippet:-1","max-image-preview":"max-image-preview:large","max-video-preview":"max-video-preview:-1"},"canonical":"https:\/\/daltec.ch\/fr\/product\/daltec-transporter-13-eco-2545x1510x400-mm-1300-kg\/","og_locale":"fr_FR","og_type":"article","og_title":"Daltec Transporter 13 Eco, 2545x1510x400 mm, 1300 Kg - Daltec","og_description":"Preis: Siehe Preisliste auf Startseite Klein und robust! Technische Daten:    L\u00e4nge 2545 mm   Breite 1510 mm   H\u00f6he 400 mm   Achsen 1   Gesamtgewicht 1300 kg   Nutzlast 976 kg   R\u00e4der 165 R 13 C    Optionen:    Boden mit Riffelblech belegt \/ m2 130 CHF","og_url":"https:\/\/daltec.ch\/fr\/product\/daltec-transporter-13-eco-2545x1510x400-mm-1300-kg\/","og_site_name":"Daltec","article_publisher":"https:\/\/www.facebook.com\/DaltecAG","article_modified_time":"2025-12-01T09:16:25+00:00","og_image":[{"width":700,"height":700,"url":"https:\/\/daltec.ch\/wp-content\/uploads\/2025\/08\/medium_164217dbb548f0.webp","type":"image\/webp"}],"twitter_card":"summary_large_image","twitter_misc":{"Dur\u00e9e de lecture estim\u00e9e":"1 minute"},"schema":{"@context":"https:\/\/schema.org","@graph":[{"@type":"WebPage","@id":"https:\/\/daltec.ch\/product\/daltec-transporter-13-eco-2545x1510x400-mm-1300-kg","url":"https:\/\/daltec.ch\/product\/daltec-transporter-13-eco-2545x1510x400-mm-1300-kg","name":"Daltec Transporter 13 Eco, 2545x1510x400 mm, 1300 Kg - Daltec","isPartOf":{"@id":"https:\/\/daltec.ch\/fr\/#website"},"primaryImageOfPage":{"@id":"https:\/\/daltec.ch\/product\/daltec-transporter-13-eco-2545x1510x400-mm-1300-kg#primaryimage"},"image":{"@id":"https:\/\/daltec.ch\/product\/daltec-transporter-13-eco-2545x1510x400-mm-1300-kg#primaryimage"},"thumbnailUrl":"https:\/\/daltec.ch\/wp-content\/uploads\/2025\/08\/medium_164217dbb548f0.webp","datePublished":"2025-08-21T14:06:56+00:00","dateModified":"2025-12-01T09:16:25+00:00","breadcrumb":{"@id":"https:\/\/daltec.ch\/product\/daltec-transporter-13-eco-2545x1510x400-mm-1300-kg#breadcrumb"},"inLanguage":"fr-FR","potentialAction":[{"@type":"ReadAction","target":["https:\/\/daltec.ch\/product\/daltec-transporter-13-eco-2545x1510x400-mm-1300-kg"]}]},{"@type":"ImageObject","inLanguage":"fr-FR","@id":"https:\/\/daltec.ch\/product\/daltec-transporter-13-eco-2545x1510x400-mm-1300-kg#primaryimage","url":"https:\/\/daltec.ch\/wp-content\/uploads\/2025\/08\/medium_164217dbb548f0.webp","contentUrl":"https:\/\/daltec.ch\/wp-content\/uploads\/2025\/08\/medium_164217dbb548f0.webp","width":700,"height":700},{"@type":"BreadcrumbList","@id":"https:\/\/daltec.ch\/product\/daltec-transporter-13-eco-2545x1510x400-mm-1300-kg#breadcrumb","itemListElement":[{"@type":"ListItem","position":1,"name":"Startseite","item":"https:\/\/daltec.ch\/"},{"@type":"ListItem","position":2,"name":"anhaenger","item":"https:\/\/daltec.ch\/anhaenger"},{"@type":"ListItem","position":3,"name":"Daltec Transporter 13 Eco, 2545x1510x400 mm, 1300 Kg"}]},{"@type":"WebSite","@id":"https:\/\/daltec.ch\/fr\/#website","url":"https:\/\/daltec.ch\/fr\/","name":"Daltec Trailers","description":"","publisher":{"@id":"https:\/\/daltec.ch\/fr\/#organization"},"potentialAction":[{"@type":"SearchAction","target":{"@type":"EntryPoint","urlTemplate":"https:\/\/daltec.ch\/fr\/?s={search_term_string}"},"query-input":{"@type":"PropertyValueSpecification","valueRequired":true,"valueName":"search_term_string"}}],"inLanguage":"fr-FR"},{"@type":"Organization","@id":"https:\/\/daltec.ch\/fr\/#organization","name":"Daltec AG","url":"https:\/\/daltec.ch\/fr\/","logo":{"@type":"ImageObject","inLanguage":"fr-FR","@id":"https:\/\/daltec.ch\/fr\/#\/schema\/logo\/image\/","url":"https:\/\/daltec.ch\/wp-content\/uploads\/2025\/08\/dlteclogo.webp","contentUrl":"https:\/\/daltec.ch\/wp-content\/uploads\/2025\/08\/dlteclogo.webp","width":500,"height":195,"caption":"Daltec AG"},"image":{"@id":"https:\/\/daltec.ch\/fr\/#\/schema\/logo\/image\/"},"sameAs":["https:\/\/www.facebook.com\/DaltecAG"]}]}},"_links":{"self":[{"href":"https:\/\/daltec.ch\/fr\/wp-json\/wp\/v2\/product\/3516","targetHints":{"allow":["GET"]}}],"collection":[{"href":"https:\/\/daltec.ch\/fr\/wp-json\/wp\/v2\/product"}],"about":[{"href":"https:\/\/daltec.ch\/fr\/wp-json\/wp\/v2\/types\/product"}],"replies":[{"embeddable":true,"href":"https:\/\/daltec.ch\/fr\/wp-json\/wp\/v2\/comments?post=3516"}],"wp:featuredmedia":[{"embeddable":true,"href":"https:\/\/daltec.ch\/fr\/wp-json\/wp\/v2\/media\/4031"}],"wp:attachment":[{"href":"https:\/\/daltec.ch\/fr\/wp-json\/wp\/v2\/media?parent=3516"}],"wp:term":[{"taxonomy":"product_brand","embeddable":true,"href":"https:\/\/daltec.ch\/fr\/wp-json\/wp\/v2\/product_brand?post=3516"},{"taxonomy":"product_cat","embeddable":true,"href":"https:\/\/daltec.ch\/fr\/wp-json\/wp\/v2\/product_cat?post=3516"},{"taxonomy":"product_tag","embeddable":true,"href":"https:\/\/daltec.ch\/fr\/wp-json\/wp\/v2\/product_tag?post=3516"}],"curies":[{"name":"wp","href":"https:\/\/api.w.org\/{rel}","templated":true}]}}