{"id":3547,"date":"2025-08-25T06:29:41","date_gmt":"2025-08-25T06:29:41","guid":{"rendered":"https:\/\/daltec.ch\/?post_type=product&#038;p=3547"},"modified":"2025-08-25T06:30:59","modified_gmt":"2025-08-25T06:30:59","slug":"daltec-ka-3500-eco-3320x1700x350-mm-3500-kg","status":"publish","type":"product","link":"https:\/\/daltec.ch\/fr\/product\/daltec-ka-3500-eco-3320x1700x350-mm-3500-kg","title":{"rendered":"Daltec KA 3500 ECO, 3320x1700x350 mm, 3000 Kg"},"content":{"rendered":"<p>Agados tribenne avec pompe hydraulique manuelle. Ultramoderne avec les nouveaux \u00e9clairages LED !<br \/>\nExtrem robust und vielseitig einsetzbar.<br \/>\n<strong>Equipement:<\/strong><br \/>\nCh\u00e2ssis : cadre de base galvanis\u00e9 \u00e0 chaud, soud\u00e9 et viss\u00e9. Timon en V, attelage \u00e0 boule, c\u00e2ble de s\u00e9curit\u00e9, pare-bouses. Essieux : 2x essieux frein\u00e9s, frein \u00e0 main, r\u00e9tromatique Carrosserie : Plancher recouvert de t\u00f4le, 4 pces. \u0152illets d'arrimage, Pompe hydraulique manuelle, Ridelle arri\u00e8re oscillante \u00c9clairage : 12V, Selon les normes du code de la route, Prise 13 p\u00f4les, \u00e9quipement LED complet.<\/p>","protected":false},"excerpt":{"rendered":"<h5><em>Prix: voir liste de prix sur page d'accueil<\/em><\/h5>\n<p>Benne \u00e9l\u00e9gante et moderne<\/p>\n<h4>Donn\u00e9es techniques:<\/h4>\n<table class=\"table\">\n<tbody>\n<tr>\n<th>Longueur int\u00e9rieure<\/th>\n<td>3320 <small>mm<\/small><\/td>\n<\/tr>\n<tr>\n<th>Largeur int\u00e9rieure<\/th>\n<td>1700 <small>mm<\/small><\/td>\n<\/tr>\n<tr>\n<th>Hauteur int\u00e9rieure<\/th>\n<td>350 <small>mm<\/small><\/td>\n<\/tr>\n<tr>\n<th>Essieux<\/th>\n<td>2 <small><\/small><\/td>\n<\/tr>\n<tr>\n<th>Gesamtgewich<\/th>\n<td>3000 <small>kg<\/small><\/td>\n<\/tr>\n<tr>\n<th>Charge utile<\/th>\n<td>2210 <small>kg<\/small><\/td>\n<\/tr>\n<tr>\n<th>Roues<\/th>\n<td>195 R14 C<\/td>\n<\/tr>\n<\/tbody>\n<\/table>","protected":false},"featured_media":1403,"comment_status":"open","ping_status":"closed","template":"","meta":{"_acf_changed":false},"product_brand":[],"product_cat":[245,29],"product_tag":[],"class_list":{"0":"post-3547","1":"product","2":"type-product","3":"status-publish","4":"has-post-thumbnail","6":"product_cat-dreiseitenkipper","7":"product_cat-kipper-anhaenger","9":"first","10":"instock","11":"featured","12":"shipping-taxable","13":"purchasable","14":"product-type-simple"},"acf":[],"yoast_head":"<!-- This site is optimized with the Yoast SEO plugin v27.2 - https:\/\/yoast.com\/product\/yoast-seo-wordpress\/ -->\n<title>Daltec KA 3500 ECO, 3320x1700x350 mm, 3000 Kg - Daltec<\/title>\n<meta name=\"robots\" content=\"index, follow, max-snippet:-1, max-image-preview:large, max-video-preview:-1\" \/>\n<link rel=\"canonical\" href=\"https:\/\/daltec.ch\/fr\/product\/daltec-ka-3500-eco-3320x1700x350-mm-3500-kg\/\" \/>\n<meta property=\"og:locale\" content=\"fr_FR\" \/>\n<meta property=\"og:type\" content=\"article\" \/>\n<meta property=\"og:title\" content=\"Daltec KA 3500 ECO, 3320x1700x350 mm, 3000 Kg - Daltec\" \/>\n<meta property=\"og:description\" content=\"Preis: Siehe Preisliste auf Startseite Eleganter und moderner Kipper Technische Daten:    L\u00e4nge 3320 mm   Breite 1700 mm   H\u00f6he 350 mm   Achsen 2    Gesamtgewich 3000 kg   Nutzlast 2210 kg   R\u00e4der 195 R14 C\" \/>\n<meta property=\"og:url\" content=\"https:\/\/daltec.ch\/fr\/product\/daltec-ka-3500-eco-3320x1700x350-mm-3500-kg\/\" \/>\n<meta property=\"og:site_name\" content=\"Daltec\" \/>\n<meta property=\"article:publisher\" content=\"https:\/\/www.facebook.com\/DaltecAG\" \/>\n<meta property=\"article:modified_time\" content=\"2025-08-25T06:30:59+00:00\" \/>\n<meta property=\"og:image\" content=\"https:\/\/daltec.ch\/wp-content\/uploads\/2024\/06\/DSC07762_ausgeschnitten640pix.jpg\" \/>\n\t<meta property=\"og:image:width\" content=\"600\" \/>\n\t<meta property=\"og:image:height\" content=\"600\" \/>\n\t<meta property=\"og:image:type\" content=\"image\/jpeg\" \/>\n<meta name=\"twitter:card\" content=\"summary_large_image\" \/>\n<script type=\"application\/ld+json\" class=\"yoast-schema-graph\">{\"@context\":\"https:\/\/schema.org\",\"@graph\":[{\"@type\":\"WebPage\",\"@id\":\"https:\/\/daltec.ch\/product\/daltec-ka-3500-eco-3320x1700x350-mm-3500-kg\",\"url\":\"https:\/\/daltec.ch\/product\/daltec-ka-3500-eco-3320x1700x350-mm-3500-kg\",\"name\":\"Daltec KA 3500 ECO, 3320x1700x350 mm, 3000 Kg - Daltec\",\"isPartOf\":{\"@id\":\"https:\/\/daltec.ch\/fr\/#website\"},\"primaryImageOfPage\":{\"@id\":\"https:\/\/daltec.ch\/product\/daltec-ka-3500-eco-3320x1700x350-mm-3500-kg#primaryimage\"},\"image\":{\"@id\":\"https:\/\/daltec.ch\/product\/daltec-ka-3500-eco-3320x1700x350-mm-3500-kg#primaryimage\"},\"thumbnailUrl\":\"https:\/\/daltec.ch\/wp-content\/uploads\/2024\/06\/DSC07762_ausgeschnitten640pix.jpg\",\"datePublished\":\"2025-08-25T06:29:41+00:00\",\"dateModified\":\"2025-08-25T06:30:59+00:00\",\"breadcrumb\":{\"@id\":\"https:\/\/daltec.ch\/product\/daltec-ka-3500-eco-3320x1700x350-mm-3500-kg#breadcrumb\"},\"inLanguage\":\"fr-FR\",\"potentialAction\":[{\"@type\":\"ReadAction\",\"target\":[\"https:\/\/daltec.ch\/product\/daltec-ka-3500-eco-3320x1700x350-mm-3500-kg\"]}]},{\"@type\":\"ImageObject\",\"inLanguage\":\"fr-FR\",\"@id\":\"https:\/\/daltec.ch\/product\/daltec-ka-3500-eco-3320x1700x350-mm-3500-kg#primaryimage\",\"url\":\"https:\/\/daltec.ch\/wp-content\/uploads\/2024\/06\/DSC07762_ausgeschnitten640pix.jpg\",\"contentUrl\":\"https:\/\/daltec.ch\/wp-content\/uploads\/2024\/06\/DSC07762_ausgeschnitten640pix.jpg\",\"width\":600,\"height\":600},{\"@type\":\"BreadcrumbList\",\"@id\":\"https:\/\/daltec.ch\/product\/daltec-ka-3500-eco-3320x1700x350-mm-3500-kg#breadcrumb\",\"itemListElement\":[{\"@type\":\"ListItem\",\"position\":1,\"name\":\"Startseite\",\"item\":\"https:\/\/daltec.ch\/\"},{\"@type\":\"ListItem\",\"position\":2,\"name\":\"anhaenger\",\"item\":\"https:\/\/daltec.ch\/anhaenger\"},{\"@type\":\"ListItem\",\"position\":3,\"name\":\"Daltec KA 3500 ECO, 3320x1700x350 mm, 3000 Kg\"}]},{\"@type\":\"WebSite\",\"@id\":\"https:\/\/daltec.ch\/fr\/#website\",\"url\":\"https:\/\/daltec.ch\/fr\/\",\"name\":\"Daltec Trailers\",\"description\":\"\",\"publisher\":{\"@id\":\"https:\/\/daltec.ch\/fr\/#organization\"},\"potentialAction\":[{\"@type\":\"SearchAction\",\"target\":{\"@type\":\"EntryPoint\",\"urlTemplate\":\"https:\/\/daltec.ch\/fr\/?s={search_term_string}\"},\"query-input\":{\"@type\":\"PropertyValueSpecification\",\"valueRequired\":true,\"valueName\":\"search_term_string\"}}],\"inLanguage\":\"fr-FR\"},{\"@type\":\"Organization\",\"@id\":\"https:\/\/daltec.ch\/fr\/#organization\",\"name\":\"Daltec AG\",\"url\":\"https:\/\/daltec.ch\/fr\/\",\"logo\":{\"@type\":\"ImageObject\",\"inLanguage\":\"fr-FR\",\"@id\":\"https:\/\/daltec.ch\/fr\/#\/schema\/logo\/image\/\",\"url\":\"https:\/\/daltec.ch\/wp-content\/uploads\/2025\/08\/dlteclogo.webp\",\"contentUrl\":\"https:\/\/daltec.ch\/wp-content\/uploads\/2025\/08\/dlteclogo.webp\",\"width\":500,\"height\":195,\"caption\":\"Daltec AG\"},\"image\":{\"@id\":\"https:\/\/daltec.ch\/fr\/#\/schema\/logo\/image\/\"},\"sameAs\":[\"https:\/\/www.facebook.com\/DaltecAG\"]}]}<\/script>\n<!-- \/ Yoast SEO plugin. -->","yoast_head_json":{"title":"Daltec KA 3500 ECO, 3320x1700x350 mm, 3000 Kg - Daltec","robots":{"index":"index","follow":"follow","max-snippet":"max-snippet:-1","max-image-preview":"max-image-preview:large","max-video-preview":"max-video-preview:-1"},"canonical":"https:\/\/daltec.ch\/fr\/product\/daltec-ka-3500-eco-3320x1700x350-mm-3500-kg\/","og_locale":"fr_FR","og_type":"article","og_title":"Daltec KA 3500 ECO, 3320x1700x350 mm, 3000 Kg - Daltec","og_description":"Preis: Siehe Preisliste auf Startseite Eleganter und moderner Kipper Technische Daten:    L\u00e4nge 3320 mm   Breite 1700 mm   H\u00f6he 350 mm   Achsen 2    Gesamtgewich 3000 kg   Nutzlast 2210 kg   R\u00e4der 195 R14 C","og_url":"https:\/\/daltec.ch\/fr\/product\/daltec-ka-3500-eco-3320x1700x350-mm-3500-kg\/","og_site_name":"Daltec","article_publisher":"https:\/\/www.facebook.com\/DaltecAG","article_modified_time":"2025-08-25T06:30:59+00:00","og_image":[{"width":600,"height":600,"url":"https:\/\/daltec.ch\/wp-content\/uploads\/2024\/06\/DSC07762_ausgeschnitten640pix.jpg","type":"image\/jpeg"}],"twitter_card":"summary_large_image","schema":{"@context":"https:\/\/schema.org","@graph":[{"@type":"WebPage","@id":"https:\/\/daltec.ch\/product\/daltec-ka-3500-eco-3320x1700x350-mm-3500-kg","url":"https:\/\/daltec.ch\/product\/daltec-ka-3500-eco-3320x1700x350-mm-3500-kg","name":"Daltec KA 3500 ECO, 3320x1700x350 mm, 3000 Kg - Daltec","isPartOf":{"@id":"https:\/\/daltec.ch\/fr\/#website"},"primaryImageOfPage":{"@id":"https:\/\/daltec.ch\/product\/daltec-ka-3500-eco-3320x1700x350-mm-3500-kg#primaryimage"},"image":{"@id":"https:\/\/daltec.ch\/product\/daltec-ka-3500-eco-3320x1700x350-mm-3500-kg#primaryimage"},"thumbnailUrl":"https:\/\/daltec.ch\/wp-content\/uploads\/2024\/06\/DSC07762_ausgeschnitten640pix.jpg","datePublished":"2025-08-25T06:29:41+00:00","dateModified":"2025-08-25T06:30:59+00:00","breadcrumb":{"@id":"https:\/\/daltec.ch\/product\/daltec-ka-3500-eco-3320x1700x350-mm-3500-kg#breadcrumb"},"inLanguage":"fr-FR","potentialAction":[{"@type":"ReadAction","target":["https:\/\/daltec.ch\/product\/daltec-ka-3500-eco-3320x1700x350-mm-3500-kg"]}]},{"@type":"ImageObject","inLanguage":"fr-FR","@id":"https:\/\/daltec.ch\/product\/daltec-ka-3500-eco-3320x1700x350-mm-3500-kg#primaryimage","url":"https:\/\/daltec.ch\/wp-content\/uploads\/2024\/06\/DSC07762_ausgeschnitten640pix.jpg","contentUrl":"https:\/\/daltec.ch\/wp-content\/uploads\/2024\/06\/DSC07762_ausgeschnitten640pix.jpg","width":600,"height":600},{"@type":"BreadcrumbList","@id":"https:\/\/daltec.ch\/product\/daltec-ka-3500-eco-3320x1700x350-mm-3500-kg#breadcrumb","itemListElement":[{"@type":"ListItem","position":1,"name":"Startseite","item":"https:\/\/daltec.ch\/"},{"@type":"ListItem","position":2,"name":"anhaenger","item":"https:\/\/daltec.ch\/anhaenger"},{"@type":"ListItem","position":3,"name":"Daltec KA 3500 ECO, 3320x1700x350 mm, 3000 Kg"}]},{"@type":"WebSite","@id":"https:\/\/daltec.ch\/fr\/#website","url":"https:\/\/daltec.ch\/fr\/","name":"Daltec Trailers","description":"","publisher":{"@id":"https:\/\/daltec.ch\/fr\/#organization"},"potentialAction":[{"@type":"SearchAction","target":{"@type":"EntryPoint","urlTemplate":"https:\/\/daltec.ch\/fr\/?s={search_term_string}"},"query-input":{"@type":"PropertyValueSpecification","valueRequired":true,"valueName":"search_term_string"}}],"inLanguage":"fr-FR"},{"@type":"Organization","@id":"https:\/\/daltec.ch\/fr\/#organization","name":"Daltec AG","url":"https:\/\/daltec.ch\/fr\/","logo":{"@type":"ImageObject","inLanguage":"fr-FR","@id":"https:\/\/daltec.ch\/fr\/#\/schema\/logo\/image\/","url":"https:\/\/daltec.ch\/wp-content\/uploads\/2025\/08\/dlteclogo.webp","contentUrl":"https:\/\/daltec.ch\/wp-content\/uploads\/2025\/08\/dlteclogo.webp","width":500,"height":195,"caption":"Daltec AG"},"image":{"@id":"https:\/\/daltec.ch\/fr\/#\/schema\/logo\/image\/"},"sameAs":["https:\/\/www.facebook.com\/DaltecAG"]}]}},"_links":{"self":[{"href":"https:\/\/daltec.ch\/fr\/wp-json\/wp\/v2\/product\/3547","targetHints":{"allow":["GET"]}}],"collection":[{"href":"https:\/\/daltec.ch\/fr\/wp-json\/wp\/v2\/product"}],"about":[{"href":"https:\/\/daltec.ch\/fr\/wp-json\/wp\/v2\/types\/product"}],"replies":[{"embeddable":true,"href":"https:\/\/daltec.ch\/fr\/wp-json\/wp\/v2\/comments?post=3547"}],"wp:featuredmedia":[{"embeddable":true,"href":"https:\/\/daltec.ch\/fr\/wp-json\/wp\/v2\/media\/1403"}],"wp:attachment":[{"href":"https:\/\/daltec.ch\/fr\/wp-json\/wp\/v2\/media?parent=3547"}],"wp:term":[{"taxonomy":"product_brand","embeddable":true,"href":"https:\/\/daltec.ch\/fr\/wp-json\/wp\/v2\/product_brand?post=3547"},{"taxonomy":"product_cat","embeddable":true,"href":"https:\/\/daltec.ch\/fr\/wp-json\/wp\/v2\/product_cat?post=3547"},{"taxonomy":"product_tag","embeddable":true,"href":"https:\/\/daltec.ch\/fr\/wp-json\/wp\/v2\/product_tag?post=3547"}],"curies":[{"name":"wp","href":"https:\/\/api.w.org\/{rel}","templated":true}]}}