{"id":3565,"date":"2025-08-28T11:10:19","date_gmt":"2025-08-28T11:10:19","guid":{"rendered":"https:\/\/daltec.ch\/?post_type=product&#038;p=3565"},"modified":"2025-08-28T11:16:32","modified_gmt":"2025-08-28T11:16:32","slug":"daltec-vz-26-tt-2500x1255x1800-1000-kg","status":"publish","type":"product","link":"https:\/\/daltec.ch\/fr\/product\/daltec-vz-26-tt-2500x1255x1800-1000-kg","title":{"rendered":"Daltec VZ 26 TT, 2500x1255x1800, 1000 Kg"},"content":{"rendered":"<p>Cette remorque avec parois lat\u00e9rales en bois est id\u00e9ale pour le transport de biens ! Il a une longue dur\u00e9e de vie gr\u00e2ce au cadre galvanis\u00e9 \u00e0 chaud et soud\u00e9. La rampe arri\u00e8re et le plancher sont antid\u00e9rapants. Les roues lat\u00e9rales assurent une conduite stable. La porte de service lat\u00e9rale offre un acc\u00e8s facile \u00e0 l'avant de la remorque.<br \/>\n<strong>Equipement:<\/strong><br \/>\nCh\u00e2ssis : cadre de base galvanis\u00e9 \u00e0 chaud, soud\u00e9 et viss\u00e9, dispositif d'attelage en V avec embrayage \u00e0 bille, ligne de d\u00e9chirure, roue de support avant, ailes en plastique Essieu : essieu Al-Ko \/ Knott, frein \u00e0 main, marche arri\u00e8re automatique Structure : bo\u00eete en plaques s\u00e9rigraphi\u00e9es marron, sol et rampe recouverts de caoutchouc antid\u00e9rapant. Porte de service lat\u00e9rale 600\u00d7800 mm. Toit: b\u00e2che avec cadre pour hauteur 1600 mm. Syst\u00e8me d'\u00e9clairage: 12 V, selon les normes du code de la route, prise 13 p\u00f4les<\/p>","protected":false},"excerpt":{"rendered":"<h5>Petite remorque avec parois lat\u00e9rales en bois \u2013 Bon march\u00e9 !<\/h5>\n<h5><span style=\"font-size: 16px;\">Donn\u00e9es techniques:<\/span><\/h5>\n<table class=\"table\">\n<tbody>\n<tr>\n<th>Longueur int\u00e9rieure<\/th>\n<td>2500 <small>mm<\/small><\/td>\n<\/tr>\n<tr>\n<th>Largeur int\u00e9rieure<\/th>\n<td>1255 <small>mm<\/small><\/td>\n<\/tr>\n<tr>\n<th>Hauteur int\u00e9rieure<\/th>\n<td>1800 <small>mm<\/small><\/td>\n<\/tr>\n<tr>\n<th>Essieux<\/th>\n<td>1<small><\/small><\/td>\n<\/tr>\n<tr>\n<th>Poids total<\/th>\n<td>1000 <small>kg<\/small><\/td>\n<\/tr>\n<tr>\n<th>Charge utile<\/th>\n<td>717 <small>kg<\/small><\/td>\n<\/tr>\n<tr>\n<th>Roues<\/th>\n<td>13 Zoll<\/td>\n<\/tr>\n<\/tbody>\n<\/table>","protected":false},"featured_media":2564,"comment_status":"open","ping_status":"closed","template":"","meta":{"_acf_changed":false},"product_brand":[],"product_cat":[238,237],"product_tag":[],"class_list":{"0":"post-3565","1":"product","2":"type-product","3":"status-publish","4":"has-post-thumbnail","6":"product_cat-kleintiertransportanhaenger-tiertransportanhaenger","7":"product_cat-tiertransportanhaenger","9":"first","10":"instock","11":"featured","12":"shipping-taxable","13":"purchasable","14":"product-type-simple"},"acf":[],"yoast_head":"<!-- This site is optimized with the Yoast SEO plugin v27.4 - https:\/\/yoast.com\/product\/yoast-seo-wordpress\/ -->\n<title>Daltec VZ 26 TT, 2500x1255x1800, 1000 Kg - Daltec<\/title>\n<meta name=\"description\" content=\"Der Daltec VZ 26 TT Kleintiertransportanh\u00e4nger sorgt f\u00fcr Stabilit\u00e4t beim Transport. Lassen Sie ihn Ihr perfekter Begleiter f\u00fcr alle Transporte sein!\" \/>\n<meta name=\"robots\" content=\"index, follow, max-snippet:-1, max-image-preview:large, max-video-preview:-1\" \/>\n<link rel=\"canonical\" href=\"https:\/\/daltec.ch\/fr\/product\/daltec-vz-26-tt-2500x1255x1800-1000-kg\/\" \/>\n<meta property=\"og:locale\" content=\"fr_FR\" \/>\n<meta property=\"og:type\" content=\"article\" \/>\n<meta property=\"og:title\" content=\"Daltec VZ 26 TT, 2500x1255x1800, 1000 Kg - Daltec\" \/>\n<meta property=\"og:description\" content=\"Der Daltec VZ 26 TT Kleintiertransportanh\u00e4nger sorgt f\u00fcr Stabilit\u00e4t beim Transport. Lassen Sie ihn Ihr perfekter Begleiter f\u00fcr alle Transporte sein!\" \/>\n<meta property=\"og:url\" content=\"https:\/\/daltec.ch\/fr\/product\/daltec-vz-26-tt-2500x1255x1800-1000-kg\/\" \/>\n<meta property=\"og:site_name\" content=\"Daltec\" \/>\n<meta property=\"article:publisher\" content=\"https:\/\/www.facebook.com\/DaltecAG\" \/>\n<meta property=\"article:modified_time\" content=\"2025-08-28T11:16:32+00:00\" \/>\n<meta property=\"og:image\" content=\"https:\/\/daltec.ch\/wp-content\/uploads\/2024\/06\/VZ-21-TT-2.png\" \/>\n\t<meta property=\"og:image:width\" content=\"1819\" \/>\n\t<meta property=\"og:image:height\" content=\"1608\" \/>\n\t<meta property=\"og:image:type\" content=\"image\/png\" \/>\n<meta name=\"twitter:card\" content=\"summary_large_image\" \/>\n<meta name=\"twitter:label1\" content=\"Dur\u00e9e de lecture estim\u00e9e\" \/>\n\t<meta name=\"twitter:data1\" content=\"1 minute\" \/>\n<script type=\"application\/ld+json\" class=\"yoast-schema-graph\">{\"@context\":\"https:\\\/\\\/schema.org\",\"@graph\":[{\"@type\":\"WebPage\",\"@id\":\"https:\\\/\\\/daltec.ch\\\/product\\\/daltec-vz-26-tt-2500x1255x1800-1000-kg\",\"url\":\"https:\\\/\\\/daltec.ch\\\/product\\\/daltec-vz-26-tt-2500x1255x1800-1000-kg\",\"name\":\"Daltec VZ 26 TT, 2500x1255x1800, 1000 Kg - Daltec\",\"isPartOf\":{\"@id\":\"https:\\\/\\\/daltec.ch\\\/fr\\\/#website\"},\"primaryImageOfPage\":{\"@id\":\"https:\\\/\\\/daltec.ch\\\/product\\\/daltec-vz-26-tt-2500x1255x1800-1000-kg#primaryimage\"},\"image\":{\"@id\":\"https:\\\/\\\/daltec.ch\\\/product\\\/daltec-vz-26-tt-2500x1255x1800-1000-kg#primaryimage\"},\"thumbnailUrl\":\"https:\\\/\\\/daltec.ch\\\/wp-content\\\/uploads\\\/2024\\\/06\\\/VZ-21-TT-2.png\",\"datePublished\":\"2025-08-28T11:10:19+00:00\",\"dateModified\":\"2025-08-28T11:16:32+00:00\",\"description\":\"Der Daltec VZ 26 TT Kleintiertransportanh\u00e4nger sorgt f\u00fcr Stabilit\u00e4t beim Transport. Lassen Sie ihn Ihr perfekter Begleiter f\u00fcr alle Transporte sein!\",\"breadcrumb\":{\"@id\":\"https:\\\/\\\/daltec.ch\\\/product\\\/daltec-vz-26-tt-2500x1255x1800-1000-kg#breadcrumb\"},\"inLanguage\":\"fr-FR\",\"potentialAction\":[{\"@type\":\"ReadAction\",\"target\":[\"https:\\\/\\\/daltec.ch\\\/product\\\/daltec-vz-26-tt-2500x1255x1800-1000-kg\"]}]},{\"@type\":\"ImageObject\",\"inLanguage\":\"fr-FR\",\"@id\":\"https:\\\/\\\/daltec.ch\\\/product\\\/daltec-vz-26-tt-2500x1255x1800-1000-kg#primaryimage\",\"url\":\"https:\\\/\\\/daltec.ch\\\/wp-content\\\/uploads\\\/2024\\\/06\\\/VZ-21-TT-2.png\",\"contentUrl\":\"https:\\\/\\\/daltec.ch\\\/wp-content\\\/uploads\\\/2024\\\/06\\\/VZ-21-TT-2.png\",\"width\":1819,\"height\":1608},{\"@type\":\"BreadcrumbList\",\"@id\":\"https:\\\/\\\/daltec.ch\\\/product\\\/daltec-vz-26-tt-2500x1255x1800-1000-kg#breadcrumb\",\"itemListElement\":[{\"@type\":\"ListItem\",\"position\":1,\"name\":\"Startseite\",\"item\":\"https:\\\/\\\/daltec.ch\\\/\"},{\"@type\":\"ListItem\",\"position\":2,\"name\":\"anhaenger\",\"item\":\"https:\\\/\\\/daltec.ch\\\/anhaenger\"},{\"@type\":\"ListItem\",\"position\":3,\"name\":\"Daltec VZ 26 TT, 2500x1255x1800, 1000 Kg\"}]},{\"@type\":\"WebSite\",\"@id\":\"https:\\\/\\\/daltec.ch\\\/fr\\\/#website\",\"url\":\"https:\\\/\\\/daltec.ch\\\/fr\\\/\",\"name\":\"Daltec Trailers\",\"description\":\"\",\"publisher\":{\"@id\":\"https:\\\/\\\/daltec.ch\\\/fr\\\/#organization\"},\"potentialAction\":[{\"@type\":\"SearchAction\",\"target\":{\"@type\":\"EntryPoint\",\"urlTemplate\":\"https:\\\/\\\/daltec.ch\\\/fr\\\/?s={search_term_string}\"},\"query-input\":{\"@type\":\"PropertyValueSpecification\",\"valueRequired\":true,\"valueName\":\"search_term_string\"}}],\"inLanguage\":\"fr-FR\"},{\"@type\":\"Organization\",\"@id\":\"https:\\\/\\\/daltec.ch\\\/fr\\\/#organization\",\"name\":\"Daltec AG\",\"url\":\"https:\\\/\\\/daltec.ch\\\/fr\\\/\",\"logo\":{\"@type\":\"ImageObject\",\"inLanguage\":\"fr-FR\",\"@id\":\"https:\\\/\\\/daltec.ch\\\/fr\\\/#\\\/schema\\\/logo\\\/image\\\/\",\"url\":\"https:\\\/\\\/daltec.ch\\\/wp-content\\\/uploads\\\/2025\\\/08\\\/dlteclogo.webp\",\"contentUrl\":\"https:\\\/\\\/daltec.ch\\\/wp-content\\\/uploads\\\/2025\\\/08\\\/dlteclogo.webp\",\"width\":500,\"height\":195,\"caption\":\"Daltec AG\"},\"image\":{\"@id\":\"https:\\\/\\\/daltec.ch\\\/fr\\\/#\\\/schema\\\/logo\\\/image\\\/\"},\"sameAs\":[\"https:\\\/\\\/www.facebook.com\\\/DaltecAG\"]}]}<\/script>\n<!-- \/ Yoast SEO plugin. -->","yoast_head_json":{"title":"Daltec VZ 26 TT, 2500x1255x1800, 1000 Kg - Daltec","description":"Der Daltec VZ 26 TT Kleintiertransportanh\u00e4nger sorgt f\u00fcr Stabilit\u00e4t beim Transport. Lassen Sie ihn Ihr perfekter Begleiter f\u00fcr alle Transporte sein!","robots":{"index":"index","follow":"follow","max-snippet":"max-snippet:-1","max-image-preview":"max-image-preview:large","max-video-preview":"max-video-preview:-1"},"canonical":"https:\/\/daltec.ch\/fr\/product\/daltec-vz-26-tt-2500x1255x1800-1000-kg\/","og_locale":"fr_FR","og_type":"article","og_title":"Daltec VZ 26 TT, 2500x1255x1800, 1000 Kg - Daltec","og_description":"Der Daltec VZ 26 TT Kleintiertransportanh\u00e4nger sorgt f\u00fcr Stabilit\u00e4t beim Transport. Lassen Sie ihn Ihr perfekter Begleiter f\u00fcr alle Transporte sein!","og_url":"https:\/\/daltec.ch\/fr\/product\/daltec-vz-26-tt-2500x1255x1800-1000-kg\/","og_site_name":"Daltec","article_publisher":"https:\/\/www.facebook.com\/DaltecAG","article_modified_time":"2025-08-28T11:16:32+00:00","og_image":[{"width":1819,"height":1608,"url":"https:\/\/daltec.ch\/wp-content\/uploads\/2024\/06\/VZ-21-TT-2.png","type":"image\/png"}],"twitter_card":"summary_large_image","twitter_misc":{"Dur\u00e9e de lecture estim\u00e9e":"1 minute"},"schema":{"@context":"https:\/\/schema.org","@graph":[{"@type":"WebPage","@id":"https:\/\/daltec.ch\/product\/daltec-vz-26-tt-2500x1255x1800-1000-kg","url":"https:\/\/daltec.ch\/product\/daltec-vz-26-tt-2500x1255x1800-1000-kg","name":"Daltec VZ 26 TT, 2500x1255x1800, 1000 Kg - Daltec","isPartOf":{"@id":"https:\/\/daltec.ch\/fr\/#website"},"primaryImageOfPage":{"@id":"https:\/\/daltec.ch\/product\/daltec-vz-26-tt-2500x1255x1800-1000-kg#primaryimage"},"image":{"@id":"https:\/\/daltec.ch\/product\/daltec-vz-26-tt-2500x1255x1800-1000-kg#primaryimage"},"thumbnailUrl":"https:\/\/daltec.ch\/wp-content\/uploads\/2024\/06\/VZ-21-TT-2.png","datePublished":"2025-08-28T11:10:19+00:00","dateModified":"2025-08-28T11:16:32+00:00","description":"Der Daltec VZ 26 TT Kleintiertransportanh\u00e4nger sorgt f\u00fcr Stabilit\u00e4t beim Transport. Lassen Sie ihn Ihr perfekter Begleiter f\u00fcr alle Transporte sein!","breadcrumb":{"@id":"https:\/\/daltec.ch\/product\/daltec-vz-26-tt-2500x1255x1800-1000-kg#breadcrumb"},"inLanguage":"fr-FR","potentialAction":[{"@type":"ReadAction","target":["https:\/\/daltec.ch\/product\/daltec-vz-26-tt-2500x1255x1800-1000-kg"]}]},{"@type":"ImageObject","inLanguage":"fr-FR","@id":"https:\/\/daltec.ch\/product\/daltec-vz-26-tt-2500x1255x1800-1000-kg#primaryimage","url":"https:\/\/daltec.ch\/wp-content\/uploads\/2024\/06\/VZ-21-TT-2.png","contentUrl":"https:\/\/daltec.ch\/wp-content\/uploads\/2024\/06\/VZ-21-TT-2.png","width":1819,"height":1608},{"@type":"BreadcrumbList","@id":"https:\/\/daltec.ch\/product\/daltec-vz-26-tt-2500x1255x1800-1000-kg#breadcrumb","itemListElement":[{"@type":"ListItem","position":1,"name":"Startseite","item":"https:\/\/daltec.ch\/"},{"@type":"ListItem","position":2,"name":"anhaenger","item":"https:\/\/daltec.ch\/anhaenger"},{"@type":"ListItem","position":3,"name":"Daltec VZ 26 TT, 2500x1255x1800, 1000 Kg"}]},{"@type":"WebSite","@id":"https:\/\/daltec.ch\/fr\/#website","url":"https:\/\/daltec.ch\/fr\/","name":"Daltec Trailers","description":"","publisher":{"@id":"https:\/\/daltec.ch\/fr\/#organization"},"potentialAction":[{"@type":"SearchAction","target":{"@type":"EntryPoint","urlTemplate":"https:\/\/daltec.ch\/fr\/?s={search_term_string}"},"query-input":{"@type":"PropertyValueSpecification","valueRequired":true,"valueName":"search_term_string"}}],"inLanguage":"fr-FR"},{"@type":"Organization","@id":"https:\/\/daltec.ch\/fr\/#organization","name":"Daltec AG","url":"https:\/\/daltec.ch\/fr\/","logo":{"@type":"ImageObject","inLanguage":"fr-FR","@id":"https:\/\/daltec.ch\/fr\/#\/schema\/logo\/image\/","url":"https:\/\/daltec.ch\/wp-content\/uploads\/2025\/08\/dlteclogo.webp","contentUrl":"https:\/\/daltec.ch\/wp-content\/uploads\/2025\/08\/dlteclogo.webp","width":500,"height":195,"caption":"Daltec AG"},"image":{"@id":"https:\/\/daltec.ch\/fr\/#\/schema\/logo\/image\/"},"sameAs":["https:\/\/www.facebook.com\/DaltecAG"]}]}},"_links":{"self":[{"href":"https:\/\/daltec.ch\/fr\/wp-json\/wp\/v2\/product\/3565","targetHints":{"allow":["GET"]}}],"collection":[{"href":"https:\/\/daltec.ch\/fr\/wp-json\/wp\/v2\/product"}],"about":[{"href":"https:\/\/daltec.ch\/fr\/wp-json\/wp\/v2\/types\/product"}],"replies":[{"embeddable":true,"href":"https:\/\/daltec.ch\/fr\/wp-json\/wp\/v2\/comments?post=3565"}],"wp:featuredmedia":[{"embeddable":true,"href":"https:\/\/daltec.ch\/fr\/wp-json\/wp\/v2\/media\/2564"}],"wp:attachment":[{"href":"https:\/\/daltec.ch\/fr\/wp-json\/wp\/v2\/media?parent=3565"}],"wp:term":[{"taxonomy":"product_brand","embeddable":true,"href":"https:\/\/daltec.ch\/fr\/wp-json\/wp\/v2\/product_brand?post=3565"},{"taxonomy":"product_cat","embeddable":true,"href":"https:\/\/daltec.ch\/fr\/wp-json\/wp\/v2\/product_cat?post=3565"},{"taxonomy":"product_tag","embeddable":true,"href":"https:\/\/daltec.ch\/fr\/wp-json\/wp\/v2\/product_tag?post=3565"}],"curies":[{"name":"wp","href":"https:\/\/api.w.org\/{rel}","templated":true}]}}